{"id":5478,"date":"2023-08-11T11:17:25","date_gmt":"2023-08-11T09:17:25","guid":{"rendered":"https:\/\/www.bionis.fr\/fordern-sie-ein-angebot-an\/"},"modified":"2023-08-11T11:17:25","modified_gmt":"2023-08-11T09:17:25","slug":"fordern-sie-ein-angebot-an","status":"publish","type":"page","link":"https:\/\/www.bionis.fr\/de\/fordern-sie-ein-angebot-an\/","title":{"rendered":"Fordern Sie ein Angebot an"},"content":{"rendered":"\n<div class=\"woocommerce ywraq-wrapper ywraq-empty\">\n\t\t\t<div id=\"yith-ywraq-message\"><div class=\"ywraq-question-message\">\n\t<\/div>\n<\/div>\n\t\t\n\t\t\t\t<div class=\"ywraq-form-table-wrapper vertical\">\n\t\t\t<div class=\"ywraq-before-form\">\n\t<p class=\"ywraq_list_empty_message\">Deine Liste ist leer. Bitte f\u00fcge der Liste ein oder mehrere Produkte hinzu um ein Angebot einzuholen<p><p class=\"return-to-shop\"><a class=\"button wc-backward\" href=\"https:\/\/www.bionis.fr\/de\/shop\/\"><\/a><\/p><\/div>\n\t\t\t\t\t<\/div>\n\t<\/div>\n\n","protected":false},"excerpt":{"rendered":"","protected":false},"author":1,"featured_media":0,"parent":0,"menu_order":0,"comment_status":"closed","ping_status":"closed","template":"","meta":{"footnotes":""},"class_list":["post-5478","page","type-page","status-publish","hentry"],"yoast_head":"<!-- This site is optimized with the Yoast SEO plugin v27.4 - https:\/\/yoast.com\/product\/yoast-seo-wordpress\/ -->\n<title>La boutique du laboratoire<\/title>\n<meta name=\"description\" content=\"Bionis propose une gamme d&#039;\u00e9quipements et de consommables pour le laboratoire. Agitateurs, m\u00e9langeurs, centrifugeuses, balances, microscopes, \u00e9tuves etc...\" \/>\n<meta name=\"robots\" content=\"index, follow, max-snippet:-1, max-image-preview:large, max-video-preview:-1\" \/>\n<link rel=\"canonical\" href=\"https:\/\/www.bionis.fr\/fordern-sie-ein-angebot-an\/\" \/>\n<meta property=\"og:locale\" content=\"de_DE\" \/>\n<meta property=\"og:type\" content=\"article\" \/>\n<meta property=\"og:title\" content=\"La boutique du laboratoire\" \/>\n<meta property=\"og:description\" content=\"Bionis propose une gamme d&#039;\u00e9quipements et de consommables pour le laboratoire. Agitateurs, m\u00e9langeurs, centrifugeuses, balances, microscopes, \u00e9tuves etc...\" \/>\n<meta property=\"og:url\" content=\"https:\/\/www.bionis.fr\/fordern-sie-ein-angebot-an\/\" \/>\n<meta property=\"og:site_name\" content=\"Bionis\" \/>\n<meta name=\"twitter:card\" content=\"summary_large_image\" \/>\n<script type=\"application\/ld+json\" class=\"yoast-schema-graph\">{\"@context\":\"https:\\\/\\\/schema.org\",\"@graph\":[{\"@type\":\"WebPage\",\"@id\":\"https:\\\/\\\/www.bionis.fr\\\/fordern-sie-ein-angebot-an\\\/\",\"url\":\"https:\\\/\\\/www.bionis.fr\\\/fordern-sie-ein-angebot-an\\\/\",\"name\":\"La boutique du laboratoire\",\"isPartOf\":{\"@id\":\"https:\\\/\\\/www.bionis.fr\\\/#website\"},\"datePublished\":\"2023-08-11T09:17:25+00:00\",\"description\":\"Bionis propose une gamme d'\u00e9quipements et de consommables pour le laboratoire. Agitateurs, m\u00e9langeurs, centrifugeuses, balances, microscopes, \u00e9tuves etc...\",\"breadcrumb\":{\"@id\":\"https:\\\/\\\/www.bionis.fr\\\/fordern-sie-ein-angebot-an\\\/#breadcrumb\"},\"inLanguage\":\"de\",\"potentialAction\":[{\"@type\":\"ReadAction\",\"target\":[\"https:\\\/\\\/www.bionis.fr\\\/fordern-sie-ein-angebot-an\\\/\"]}]},{\"@type\":\"BreadcrumbList\",\"@id\":\"https:\\\/\\\/www.bionis.fr\\\/fordern-sie-ein-angebot-an\\\/#breadcrumb\",\"itemListElement\":[{\"@type\":\"ListItem\",\"position\":1,\"name\":\"Accueil\",\"item\":\"https:\\\/\\\/www.bionis.fr\\\/\"},{\"@type\":\"ListItem\",\"position\":2,\"name\":\"Fordern Sie ein Angebot an\"}]},{\"@type\":\"WebSite\",\"@id\":\"https:\\\/\\\/www.bionis.fr\\\/#website\",\"url\":\"https:\\\/\\\/www.bionis.fr\\\/\",\"name\":\"Bionis\",\"description\":\"Die D\u00fcnnschichtchromatographie-L\u00f6sung\",\"publisher\":{\"@id\":\"https:\\\/\\\/www.bionis.fr\\\/#organization\"},\"potentialAction\":[{\"@type\":\"SearchAction\",\"target\":{\"@type\":\"EntryPoint\",\"urlTemplate\":\"https:\\\/\\\/www.bionis.fr\\\/?s={search_term_string}\"},\"query-input\":{\"@type\":\"PropertyValueSpecification\",\"valueRequired\":true,\"valueName\":\"search_term_string\"}}],\"inLanguage\":\"de\"},{\"@type\":\"Organization\",\"@id\":\"https:\\\/\\\/www.bionis.fr\\\/#organization\",\"name\":\"Bionis\",\"url\":\"https:\\\/\\\/www.bionis.fr\\\/\",\"logo\":{\"@type\":\"ImageObject\",\"inLanguage\":\"de\",\"@id\":\"https:\\\/\\\/www.bionis.fr\\\/#\\\/schema\\\/logo\\\/image\\\/\",\"url\":\"https:\\\/\\\/www.bionis.fr\\\/wp-content\\\/uploads\\\/2020\\\/07\\\/bionis-logo.png\",\"contentUrl\":\"https:\\\/\\\/www.bionis.fr\\\/wp-content\\\/uploads\\\/2020\\\/07\\\/bionis-logo.png\",\"width\":500,\"height\":125,\"caption\":\"Bionis\"},\"image\":{\"@id\":\"https:\\\/\\\/www.bionis.fr\\\/#\\\/schema\\\/logo\\\/image\\\/\"},\"sameAs\":[\"https:\\\/\\\/www.linkedin.com\\\/company\\\/bionis-sas?originalSubdomain=fr\"]}]}<\/script>\n<!-- \/ Yoast SEO plugin. -->","yoast_head_json":{"title":"La boutique du laboratoire","description":"Bionis propose une gamme d'\u00e9quipements et de consommables pour le laboratoire. Agitateurs, m\u00e9langeurs, centrifugeuses, balances, microscopes, \u00e9tuves etc...","robots":{"index":"index","follow":"follow","max-snippet":"max-snippet:-1","max-image-preview":"max-image-preview:large","max-video-preview":"max-video-preview:-1"},"canonical":"https:\/\/www.bionis.fr\/fordern-sie-ein-angebot-an\/","og_locale":"de_DE","og_type":"article","og_title":"La boutique du laboratoire","og_description":"Bionis propose une gamme d'\u00e9quipements et de consommables pour le laboratoire. Agitateurs, m\u00e9langeurs, centrifugeuses, balances, microscopes, \u00e9tuves etc...","og_url":"https:\/\/www.bionis.fr\/fordern-sie-ein-angebot-an\/","og_site_name":"Bionis","twitter_card":"summary_large_image","schema":{"@context":"https:\/\/schema.org","@graph":[{"@type":"WebPage","@id":"https:\/\/www.bionis.fr\/fordern-sie-ein-angebot-an\/","url":"https:\/\/www.bionis.fr\/fordern-sie-ein-angebot-an\/","name":"La boutique du laboratoire","isPartOf":{"@id":"https:\/\/www.bionis.fr\/#website"},"datePublished":"2023-08-11T09:17:25+00:00","description":"Bionis propose une gamme d'\u00e9quipements et de consommables pour le laboratoire. Agitateurs, m\u00e9langeurs, centrifugeuses, balances, microscopes, \u00e9tuves etc...","breadcrumb":{"@id":"https:\/\/www.bionis.fr\/fordern-sie-ein-angebot-an\/#breadcrumb"},"inLanguage":"de","potentialAction":[{"@type":"ReadAction","target":["https:\/\/www.bionis.fr\/fordern-sie-ein-angebot-an\/"]}]},{"@type":"BreadcrumbList","@id":"https:\/\/www.bionis.fr\/fordern-sie-ein-angebot-an\/#breadcrumb","itemListElement":[{"@type":"ListItem","position":1,"name":"Accueil","item":"https:\/\/www.bionis.fr\/"},{"@type":"ListItem","position":2,"name":"Fordern Sie ein Angebot an"}]},{"@type":"WebSite","@id":"https:\/\/www.bionis.fr\/#website","url":"https:\/\/www.bionis.fr\/","name":"Bionis","description":"Die D\u00fcnnschichtchromatographie-L\u00f6sung","publisher":{"@id":"https:\/\/www.bionis.fr\/#organization"},"potentialAction":[{"@type":"SearchAction","target":{"@type":"EntryPoint","urlTemplate":"https:\/\/www.bionis.fr\/?s={search_term_string}"},"query-input":{"@type":"PropertyValueSpecification","valueRequired":true,"valueName":"search_term_string"}}],"inLanguage":"de"},{"@type":"Organization","@id":"https:\/\/www.bionis.fr\/#organization","name":"Bionis","url":"https:\/\/www.bionis.fr\/","logo":{"@type":"ImageObject","inLanguage":"de","@id":"https:\/\/www.bionis.fr\/#\/schema\/logo\/image\/","url":"https:\/\/www.bionis.fr\/wp-content\/uploads\/2020\/07\/bionis-logo.png","contentUrl":"https:\/\/www.bionis.fr\/wp-content\/uploads\/2020\/07\/bionis-logo.png","width":500,"height":125,"caption":"Bionis"},"image":{"@id":"https:\/\/www.bionis.fr\/#\/schema\/logo\/image\/"},"sameAs":["https:\/\/www.linkedin.com\/company\/bionis-sas?originalSubdomain=fr"]}]}},"_links":{"self":[{"href":"https:\/\/www.bionis.fr\/de\/wp-json\/wp\/v2\/pages\/5478","targetHints":{"allow":["GET"]}}],"collection":[{"href":"https:\/\/www.bionis.fr\/de\/wp-json\/wp\/v2\/pages"}],"about":[{"href":"https:\/\/www.bionis.fr\/de\/wp-json\/wp\/v2\/types\/page"}],"author":[{"embeddable":true,"href":"https:\/\/www.bionis.fr\/de\/wp-json\/wp\/v2\/users\/1"}],"replies":[{"embeddable":true,"href":"https:\/\/www.bionis.fr\/de\/wp-json\/wp\/v2\/comments?post=5478"}],"version-history":[{"count":0,"href":"https:\/\/www.bionis.fr\/de\/wp-json\/wp\/v2\/pages\/5478\/revisions"}],"wp:attachment":[{"href":"https:\/\/www.bionis.fr\/de\/wp-json\/wp\/v2\/media?parent=5478"}],"curies":[{"name":"wp","href":"https:\/\/api.w.org\/{rel}","templated":true}]}}