{"id":1369,"date":"2020-10-13T16:58:41","date_gmt":"2020-10-13T14:58:41","guid":{"rendered":"https:\/\/www.bionis.fr\/?post_type=product&#038;p=1369"},"modified":"2023-09-24T10:57:19","modified_gmt":"2023-09-24T08:57:19","slug":"deposeur-manuel-bns3001","status":"publish","type":"product","link":"https:\/\/www.bionis.fr\/de\/produit\/deposeur-manuel-bns3001\/","title":{"rendered":"D\u00e9poseur manuel BNS3001"},"content":{"rendered":"<p>&nbsp;<\/p>\n<ul>\n<li><strong>Caract\u00e9ristiques techniques\u00a0:<\/strong>\n<ul>\n<li>Applicateur hors portoir\u00a0: 250mmx200mmx2000mm<\/li>\n<li>Portoir\u00a0: 20mmx45mmx100mm<\/li>\n<li>Mati\u00e8re\u00a0: aluminium anodis\u00e9<\/li>\n<li>Poids total\u00a0: 2,370 Kgs<\/li>\n<\/ul>\n<\/li>\n<\/ul>\n<p>&nbsp;<\/p>\n","protected":false},"excerpt":{"rendered":"<p><strong>R\u00e9f\u00e9rence: BNS 3001<\/strong><\/p>\n<p>Le d\u00e9poseur manuel BNS3001 assure un d\u00e9p\u00f4t pr\u00e9cis et rapide de l&#8217;\u00e9chantillon sur le Chromarod<\/p>\n<p>La seringue de d\u00e9p\u00f4t 1\u00b5l est plac\u00e9e dans le portoir, son maintien est assur\u00e9 par vis t\u00e9flon.<\/p>\n<p>Le <strong>cadre support SD6<\/strong> de 10 Chromarods est plac\u00e9 sur le plateau principal, chaque Chromarod venant se positionner dans les encoches des barres-guides.<\/p>\n<p>Le portoir est positionn\u00e9 dans l\u2019encoche droite de l\u2019applicateur, au-dessus du flacon de remplissage.<\/p>\n<p>Une fois le remplissage de la seringue effectu\u00e9, le <strong>portoir de seringue<\/strong> est d\u00e9plac\u00e9 manuellement, dans chaque rainure du bloc-guide, assurant un positionnement pr\u00e9cis de la pointe de la seringue au-dessus de chaque Chromarod.<\/p>\n","protected":false},"featured_media":1370,"template":"","meta":[],"product_brand":[],"product_cat":[35],"product_tag":[],"class_list":{"0":"post-1369","1":"product","2":"type-product","3":"status-publish","4":"has-post-thumbnail","6":"product_cat-accessoires-pour-iatroscan","8":"first","9":"instock","10":"taxable","11":"shipping-taxable","12":"product-type-simple"},"yoast_head":"<!-- This site is optimized with the Yoast SEO plugin v27.5 - https:\/\/yoast.com\/product\/yoast-seo-wordpress\/ -->\n<title>D\u00e9poseur manuel BNS3001 - Bionis<\/title>\n<meta name=\"description\" content=\"Le d\u00e9poseur manuel BNS3001 assure un d\u00e9p\u00f4t pr\u00e9cis de l&#039;\u00e9chantillon sur le Chromarod. Il est l&#039;assurance de r\u00e9sultats optimaux et r\u00e9p\u00e9tables.\" \/>\n<meta name=\"robots\" content=\"index, follow, max-snippet:-1, max-image-preview:large, max-video-preview:-1\" \/>\n<link rel=\"canonical\" href=\"https:\/\/www.bionis.fr\/produit\/deposeur-manuel-bns3001\/\" \/>\n<meta property=\"og:locale\" content=\"de_DE\" \/>\n<meta property=\"og:type\" content=\"article\" \/>\n<meta property=\"og:title\" content=\"D\u00e9poseur manuel BNS3001 - Bionis\" \/>\n<meta property=\"og:description\" content=\"Le d\u00e9poseur manuel BNS3001 assure un d\u00e9p\u00f4t pr\u00e9cis de l&#039;\u00e9chantillon sur le Chromarod. Il est l&#039;assurance de r\u00e9sultats optimaux et r\u00e9p\u00e9tables.\" \/>\n<meta property=\"og:url\" content=\"https:\/\/www.bionis.fr\/produit\/deposeur-manuel-bns3001\/\" \/>\n<meta property=\"og:site_name\" content=\"Bionis\" \/>\n<meta property=\"article:modified_time\" content=\"2023-09-24T08:57:19+00:00\" \/>\n<meta property=\"og:image\" content=\"https:\/\/www.bionis.fr\/wp-content\/uploads\/2020\/10\/700x700_BNS300.png\" \/>\n\t<meta property=\"og:image:width\" content=\"700\" \/>\n\t<meta property=\"og:image:height\" content=\"700\" \/>\n\t<meta property=\"og:image:type\" content=\"image\/png\" \/>\n<meta name=\"twitter:card\" content=\"summary_large_image\" \/>\n<script type=\"application\/ld+json\" class=\"yoast-schema-graph\">{\"@context\":\"https:\\\/\\\/schema.org\",\"@graph\":[{\"@type\":\"WebPage\",\"@id\":\"https:\\\/\\\/www.bionis.fr\\\/produit\\\/deposeur-manuel-bns3001\\\/\",\"url\":\"https:\\\/\\\/www.bionis.fr\\\/produit\\\/deposeur-manuel-bns3001\\\/\",\"name\":\"D\u00e9poseur manuel BNS3001 - Bionis\",\"isPartOf\":{\"@id\":\"https:\\\/\\\/www.bionis.fr\\\/#website\"},\"primaryImageOfPage\":{\"@id\":\"https:\\\/\\\/www.bionis.fr\\\/produit\\\/deposeur-manuel-bns3001\\\/#primaryimage\"},\"image\":{\"@id\":\"https:\\\/\\\/www.bionis.fr\\\/produit\\\/deposeur-manuel-bns3001\\\/#primaryimage\"},\"thumbnailUrl\":\"https:\\\/\\\/www.bionis.fr\\\/wp-content\\\/uploads\\\/2020\\\/10\\\/700x700_BNS300.png\",\"datePublished\":\"2020-10-13T14:58:41+00:00\",\"dateModified\":\"2023-09-24T08:57:19+00:00\",\"description\":\"Le d\u00e9poseur manuel BNS3001 assure un d\u00e9p\u00f4t pr\u00e9cis de l'\u00e9chantillon sur le Chromarod. Il est l'assurance de r\u00e9sultats optimaux et r\u00e9p\u00e9tables.\",\"breadcrumb\":{\"@id\":\"https:\\\/\\\/www.bionis.fr\\\/produit\\\/deposeur-manuel-bns3001\\\/#breadcrumb\"},\"inLanguage\":\"de\",\"potentialAction\":[{\"@type\":\"ReadAction\",\"target\":[\"https:\\\/\\\/www.bionis.fr\\\/produit\\\/deposeur-manuel-bns3001\\\/\"]}]},{\"@type\":\"ImageObject\",\"inLanguage\":\"de\",\"@id\":\"https:\\\/\\\/www.bionis.fr\\\/produit\\\/deposeur-manuel-bns3001\\\/#primaryimage\",\"url\":\"https:\\\/\\\/www.bionis.fr\\\/wp-content\\\/uploads\\\/2020\\\/10\\\/700x700_BNS300.png\",\"contentUrl\":\"https:\\\/\\\/www.bionis.fr\\\/wp-content\\\/uploads\\\/2020\\\/10\\\/700x700_BNS300.png\",\"width\":700,\"height\":700,\"caption\":\"permet de d\u00e9poser les \u00e9chantillons de mani\u00e8re pr\u00e9cise et r\u00e9p\u00e9table sur les Chromarods\"},{\"@type\":\"BreadcrumbList\",\"@id\":\"https:\\\/\\\/www.bionis.fr\\\/produit\\\/deposeur-manuel-bns3001\\\/#breadcrumb\",\"itemListElement\":[{\"@type\":\"ListItem\",\"position\":1,\"name\":\"Accueil\",\"item\":\"https:\\\/\\\/www.bionis.fr\\\/\"},{\"@type\":\"ListItem\",\"position\":2,\"name\":\"Shop\",\"item\":\"https:\\\/\\\/www.bionis.fr\\\/de\\\/shop\\\/\"},{\"@type\":\"ListItem\",\"position\":3,\"name\":\"D\u00e9poseur manuel BNS3001\"}]},{\"@type\":\"WebSite\",\"@id\":\"https:\\\/\\\/www.bionis.fr\\\/#website\",\"url\":\"https:\\\/\\\/www.bionis.fr\\\/\",\"name\":\"Bionis\",\"description\":\"Die D\u00fcnnschichtchromatographie-L\u00f6sung\",\"publisher\":{\"@id\":\"https:\\\/\\\/www.bionis.fr\\\/#organization\"},\"potentialAction\":[{\"@type\":\"SearchAction\",\"target\":{\"@type\":\"EntryPoint\",\"urlTemplate\":\"https:\\\/\\\/www.bionis.fr\\\/?s={search_term_string}\"},\"query-input\":{\"@type\":\"PropertyValueSpecification\",\"valueRequired\":true,\"valueName\":\"search_term_string\"}}],\"inLanguage\":\"de\"},{\"@type\":\"Organization\",\"@id\":\"https:\\\/\\\/www.bionis.fr\\\/#organization\",\"name\":\"Bionis\",\"url\":\"https:\\\/\\\/www.bionis.fr\\\/\",\"logo\":{\"@type\":\"ImageObject\",\"inLanguage\":\"de\",\"@id\":\"https:\\\/\\\/www.bionis.fr\\\/#\\\/schema\\\/logo\\\/image\\\/\",\"url\":\"https:\\\/\\\/www.bionis.fr\\\/wp-content\\\/uploads\\\/2020\\\/07\\\/bionis-logo.png\",\"contentUrl\":\"https:\\\/\\\/www.bionis.fr\\\/wp-content\\\/uploads\\\/2020\\\/07\\\/bionis-logo.png\",\"width\":500,\"height\":125,\"caption\":\"Bionis\"},\"image\":{\"@id\":\"https:\\\/\\\/www.bionis.fr\\\/#\\\/schema\\\/logo\\\/image\\\/\"},\"sameAs\":[\"https:\\\/\\\/www.linkedin.com\\\/company\\\/bionis-sas?originalSubdomain=fr\"]}]}<\/script>\n<!-- \/ Yoast SEO plugin. -->","yoast_head_json":{"title":"D\u00e9poseur manuel BNS3001 - Bionis","description":"Le d\u00e9poseur manuel BNS3001 assure un d\u00e9p\u00f4t pr\u00e9cis de l'\u00e9chantillon sur le Chromarod. Il est l'assurance de r\u00e9sultats optimaux et r\u00e9p\u00e9tables.","robots":{"index":"index","follow":"follow","max-snippet":"max-snippet:-1","max-image-preview":"max-image-preview:large","max-video-preview":"max-video-preview:-1"},"canonical":"https:\/\/www.bionis.fr\/produit\/deposeur-manuel-bns3001\/","og_locale":"de_DE","og_type":"article","og_title":"D\u00e9poseur manuel BNS3001 - Bionis","og_description":"Le d\u00e9poseur manuel BNS3001 assure un d\u00e9p\u00f4t pr\u00e9cis de l'\u00e9chantillon sur le Chromarod. Il est l'assurance de r\u00e9sultats optimaux et r\u00e9p\u00e9tables.","og_url":"https:\/\/www.bionis.fr\/produit\/deposeur-manuel-bns3001\/","og_site_name":"Bionis","article_modified_time":"2023-09-24T08:57:19+00:00","og_image":[{"width":700,"height":700,"url":"https:\/\/www.bionis.fr\/wp-content\/uploads\/2020\/10\/700x700_BNS300.png","type":"image\/png"}],"twitter_card":"summary_large_image","schema":{"@context":"https:\/\/schema.org","@graph":[{"@type":"WebPage","@id":"https:\/\/www.bionis.fr\/produit\/deposeur-manuel-bns3001\/","url":"https:\/\/www.bionis.fr\/produit\/deposeur-manuel-bns3001\/","name":"D\u00e9poseur manuel BNS3001 - Bionis","isPartOf":{"@id":"https:\/\/www.bionis.fr\/#website"},"primaryImageOfPage":{"@id":"https:\/\/www.bionis.fr\/produit\/deposeur-manuel-bns3001\/#primaryimage"},"image":{"@id":"https:\/\/www.bionis.fr\/produit\/deposeur-manuel-bns3001\/#primaryimage"},"thumbnailUrl":"https:\/\/www.bionis.fr\/wp-content\/uploads\/2020\/10\/700x700_BNS300.png","datePublished":"2020-10-13T14:58:41+00:00","dateModified":"2023-09-24T08:57:19+00:00","description":"Le d\u00e9poseur manuel BNS3001 assure un d\u00e9p\u00f4t pr\u00e9cis de l'\u00e9chantillon sur le Chromarod. Il est l'assurance de r\u00e9sultats optimaux et r\u00e9p\u00e9tables.","breadcrumb":{"@id":"https:\/\/www.bionis.fr\/produit\/deposeur-manuel-bns3001\/#breadcrumb"},"inLanguage":"de","potentialAction":[{"@type":"ReadAction","target":["https:\/\/www.bionis.fr\/produit\/deposeur-manuel-bns3001\/"]}]},{"@type":"ImageObject","inLanguage":"de","@id":"https:\/\/www.bionis.fr\/produit\/deposeur-manuel-bns3001\/#primaryimage","url":"https:\/\/www.bionis.fr\/wp-content\/uploads\/2020\/10\/700x700_BNS300.png","contentUrl":"https:\/\/www.bionis.fr\/wp-content\/uploads\/2020\/10\/700x700_BNS300.png","width":700,"height":700,"caption":"permet de d\u00e9poser les \u00e9chantillons de mani\u00e8re pr\u00e9cise et r\u00e9p\u00e9table sur les Chromarods"},{"@type":"BreadcrumbList","@id":"https:\/\/www.bionis.fr\/produit\/deposeur-manuel-bns3001\/#breadcrumb","itemListElement":[{"@type":"ListItem","position":1,"name":"Accueil","item":"https:\/\/www.bionis.fr\/"},{"@type":"ListItem","position":2,"name":"Shop","item":"https:\/\/www.bionis.fr\/de\/shop\/"},{"@type":"ListItem","position":3,"name":"D\u00e9poseur manuel BNS3001"}]},{"@type":"WebSite","@id":"https:\/\/www.bionis.fr\/#website","url":"https:\/\/www.bionis.fr\/","name":"Bionis","description":"Die D\u00fcnnschichtchromatographie-L\u00f6sung","publisher":{"@id":"https:\/\/www.bionis.fr\/#organization"},"potentialAction":[{"@type":"SearchAction","target":{"@type":"EntryPoint","urlTemplate":"https:\/\/www.bionis.fr\/?s={search_term_string}"},"query-input":{"@type":"PropertyValueSpecification","valueRequired":true,"valueName":"search_term_string"}}],"inLanguage":"de"},{"@type":"Organization","@id":"https:\/\/www.bionis.fr\/#organization","name":"Bionis","url":"https:\/\/www.bionis.fr\/","logo":{"@type":"ImageObject","inLanguage":"de","@id":"https:\/\/www.bionis.fr\/#\/schema\/logo\/image\/","url":"https:\/\/www.bionis.fr\/wp-content\/uploads\/2020\/07\/bionis-logo.png","contentUrl":"https:\/\/www.bionis.fr\/wp-content\/uploads\/2020\/07\/bionis-logo.png","width":500,"height":125,"caption":"Bionis"},"image":{"@id":"https:\/\/www.bionis.fr\/#\/schema\/logo\/image\/"},"sameAs":["https:\/\/www.linkedin.com\/company\/bionis-sas?originalSubdomain=fr"]}]}},"_links":{"self":[{"href":"https:\/\/www.bionis.fr\/de\/wp-json\/wp\/v2\/product\/1369","targetHints":{"allow":["GET"]}}],"collection":[{"href":"https:\/\/www.bionis.fr\/de\/wp-json\/wp\/v2\/product"}],"about":[{"href":"https:\/\/www.bionis.fr\/de\/wp-json\/wp\/v2\/types\/product"}],"wp:featuredmedia":[{"embeddable":true,"href":"https:\/\/www.bionis.fr\/de\/wp-json\/wp\/v2\/media\/1370"}],"wp:attachment":[{"href":"https:\/\/www.bionis.fr\/de\/wp-json\/wp\/v2\/media?parent=1369"}],"wp:term":[{"taxonomy":"product_brand","embeddable":true,"href":"https:\/\/www.bionis.fr\/de\/wp-json\/wp\/v2\/product_brand?post=1369"},{"taxonomy":"product_cat","embeddable":true,"href":"https:\/\/www.bionis.fr\/de\/wp-json\/wp\/v2\/product_cat?post=1369"},{"taxonomy":"product_tag","embeddable":true,"href":"https:\/\/www.bionis.fr\/de\/wp-json\/wp\/v2\/product_tag?post=1369"}],"curies":[{"name":"wp","href":"https:\/\/api.w.org\/{rel}","templated":true}]}}