{"id":1435,"date":"2020-12-22T09:52:49","date_gmt":"2020-12-22T08:52:49","guid":{"rendered":"https:\/\/www.bionis.fr\/?post_type=product&#038;p=1435"},"modified":"2024-07-17T15:56:21","modified_gmt":"2024-07-17T13:56:21","slug":"feuille-de-ccm-tlc-eco-en-aluminium-sil-60-50x100mm-uv254nm","status":"publish","type":"product","link":"https:\/\/www.bionis.fr\/de\/produit\/feuille-de-ccm-tlc-eco-en-aluminium-sil-60-50x100mm-uv254nm\/","title":{"rendered":"Feuille de CCM TLC-Eco en aluminium, SIL 60 50x100mm &#8211; UV254nm"},"content":{"rendered":"<p><strong>Caract\u00e9ristiques techniques\u00a0:<\/strong><\/p>\n<p>Phase normale<\/p>\n<p>Epaisseur de couche: 0,15-0,2mm<\/p>\n<p>Taille des particules: 5 &#8211;\u00a08\u00b5m<\/p>\n<p>Stabilit\u00e9 du PH: 6,2 &#8211; 6,8<\/p>\n<p>Taille des pores: 60 A<\/p>\n<p>Qualit\u00e9 standard<\/p>\n<p>Avec indicateur UV254nm<\/p>\n","protected":false},"excerpt":{"rendered":"<p><strong>R\u00e9f\u00e9rence: BS123.105<\/strong><\/p>\n<p>1 pack de 80 pi\u00e8ces<\/p>\n<p>Plaques aluminium 5&#215;10 cm rev\u00eatues d&#8217;une phase silice haute puret\u00e9 destin\u00e9es \u00e0 des mesures de ccm analytique.<\/p>\n<p>Utilisation en pharmaceutique, cosm\u00e9tique, chimie, bio-chimie, s\u00e9curit\u00e9 environnementale, v\u00e9g\u00e9taux, police scientifique, R&amp;D<\/p>\n","protected":false},"featured_media":1437,"template":"","meta":[],"product_brand":[],"product_cat":[54],"product_tag":[],"class_list":{"0":"post-1435","1":"product","2":"type-product","3":"status-publish","4":"has-post-thumbnail","6":"product_cat-plaques-ccm-aluminium","8":"first","9":"instock","10":"taxable","11":"shipping-taxable","12":"product-type-simple"},"yoast_head":"<!-- This site is optimized with the Yoast SEO plugin v27.4 - https:\/\/yoast.com\/product\/yoast-seo-wordpress\/ -->\n<title>Feuille de CCM TLC-Eco en aluminium, SIL 60 50x100mm - UV254nm - Bionis<\/title>\n<meta name=\"description\" content=\"R\u00e9f\u00e9rence: BS123.105  1 pack de 80 pi\u00e8ces  Plaques aluminium 5x10 cm rev\u00eatues d&#039;une phase silice haute puret\u00e9 destin\u00e9es \u00e0 des mesures de ccm analytique.  Utilisation en pharmaceutique, cosm\u00e9tique, chimie, bio-chimie, s\u00e9curit\u00e9 environnementale, v\u00e9g\u00e9taux, police scientifique, R&amp;D\" \/>\n<meta name=\"robots\" content=\"index, follow, max-snippet:-1, max-image-preview:large, max-video-preview:-1\" \/>\n<link rel=\"canonical\" href=\"https:\/\/www.bionis.fr\/produit\/feuille-de-ccm-tlc-eco-en-aluminium-sil-60-50x100mm-uv254nm\/\" \/>\n<meta property=\"og:locale\" content=\"de_DE\" \/>\n<meta property=\"og:type\" content=\"article\" \/>\n<meta property=\"og:title\" content=\"Feuille de CCM TLC-Eco en aluminium, SIL 60 50x100mm - UV254nm - Bionis\" \/>\n<meta property=\"og:description\" content=\"R\u00e9f\u00e9rence: BS123.105  1 pack de 80 pi\u00e8ces  Plaques aluminium 5x10 cm rev\u00eatues d&#039;une phase silice haute puret\u00e9 destin\u00e9es \u00e0 des mesures de ccm analytique.  Utilisation en pharmaceutique, cosm\u00e9tique, chimie, bio-chimie, s\u00e9curit\u00e9 environnementale, v\u00e9g\u00e9taux, police scientifique, R&amp;D\" \/>\n<meta property=\"og:url\" content=\"https:\/\/www.bionis.fr\/produit\/feuille-de-ccm-tlc-eco-en-aluminium-sil-60-50x100mm-uv254nm\/\" \/>\n<meta property=\"og:site_name\" content=\"Bionis\" \/>\n<meta property=\"article:modified_time\" content=\"2024-07-17T13:56:21+00:00\" \/>\n<meta property=\"og:image\" content=\"https:\/\/www.bionis.fr\/wp-content\/uploads\/2020\/12\/700x700_plaques-TLC-Eco-alu100x200.png\" \/>\n\t<meta property=\"og:image:width\" content=\"700\" \/>\n\t<meta property=\"og:image:height\" content=\"700\" \/>\n\t<meta property=\"og:image:type\" content=\"image\/png\" \/>\n<meta name=\"twitter:card\" content=\"summary_large_image\" \/>\n<meta name=\"twitter:label1\" content=\"Gesch\u00e4tzte Lesezeit\" \/>\n\t<meta name=\"twitter:data1\" content=\"1\u00a0Minute\" \/>\n<script type=\"application\/ld+json\" class=\"yoast-schema-graph\">{\"@context\":\"https:\\\/\\\/schema.org\",\"@graph\":[{\"@type\":\"WebPage\",\"@id\":\"https:\\\/\\\/www.bionis.fr\\\/produit\\\/feuille-de-ccm-tlc-eco-en-aluminium-sil-60-50x100mm-uv254nm\\\/\",\"url\":\"https:\\\/\\\/www.bionis.fr\\\/produit\\\/feuille-de-ccm-tlc-eco-en-aluminium-sil-60-50x100mm-uv254nm\\\/\",\"name\":\"Feuille de CCM TLC-Eco en aluminium, SIL 60 50x100mm - UV254nm - Bionis\",\"isPartOf\":{\"@id\":\"https:\\\/\\\/www.bionis.fr\\\/#website\"},\"primaryImageOfPage\":{\"@id\":\"https:\\\/\\\/www.bionis.fr\\\/produit\\\/feuille-de-ccm-tlc-eco-en-aluminium-sil-60-50x100mm-uv254nm\\\/#primaryimage\"},\"image\":{\"@id\":\"https:\\\/\\\/www.bionis.fr\\\/produit\\\/feuille-de-ccm-tlc-eco-en-aluminium-sil-60-50x100mm-uv254nm\\\/#primaryimage\"},\"thumbnailUrl\":\"https:\\\/\\\/www.bionis.fr\\\/wp-content\\\/uploads\\\/2020\\\/12\\\/700x700_plaques-TLC-Eco-alu100x200.png\",\"datePublished\":\"2020-12-22T08:52:49+00:00\",\"dateModified\":\"2024-07-17T13:56:21+00:00\",\"description\":\"R\u00e9f\u00e9rence: BS123.105 1 pack de 80 pi\u00e8ces Plaques aluminium 5x10 cm rev\u00eatues d'une phase silice haute puret\u00e9 destin\u00e9es \u00e0 des mesures de ccm analytique. Utilisation en pharmaceutique, cosm\u00e9tique, chimie, bio-chimie, s\u00e9curit\u00e9 environnementale, v\u00e9g\u00e9taux, police scientifique, R&amp;D\",\"breadcrumb\":{\"@id\":\"https:\\\/\\\/www.bionis.fr\\\/produit\\\/feuille-de-ccm-tlc-eco-en-aluminium-sil-60-50x100mm-uv254nm\\\/#breadcrumb\"},\"inLanguage\":\"de\",\"potentialAction\":[{\"@type\":\"ReadAction\",\"target\":[\"https:\\\/\\\/www.bionis.fr\\\/produit\\\/feuille-de-ccm-tlc-eco-en-aluminium-sil-60-50x100mm-uv254nm\\\/\"]}]},{\"@type\":\"ImageObject\",\"inLanguage\":\"de\",\"@id\":\"https:\\\/\\\/www.bionis.fr\\\/produit\\\/feuille-de-ccm-tlc-eco-en-aluminium-sil-60-50x100mm-uv254nm\\\/#primaryimage\",\"url\":\"https:\\\/\\\/www.bionis.fr\\\/wp-content\\\/uploads\\\/2020\\\/12\\\/700x700_plaques-TLC-Eco-alu100x200.png\",\"contentUrl\":\"https:\\\/\\\/www.bionis.fr\\\/wp-content\\\/uploads\\\/2020\\\/12\\\/700x700_plaques-TLC-Eco-alu100x200.png\",\"width\":700,\"height\":700},{\"@type\":\"BreadcrumbList\",\"@id\":\"https:\\\/\\\/www.bionis.fr\\\/produit\\\/feuille-de-ccm-tlc-eco-en-aluminium-sil-60-50x100mm-uv254nm\\\/#breadcrumb\",\"itemListElement\":[{\"@type\":\"ListItem\",\"position\":1,\"name\":\"Accueil\",\"item\":\"https:\\\/\\\/www.bionis.fr\\\/\"},{\"@type\":\"ListItem\",\"position\":2,\"name\":\"Shop\",\"item\":\"https:\\\/\\\/www.bionis.fr\\\/de\\\/shop\\\/\"},{\"@type\":\"ListItem\",\"position\":3,\"name\":\"Feuille de CCM TLC-Eco en aluminium, SIL 60 50x100mm &#8211; UV254nm\"}]},{\"@type\":\"WebSite\",\"@id\":\"https:\\\/\\\/www.bionis.fr\\\/#website\",\"url\":\"https:\\\/\\\/www.bionis.fr\\\/\",\"name\":\"Bionis\",\"description\":\"Die D\u00fcnnschichtchromatographie-L\u00f6sung\",\"publisher\":{\"@id\":\"https:\\\/\\\/www.bionis.fr\\\/#organization\"},\"potentialAction\":[{\"@type\":\"SearchAction\",\"target\":{\"@type\":\"EntryPoint\",\"urlTemplate\":\"https:\\\/\\\/www.bionis.fr\\\/?s={search_term_string}\"},\"query-input\":{\"@type\":\"PropertyValueSpecification\",\"valueRequired\":true,\"valueName\":\"search_term_string\"}}],\"inLanguage\":\"de\"},{\"@type\":\"Organization\",\"@id\":\"https:\\\/\\\/www.bionis.fr\\\/#organization\",\"name\":\"Bionis\",\"url\":\"https:\\\/\\\/www.bionis.fr\\\/\",\"logo\":{\"@type\":\"ImageObject\",\"inLanguage\":\"de\",\"@id\":\"https:\\\/\\\/www.bionis.fr\\\/#\\\/schema\\\/logo\\\/image\\\/\",\"url\":\"https:\\\/\\\/www.bionis.fr\\\/wp-content\\\/uploads\\\/2020\\\/07\\\/bionis-logo.png\",\"contentUrl\":\"https:\\\/\\\/www.bionis.fr\\\/wp-content\\\/uploads\\\/2020\\\/07\\\/bionis-logo.png\",\"width\":500,\"height\":125,\"caption\":\"Bionis\"},\"image\":{\"@id\":\"https:\\\/\\\/www.bionis.fr\\\/#\\\/schema\\\/logo\\\/image\\\/\"},\"sameAs\":[\"https:\\\/\\\/www.linkedin.com\\\/company\\\/bionis-sas?originalSubdomain=fr\"]}]}<\/script>\n<!-- \/ Yoast SEO plugin. -->","yoast_head_json":{"title":"Feuille de CCM TLC-Eco en aluminium, SIL 60 50x100mm - UV254nm - Bionis","description":"R\u00e9f\u00e9rence: BS123.105  1 pack de 80 pi\u00e8ces  Plaques aluminium 5x10 cm rev\u00eatues d'une phase silice haute puret\u00e9 destin\u00e9es \u00e0 des mesures de ccm analytique.  Utilisation en pharmaceutique, cosm\u00e9tique, chimie, bio-chimie, s\u00e9curit\u00e9 environnementale, v\u00e9g\u00e9taux, police scientifique, R&amp;D","robots":{"index":"index","follow":"follow","max-snippet":"max-snippet:-1","max-image-preview":"max-image-preview:large","max-video-preview":"max-video-preview:-1"},"canonical":"https:\/\/www.bionis.fr\/produit\/feuille-de-ccm-tlc-eco-en-aluminium-sil-60-50x100mm-uv254nm\/","og_locale":"de_DE","og_type":"article","og_title":"Feuille de CCM TLC-Eco en aluminium, SIL 60 50x100mm - UV254nm - Bionis","og_description":"R\u00e9f\u00e9rence: BS123.105  1 pack de 80 pi\u00e8ces  Plaques aluminium 5x10 cm rev\u00eatues d'une phase silice haute puret\u00e9 destin\u00e9es \u00e0 des mesures de ccm analytique.  Utilisation en pharmaceutique, cosm\u00e9tique, chimie, bio-chimie, s\u00e9curit\u00e9 environnementale, v\u00e9g\u00e9taux, police scientifique, R&amp;D","og_url":"https:\/\/www.bionis.fr\/produit\/feuille-de-ccm-tlc-eco-en-aluminium-sil-60-50x100mm-uv254nm\/","og_site_name":"Bionis","article_modified_time":"2024-07-17T13:56:21+00:00","og_image":[{"width":700,"height":700,"url":"https:\/\/www.bionis.fr\/wp-content\/uploads\/2020\/12\/700x700_plaques-TLC-Eco-alu100x200.png","type":"image\/png"}],"twitter_card":"summary_large_image","twitter_misc":{"Gesch\u00e4tzte Lesezeit":"1\u00a0Minute"},"schema":{"@context":"https:\/\/schema.org","@graph":[{"@type":"WebPage","@id":"https:\/\/www.bionis.fr\/produit\/feuille-de-ccm-tlc-eco-en-aluminium-sil-60-50x100mm-uv254nm\/","url":"https:\/\/www.bionis.fr\/produit\/feuille-de-ccm-tlc-eco-en-aluminium-sil-60-50x100mm-uv254nm\/","name":"Feuille de CCM TLC-Eco en aluminium, SIL 60 50x100mm - UV254nm - Bionis","isPartOf":{"@id":"https:\/\/www.bionis.fr\/#website"},"primaryImageOfPage":{"@id":"https:\/\/www.bionis.fr\/produit\/feuille-de-ccm-tlc-eco-en-aluminium-sil-60-50x100mm-uv254nm\/#primaryimage"},"image":{"@id":"https:\/\/www.bionis.fr\/produit\/feuille-de-ccm-tlc-eco-en-aluminium-sil-60-50x100mm-uv254nm\/#primaryimage"},"thumbnailUrl":"https:\/\/www.bionis.fr\/wp-content\/uploads\/2020\/12\/700x700_plaques-TLC-Eco-alu100x200.png","datePublished":"2020-12-22T08:52:49+00:00","dateModified":"2024-07-17T13:56:21+00:00","description":"R\u00e9f\u00e9rence: BS123.105 1 pack de 80 pi\u00e8ces Plaques aluminium 5x10 cm rev\u00eatues d'une phase silice haute puret\u00e9 destin\u00e9es \u00e0 des mesures de ccm analytique. Utilisation en pharmaceutique, cosm\u00e9tique, chimie, bio-chimie, s\u00e9curit\u00e9 environnementale, v\u00e9g\u00e9taux, police scientifique, R&amp;D","breadcrumb":{"@id":"https:\/\/www.bionis.fr\/produit\/feuille-de-ccm-tlc-eco-en-aluminium-sil-60-50x100mm-uv254nm\/#breadcrumb"},"inLanguage":"de","potentialAction":[{"@type":"ReadAction","target":["https:\/\/www.bionis.fr\/produit\/feuille-de-ccm-tlc-eco-en-aluminium-sil-60-50x100mm-uv254nm\/"]}]},{"@type":"ImageObject","inLanguage":"de","@id":"https:\/\/www.bionis.fr\/produit\/feuille-de-ccm-tlc-eco-en-aluminium-sil-60-50x100mm-uv254nm\/#primaryimage","url":"https:\/\/www.bionis.fr\/wp-content\/uploads\/2020\/12\/700x700_plaques-TLC-Eco-alu100x200.png","contentUrl":"https:\/\/www.bionis.fr\/wp-content\/uploads\/2020\/12\/700x700_plaques-TLC-Eco-alu100x200.png","width":700,"height":700},{"@type":"BreadcrumbList","@id":"https:\/\/www.bionis.fr\/produit\/feuille-de-ccm-tlc-eco-en-aluminium-sil-60-50x100mm-uv254nm\/#breadcrumb","itemListElement":[{"@type":"ListItem","position":1,"name":"Accueil","item":"https:\/\/www.bionis.fr\/"},{"@type":"ListItem","position":2,"name":"Shop","item":"https:\/\/www.bionis.fr\/de\/shop\/"},{"@type":"ListItem","position":3,"name":"Feuille de CCM TLC-Eco en aluminium, SIL 60 50x100mm &#8211; UV254nm"}]},{"@type":"WebSite","@id":"https:\/\/www.bionis.fr\/#website","url":"https:\/\/www.bionis.fr\/","name":"Bionis","description":"Die D\u00fcnnschichtchromatographie-L\u00f6sung","publisher":{"@id":"https:\/\/www.bionis.fr\/#organization"},"potentialAction":[{"@type":"SearchAction","target":{"@type":"EntryPoint","urlTemplate":"https:\/\/www.bionis.fr\/?s={search_term_string}"},"query-input":{"@type":"PropertyValueSpecification","valueRequired":true,"valueName":"search_term_string"}}],"inLanguage":"de"},{"@type":"Organization","@id":"https:\/\/www.bionis.fr\/#organization","name":"Bionis","url":"https:\/\/www.bionis.fr\/","logo":{"@type":"ImageObject","inLanguage":"de","@id":"https:\/\/www.bionis.fr\/#\/schema\/logo\/image\/","url":"https:\/\/www.bionis.fr\/wp-content\/uploads\/2020\/07\/bionis-logo.png","contentUrl":"https:\/\/www.bionis.fr\/wp-content\/uploads\/2020\/07\/bionis-logo.png","width":500,"height":125,"caption":"Bionis"},"image":{"@id":"https:\/\/www.bionis.fr\/#\/schema\/logo\/image\/"},"sameAs":["https:\/\/www.linkedin.com\/company\/bionis-sas?originalSubdomain=fr"]}]}},"_links":{"self":[{"href":"https:\/\/www.bionis.fr\/de\/wp-json\/wp\/v2\/product\/1435","targetHints":{"allow":["GET"]}}],"collection":[{"href":"https:\/\/www.bionis.fr\/de\/wp-json\/wp\/v2\/product"}],"about":[{"href":"https:\/\/www.bionis.fr\/de\/wp-json\/wp\/v2\/types\/product"}],"wp:featuredmedia":[{"embeddable":true,"href":"https:\/\/www.bionis.fr\/de\/wp-json\/wp\/v2\/media\/1437"}],"wp:attachment":[{"href":"https:\/\/www.bionis.fr\/de\/wp-json\/wp\/v2\/media?parent=1435"}],"wp:term":[{"taxonomy":"product_brand","embeddable":true,"href":"https:\/\/www.bionis.fr\/de\/wp-json\/wp\/v2\/product_brand?post=1435"},{"taxonomy":"product_cat","embeddable":true,"href":"https:\/\/www.bionis.fr\/de\/wp-json\/wp\/v2\/product_cat?post=1435"},{"taxonomy":"product_tag","embeddable":true,"href":"https:\/\/www.bionis.fr\/de\/wp-json\/wp\/v2\/product_tag?post=1435"}],"curies":[{"name":"wp","href":"https:\/\/api.w.org\/{rel}","templated":true}]}}