{"id":323,"date":"2020-08-03T07:35:20","date_gmt":"2020-08-03T05:35:20","guid":{"rendered":"https:\/\/www.bionis.fr\/?post_type=product&#038;p=323"},"modified":"2022-07-19T11:53:27","modified_gmt":"2022-07-19T09:53:27","slug":"iatroscan-mk7s-lipides","status":"publish","type":"product","link":"https:\/\/www.bionis.fr\/de\/produit\/iatroscan-mk7s-lipides\/","title":{"rendered":"Iatroscan MK7s Lipides"},"content":{"rendered":"<p>Le <strong>Iatroscan MK7s Lipides <\/strong>fait l&#8217;objet de plus de 2000 publications scientifiques et est particuli\u00e8rement utilis\u00e9 dans les domaines suivants:<\/p>\n<ul>\n<li>-Biologie lagunaire (algues, micro-organismes&#8230;) et marine (poissons, crustac\u00e9s&#8230; )<\/li>\n<li>-Alimentation animale<\/li>\n<li>-Agro-alimentaire (additifs alimentaires, colorants, d\u00e9termination de la teneur en phosphatidylcholine dans la l\u00e9cithine de jaune d&#8217;oeuf&#8230; )<\/li>\n<li>-Biochimie, Cosm\u00e9tique ( huiles essentielles )<\/li>\n<li>-M\u00e9decine (Plasma sanguin, peau, oeil, fluides amniotiques&#8230;)<\/li>\n<li>-Biocarburants<\/li>\n<li>-Eaux de barrages ( Algues&#8230; )<\/li>\n<li>-Acides amin\u00e9s, peptides, acides gras<\/li>\n<\/ul>\n<p>Le <strong>Iatroscan<\/strong> <strong>MK7s HPTLC\/FID<\/strong> permet d\u2019apporter une solution sans phase pr\u00e9paratoire \u00e0 presque tous les types de chromatographie li\u00e9es aux\u00a0<strong>substances complexes peu ou pas volatiles<\/strong> ou pr\u00e9sentant un point d&#8217;\u00e9bullition \u00e9lev\u00e9.<\/p>\n<p>La d\u00e9tection s&#8217;effectue au sein d&#8217;une flamme dans laquelle les \u00e9luats sont vaporis\u00e9s puis ionis\u00e9s. La\u00a0<strong>cathode<\/strong> pi\u00e8ge les ions positifs.<\/p>\n<p>L&#8217;analyse type est l&#8217;analyse\u00a0<strong>lipides<\/strong>\/\u00a0<strong>phospholipides<\/strong>.<\/p>\n<p><img fetchpriority=\"high\" decoding=\"async\" class=\"alignnone size-full wp-image-326\" src=\"https:\/\/www.bionis.fr\/wp-content\/uploads\/2020\/08\/09b888202.png\" alt=\"\" width=\"392\" height=\"386\" \/><\/p>\n<p>&nbsp;<\/p>\n<p><strong>Courbes de calibration:<\/strong><\/p>\n<p>Le fonctionnement du <strong>Iatroscan<\/strong> <strong>MK7s <\/strong>sur 10 Chromarods permet une mise en oeuvre simple et rapide des courbes de calibration.<\/p>\n<p>L&#8217;utilisateur choisit le nombre de standards et d&#8217;\u00e9chantillons et leur disposition. Une fois l&#8217;analyse r\u00e9alis\u00e9e en une phase pour le jeu de 10 Chromarods ( ou moins ), la courbe de calibration est g\u00e9n\u00e9r\u00e9e par le logiciel d&#8217;exploitation.<\/p>\n<p>&nbsp;<\/p>\n<p>&nbsp;<\/p>\n<p><strong>Exemples d&#8217;\u00e9l\u00e9ments analys\u00e9s avec le Iatroscan:<\/strong><\/p>\n<p><img decoding=\"async\" class=\"alignnone size-medium wp-image-334\" src=\"https:\/\/www.bionis.fr\/wp-content\/uploads\/2020\/08\/Elements-analyses-avec-le-iatroscan2-430x500.png\" alt=\"\" width=\"430\" height=\"500\" srcset=\"https:\/\/www.bionis.fr\/wp-content\/uploads\/2020\/08\/Elements-analyses-avec-le-iatroscan2-430x500.png 430w, https:\/\/www.bionis.fr\/wp-content\/uploads\/2020\/08\/Elements-analyses-avec-le-iatroscan2-882x1024.png 882w, https:\/\/www.bionis.fr\/wp-content\/uploads\/2020\/08\/Elements-analyses-avec-le-iatroscan2-768x892.png 768w, https:\/\/www.bionis.fr\/wp-content\/uploads\/2020\/08\/Elements-analyses-avec-le-iatroscan2-1322x1536.png 1322w, https:\/\/www.bionis.fr\/wp-content\/uploads\/2020\/08\/Elements-analyses-avec-le-iatroscan2-1763x2048.png 1763w, https:\/\/www.bionis.fr\/wp-content\/uploads\/2020\/08\/Elements-analyses-avec-le-iatroscan2-1200x1394.png 1200w, https:\/\/www.bionis.fr\/wp-content\/uploads\/2020\/08\/Elements-analyses-avec-le-iatroscan2-400x465.png 400w, https:\/\/www.bionis.fr\/wp-content\/uploads\/2020\/08\/Elements-analyses-avec-le-iatroscan2.png 2000w\" sizes=\"(max-width: 430px) 85vw, 430px\" \/><\/p>\n<p><a href=\"https:\/\/www.bionis.fr\/ressources\/\">Autres exemples d&#8217;applications Lipides<\/a><\/p>\n","protected":false},"excerpt":{"rendered":"<p><strong>R\u00e9f\u00e9rence Iatroscan MK7s HPTLC\/FID: 7001-Li<\/strong><\/p>\n<p>Le <strong>Iatroscan MK7 Lipides <\/strong>est l&#8217;outil id\u00e9al pour la qualification et la quantification des <strong>Lipides et Phospho-lipides<\/strong>.<\/p>\n<p>De par sa technologie m\u00ealant migration sur baguettes quartz rev\u00eatues de silice et d\u00e9tection par syst\u00e8me HPTLC\/FID, le <strong>Iatroscan MK7s Lipides <\/strong>permet la caract\u00e9risation fiable et pr\u00e9cise des susbstances lipidiques, m\u00eame les plus complexes \u00e0 analyser.<\/p>\n","protected":false},"featured_media":2598,"template":"","meta":[],"product_brand":[],"product_cat":[36],"product_tag":[],"class_list":{"0":"post-323","1":"product","2":"type-product","3":"status-publish","4":"has-post-thumbnail","6":"product_cat-iatroscan","8":"first","9":"instock","10":"taxable","11":"shipping-taxable","12":"product-type-simple"},"yoast_head":"<!-- This site is optimized with the Yoast SEO plugin v27.4 - https:\/\/yoast.com\/product\/yoast-seo-wordpress\/ -->\n<title>Iatroscan MK7s Lipides - Bionis<\/title>\n<meta name=\"description\" content=\"R\u00e9f\u00e9rence Iatroscan MK7s HPTLC\/FID: 7001-Li  Le Iatroscan MK7 Lipides est l&#039;outil id\u00e9al pour la qualification et la quantification des Lipides et Phospho-lipides.  De par sa technologie m\u00ealant migration sur baguettes quartz rev\u00eatues de silice et d\u00e9tection par syst\u00e8me HPTLC\/FID, le Iatroscan MK7s Lipides permet la caract\u00e9risation fiable et pr\u00e9cise des susbstances lipidiques, m\u00eame les plus complexes \u00e0 analyser.\" \/>\n<meta name=\"robots\" content=\"index, follow, max-snippet:-1, max-image-preview:large, max-video-preview:-1\" \/>\n<link rel=\"canonical\" href=\"https:\/\/www.bionis.fr\/produit\/iatroscan-mk7s-lipides\/\" \/>\n<meta property=\"og:locale\" content=\"de_DE\" \/>\n<meta property=\"og:type\" content=\"article\" \/>\n<meta property=\"og:title\" content=\"Iatroscan MK7s Lipides - Bionis\" \/>\n<meta property=\"og:description\" content=\"R\u00e9f\u00e9rence Iatroscan MK7s HPTLC\/FID: 7001-Li  Le Iatroscan MK7 Lipides est l&#039;outil id\u00e9al pour la qualification et la quantification des Lipides et Phospho-lipides.  De par sa technologie m\u00ealant migration sur baguettes quartz rev\u00eatues de silice et d\u00e9tection par syst\u00e8me HPTLC\/FID, le Iatroscan MK7s Lipides permet la caract\u00e9risation fiable et pr\u00e9cise des susbstances lipidiques, m\u00eame les plus complexes \u00e0 analyser.\" \/>\n<meta property=\"og:url\" content=\"https:\/\/www.bionis.fr\/produit\/iatroscan-mk7s-lipides\/\" \/>\n<meta property=\"og:site_name\" content=\"Bionis\" \/>\n<meta property=\"article:modified_time\" content=\"2022-07-19T09:53:27+00:00\" \/>\n<meta property=\"og:image\" content=\"https:\/\/www.bionis.fr\/wp-content\/uploads\/2020\/08\/700x700IatroscanMK7-2.png\" \/>\n\t<meta property=\"og:image:width\" content=\"700\" \/>\n\t<meta property=\"og:image:height\" content=\"700\" \/>\n\t<meta property=\"og:image:type\" content=\"image\/png\" \/>\n<meta name=\"twitter:card\" content=\"summary_large_image\" \/>\n<meta name=\"twitter:label1\" content=\"Gesch\u00e4tzte Lesezeit\" \/>\n\t<meta name=\"twitter:data1\" content=\"1\u00a0Minute\" \/>\n<script type=\"application\/ld+json\" class=\"yoast-schema-graph\">{\"@context\":\"https:\\\/\\\/schema.org\",\"@graph\":[{\"@type\":\"WebPage\",\"@id\":\"https:\\\/\\\/www.bionis.fr\\\/produit\\\/iatroscan-mk7s-lipides\\\/\",\"url\":\"https:\\\/\\\/www.bionis.fr\\\/produit\\\/iatroscan-mk7s-lipides\\\/\",\"name\":\"Iatroscan MK7s Lipides - Bionis\",\"isPartOf\":{\"@id\":\"https:\\\/\\\/www.bionis.fr\\\/#website\"},\"primaryImageOfPage\":{\"@id\":\"https:\\\/\\\/www.bionis.fr\\\/produit\\\/iatroscan-mk7s-lipides\\\/#primaryimage\"},\"image\":{\"@id\":\"https:\\\/\\\/www.bionis.fr\\\/produit\\\/iatroscan-mk7s-lipides\\\/#primaryimage\"},\"thumbnailUrl\":\"https:\\\/\\\/www.bionis.fr\\\/wp-content\\\/uploads\\\/2020\\\/08\\\/700x700IatroscanMK7-2.png\",\"datePublished\":\"2020-08-03T05:35:20+00:00\",\"dateModified\":\"2022-07-19T09:53:27+00:00\",\"description\":\"R\u00e9f\u00e9rence Iatroscan MK7s HPTLC\\\/FID: 7001-Li Le Iatroscan MK7 Lipides est l'outil id\u00e9al pour la qualification et la quantification des Lipides et Phospho-lipides. De par sa technologie m\u00ealant migration sur baguettes quartz rev\u00eatues de silice et d\u00e9tection par syst\u00e8me HPTLC\\\/FID, le Iatroscan MK7s Lipides permet la caract\u00e9risation fiable et pr\u00e9cise des susbstances lipidiques, m\u00eame les plus complexes \u00e0 analyser.\",\"breadcrumb\":{\"@id\":\"https:\\\/\\\/www.bionis.fr\\\/produit\\\/iatroscan-mk7s-lipides\\\/#breadcrumb\"},\"inLanguage\":\"de\",\"potentialAction\":[{\"@type\":\"ReadAction\",\"target\":[\"https:\\\/\\\/www.bionis.fr\\\/produit\\\/iatroscan-mk7s-lipides\\\/\"]}]},{\"@type\":\"ImageObject\",\"inLanguage\":\"de\",\"@id\":\"https:\\\/\\\/www.bionis.fr\\\/produit\\\/iatroscan-mk7s-lipides\\\/#primaryimage\",\"url\":\"https:\\\/\\\/www.bionis.fr\\\/wp-content\\\/uploads\\\/2020\\\/08\\\/700x700IatroscanMK7-2.png\",\"contentUrl\":\"https:\\\/\\\/www.bionis.fr\\\/wp-content\\\/uploads\\\/2020\\\/08\\\/700x700IatroscanMK7-2.png\",\"width\":700,\"height\":700},{\"@type\":\"BreadcrumbList\",\"@id\":\"https:\\\/\\\/www.bionis.fr\\\/produit\\\/iatroscan-mk7s-lipides\\\/#breadcrumb\",\"itemListElement\":[{\"@type\":\"ListItem\",\"position\":1,\"name\":\"Accueil\",\"item\":\"https:\\\/\\\/www.bionis.fr\\\/\"},{\"@type\":\"ListItem\",\"position\":2,\"name\":\"Shop\",\"item\":\"https:\\\/\\\/www.bionis.fr\\\/de\\\/shop\\\/\"},{\"@type\":\"ListItem\",\"position\":3,\"name\":\"Iatroscan MK7s Lipides\"}]},{\"@type\":\"WebSite\",\"@id\":\"https:\\\/\\\/www.bionis.fr\\\/#website\",\"url\":\"https:\\\/\\\/www.bionis.fr\\\/\",\"name\":\"Bionis\",\"description\":\"Die D\u00fcnnschichtchromatographie-L\u00f6sung\",\"publisher\":{\"@id\":\"https:\\\/\\\/www.bionis.fr\\\/#organization\"},\"potentialAction\":[{\"@type\":\"SearchAction\",\"target\":{\"@type\":\"EntryPoint\",\"urlTemplate\":\"https:\\\/\\\/www.bionis.fr\\\/?s={search_term_string}\"},\"query-input\":{\"@type\":\"PropertyValueSpecification\",\"valueRequired\":true,\"valueName\":\"search_term_string\"}}],\"inLanguage\":\"de\"},{\"@type\":\"Organization\",\"@id\":\"https:\\\/\\\/www.bionis.fr\\\/#organization\",\"name\":\"Bionis\",\"url\":\"https:\\\/\\\/www.bionis.fr\\\/\",\"logo\":{\"@type\":\"ImageObject\",\"inLanguage\":\"de\",\"@id\":\"https:\\\/\\\/www.bionis.fr\\\/#\\\/schema\\\/logo\\\/image\\\/\",\"url\":\"https:\\\/\\\/www.bionis.fr\\\/wp-content\\\/uploads\\\/2020\\\/07\\\/bionis-logo.png\",\"contentUrl\":\"https:\\\/\\\/www.bionis.fr\\\/wp-content\\\/uploads\\\/2020\\\/07\\\/bionis-logo.png\",\"width\":500,\"height\":125,\"caption\":\"Bionis\"},\"image\":{\"@id\":\"https:\\\/\\\/www.bionis.fr\\\/#\\\/schema\\\/logo\\\/image\\\/\"},\"sameAs\":[\"https:\\\/\\\/www.linkedin.com\\\/company\\\/bionis-sas?originalSubdomain=fr\"]}]}<\/script>\n<!-- \/ Yoast SEO plugin. -->","yoast_head_json":{"title":"Iatroscan MK7s Lipides - Bionis","description":"R\u00e9f\u00e9rence Iatroscan MK7s HPTLC\/FID: 7001-Li  Le Iatroscan MK7 Lipides est l'outil id\u00e9al pour la qualification et la quantification des Lipides et Phospho-lipides.  De par sa technologie m\u00ealant migration sur baguettes quartz rev\u00eatues de silice et d\u00e9tection par syst\u00e8me HPTLC\/FID, le Iatroscan MK7s Lipides permet la caract\u00e9risation fiable et pr\u00e9cise des susbstances lipidiques, m\u00eame les plus complexes \u00e0 analyser.","robots":{"index":"index","follow":"follow","max-snippet":"max-snippet:-1","max-image-preview":"max-image-preview:large","max-video-preview":"max-video-preview:-1"},"canonical":"https:\/\/www.bionis.fr\/produit\/iatroscan-mk7s-lipides\/","og_locale":"de_DE","og_type":"article","og_title":"Iatroscan MK7s Lipides - Bionis","og_description":"R\u00e9f\u00e9rence Iatroscan MK7s HPTLC\/FID: 7001-Li  Le Iatroscan MK7 Lipides est l'outil id\u00e9al pour la qualification et la quantification des Lipides et Phospho-lipides.  De par sa technologie m\u00ealant migration sur baguettes quartz rev\u00eatues de silice et d\u00e9tection par syst\u00e8me HPTLC\/FID, le Iatroscan MK7s Lipides permet la caract\u00e9risation fiable et pr\u00e9cise des susbstances lipidiques, m\u00eame les plus complexes \u00e0 analyser.","og_url":"https:\/\/www.bionis.fr\/produit\/iatroscan-mk7s-lipides\/","og_site_name":"Bionis","article_modified_time":"2022-07-19T09:53:27+00:00","og_image":[{"width":700,"height":700,"url":"https:\/\/www.bionis.fr\/wp-content\/uploads\/2020\/08\/700x700IatroscanMK7-2.png","type":"image\/png"}],"twitter_card":"summary_large_image","twitter_misc":{"Gesch\u00e4tzte Lesezeit":"1\u00a0Minute"},"schema":{"@context":"https:\/\/schema.org","@graph":[{"@type":"WebPage","@id":"https:\/\/www.bionis.fr\/produit\/iatroscan-mk7s-lipides\/","url":"https:\/\/www.bionis.fr\/produit\/iatroscan-mk7s-lipides\/","name":"Iatroscan MK7s Lipides - Bionis","isPartOf":{"@id":"https:\/\/www.bionis.fr\/#website"},"primaryImageOfPage":{"@id":"https:\/\/www.bionis.fr\/produit\/iatroscan-mk7s-lipides\/#primaryimage"},"image":{"@id":"https:\/\/www.bionis.fr\/produit\/iatroscan-mk7s-lipides\/#primaryimage"},"thumbnailUrl":"https:\/\/www.bionis.fr\/wp-content\/uploads\/2020\/08\/700x700IatroscanMK7-2.png","datePublished":"2020-08-03T05:35:20+00:00","dateModified":"2022-07-19T09:53:27+00:00","description":"R\u00e9f\u00e9rence Iatroscan MK7s HPTLC\/FID: 7001-Li Le Iatroscan MK7 Lipides est l'outil id\u00e9al pour la qualification et la quantification des Lipides et Phospho-lipides. De par sa technologie m\u00ealant migration sur baguettes quartz rev\u00eatues de silice et d\u00e9tection par syst\u00e8me HPTLC\/FID, le Iatroscan MK7s Lipides permet la caract\u00e9risation fiable et pr\u00e9cise des susbstances lipidiques, m\u00eame les plus complexes \u00e0 analyser.","breadcrumb":{"@id":"https:\/\/www.bionis.fr\/produit\/iatroscan-mk7s-lipides\/#breadcrumb"},"inLanguage":"de","potentialAction":[{"@type":"ReadAction","target":["https:\/\/www.bionis.fr\/produit\/iatroscan-mk7s-lipides\/"]}]},{"@type":"ImageObject","inLanguage":"de","@id":"https:\/\/www.bionis.fr\/produit\/iatroscan-mk7s-lipides\/#primaryimage","url":"https:\/\/www.bionis.fr\/wp-content\/uploads\/2020\/08\/700x700IatroscanMK7-2.png","contentUrl":"https:\/\/www.bionis.fr\/wp-content\/uploads\/2020\/08\/700x700IatroscanMK7-2.png","width":700,"height":700},{"@type":"BreadcrumbList","@id":"https:\/\/www.bionis.fr\/produit\/iatroscan-mk7s-lipides\/#breadcrumb","itemListElement":[{"@type":"ListItem","position":1,"name":"Accueil","item":"https:\/\/www.bionis.fr\/"},{"@type":"ListItem","position":2,"name":"Shop","item":"https:\/\/www.bionis.fr\/de\/shop\/"},{"@type":"ListItem","position":3,"name":"Iatroscan MK7s Lipides"}]},{"@type":"WebSite","@id":"https:\/\/www.bionis.fr\/#website","url":"https:\/\/www.bionis.fr\/","name":"Bionis","description":"Die D\u00fcnnschichtchromatographie-L\u00f6sung","publisher":{"@id":"https:\/\/www.bionis.fr\/#organization"},"potentialAction":[{"@type":"SearchAction","target":{"@type":"EntryPoint","urlTemplate":"https:\/\/www.bionis.fr\/?s={search_term_string}"},"query-input":{"@type":"PropertyValueSpecification","valueRequired":true,"valueName":"search_term_string"}}],"inLanguage":"de"},{"@type":"Organization","@id":"https:\/\/www.bionis.fr\/#organization","name":"Bionis","url":"https:\/\/www.bionis.fr\/","logo":{"@type":"ImageObject","inLanguage":"de","@id":"https:\/\/www.bionis.fr\/#\/schema\/logo\/image\/","url":"https:\/\/www.bionis.fr\/wp-content\/uploads\/2020\/07\/bionis-logo.png","contentUrl":"https:\/\/www.bionis.fr\/wp-content\/uploads\/2020\/07\/bionis-logo.png","width":500,"height":125,"caption":"Bionis"},"image":{"@id":"https:\/\/www.bionis.fr\/#\/schema\/logo\/image\/"},"sameAs":["https:\/\/www.linkedin.com\/company\/bionis-sas?originalSubdomain=fr"]}]}},"_links":{"self":[{"href":"https:\/\/www.bionis.fr\/de\/wp-json\/wp\/v2\/product\/323","targetHints":{"allow":["GET"]}}],"collection":[{"href":"https:\/\/www.bionis.fr\/de\/wp-json\/wp\/v2\/product"}],"about":[{"href":"https:\/\/www.bionis.fr\/de\/wp-json\/wp\/v2\/types\/product"}],"wp:featuredmedia":[{"embeddable":true,"href":"https:\/\/www.bionis.fr\/de\/wp-json\/wp\/v2\/media\/2598"}],"wp:attachment":[{"href":"https:\/\/www.bionis.fr\/de\/wp-json\/wp\/v2\/media?parent=323"}],"wp:term":[{"taxonomy":"product_brand","embeddable":true,"href":"https:\/\/www.bionis.fr\/de\/wp-json\/wp\/v2\/product_brand?post=323"},{"taxonomy":"product_cat","embeddable":true,"href":"https:\/\/www.bionis.fr\/de\/wp-json\/wp\/v2\/product_cat?post=323"},{"taxonomy":"product_tag","embeddable":true,"href":"https:\/\/www.bionis.fr\/de\/wp-json\/wp\/v2\/product_tag?post=323"}],"curies":[{"name":"wp","href":"https:\/\/api.w.org\/{rel}","templated":true}]}}