{"id":371,"date":"2020-08-05T08:55:36","date_gmt":"2020-08-05T06:55:36","guid":{"rendered":"https:\/\/www.bionis.fr\/?post_type=product&#038;p=371"},"modified":"2023-09-24T10:59:12","modified_gmt":"2023-09-24T08:59:12","slug":"cuve-de-developpement-dt150","status":"publish","type":"product","link":"https:\/\/www.bionis.fr\/de\/produit\/cuve-de-developpement-dt150\/","title":{"rendered":"Cuve de d\u00e9veloppement DT150"},"content":{"rendered":"","protected":false},"excerpt":{"rendered":"<p><strong>R\u00e9f\u00e9rence:<\/strong> 3201<\/p>\n<p>Une fois que l\u2019\u00e9chantillon a \u00e9t\u00e9 d\u00e9pos\u00e9 sur les Chromarods, gr\u00e2ce au d\u00e9poseur enti\u00e8rement automatique ou semi-automatique, les chromarods, sur leur support, sont plac\u00e9s dans la <strong>cuve de d\u00e9veloppement DT150 <\/strong>pour la s\u00e9paration des substances par l\u2019\u00e9lution des m\u00e9langes de solvants.<\/p>\n<p>Les faibles dimensions int\u00e9rieures de cette cuve permettent une <strong>pr\u00e9-\u00e9quilibration rapide<\/strong> de l&#8217;atmosph\u00e8re et donc une migration plus rapide.<\/p>\n<p>La cuve de d\u00e9veloppement DT150 est \u00e9quip\u00e9e de <strong>2 pieds m\u00e9talliques<\/strong> et d&#8217;un <strong>couvercle verre lisse<\/strong>.<\/p>\n","protected":false},"featured_media":372,"template":"","meta":[],"product_brand":[],"product_cat":[34],"product_tag":[],"class_list":{"0":"post-371","1":"product","2":"type-product","3":"status-publish","4":"has-post-thumbnail","6":"product_cat-consommables","8":"first","9":"instock","10":"taxable","11":"shipping-taxable","12":"product-type-simple"},"yoast_head":"<!-- This site is optimized with the Yoast SEO plugin v27.5 - https:\/\/yoast.com\/product\/yoast-seo-wordpress\/ -->\n<title>Cuve de d\u00e9veloppement DT150 - Bionis<\/title>\n<meta name=\"description\" content=\"R\u00e9f\u00e9rence: 3201  Une fois que l\u2019\u00e9chantillon a \u00e9t\u00e9 d\u00e9pos\u00e9 sur les Chromarods, gr\u00e2ce au d\u00e9poseur enti\u00e8rement automatique ou semi-automatique, les chromarods, sur leur support, sont plac\u00e9s dans la cuve de d\u00e9veloppement DT150 pour la s\u00e9paration des substances par l\u2019\u00e9lution des m\u00e9langes de solvants.  Les faibles dimensions int\u00e9rieures de cette cuve permettent une pr\u00e9-\u00e9quilibration rapide de l&#039;atmosph\u00e8re et donc une migration plus rapide.  La cuve de d\u00e9veloppement DT150 est \u00e9quip\u00e9e de 2 pieds m\u00e9talliques et d&#039;un couvercle verre lisse.\" \/>\n<meta name=\"robots\" content=\"index, follow, max-snippet:-1, max-image-preview:large, max-video-preview:-1\" \/>\n<link rel=\"canonical\" href=\"https:\/\/www.bionis.fr\/produit\/cuve-de-developpement-dt150\/\" \/>\n<meta property=\"og:locale\" content=\"de_DE\" \/>\n<meta property=\"og:type\" content=\"article\" \/>\n<meta property=\"og:title\" content=\"Cuve de d\u00e9veloppement DT150 - Bionis\" \/>\n<meta property=\"og:description\" content=\"R\u00e9f\u00e9rence: 3201  Une fois que l\u2019\u00e9chantillon a \u00e9t\u00e9 d\u00e9pos\u00e9 sur les Chromarods, gr\u00e2ce au d\u00e9poseur enti\u00e8rement automatique ou semi-automatique, les chromarods, sur leur support, sont plac\u00e9s dans la cuve de d\u00e9veloppement DT150 pour la s\u00e9paration des substances par l\u2019\u00e9lution des m\u00e9langes de solvants.  Les faibles dimensions int\u00e9rieures de cette cuve permettent une pr\u00e9-\u00e9quilibration rapide de l&#039;atmosph\u00e8re et donc une migration plus rapide.  La cuve de d\u00e9veloppement DT150 est \u00e9quip\u00e9e de 2 pieds m\u00e9talliques et d&#039;un couvercle verre lisse.\" \/>\n<meta property=\"og:url\" content=\"https:\/\/www.bionis.fr\/produit\/cuve-de-developpement-dt150\/\" \/>\n<meta property=\"og:site_name\" content=\"Bionis\" \/>\n<meta property=\"article:modified_time\" content=\"2023-09-24T08:59:12+00:00\" \/>\n<meta property=\"og:image\" content=\"https:\/\/www.bionis.fr\/wp-content\/uploads\/2020\/08\/700x700_Cuves-DT150.png\" \/>\n\t<meta property=\"og:image:width\" content=\"700\" \/>\n\t<meta property=\"og:image:height\" content=\"700\" \/>\n\t<meta property=\"og:image:type\" content=\"image\/png\" \/>\n<meta name=\"twitter:card\" content=\"summary_large_image\" \/>\n<script type=\"application\/ld+json\" class=\"yoast-schema-graph\">{\"@context\":\"https:\\\/\\\/schema.org\",\"@graph\":[{\"@type\":\"WebPage\",\"@id\":\"https:\\\/\\\/www.bionis.fr\\\/produit\\\/cuve-de-developpement-dt150\\\/\",\"url\":\"https:\\\/\\\/www.bionis.fr\\\/produit\\\/cuve-de-developpement-dt150\\\/\",\"name\":\"Cuve de d\u00e9veloppement DT150 - Bionis\",\"isPartOf\":{\"@id\":\"https:\\\/\\\/www.bionis.fr\\\/#website\"},\"primaryImageOfPage\":{\"@id\":\"https:\\\/\\\/www.bionis.fr\\\/produit\\\/cuve-de-developpement-dt150\\\/#primaryimage\"},\"image\":{\"@id\":\"https:\\\/\\\/www.bionis.fr\\\/produit\\\/cuve-de-developpement-dt150\\\/#primaryimage\"},\"thumbnailUrl\":\"https:\\\/\\\/www.bionis.fr\\\/wp-content\\\/uploads\\\/2020\\\/08\\\/700x700_Cuves-DT150.png\",\"datePublished\":\"2020-08-05T06:55:36+00:00\",\"dateModified\":\"2023-09-24T08:59:12+00:00\",\"description\":\"R\u00e9f\u00e9rence: 3201 Une fois que l\u2019\u00e9chantillon a \u00e9t\u00e9 d\u00e9pos\u00e9 sur les Chromarods, gr\u00e2ce au d\u00e9poseur enti\u00e8rement automatique ou semi-automatique, les chromarods, sur leur support, sont plac\u00e9s dans la cuve de d\u00e9veloppement DT150 pour la s\u00e9paration des substances par l\u2019\u00e9lution des m\u00e9langes de solvants. Les faibles dimensions int\u00e9rieures de cette cuve permettent une pr\u00e9-\u00e9quilibration rapide de l'atmosph\u00e8re et donc une migration plus rapide. La cuve de d\u00e9veloppement DT150 est \u00e9quip\u00e9e de 2 pieds m\u00e9talliques et d'un couvercle verre lisse.\",\"breadcrumb\":{\"@id\":\"https:\\\/\\\/www.bionis.fr\\\/produit\\\/cuve-de-developpement-dt150\\\/#breadcrumb\"},\"inLanguage\":\"de\",\"potentialAction\":[{\"@type\":\"ReadAction\",\"target\":[\"https:\\\/\\\/www.bionis.fr\\\/produit\\\/cuve-de-developpement-dt150\\\/\"]}]},{\"@type\":\"ImageObject\",\"inLanguage\":\"de\",\"@id\":\"https:\\\/\\\/www.bionis.fr\\\/produit\\\/cuve-de-developpement-dt150\\\/#primaryimage\",\"url\":\"https:\\\/\\\/www.bionis.fr\\\/wp-content\\\/uploads\\\/2020\\\/08\\\/700x700_Cuves-DT150.png\",\"contentUrl\":\"https:\\\/\\\/www.bionis.fr\\\/wp-content\\\/uploads\\\/2020\\\/08\\\/700x700_Cuves-DT150.png\",\"width\":700,\"height\":700},{\"@type\":\"BreadcrumbList\",\"@id\":\"https:\\\/\\\/www.bionis.fr\\\/produit\\\/cuve-de-developpement-dt150\\\/#breadcrumb\",\"itemListElement\":[{\"@type\":\"ListItem\",\"position\":1,\"name\":\"Accueil\",\"item\":\"https:\\\/\\\/www.bionis.fr\\\/\"},{\"@type\":\"ListItem\",\"position\":2,\"name\":\"Shop\",\"item\":\"https:\\\/\\\/www.bionis.fr\\\/de\\\/shop\\\/\"},{\"@type\":\"ListItem\",\"position\":3,\"name\":\"Cuve de d\u00e9veloppement DT150\"}]},{\"@type\":\"WebSite\",\"@id\":\"https:\\\/\\\/www.bionis.fr\\\/#website\",\"url\":\"https:\\\/\\\/www.bionis.fr\\\/\",\"name\":\"Bionis\",\"description\":\"Die D\u00fcnnschichtchromatographie-L\u00f6sung\",\"publisher\":{\"@id\":\"https:\\\/\\\/www.bionis.fr\\\/#organization\"},\"potentialAction\":[{\"@type\":\"SearchAction\",\"target\":{\"@type\":\"EntryPoint\",\"urlTemplate\":\"https:\\\/\\\/www.bionis.fr\\\/?s={search_term_string}\"},\"query-input\":{\"@type\":\"PropertyValueSpecification\",\"valueRequired\":true,\"valueName\":\"search_term_string\"}}],\"inLanguage\":\"de\"},{\"@type\":\"Organization\",\"@id\":\"https:\\\/\\\/www.bionis.fr\\\/#organization\",\"name\":\"Bionis\",\"url\":\"https:\\\/\\\/www.bionis.fr\\\/\",\"logo\":{\"@type\":\"ImageObject\",\"inLanguage\":\"de\",\"@id\":\"https:\\\/\\\/www.bionis.fr\\\/#\\\/schema\\\/logo\\\/image\\\/\",\"url\":\"https:\\\/\\\/www.bionis.fr\\\/wp-content\\\/uploads\\\/2020\\\/07\\\/bionis-logo.png\",\"contentUrl\":\"https:\\\/\\\/www.bionis.fr\\\/wp-content\\\/uploads\\\/2020\\\/07\\\/bionis-logo.png\",\"width\":500,\"height\":125,\"caption\":\"Bionis\"},\"image\":{\"@id\":\"https:\\\/\\\/www.bionis.fr\\\/#\\\/schema\\\/logo\\\/image\\\/\"},\"sameAs\":[\"https:\\\/\\\/www.linkedin.com\\\/company\\\/bionis-sas?originalSubdomain=fr\"]}]}<\/script>\n<!-- \/ Yoast SEO plugin. -->","yoast_head_json":{"title":"Cuve de d\u00e9veloppement DT150 - Bionis","description":"R\u00e9f\u00e9rence: 3201  Une fois que l\u2019\u00e9chantillon a \u00e9t\u00e9 d\u00e9pos\u00e9 sur les Chromarods, gr\u00e2ce au d\u00e9poseur enti\u00e8rement automatique ou semi-automatique, les chromarods, sur leur support, sont plac\u00e9s dans la cuve de d\u00e9veloppement DT150 pour la s\u00e9paration des substances par l\u2019\u00e9lution des m\u00e9langes de solvants.  Les faibles dimensions int\u00e9rieures de cette cuve permettent une pr\u00e9-\u00e9quilibration rapide de l'atmosph\u00e8re et donc une migration plus rapide.  La cuve de d\u00e9veloppement DT150 est \u00e9quip\u00e9e de 2 pieds m\u00e9talliques et d'un couvercle verre lisse.","robots":{"index":"index","follow":"follow","max-snippet":"max-snippet:-1","max-image-preview":"max-image-preview:large","max-video-preview":"max-video-preview:-1"},"canonical":"https:\/\/www.bionis.fr\/produit\/cuve-de-developpement-dt150\/","og_locale":"de_DE","og_type":"article","og_title":"Cuve de d\u00e9veloppement DT150 - Bionis","og_description":"R\u00e9f\u00e9rence: 3201  Une fois que l\u2019\u00e9chantillon a \u00e9t\u00e9 d\u00e9pos\u00e9 sur les Chromarods, gr\u00e2ce au d\u00e9poseur enti\u00e8rement automatique ou semi-automatique, les chromarods, sur leur support, sont plac\u00e9s dans la cuve de d\u00e9veloppement DT150 pour la s\u00e9paration des substances par l\u2019\u00e9lution des m\u00e9langes de solvants.  Les faibles dimensions int\u00e9rieures de cette cuve permettent une pr\u00e9-\u00e9quilibration rapide de l'atmosph\u00e8re et donc une migration plus rapide.  La cuve de d\u00e9veloppement DT150 est \u00e9quip\u00e9e de 2 pieds m\u00e9talliques et d'un couvercle verre lisse.","og_url":"https:\/\/www.bionis.fr\/produit\/cuve-de-developpement-dt150\/","og_site_name":"Bionis","article_modified_time":"2023-09-24T08:59:12+00:00","og_image":[{"width":700,"height":700,"url":"https:\/\/www.bionis.fr\/wp-content\/uploads\/2020\/08\/700x700_Cuves-DT150.png","type":"image\/png"}],"twitter_card":"summary_large_image","schema":{"@context":"https:\/\/schema.org","@graph":[{"@type":"WebPage","@id":"https:\/\/www.bionis.fr\/produit\/cuve-de-developpement-dt150\/","url":"https:\/\/www.bionis.fr\/produit\/cuve-de-developpement-dt150\/","name":"Cuve de d\u00e9veloppement DT150 - Bionis","isPartOf":{"@id":"https:\/\/www.bionis.fr\/#website"},"primaryImageOfPage":{"@id":"https:\/\/www.bionis.fr\/produit\/cuve-de-developpement-dt150\/#primaryimage"},"image":{"@id":"https:\/\/www.bionis.fr\/produit\/cuve-de-developpement-dt150\/#primaryimage"},"thumbnailUrl":"https:\/\/www.bionis.fr\/wp-content\/uploads\/2020\/08\/700x700_Cuves-DT150.png","datePublished":"2020-08-05T06:55:36+00:00","dateModified":"2023-09-24T08:59:12+00:00","description":"R\u00e9f\u00e9rence: 3201 Une fois que l\u2019\u00e9chantillon a \u00e9t\u00e9 d\u00e9pos\u00e9 sur les Chromarods, gr\u00e2ce au d\u00e9poseur enti\u00e8rement automatique ou semi-automatique, les chromarods, sur leur support, sont plac\u00e9s dans la cuve de d\u00e9veloppement DT150 pour la s\u00e9paration des substances par l\u2019\u00e9lution des m\u00e9langes de solvants. Les faibles dimensions int\u00e9rieures de cette cuve permettent une pr\u00e9-\u00e9quilibration rapide de l'atmosph\u00e8re et donc une migration plus rapide. La cuve de d\u00e9veloppement DT150 est \u00e9quip\u00e9e de 2 pieds m\u00e9talliques et d'un couvercle verre lisse.","breadcrumb":{"@id":"https:\/\/www.bionis.fr\/produit\/cuve-de-developpement-dt150\/#breadcrumb"},"inLanguage":"de","potentialAction":[{"@type":"ReadAction","target":["https:\/\/www.bionis.fr\/produit\/cuve-de-developpement-dt150\/"]}]},{"@type":"ImageObject","inLanguage":"de","@id":"https:\/\/www.bionis.fr\/produit\/cuve-de-developpement-dt150\/#primaryimage","url":"https:\/\/www.bionis.fr\/wp-content\/uploads\/2020\/08\/700x700_Cuves-DT150.png","contentUrl":"https:\/\/www.bionis.fr\/wp-content\/uploads\/2020\/08\/700x700_Cuves-DT150.png","width":700,"height":700},{"@type":"BreadcrumbList","@id":"https:\/\/www.bionis.fr\/produit\/cuve-de-developpement-dt150\/#breadcrumb","itemListElement":[{"@type":"ListItem","position":1,"name":"Accueil","item":"https:\/\/www.bionis.fr\/"},{"@type":"ListItem","position":2,"name":"Shop","item":"https:\/\/www.bionis.fr\/de\/shop\/"},{"@type":"ListItem","position":3,"name":"Cuve de d\u00e9veloppement DT150"}]},{"@type":"WebSite","@id":"https:\/\/www.bionis.fr\/#website","url":"https:\/\/www.bionis.fr\/","name":"Bionis","description":"Die D\u00fcnnschichtchromatographie-L\u00f6sung","publisher":{"@id":"https:\/\/www.bionis.fr\/#organization"},"potentialAction":[{"@type":"SearchAction","target":{"@type":"EntryPoint","urlTemplate":"https:\/\/www.bionis.fr\/?s={search_term_string}"},"query-input":{"@type":"PropertyValueSpecification","valueRequired":true,"valueName":"search_term_string"}}],"inLanguage":"de"},{"@type":"Organization","@id":"https:\/\/www.bionis.fr\/#organization","name":"Bionis","url":"https:\/\/www.bionis.fr\/","logo":{"@type":"ImageObject","inLanguage":"de","@id":"https:\/\/www.bionis.fr\/#\/schema\/logo\/image\/","url":"https:\/\/www.bionis.fr\/wp-content\/uploads\/2020\/07\/bionis-logo.png","contentUrl":"https:\/\/www.bionis.fr\/wp-content\/uploads\/2020\/07\/bionis-logo.png","width":500,"height":125,"caption":"Bionis"},"image":{"@id":"https:\/\/www.bionis.fr\/#\/schema\/logo\/image\/"},"sameAs":["https:\/\/www.linkedin.com\/company\/bionis-sas?originalSubdomain=fr"]}]}},"_links":{"self":[{"href":"https:\/\/www.bionis.fr\/de\/wp-json\/wp\/v2\/product\/371","targetHints":{"allow":["GET"]}}],"collection":[{"href":"https:\/\/www.bionis.fr\/de\/wp-json\/wp\/v2\/product"}],"about":[{"href":"https:\/\/www.bionis.fr\/de\/wp-json\/wp\/v2\/types\/product"}],"wp:featuredmedia":[{"embeddable":true,"href":"https:\/\/www.bionis.fr\/de\/wp-json\/wp\/v2\/media\/372"}],"wp:attachment":[{"href":"https:\/\/www.bionis.fr\/de\/wp-json\/wp\/v2\/media?parent=371"}],"wp:term":[{"taxonomy":"product_brand","embeddable":true,"href":"https:\/\/www.bionis.fr\/de\/wp-json\/wp\/v2\/product_brand?post=371"},{"taxonomy":"product_cat","embeddable":true,"href":"https:\/\/www.bionis.fr\/de\/wp-json\/wp\/v2\/product_cat?post=371"},{"taxonomy":"product_tag","embeddable":true,"href":"https:\/\/www.bionis.fr\/de\/wp-json\/wp\/v2\/product_tag?post=371"}],"curies":[{"name":"wp","href":"https:\/\/api.w.org\/{rel}","templated":true}]}}