{"id":373,"date":"2020-08-05T09:07:30","date_gmt":"2020-08-05T07:07:30","guid":{"rendered":"https:\/\/www.bionis.fr\/?post_type=product&#038;p=373"},"modified":"2021-02-12T10:08:39","modified_gmt":"2021-02-12T09:08:39","slug":"cuve-de-stockage-de3","status":"publish","type":"product","link":"https:\/\/www.bionis.fr\/de\/produit\/cuve-de-stockage-de3\/","title":{"rendered":"Cuve de stockage DE3"},"content":{"rendered":"<p>Pour assurer leur long\u00e9vit\u00e9 s\u2019ils ne sont pas utilis\u00e9s pendant un long moment, les <strong>Chromarods <\/strong>doivent \u00eatre humidifi\u00e9s.<\/p>\n<p>La <strong>chambre de stockage DE3<\/strong> a \u00e9t\u00e9 con\u00e7ue pour stocker jusqu&#8217;\u00e0 5 supports plac\u00e9s au-dessus d&#8217;un niveau d&#8217;eau distill\u00e9e. Travailler de cette mani\u00e8re r\u00e9duit sensiblement les al\u00e9as d\u2019analyse tout en pr\u00e9servant la vie m\u00e9canique des <strong>Chromarods.<\/strong><\/p>\n","protected":false},"excerpt":{"rendered":"<p><strong>R\u00e9f\u00e9rence: 3221<\/strong><\/p>\n<p>Le maintien des <strong>Chromarods S5<\/strong> dans de bonnes conditions est assur\u00e9 par leur transfert imm\u00e9diat \u00e0 partir du coffret sur le support SD-5 en inox.<\/p>\n<p>Durant toute leur vie d\u2019utilisation, les <strong>Chromarods<\/strong> peuvent rester bien fix\u00e9s et prot\u00e9g\u00e9s sur ces supports. Une part essentielle de leur processus de traitement consistant en effet \u00e0 les maintenir en bon \u00e9tat chimique dans un endroit propre prot\u00e9g\u00e9 de la poussi\u00e8re.<\/p>\n","protected":false},"featured_media":374,"template":"","meta":[],"product_brand":[],"product_cat":[34],"product_tag":[],"class_list":{"0":"post-373","1":"product","2":"type-product","3":"status-publish","4":"has-post-thumbnail","6":"product_cat-consommables","8":"first","9":"instock","10":"taxable","11":"shipping-taxable","12":"product-type-simple"},"yoast_head":"<!-- This site is optimized with the Yoast SEO plugin v27.4 - https:\/\/yoast.com\/product\/yoast-seo-wordpress\/ -->\n<title>Cuve de stockage DE3 - Bionis<\/title>\n<meta name=\"description\" content=\"R\u00e9f\u00e9rence: 3221  Le maintien des Chromarods S5 dans de bonnes conditions est assur\u00e9 par leur transfert imm\u00e9diat \u00e0 partir du coffret sur le support SD-5 en inox.  Durant toute leur vie d\u2019utilisation, les Chromarods peuvent rester bien fix\u00e9s et prot\u00e9g\u00e9s sur ces supports. Une part essentielle de leur processus de traitement consistant en effet \u00e0 les maintenir en bon \u00e9tat chimique dans un endroit propre prot\u00e9g\u00e9 de la poussi\u00e8re.\" \/>\n<meta name=\"robots\" content=\"index, follow, max-snippet:-1, max-image-preview:large, max-video-preview:-1\" \/>\n<link rel=\"canonical\" href=\"https:\/\/www.bionis.fr\/produit\/cuve-de-stockage-de3\/\" \/>\n<meta property=\"og:locale\" content=\"de_DE\" \/>\n<meta property=\"og:type\" content=\"article\" \/>\n<meta property=\"og:title\" content=\"Cuve de stockage DE3 - Bionis\" \/>\n<meta property=\"og:description\" content=\"R\u00e9f\u00e9rence: 3221  Le maintien des Chromarods S5 dans de bonnes conditions est assur\u00e9 par leur transfert imm\u00e9diat \u00e0 partir du coffret sur le support SD-5 en inox.  Durant toute leur vie d\u2019utilisation, les Chromarods peuvent rester bien fix\u00e9s et prot\u00e9g\u00e9s sur ces supports. Une part essentielle de leur processus de traitement consistant en effet \u00e0 les maintenir en bon \u00e9tat chimique dans un endroit propre prot\u00e9g\u00e9 de la poussi\u00e8re.\" \/>\n<meta property=\"og:url\" content=\"https:\/\/www.bionis.fr\/produit\/cuve-de-stockage-de3\/\" \/>\n<meta property=\"og:site_name\" content=\"Bionis\" \/>\n<meta property=\"article:modified_time\" content=\"2021-02-12T09:08:39+00:00\" \/>\n<meta property=\"og:image\" content=\"https:\/\/www.bionis.fr\/wp-content\/uploads\/2020\/08\/700x700_Cuves-D3.png\" \/>\n\t<meta property=\"og:image:width\" content=\"700\" \/>\n\t<meta property=\"og:image:height\" content=\"700\" \/>\n\t<meta property=\"og:image:type\" content=\"image\/png\" \/>\n<meta name=\"twitter:card\" content=\"summary_large_image\" \/>\n<script type=\"application\/ld+json\" class=\"yoast-schema-graph\">{\"@context\":\"https:\\\/\\\/schema.org\",\"@graph\":[{\"@type\":\"WebPage\",\"@id\":\"https:\\\/\\\/www.bionis.fr\\\/produit\\\/cuve-de-stockage-de3\\\/\",\"url\":\"https:\\\/\\\/www.bionis.fr\\\/produit\\\/cuve-de-stockage-de3\\\/\",\"name\":\"Cuve de stockage DE3 - Bionis\",\"isPartOf\":{\"@id\":\"https:\\\/\\\/www.bionis.fr\\\/#website\"},\"primaryImageOfPage\":{\"@id\":\"https:\\\/\\\/www.bionis.fr\\\/produit\\\/cuve-de-stockage-de3\\\/#primaryimage\"},\"image\":{\"@id\":\"https:\\\/\\\/www.bionis.fr\\\/produit\\\/cuve-de-stockage-de3\\\/#primaryimage\"},\"thumbnailUrl\":\"https:\\\/\\\/www.bionis.fr\\\/wp-content\\\/uploads\\\/2020\\\/08\\\/700x700_Cuves-D3.png\",\"datePublished\":\"2020-08-05T07:07:30+00:00\",\"dateModified\":\"2021-02-12T09:08:39+00:00\",\"description\":\"R\u00e9f\u00e9rence: 3221 Le maintien des Chromarods S5 dans de bonnes conditions est assur\u00e9 par leur transfert imm\u00e9diat \u00e0 partir du coffret sur le support SD-5 en inox. Durant toute leur vie d\u2019utilisation, les Chromarods peuvent rester bien fix\u00e9s et prot\u00e9g\u00e9s sur ces supports. Une part essentielle de leur processus de traitement consistant en effet \u00e0 les maintenir en bon \u00e9tat chimique dans un endroit propre prot\u00e9g\u00e9 de la poussi\u00e8re.\",\"breadcrumb\":{\"@id\":\"https:\\\/\\\/www.bionis.fr\\\/produit\\\/cuve-de-stockage-de3\\\/#breadcrumb\"},\"inLanguage\":\"de\",\"potentialAction\":[{\"@type\":\"ReadAction\",\"target\":[\"https:\\\/\\\/www.bionis.fr\\\/produit\\\/cuve-de-stockage-de3\\\/\"]}]},{\"@type\":\"ImageObject\",\"inLanguage\":\"de\",\"@id\":\"https:\\\/\\\/www.bionis.fr\\\/produit\\\/cuve-de-stockage-de3\\\/#primaryimage\",\"url\":\"https:\\\/\\\/www.bionis.fr\\\/wp-content\\\/uploads\\\/2020\\\/08\\\/700x700_Cuves-D3.png\",\"contentUrl\":\"https:\\\/\\\/www.bionis.fr\\\/wp-content\\\/uploads\\\/2020\\\/08\\\/700x700_Cuves-D3.png\",\"width\":700,\"height\":700},{\"@type\":\"BreadcrumbList\",\"@id\":\"https:\\\/\\\/www.bionis.fr\\\/produit\\\/cuve-de-stockage-de3\\\/#breadcrumb\",\"itemListElement\":[{\"@type\":\"ListItem\",\"position\":1,\"name\":\"Accueil\",\"item\":\"https:\\\/\\\/www.bionis.fr\\\/\"},{\"@type\":\"ListItem\",\"position\":2,\"name\":\"Shop\",\"item\":\"https:\\\/\\\/www.bionis.fr\\\/de\\\/shop\\\/\"},{\"@type\":\"ListItem\",\"position\":3,\"name\":\"Cuve de stockage DE3\"}]},{\"@type\":\"WebSite\",\"@id\":\"https:\\\/\\\/www.bionis.fr\\\/#website\",\"url\":\"https:\\\/\\\/www.bionis.fr\\\/\",\"name\":\"Bionis\",\"description\":\"Die D\u00fcnnschichtchromatographie-L\u00f6sung\",\"publisher\":{\"@id\":\"https:\\\/\\\/www.bionis.fr\\\/#organization\"},\"potentialAction\":[{\"@type\":\"SearchAction\",\"target\":{\"@type\":\"EntryPoint\",\"urlTemplate\":\"https:\\\/\\\/www.bionis.fr\\\/?s={search_term_string}\"},\"query-input\":{\"@type\":\"PropertyValueSpecification\",\"valueRequired\":true,\"valueName\":\"search_term_string\"}}],\"inLanguage\":\"de\"},{\"@type\":\"Organization\",\"@id\":\"https:\\\/\\\/www.bionis.fr\\\/#organization\",\"name\":\"Bionis\",\"url\":\"https:\\\/\\\/www.bionis.fr\\\/\",\"logo\":{\"@type\":\"ImageObject\",\"inLanguage\":\"de\",\"@id\":\"https:\\\/\\\/www.bionis.fr\\\/#\\\/schema\\\/logo\\\/image\\\/\",\"url\":\"https:\\\/\\\/www.bionis.fr\\\/wp-content\\\/uploads\\\/2020\\\/07\\\/bionis-logo.png\",\"contentUrl\":\"https:\\\/\\\/www.bionis.fr\\\/wp-content\\\/uploads\\\/2020\\\/07\\\/bionis-logo.png\",\"width\":500,\"height\":125,\"caption\":\"Bionis\"},\"image\":{\"@id\":\"https:\\\/\\\/www.bionis.fr\\\/#\\\/schema\\\/logo\\\/image\\\/\"},\"sameAs\":[\"https:\\\/\\\/www.linkedin.com\\\/company\\\/bionis-sas?originalSubdomain=fr\"]}]}<\/script>\n<!-- \/ Yoast SEO plugin. -->","yoast_head_json":{"title":"Cuve de stockage DE3 - Bionis","description":"R\u00e9f\u00e9rence: 3221  Le maintien des Chromarods S5 dans de bonnes conditions est assur\u00e9 par leur transfert imm\u00e9diat \u00e0 partir du coffret sur le support SD-5 en inox.  Durant toute leur vie d\u2019utilisation, les Chromarods peuvent rester bien fix\u00e9s et prot\u00e9g\u00e9s sur ces supports. Une part essentielle de leur processus de traitement consistant en effet \u00e0 les maintenir en bon \u00e9tat chimique dans un endroit propre prot\u00e9g\u00e9 de la poussi\u00e8re.","robots":{"index":"index","follow":"follow","max-snippet":"max-snippet:-1","max-image-preview":"max-image-preview:large","max-video-preview":"max-video-preview:-1"},"canonical":"https:\/\/www.bionis.fr\/produit\/cuve-de-stockage-de3\/","og_locale":"de_DE","og_type":"article","og_title":"Cuve de stockage DE3 - Bionis","og_description":"R\u00e9f\u00e9rence: 3221  Le maintien des Chromarods S5 dans de bonnes conditions est assur\u00e9 par leur transfert imm\u00e9diat \u00e0 partir du coffret sur le support SD-5 en inox.  Durant toute leur vie d\u2019utilisation, les Chromarods peuvent rester bien fix\u00e9s et prot\u00e9g\u00e9s sur ces supports. Une part essentielle de leur processus de traitement consistant en effet \u00e0 les maintenir en bon \u00e9tat chimique dans un endroit propre prot\u00e9g\u00e9 de la poussi\u00e8re.","og_url":"https:\/\/www.bionis.fr\/produit\/cuve-de-stockage-de3\/","og_site_name":"Bionis","article_modified_time":"2021-02-12T09:08:39+00:00","og_image":[{"width":700,"height":700,"url":"https:\/\/www.bionis.fr\/wp-content\/uploads\/2020\/08\/700x700_Cuves-D3.png","type":"image\/png"}],"twitter_card":"summary_large_image","schema":{"@context":"https:\/\/schema.org","@graph":[{"@type":"WebPage","@id":"https:\/\/www.bionis.fr\/produit\/cuve-de-stockage-de3\/","url":"https:\/\/www.bionis.fr\/produit\/cuve-de-stockage-de3\/","name":"Cuve de stockage DE3 - Bionis","isPartOf":{"@id":"https:\/\/www.bionis.fr\/#website"},"primaryImageOfPage":{"@id":"https:\/\/www.bionis.fr\/produit\/cuve-de-stockage-de3\/#primaryimage"},"image":{"@id":"https:\/\/www.bionis.fr\/produit\/cuve-de-stockage-de3\/#primaryimage"},"thumbnailUrl":"https:\/\/www.bionis.fr\/wp-content\/uploads\/2020\/08\/700x700_Cuves-D3.png","datePublished":"2020-08-05T07:07:30+00:00","dateModified":"2021-02-12T09:08:39+00:00","description":"R\u00e9f\u00e9rence: 3221 Le maintien des Chromarods S5 dans de bonnes conditions est assur\u00e9 par leur transfert imm\u00e9diat \u00e0 partir du coffret sur le support SD-5 en inox. Durant toute leur vie d\u2019utilisation, les Chromarods peuvent rester bien fix\u00e9s et prot\u00e9g\u00e9s sur ces supports. Une part essentielle de leur processus de traitement consistant en effet \u00e0 les maintenir en bon \u00e9tat chimique dans un endroit propre prot\u00e9g\u00e9 de la poussi\u00e8re.","breadcrumb":{"@id":"https:\/\/www.bionis.fr\/produit\/cuve-de-stockage-de3\/#breadcrumb"},"inLanguage":"de","potentialAction":[{"@type":"ReadAction","target":["https:\/\/www.bionis.fr\/produit\/cuve-de-stockage-de3\/"]}]},{"@type":"ImageObject","inLanguage":"de","@id":"https:\/\/www.bionis.fr\/produit\/cuve-de-stockage-de3\/#primaryimage","url":"https:\/\/www.bionis.fr\/wp-content\/uploads\/2020\/08\/700x700_Cuves-D3.png","contentUrl":"https:\/\/www.bionis.fr\/wp-content\/uploads\/2020\/08\/700x700_Cuves-D3.png","width":700,"height":700},{"@type":"BreadcrumbList","@id":"https:\/\/www.bionis.fr\/produit\/cuve-de-stockage-de3\/#breadcrumb","itemListElement":[{"@type":"ListItem","position":1,"name":"Accueil","item":"https:\/\/www.bionis.fr\/"},{"@type":"ListItem","position":2,"name":"Shop","item":"https:\/\/www.bionis.fr\/de\/shop\/"},{"@type":"ListItem","position":3,"name":"Cuve de stockage DE3"}]},{"@type":"WebSite","@id":"https:\/\/www.bionis.fr\/#website","url":"https:\/\/www.bionis.fr\/","name":"Bionis","description":"Die D\u00fcnnschichtchromatographie-L\u00f6sung","publisher":{"@id":"https:\/\/www.bionis.fr\/#organization"},"potentialAction":[{"@type":"SearchAction","target":{"@type":"EntryPoint","urlTemplate":"https:\/\/www.bionis.fr\/?s={search_term_string}"},"query-input":{"@type":"PropertyValueSpecification","valueRequired":true,"valueName":"search_term_string"}}],"inLanguage":"de"},{"@type":"Organization","@id":"https:\/\/www.bionis.fr\/#organization","name":"Bionis","url":"https:\/\/www.bionis.fr\/","logo":{"@type":"ImageObject","inLanguage":"de","@id":"https:\/\/www.bionis.fr\/#\/schema\/logo\/image\/","url":"https:\/\/www.bionis.fr\/wp-content\/uploads\/2020\/07\/bionis-logo.png","contentUrl":"https:\/\/www.bionis.fr\/wp-content\/uploads\/2020\/07\/bionis-logo.png","width":500,"height":125,"caption":"Bionis"},"image":{"@id":"https:\/\/www.bionis.fr\/#\/schema\/logo\/image\/"},"sameAs":["https:\/\/www.linkedin.com\/company\/bionis-sas?originalSubdomain=fr"]}]}},"_links":{"self":[{"href":"https:\/\/www.bionis.fr\/de\/wp-json\/wp\/v2\/product\/373","targetHints":{"allow":["GET"]}}],"collection":[{"href":"https:\/\/www.bionis.fr\/de\/wp-json\/wp\/v2\/product"}],"about":[{"href":"https:\/\/www.bionis.fr\/de\/wp-json\/wp\/v2\/types\/product"}],"wp:featuredmedia":[{"embeddable":true,"href":"https:\/\/www.bionis.fr\/de\/wp-json\/wp\/v2\/media\/374"}],"wp:attachment":[{"href":"https:\/\/www.bionis.fr\/de\/wp-json\/wp\/v2\/media?parent=373"}],"wp:term":[{"taxonomy":"product_brand","embeddable":true,"href":"https:\/\/www.bionis.fr\/de\/wp-json\/wp\/v2\/product_brand?post=373"},{"taxonomy":"product_cat","embeddable":true,"href":"https:\/\/www.bionis.fr\/de\/wp-json\/wp\/v2\/product_cat?post=373"},{"taxonomy":"product_tag","embeddable":true,"href":"https:\/\/www.bionis.fr\/de\/wp-json\/wp\/v2\/product_tag?post=373"}],"curies":[{"name":"wp","href":"https:\/\/api.w.org\/{rel}","templated":true}]}}