{"id":379,"date":"2020-08-05T09:35:42","date_gmt":"2020-08-05T07:35:42","guid":{"rendered":"https:\/\/www.bionis.fr\/?post_type=product&#038;p=379"},"modified":"2023-09-24T10:58:50","modified_gmt":"2023-09-24T08:58:50","slug":"guide-de-depot-manuel","status":"publish","type":"product","link":"https:\/\/www.bionis.fr\/de\/produit\/guide-de-depot-manuel\/","title":{"rendered":"Guide de d\u00e9p\u00f4t manuel"},"content":{"rendered":"","protected":false},"excerpt":{"rendered":"<p><strong>R\u00e9f\u00e9rence: 5231<\/strong><\/p>\n<p>la pr\u00e9cision du d\u00e9p\u00f4t de l&#8217;\u00e9chantillon sur les chromarods est une \u00e9tape primordiale \u00e0 l&#8217;obtention de <strong>r\u00e9sultats fiables et r\u00e9p\u00e9tables<\/strong>.<\/p>\n<p>Le guide de d\u00e9p\u00f4t manuel pour Iatroscan permet, gr\u00e2ce \u00e0 son marquage, un <strong>d\u00e9p\u00f4t manuel pr\u00e9cis<\/strong> sur la ligne de base.<\/p>\n<p>Il peut directement recevoir le <strong>cadre SD6<\/strong> pour une utilisation simple et rapide.<\/p>\n<p>&nbsp;<\/p>\n","protected":false},"featured_media":380,"template":"","meta":[],"product_brand":[],"product_cat":[34],"product_tag":[],"class_list":{"0":"post-379","1":"product","2":"type-product","3":"status-publish","4":"has-post-thumbnail","6":"product_cat-consommables","8":"first","9":"instock","10":"taxable","11":"shipping-taxable","12":"product-type-simple"},"yoast_head":"<!-- This site is optimized with the Yoast SEO plugin v27.4 - https:\/\/yoast.com\/product\/yoast-seo-wordpress\/ -->\n<title>Guide de d\u00e9p\u00f4t manuel - Bionis<\/title>\n<meta name=\"description\" content=\"R\u00e9f\u00e9rence: 5231  la pr\u00e9cision du d\u00e9p\u00f4t de l&#039;\u00e9chantillon sur les chromarods est une \u00e9tape primordiale \u00e0 l&#039;obtention de r\u00e9sultats fiables et r\u00e9p\u00e9tables.  Le guide de d\u00e9p\u00f4t manuel pour Iatroscan permet, gr\u00e2ce \u00e0 son marquage, un d\u00e9p\u00f4t manuel pr\u00e9cis sur la ligne de base.  Il peut directement recevoir le cadre SD6 pour une utilisation simple et rapide.  &nbsp;\" \/>\n<meta name=\"robots\" content=\"index, follow, max-snippet:-1, max-image-preview:large, max-video-preview:-1\" \/>\n<link rel=\"canonical\" href=\"https:\/\/www.bionis.fr\/produit\/guide-de-depot-manuel\/\" \/>\n<meta property=\"og:locale\" content=\"de_DE\" \/>\n<meta property=\"og:type\" content=\"article\" \/>\n<meta property=\"og:title\" content=\"Guide de d\u00e9p\u00f4t manuel - Bionis\" \/>\n<meta property=\"og:description\" content=\"R\u00e9f\u00e9rence: 5231  la pr\u00e9cision du d\u00e9p\u00f4t de l&#039;\u00e9chantillon sur les chromarods est une \u00e9tape primordiale \u00e0 l&#039;obtention de r\u00e9sultats fiables et r\u00e9p\u00e9tables.  Le guide de d\u00e9p\u00f4t manuel pour Iatroscan permet, gr\u00e2ce \u00e0 son marquage, un d\u00e9p\u00f4t manuel pr\u00e9cis sur la ligne de base.  Il peut directement recevoir le cadre SD6 pour une utilisation simple et rapide.  &nbsp;\" \/>\n<meta property=\"og:url\" content=\"https:\/\/www.bionis.fr\/produit\/guide-de-depot-manuel\/\" \/>\n<meta property=\"og:site_name\" content=\"Bionis\" \/>\n<meta property=\"article:modified_time\" content=\"2023-09-24T08:58:50+00:00\" \/>\n<meta property=\"og:image\" content=\"https:\/\/www.bionis.fr\/wp-content\/uploads\/2020\/08\/700x700_Guide-de-depot-MK6.png\" \/>\n\t<meta property=\"og:image:width\" content=\"700\" \/>\n\t<meta property=\"og:image:height\" content=\"700\" \/>\n\t<meta property=\"og:image:type\" content=\"image\/png\" \/>\n<meta name=\"twitter:card\" content=\"summary_large_image\" \/>\n<script type=\"application\/ld+json\" class=\"yoast-schema-graph\">{\"@context\":\"https:\\\/\\\/schema.org\",\"@graph\":[{\"@type\":\"WebPage\",\"@id\":\"https:\\\/\\\/www.bionis.fr\\\/produit\\\/guide-de-depot-manuel\\\/\",\"url\":\"https:\\\/\\\/www.bionis.fr\\\/produit\\\/guide-de-depot-manuel\\\/\",\"name\":\"Guide de d\u00e9p\u00f4t manuel - Bionis\",\"isPartOf\":{\"@id\":\"https:\\\/\\\/www.bionis.fr\\\/#website\"},\"primaryImageOfPage\":{\"@id\":\"https:\\\/\\\/www.bionis.fr\\\/produit\\\/guide-de-depot-manuel\\\/#primaryimage\"},\"image\":{\"@id\":\"https:\\\/\\\/www.bionis.fr\\\/produit\\\/guide-de-depot-manuel\\\/#primaryimage\"},\"thumbnailUrl\":\"https:\\\/\\\/www.bionis.fr\\\/wp-content\\\/uploads\\\/2020\\\/08\\\/700x700_Guide-de-depot-MK6.png\",\"datePublished\":\"2020-08-05T07:35:42+00:00\",\"dateModified\":\"2023-09-24T08:58:50+00:00\",\"description\":\"R\u00e9f\u00e9rence: 5231 la pr\u00e9cision du d\u00e9p\u00f4t de l'\u00e9chantillon sur les chromarods est une \u00e9tape primordiale \u00e0 l'obtention de r\u00e9sultats fiables et r\u00e9p\u00e9tables. Le guide de d\u00e9p\u00f4t manuel pour Iatroscan permet, gr\u00e2ce \u00e0 son marquage, un d\u00e9p\u00f4t manuel pr\u00e9cis sur la ligne de base. Il peut directement recevoir le cadre SD6 pour une utilisation simple et rapide. &nbsp;\",\"breadcrumb\":{\"@id\":\"https:\\\/\\\/www.bionis.fr\\\/produit\\\/guide-de-depot-manuel\\\/#breadcrumb\"},\"inLanguage\":\"de\",\"potentialAction\":[{\"@type\":\"ReadAction\",\"target\":[\"https:\\\/\\\/www.bionis.fr\\\/produit\\\/guide-de-depot-manuel\\\/\"]}]},{\"@type\":\"ImageObject\",\"inLanguage\":\"de\",\"@id\":\"https:\\\/\\\/www.bionis.fr\\\/produit\\\/guide-de-depot-manuel\\\/#primaryimage\",\"url\":\"https:\\\/\\\/www.bionis.fr\\\/wp-content\\\/uploads\\\/2020\\\/08\\\/700x700_Guide-de-depot-MK6.png\",\"contentUrl\":\"https:\\\/\\\/www.bionis.fr\\\/wp-content\\\/uploads\\\/2020\\\/08\\\/700x700_Guide-de-depot-MK6.png\",\"width\":700,\"height\":700},{\"@type\":\"BreadcrumbList\",\"@id\":\"https:\\\/\\\/www.bionis.fr\\\/produit\\\/guide-de-depot-manuel\\\/#breadcrumb\",\"itemListElement\":[{\"@type\":\"ListItem\",\"position\":1,\"name\":\"Accueil\",\"item\":\"https:\\\/\\\/www.bionis.fr\\\/\"},{\"@type\":\"ListItem\",\"position\":2,\"name\":\"Shop\",\"item\":\"https:\\\/\\\/www.bionis.fr\\\/de\\\/shop\\\/\"},{\"@type\":\"ListItem\",\"position\":3,\"name\":\"Guide de d\u00e9p\u00f4t manuel\"}]},{\"@type\":\"WebSite\",\"@id\":\"https:\\\/\\\/www.bionis.fr\\\/#website\",\"url\":\"https:\\\/\\\/www.bionis.fr\\\/\",\"name\":\"Bionis\",\"description\":\"Die D\u00fcnnschichtchromatographie-L\u00f6sung\",\"publisher\":{\"@id\":\"https:\\\/\\\/www.bionis.fr\\\/#organization\"},\"potentialAction\":[{\"@type\":\"SearchAction\",\"target\":{\"@type\":\"EntryPoint\",\"urlTemplate\":\"https:\\\/\\\/www.bionis.fr\\\/?s={search_term_string}\"},\"query-input\":{\"@type\":\"PropertyValueSpecification\",\"valueRequired\":true,\"valueName\":\"search_term_string\"}}],\"inLanguage\":\"de\"},{\"@type\":\"Organization\",\"@id\":\"https:\\\/\\\/www.bionis.fr\\\/#organization\",\"name\":\"Bionis\",\"url\":\"https:\\\/\\\/www.bionis.fr\\\/\",\"logo\":{\"@type\":\"ImageObject\",\"inLanguage\":\"de\",\"@id\":\"https:\\\/\\\/www.bionis.fr\\\/#\\\/schema\\\/logo\\\/image\\\/\",\"url\":\"https:\\\/\\\/www.bionis.fr\\\/wp-content\\\/uploads\\\/2020\\\/07\\\/bionis-logo.png\",\"contentUrl\":\"https:\\\/\\\/www.bionis.fr\\\/wp-content\\\/uploads\\\/2020\\\/07\\\/bionis-logo.png\",\"width\":500,\"height\":125,\"caption\":\"Bionis\"},\"image\":{\"@id\":\"https:\\\/\\\/www.bionis.fr\\\/#\\\/schema\\\/logo\\\/image\\\/\"},\"sameAs\":[\"https:\\\/\\\/www.linkedin.com\\\/company\\\/bionis-sas?originalSubdomain=fr\"]}]}<\/script>\n<!-- \/ Yoast SEO plugin. -->","yoast_head_json":{"title":"Guide de d\u00e9p\u00f4t manuel - Bionis","description":"R\u00e9f\u00e9rence: 5231  la pr\u00e9cision du d\u00e9p\u00f4t de l'\u00e9chantillon sur les chromarods est une \u00e9tape primordiale \u00e0 l'obtention de r\u00e9sultats fiables et r\u00e9p\u00e9tables.  Le guide de d\u00e9p\u00f4t manuel pour Iatroscan permet, gr\u00e2ce \u00e0 son marquage, un d\u00e9p\u00f4t manuel pr\u00e9cis sur la ligne de base.  Il peut directement recevoir le cadre SD6 pour une utilisation simple et rapide.  &nbsp;","robots":{"index":"index","follow":"follow","max-snippet":"max-snippet:-1","max-image-preview":"max-image-preview:large","max-video-preview":"max-video-preview:-1"},"canonical":"https:\/\/www.bionis.fr\/produit\/guide-de-depot-manuel\/","og_locale":"de_DE","og_type":"article","og_title":"Guide de d\u00e9p\u00f4t manuel - Bionis","og_description":"R\u00e9f\u00e9rence: 5231  la pr\u00e9cision du d\u00e9p\u00f4t de l'\u00e9chantillon sur les chromarods est une \u00e9tape primordiale \u00e0 l'obtention de r\u00e9sultats fiables et r\u00e9p\u00e9tables.  Le guide de d\u00e9p\u00f4t manuel pour Iatroscan permet, gr\u00e2ce \u00e0 son marquage, un d\u00e9p\u00f4t manuel pr\u00e9cis sur la ligne de base.  Il peut directement recevoir le cadre SD6 pour une utilisation simple et rapide.  &nbsp;","og_url":"https:\/\/www.bionis.fr\/produit\/guide-de-depot-manuel\/","og_site_name":"Bionis","article_modified_time":"2023-09-24T08:58:50+00:00","og_image":[{"width":700,"height":700,"url":"https:\/\/www.bionis.fr\/wp-content\/uploads\/2020\/08\/700x700_Guide-de-depot-MK6.png","type":"image\/png"}],"twitter_card":"summary_large_image","schema":{"@context":"https:\/\/schema.org","@graph":[{"@type":"WebPage","@id":"https:\/\/www.bionis.fr\/produit\/guide-de-depot-manuel\/","url":"https:\/\/www.bionis.fr\/produit\/guide-de-depot-manuel\/","name":"Guide de d\u00e9p\u00f4t manuel - Bionis","isPartOf":{"@id":"https:\/\/www.bionis.fr\/#website"},"primaryImageOfPage":{"@id":"https:\/\/www.bionis.fr\/produit\/guide-de-depot-manuel\/#primaryimage"},"image":{"@id":"https:\/\/www.bionis.fr\/produit\/guide-de-depot-manuel\/#primaryimage"},"thumbnailUrl":"https:\/\/www.bionis.fr\/wp-content\/uploads\/2020\/08\/700x700_Guide-de-depot-MK6.png","datePublished":"2020-08-05T07:35:42+00:00","dateModified":"2023-09-24T08:58:50+00:00","description":"R\u00e9f\u00e9rence: 5231 la pr\u00e9cision du d\u00e9p\u00f4t de l'\u00e9chantillon sur les chromarods est une \u00e9tape primordiale \u00e0 l'obtention de r\u00e9sultats fiables et r\u00e9p\u00e9tables. Le guide de d\u00e9p\u00f4t manuel pour Iatroscan permet, gr\u00e2ce \u00e0 son marquage, un d\u00e9p\u00f4t manuel pr\u00e9cis sur la ligne de base. Il peut directement recevoir le cadre SD6 pour une utilisation simple et rapide. &nbsp;","breadcrumb":{"@id":"https:\/\/www.bionis.fr\/produit\/guide-de-depot-manuel\/#breadcrumb"},"inLanguage":"de","potentialAction":[{"@type":"ReadAction","target":["https:\/\/www.bionis.fr\/produit\/guide-de-depot-manuel\/"]}]},{"@type":"ImageObject","inLanguage":"de","@id":"https:\/\/www.bionis.fr\/produit\/guide-de-depot-manuel\/#primaryimage","url":"https:\/\/www.bionis.fr\/wp-content\/uploads\/2020\/08\/700x700_Guide-de-depot-MK6.png","contentUrl":"https:\/\/www.bionis.fr\/wp-content\/uploads\/2020\/08\/700x700_Guide-de-depot-MK6.png","width":700,"height":700},{"@type":"BreadcrumbList","@id":"https:\/\/www.bionis.fr\/produit\/guide-de-depot-manuel\/#breadcrumb","itemListElement":[{"@type":"ListItem","position":1,"name":"Accueil","item":"https:\/\/www.bionis.fr\/"},{"@type":"ListItem","position":2,"name":"Shop","item":"https:\/\/www.bionis.fr\/de\/shop\/"},{"@type":"ListItem","position":3,"name":"Guide de d\u00e9p\u00f4t manuel"}]},{"@type":"WebSite","@id":"https:\/\/www.bionis.fr\/#website","url":"https:\/\/www.bionis.fr\/","name":"Bionis","description":"Die D\u00fcnnschichtchromatographie-L\u00f6sung","publisher":{"@id":"https:\/\/www.bionis.fr\/#organization"},"potentialAction":[{"@type":"SearchAction","target":{"@type":"EntryPoint","urlTemplate":"https:\/\/www.bionis.fr\/?s={search_term_string}"},"query-input":{"@type":"PropertyValueSpecification","valueRequired":true,"valueName":"search_term_string"}}],"inLanguage":"de"},{"@type":"Organization","@id":"https:\/\/www.bionis.fr\/#organization","name":"Bionis","url":"https:\/\/www.bionis.fr\/","logo":{"@type":"ImageObject","inLanguage":"de","@id":"https:\/\/www.bionis.fr\/#\/schema\/logo\/image\/","url":"https:\/\/www.bionis.fr\/wp-content\/uploads\/2020\/07\/bionis-logo.png","contentUrl":"https:\/\/www.bionis.fr\/wp-content\/uploads\/2020\/07\/bionis-logo.png","width":500,"height":125,"caption":"Bionis"},"image":{"@id":"https:\/\/www.bionis.fr\/#\/schema\/logo\/image\/"},"sameAs":["https:\/\/www.linkedin.com\/company\/bionis-sas?originalSubdomain=fr"]}]}},"_links":{"self":[{"href":"https:\/\/www.bionis.fr\/de\/wp-json\/wp\/v2\/product\/379","targetHints":{"allow":["GET"]}}],"collection":[{"href":"https:\/\/www.bionis.fr\/de\/wp-json\/wp\/v2\/product"}],"about":[{"href":"https:\/\/www.bionis.fr\/de\/wp-json\/wp\/v2\/types\/product"}],"wp:featuredmedia":[{"embeddable":true,"href":"https:\/\/www.bionis.fr\/de\/wp-json\/wp\/v2\/media\/380"}],"wp:attachment":[{"href":"https:\/\/www.bionis.fr\/de\/wp-json\/wp\/v2\/media?parent=379"}],"wp:term":[{"taxonomy":"product_brand","embeddable":true,"href":"https:\/\/www.bionis.fr\/de\/wp-json\/wp\/v2\/product_brand?post=379"},{"taxonomy":"product_cat","embeddable":true,"href":"https:\/\/www.bionis.fr\/de\/wp-json\/wp\/v2\/product_cat?post=379"},{"taxonomy":"product_tag","embeddable":true,"href":"https:\/\/www.bionis.fr\/de\/wp-json\/wp\/v2\/product_tag?post=379"}],"curies":[{"name":"wp","href":"https:\/\/api.w.org\/{rel}","templated":true}]}}