{"id":5365,"date":"2023-09-01T10:22:39","date_gmt":"2023-09-01T08:22:39","guid":{"rendered":"https:\/\/www.bionis.fr\/produit\/hptlc-bilderfassungssystem-providoc-dd80\/"},"modified":"2024-03-28T10:48:36","modified_gmt":"2024-03-28T09:48:36","slug":"hptlc-dokumentationsystem-providoc-dd80","status":"publish","type":"product","link":"https:\/\/www.bionis.fr\/de\/produit\/hptlc-dokumentationsystem-providoc-dd80\/","title":{"rendered":"HPTLC-Dokumentationsystem Providoc\u00a9 DD80"},"content":{"rendered":"<p>Die Bilder werden mithilfe der speziellen <strong>Software Argus X2<\/strong> direkt auf dem Bildschirm Ihres Computers angezeigt.<\/p>\n<p><strong>Die Bilder<\/strong> werden mit der <strong>Bildbearbeitungs<\/strong> <strong>software Argus <sup>X2\u00a9<\/sup><\/strong> verarbeitet.<\/p>\n<p>M\u00f6glichkeit zum Hinzuf\u00fcgen von Anmerkungen, Zonenmarkierungen, Rf-Skala<\/p>\n<p><strong><sup>Providoc\u00a9<\/sup> DD80<\/strong> erf\u00fcllt CF21 Teil 11 ( Option )<\/p>\n<p><strong>Option<\/strong>: IQ\/OQ-Zertifikate<\/p>\n<p><strong>Technische Spezifikationen:<\/strong><\/p>\n<p>Erfassungsfl\u00e4che: 200 x 200 mm<\/p>\n<p><strong><em>H\u00f6here Illumination<\/em><\/strong><\/p>\n<ul>\n<li>Wei\u00dflicht: 2 x 1 LED Wei\u00dflicht<\/li>\n<li>UV254 nm: 2 x 1 Hg Niederdruckr\u00f6hre<\/li>\n<li>UV310 nm: 2 x 2 Hg LEDs<\/li>\n<li>UV385 nm: 2 x 1 Hg LED<\/li>\n<li>UV366 nm: 2 x 1 Hg LED<\/li>\n<\/ul>\n<p><strong><em>Untere Illumination:<\/em><\/strong><\/p>\n<ul>\n<li>Wei\u00dfes Licht: 2 x 1 LEDs mit wei\u00dfer Lichttransmission<\/li>\n<\/ul>\n<p>Stromversorgung: 110 &#8211; 230 V, 50 &#8211; 60 Hz<\/p>\n<p>Abmessungen (T x H x B): 450 x 400 x 680 mm<\/p>\n<p>Gewicht: 33 kg<\/p>\n<p>&nbsp;<\/p>\n","protected":false},"excerpt":{"rendered":"<p><span style=\"color: #000000;\"><a style=\"color: #000000;\" href=\"https:\/\/www.bionis.fr\/wp-content\/uploads\/2024\/03\/DE_Datasheet_DD80.pdf\">DOKUMENTATION HERUNTERLADEN<\/a><\/span><\/p>\n<p><strong>Referenz: BS147.003<\/strong><\/p>\n<p>Dies ist das neueste Ger\u00e4t der <strong>Biostep-Reihe<\/strong>.<\/p>\n<p>Er erfasst das Bild der Platte mit seiner hochaufl\u00f6senden <strong>Digitalkamera<\/strong> (<strong>24 Millionen Pixel<\/strong>), die mit einem leistungsstarken Objektiv mit Auto-Zoom, Autofokus ausgestattet ist.<\/p>\n<p>Seine <strong>hohe Empfindlichkeit<\/strong> erm\u00f6glicht es, auch schwache Fluoreszenzen zu erkennen.<\/p>\n<p>Die <strong>Beleuchtungskabine<\/strong> ist mit 2 EPI-Wei\u00dflichtlampen, 2 UV-R\u00f6hren 254nm , 2 UV-LEDs 366nm sowie 4 UV-LEDs 310nm, 2 UV-LEDs 385nm und einer Wei\u00dflichtlampe zum Durchleuchten ausgestattet, alles zusammen mit den <strong>passenden<\/strong> <strong>Filtern<\/strong>.<\/p>\n","protected":false},"featured_media":7227,"template":"","meta":[],"product_brand":[],"product_cat":[174],"product_tag":[],"class_list":{"0":"post-5365","1":"product","2":"type-product","3":"status-publish","4":"has-post-thumbnail","6":"product_cat-hptlc-bilderfassung","8":"first","9":"instock","10":"taxable","11":"shipping-taxable","12":"product-type-simple"},"yoast_head":"<!-- This site is optimized with the Yoast SEO plugin v27.5 - https:\/\/yoast.com\/product\/yoast-seo-wordpress\/ -->\n<title>HPTLC-Dokumentationsystem Providoc\u00a9 DD80 - Bionis<\/title>\n<meta name=\"description\" content=\"DOKUMENTATION HERUNTERLADEN  Referenz: BS147.003  Dies ist das neueste Ger\u00e4t der Biostep-Reihe.  Er erfasst das Bild der Platte mit seiner hochaufl\u00f6senden Digitalkamera (24 Millionen Pixel), die mit einem leistungsstarken Objektiv mit Auto-Zoom, Autofokus ausgestattet ist.  Seine hohe Empfindlichkeit erm\u00f6glicht es, auch schwache Fluoreszenzen zu erkennen.  Die Beleuchtungskabine ist mit 2 EPI-Wei\u00dflichtlampen, 2 UV-R\u00f6hren 254nm , 2 UV-LEDs 366nm sowie 4 UV-LEDs 310nm, 2 UV-LEDs 385nm und einer Wei\u00dflichtlampe zum Durchleuchten ausgestattet, alles zusammen mit den passenden Filtern.\" \/>\n<meta name=\"robots\" content=\"index, follow, max-snippet:-1, max-image-preview:large, max-video-preview:-1\" \/>\n<link rel=\"canonical\" href=\"https:\/\/www.bionis.fr\/de\/produit\/hptlc-dokumentationsystem-providoc-dd80\/\" \/>\n<meta property=\"og:locale\" content=\"de_DE\" \/>\n<meta property=\"og:type\" content=\"article\" \/>\n<meta property=\"og:title\" content=\"HPTLC-Dokumentationsystem Providoc\u00a9 DD80 - Bionis\" \/>\n<meta property=\"og:description\" content=\"DOKUMENTATION HERUNTERLADEN  Referenz: BS147.003  Dies ist das neueste Ger\u00e4t der Biostep-Reihe.  Er erfasst das Bild der Platte mit seiner hochaufl\u00f6senden Digitalkamera (24 Millionen Pixel), die mit einem leistungsstarken Objektiv mit Auto-Zoom, Autofokus ausgestattet ist.  Seine hohe Empfindlichkeit erm\u00f6glicht es, auch schwache Fluoreszenzen zu erkennen.  Die Beleuchtungskabine ist mit 2 EPI-Wei\u00dflichtlampen, 2 UV-R\u00f6hren 254nm , 2 UV-LEDs 366nm sowie 4 UV-LEDs 310nm, 2 UV-LEDs 385nm und einer Wei\u00dflichtlampe zum Durchleuchten ausgestattet, alles zusammen mit den passenden Filtern.\" \/>\n<meta property=\"og:url\" content=\"https:\/\/www.bionis.fr\/de\/produit\/hptlc-dokumentationsystem-providoc-dd80\/\" \/>\n<meta property=\"og:site_name\" content=\"Bionis\" \/>\n<meta property=\"article:modified_time\" content=\"2024-03-28T09:48:36+00:00\" \/>\n<meta property=\"og:image\" content=\"https:\/\/www.bionis.fr\/wp-content\/uploads\/2023\/07\/700x700DD80.png\" \/>\n\t<meta property=\"og:image:width\" content=\"700\" \/>\n\t<meta property=\"og:image:height\" content=\"700\" \/>\n\t<meta property=\"og:image:type\" content=\"image\/png\" \/>\n<meta name=\"twitter:card\" content=\"summary_large_image\" \/>\n<meta name=\"twitter:label1\" content=\"Gesch\u00e4tzte Lesezeit\" \/>\n\t<meta name=\"twitter:data1\" content=\"1\u00a0Minute\" \/>\n<script type=\"application\/ld+json\" class=\"yoast-schema-graph\">{\"@context\":\"https:\\\/\\\/schema.org\",\"@graph\":[{\"@type\":\"WebPage\",\"@id\":\"https:\\\/\\\/www.bionis.fr\\\/de\\\/produit\\\/hptlc-dokumentationsystem-providoc-dd80\\\/\",\"url\":\"https:\\\/\\\/www.bionis.fr\\\/de\\\/produit\\\/hptlc-dokumentationsystem-providoc-dd80\\\/\",\"name\":\"HPTLC-Dokumentationsystem Providoc\u00a9 DD80 - Bionis\",\"isPartOf\":{\"@id\":\"https:\\\/\\\/www.bionis.fr\\\/#website\"},\"primaryImageOfPage\":{\"@id\":\"https:\\\/\\\/www.bionis.fr\\\/de\\\/produit\\\/hptlc-dokumentationsystem-providoc-dd80\\\/#primaryimage\"},\"image\":{\"@id\":\"https:\\\/\\\/www.bionis.fr\\\/de\\\/produit\\\/hptlc-dokumentationsystem-providoc-dd80\\\/#primaryimage\"},\"thumbnailUrl\":\"https:\\\/\\\/www.bionis.fr\\\/wp-content\\\/uploads\\\/2024\\\/05\\\/IMG_49553-1.png\",\"datePublished\":\"2023-09-01T08:22:39+00:00\",\"dateModified\":\"2024-03-28T09:48:36+00:00\",\"description\":\"DOKUMENTATION HERUNTERLADEN Referenz: BS147.003 Dies ist das neueste Ger\u00e4t der Biostep-Reihe. Er erfasst das Bild der Platte mit seiner hochaufl\u00f6senden Digitalkamera (24 Millionen Pixel), die mit einem leistungsstarken Objektiv mit Auto-Zoom, Autofokus ausgestattet ist. Seine hohe Empfindlichkeit erm\u00f6glicht es, auch schwache Fluoreszenzen zu erkennen. Die Beleuchtungskabine ist mit 2 EPI-Wei\u00dflichtlampen, 2 UV-R\u00f6hren 254nm , 2 UV-LEDs 366nm sowie 4 UV-LEDs 310nm, 2 UV-LEDs 385nm und einer Wei\u00dflichtlampe zum Durchleuchten ausgestattet, alles zusammen mit den passenden Filtern.\",\"breadcrumb\":{\"@id\":\"https:\\\/\\\/www.bionis.fr\\\/de\\\/produit\\\/hptlc-dokumentationsystem-providoc-dd80\\\/#breadcrumb\"},\"inLanguage\":\"de\",\"potentialAction\":[{\"@type\":\"ReadAction\",\"target\":[\"https:\\\/\\\/www.bionis.fr\\\/de\\\/produit\\\/hptlc-dokumentationsystem-providoc-dd80\\\/\"]}]},{\"@type\":\"ImageObject\",\"inLanguage\":\"de\",\"@id\":\"https:\\\/\\\/www.bionis.fr\\\/de\\\/produit\\\/hptlc-dokumentationsystem-providoc-dd80\\\/#primaryimage\",\"url\":\"https:\\\/\\\/www.bionis.fr\\\/wp-content\\\/uploads\\\/2024\\\/05\\\/IMG_49553-1.png\",\"contentUrl\":\"https:\\\/\\\/www.bionis.fr\\\/wp-content\\\/uploads\\\/2024\\\/05\\\/IMG_49553-1.png\",\"width\":700,\"height\":700},{\"@type\":\"BreadcrumbList\",\"@id\":\"https:\\\/\\\/www.bionis.fr\\\/de\\\/produit\\\/hptlc-dokumentationsystem-providoc-dd80\\\/#breadcrumb\",\"itemListElement\":[{\"@type\":\"ListItem\",\"position\":1,\"name\":\"Accueil\",\"item\":\"https:\\\/\\\/www.bionis.fr\\\/\"},{\"@type\":\"ListItem\",\"position\":2,\"name\":\"Shop\",\"item\":\"https:\\\/\\\/www.bionis.fr\\\/de\\\/shop\\\/\"},{\"@type\":\"ListItem\",\"position\":3,\"name\":\"HPTLC-Dokumentationsystem Providoc\u00a9 DD80\"}]},{\"@type\":\"WebSite\",\"@id\":\"https:\\\/\\\/www.bionis.fr\\\/#website\",\"url\":\"https:\\\/\\\/www.bionis.fr\\\/\",\"name\":\"Bionis\",\"description\":\"Die D\u00fcnnschichtchromatographie-L\u00f6sung\",\"publisher\":{\"@id\":\"https:\\\/\\\/www.bionis.fr\\\/#organization\"},\"potentialAction\":[{\"@type\":\"SearchAction\",\"target\":{\"@type\":\"EntryPoint\",\"urlTemplate\":\"https:\\\/\\\/www.bionis.fr\\\/?s={search_term_string}\"},\"query-input\":{\"@type\":\"PropertyValueSpecification\",\"valueRequired\":true,\"valueName\":\"search_term_string\"}}],\"inLanguage\":\"de\"},{\"@type\":\"Organization\",\"@id\":\"https:\\\/\\\/www.bionis.fr\\\/#organization\",\"name\":\"Bionis\",\"url\":\"https:\\\/\\\/www.bionis.fr\\\/\",\"logo\":{\"@type\":\"ImageObject\",\"inLanguage\":\"de\",\"@id\":\"https:\\\/\\\/www.bionis.fr\\\/#\\\/schema\\\/logo\\\/image\\\/\",\"url\":\"https:\\\/\\\/www.bionis.fr\\\/wp-content\\\/uploads\\\/2020\\\/07\\\/bionis-logo.png\",\"contentUrl\":\"https:\\\/\\\/www.bionis.fr\\\/wp-content\\\/uploads\\\/2020\\\/07\\\/bionis-logo.png\",\"width\":500,\"height\":125,\"caption\":\"Bionis\"},\"image\":{\"@id\":\"https:\\\/\\\/www.bionis.fr\\\/#\\\/schema\\\/logo\\\/image\\\/\"},\"sameAs\":[\"https:\\\/\\\/www.linkedin.com\\\/company\\\/bionis-sas?originalSubdomain=fr\"]}]}<\/script>\n<!-- \/ Yoast SEO plugin. -->","yoast_head_json":{"title":"HPTLC-Dokumentationsystem Providoc\u00a9 DD80 - Bionis","description":"DOKUMENTATION HERUNTERLADEN  Referenz: BS147.003  Dies ist das neueste Ger\u00e4t der Biostep-Reihe.  Er erfasst das Bild der Platte mit seiner hochaufl\u00f6senden Digitalkamera (24 Millionen Pixel), die mit einem leistungsstarken Objektiv mit Auto-Zoom, Autofokus ausgestattet ist.  Seine hohe Empfindlichkeit erm\u00f6glicht es, auch schwache Fluoreszenzen zu erkennen.  Die Beleuchtungskabine ist mit 2 EPI-Wei\u00dflichtlampen, 2 UV-R\u00f6hren 254nm , 2 UV-LEDs 366nm sowie 4 UV-LEDs 310nm, 2 UV-LEDs 385nm und einer Wei\u00dflichtlampe zum Durchleuchten ausgestattet, alles zusammen mit den passenden Filtern.","robots":{"index":"index","follow":"follow","max-snippet":"max-snippet:-1","max-image-preview":"max-image-preview:large","max-video-preview":"max-video-preview:-1"},"canonical":"https:\/\/www.bionis.fr\/de\/produit\/hptlc-dokumentationsystem-providoc-dd80\/","og_locale":"de_DE","og_type":"article","og_title":"HPTLC-Dokumentationsystem Providoc\u00a9 DD80 - Bionis","og_description":"DOKUMENTATION HERUNTERLADEN  Referenz: BS147.003  Dies ist das neueste Ger\u00e4t der Biostep-Reihe.  Er erfasst das Bild der Platte mit seiner hochaufl\u00f6senden Digitalkamera (24 Millionen Pixel), die mit einem leistungsstarken Objektiv mit Auto-Zoom, Autofokus ausgestattet ist.  Seine hohe Empfindlichkeit erm\u00f6glicht es, auch schwache Fluoreszenzen zu erkennen.  Die Beleuchtungskabine ist mit 2 EPI-Wei\u00dflichtlampen, 2 UV-R\u00f6hren 254nm , 2 UV-LEDs 366nm sowie 4 UV-LEDs 310nm, 2 UV-LEDs 385nm und einer Wei\u00dflichtlampe zum Durchleuchten ausgestattet, alles zusammen mit den passenden Filtern.","og_url":"https:\/\/www.bionis.fr\/de\/produit\/hptlc-dokumentationsystem-providoc-dd80\/","og_site_name":"Bionis","article_modified_time":"2024-03-28T09:48:36+00:00","og_image":[{"width":700,"height":700,"url":"https:\/\/www.bionis.fr\/wp-content\/uploads\/2023\/07\/700x700DD80.png","type":"image\/png"}],"twitter_card":"summary_large_image","twitter_misc":{"Gesch\u00e4tzte Lesezeit":"1\u00a0Minute"},"schema":{"@context":"https:\/\/schema.org","@graph":[{"@type":"WebPage","@id":"https:\/\/www.bionis.fr\/de\/produit\/hptlc-dokumentationsystem-providoc-dd80\/","url":"https:\/\/www.bionis.fr\/de\/produit\/hptlc-dokumentationsystem-providoc-dd80\/","name":"HPTLC-Dokumentationsystem Providoc\u00a9 DD80 - Bionis","isPartOf":{"@id":"https:\/\/www.bionis.fr\/#website"},"primaryImageOfPage":{"@id":"https:\/\/www.bionis.fr\/de\/produit\/hptlc-dokumentationsystem-providoc-dd80\/#primaryimage"},"image":{"@id":"https:\/\/www.bionis.fr\/de\/produit\/hptlc-dokumentationsystem-providoc-dd80\/#primaryimage"},"thumbnailUrl":"https:\/\/www.bionis.fr\/wp-content\/uploads\/2024\/05\/IMG_49553-1.png","datePublished":"2023-09-01T08:22:39+00:00","dateModified":"2024-03-28T09:48:36+00:00","description":"DOKUMENTATION HERUNTERLADEN Referenz: BS147.003 Dies ist das neueste Ger\u00e4t der Biostep-Reihe. Er erfasst das Bild der Platte mit seiner hochaufl\u00f6senden Digitalkamera (24 Millionen Pixel), die mit einem leistungsstarken Objektiv mit Auto-Zoom, Autofokus ausgestattet ist. Seine hohe Empfindlichkeit erm\u00f6glicht es, auch schwache Fluoreszenzen zu erkennen. Die Beleuchtungskabine ist mit 2 EPI-Wei\u00dflichtlampen, 2 UV-R\u00f6hren 254nm , 2 UV-LEDs 366nm sowie 4 UV-LEDs 310nm, 2 UV-LEDs 385nm und einer Wei\u00dflichtlampe zum Durchleuchten ausgestattet, alles zusammen mit den passenden Filtern.","breadcrumb":{"@id":"https:\/\/www.bionis.fr\/de\/produit\/hptlc-dokumentationsystem-providoc-dd80\/#breadcrumb"},"inLanguage":"de","potentialAction":[{"@type":"ReadAction","target":["https:\/\/www.bionis.fr\/de\/produit\/hptlc-dokumentationsystem-providoc-dd80\/"]}]},{"@type":"ImageObject","inLanguage":"de","@id":"https:\/\/www.bionis.fr\/de\/produit\/hptlc-dokumentationsystem-providoc-dd80\/#primaryimage","url":"https:\/\/www.bionis.fr\/wp-content\/uploads\/2024\/05\/IMG_49553-1.png","contentUrl":"https:\/\/www.bionis.fr\/wp-content\/uploads\/2024\/05\/IMG_49553-1.png","width":700,"height":700},{"@type":"BreadcrumbList","@id":"https:\/\/www.bionis.fr\/de\/produit\/hptlc-dokumentationsystem-providoc-dd80\/#breadcrumb","itemListElement":[{"@type":"ListItem","position":1,"name":"Accueil","item":"https:\/\/www.bionis.fr\/"},{"@type":"ListItem","position":2,"name":"Shop","item":"https:\/\/www.bionis.fr\/de\/shop\/"},{"@type":"ListItem","position":3,"name":"HPTLC-Dokumentationsystem Providoc\u00a9 DD80"}]},{"@type":"WebSite","@id":"https:\/\/www.bionis.fr\/#website","url":"https:\/\/www.bionis.fr\/","name":"Bionis","description":"Die D\u00fcnnschichtchromatographie-L\u00f6sung","publisher":{"@id":"https:\/\/www.bionis.fr\/#organization"},"potentialAction":[{"@type":"SearchAction","target":{"@type":"EntryPoint","urlTemplate":"https:\/\/www.bionis.fr\/?s={search_term_string}"},"query-input":{"@type":"PropertyValueSpecification","valueRequired":true,"valueName":"search_term_string"}}],"inLanguage":"de"},{"@type":"Organization","@id":"https:\/\/www.bionis.fr\/#organization","name":"Bionis","url":"https:\/\/www.bionis.fr\/","logo":{"@type":"ImageObject","inLanguage":"de","@id":"https:\/\/www.bionis.fr\/#\/schema\/logo\/image\/","url":"https:\/\/www.bionis.fr\/wp-content\/uploads\/2020\/07\/bionis-logo.png","contentUrl":"https:\/\/www.bionis.fr\/wp-content\/uploads\/2020\/07\/bionis-logo.png","width":500,"height":125,"caption":"Bionis"},"image":{"@id":"https:\/\/www.bionis.fr\/#\/schema\/logo\/image\/"},"sameAs":["https:\/\/www.linkedin.com\/company\/bionis-sas?originalSubdomain=fr"]}]}},"_links":{"self":[{"href":"https:\/\/www.bionis.fr\/de\/wp-json\/wp\/v2\/product\/5365","targetHints":{"allow":["GET"]}}],"collection":[{"href":"https:\/\/www.bionis.fr\/de\/wp-json\/wp\/v2\/product"}],"about":[{"href":"https:\/\/www.bionis.fr\/de\/wp-json\/wp\/v2\/types\/product"}],"wp:featuredmedia":[{"embeddable":true,"href":"https:\/\/www.bionis.fr\/de\/wp-json\/wp\/v2\/media\/7227"}],"wp:attachment":[{"href":"https:\/\/www.bionis.fr\/de\/wp-json\/wp\/v2\/media?parent=5365"}],"wp:term":[{"taxonomy":"product_brand","embeddable":true,"href":"https:\/\/www.bionis.fr\/de\/wp-json\/wp\/v2\/product_brand?post=5365"},{"taxonomy":"product_cat","embeddable":true,"href":"https:\/\/www.bionis.fr\/de\/wp-json\/wp\/v2\/product_cat?post=5365"},{"taxonomy":"product_tag","embeddable":true,"href":"https:\/\/www.bionis.fr\/de\/wp-json\/wp\/v2\/product_tag?post=5365"}],"curies":[{"name":"wp","href":"https:\/\/api.w.org\/{rel}","templated":true}]}}