{"id":5381,"date":"2022-08-29T10:56:12","date_gmt":"2022-08-29T08:56:12","guid":{"rendered":"https:\/\/www.bionis.fr\/produit\/glasplatten-praeparate-ccm-tlc-eco-200x200-mm-uv254nm\/"},"modified":"2023-09-10T16:43:07","modified_gmt":"2023-09-10T14:43:07","slug":"glasplatten-praeparate-tlc-eco-200x200-mm-uv254nm","status":"publish","type":"product","link":"https:\/\/www.bionis.fr\/de\/produit\/glasplatten-praeparate-tlc-eco-200x200-mm-uv254nm\/","title":{"rendered":"Glasplatten Pr\u00e4parate TLC-Eco 200&#215;200 mm UV254nm"},"content":{"rendered":"<p><strong>Technische Daten:<\/strong><\/p>\n<p>Schichtdicke: 0,5 \u00b5m<\/p>\n<p>Spezifische Oberfl\u00e4che (BET) ~ 500 m\u00b2\/g,<\/p>\n<p>Durchschnittliche Porengr\u00f6\u00dfe 60 Angstr\u00f6m,<\/p>\n<p>Spezifisches Porenvolumen 0,75 mL\/g,<\/p>\n<p>Partikelgr\u00f6\u00dfe 5-8 \u03bcm,<\/p>\n<p>Standardqualit\u00e4t,<\/p>\n<p>PH-Stabilit\u00e4t: 6,2 &#8211; 6,8<\/p>\n<p>UV254nm-Indikator<\/p>\n","protected":false},"excerpt":{"rendered":"<p><strong>Bestellnummer: FBPLC-200200F<\/strong><\/p>\n<p>TLC-Platten Glas Si 60 pr\u00e4parativ- Packung mit 16 St\u00fcck<\/p>\n<p><strong>Vorteile :<\/strong><\/p>\n<p>&#8211; optimale Benetzbarkeit f\u00fcr scharfe und pr\u00e4zise Farbergebnisse, auch mit Reagenzien in 100 %iger w\u00e4ssriger L\u00f6sung<\/p>\n<p>&#8211; effiziente Trennung und hervorragende Reproduzierbarkeit von Charge zu Charge<\/p>\n","protected":false},"featured_media":3934,"template":"","meta":[],"product_brand":[],"product_cat":[185],"product_tag":[],"class_list":{"0":"post-5381","1":"product","2":"type-product","3":"status-publish","4":"has-post-thumbnail","6":"product_cat-tlc-platten-glas","8":"first","9":"instock","10":"taxable","11":"shipping-taxable","12":"product-type-simple"},"yoast_head":"<!-- This site is optimized with the Yoast SEO plugin v27.4 - https:\/\/yoast.com\/product\/yoast-seo-wordpress\/ -->\n<title>Glasplatten Pr\u00e4parate TLC-Eco 200x200 mm UV254nm - Bionis<\/title>\n<meta name=\"description\" content=\"Bestellnummer: FBPLC-200200F TLC-Platten Glas Si 60 pr\u00e4parativ- Packung mit 16 St\u00fcck Vorteile : - optimale Benetzbarkeit f\u00fcr scharfe und pr\u00e4zise Farbergebnisse, auch mit Reagenzien in 100 %iger w\u00e4ssriger L\u00f6sung - effiziente Trennung und hervorragende Reproduzierbarkeit von Charge zu Charge\" \/>\n<meta name=\"robots\" content=\"index, follow, max-snippet:-1, max-image-preview:large, max-video-preview:-1\" \/>\n<link rel=\"canonical\" href=\"https:\/\/www.bionis.fr\/de\/produit\/glasplatten-praeparate-tlc-eco-200x200-mm-uv254nm\/\" \/>\n<meta property=\"og:locale\" content=\"de_DE\" \/>\n<meta property=\"og:type\" content=\"article\" \/>\n<meta property=\"og:title\" content=\"Glasplatten Pr\u00e4parate TLC-Eco 200x200 mm UV254nm - Bionis\" \/>\n<meta property=\"og:description\" content=\"Bestellnummer: FBPLC-200200F TLC-Platten Glas Si 60 pr\u00e4parativ- Packung mit 16 St\u00fcck Vorteile : - optimale Benetzbarkeit f\u00fcr scharfe und pr\u00e4zise Farbergebnisse, auch mit Reagenzien in 100 %iger w\u00e4ssriger L\u00f6sung - effiziente Trennung und hervorragende Reproduzierbarkeit von Charge zu Charge\" \/>\n<meta property=\"og:url\" content=\"https:\/\/www.bionis.fr\/de\/produit\/glasplatten-praeparate-tlc-eco-200x200-mm-uv254nm\/\" \/>\n<meta property=\"og:site_name\" content=\"Bionis\" \/>\n<meta property=\"article:modified_time\" content=\"2023-09-10T14:43:07+00:00\" \/>\n<meta property=\"og:image\" content=\"https:\/\/www.bionis.fr\/wp-content\/uploads\/2020\/08\/700x700_plaques-TLC-Eco-verre.png\" \/>\n\t<meta property=\"og:image:width\" content=\"700\" \/>\n\t<meta property=\"og:image:height\" content=\"700\" \/>\n\t<meta property=\"og:image:type\" content=\"image\/png\" \/>\n<meta name=\"twitter:card\" content=\"summary_large_image\" \/>\n<script type=\"application\/ld+json\" class=\"yoast-schema-graph\">{\"@context\":\"https:\\\/\\\/schema.org\",\"@graph\":[{\"@type\":\"WebPage\",\"@id\":\"https:\\\/\\\/www.bionis.fr\\\/de\\\/produit\\\/glasplatten-praeparate-tlc-eco-200x200-mm-uv254nm\\\/\",\"url\":\"https:\\\/\\\/www.bionis.fr\\\/de\\\/produit\\\/glasplatten-praeparate-tlc-eco-200x200-mm-uv254nm\\\/\",\"name\":\"Glasplatten Pr\u00e4parate TLC-Eco 200x200 mm UV254nm - Bionis\",\"isPartOf\":{\"@id\":\"https:\\\/\\\/www.bionis.fr\\\/#website\"},\"primaryImageOfPage\":{\"@id\":\"https:\\\/\\\/www.bionis.fr\\\/de\\\/produit\\\/glasplatten-praeparate-tlc-eco-200x200-mm-uv254nm\\\/#primaryimage\"},\"image\":{\"@id\":\"https:\\\/\\\/www.bionis.fr\\\/de\\\/produit\\\/glasplatten-praeparate-tlc-eco-200x200-mm-uv254nm\\\/#primaryimage\"},\"thumbnailUrl\":\"https:\\\/\\\/www.bionis.fr\\\/wp-content\\\/uploads\\\/2020\\\/08\\\/700x700_plaques-TLC-Eco-verre.png\",\"datePublished\":\"2022-08-29T08:56:12+00:00\",\"dateModified\":\"2023-09-10T14:43:07+00:00\",\"description\":\"Bestellnummer: FBPLC-200200F TLC-Platten Glas Si 60 pr\u00e4parativ- Packung mit 16 St\u00fcck Vorteile : - optimale Benetzbarkeit f\u00fcr scharfe und pr\u00e4zise Farbergebnisse, auch mit Reagenzien in 100 %iger w\u00e4ssriger L\u00f6sung - effiziente Trennung und hervorragende Reproduzierbarkeit von Charge zu Charge\",\"breadcrumb\":{\"@id\":\"https:\\\/\\\/www.bionis.fr\\\/de\\\/produit\\\/glasplatten-praeparate-tlc-eco-200x200-mm-uv254nm\\\/#breadcrumb\"},\"inLanguage\":\"de\",\"potentialAction\":[{\"@type\":\"ReadAction\",\"target\":[\"https:\\\/\\\/www.bionis.fr\\\/de\\\/produit\\\/glasplatten-praeparate-tlc-eco-200x200-mm-uv254nm\\\/\"]}]},{\"@type\":\"ImageObject\",\"inLanguage\":\"de\",\"@id\":\"https:\\\/\\\/www.bionis.fr\\\/de\\\/produit\\\/glasplatten-praeparate-tlc-eco-200x200-mm-uv254nm\\\/#primaryimage\",\"url\":\"https:\\\/\\\/www.bionis.fr\\\/wp-content\\\/uploads\\\/2020\\\/08\\\/700x700_plaques-TLC-Eco-verre.png\",\"contentUrl\":\"https:\\\/\\\/www.bionis.fr\\\/wp-content\\\/uploads\\\/2020\\\/08\\\/700x700_plaques-TLC-Eco-verre.png\",\"width\":700,\"height\":700},{\"@type\":\"BreadcrumbList\",\"@id\":\"https:\\\/\\\/www.bionis.fr\\\/de\\\/produit\\\/glasplatten-praeparate-tlc-eco-200x200-mm-uv254nm\\\/#breadcrumb\",\"itemListElement\":[{\"@type\":\"ListItem\",\"position\":1,\"name\":\"Accueil\",\"item\":\"https:\\\/\\\/www.bionis.fr\\\/\"},{\"@type\":\"ListItem\",\"position\":2,\"name\":\"Shop\",\"item\":\"https:\\\/\\\/www.bionis.fr\\\/de\\\/shop\\\/\"},{\"@type\":\"ListItem\",\"position\":3,\"name\":\"Glasplatten Pr\u00e4parate TLC-Eco 200&#215;200 mm UV254nm\"}]},{\"@type\":\"WebSite\",\"@id\":\"https:\\\/\\\/www.bionis.fr\\\/#website\",\"url\":\"https:\\\/\\\/www.bionis.fr\\\/\",\"name\":\"Bionis\",\"description\":\"Die D\u00fcnnschichtchromatographie-L\u00f6sung\",\"publisher\":{\"@id\":\"https:\\\/\\\/www.bionis.fr\\\/#organization\"},\"potentialAction\":[{\"@type\":\"SearchAction\",\"target\":{\"@type\":\"EntryPoint\",\"urlTemplate\":\"https:\\\/\\\/www.bionis.fr\\\/?s={search_term_string}\"},\"query-input\":{\"@type\":\"PropertyValueSpecification\",\"valueRequired\":true,\"valueName\":\"search_term_string\"}}],\"inLanguage\":\"de\"},{\"@type\":\"Organization\",\"@id\":\"https:\\\/\\\/www.bionis.fr\\\/#organization\",\"name\":\"Bionis\",\"url\":\"https:\\\/\\\/www.bionis.fr\\\/\",\"logo\":{\"@type\":\"ImageObject\",\"inLanguage\":\"de\",\"@id\":\"https:\\\/\\\/www.bionis.fr\\\/#\\\/schema\\\/logo\\\/image\\\/\",\"url\":\"https:\\\/\\\/www.bionis.fr\\\/wp-content\\\/uploads\\\/2020\\\/07\\\/bionis-logo.png\",\"contentUrl\":\"https:\\\/\\\/www.bionis.fr\\\/wp-content\\\/uploads\\\/2020\\\/07\\\/bionis-logo.png\",\"width\":500,\"height\":125,\"caption\":\"Bionis\"},\"image\":{\"@id\":\"https:\\\/\\\/www.bionis.fr\\\/#\\\/schema\\\/logo\\\/image\\\/\"},\"sameAs\":[\"https:\\\/\\\/www.linkedin.com\\\/company\\\/bionis-sas?originalSubdomain=fr\"]}]}<\/script>\n<!-- \/ Yoast SEO plugin. -->","yoast_head_json":{"title":"Glasplatten Pr\u00e4parate TLC-Eco 200x200 mm UV254nm - Bionis","description":"Bestellnummer: FBPLC-200200F TLC-Platten Glas Si 60 pr\u00e4parativ- Packung mit 16 St\u00fcck Vorteile : - optimale Benetzbarkeit f\u00fcr scharfe und pr\u00e4zise Farbergebnisse, auch mit Reagenzien in 100 %iger w\u00e4ssriger L\u00f6sung - effiziente Trennung und hervorragende Reproduzierbarkeit von Charge zu Charge","robots":{"index":"index","follow":"follow","max-snippet":"max-snippet:-1","max-image-preview":"max-image-preview:large","max-video-preview":"max-video-preview:-1"},"canonical":"https:\/\/www.bionis.fr\/de\/produit\/glasplatten-praeparate-tlc-eco-200x200-mm-uv254nm\/","og_locale":"de_DE","og_type":"article","og_title":"Glasplatten Pr\u00e4parate TLC-Eco 200x200 mm UV254nm - Bionis","og_description":"Bestellnummer: FBPLC-200200F TLC-Platten Glas Si 60 pr\u00e4parativ- Packung mit 16 St\u00fcck Vorteile : - optimale Benetzbarkeit f\u00fcr scharfe und pr\u00e4zise Farbergebnisse, auch mit Reagenzien in 100 %iger w\u00e4ssriger L\u00f6sung - effiziente Trennung und hervorragende Reproduzierbarkeit von Charge zu Charge","og_url":"https:\/\/www.bionis.fr\/de\/produit\/glasplatten-praeparate-tlc-eco-200x200-mm-uv254nm\/","og_site_name":"Bionis","article_modified_time":"2023-09-10T14:43:07+00:00","og_image":[{"width":700,"height":700,"url":"https:\/\/www.bionis.fr\/wp-content\/uploads\/2020\/08\/700x700_plaques-TLC-Eco-verre.png","type":"image\/png"}],"twitter_card":"summary_large_image","schema":{"@context":"https:\/\/schema.org","@graph":[{"@type":"WebPage","@id":"https:\/\/www.bionis.fr\/de\/produit\/glasplatten-praeparate-tlc-eco-200x200-mm-uv254nm\/","url":"https:\/\/www.bionis.fr\/de\/produit\/glasplatten-praeparate-tlc-eco-200x200-mm-uv254nm\/","name":"Glasplatten Pr\u00e4parate TLC-Eco 200x200 mm UV254nm - Bionis","isPartOf":{"@id":"https:\/\/www.bionis.fr\/#website"},"primaryImageOfPage":{"@id":"https:\/\/www.bionis.fr\/de\/produit\/glasplatten-praeparate-tlc-eco-200x200-mm-uv254nm\/#primaryimage"},"image":{"@id":"https:\/\/www.bionis.fr\/de\/produit\/glasplatten-praeparate-tlc-eco-200x200-mm-uv254nm\/#primaryimage"},"thumbnailUrl":"https:\/\/www.bionis.fr\/wp-content\/uploads\/2020\/08\/700x700_plaques-TLC-Eco-verre.png","datePublished":"2022-08-29T08:56:12+00:00","dateModified":"2023-09-10T14:43:07+00:00","description":"Bestellnummer: FBPLC-200200F TLC-Platten Glas Si 60 pr\u00e4parativ- Packung mit 16 St\u00fcck Vorteile : - optimale Benetzbarkeit f\u00fcr scharfe und pr\u00e4zise Farbergebnisse, auch mit Reagenzien in 100 %iger w\u00e4ssriger L\u00f6sung - effiziente Trennung und hervorragende Reproduzierbarkeit von Charge zu Charge","breadcrumb":{"@id":"https:\/\/www.bionis.fr\/de\/produit\/glasplatten-praeparate-tlc-eco-200x200-mm-uv254nm\/#breadcrumb"},"inLanguage":"de","potentialAction":[{"@type":"ReadAction","target":["https:\/\/www.bionis.fr\/de\/produit\/glasplatten-praeparate-tlc-eco-200x200-mm-uv254nm\/"]}]},{"@type":"ImageObject","inLanguage":"de","@id":"https:\/\/www.bionis.fr\/de\/produit\/glasplatten-praeparate-tlc-eco-200x200-mm-uv254nm\/#primaryimage","url":"https:\/\/www.bionis.fr\/wp-content\/uploads\/2020\/08\/700x700_plaques-TLC-Eco-verre.png","contentUrl":"https:\/\/www.bionis.fr\/wp-content\/uploads\/2020\/08\/700x700_plaques-TLC-Eco-verre.png","width":700,"height":700},{"@type":"BreadcrumbList","@id":"https:\/\/www.bionis.fr\/de\/produit\/glasplatten-praeparate-tlc-eco-200x200-mm-uv254nm\/#breadcrumb","itemListElement":[{"@type":"ListItem","position":1,"name":"Accueil","item":"https:\/\/www.bionis.fr\/"},{"@type":"ListItem","position":2,"name":"Shop","item":"https:\/\/www.bionis.fr\/de\/shop\/"},{"@type":"ListItem","position":3,"name":"Glasplatten Pr\u00e4parate TLC-Eco 200&#215;200 mm UV254nm"}]},{"@type":"WebSite","@id":"https:\/\/www.bionis.fr\/#website","url":"https:\/\/www.bionis.fr\/","name":"Bionis","description":"Die D\u00fcnnschichtchromatographie-L\u00f6sung","publisher":{"@id":"https:\/\/www.bionis.fr\/#organization"},"potentialAction":[{"@type":"SearchAction","target":{"@type":"EntryPoint","urlTemplate":"https:\/\/www.bionis.fr\/?s={search_term_string}"},"query-input":{"@type":"PropertyValueSpecification","valueRequired":true,"valueName":"search_term_string"}}],"inLanguage":"de"},{"@type":"Organization","@id":"https:\/\/www.bionis.fr\/#organization","name":"Bionis","url":"https:\/\/www.bionis.fr\/","logo":{"@type":"ImageObject","inLanguage":"de","@id":"https:\/\/www.bionis.fr\/#\/schema\/logo\/image\/","url":"https:\/\/www.bionis.fr\/wp-content\/uploads\/2020\/07\/bionis-logo.png","contentUrl":"https:\/\/www.bionis.fr\/wp-content\/uploads\/2020\/07\/bionis-logo.png","width":500,"height":125,"caption":"Bionis"},"image":{"@id":"https:\/\/www.bionis.fr\/#\/schema\/logo\/image\/"},"sameAs":["https:\/\/www.linkedin.com\/company\/bionis-sas?originalSubdomain=fr"]}]}},"_links":{"self":[{"href":"https:\/\/www.bionis.fr\/de\/wp-json\/wp\/v2\/product\/5381","targetHints":{"allow":["GET"]}}],"collection":[{"href":"https:\/\/www.bionis.fr\/de\/wp-json\/wp\/v2\/product"}],"about":[{"href":"https:\/\/www.bionis.fr\/de\/wp-json\/wp\/v2\/types\/product"}],"wp:featuredmedia":[{"embeddable":true,"href":"https:\/\/www.bionis.fr\/de\/wp-json\/wp\/v2\/media\/3934"}],"wp:attachment":[{"href":"https:\/\/www.bionis.fr\/de\/wp-json\/wp\/v2\/media?parent=5381"}],"wp:term":[{"taxonomy":"product_brand","embeddable":true,"href":"https:\/\/www.bionis.fr\/de\/wp-json\/wp\/v2\/product_brand?post=5381"},{"taxonomy":"product_cat","embeddable":true,"href":"https:\/\/www.bionis.fr\/de\/wp-json\/wp\/v2\/product_cat?post=5381"},{"taxonomy":"product_tag","embeddable":true,"href":"https:\/\/www.bionis.fr\/de\/wp-json\/wp\/v2\/product_tag?post=5381"}],"curies":[{"name":"wp","href":"https:\/\/api.w.org\/{rel}","templated":true}]}}