{"id":5393,"date":"2021-01-28T16:25:46","date_gmt":"2021-01-28T15:25:46","guid":{"rendered":"https:\/\/www.bionis.fr\/produit\/universal-trockenschrank-xu032-32l\/"},"modified":"2023-09-10T08:47:52","modified_gmt":"2023-09-10T06:47:52","slug":"universal-trockenschrank","status":"publish","type":"product","link":"https:\/\/www.bionis.fr\/de\/produit\/universal-trockenschrank\/","title":{"rendered":"Universal-Trockenschrank XU032 (32L)"},"content":{"rendered":"<p>Der Universal-Trockenschrank XU032 wird insbesondere verwendet :<\/p>\n<ul>\n<li>um die tlc-Platten vor dem Auftragen der Proben zu trocknen,<\/li>\n<li>um die mobile Phase von den tlc-Platten nach der Entwicklung vor der Analyse zu verdampfen,<\/li>\n<li>um \u00fcbersch\u00fcssiges Wasser von den ccm-Platten zu entfernen, nachdem du sie mit S\u00e4ure gewaschen und mit destilliertem Wasser gesp\u00fclt hast.<\/li>\n<\/ul>\n<p><strong>Technische Daten:<\/strong><\/p>\n<p>Volumen des Zimmers: 32 Liter<\/p>\n<p>Leistung: 100 \/ 110V, 220 \/ 240V, 50 \/ 60Hz, 1000W<\/p>\n<p>Au\u00dfenma\u00dfe: 464 (B) x 566 (H) x 712 (T) mm<\/p>\n<p>Innenma\u00dfe: 300 (B) x 270 (H) x 400 (T) mm<\/p>\n<p>Temperaturkontrollbereich: Umgebungstemperatur ~ 300 \u00b0 C<\/p>\n<p>Temperaturgenauigkeit: =\/- &lt;0,2 \u00b0 C<\/p>\n<p>Maximale Anzahl an Regalen: 6<\/p>\n<p>Anzahl der Ventilatoren: 1<\/p>\n<p>Nettogewicht: 39 kg<\/p>\n","protected":false},"excerpt":{"rendered":"<p><strong>Referenz: FEXU032<\/strong><\/p>\n<p>Der Universal-Trockenschrank XU032 eignet sich f\u00fcr alle Anwendungen zum Trocknen, Erw\u00e4rmen, Warmhalten, Sterilisieren, Altern von Komponenten, Aush\u00e4rten oder andere thermische Tests &#8230; in Labors und in allen Industriezweigen.<\/p>\n","protected":false},"featured_media":3880,"template":"","meta":[],"product_brand":[],"product_cat":[180],"product_tag":[],"class_list":{"0":"post-5393","1":"product","2":"type-product","3":"status-publish","4":"has-post-thumbnail","6":"product_cat-trockenschranke","8":"first","9":"instock","10":"taxable","11":"shipping-taxable","12":"product-type-simple"},"yoast_head":"<!-- This site is optimized with the Yoast SEO plugin v27.4 - https:\/\/yoast.com\/product\/yoast-seo-wordpress\/ -->\n<title>Universal-Trockenschrank XU032 (32L) - Bionis SAS<\/title>\n<meta name=\"description\" content=\"Der Universal-Trockenschrank XU032 eignet sich f\u00fcr alle Anwendungen zum Trocknen, Erw\u00e4rmen, Warmhalten etc.\" \/>\n<meta name=\"robots\" content=\"index, follow, max-snippet:-1, max-image-preview:large, max-video-preview:-1\" \/>\n<link rel=\"canonical\" href=\"https:\/\/www.bionis.fr\/de\/produit\/universal-sechage-tube\/\" \/>\n<meta property=\"og:locale\" content=\"de_DE\" \/>\n<meta property=\"og:type\" content=\"article\" \/>\n<meta property=\"og:title\" content=\"Universal-Trockenschrank XU032 (32L) - Bionis SAS\" \/>\n<meta property=\"og:description\" content=\"Der Universal-Trockenschrank XU032 eignet sich f\u00fcr alle Anwendungen zum Trocknen, Erw\u00e4rmen, Warmhalten etc.\" \/>\n<meta property=\"og:url\" content=\"https:\/\/www.bionis.fr\/de\/produit\/universal-sechage-tube\/\" \/>\n<meta property=\"og:site_name\" content=\"Bionis\" \/>\n<meta property=\"article:modified_time\" content=\"2023-09-10T06:47:52+00:00\" \/>\n<meta property=\"og:image\" content=\"https:\/\/www.bionis.fr\/wp-content\/uploads\/2020\/08\/700x700_Etuve-XU032.png\" \/>\n\t<meta property=\"og:image:width\" content=\"700\" \/>\n\t<meta property=\"og:image:height\" content=\"700\" \/>\n\t<meta property=\"og:image:type\" content=\"image\/png\" \/>\n<meta name=\"twitter:card\" content=\"summary_large_image\" \/>\n<script type=\"application\/ld+json\" class=\"yoast-schema-graph\">{\"@context\":\"https:\\\/\\\/schema.org\",\"@graph\":[{\"@type\":\"WebPage\",\"@id\":\"https:\\\/\\\/www.bionis.fr\\\/de\\\/produit\\\/universal-sechage-tube\\\/\",\"url\":\"https:\\\/\\\/www.bionis.fr\\\/de\\\/produit\\\/universal-sechage-tube\\\/\",\"name\":\"Universal-Trockenschrank XU032 (32L) - Bionis SAS\",\"isPartOf\":{\"@id\":\"https:\\\/\\\/www.bionis.fr\\\/#website\"},\"primaryImageOfPage\":{\"@id\":\"https:\\\/\\\/www.bionis.fr\\\/de\\\/produit\\\/universal-sechage-tube\\\/#primaryimage\"},\"image\":{\"@id\":\"https:\\\/\\\/www.bionis.fr\\\/de\\\/produit\\\/universal-sechage-tube\\\/#primaryimage\"},\"thumbnailUrl\":\"https:\\\/\\\/www.bionis.fr\\\/wp-content\\\/uploads\\\/2020\\\/08\\\/700x700_Etuve-XU032.png\",\"datePublished\":\"2021-01-28T15:25:46+00:00\",\"dateModified\":\"2023-09-10T06:47:52+00:00\",\"description\":\"Der Universal-Trockenschrank XU032 eignet sich f\u00fcr alle Anwendungen zum Trocknen, Erw\u00e4rmen, Warmhalten etc.\",\"breadcrumb\":{\"@id\":\"https:\\\/\\\/www.bionis.fr\\\/de\\\/produit\\\/universal-sechage-tube\\\/#breadcrumb\"},\"inLanguage\":\"de\",\"potentialAction\":[{\"@type\":\"ReadAction\",\"target\":[\"https:\\\/\\\/www.bionis.fr\\\/de\\\/produit\\\/universal-sechage-tube\\\/\"]}]},{\"@type\":\"ImageObject\",\"inLanguage\":\"de\",\"@id\":\"https:\\\/\\\/www.bionis.fr\\\/de\\\/produit\\\/universal-sechage-tube\\\/#primaryimage\",\"url\":\"https:\\\/\\\/www.bionis.fr\\\/wp-content\\\/uploads\\\/2020\\\/08\\\/700x700_Etuve-XU032.png\",\"contentUrl\":\"https:\\\/\\\/www.bionis.fr\\\/wp-content\\\/uploads\\\/2020\\\/08\\\/700x700_Etuve-XU032.png\",\"width\":700,\"height\":700},{\"@type\":\"BreadcrumbList\",\"@id\":\"https:\\\/\\\/www.bionis.fr\\\/de\\\/produit\\\/universal-sechage-tube\\\/#breadcrumb\",\"itemListElement\":[{\"@type\":\"ListItem\",\"position\":1,\"name\":\"Accueil\",\"item\":\"https:\\\/\\\/www.bionis.fr\\\/\"},{\"@type\":\"ListItem\",\"position\":2,\"name\":\"Shop\",\"item\":\"https:\\\/\\\/www.bionis.fr\\\/de\\\/shop\\\/\"},{\"@type\":\"ListItem\",\"position\":3,\"name\":\"Universal-Trockenschrank XU032 (32L)\"}]},{\"@type\":\"WebSite\",\"@id\":\"https:\\\/\\\/www.bionis.fr\\\/#website\",\"url\":\"https:\\\/\\\/www.bionis.fr\\\/\",\"name\":\"Bionis\",\"description\":\"Die D\u00fcnnschichtchromatographie-L\u00f6sung\",\"publisher\":{\"@id\":\"https:\\\/\\\/www.bionis.fr\\\/#organization\"},\"potentialAction\":[{\"@type\":\"SearchAction\",\"target\":{\"@type\":\"EntryPoint\",\"urlTemplate\":\"https:\\\/\\\/www.bionis.fr\\\/?s={search_term_string}\"},\"query-input\":{\"@type\":\"PropertyValueSpecification\",\"valueRequired\":true,\"valueName\":\"search_term_string\"}}],\"inLanguage\":\"de\"},{\"@type\":\"Organization\",\"@id\":\"https:\\\/\\\/www.bionis.fr\\\/#organization\",\"name\":\"Bionis\",\"url\":\"https:\\\/\\\/www.bionis.fr\\\/\",\"logo\":{\"@type\":\"ImageObject\",\"inLanguage\":\"de\",\"@id\":\"https:\\\/\\\/www.bionis.fr\\\/#\\\/schema\\\/logo\\\/image\\\/\",\"url\":\"https:\\\/\\\/www.bionis.fr\\\/wp-content\\\/uploads\\\/2020\\\/07\\\/bionis-logo.png\",\"contentUrl\":\"https:\\\/\\\/www.bionis.fr\\\/wp-content\\\/uploads\\\/2020\\\/07\\\/bionis-logo.png\",\"width\":500,\"height\":125,\"caption\":\"Bionis\"},\"image\":{\"@id\":\"https:\\\/\\\/www.bionis.fr\\\/#\\\/schema\\\/logo\\\/image\\\/\"},\"sameAs\":[\"https:\\\/\\\/www.linkedin.com\\\/company\\\/bionis-sas?originalSubdomain=fr\"]}]}<\/script>\n<!-- \/ Yoast SEO plugin. -->","yoast_head_json":{"title":"Universal-Trockenschrank XU032 (32L) - Bionis SAS","description":"Der Universal-Trockenschrank XU032 eignet sich f\u00fcr alle Anwendungen zum Trocknen, Erw\u00e4rmen, Warmhalten etc.","robots":{"index":"index","follow":"follow","max-snippet":"max-snippet:-1","max-image-preview":"max-image-preview:large","max-video-preview":"max-video-preview:-1"},"canonical":"https:\/\/www.bionis.fr\/de\/produit\/universal-sechage-tube\/","og_locale":"de_DE","og_type":"article","og_title":"Universal-Trockenschrank XU032 (32L) - Bionis SAS","og_description":"Der Universal-Trockenschrank XU032 eignet sich f\u00fcr alle Anwendungen zum Trocknen, Erw\u00e4rmen, Warmhalten etc.","og_url":"https:\/\/www.bionis.fr\/de\/produit\/universal-sechage-tube\/","og_site_name":"Bionis","article_modified_time":"2023-09-10T06:47:52+00:00","og_image":[{"width":700,"height":700,"url":"https:\/\/www.bionis.fr\/wp-content\/uploads\/2020\/08\/700x700_Etuve-XU032.png","type":"image\/png"}],"twitter_card":"summary_large_image","schema":{"@context":"https:\/\/schema.org","@graph":[{"@type":"WebPage","@id":"https:\/\/www.bionis.fr\/de\/produit\/universal-sechage-tube\/","url":"https:\/\/www.bionis.fr\/de\/produit\/universal-sechage-tube\/","name":"Universal-Trockenschrank XU032 (32L) - Bionis SAS","isPartOf":{"@id":"https:\/\/www.bionis.fr\/#website"},"primaryImageOfPage":{"@id":"https:\/\/www.bionis.fr\/de\/produit\/universal-sechage-tube\/#primaryimage"},"image":{"@id":"https:\/\/www.bionis.fr\/de\/produit\/universal-sechage-tube\/#primaryimage"},"thumbnailUrl":"https:\/\/www.bionis.fr\/wp-content\/uploads\/2020\/08\/700x700_Etuve-XU032.png","datePublished":"2021-01-28T15:25:46+00:00","dateModified":"2023-09-10T06:47:52+00:00","description":"Der Universal-Trockenschrank XU032 eignet sich f\u00fcr alle Anwendungen zum Trocknen, Erw\u00e4rmen, Warmhalten etc.","breadcrumb":{"@id":"https:\/\/www.bionis.fr\/de\/produit\/universal-sechage-tube\/#breadcrumb"},"inLanguage":"de","potentialAction":[{"@type":"ReadAction","target":["https:\/\/www.bionis.fr\/de\/produit\/universal-sechage-tube\/"]}]},{"@type":"ImageObject","inLanguage":"de","@id":"https:\/\/www.bionis.fr\/de\/produit\/universal-sechage-tube\/#primaryimage","url":"https:\/\/www.bionis.fr\/wp-content\/uploads\/2020\/08\/700x700_Etuve-XU032.png","contentUrl":"https:\/\/www.bionis.fr\/wp-content\/uploads\/2020\/08\/700x700_Etuve-XU032.png","width":700,"height":700},{"@type":"BreadcrumbList","@id":"https:\/\/www.bionis.fr\/de\/produit\/universal-sechage-tube\/#breadcrumb","itemListElement":[{"@type":"ListItem","position":1,"name":"Accueil","item":"https:\/\/www.bionis.fr\/"},{"@type":"ListItem","position":2,"name":"Shop","item":"https:\/\/www.bionis.fr\/de\/shop\/"},{"@type":"ListItem","position":3,"name":"Universal-Trockenschrank XU032 (32L)"}]},{"@type":"WebSite","@id":"https:\/\/www.bionis.fr\/#website","url":"https:\/\/www.bionis.fr\/","name":"Bionis","description":"Die D\u00fcnnschichtchromatographie-L\u00f6sung","publisher":{"@id":"https:\/\/www.bionis.fr\/#organization"},"potentialAction":[{"@type":"SearchAction","target":{"@type":"EntryPoint","urlTemplate":"https:\/\/www.bionis.fr\/?s={search_term_string}"},"query-input":{"@type":"PropertyValueSpecification","valueRequired":true,"valueName":"search_term_string"}}],"inLanguage":"de"},{"@type":"Organization","@id":"https:\/\/www.bionis.fr\/#organization","name":"Bionis","url":"https:\/\/www.bionis.fr\/","logo":{"@type":"ImageObject","inLanguage":"de","@id":"https:\/\/www.bionis.fr\/#\/schema\/logo\/image\/","url":"https:\/\/www.bionis.fr\/wp-content\/uploads\/2020\/07\/bionis-logo.png","contentUrl":"https:\/\/www.bionis.fr\/wp-content\/uploads\/2020\/07\/bionis-logo.png","width":500,"height":125,"caption":"Bionis"},"image":{"@id":"https:\/\/www.bionis.fr\/#\/schema\/logo\/image\/"},"sameAs":["https:\/\/www.linkedin.com\/company\/bionis-sas?originalSubdomain=fr"]}]}},"_links":{"self":[{"href":"https:\/\/www.bionis.fr\/de\/wp-json\/wp\/v2\/product\/5393","targetHints":{"allow":["GET"]}}],"collection":[{"href":"https:\/\/www.bionis.fr\/de\/wp-json\/wp\/v2\/product"}],"about":[{"href":"https:\/\/www.bionis.fr\/de\/wp-json\/wp\/v2\/types\/product"}],"wp:featuredmedia":[{"embeddable":true,"href":"https:\/\/www.bionis.fr\/de\/wp-json\/wp\/v2\/media\/3880"}],"wp:attachment":[{"href":"https:\/\/www.bionis.fr\/de\/wp-json\/wp\/v2\/media?parent=5393"}],"wp:term":[{"taxonomy":"product_brand","embeddable":true,"href":"https:\/\/www.bionis.fr\/de\/wp-json\/wp\/v2\/product_brand?post=5393"},{"taxonomy":"product_cat","embeddable":true,"href":"https:\/\/www.bionis.fr\/de\/wp-json\/wp\/v2\/product_cat?post=5393"},{"taxonomy":"product_tag","embeddable":true,"href":"https:\/\/www.bionis.fr\/de\/wp-json\/wp\/v2\/product_tag?post=5393"}],"curies":[{"name":"wp","href":"https:\/\/api.w.org\/{rel}","templated":true}]}}