{"id":5409,"date":"2020-08-05T21:36:49","date_gmt":"2020-08-05T19:36:49","guid":{"rendered":"https:\/\/www.bionis.fr\/produit\/hydrophile-testloesung\/"},"modified":"2020-08-05T21:36:49","modified_gmt":"2020-08-05T19:36:49","slug":"losung-von-test-hydrophil","status":"publish","type":"product","link":"https:\/\/www.bionis.fr\/de\/produit\/losung-von-test-hydrophil\/","title":{"rendered":"Hydrophile Testl\u00f6sung"},"content":{"rendered":"<p>Die hydrophile Testl\u00f6sung enth\u00e4lt <strong>vier Farbstoffe<\/strong>.<\/p>\n<p><strong>Fluorescein<\/strong>, das bei Anregung durch langwelliges UV-Licht eine intensive gr\u00fcne Fluoreszenz erzeugt, <strong>Methylrot<\/strong>, das im alkalischen pH-Bereich von rot nach gelb wechselt, <strong>Methylenblau<\/strong> und <strong>Smaragdgr\u00fcn<\/strong>.<\/p>\n<p>Die Farbstoffe werden in<strong>Isopropanol<\/strong> aufgel\u00f6st.<\/p>\n<p>Testl\u00f6sungen 4 hydrophile Farbstoffe, <strong>10-ml-Flaschen<\/strong><\/p>\n","protected":false},"excerpt":{"rendered":"<p><strong>Referenz: BS125.005<\/strong><\/p>\n<p>Im Rahmen von praktischen \u00dcbungen oder im Unterricht erm\u00f6glicht die <strong>Multifarben-Testl\u00f6sung<\/strong> die \u00dcberpr\u00fcfung und aussagekr\u00e4ftige Demonstration der Eigenschaften von mobilen und station\u00e4ren Phasen.<\/p>\n<p>Um die Bedingungen f\u00fcr die <strong>Entwicklung einer Analyse<\/strong> zu \u00fcberpr\u00fcfen, kann es manchmal hilfreich sein, jeder CCM-Trennung separat eine Testmischung beizuf\u00fcgen.<\/p>\n","protected":false},"featured_media":3916,"template":"","meta":[],"product_brand":[],"product_cat":[191],"product_tag":[],"class_list":{"0":"post-5409","1":"product","2":"type-product","3":"status-publish","4":"has-post-thumbnail","6":"product_cat-farblosungen","8":"first","9":"instock","10":"taxable","11":"shipping-taxable","12":"product-type-simple"},"yoast_head":"<!-- This site is optimized with the Yoast SEO plugin v27.4 - https:\/\/yoast.com\/product\/yoast-seo-wordpress\/ -->\n<title>Hydrophile Testl\u00f6sung - Bionis<\/title>\n<meta name=\"description\" content=\"Referenz: BS125.005 Im Rahmen von praktischen \u00dcbungen oder im Unterricht erm\u00f6glicht die Multifarben-Testl\u00f6sung die \u00dcberpr\u00fcfung und aussagekr\u00e4ftige Demonstration der Eigenschaften von mobilen und station\u00e4ren Phasen. Um die Bedingungen f\u00fcr die Entwicklung einer Analyse zu \u00fcberpr\u00fcfen, kann es manchmal hilfreich sein, jeder CCM-Trennung separat eine Testmischung beizuf\u00fcgen.\" \/>\n<meta name=\"robots\" content=\"index, follow, max-snippet:-1, max-image-preview:large, max-video-preview:-1\" \/>\n<link rel=\"canonical\" href=\"https:\/\/www.bionis.fr\/produit\/hydrophile-testloesung\/\" \/>\n<meta property=\"og:locale\" content=\"de_DE\" \/>\n<meta property=\"og:type\" content=\"article\" \/>\n<meta property=\"og:title\" content=\"Hydrophile Testl\u00f6sung - Bionis\" \/>\n<meta property=\"og:description\" content=\"Referenz: BS125.005 Im Rahmen von praktischen \u00dcbungen oder im Unterricht erm\u00f6glicht die Multifarben-Testl\u00f6sung die \u00dcberpr\u00fcfung und aussagekr\u00e4ftige Demonstration der Eigenschaften von mobilen und station\u00e4ren Phasen. Um die Bedingungen f\u00fcr die Entwicklung einer Analyse zu \u00fcberpr\u00fcfen, kann es manchmal hilfreich sein, jeder CCM-Trennung separat eine Testmischung beizuf\u00fcgen.\" \/>\n<meta property=\"og:url\" content=\"https:\/\/www.bionis.fr\/produit\/hydrophile-testloesung\/\" \/>\n<meta property=\"og:site_name\" content=\"Bionis\" \/>\n<meta name=\"twitter:card\" content=\"summary_large_image\" \/>\n<script type=\"application\/ld+json\" class=\"yoast-schema-graph\">{\"@context\":\"https:\\\/\\\/schema.org\",\"@graph\":[{\"@type\":\"WebPage\",\"@id\":\"https:\\\/\\\/www.bionis.fr\\\/produit\\\/hydrophile-testloesung\\\/\",\"url\":\"https:\\\/\\\/www.bionis.fr\\\/produit\\\/hydrophile-testloesung\\\/\",\"name\":\"Hydrophile Testl\u00f6sung - Bionis\",\"isPartOf\":{\"@id\":\"https:\\\/\\\/www.bionis.fr\\\/#website\"},\"primaryImageOfPage\":{\"@id\":\"https:\\\/\\\/www.bionis.fr\\\/produit\\\/hydrophile-testloesung\\\/#primaryimage\"},\"image\":{\"@id\":\"https:\\\/\\\/www.bionis.fr\\\/produit\\\/hydrophile-testloesung\\\/#primaryimage\"},\"thumbnailUrl\":\"https:\\\/\\\/www.bionis.fr\\\/wp-content\\\/uploads\\\/2020\\\/08\\\/700x700_solutions-colorantes.png\",\"datePublished\":\"2020-08-05T19:36:49+00:00\",\"description\":\"Referenz: BS125.005 Im Rahmen von praktischen \u00dcbungen oder im Unterricht erm\u00f6glicht die Multifarben-Testl\u00f6sung die \u00dcberpr\u00fcfung und aussagekr\u00e4ftige Demonstration der Eigenschaften von mobilen und station\u00e4ren Phasen. Um die Bedingungen f\u00fcr die Entwicklung einer Analyse zu \u00fcberpr\u00fcfen, kann es manchmal hilfreich sein, jeder CCM-Trennung separat eine Testmischung beizuf\u00fcgen.\",\"breadcrumb\":{\"@id\":\"https:\\\/\\\/www.bionis.fr\\\/produit\\\/hydrophile-testloesung\\\/#breadcrumb\"},\"inLanguage\":\"de\",\"potentialAction\":[{\"@type\":\"ReadAction\",\"target\":[\"https:\\\/\\\/www.bionis.fr\\\/produit\\\/hydrophile-testloesung\\\/\"]}]},{\"@type\":\"ImageObject\",\"inLanguage\":\"de\",\"@id\":\"https:\\\/\\\/www.bionis.fr\\\/produit\\\/hydrophile-testloesung\\\/#primaryimage\",\"url\":\"https:\\\/\\\/www.bionis.fr\\\/wp-content\\\/uploads\\\/2020\\\/08\\\/700x700_solutions-colorantes.png\",\"contentUrl\":\"https:\\\/\\\/www.bionis.fr\\\/wp-content\\\/uploads\\\/2020\\\/08\\\/700x700_solutions-colorantes.png\",\"width\":700,\"height\":700},{\"@type\":\"BreadcrumbList\",\"@id\":\"https:\\\/\\\/www.bionis.fr\\\/produit\\\/hydrophile-testloesung\\\/#breadcrumb\",\"itemListElement\":[{\"@type\":\"ListItem\",\"position\":1,\"name\":\"Accueil\",\"item\":\"https:\\\/\\\/www.bionis.fr\\\/\"},{\"@type\":\"ListItem\",\"position\":2,\"name\":\"Shop\",\"item\":\"https:\\\/\\\/www.bionis.fr\\\/de\\\/shop\\\/\"},{\"@type\":\"ListItem\",\"position\":3,\"name\":\"Hydrophile Testl\u00f6sung\"}]},{\"@type\":\"WebSite\",\"@id\":\"https:\\\/\\\/www.bionis.fr\\\/#website\",\"url\":\"https:\\\/\\\/www.bionis.fr\\\/\",\"name\":\"Bionis\",\"description\":\"Die D\u00fcnnschichtchromatographie-L\u00f6sung\",\"publisher\":{\"@id\":\"https:\\\/\\\/www.bionis.fr\\\/#organization\"},\"potentialAction\":[{\"@type\":\"SearchAction\",\"target\":{\"@type\":\"EntryPoint\",\"urlTemplate\":\"https:\\\/\\\/www.bionis.fr\\\/?s={search_term_string}\"},\"query-input\":{\"@type\":\"PropertyValueSpecification\",\"valueRequired\":true,\"valueName\":\"search_term_string\"}}],\"inLanguage\":\"de\"},{\"@type\":\"Organization\",\"@id\":\"https:\\\/\\\/www.bionis.fr\\\/#organization\",\"name\":\"Bionis\",\"url\":\"https:\\\/\\\/www.bionis.fr\\\/\",\"logo\":{\"@type\":\"ImageObject\",\"inLanguage\":\"de\",\"@id\":\"https:\\\/\\\/www.bionis.fr\\\/#\\\/schema\\\/logo\\\/image\\\/\",\"url\":\"https:\\\/\\\/www.bionis.fr\\\/wp-content\\\/uploads\\\/2020\\\/07\\\/bionis-logo.png\",\"contentUrl\":\"https:\\\/\\\/www.bionis.fr\\\/wp-content\\\/uploads\\\/2020\\\/07\\\/bionis-logo.png\",\"width\":500,\"height\":125,\"caption\":\"Bionis\"},\"image\":{\"@id\":\"https:\\\/\\\/www.bionis.fr\\\/#\\\/schema\\\/logo\\\/image\\\/\"},\"sameAs\":[\"https:\\\/\\\/www.linkedin.com\\\/company\\\/bionis-sas?originalSubdomain=fr\"]}]}<\/script>\n<!-- \/ Yoast SEO plugin. -->","yoast_head_json":{"title":"Hydrophile Testl\u00f6sung - Bionis","description":"Referenz: BS125.005 Im Rahmen von praktischen \u00dcbungen oder im Unterricht erm\u00f6glicht die Multifarben-Testl\u00f6sung die \u00dcberpr\u00fcfung und aussagekr\u00e4ftige Demonstration der Eigenschaften von mobilen und station\u00e4ren Phasen. Um die Bedingungen f\u00fcr die Entwicklung einer Analyse zu \u00fcberpr\u00fcfen, kann es manchmal hilfreich sein, jeder CCM-Trennung separat eine Testmischung beizuf\u00fcgen.","robots":{"index":"index","follow":"follow","max-snippet":"max-snippet:-1","max-image-preview":"max-image-preview:large","max-video-preview":"max-video-preview:-1"},"canonical":"https:\/\/www.bionis.fr\/produit\/hydrophile-testloesung\/","og_locale":"de_DE","og_type":"article","og_title":"Hydrophile Testl\u00f6sung - Bionis","og_description":"Referenz: BS125.005 Im Rahmen von praktischen \u00dcbungen oder im Unterricht erm\u00f6glicht die Multifarben-Testl\u00f6sung die \u00dcberpr\u00fcfung und aussagekr\u00e4ftige Demonstration der Eigenschaften von mobilen und station\u00e4ren Phasen. Um die Bedingungen f\u00fcr die Entwicklung einer Analyse zu \u00fcberpr\u00fcfen, kann es manchmal hilfreich sein, jeder CCM-Trennung separat eine Testmischung beizuf\u00fcgen.","og_url":"https:\/\/www.bionis.fr\/produit\/hydrophile-testloesung\/","og_site_name":"Bionis","twitter_card":"summary_large_image","schema":{"@context":"https:\/\/schema.org","@graph":[{"@type":"WebPage","@id":"https:\/\/www.bionis.fr\/produit\/hydrophile-testloesung\/","url":"https:\/\/www.bionis.fr\/produit\/hydrophile-testloesung\/","name":"Hydrophile Testl\u00f6sung - Bionis","isPartOf":{"@id":"https:\/\/www.bionis.fr\/#website"},"primaryImageOfPage":{"@id":"https:\/\/www.bionis.fr\/produit\/hydrophile-testloesung\/#primaryimage"},"image":{"@id":"https:\/\/www.bionis.fr\/produit\/hydrophile-testloesung\/#primaryimage"},"thumbnailUrl":"https:\/\/www.bionis.fr\/wp-content\/uploads\/2020\/08\/700x700_solutions-colorantes.png","datePublished":"2020-08-05T19:36:49+00:00","description":"Referenz: BS125.005 Im Rahmen von praktischen \u00dcbungen oder im Unterricht erm\u00f6glicht die Multifarben-Testl\u00f6sung die \u00dcberpr\u00fcfung und aussagekr\u00e4ftige Demonstration der Eigenschaften von mobilen und station\u00e4ren Phasen. Um die Bedingungen f\u00fcr die Entwicklung einer Analyse zu \u00fcberpr\u00fcfen, kann es manchmal hilfreich sein, jeder CCM-Trennung separat eine Testmischung beizuf\u00fcgen.","breadcrumb":{"@id":"https:\/\/www.bionis.fr\/produit\/hydrophile-testloesung\/#breadcrumb"},"inLanguage":"de","potentialAction":[{"@type":"ReadAction","target":["https:\/\/www.bionis.fr\/produit\/hydrophile-testloesung\/"]}]},{"@type":"ImageObject","inLanguage":"de","@id":"https:\/\/www.bionis.fr\/produit\/hydrophile-testloesung\/#primaryimage","url":"https:\/\/www.bionis.fr\/wp-content\/uploads\/2020\/08\/700x700_solutions-colorantes.png","contentUrl":"https:\/\/www.bionis.fr\/wp-content\/uploads\/2020\/08\/700x700_solutions-colorantes.png","width":700,"height":700},{"@type":"BreadcrumbList","@id":"https:\/\/www.bionis.fr\/produit\/hydrophile-testloesung\/#breadcrumb","itemListElement":[{"@type":"ListItem","position":1,"name":"Accueil","item":"https:\/\/www.bionis.fr\/"},{"@type":"ListItem","position":2,"name":"Shop","item":"https:\/\/www.bionis.fr\/de\/shop\/"},{"@type":"ListItem","position":3,"name":"Hydrophile Testl\u00f6sung"}]},{"@type":"WebSite","@id":"https:\/\/www.bionis.fr\/#website","url":"https:\/\/www.bionis.fr\/","name":"Bionis","description":"Die D\u00fcnnschichtchromatographie-L\u00f6sung","publisher":{"@id":"https:\/\/www.bionis.fr\/#organization"},"potentialAction":[{"@type":"SearchAction","target":{"@type":"EntryPoint","urlTemplate":"https:\/\/www.bionis.fr\/?s={search_term_string}"},"query-input":{"@type":"PropertyValueSpecification","valueRequired":true,"valueName":"search_term_string"}}],"inLanguage":"de"},{"@type":"Organization","@id":"https:\/\/www.bionis.fr\/#organization","name":"Bionis","url":"https:\/\/www.bionis.fr\/","logo":{"@type":"ImageObject","inLanguage":"de","@id":"https:\/\/www.bionis.fr\/#\/schema\/logo\/image\/","url":"https:\/\/www.bionis.fr\/wp-content\/uploads\/2020\/07\/bionis-logo.png","contentUrl":"https:\/\/www.bionis.fr\/wp-content\/uploads\/2020\/07\/bionis-logo.png","width":500,"height":125,"caption":"Bionis"},"image":{"@id":"https:\/\/www.bionis.fr\/#\/schema\/logo\/image\/"},"sameAs":["https:\/\/www.linkedin.com\/company\/bionis-sas?originalSubdomain=fr"]}]}},"_links":{"self":[{"href":"https:\/\/www.bionis.fr\/de\/wp-json\/wp\/v2\/product\/5409","targetHints":{"allow":["GET"]}}],"collection":[{"href":"https:\/\/www.bionis.fr\/de\/wp-json\/wp\/v2\/product"}],"about":[{"href":"https:\/\/www.bionis.fr\/de\/wp-json\/wp\/v2\/types\/product"}],"wp:featuredmedia":[{"embeddable":true,"href":"https:\/\/www.bionis.fr\/de\/wp-json\/wp\/v2\/media\/3916"}],"wp:attachment":[{"href":"https:\/\/www.bionis.fr\/de\/wp-json\/wp\/v2\/media?parent=5409"}],"wp:term":[{"taxonomy":"product_brand","embeddable":true,"href":"https:\/\/www.bionis.fr\/de\/wp-json\/wp\/v2\/product_brand?post=5409"},{"taxonomy":"product_cat","embeddable":true,"href":"https:\/\/www.bionis.fr\/de\/wp-json\/wp\/v2\/product_cat?post=5409"},{"taxonomy":"product_tag","embeddable":true,"href":"https:\/\/www.bionis.fr\/de\/wp-json\/wp\/v2\/product_tag?post=5409"}],"curies":[{"name":"wp","href":"https:\/\/api.w.org\/{rel}","templated":true}]}}