{"id":5630,"date":"2020-08-02T13:20:33","date_gmt":"2020-08-02T11:20:33","guid":{"rendered":"https:\/\/www.bionis.fr\/produit\/densitometer-cd60\/"},"modified":"2025-01-04T10:44:36","modified_gmt":"2025-01-04T09:44:36","slug":"hptlc-densitometer-cd60","status":"publish","type":"product","link":"https:\/\/www.bionis.fr\/de\/produit\/hptlc-densitometer-cd60\/","title":{"rendered":"HPTLC-Densitometer CD60"},"content":{"rendered":"<p>Das <strong>HPTLC-Densitometer CD60<\/strong> verf\u00fcgt \u00fcber das Know-how von mehr als 20 Jahren Erfahrung und den aktuellen Stand der Technik. Ein PC dient als Schnittstelle zwischen Benutzer und CD60 und steuert alle Funktionen des Densitometers. Es ist f\u00fcr Absorptions- und Fluoreszenzmessungen in Remission und Transmission an Objekten bis 265 x 200 x 4 mm ausgestattet.<\/p>\n<p>Drei Lichtquellen sind vorgesehen: eine Deuteriumlampe (190 \u2013 340 nm), eine Halogenlampe (340 \u2013 900 nm) sowie eine Quecksilberlampe. Mit der intuitiven Software ProQuant sind viele Anwendungsm\u00f6glichkeiten m\u00f6glich. Sie l\u00e4uft unter Windows 10. Erarbeiten Sie Chromatogramme und erstellen Sie Ergebnis- und Peaklisten auf einfache, zuverl\u00e4ssige und GxP-konforme Weise! Sie erhalten schnell reproduzierbare Ergebnisse und Daten.<\/p>\n<p>Man verwendet einen PC, um die Messung der <strong>Absorption<\/strong> und <strong>Fluoreszenz<\/strong> in Transmission und Remission zu steuern.<\/p>\n<p>Beide Detektoren geh\u00f6ren zur Grundausstattung.<\/p>\n<p>Ein zus\u00e4tzlicher <strong>Referenzphotomultiplier<\/strong> misst die Lichtintensit\u00e4t der aktiven Lampe und passt die <strong>Empfindlichkeit<\/strong> automatisch an.<\/p>\n<p>Es gibt drei eingebaute Lichtquellen: eine <strong>Deuteriumlampe<\/strong>, eine<strong> Halogenlampe<\/strong> und eine <strong>Quecksilberlampe<\/strong>.<\/p>\n<p>Der <strong>Monochromator<\/strong> bietet ein nutzbares Spektrum zwischen <strong>190<\/strong> und <strong>900 nm<\/strong> und erm\u00f6glicht die automatische Umschaltung von Lampen und Filtern.<\/p>\n<p>Er ist mit einer automatischen Korrektur des <strong>Hintergrundrauschens<\/strong> und einer Vorrichtung ausgestattet, mit der unerw\u00fcnschte Artefakte (Fingerabdr\u00fccke, Kratzer, Flecken) aus der Messung entfernt werden k\u00f6nnen.<\/p>\n<p>Er kann jede Probe mit <strong>30 Wellenl\u00e4ngen<\/strong> gleichzeitig analysieren. Auf diese Weise gibt jedes Molek\u00fcl ein maximales Signal mit der f\u00fcr es spezifischen Wellenl\u00e4nge ab.<\/p>\n<p>Leistungsstark bei der Spurensuche identifiziert es unbekannte Molek\u00fcle, indem es sie mit <strong>vorab aufgenommenen Spektren<\/strong> vergleicht.<\/p>\n<p>In Verbindung mit der<strong> ProQuant-Software<\/strong> von Bionis ist dieses Densitometer f\u00fcr sehr viele Anwendungen geeignet.<\/p>\n<p>Die Kombination aus <strong>Densitometer und Computer<\/strong> erm\u00f6glicht eine einfache, sichere und <strong>GLP-konforme <\/strong>Verarbeitung von Chromatogrammen und Speicherung der Ergebnisse.<\/p>\n<p>So wird sichergestellt, dass <strong>reproduzierbare<\/strong> Ergebnisse und<strong> zuverl\u00e4ssige<\/strong> Daten erzielt werden.<\/p>\n<p>Es kann optional mit der Software <strong>ProValid<\/strong> zur Durchf\u00fchrung von Validierungen und der Software <strong>Spectracalc<\/strong> zur Erstellung von Spektren und zur Quantifizierung von Molek\u00fclen anhand von vorab gespeicherten Kalibrierungskurven ausgestattet werden.<\/p>\n<p>Mit dem optionalen <a href=\"https:\/\/www.bionis.fr\/wp-content\/uploads\/2020\/08\/21-CFR-Part-11-Compliance-PROQUANT21-Module-EN.pdf\">Proquant 21 module<\/a> kann das CD60-Densitometer die Norm CF21 Teil 11 erf\u00fcllen.<\/p>\n<p><strong>Technische Spezifikationen:<\/strong><\/p>\n<p>Abmessungen (T x H x B): 300 x 730 x 550 mm<\/p>\n<p>Gewicht: 30 kg<\/p>\n<p>Filter: 370, 420, 450, 550, Orange, UV<\/p>\n<p>Max. L\u00e4nge des Scans: 5 bis 195 mm<\/p>\n<p>Max. Breite des Scans: 5 bis 260 mm<\/p>\n<p>Spektralbereich: 190-900mm<\/p>\n<p><iframe title=\"Detektion und Analyse - Pr\u00e4sentation des HPTLC-Densitometers CD 60\" width=\"840\" height=\"473\" src=\"https:\/\/www.youtube.com\/embed\/Hcu1eGCIh94?feature=oembed\" frameborder=\"0\" allow=\"accelerometer; autoplay; clipboard-write; encrypted-media; gyroscope; picture-in-picture; web-share\" referrerpolicy=\"strict-origin-when-cross-origin\" allowfullscreen><\/iframe><\/p>\n","protected":false},"excerpt":{"rendered":"<p><span style=\"color: #000000;\"><a style=\"color: #000000;\" href=\"https:\/\/www.bionis.fr\/wp-content\/uploads\/2020\/08\/DE_Datasheet_CD60.pdf\">DOKUMENTATION HERUNTERLADEN<\/a><\/span><\/p>\n<p><strong>Referenz: BS131.800<\/strong><\/p>\n<p>Der <strong>densitometrische Scanner CD60<\/strong> ist das umfassendste Werkzeug seiner Klasse zur Charakterisierung von Proben nach HPTLC-Migration.<\/p>\n<p>Qualifikationen und Quantifizierungen werden mithilfe seiner speziellen ergonomischen Software schnell und einfach durchgef\u00fchrt.<\/p>\n<p>Als <strong>vielseitiges<\/strong> und <strong>leistungsstarkes<\/strong> Ger\u00e4t garantiert es optimale Ergebnisse, unabh\u00e4ngig davon, welche Molek\u00fcle analysiert werden.<\/p>\n<p>Vorteile:<br \/>\nDer SST (Systemeignungstest) kann mit dem Bionis HPTLC-System durchgef\u00fchrt werden.<br \/>\nDas Bionis TLC\/HPTLC-System kann mit einer TLC-MS-Schnittstelle eines beliebigen Herstellers kombiniert werden.<br \/>\nAlle Bionis-Produkte k\u00f6nnen unter GLP\/GMP-Umgebung arbeiten.<br \/>\nBionis verwendet validierte und zertifizierte Software zum Betrieb des TLC\/HPTLC-Systems.<\/p>\n","protected":false},"featured_media":3859,"template":"","meta":[],"product_brand":[],"product_cat":[210],"product_tag":[],"class_list":{"0":"post-5630","1":"product","2":"type-product","3":"status-publish","4":"has-post-thumbnail","6":"product_cat-quantifizierung","8":"first","9":"instock","10":"taxable","11":"shipping-taxable","12":"product-type-simple"},"yoast_head":"<!-- This site is optimized with the Yoast SEO plugin v27.4 - https:\/\/yoast.com\/product\/yoast-seo-wordpress\/ -->\n<title>HPTLC-Densitometer CD60 - Bionis<\/title>\n<meta name=\"description\" content=\"Der HPTLC-Densitometer CD60 ist das umfassendste Werkzeug seiner Klasse zur Charakterisierung von Proben nach HPTLC-Migration.\" \/>\n<meta name=\"robots\" content=\"index, follow, max-snippet:-1, max-image-preview:large, max-video-preview:-1\" \/>\n<link rel=\"canonical\" href=\"https:\/\/www.bionis.fr\/de\/produit\/hptlc-densitometer-cd60\/\" \/>\n<meta property=\"og:locale\" content=\"de_DE\" \/>\n<meta property=\"og:type\" content=\"article\" \/>\n<meta property=\"og:title\" content=\"HPTLC-Densitometer CD60 - Bionis\" \/>\n<meta property=\"og:description\" content=\"Der HPTLC-Densitometer CD60 ist das umfassendste Werkzeug seiner Klasse zur Charakterisierung von Proben nach HPTLC-Migration.\" \/>\n<meta property=\"og:url\" content=\"https:\/\/www.bionis.fr\/de\/produit\/hptlc-densitometer-cd60\/\" \/>\n<meta property=\"og:site_name\" content=\"Bionis\" \/>\n<meta property=\"article:modified_time\" content=\"2025-01-04T09:44:36+00:00\" \/>\n<meta property=\"og:image\" content=\"https:\/\/www.bionis.fr\/wp-content\/uploads\/2020\/08\/700x700_CD603.png\" \/>\n\t<meta property=\"og:image:width\" content=\"700\" \/>\n\t<meta property=\"og:image:height\" content=\"700\" \/>\n\t<meta property=\"og:image:type\" content=\"image\/png\" \/>\n<meta name=\"twitter:card\" content=\"summary_large_image\" \/>\n<meta name=\"twitter:label1\" content=\"Gesch\u00e4tzte Lesezeit\" \/>\n\t<meta name=\"twitter:data1\" content=\"3\u00a0Minuten\" \/>\n<script type=\"application\/ld+json\" class=\"yoast-schema-graph\">{\"@context\":\"https:\\\/\\\/schema.org\",\"@graph\":[{\"@type\":\"WebPage\",\"@id\":\"https:\\\/\\\/www.bionis.fr\\\/de\\\/produit\\\/hptlc-densitometer-cd60\\\/\",\"url\":\"https:\\\/\\\/www.bionis.fr\\\/de\\\/produit\\\/hptlc-densitometer-cd60\\\/\",\"name\":\"HPTLC-Densitometer CD60 - Bionis\",\"isPartOf\":{\"@id\":\"https:\\\/\\\/www.bionis.fr\\\/#website\"},\"primaryImageOfPage\":{\"@id\":\"https:\\\/\\\/www.bionis.fr\\\/de\\\/produit\\\/hptlc-densitometer-cd60\\\/#primaryimage\"},\"image\":{\"@id\":\"https:\\\/\\\/www.bionis.fr\\\/de\\\/produit\\\/hptlc-densitometer-cd60\\\/#primaryimage\"},\"thumbnailUrl\":\"https:\\\/\\\/www.bionis.fr\\\/wp-content\\\/uploads\\\/2020\\\/08\\\/700x700_CD603.png\",\"datePublished\":\"2020-08-02T11:20:33+00:00\",\"dateModified\":\"2025-01-04T09:44:36+00:00\",\"description\":\"Der HPTLC-Densitometer CD60 ist das umfassendste Werkzeug seiner Klasse zur Charakterisierung von Proben nach HPTLC-Migration.\",\"breadcrumb\":{\"@id\":\"https:\\\/\\\/www.bionis.fr\\\/de\\\/produit\\\/hptlc-densitometer-cd60\\\/#breadcrumb\"},\"inLanguage\":\"de\",\"potentialAction\":[{\"@type\":\"ReadAction\",\"target\":[\"https:\\\/\\\/www.bionis.fr\\\/de\\\/produit\\\/hptlc-densitometer-cd60\\\/\"]}]},{\"@type\":\"ImageObject\",\"inLanguage\":\"de\",\"@id\":\"https:\\\/\\\/www.bionis.fr\\\/de\\\/produit\\\/hptlc-densitometer-cd60\\\/#primaryimage\",\"url\":\"https:\\\/\\\/www.bionis.fr\\\/wp-content\\\/uploads\\\/2020\\\/08\\\/700x700_CD603.png\",\"contentUrl\":\"https:\\\/\\\/www.bionis.fr\\\/wp-content\\\/uploads\\\/2020\\\/08\\\/700x700_CD603.png\",\"width\":700,\"height\":700,\"caption\":\"HPTLC-Densitometer CD60\"},{\"@type\":\"BreadcrumbList\",\"@id\":\"https:\\\/\\\/www.bionis.fr\\\/de\\\/produit\\\/hptlc-densitometer-cd60\\\/#breadcrumb\",\"itemListElement\":[{\"@type\":\"ListItem\",\"position\":1,\"name\":\"Accueil\",\"item\":\"https:\\\/\\\/www.bionis.fr\\\/\"},{\"@type\":\"ListItem\",\"position\":2,\"name\":\"Shop\",\"item\":\"https:\\\/\\\/www.bionis.fr\\\/de\\\/shop\\\/\"},{\"@type\":\"ListItem\",\"position\":3,\"name\":\"HPTLC-Densitometer CD60\"}]},{\"@type\":\"WebSite\",\"@id\":\"https:\\\/\\\/www.bionis.fr\\\/#website\",\"url\":\"https:\\\/\\\/www.bionis.fr\\\/\",\"name\":\"Bionis\",\"description\":\"Die D\u00fcnnschichtchromatographie-L\u00f6sung\",\"publisher\":{\"@id\":\"https:\\\/\\\/www.bionis.fr\\\/#organization\"},\"potentialAction\":[{\"@type\":\"SearchAction\",\"target\":{\"@type\":\"EntryPoint\",\"urlTemplate\":\"https:\\\/\\\/www.bionis.fr\\\/?s={search_term_string}\"},\"query-input\":{\"@type\":\"PropertyValueSpecification\",\"valueRequired\":true,\"valueName\":\"search_term_string\"}}],\"inLanguage\":\"de\"},{\"@type\":\"Organization\",\"@id\":\"https:\\\/\\\/www.bionis.fr\\\/#organization\",\"name\":\"Bionis\",\"url\":\"https:\\\/\\\/www.bionis.fr\\\/\",\"logo\":{\"@type\":\"ImageObject\",\"inLanguage\":\"de\",\"@id\":\"https:\\\/\\\/www.bionis.fr\\\/#\\\/schema\\\/logo\\\/image\\\/\",\"url\":\"https:\\\/\\\/www.bionis.fr\\\/wp-content\\\/uploads\\\/2020\\\/07\\\/bionis-logo.png\",\"contentUrl\":\"https:\\\/\\\/www.bionis.fr\\\/wp-content\\\/uploads\\\/2020\\\/07\\\/bionis-logo.png\",\"width\":500,\"height\":125,\"caption\":\"Bionis\"},\"image\":{\"@id\":\"https:\\\/\\\/www.bionis.fr\\\/#\\\/schema\\\/logo\\\/image\\\/\"},\"sameAs\":[\"https:\\\/\\\/www.linkedin.com\\\/company\\\/bionis-sas?originalSubdomain=fr\"]}]}<\/script>\n<!-- \/ Yoast SEO plugin. -->","yoast_head_json":{"title":"HPTLC-Densitometer CD60 - Bionis","description":"Der HPTLC-Densitometer CD60 ist das umfassendste Werkzeug seiner Klasse zur Charakterisierung von Proben nach HPTLC-Migration.","robots":{"index":"index","follow":"follow","max-snippet":"max-snippet:-1","max-image-preview":"max-image-preview:large","max-video-preview":"max-video-preview:-1"},"canonical":"https:\/\/www.bionis.fr\/de\/produit\/hptlc-densitometer-cd60\/","og_locale":"de_DE","og_type":"article","og_title":"HPTLC-Densitometer CD60 - Bionis","og_description":"Der HPTLC-Densitometer CD60 ist das umfassendste Werkzeug seiner Klasse zur Charakterisierung von Proben nach HPTLC-Migration.","og_url":"https:\/\/www.bionis.fr\/de\/produit\/hptlc-densitometer-cd60\/","og_site_name":"Bionis","article_modified_time":"2025-01-04T09:44:36+00:00","og_image":[{"width":700,"height":700,"url":"https:\/\/www.bionis.fr\/wp-content\/uploads\/2020\/08\/700x700_CD603.png","type":"image\/png"}],"twitter_card":"summary_large_image","twitter_misc":{"Gesch\u00e4tzte Lesezeit":"3\u00a0Minuten"},"schema":{"@context":"https:\/\/schema.org","@graph":[{"@type":"WebPage","@id":"https:\/\/www.bionis.fr\/de\/produit\/hptlc-densitometer-cd60\/","url":"https:\/\/www.bionis.fr\/de\/produit\/hptlc-densitometer-cd60\/","name":"HPTLC-Densitometer CD60 - Bionis","isPartOf":{"@id":"https:\/\/www.bionis.fr\/#website"},"primaryImageOfPage":{"@id":"https:\/\/www.bionis.fr\/de\/produit\/hptlc-densitometer-cd60\/#primaryimage"},"image":{"@id":"https:\/\/www.bionis.fr\/de\/produit\/hptlc-densitometer-cd60\/#primaryimage"},"thumbnailUrl":"https:\/\/www.bionis.fr\/wp-content\/uploads\/2020\/08\/700x700_CD603.png","datePublished":"2020-08-02T11:20:33+00:00","dateModified":"2025-01-04T09:44:36+00:00","description":"Der HPTLC-Densitometer CD60 ist das umfassendste Werkzeug seiner Klasse zur Charakterisierung von Proben nach HPTLC-Migration.","breadcrumb":{"@id":"https:\/\/www.bionis.fr\/de\/produit\/hptlc-densitometer-cd60\/#breadcrumb"},"inLanguage":"de","potentialAction":[{"@type":"ReadAction","target":["https:\/\/www.bionis.fr\/de\/produit\/hptlc-densitometer-cd60\/"]}]},{"@type":"ImageObject","inLanguage":"de","@id":"https:\/\/www.bionis.fr\/de\/produit\/hptlc-densitometer-cd60\/#primaryimage","url":"https:\/\/www.bionis.fr\/wp-content\/uploads\/2020\/08\/700x700_CD603.png","contentUrl":"https:\/\/www.bionis.fr\/wp-content\/uploads\/2020\/08\/700x700_CD603.png","width":700,"height":700,"caption":"HPTLC-Densitometer CD60"},{"@type":"BreadcrumbList","@id":"https:\/\/www.bionis.fr\/de\/produit\/hptlc-densitometer-cd60\/#breadcrumb","itemListElement":[{"@type":"ListItem","position":1,"name":"Accueil","item":"https:\/\/www.bionis.fr\/"},{"@type":"ListItem","position":2,"name":"Shop","item":"https:\/\/www.bionis.fr\/de\/shop\/"},{"@type":"ListItem","position":3,"name":"HPTLC-Densitometer CD60"}]},{"@type":"WebSite","@id":"https:\/\/www.bionis.fr\/#website","url":"https:\/\/www.bionis.fr\/","name":"Bionis","description":"Die D\u00fcnnschichtchromatographie-L\u00f6sung","publisher":{"@id":"https:\/\/www.bionis.fr\/#organization"},"potentialAction":[{"@type":"SearchAction","target":{"@type":"EntryPoint","urlTemplate":"https:\/\/www.bionis.fr\/?s={search_term_string}"},"query-input":{"@type":"PropertyValueSpecification","valueRequired":true,"valueName":"search_term_string"}}],"inLanguage":"de"},{"@type":"Organization","@id":"https:\/\/www.bionis.fr\/#organization","name":"Bionis","url":"https:\/\/www.bionis.fr\/","logo":{"@type":"ImageObject","inLanguage":"de","@id":"https:\/\/www.bionis.fr\/#\/schema\/logo\/image\/","url":"https:\/\/www.bionis.fr\/wp-content\/uploads\/2020\/07\/bionis-logo.png","contentUrl":"https:\/\/www.bionis.fr\/wp-content\/uploads\/2020\/07\/bionis-logo.png","width":500,"height":125,"caption":"Bionis"},"image":{"@id":"https:\/\/www.bionis.fr\/#\/schema\/logo\/image\/"},"sameAs":["https:\/\/www.linkedin.com\/company\/bionis-sas?originalSubdomain=fr"]}]}},"_links":{"self":[{"href":"https:\/\/www.bionis.fr\/de\/wp-json\/wp\/v2\/product\/5630","targetHints":{"allow":["GET"]}}],"collection":[{"href":"https:\/\/www.bionis.fr\/de\/wp-json\/wp\/v2\/product"}],"about":[{"href":"https:\/\/www.bionis.fr\/de\/wp-json\/wp\/v2\/types\/product"}],"wp:featuredmedia":[{"embeddable":true,"href":"https:\/\/www.bionis.fr\/de\/wp-json\/wp\/v2\/media\/3859"}],"wp:attachment":[{"href":"https:\/\/www.bionis.fr\/de\/wp-json\/wp\/v2\/media?parent=5630"}],"wp:term":[{"taxonomy":"product_brand","embeddable":true,"href":"https:\/\/www.bionis.fr\/de\/wp-json\/wp\/v2\/product_brand?post=5630"},{"taxonomy":"product_cat","embeddable":true,"href":"https:\/\/www.bionis.fr\/de\/wp-json\/wp\/v2\/product_cat?post=5630"},{"taxonomy":"product_tag","embeddable":true,"href":"https:\/\/www.bionis.fr\/de\/wp-json\/wp\/v2\/product_tag?post=5630"}],"curies":[{"name":"wp","href":"https:\/\/api.w.org\/{rel}","templated":true}]}}