{"id":5634,"date":"2020-08-01T18:49:46","date_gmt":"2020-08-01T16:49:46","guid":{"rendered":"https:\/\/www.bionis.fr\/produit\/chromajet-ds20-derivatisierungsautomat\/"},"modified":"2023-09-17T21:15:28","modified_gmt":"2023-09-17T19:15:28","slug":"chromajet-ds20-derivatisierungsautomat","status":"publish","type":"product","link":"https:\/\/www.bionis.fr\/de\/produit\/chromajet-ds20-derivatisierungsautomat\/","title":{"rendered":"Chromajet DS20 Derivatisierungsautomat"},"content":{"rendered":"<p>Das <strong>ChromaJet DS20 Derivatisierungsautomat<\/strong> ist ein vollautomatisches Reagenzspr\u00fchger\u00e4t. Reagenzien werden per Mikroprozessor- oder Computersteuerung mit h\u00f6chster Pr\u00e4zision auf D\u00fcnnschicht-Platten oder Folien gespr\u00fcht. Der Unterschied zum manuellen Spr\u00fchen liegt in der starken Reduzierung der ben\u00f6tigten Reagenzienmenge, der nahezu vollst\u00e4ndigen Abwesenheit von Aerosolbildung und der Gleichm\u00e4\u00dfigkeit des Spr\u00fchmusters. Es k\u00f6nnen bis zu 4 Spr\u00fchmethoden erstellt und gespeichert werden, die speziell an die einzelnen Chromatographieschemata angepasst sind und bei Bedarf abgerufen werden. Die integrierte Software arbeitet unter Windows 10.<\/p>\n<p>Die einzelnen Arbeitsschritte des Spr\u00fchvorgangs, einschlie\u00dflich Datum und Laufnummer, werden mit der Spr\u00fchmethode gespeichert. Dies erm\u00f6glicht ein Arbeiten in \u00dcbereinstimmung mit GxP aufgrund der genauen Reproduzierbarkeit und Dokumentation.<\/p>\n<p>Die Spr\u00fchmethoden definieren alle wichtigen Parameter wie Spr\u00fchrate, Spr\u00fchvolumen und ausgew\u00e4hltes Reagenz. Durch die freie Auswahl der X-Y-Koordinatenrichtung k\u00f6nnen einzelne Spuren oder Bereiche beliebiger Gr\u00f6\u00dfe bis zu 200 x 200 mm gleichm\u00e4\u00dfig bespr\u00fcht werden. Der integrierte Reagenzienwechsler w\u00e4hlt je nach Spr\u00fchprogramm aus 4 m\u00f6glichen Reservoirs das gew\u00fcnschte Spr\u00fchmedium aus. Ein integrierter Sp\u00fclvorgang verhindert m\u00f6gliche Verschleppungen.<\/p>\n<p>Der transparente Schutzdeckel erm\u00f6glicht eine genaue Pr\u00fcfung w\u00e4hrend des Spr\u00fchvorgangs und verhindert das Entweichen von Aerosolen. \u00dcbersch\u00fcssige Spr\u00fchnebel werden kontinuierlich abgesaugt und beispielsweise \u00fcber einen optionalen Abluftschlauch in einen Abzug geleitet. Das Spr\u00fchprotokoll enth\u00e4lt alle einzelnen Parameter des Spr\u00fchprogramms und wird vollst\u00e4ndig mit Datum, Uhrzeit, Benutzername, einer dem Chromatogramm zugewiesenen Plattenbezeichnung und eventuell eingegebenen Kommentaren ausgegeben.<\/p>\n<p>Im Vergleich zu herk\u00f6mmlichen manuellen Spr\u00fchtechniken <strong>reduziert<\/strong> dieses Ger\u00e4t den <strong>Reagenzienverbrauch <\/strong>erheblich und erm\u00f6glicht eine <strong>homogene Verteilung<\/strong> des Mediums, da die gleichm\u00e4\u00dfige Dosierung durch den Teflon-Spr\u00fchkopf erleichtert wird.<\/p>\n<p>Der transparente <strong>Schutzdeckel<\/strong> verhindert das Entweichen von Aerosolen und bietet eine <strong>optimale Sicht<\/strong> w\u00e4hrend des Spr\u00fchvorgangs.<\/p>\n<p><strong>\u00dcbersch\u00fcsse<\/strong> werden st\u00e4ndig \u00fcber ein geschlossenes <strong>Abluftrohr<\/strong>, das z. B. zu einer Entl\u00fcftung f\u00fchrt, abgef\u00fchrt.<\/p>\n<p>Durch die Erstellung eines <strong>Spr\u00fchprotokolls<\/strong> wird sichergestellt, dass die Dokumentation der Guten Laborpraxis<strong>(GLP-Standards<\/strong>) entspricht.<\/p>\n<p>Dieses Protokoll enth\u00e4lt alle individuellen <strong>Parameter<\/strong> des Spr\u00fchprogramms sowie Datum, Uhrzeit, Dateinamen, Benutzernamen, eine in das Chromatogramm integrierte Identifikationsmarke und aufgezeichnete Kommentare.<\/p>\n<p><strong>Technische Spezifikationen<\/strong><\/p>\n<p>Ableitungsfl\u00e4che: 200x200mm<\/p>\n<p>Elektrische Leistung: 100 &#8211; 240V, 50-60Hz, 500W<\/p>\n<p>Abmessungen (T x H x B): 470 x 400 x 225 mm<\/p>\n<p>Gewicht: 15Kgs<\/p>\n<p><iframe src=\"\/\/www.youtube.com\/embed\/C86gk5SCb-c\" width=\"560\" height=\"314\" allowfullscreen=\"allowfullscreen\"><\/iframe><\/p>\n","protected":false},"excerpt":{"rendered":"<p><span style=\"color: #000000;\"><a style=\"color: #000000;\" href=\"https:\/\/www.bionis.fr\/wp-content\/uploads\/2020\/08\/DE_Datasheet_DS20.pdf\">DOKUMENTATION HERUNTERLADEN<\/a><\/span><\/p>\n<p><strong>Referenz: BS130.700<\/strong><\/p>\n<p>Der <strong>Chromajet DS20 Derivatisierungsautomat<\/strong>\u00a0ist sowohl kosteng\u00fcnstig als auch umweltfreundlich. Er ist ein neues Konzept f\u00fcr mikroprozessorgesteuerte <strong>Hochpr\u00e4zisionsspritzger\u00e4te<\/strong>, mit denen Reagenzien auf D\u00fcnnschichtplatten oder -filme aufgetragen werden k\u00f6nnen.<\/p>\n<p>Die <strong>Spr\u00fchprogramme<\/strong> enthalten alle notwendigen Einstellungen und k\u00f6nnen mit allen Formeln und Beobachtungen gespeichert werden.<\/p>\n","protected":false},"featured_media":5233,"template":"","meta":[],"product_brand":[],"product_cat":[212],"product_tag":[],"class_list":{"0":"post-5634","1":"product","2":"type-product","3":"status-publish","4":"has-post-thumbnail","6":"product_cat-derivatisierung","8":"first","9":"instock","10":"taxable","11":"shipping-taxable","12":"product-type-simple"},"yoast_head":"<!-- This site is optimized with the Yoast SEO plugin v27.5 - https:\/\/yoast.com\/product\/yoast-seo-wordpress\/ -->\n<title>Chromajet DS20 Derivatisierungsautomat<\/title>\n<meta name=\"description\" content=\"Der Chromajet DS20 Derivatisierungsautomat ist ein einzigartiges Konzept f\u00fcr hochpr\u00e4zises Spr\u00fchen, mit dem Reagenzien auf TLC-Platten.\" \/>\n<meta name=\"robots\" content=\"index, follow, max-snippet:-1, max-image-preview:large, max-video-preview:-1\" \/>\n<link rel=\"canonical\" href=\"https:\/\/www.bionis.fr\/de\/produit\/chromajet-ds20-derivatisierungsautomat\/\" \/>\n<meta property=\"og:locale\" content=\"de_DE\" \/>\n<meta property=\"og:type\" content=\"article\" \/>\n<meta property=\"og:title\" content=\"Chromajet DS20 Derivatisierungsautomat\" \/>\n<meta property=\"og:description\" content=\"Der Chromajet DS20 Derivatisierungsautomat ist ein einzigartiges Konzept f\u00fcr hochpr\u00e4zises Spr\u00fchen, mit dem Reagenzien auf TLC-Platten.\" \/>\n<meta property=\"og:url\" content=\"https:\/\/www.bionis.fr\/de\/produit\/chromajet-ds20-derivatisierungsautomat\/\" \/>\n<meta property=\"og:site_name\" content=\"Bionis\" \/>\n<meta property=\"article:modified_time\" content=\"2023-09-17T19:15:28+00:00\" \/>\n<meta property=\"og:image\" content=\"https:\/\/www.bionis.fr\/wp-content\/uploads\/2023\/08\/derivatiseur-ds20.png\" \/>\n\t<meta property=\"og:image:width\" content=\"700\" \/>\n\t<meta property=\"og:image:height\" content=\"700\" \/>\n\t<meta property=\"og:image:type\" content=\"image\/png\" \/>\n<meta name=\"twitter:card\" content=\"summary_large_image\" \/>\n<meta name=\"twitter:label1\" content=\"Gesch\u00e4tzte Lesezeit\" \/>\n\t<meta name=\"twitter:data1\" content=\"2\u00a0Minuten\" \/>\n<script type=\"application\/ld+json\" class=\"yoast-schema-graph\">{\"@context\":\"https:\\\/\\\/schema.org\",\"@graph\":[{\"@type\":\"WebPage\",\"@id\":\"https:\\\/\\\/www.bionis.fr\\\/de\\\/produit\\\/chromajet-ds20-derivatisierungsautomat\\\/\",\"url\":\"https:\\\/\\\/www.bionis.fr\\\/de\\\/produit\\\/chromajet-ds20-derivatisierungsautomat\\\/\",\"name\":\"Chromajet DS20 Derivatisierungsautomat\",\"isPartOf\":{\"@id\":\"https:\\\/\\\/www.bionis.fr\\\/#website\"},\"primaryImageOfPage\":{\"@id\":\"https:\\\/\\\/www.bionis.fr\\\/de\\\/produit\\\/chromajet-ds20-derivatisierungsautomat\\\/#primaryimage\"},\"image\":{\"@id\":\"https:\\\/\\\/www.bionis.fr\\\/de\\\/produit\\\/chromajet-ds20-derivatisierungsautomat\\\/#primaryimage\"},\"thumbnailUrl\":\"https:\\\/\\\/www.bionis.fr\\\/wp-content\\\/uploads\\\/2023\\\/08\\\/derivatiseur-ds20.png\",\"datePublished\":\"2020-08-01T16:49:46+00:00\",\"dateModified\":\"2023-09-17T19:15:28+00:00\",\"description\":\"Der Chromajet DS20 Derivatisierungsautomat ist ein einzigartiges Konzept f\u00fcr hochpr\u00e4zises Spr\u00fchen, mit dem Reagenzien auf TLC-Platten.\",\"breadcrumb\":{\"@id\":\"https:\\\/\\\/www.bionis.fr\\\/de\\\/produit\\\/chromajet-ds20-derivatisierungsautomat\\\/#breadcrumb\"},\"inLanguage\":\"de\",\"potentialAction\":[{\"@type\":\"ReadAction\",\"target\":[\"https:\\\/\\\/www.bionis.fr\\\/de\\\/produit\\\/chromajet-ds20-derivatisierungsautomat\\\/\"]}]},{\"@type\":\"ImageObject\",\"inLanguage\":\"de\",\"@id\":\"https:\\\/\\\/www.bionis.fr\\\/de\\\/produit\\\/chromajet-ds20-derivatisierungsautomat\\\/#primaryimage\",\"url\":\"https:\\\/\\\/www.bionis.fr\\\/wp-content\\\/uploads\\\/2023\\\/08\\\/derivatiseur-ds20.png\",\"contentUrl\":\"https:\\\/\\\/www.bionis.fr\\\/wp-content\\\/uploads\\\/2023\\\/08\\\/derivatiseur-ds20.png\",\"width\":700,\"height\":700,\"caption\":\"D\u00e9rivatiseur HPTLC Chromajet DS20\"},{\"@type\":\"BreadcrumbList\",\"@id\":\"https:\\\/\\\/www.bionis.fr\\\/de\\\/produit\\\/chromajet-ds20-derivatisierungsautomat\\\/#breadcrumb\",\"itemListElement\":[{\"@type\":\"ListItem\",\"position\":1,\"name\":\"Accueil\",\"item\":\"https:\\\/\\\/www.bionis.fr\\\/\"},{\"@type\":\"ListItem\",\"position\":2,\"name\":\"Shop\",\"item\":\"https:\\\/\\\/www.bionis.fr\\\/de\\\/shop\\\/\"},{\"@type\":\"ListItem\",\"position\":3,\"name\":\"Chromajet DS20 Derivatisierungsautomat\"}]},{\"@type\":\"WebSite\",\"@id\":\"https:\\\/\\\/www.bionis.fr\\\/#website\",\"url\":\"https:\\\/\\\/www.bionis.fr\\\/\",\"name\":\"Bionis\",\"description\":\"Die D\u00fcnnschichtchromatographie-L\u00f6sung\",\"publisher\":{\"@id\":\"https:\\\/\\\/www.bionis.fr\\\/#organization\"},\"potentialAction\":[{\"@type\":\"SearchAction\",\"target\":{\"@type\":\"EntryPoint\",\"urlTemplate\":\"https:\\\/\\\/www.bionis.fr\\\/?s={search_term_string}\"},\"query-input\":{\"@type\":\"PropertyValueSpecification\",\"valueRequired\":true,\"valueName\":\"search_term_string\"}}],\"inLanguage\":\"de\"},{\"@type\":\"Organization\",\"@id\":\"https:\\\/\\\/www.bionis.fr\\\/#organization\",\"name\":\"Bionis\",\"url\":\"https:\\\/\\\/www.bionis.fr\\\/\",\"logo\":{\"@type\":\"ImageObject\",\"inLanguage\":\"de\",\"@id\":\"https:\\\/\\\/www.bionis.fr\\\/#\\\/schema\\\/logo\\\/image\\\/\",\"url\":\"https:\\\/\\\/www.bionis.fr\\\/wp-content\\\/uploads\\\/2020\\\/07\\\/bionis-logo.png\",\"contentUrl\":\"https:\\\/\\\/www.bionis.fr\\\/wp-content\\\/uploads\\\/2020\\\/07\\\/bionis-logo.png\",\"width\":500,\"height\":125,\"caption\":\"Bionis\"},\"image\":{\"@id\":\"https:\\\/\\\/www.bionis.fr\\\/#\\\/schema\\\/logo\\\/image\\\/\"},\"sameAs\":[\"https:\\\/\\\/www.linkedin.com\\\/company\\\/bionis-sas?originalSubdomain=fr\"]}]}<\/script>\n<!-- \/ Yoast SEO plugin. -->","yoast_head_json":{"title":"Chromajet DS20 Derivatisierungsautomat","description":"Der Chromajet DS20 Derivatisierungsautomat ist ein einzigartiges Konzept f\u00fcr hochpr\u00e4zises Spr\u00fchen, mit dem Reagenzien auf TLC-Platten.","robots":{"index":"index","follow":"follow","max-snippet":"max-snippet:-1","max-image-preview":"max-image-preview:large","max-video-preview":"max-video-preview:-1"},"canonical":"https:\/\/www.bionis.fr\/de\/produit\/chromajet-ds20-derivatisierungsautomat\/","og_locale":"de_DE","og_type":"article","og_title":"Chromajet DS20 Derivatisierungsautomat","og_description":"Der Chromajet DS20 Derivatisierungsautomat ist ein einzigartiges Konzept f\u00fcr hochpr\u00e4zises Spr\u00fchen, mit dem Reagenzien auf TLC-Platten.","og_url":"https:\/\/www.bionis.fr\/de\/produit\/chromajet-ds20-derivatisierungsautomat\/","og_site_name":"Bionis","article_modified_time":"2023-09-17T19:15:28+00:00","og_image":[{"width":700,"height":700,"url":"https:\/\/www.bionis.fr\/wp-content\/uploads\/2023\/08\/derivatiseur-ds20.png","type":"image\/png"}],"twitter_card":"summary_large_image","twitter_misc":{"Gesch\u00e4tzte Lesezeit":"2\u00a0Minuten"},"schema":{"@context":"https:\/\/schema.org","@graph":[{"@type":"WebPage","@id":"https:\/\/www.bionis.fr\/de\/produit\/chromajet-ds20-derivatisierungsautomat\/","url":"https:\/\/www.bionis.fr\/de\/produit\/chromajet-ds20-derivatisierungsautomat\/","name":"Chromajet DS20 Derivatisierungsautomat","isPartOf":{"@id":"https:\/\/www.bionis.fr\/#website"},"primaryImageOfPage":{"@id":"https:\/\/www.bionis.fr\/de\/produit\/chromajet-ds20-derivatisierungsautomat\/#primaryimage"},"image":{"@id":"https:\/\/www.bionis.fr\/de\/produit\/chromajet-ds20-derivatisierungsautomat\/#primaryimage"},"thumbnailUrl":"https:\/\/www.bionis.fr\/wp-content\/uploads\/2023\/08\/derivatiseur-ds20.png","datePublished":"2020-08-01T16:49:46+00:00","dateModified":"2023-09-17T19:15:28+00:00","description":"Der Chromajet DS20 Derivatisierungsautomat ist ein einzigartiges Konzept f\u00fcr hochpr\u00e4zises Spr\u00fchen, mit dem Reagenzien auf TLC-Platten.","breadcrumb":{"@id":"https:\/\/www.bionis.fr\/de\/produit\/chromajet-ds20-derivatisierungsautomat\/#breadcrumb"},"inLanguage":"de","potentialAction":[{"@type":"ReadAction","target":["https:\/\/www.bionis.fr\/de\/produit\/chromajet-ds20-derivatisierungsautomat\/"]}]},{"@type":"ImageObject","inLanguage":"de","@id":"https:\/\/www.bionis.fr\/de\/produit\/chromajet-ds20-derivatisierungsautomat\/#primaryimage","url":"https:\/\/www.bionis.fr\/wp-content\/uploads\/2023\/08\/derivatiseur-ds20.png","contentUrl":"https:\/\/www.bionis.fr\/wp-content\/uploads\/2023\/08\/derivatiseur-ds20.png","width":700,"height":700,"caption":"D\u00e9rivatiseur HPTLC Chromajet DS20"},{"@type":"BreadcrumbList","@id":"https:\/\/www.bionis.fr\/de\/produit\/chromajet-ds20-derivatisierungsautomat\/#breadcrumb","itemListElement":[{"@type":"ListItem","position":1,"name":"Accueil","item":"https:\/\/www.bionis.fr\/"},{"@type":"ListItem","position":2,"name":"Shop","item":"https:\/\/www.bionis.fr\/de\/shop\/"},{"@type":"ListItem","position":3,"name":"Chromajet DS20 Derivatisierungsautomat"}]},{"@type":"WebSite","@id":"https:\/\/www.bionis.fr\/#website","url":"https:\/\/www.bionis.fr\/","name":"Bionis","description":"Die D\u00fcnnschichtchromatographie-L\u00f6sung","publisher":{"@id":"https:\/\/www.bionis.fr\/#organization"},"potentialAction":[{"@type":"SearchAction","target":{"@type":"EntryPoint","urlTemplate":"https:\/\/www.bionis.fr\/?s={search_term_string}"},"query-input":{"@type":"PropertyValueSpecification","valueRequired":true,"valueName":"search_term_string"}}],"inLanguage":"de"},{"@type":"Organization","@id":"https:\/\/www.bionis.fr\/#organization","name":"Bionis","url":"https:\/\/www.bionis.fr\/","logo":{"@type":"ImageObject","inLanguage":"de","@id":"https:\/\/www.bionis.fr\/#\/schema\/logo\/image\/","url":"https:\/\/www.bionis.fr\/wp-content\/uploads\/2020\/07\/bionis-logo.png","contentUrl":"https:\/\/www.bionis.fr\/wp-content\/uploads\/2020\/07\/bionis-logo.png","width":500,"height":125,"caption":"Bionis"},"image":{"@id":"https:\/\/www.bionis.fr\/#\/schema\/logo\/image\/"},"sameAs":["https:\/\/www.linkedin.com\/company\/bionis-sas?originalSubdomain=fr"]}]}},"_links":{"self":[{"href":"https:\/\/www.bionis.fr\/de\/wp-json\/wp\/v2\/product\/5634","targetHints":{"allow":["GET"]}}],"collection":[{"href":"https:\/\/www.bionis.fr\/de\/wp-json\/wp\/v2\/product"}],"about":[{"href":"https:\/\/www.bionis.fr\/de\/wp-json\/wp\/v2\/types\/product"}],"wp:featuredmedia":[{"embeddable":true,"href":"https:\/\/www.bionis.fr\/de\/wp-json\/wp\/v2\/media\/5233"}],"wp:attachment":[{"href":"https:\/\/www.bionis.fr\/de\/wp-json\/wp\/v2\/media?parent=5634"}],"wp:term":[{"taxonomy":"product_brand","embeddable":true,"href":"https:\/\/www.bionis.fr\/de\/wp-json\/wp\/v2\/product_brand?post=5634"},{"taxonomy":"product_cat","embeddable":true,"href":"https:\/\/www.bionis.fr\/de\/wp-json\/wp\/v2\/product_cat?post=5634"},{"taxonomy":"product_tag","embeddable":true,"href":"https:\/\/www.bionis.fr\/de\/wp-json\/wp\/v2\/product_tag?post=5634"}],"curies":[{"name":"wp","href":"https:\/\/api.w.org\/{rel}","templated":true}]}}