{"id":5643,"date":"2020-08-01T07:33:28","date_gmt":"2020-08-01T05:33:28","guid":{"rendered":"https:\/\/www.bionis.fr\/produit\/hptlc-probenapplikator-as30\/"},"modified":"2023-10-26T16:21:24","modified_gmt":"2023-10-26T14:21:24","slug":"hptlc-probenapplikator-as30","status":"publish","type":"product","link":"https:\/\/www.bionis.fr\/de\/produit\/hptlc-probenapplikator-as30\/","title":{"rendered":"HPTLC-Probenapplikator AS30"},"content":{"rendered":"<p>Der HPTLC-Probenapplikator AS30 ist akkurates Auftrageger\u00e4t, welches nach dem Aufspr\u00fchverfahren arbeitet. Dabei tr\u00e4gt ein Gasstrom die Probe von der Nadelspitze auf die DC\/HPTLC-Platte. Dieses bew\u00e4hrte Prinzip verhindert Besch\u00e4digungen der Schicht und erm\u00f6glicht das Bewegen des Auftrageturms w\u00e4hrend des Probenaussto\u00dfes. So k\u00f6nnen die Proben wahlweise punkt- oder strichf\u00f6rmig auf DC-Platten, HPTLC-Platten oder Folien bis zu einer Gr\u00f6\u00dfe von 200 x 200 mm aufgetragen werden. W\u00e4hrend des F\u00fcllvorgangs steht die Dosierspritze \u00fcber dem Auffangbeh\u00e4lter, der Sp\u00fclfl\u00fcssigkeit und \u00fcbersch\u00fcssige Probe aufnimmt. Die Probe wird durch eine seitliche \u00d6ffnung in den K\u00f6rper der Spritze injiziert. Nach dem Bef\u00fcllen f\u00e4hrt ein Schrittmotor den Kolben nach unten, um die F\u00fcll\u00f6ffnung zu schlie\u00dfen. Ein zweiter Schrittmotor bewegt den Turm seitw\u00e4rts \u00fcber die Platte. Der Mikroprozessor steuert die beiden Schrittmotoren und das Gasventil. Alle Parameter f\u00fcr die Anwendung von bis zu 30 Samples werden \u00fcber die Tastatur eingegeben. Der Benutzer wird dabei mit der 2-zeiligen LCD-Anzeige durch das \u00fcbersichtliche Men\u00fc gef\u00fchrt. Nach Eingabe aller Parameter werden die Daten auf Plausibilit\u00e4t gepr\u00fcft, wie Einhaltung von Grenzwerten, eindeutige Bahnzuordnung oder eindeutige Namensgebung. Eine Methode beinhaltet die Plattengr\u00f6\u00dfe, Anzahl, L\u00e4nge und Abstand der Bahnen, das Auftragevolumen sowie die Auftragegeschwindigkeit. F\u00fcr jede Bahn kann die Probennummer und der Volumenfaktor angegeben werden.<\/p>\n<p>Der batteriegepufferte Speicher fasst zehn verschiedene Methoden, die jederzeit geladen, bearbeitet und ausgedruckt werden k\u00f6nnen. Die Parameter k\u00f6nnen manuell oder \u00fcber die Software eingestellt werden, mit der Sie Ihre Programme einfach verwalten k\u00f6nnen, indem Sie die tats\u00e4chlich ben\u00f6tigten auf den AS30 laden und \u00e4ltere l\u00f6schen. Aufgrund des Datenpools am PC haben Sie immer die M\u00f6glichkeit, jedes einmal gespeicherte Programm zu laden. Ein herausragender Vorteil ist, dass die Analysesoftware ProQuant des HPTLC Densitometer CD60 die Methoden der AS30-Software laden kann, was zu einem wesentlich geringeren Aufwand f\u00fcr die manuelle Dateneingabe und zur Reduzierung von Fehlerquellen f\u00fchrt.<\/p>\n<p>Der Standardlieferumfang enth\u00e4lt 10\/25 \u03bcl Spritzen. F\u00fcr h\u00f6here Volumina k\u00f6nnen 100\/250 \u03bcl Spritzen bereitgestellt werden \u2013 w\u00e4hlen Sie einfach aus!<\/p>\n<p>Der HPTLC-Probenapplikator AS30 l\u00e4sst sich ganz einfach mit dem <a href=\"https:\/\/www.bionis.fr\/produit\/auto-sampler-bs35\/\">Auto-Sampler BS35<\/a> zu einem Ger\u00e4t koppeln.<\/p>\n<p>&nbsp;<\/p>\n<p>Volumen auf der Platte: <strong>von 0,1 \u00b5l bis 1 ml<\/strong><\/p>\n<p>Dosierspritze: <strong>10 oder 100\u00b5l<\/strong><\/p>\n<p>Nachf\u00fcllspritze: <strong>25 oder 250\u00b5l<\/strong><\/p>\n<p><strong>Sp\u00fclen des Kreislaufs<\/strong> vor jeder Anwendung<\/p>\n<p><strong>Ergonomische<\/strong> Software, die sehr einfach zu bedienen ist<\/p>\n<p>Zahlreiche <strong>einstellbare Elemente<\/strong> (Geschwindigkeiten, Anzahl, Abst\u00e4nde, L\u00e4ngen, Sp\u00fclungen, Mengen usw.)<\/p>\n<p>M\u00f6glichkeit, bis zu <strong>10 Methoden<\/strong> zu speichern<\/p>\n<p>Speichern von Protokollen<\/p>\n<p>Betrieb mit CD60-Densitometer f\u00fcr genaue und wiederholbare Quantifizierungsmessungen m\u00f6glich<\/p>\n<p><strong>Option:<\/strong><\/p>\n<p>IQ\/OQ f\u00fcr Absetzer AS30<\/p>\n<p><a href=\"https:\/\/www.bionis.fr\/produit\/couvercle-de-protection-pour-applicateur-as30\/\">Schutzkappe<\/a><\/p>\n<p><strong>Technische Spezifikationen:<\/strong><\/p>\n<p>TLC\/HPTLC-Plattengr\u00f6\u00dfe: bis zu 200 x 200 mm<\/p>\n<p>Aufl\u00f6sung: 2000 Schritte\/\u00b5l<\/p>\n<p>Anwendungsrate: 3-120 s\/\u00b5l<\/p>\n<p>Abmessungen (T x H x B): 500 x 380 x 180 mm<\/p>\n<p>Gewicht: 12 kg<\/p>\n<p><iframe title=\"Probenauftragung - Pr\u00e4sentation des HPTLC-Applikators AS 30 &amp; Autosamplers BS 35\" width=\"840\" height=\"473\" src=\"https:\/\/www.youtube.com\/embed\/3LG1zy0gLus?feature=oembed\" frameborder=\"0\" allow=\"accelerometer; autoplay; clipboard-write; encrypted-media; gyroscope; picture-in-picture; web-share\" allowfullscreen><\/iframe><\/p>\n","protected":false},"excerpt":{"rendered":"<p><span style=\"color: #000000;\"><a style=\"color: #000000;\" href=\"https:\/\/www.bionis.fr\/wp-content\/uploads\/2023\/10\/DE_Datasheet_AS30.pdf\">DOKUMENTATION HERUNTERLADEN<\/a><\/span><\/p>\n<p><strong>Referenz: BS130.500<\/strong><\/p>\n<p>Der <strong>halbautomatische HPTLC-Dosierer AS30<\/strong> erm\u00f6glicht das pr\u00e4zise Auftragen von Proben in Form von <strong>Strichen<\/strong> oder <strong>Punkten<\/strong>.<\/p>\n<p>Sie kann sowohl mit als auch ohne PC als eigenst\u00e4ndige Station betrieben werden.<\/p>\n<p>Die Ablagerung der einzelnen Proben erfolgt durch <strong>Vernebelung<\/strong>.<\/p>\n<p>Injektion der Probe in die <strong>Membranseptumdepotspritze<\/strong>.<\/p>\n","protected":false},"featured_media":3748,"template":"","meta":[],"product_brand":[],"product_cat":[208],"product_tag":[],"class_list":{"0":"post-5643","1":"product","2":"type-product","3":"status-publish","4":"has-post-thumbnail","6":"product_cat-hptlc-probenablage","8":"first","9":"instock","10":"taxable","11":"shipping-taxable","12":"product-type-simple"},"yoast_head":"<!-- This site is optimized with the Yoast SEO plugin v27.5 - https:\/\/yoast.com\/product\/yoast-seo-wordpress\/ -->\n<title>HPTLC-Probenapplikator AS30 - Bionis<\/title>\n<meta name=\"description\" content=\"Der halbautomatische HPTLC-Probenapplikator AS30 erm\u00f6glicht das pr\u00e4zise und wiederholbare Auftragen von Proben in Form von Strichen oder Punkten.\" \/>\n<meta name=\"robots\" content=\"index, follow, max-snippet:-1, max-image-preview:large, max-video-preview:-1\" \/>\n<link rel=\"canonical\" href=\"https:\/\/www.bionis.fr\/de\/produit\/hptlc-probenapplikator-as30\/\" \/>\n<meta property=\"og:locale\" content=\"de_DE\" \/>\n<meta property=\"og:type\" content=\"article\" \/>\n<meta property=\"og:title\" content=\"HPTLC-Probenapplikator AS30 - Bionis\" \/>\n<meta property=\"og:description\" content=\"Der halbautomatische HPTLC-Probenapplikator AS30 erm\u00f6glicht das pr\u00e4zise und wiederholbare Auftragen von Proben in Form von Strichen oder Punkten.\" \/>\n<meta property=\"og:url\" content=\"https:\/\/www.bionis.fr\/de\/produit\/hptlc-probenapplikator-as30\/\" \/>\n<meta property=\"og:site_name\" content=\"Bionis\" \/>\n<meta property=\"article:modified_time\" content=\"2023-10-26T14:21:24+00:00\" \/>\n<meta property=\"og:image\" content=\"https:\/\/www.bionis.fr\/wp-content\/uploads\/2020\/08\/700x700_AS30.png\" \/>\n\t<meta property=\"og:image:width\" content=\"700\" \/>\n\t<meta property=\"og:image:height\" content=\"700\" \/>\n\t<meta property=\"og:image:type\" content=\"image\/png\" \/>\n<meta name=\"twitter:card\" content=\"summary_large_image\" \/>\n<meta name=\"twitter:label1\" content=\"Gesch\u00e4tzte Lesezeit\" \/>\n\t<meta name=\"twitter:data1\" content=\"3\u00a0Minuten\" \/>\n<script type=\"application\/ld+json\" class=\"yoast-schema-graph\">{\"@context\":\"https:\\\/\\\/schema.org\",\"@graph\":[{\"@type\":\"WebPage\",\"@id\":\"https:\\\/\\\/www.bionis.fr\\\/de\\\/produit\\\/hptlc-probenapplikator-as30\\\/\",\"url\":\"https:\\\/\\\/www.bionis.fr\\\/de\\\/produit\\\/hptlc-probenapplikator-as30\\\/\",\"name\":\"HPTLC-Probenapplikator AS30 - Bionis\",\"isPartOf\":{\"@id\":\"https:\\\/\\\/www.bionis.fr\\\/#website\"},\"primaryImageOfPage\":{\"@id\":\"https:\\\/\\\/www.bionis.fr\\\/de\\\/produit\\\/hptlc-probenapplikator-as30\\\/#primaryimage\"},\"image\":{\"@id\":\"https:\\\/\\\/www.bionis.fr\\\/de\\\/produit\\\/hptlc-probenapplikator-as30\\\/#primaryimage\"},\"thumbnailUrl\":\"https:\\\/\\\/www.bionis.fr\\\/wp-content\\\/uploads\\\/2020\\\/08\\\/700x700_AS30.png\",\"datePublished\":\"2020-08-01T05:33:28+00:00\",\"dateModified\":\"2023-10-26T14:21:24+00:00\",\"description\":\"Der halbautomatische HPTLC-Probenapplikator AS30 erm\u00f6glicht das pr\u00e4zise und wiederholbare Auftragen von Proben in Form von Strichen oder Punkten.\",\"breadcrumb\":{\"@id\":\"https:\\\/\\\/www.bionis.fr\\\/de\\\/produit\\\/hptlc-probenapplikator-as30\\\/#breadcrumb\"},\"inLanguage\":\"de\",\"potentialAction\":[{\"@type\":\"ReadAction\",\"target\":[\"https:\\\/\\\/www.bionis.fr\\\/de\\\/produit\\\/hptlc-probenapplikator-as30\\\/\"]}]},{\"@type\":\"ImageObject\",\"inLanguage\":\"de\",\"@id\":\"https:\\\/\\\/www.bionis.fr\\\/de\\\/produit\\\/hptlc-probenapplikator-as30\\\/#primaryimage\",\"url\":\"https:\\\/\\\/www.bionis.fr\\\/wp-content\\\/uploads\\\/2020\\\/08\\\/700x700_AS30.png\",\"contentUrl\":\"https:\\\/\\\/www.bionis.fr\\\/wp-content\\\/uploads\\\/2020\\\/08\\\/700x700_AS30.png\",\"width\":700,\"height\":700,\"caption\":\"f\u00fcr D\u00fcnnschichtchromatographie\"},{\"@type\":\"BreadcrumbList\",\"@id\":\"https:\\\/\\\/www.bionis.fr\\\/de\\\/produit\\\/hptlc-probenapplikator-as30\\\/#breadcrumb\",\"itemListElement\":[{\"@type\":\"ListItem\",\"position\":1,\"name\":\"Accueil\",\"item\":\"https:\\\/\\\/www.bionis.fr\\\/\"},{\"@type\":\"ListItem\",\"position\":2,\"name\":\"Shop\",\"item\":\"https:\\\/\\\/www.bionis.fr\\\/de\\\/shop\\\/\"},{\"@type\":\"ListItem\",\"position\":3,\"name\":\"HPTLC-Probenapplikator AS30\"}]},{\"@type\":\"WebSite\",\"@id\":\"https:\\\/\\\/www.bionis.fr\\\/#website\",\"url\":\"https:\\\/\\\/www.bionis.fr\\\/\",\"name\":\"Bionis\",\"description\":\"Die D\u00fcnnschichtchromatographie-L\u00f6sung\",\"publisher\":{\"@id\":\"https:\\\/\\\/www.bionis.fr\\\/#organization\"},\"potentialAction\":[{\"@type\":\"SearchAction\",\"target\":{\"@type\":\"EntryPoint\",\"urlTemplate\":\"https:\\\/\\\/www.bionis.fr\\\/?s={search_term_string}\"},\"query-input\":{\"@type\":\"PropertyValueSpecification\",\"valueRequired\":true,\"valueName\":\"search_term_string\"}}],\"inLanguage\":\"de\"},{\"@type\":\"Organization\",\"@id\":\"https:\\\/\\\/www.bionis.fr\\\/#organization\",\"name\":\"Bionis\",\"url\":\"https:\\\/\\\/www.bionis.fr\\\/\",\"logo\":{\"@type\":\"ImageObject\",\"inLanguage\":\"de\",\"@id\":\"https:\\\/\\\/www.bionis.fr\\\/#\\\/schema\\\/logo\\\/image\\\/\",\"url\":\"https:\\\/\\\/www.bionis.fr\\\/wp-content\\\/uploads\\\/2020\\\/07\\\/bionis-logo.png\",\"contentUrl\":\"https:\\\/\\\/www.bionis.fr\\\/wp-content\\\/uploads\\\/2020\\\/07\\\/bionis-logo.png\",\"width\":500,\"height\":125,\"caption\":\"Bionis\"},\"image\":{\"@id\":\"https:\\\/\\\/www.bionis.fr\\\/#\\\/schema\\\/logo\\\/image\\\/\"},\"sameAs\":[\"https:\\\/\\\/www.linkedin.com\\\/company\\\/bionis-sas?originalSubdomain=fr\"]}]}<\/script>\n<!-- \/ Yoast SEO plugin. -->","yoast_head_json":{"title":"HPTLC-Probenapplikator AS30 - Bionis","description":"Der halbautomatische HPTLC-Probenapplikator AS30 erm\u00f6glicht das pr\u00e4zise und wiederholbare Auftragen von Proben in Form von Strichen oder Punkten.","robots":{"index":"index","follow":"follow","max-snippet":"max-snippet:-1","max-image-preview":"max-image-preview:large","max-video-preview":"max-video-preview:-1"},"canonical":"https:\/\/www.bionis.fr\/de\/produit\/hptlc-probenapplikator-as30\/","og_locale":"de_DE","og_type":"article","og_title":"HPTLC-Probenapplikator AS30 - Bionis","og_description":"Der halbautomatische HPTLC-Probenapplikator AS30 erm\u00f6glicht das pr\u00e4zise und wiederholbare Auftragen von Proben in Form von Strichen oder Punkten.","og_url":"https:\/\/www.bionis.fr\/de\/produit\/hptlc-probenapplikator-as30\/","og_site_name":"Bionis","article_modified_time":"2023-10-26T14:21:24+00:00","og_image":[{"width":700,"height":700,"url":"https:\/\/www.bionis.fr\/wp-content\/uploads\/2020\/08\/700x700_AS30.png","type":"image\/png"}],"twitter_card":"summary_large_image","twitter_misc":{"Gesch\u00e4tzte Lesezeit":"3\u00a0Minuten"},"schema":{"@context":"https:\/\/schema.org","@graph":[{"@type":"WebPage","@id":"https:\/\/www.bionis.fr\/de\/produit\/hptlc-probenapplikator-as30\/","url":"https:\/\/www.bionis.fr\/de\/produit\/hptlc-probenapplikator-as30\/","name":"HPTLC-Probenapplikator AS30 - Bionis","isPartOf":{"@id":"https:\/\/www.bionis.fr\/#website"},"primaryImageOfPage":{"@id":"https:\/\/www.bionis.fr\/de\/produit\/hptlc-probenapplikator-as30\/#primaryimage"},"image":{"@id":"https:\/\/www.bionis.fr\/de\/produit\/hptlc-probenapplikator-as30\/#primaryimage"},"thumbnailUrl":"https:\/\/www.bionis.fr\/wp-content\/uploads\/2020\/08\/700x700_AS30.png","datePublished":"2020-08-01T05:33:28+00:00","dateModified":"2023-10-26T14:21:24+00:00","description":"Der halbautomatische HPTLC-Probenapplikator AS30 erm\u00f6glicht das pr\u00e4zise und wiederholbare Auftragen von Proben in Form von Strichen oder Punkten.","breadcrumb":{"@id":"https:\/\/www.bionis.fr\/de\/produit\/hptlc-probenapplikator-as30\/#breadcrumb"},"inLanguage":"de","potentialAction":[{"@type":"ReadAction","target":["https:\/\/www.bionis.fr\/de\/produit\/hptlc-probenapplikator-as30\/"]}]},{"@type":"ImageObject","inLanguage":"de","@id":"https:\/\/www.bionis.fr\/de\/produit\/hptlc-probenapplikator-as30\/#primaryimage","url":"https:\/\/www.bionis.fr\/wp-content\/uploads\/2020\/08\/700x700_AS30.png","contentUrl":"https:\/\/www.bionis.fr\/wp-content\/uploads\/2020\/08\/700x700_AS30.png","width":700,"height":700,"caption":"f\u00fcr D\u00fcnnschichtchromatographie"},{"@type":"BreadcrumbList","@id":"https:\/\/www.bionis.fr\/de\/produit\/hptlc-probenapplikator-as30\/#breadcrumb","itemListElement":[{"@type":"ListItem","position":1,"name":"Accueil","item":"https:\/\/www.bionis.fr\/"},{"@type":"ListItem","position":2,"name":"Shop","item":"https:\/\/www.bionis.fr\/de\/shop\/"},{"@type":"ListItem","position":3,"name":"HPTLC-Probenapplikator AS30"}]},{"@type":"WebSite","@id":"https:\/\/www.bionis.fr\/#website","url":"https:\/\/www.bionis.fr\/","name":"Bionis","description":"Die D\u00fcnnschichtchromatographie-L\u00f6sung","publisher":{"@id":"https:\/\/www.bionis.fr\/#organization"},"potentialAction":[{"@type":"SearchAction","target":{"@type":"EntryPoint","urlTemplate":"https:\/\/www.bionis.fr\/?s={search_term_string}"},"query-input":{"@type":"PropertyValueSpecification","valueRequired":true,"valueName":"search_term_string"}}],"inLanguage":"de"},{"@type":"Organization","@id":"https:\/\/www.bionis.fr\/#organization","name":"Bionis","url":"https:\/\/www.bionis.fr\/","logo":{"@type":"ImageObject","inLanguage":"de","@id":"https:\/\/www.bionis.fr\/#\/schema\/logo\/image\/","url":"https:\/\/www.bionis.fr\/wp-content\/uploads\/2020\/07\/bionis-logo.png","contentUrl":"https:\/\/www.bionis.fr\/wp-content\/uploads\/2020\/07\/bionis-logo.png","width":500,"height":125,"caption":"Bionis"},"image":{"@id":"https:\/\/www.bionis.fr\/#\/schema\/logo\/image\/"},"sameAs":["https:\/\/www.linkedin.com\/company\/bionis-sas?originalSubdomain=fr"]}]}},"_links":{"self":[{"href":"https:\/\/www.bionis.fr\/de\/wp-json\/wp\/v2\/product\/5643","targetHints":{"allow":["GET"]}}],"collection":[{"href":"https:\/\/www.bionis.fr\/de\/wp-json\/wp\/v2\/product"}],"about":[{"href":"https:\/\/www.bionis.fr\/de\/wp-json\/wp\/v2\/types\/product"}],"wp:featuredmedia":[{"embeddable":true,"href":"https:\/\/www.bionis.fr\/de\/wp-json\/wp\/v2\/media\/3748"}],"wp:attachment":[{"href":"https:\/\/www.bionis.fr\/de\/wp-json\/wp\/v2\/media?parent=5643"}],"wp:term":[{"taxonomy":"product_brand","embeddable":true,"href":"https:\/\/www.bionis.fr\/de\/wp-json\/wp\/v2\/product_brand?post=5643"},{"taxonomy":"product_cat","embeddable":true,"href":"https:\/\/www.bionis.fr\/de\/wp-json\/wp\/v2\/product_cat?post=5643"},{"taxonomy":"product_tag","embeddable":true,"href":"https:\/\/www.bionis.fr\/de\/wp-json\/wp\/v2\/product_tag?post=5643"}],"curies":[{"name":"wp","href":"https:\/\/api.w.org\/{rel}","templated":true}]}}