{"id":5650,"date":"2020-07-31T17:23:46","date_gmt":"2020-07-31T15:23:46","guid":{"rendered":"https:\/\/www.bionis.fr\/produit\/elektrisches-spruehgeraet-sge1\/"},"modified":"2023-09-25T10:05:40","modified_gmt":"2023-09-25T08:05:40","slug":"elektrisches-spruehgeraet-sge1","status":"publish","type":"product","link":"https:\/\/www.bionis.fr\/de\/produit\/elektrisches-spruehgeraet-sge1\/","title":{"rendered":"Elektrisches Spr\u00fchger\u00e4t SGe1"},"content":{"rendered":"<p>Elektrisches Spr\u00fchger\u00e4t SGe1: Spr\u00fchen ohne FCKW \u2013 eine Alternative f\u00fcr das umweltbewusste Labor<\/p>\n<p>Das SGe1 arbeitet mit einer eingebauten, leise arbeitenden Hochleistungspumpe. Stromunabh\u00e4ngig wird ultrafeiner Spr\u00fchnebel erzeugt. Fl\u00fcssigkeiten mit Viskosit\u00e4ten bis zu denen von Leicht\u00f6len werden einfach per Knopfdruck zerst\u00e4ubt. Der Tropfendurchmesser betr\u00e4gt 5 \u2013 10 \u00b5m. Der verschlie\u00dfbare Beh\u00e4lter f\u00fcr die Spr\u00fchreagenzien besteht aus Borosilikatglas und fasst 50 ml. Er wird in den PTFE Spr\u00fchkopf eingeschraubt und kann innerhalb von Sekunden ausgetauscht werden. Die handliche, moderne Form des Sprayer SGe1 wurde unter ergonomischen Gesichtspunkten entworfen.<\/p>\n<p>\u2013 Extrem feiner Spr\u00fchnebel<br \/>\n\u2013 Feine Zerst\u00e4ubung auf Knopfdruck<br \/>\n\u2013 F\u00fcr Fl\u00fcssigkeiten bis zur Viskosit\u00e4t von Leicht\u00f6len<br \/>\n\u2013 Verschlie\u00dfbarer 50 ml Beh\u00e4lter f\u00fcr Spr\u00fchreagenz aus Klarglas<br \/>\n\u2013 Inklusive Akkus und Schnelllade-Station &gt; -&gt; f\u00fcr eine dauernde Einsatzbereitschaft, perfekt als Aufbewahrungsbeh\u00e4lter geeignet<\/p>\n<p><iframe title=\"Derivatisierung - Pr\u00e4sentation der Tauchkammer, Sprayer, ChromaJet DS 20 &amp; Thermoplate\" width=\"840\" height=\"473\" src=\"https:\/\/www.youtube.com\/embed\/tZTWiQb5I1M?feature=oembed\" frameborder=\"0\" allow=\"accelerometer; autoplay; clipboard-write; encrypted-media; gyroscope; picture-in-picture; web-share\" allowfullscreen><\/iframe><\/p>\n","protected":false},"excerpt":{"rendered":"<p><span style=\"color: #000000;\"><a style=\"color: #000000;\" href=\"https:\/\/www.bionis.fr\/wp-content\/uploads\/2020\/07\/DE_Datasheet_SGe1.pdf\">DOKUMENTATION HERUNTERLADEN<\/a><\/span><\/p>\n<p><strong>Referenz: BS130.605<\/strong><\/p>\n<p>Der elektrische Zerst\u00e4uber SGe1 hat eine <strong>Minipumpe<\/strong>, die mit einer <strong>230V-Batterie<\/strong> betrieben wird, die auf einem Sockel <strong>aufgeladen<\/strong> werden kann.<\/p>\n<p>Jede Fl\u00fcssigkeit mit einer Viskosit\u00e4t, die h\u00f6chstens der eines \u00d6ls entspricht, wird in feine Tr\u00f6pfchen von <strong>5 bis 10 \u00b5m<\/strong> zerst\u00e4ubt.<\/p>\n<p>Der Beh\u00e4lter aus <strong>Borosilikatglas<\/strong> hat ein Fassungsverm\u00f6gen von <strong>50ml<\/strong>.<\/p>\n<p>Die D\u00fcse besteht aus <strong>PTFE<\/strong>. Sie zu ersetzen dauert nur wenige Sekunden.<\/p>\n<p>Einfache Handhabung. Platzsparend. Einfaches Aussp\u00fclen.<\/p>\n<p>Erm\u00f6glicht FCKW-freies Spr\u00fchen.<\/p>\n","protected":false},"featured_media":3733,"template":"","meta":[],"product_brand":[],"product_cat":[177],"product_tag":[],"class_list":{"0":"post-5650","1":"product","2":"type-product","3":"status-publish","4":"has-post-thumbnail","6":"product_cat-offenbarung","8":"first","9":"instock","10":"taxable","11":"shipping-taxable","12":"product-type-simple"},"yoast_head":"<!-- This site is optimized with the Yoast SEO plugin v27.5 - https:\/\/yoast.com\/product\/yoast-seo-wordpress\/ -->\n<title>Elektrisches Spr\u00fchger\u00e4t SGe1 - Bionis<\/title>\n<meta name=\"description\" content=\"Der Elektrisches Spr\u00fchger\u00e4t SGe1 hat eine Minipumpe, die mit einer 230V-Batterie betrieben wird, die auf einem Sockel aufgeladen werden kann.\" \/>\n<meta name=\"robots\" content=\"index, follow, max-snippet:-1, max-image-preview:large, max-video-preview:-1\" \/>\n<link rel=\"canonical\" href=\"https:\/\/www.bionis.fr\/de\/produit\/elektrisches-spruehgeraet-sge1\/\" \/>\n<meta property=\"og:locale\" content=\"de_DE\" \/>\n<meta property=\"og:type\" content=\"article\" \/>\n<meta property=\"og:title\" content=\"Elektrisches Spr\u00fchger\u00e4t SGe1 - Bionis\" \/>\n<meta property=\"og:description\" content=\"Der Elektrisches Spr\u00fchger\u00e4t SGe1 hat eine Minipumpe, die mit einer 230V-Batterie betrieben wird, die auf einem Sockel aufgeladen werden kann.\" \/>\n<meta property=\"og:url\" content=\"https:\/\/www.bionis.fr\/de\/produit\/elektrisches-spruehgeraet-sge1\/\" \/>\n<meta property=\"og:site_name\" content=\"Bionis\" \/>\n<meta property=\"article:modified_time\" content=\"2023-09-25T08:05:40+00:00\" \/>\n<meta property=\"og:image\" content=\"https:\/\/www.bionis.fr\/wp-content\/uploads\/2020\/07\/700x700_Pulverisateur.png\" \/>\n\t<meta property=\"og:image:width\" content=\"700\" \/>\n\t<meta property=\"og:image:height\" content=\"700\" \/>\n\t<meta property=\"og:image:type\" content=\"image\/png\" \/>\n<meta name=\"twitter:card\" content=\"summary_large_image\" \/>\n<meta name=\"twitter:label1\" content=\"Gesch\u00e4tzte Lesezeit\" \/>\n\t<meta name=\"twitter:data1\" content=\"1\u00a0Minute\" \/>\n<script type=\"application\/ld+json\" class=\"yoast-schema-graph\">{\"@context\":\"https:\\\/\\\/schema.org\",\"@graph\":[{\"@type\":\"WebPage\",\"@id\":\"https:\\\/\\\/www.bionis.fr\\\/de\\\/produit\\\/elektrisches-spruehgeraet-sge1\\\/\",\"url\":\"https:\\\/\\\/www.bionis.fr\\\/de\\\/produit\\\/elektrisches-spruehgeraet-sge1\\\/\",\"name\":\"Elektrisches Spr\u00fchger\u00e4t SGe1 - Bionis\",\"isPartOf\":{\"@id\":\"https:\\\/\\\/www.bionis.fr\\\/#website\"},\"primaryImageOfPage\":{\"@id\":\"https:\\\/\\\/www.bionis.fr\\\/de\\\/produit\\\/elektrisches-spruehgeraet-sge1\\\/#primaryimage\"},\"image\":{\"@id\":\"https:\\\/\\\/www.bionis.fr\\\/de\\\/produit\\\/elektrisches-spruehgeraet-sge1\\\/#primaryimage\"},\"thumbnailUrl\":\"https:\\\/\\\/www.bionis.fr\\\/wp-content\\\/uploads\\\/2020\\\/07\\\/700x700_Pulverisateur.png\",\"datePublished\":\"2020-07-31T15:23:46+00:00\",\"dateModified\":\"2023-09-25T08:05:40+00:00\",\"description\":\"Der Elektrisches Spr\u00fchger\u00e4t SGe1 hat eine Minipumpe, die mit einer 230V-Batterie betrieben wird, die auf einem Sockel aufgeladen werden kann.\",\"breadcrumb\":{\"@id\":\"https:\\\/\\\/www.bionis.fr\\\/de\\\/produit\\\/elektrisches-spruehgeraet-sge1\\\/#breadcrumb\"},\"inLanguage\":\"de\",\"potentialAction\":[{\"@type\":\"ReadAction\",\"target\":[\"https:\\\/\\\/www.bionis.fr\\\/de\\\/produit\\\/elektrisches-spruehgeraet-sge1\\\/\"]}]},{\"@type\":\"ImageObject\",\"inLanguage\":\"de\",\"@id\":\"https:\\\/\\\/www.bionis.fr\\\/de\\\/produit\\\/elektrisches-spruehgeraet-sge1\\\/#primaryimage\",\"url\":\"https:\\\/\\\/www.bionis.fr\\\/wp-content\\\/uploads\\\/2020\\\/07\\\/700x700_Pulverisateur.png\",\"contentUrl\":\"https:\\\/\\\/www.bionis.fr\\\/wp-content\\\/uploads\\\/2020\\\/07\\\/700x700_Pulverisateur.png\",\"width\":700,\"height\":700,\"caption\":\"f\u00fcr D\u00fcnnschichtchromatographie oder andere\"},{\"@type\":\"BreadcrumbList\",\"@id\":\"https:\\\/\\\/www.bionis.fr\\\/de\\\/produit\\\/elektrisches-spruehgeraet-sge1\\\/#breadcrumb\",\"itemListElement\":[{\"@type\":\"ListItem\",\"position\":1,\"name\":\"Accueil\",\"item\":\"https:\\\/\\\/www.bionis.fr\\\/\"},{\"@type\":\"ListItem\",\"position\":2,\"name\":\"Shop\",\"item\":\"https:\\\/\\\/www.bionis.fr\\\/de\\\/shop\\\/\"},{\"@type\":\"ListItem\",\"position\":3,\"name\":\"Elektrisches Spr\u00fchger\u00e4t SGe1\"}]},{\"@type\":\"WebSite\",\"@id\":\"https:\\\/\\\/www.bionis.fr\\\/#website\",\"url\":\"https:\\\/\\\/www.bionis.fr\\\/\",\"name\":\"Bionis\",\"description\":\"Die D\u00fcnnschichtchromatographie-L\u00f6sung\",\"publisher\":{\"@id\":\"https:\\\/\\\/www.bionis.fr\\\/#organization\"},\"potentialAction\":[{\"@type\":\"SearchAction\",\"target\":{\"@type\":\"EntryPoint\",\"urlTemplate\":\"https:\\\/\\\/www.bionis.fr\\\/?s={search_term_string}\"},\"query-input\":{\"@type\":\"PropertyValueSpecification\",\"valueRequired\":true,\"valueName\":\"search_term_string\"}}],\"inLanguage\":\"de\"},{\"@type\":\"Organization\",\"@id\":\"https:\\\/\\\/www.bionis.fr\\\/#organization\",\"name\":\"Bionis\",\"url\":\"https:\\\/\\\/www.bionis.fr\\\/\",\"logo\":{\"@type\":\"ImageObject\",\"inLanguage\":\"de\",\"@id\":\"https:\\\/\\\/www.bionis.fr\\\/#\\\/schema\\\/logo\\\/image\\\/\",\"url\":\"https:\\\/\\\/www.bionis.fr\\\/wp-content\\\/uploads\\\/2020\\\/07\\\/bionis-logo.png\",\"contentUrl\":\"https:\\\/\\\/www.bionis.fr\\\/wp-content\\\/uploads\\\/2020\\\/07\\\/bionis-logo.png\",\"width\":500,\"height\":125,\"caption\":\"Bionis\"},\"image\":{\"@id\":\"https:\\\/\\\/www.bionis.fr\\\/#\\\/schema\\\/logo\\\/image\\\/\"},\"sameAs\":[\"https:\\\/\\\/www.linkedin.com\\\/company\\\/bionis-sas?originalSubdomain=fr\"]}]}<\/script>\n<!-- \/ Yoast SEO plugin. -->","yoast_head_json":{"title":"Elektrisches Spr\u00fchger\u00e4t SGe1 - Bionis","description":"Der Elektrisches Spr\u00fchger\u00e4t SGe1 hat eine Minipumpe, die mit einer 230V-Batterie betrieben wird, die auf einem Sockel aufgeladen werden kann.","robots":{"index":"index","follow":"follow","max-snippet":"max-snippet:-1","max-image-preview":"max-image-preview:large","max-video-preview":"max-video-preview:-1"},"canonical":"https:\/\/www.bionis.fr\/de\/produit\/elektrisches-spruehgeraet-sge1\/","og_locale":"de_DE","og_type":"article","og_title":"Elektrisches Spr\u00fchger\u00e4t SGe1 - Bionis","og_description":"Der Elektrisches Spr\u00fchger\u00e4t SGe1 hat eine Minipumpe, die mit einer 230V-Batterie betrieben wird, die auf einem Sockel aufgeladen werden kann.","og_url":"https:\/\/www.bionis.fr\/de\/produit\/elektrisches-spruehgeraet-sge1\/","og_site_name":"Bionis","article_modified_time":"2023-09-25T08:05:40+00:00","og_image":[{"width":700,"height":700,"url":"https:\/\/www.bionis.fr\/wp-content\/uploads\/2020\/07\/700x700_Pulverisateur.png","type":"image\/png"}],"twitter_card":"summary_large_image","twitter_misc":{"Gesch\u00e4tzte Lesezeit":"1\u00a0Minute"},"schema":{"@context":"https:\/\/schema.org","@graph":[{"@type":"WebPage","@id":"https:\/\/www.bionis.fr\/de\/produit\/elektrisches-spruehgeraet-sge1\/","url":"https:\/\/www.bionis.fr\/de\/produit\/elektrisches-spruehgeraet-sge1\/","name":"Elektrisches Spr\u00fchger\u00e4t SGe1 - Bionis","isPartOf":{"@id":"https:\/\/www.bionis.fr\/#website"},"primaryImageOfPage":{"@id":"https:\/\/www.bionis.fr\/de\/produit\/elektrisches-spruehgeraet-sge1\/#primaryimage"},"image":{"@id":"https:\/\/www.bionis.fr\/de\/produit\/elektrisches-spruehgeraet-sge1\/#primaryimage"},"thumbnailUrl":"https:\/\/www.bionis.fr\/wp-content\/uploads\/2020\/07\/700x700_Pulverisateur.png","datePublished":"2020-07-31T15:23:46+00:00","dateModified":"2023-09-25T08:05:40+00:00","description":"Der Elektrisches Spr\u00fchger\u00e4t SGe1 hat eine Minipumpe, die mit einer 230V-Batterie betrieben wird, die auf einem Sockel aufgeladen werden kann.","breadcrumb":{"@id":"https:\/\/www.bionis.fr\/de\/produit\/elektrisches-spruehgeraet-sge1\/#breadcrumb"},"inLanguage":"de","potentialAction":[{"@type":"ReadAction","target":["https:\/\/www.bionis.fr\/de\/produit\/elektrisches-spruehgeraet-sge1\/"]}]},{"@type":"ImageObject","inLanguage":"de","@id":"https:\/\/www.bionis.fr\/de\/produit\/elektrisches-spruehgeraet-sge1\/#primaryimage","url":"https:\/\/www.bionis.fr\/wp-content\/uploads\/2020\/07\/700x700_Pulverisateur.png","contentUrl":"https:\/\/www.bionis.fr\/wp-content\/uploads\/2020\/07\/700x700_Pulverisateur.png","width":700,"height":700,"caption":"f\u00fcr D\u00fcnnschichtchromatographie oder andere"},{"@type":"BreadcrumbList","@id":"https:\/\/www.bionis.fr\/de\/produit\/elektrisches-spruehgeraet-sge1\/#breadcrumb","itemListElement":[{"@type":"ListItem","position":1,"name":"Accueil","item":"https:\/\/www.bionis.fr\/"},{"@type":"ListItem","position":2,"name":"Shop","item":"https:\/\/www.bionis.fr\/de\/shop\/"},{"@type":"ListItem","position":3,"name":"Elektrisches Spr\u00fchger\u00e4t SGe1"}]},{"@type":"WebSite","@id":"https:\/\/www.bionis.fr\/#website","url":"https:\/\/www.bionis.fr\/","name":"Bionis","description":"Die D\u00fcnnschichtchromatographie-L\u00f6sung","publisher":{"@id":"https:\/\/www.bionis.fr\/#organization"},"potentialAction":[{"@type":"SearchAction","target":{"@type":"EntryPoint","urlTemplate":"https:\/\/www.bionis.fr\/?s={search_term_string}"},"query-input":{"@type":"PropertyValueSpecification","valueRequired":true,"valueName":"search_term_string"}}],"inLanguage":"de"},{"@type":"Organization","@id":"https:\/\/www.bionis.fr\/#organization","name":"Bionis","url":"https:\/\/www.bionis.fr\/","logo":{"@type":"ImageObject","inLanguage":"de","@id":"https:\/\/www.bionis.fr\/#\/schema\/logo\/image\/","url":"https:\/\/www.bionis.fr\/wp-content\/uploads\/2020\/07\/bionis-logo.png","contentUrl":"https:\/\/www.bionis.fr\/wp-content\/uploads\/2020\/07\/bionis-logo.png","width":500,"height":125,"caption":"Bionis"},"image":{"@id":"https:\/\/www.bionis.fr\/#\/schema\/logo\/image\/"},"sameAs":["https:\/\/www.linkedin.com\/company\/bionis-sas?originalSubdomain=fr"]}]}},"_links":{"self":[{"href":"https:\/\/www.bionis.fr\/de\/wp-json\/wp\/v2\/product\/5650","targetHints":{"allow":["GET"]}}],"collection":[{"href":"https:\/\/www.bionis.fr\/de\/wp-json\/wp\/v2\/product"}],"about":[{"href":"https:\/\/www.bionis.fr\/de\/wp-json\/wp\/v2\/types\/product"}],"wp:featuredmedia":[{"embeddable":true,"href":"https:\/\/www.bionis.fr\/de\/wp-json\/wp\/v2\/media\/3733"}],"wp:attachment":[{"href":"https:\/\/www.bionis.fr\/de\/wp-json\/wp\/v2\/media?parent=5650"}],"wp:term":[{"taxonomy":"product_brand","embeddable":true,"href":"https:\/\/www.bionis.fr\/de\/wp-json\/wp\/v2\/product_brand?post=5650"},{"taxonomy":"product_cat","embeddable":true,"href":"https:\/\/www.bionis.fr\/de\/wp-json\/wp\/v2\/product_cat?post=5650"},{"taxonomy":"product_tag","embeddable":true,"href":"https:\/\/www.bionis.fr\/de\/wp-json\/wp\/v2\/product_tag?post=5650"}],"curies":[{"name":"wp","href":"https:\/\/api.w.org\/{rel}","templated":true}]}}