{"id":5651,"date":"2020-08-01T07:21:52","date_gmt":"2020-08-01T05:21:52","guid":{"rendered":"https:\/\/www.bionis.fr\/produit\/thermoplate-s-plus-plattenwaermer\/"},"modified":"2023-09-18T11:02:46","modified_gmt":"2023-09-18T09:02:46","slug":"thermoplate-s-plus-plattenwaermer","status":"publish","type":"product","link":"https:\/\/www.bionis.fr\/de\/produit\/thermoplate-s-plus-plattenwaermer\/","title":{"rendered":"Thermoplate S-Plus Plattenw\u00e4rmer"},"content":{"rendered":"<div>Die Thermoplate S plus ist eine elektronisch gesteuerte Heizplatte f\u00fcr Detektionsreaktionen in TLC\/HPTLC sowie f\u00fcr pr\u00e4zise Heiz- und Trocknungsvorg\u00e4nge im Labor. Die eingestellte Nenntemperatur wird konstant innerhalb von 2 K gehalten. Der Betriebsbereich liegt zwischen 25 und 200 \u00b0C. Die niedrigstm\u00f6gliche kontrollierte Temperatur liegt 10 K \u00fcber der Umgebungstemperatur. Das Ger\u00e4t arbeitet mit einem Platinwiderstandsthermometer. Die Temperaturanzeige erfolgt auf einem farbigen Touchscreen, der bei steigenden Temperaturen von gr\u00fcn oder blau zu rot wechselt. Dies bedeutet, dass der Benutzer visuell sehen kann, ob es sicher ist, die Platte zu ber\u00fchren oder nicht. Ein Akku-Signal informiert den Benutzer, sobald eine definierte Zeit oder eine gew\u00fcnschte Temperatur erreicht ist. Dar\u00fcber hinaus k\u00f6nnen bis zu 9 Programme gespeichert werden. Die Heizfl\u00e4che besteht aus hochleitf\u00e4higem Aluminium, das zusammen mit der ultragro\u00dfen Fl\u00e4che des Heizelements f\u00fcr eine gleichm\u00e4\u00dfige Temperaturverteilung sorgt.<\/div>\n<div><\/div>\n<div><\/div>\n<div><\/div>\n<div>Technische Daten<\/div>\n<div>\u2013 Temperaturbereich: 25 \u2013 200\u00b0C<\/div>\n<div>\u2013 Heizfl\u00e4che: 240 x 240 mm<\/div>\n<div>\u2013 Heizleistung bei 50\u00b0C: 10 K\/min<\/div>\n<div>\u2013 Schwankungsbereich der kontrollierten Temperatur: 2 K<\/div>\n<div>\u2013 optische Temperaturanzeige auf dem Touchscreen \u2013 &gt; Farbwechsel von gr\u00fcn auf rot<\/div>\n<div>\u2013 Timer-Funktion mit akustischem Signal<\/div>\n<div>\u2013 Programmsteuerung \u2013 &gt; bis zu 9 Programme speicherbar<\/div>\n","protected":false},"excerpt":{"rendered":"<p><span style=\"color: #000000;\"><a style=\"color: #000000;\" href=\"https:\/\/www.bionis.fr\/wp-content\/uploads\/2020\/08\/DE_Datasheet_Thermoplate.pdf\">DOKUMENTATION HERUNTERLADEN<\/a><\/span><\/p>\n<p><strong>Referenz: BS121.845<\/strong><\/p>\n<p>Mit diesem Ger\u00e4t ist es m\u00f6glich, eine <strong>gleichm\u00e4\u00dfige<\/strong> <strong>Heiztemperatur <\/strong>auf der gesamten Oberfl\u00e4che der Platte zu erreichen.<\/p>\n<p>Der Temperaturbereich liegt zwischen <strong>25 und 199\u00b0C<\/strong>.<\/p>\n<p>Ein Thermostat sorgt daf\u00fcr, dass die angezeigte Temperatur auf <em>+\/- 0,5\u00b0<\/em> gehalten wird.<\/p>\n<p>Der Temperaturanstieg betr\u00e4gt etwa <strong>3 Minuten<\/strong>, um 150 \u00b0C zu erreichen. 220V 60Hz<\/p>\n<p><strong>Neue Funktionen:<\/strong><\/p>\n<p>-Wechsel von Gr\u00fcn auf Rot bei steigenden Temperaturen<\/p>\n<p>&#8211; Timerfunktion mit akustischem Signal<\/p>\n<p>&#8211; Programmkontrolle mit Speicherung von bis zu 9 Programmen<\/p>\n","protected":false},"featured_media":3745,"template":"","meta":[],"product_brand":[],"product_cat":[212,177],"product_tag":[],"class_list":{"0":"post-5651","1":"product","2":"type-product","3":"status-publish","4":"has-post-thumbnail","6":"product_cat-derivatisierung","7":"product_cat-offenbarung","9":"first","10":"instock","11":"taxable","12":"shipping-taxable","13":"product-type-simple"},"yoast_head":"<!-- This site is optimized with the Yoast SEO plugin v27.5 - https:\/\/yoast.com\/product\/yoast-seo-wordpress\/ -->\n<title>Thermoplate S-Plus Plattenw\u00e4rmer - Bionis<\/title>\n<meta name=\"description\" content=\"Thermoplate S-Plus Plattenw\u00e4rmerDOKUMENTATION HERUNTERLADEN  Referenz: BS121.845  Mit diesem Ger\u00e4t ist es m\u00f6glich, eine gleichm\u00e4\u00dfige Heiztemperatur auf der gesamten Oberfl\u00e4che der Platte zu erreichen.  Der Temperaturbereich liegt zwischen 25 und 199\u00b0C.  Ein Thermostat sorgt daf\u00fcr, dass die angezeigte Temperatur auf +\/- 0,5\u00b0 gehalten wird.  Der Temperaturanstieg betr\u00e4gt etwa 3 Minuten, um 150 \u00b0C zu erreichen. 220V 60Hz  Neue Funktionen:  -Wechsel von Gr\u00fcn auf Rot bei steigenden Temperaturen  - Timerfunktion mit akustischem Signal  - Programmkontrolle mit Speicherung von bis zu 9 Programmen\" \/>\n<meta name=\"robots\" content=\"index, follow, max-snippet:-1, max-image-preview:large, max-video-preview:-1\" \/>\n<link rel=\"canonical\" href=\"https:\/\/www.bionis.fr\/de\/produit\/thermoplate-s-plus-plattenwaermer\/\" \/>\n<meta property=\"og:locale\" content=\"de_DE\" \/>\n<meta property=\"og:type\" content=\"article\" \/>\n<meta property=\"og:title\" content=\"Thermoplate S-Plus Plattenw\u00e4rmer - Bionis\" \/>\n<meta property=\"og:description\" content=\"Thermoplate S-Plus Plattenw\u00e4rmerDOKUMENTATION HERUNTERLADEN  Referenz: BS121.845  Mit diesem Ger\u00e4t ist es m\u00f6glich, eine gleichm\u00e4\u00dfige Heiztemperatur auf der gesamten Oberfl\u00e4che der Platte zu erreichen.  Der Temperaturbereich liegt zwischen 25 und 199\u00b0C.  Ein Thermostat sorgt daf\u00fcr, dass die angezeigte Temperatur auf +\/- 0,5\u00b0 gehalten wird.  Der Temperaturanstieg betr\u00e4gt etwa 3 Minuten, um 150 \u00b0C zu erreichen. 220V 60Hz  Neue Funktionen:  -Wechsel von Gr\u00fcn auf Rot bei steigenden Temperaturen  - Timerfunktion mit akustischem Signal  - Programmkontrolle mit Speicherung von bis zu 9 Programmen\" \/>\n<meta property=\"og:url\" content=\"https:\/\/www.bionis.fr\/de\/produit\/thermoplate-s-plus-plattenwaermer\/\" \/>\n<meta property=\"og:site_name\" content=\"Bionis\" \/>\n<meta property=\"article:modified_time\" content=\"2023-09-18T09:02:46+00:00\" \/>\n<meta property=\"og:image\" content=\"https:\/\/www.bionis.fr\/wp-content\/uploads\/2020\/08\/700x700_Thermoplate-Splus.png\" \/>\n\t<meta property=\"og:image:width\" content=\"700\" \/>\n\t<meta property=\"og:image:height\" content=\"700\" \/>\n\t<meta property=\"og:image:type\" content=\"image\/png\" \/>\n<meta name=\"twitter:card\" content=\"summary_large_image\" \/>\n<meta name=\"twitter:label1\" content=\"Gesch\u00e4tzte Lesezeit\" \/>\n\t<meta name=\"twitter:data1\" content=\"1\u00a0Minute\" \/>\n<script type=\"application\/ld+json\" class=\"yoast-schema-graph\">{\"@context\":\"https:\\\/\\\/schema.org\",\"@graph\":[{\"@type\":\"WebPage\",\"@id\":\"https:\\\/\\\/www.bionis.fr\\\/de\\\/produit\\\/thermoplate-s-plus-plattenwaermer\\\/\",\"url\":\"https:\\\/\\\/www.bionis.fr\\\/de\\\/produit\\\/thermoplate-s-plus-plattenwaermer\\\/\",\"name\":\"Thermoplate S-Plus Plattenw\u00e4rmer - Bionis\",\"isPartOf\":{\"@id\":\"https:\\\/\\\/www.bionis.fr\\\/#website\"},\"primaryImageOfPage\":{\"@id\":\"https:\\\/\\\/www.bionis.fr\\\/de\\\/produit\\\/thermoplate-s-plus-plattenwaermer\\\/#primaryimage\"},\"image\":{\"@id\":\"https:\\\/\\\/www.bionis.fr\\\/de\\\/produit\\\/thermoplate-s-plus-plattenwaermer\\\/#primaryimage\"},\"thumbnailUrl\":\"https:\\\/\\\/www.bionis.fr\\\/wp-content\\\/uploads\\\/2020\\\/08\\\/700x700_Thermoplate-Splus.png\",\"datePublished\":\"2020-08-01T05:21:52+00:00\",\"dateModified\":\"2023-09-18T09:02:46+00:00\",\"description\":\"Thermoplate S-Plus Plattenw\u00e4rmerDOKUMENTATION HERUNTERLADEN Referenz: BS121.845 Mit diesem Ger\u00e4t ist es m\u00f6glich, eine gleichm\u00e4\u00dfige Heiztemperatur auf der gesamten Oberfl\u00e4che der Platte zu erreichen. Der Temperaturbereich liegt zwischen 25 und 199\u00b0C. Ein Thermostat sorgt daf\u00fcr, dass die angezeigte Temperatur auf +\\\/- 0,5\u00b0 gehalten wird. Der Temperaturanstieg betr\u00e4gt etwa 3 Minuten, um 150 \u00b0C zu erreichen. 220V 60Hz Neue Funktionen: -Wechsel von Gr\u00fcn auf Rot bei steigenden Temperaturen - Timerfunktion mit akustischem Signal - Programmkontrolle mit Speicherung von bis zu 9 Programmen\",\"breadcrumb\":{\"@id\":\"https:\\\/\\\/www.bionis.fr\\\/de\\\/produit\\\/thermoplate-s-plus-plattenwaermer\\\/#breadcrumb\"},\"inLanguage\":\"de\",\"potentialAction\":[{\"@type\":\"ReadAction\",\"target\":[\"https:\\\/\\\/www.bionis.fr\\\/de\\\/produit\\\/thermoplate-s-plus-plattenwaermer\\\/\"]}]},{\"@type\":\"ImageObject\",\"inLanguage\":\"de\",\"@id\":\"https:\\\/\\\/www.bionis.fr\\\/de\\\/produit\\\/thermoplate-s-plus-plattenwaermer\\\/#primaryimage\",\"url\":\"https:\\\/\\\/www.bionis.fr\\\/wp-content\\\/uploads\\\/2020\\\/08\\\/700x700_Thermoplate-Splus.png\",\"contentUrl\":\"https:\\\/\\\/www.bionis.fr\\\/wp-content\\\/uploads\\\/2020\\\/08\\\/700x700_Thermoplate-Splus.png\",\"width\":700,\"height\":700,\"caption\":\"f\u00fcr D\u00fcnnschichtchromatographie\"},{\"@type\":\"BreadcrumbList\",\"@id\":\"https:\\\/\\\/www.bionis.fr\\\/de\\\/produit\\\/thermoplate-s-plus-plattenwaermer\\\/#breadcrumb\",\"itemListElement\":[{\"@type\":\"ListItem\",\"position\":1,\"name\":\"Accueil\",\"item\":\"https:\\\/\\\/www.bionis.fr\\\/\"},{\"@type\":\"ListItem\",\"position\":2,\"name\":\"Shop\",\"item\":\"https:\\\/\\\/www.bionis.fr\\\/de\\\/shop\\\/\"},{\"@type\":\"ListItem\",\"position\":3,\"name\":\"Thermoplate S-Plus Plattenw\u00e4rmer\"}]},{\"@type\":\"WebSite\",\"@id\":\"https:\\\/\\\/www.bionis.fr\\\/#website\",\"url\":\"https:\\\/\\\/www.bionis.fr\\\/\",\"name\":\"Bionis\",\"description\":\"Die D\u00fcnnschichtchromatographie-L\u00f6sung\",\"publisher\":{\"@id\":\"https:\\\/\\\/www.bionis.fr\\\/#organization\"},\"potentialAction\":[{\"@type\":\"SearchAction\",\"target\":{\"@type\":\"EntryPoint\",\"urlTemplate\":\"https:\\\/\\\/www.bionis.fr\\\/?s={search_term_string}\"},\"query-input\":{\"@type\":\"PropertyValueSpecification\",\"valueRequired\":true,\"valueName\":\"search_term_string\"}}],\"inLanguage\":\"de\"},{\"@type\":\"Organization\",\"@id\":\"https:\\\/\\\/www.bionis.fr\\\/#organization\",\"name\":\"Bionis\",\"url\":\"https:\\\/\\\/www.bionis.fr\\\/\",\"logo\":{\"@type\":\"ImageObject\",\"inLanguage\":\"de\",\"@id\":\"https:\\\/\\\/www.bionis.fr\\\/#\\\/schema\\\/logo\\\/image\\\/\",\"url\":\"https:\\\/\\\/www.bionis.fr\\\/wp-content\\\/uploads\\\/2020\\\/07\\\/bionis-logo.png\",\"contentUrl\":\"https:\\\/\\\/www.bionis.fr\\\/wp-content\\\/uploads\\\/2020\\\/07\\\/bionis-logo.png\",\"width\":500,\"height\":125,\"caption\":\"Bionis\"},\"image\":{\"@id\":\"https:\\\/\\\/www.bionis.fr\\\/#\\\/schema\\\/logo\\\/image\\\/\"},\"sameAs\":[\"https:\\\/\\\/www.linkedin.com\\\/company\\\/bionis-sas?originalSubdomain=fr\"]}]}<\/script>\n<!-- \/ Yoast SEO plugin. -->","yoast_head_json":{"title":"Thermoplate S-Plus Plattenw\u00e4rmer - Bionis","description":"Thermoplate S-Plus Plattenw\u00e4rmerDOKUMENTATION HERUNTERLADEN  Referenz: BS121.845  Mit diesem Ger\u00e4t ist es m\u00f6glich, eine gleichm\u00e4\u00dfige Heiztemperatur auf der gesamten Oberfl\u00e4che der Platte zu erreichen.  Der Temperaturbereich liegt zwischen 25 und 199\u00b0C.  Ein Thermostat sorgt daf\u00fcr, dass die angezeigte Temperatur auf +\/- 0,5\u00b0 gehalten wird.  Der Temperaturanstieg betr\u00e4gt etwa 3 Minuten, um 150 \u00b0C zu erreichen. 220V 60Hz  Neue Funktionen:  -Wechsel von Gr\u00fcn auf Rot bei steigenden Temperaturen  - Timerfunktion mit akustischem Signal  - Programmkontrolle mit Speicherung von bis zu 9 Programmen","robots":{"index":"index","follow":"follow","max-snippet":"max-snippet:-1","max-image-preview":"max-image-preview:large","max-video-preview":"max-video-preview:-1"},"canonical":"https:\/\/www.bionis.fr\/de\/produit\/thermoplate-s-plus-plattenwaermer\/","og_locale":"de_DE","og_type":"article","og_title":"Thermoplate S-Plus Plattenw\u00e4rmer - Bionis","og_description":"Thermoplate S-Plus Plattenw\u00e4rmerDOKUMENTATION HERUNTERLADEN  Referenz: BS121.845  Mit diesem Ger\u00e4t ist es m\u00f6glich, eine gleichm\u00e4\u00dfige Heiztemperatur auf der gesamten Oberfl\u00e4che der Platte zu erreichen.  Der Temperaturbereich liegt zwischen 25 und 199\u00b0C.  Ein Thermostat sorgt daf\u00fcr, dass die angezeigte Temperatur auf +\/- 0,5\u00b0 gehalten wird.  Der Temperaturanstieg betr\u00e4gt etwa 3 Minuten, um 150 \u00b0C zu erreichen. 220V 60Hz  Neue Funktionen:  -Wechsel von Gr\u00fcn auf Rot bei steigenden Temperaturen  - Timerfunktion mit akustischem Signal  - Programmkontrolle mit Speicherung von bis zu 9 Programmen","og_url":"https:\/\/www.bionis.fr\/de\/produit\/thermoplate-s-plus-plattenwaermer\/","og_site_name":"Bionis","article_modified_time":"2023-09-18T09:02:46+00:00","og_image":[{"width":700,"height":700,"url":"https:\/\/www.bionis.fr\/wp-content\/uploads\/2020\/08\/700x700_Thermoplate-Splus.png","type":"image\/png"}],"twitter_card":"summary_large_image","twitter_misc":{"Gesch\u00e4tzte Lesezeit":"1\u00a0Minute"},"schema":{"@context":"https:\/\/schema.org","@graph":[{"@type":"WebPage","@id":"https:\/\/www.bionis.fr\/de\/produit\/thermoplate-s-plus-plattenwaermer\/","url":"https:\/\/www.bionis.fr\/de\/produit\/thermoplate-s-plus-plattenwaermer\/","name":"Thermoplate S-Plus Plattenw\u00e4rmer - Bionis","isPartOf":{"@id":"https:\/\/www.bionis.fr\/#website"},"primaryImageOfPage":{"@id":"https:\/\/www.bionis.fr\/de\/produit\/thermoplate-s-plus-plattenwaermer\/#primaryimage"},"image":{"@id":"https:\/\/www.bionis.fr\/de\/produit\/thermoplate-s-plus-plattenwaermer\/#primaryimage"},"thumbnailUrl":"https:\/\/www.bionis.fr\/wp-content\/uploads\/2020\/08\/700x700_Thermoplate-Splus.png","datePublished":"2020-08-01T05:21:52+00:00","dateModified":"2023-09-18T09:02:46+00:00","description":"Thermoplate S-Plus Plattenw\u00e4rmerDOKUMENTATION HERUNTERLADEN Referenz: BS121.845 Mit diesem Ger\u00e4t ist es m\u00f6glich, eine gleichm\u00e4\u00dfige Heiztemperatur auf der gesamten Oberfl\u00e4che der Platte zu erreichen. Der Temperaturbereich liegt zwischen 25 und 199\u00b0C. Ein Thermostat sorgt daf\u00fcr, dass die angezeigte Temperatur auf +\/- 0,5\u00b0 gehalten wird. Der Temperaturanstieg betr\u00e4gt etwa 3 Minuten, um 150 \u00b0C zu erreichen. 220V 60Hz Neue Funktionen: -Wechsel von Gr\u00fcn auf Rot bei steigenden Temperaturen - Timerfunktion mit akustischem Signal - Programmkontrolle mit Speicherung von bis zu 9 Programmen","breadcrumb":{"@id":"https:\/\/www.bionis.fr\/de\/produit\/thermoplate-s-plus-plattenwaermer\/#breadcrumb"},"inLanguage":"de","potentialAction":[{"@type":"ReadAction","target":["https:\/\/www.bionis.fr\/de\/produit\/thermoplate-s-plus-plattenwaermer\/"]}]},{"@type":"ImageObject","inLanguage":"de","@id":"https:\/\/www.bionis.fr\/de\/produit\/thermoplate-s-plus-plattenwaermer\/#primaryimage","url":"https:\/\/www.bionis.fr\/wp-content\/uploads\/2020\/08\/700x700_Thermoplate-Splus.png","contentUrl":"https:\/\/www.bionis.fr\/wp-content\/uploads\/2020\/08\/700x700_Thermoplate-Splus.png","width":700,"height":700,"caption":"f\u00fcr D\u00fcnnschichtchromatographie"},{"@type":"BreadcrumbList","@id":"https:\/\/www.bionis.fr\/de\/produit\/thermoplate-s-plus-plattenwaermer\/#breadcrumb","itemListElement":[{"@type":"ListItem","position":1,"name":"Accueil","item":"https:\/\/www.bionis.fr\/"},{"@type":"ListItem","position":2,"name":"Shop","item":"https:\/\/www.bionis.fr\/de\/shop\/"},{"@type":"ListItem","position":3,"name":"Thermoplate S-Plus Plattenw\u00e4rmer"}]},{"@type":"WebSite","@id":"https:\/\/www.bionis.fr\/#website","url":"https:\/\/www.bionis.fr\/","name":"Bionis","description":"Die D\u00fcnnschichtchromatographie-L\u00f6sung","publisher":{"@id":"https:\/\/www.bionis.fr\/#organization"},"potentialAction":[{"@type":"SearchAction","target":{"@type":"EntryPoint","urlTemplate":"https:\/\/www.bionis.fr\/?s={search_term_string}"},"query-input":{"@type":"PropertyValueSpecification","valueRequired":true,"valueName":"search_term_string"}}],"inLanguage":"de"},{"@type":"Organization","@id":"https:\/\/www.bionis.fr\/#organization","name":"Bionis","url":"https:\/\/www.bionis.fr\/","logo":{"@type":"ImageObject","inLanguage":"de","@id":"https:\/\/www.bionis.fr\/#\/schema\/logo\/image\/","url":"https:\/\/www.bionis.fr\/wp-content\/uploads\/2020\/07\/bionis-logo.png","contentUrl":"https:\/\/www.bionis.fr\/wp-content\/uploads\/2020\/07\/bionis-logo.png","width":500,"height":125,"caption":"Bionis"},"image":{"@id":"https:\/\/www.bionis.fr\/#\/schema\/logo\/image\/"},"sameAs":["https:\/\/www.linkedin.com\/company\/bionis-sas?originalSubdomain=fr"]}]}},"_links":{"self":[{"href":"https:\/\/www.bionis.fr\/de\/wp-json\/wp\/v2\/product\/5651","targetHints":{"allow":["GET"]}}],"collection":[{"href":"https:\/\/www.bionis.fr\/de\/wp-json\/wp\/v2\/product"}],"about":[{"href":"https:\/\/www.bionis.fr\/de\/wp-json\/wp\/v2\/types\/product"}],"wp:featuredmedia":[{"embeddable":true,"href":"https:\/\/www.bionis.fr\/de\/wp-json\/wp\/v2\/media\/3745"}],"wp:attachment":[{"href":"https:\/\/www.bionis.fr\/de\/wp-json\/wp\/v2\/media?parent=5651"}],"wp:term":[{"taxonomy":"product_brand","embeddable":true,"href":"https:\/\/www.bionis.fr\/de\/wp-json\/wp\/v2\/product_brand?post=5651"},{"taxonomy":"product_cat","embeddable":true,"href":"https:\/\/www.bionis.fr\/de\/wp-json\/wp\/v2\/product_cat?post=5651"},{"taxonomy":"product_tag","embeddable":true,"href":"https:\/\/www.bionis.fr\/de\/wp-json\/wp\/v2\/product_tag?post=5651"}],"curies":[{"name":"wp","href":"https:\/\/api.w.org\/{rel}","templated":true}]}}