{"id":5663,"date":"2020-07-31T17:12:41","date_gmt":"2020-07-31T15:12:41","guid":{"rendered":"https:\/\/www.bionis.fr\/produit\/spruehflasche-100ml\/"},"modified":"2023-09-25T10:03:51","modified_gmt":"2023-09-25T08:03:51","slug":"spezialzerstaeuber-100ml","status":"publish","type":"product","link":"https:\/\/www.bionis.fr\/de\/produit\/spezialzerstaeuber-100ml\/","title":{"rendered":"Spezialzerst\u00e4uber 100ml"},"content":{"rendered":"<p>Spezialzerst\u00e4uber 100ml: Glasspr\u00fcher mit Gummiball zum Herstellen von Spr\u00fchnebel.<br \/>\nBei Verwendung dieses Zerst\u00e4ubers kommt das Spr\u00fchreagenz nur mit Glas in Kontakt. Der Zerst\u00e4ubereinsatz wird in einen Erlenmeyerkolben mit Clips gesichert. Das Fassungsverm\u00f6gen des Kolbens betr\u00e4gt 100 ml. Auf Wunsch kann der mitgelieferte Gummiball durch andere Druckluftquellen ersetzt werden<\/p>\n","protected":false},"excerpt":{"rendered":"<p><strong>Referenz: BS124.000<\/strong><\/p>\n<p>Handspr\u00fchger\u00e4te mit Gummibirne sind die g\u00fcnstigsten Produkte<\/p>\n<p>Man spr\u00fcht das Reagenz auf die gesamte Oberfl\u00e4che der Platte, indem man eine gleichm\u00e4\u00dfige Bewegung von unten nach oben und dann von links nach rechts macht. Es ist unerl\u00e4sslich, diese Operation sicher durchzuf\u00fchren<\/p>\n<p>Der Spezialzerst\u00e4uber ist dank seines Erlenmayer-Kolbens perfekt f\u00fcr Volumina bis zu 100 ml. Es funktioniert mit einer Gummibirne als Luftdruckquelle<\/p>\n","protected":false},"featured_media":7639,"template":"","meta":[],"product_brand":[],"product_cat":[177],"product_tag":[],"class_list":{"0":"post-5663","1":"product","2":"type-product","3":"status-publish","4":"has-post-thumbnail","6":"product_cat-offenbarung","8":"first","9":"instock","10":"taxable","11":"shipping-taxable","12":"product-type-simple"},"yoast_head":"<!-- This site is optimized with the Yoast SEO plugin v27.5 - https:\/\/yoast.com\/product\/yoast-seo-wordpress\/ -->\n<title>Spezialzerst\u00e4uber 100ml - Bionis<\/title>\n<meta name=\"description\" content=\"Spezialzerst\u00e4uber 100ml: Glasspr\u00fcher mit Gummiball zum Herstellen von Spr\u00fchnebel. Der Zerst\u00e4ubereinsatz wird in einen Erlenmeyerkolben mit Clips gesichert\" \/>\n<meta name=\"robots\" content=\"index, follow, max-snippet:-1, max-image-preview:large, max-video-preview:-1\" \/>\n<link rel=\"canonical\" href=\"https:\/\/www.bionis.fr\/de\/produit\/spezialzerstaeuber-100ml\/\" \/>\n<meta property=\"og:locale\" content=\"de_DE\" \/>\n<meta property=\"og:type\" content=\"article\" \/>\n<meta property=\"og:title\" content=\"Spezialzerst\u00e4uber 100ml - Bionis\" \/>\n<meta property=\"og:description\" content=\"Spezialzerst\u00e4uber 100ml: Glasspr\u00fcher mit Gummiball zum Herstellen von Spr\u00fchnebel. Der Zerst\u00e4ubereinsatz wird in einen Erlenmeyerkolben mit Clips gesichert\" \/>\n<meta property=\"og:url\" content=\"https:\/\/www.bionis.fr\/de\/produit\/spezialzerstaeuber-100ml\/\" \/>\n<meta property=\"og:site_name\" content=\"Bionis\" \/>\n<meta property=\"article:modified_time\" content=\"2023-09-25T08:03:51+00:00\" \/>\n<meta property=\"og:image\" content=\"https:\/\/www.bionis.fr\/wp-content\/uploads\/2020\/07\/700x700_Pulverisateur_100ml.png\" \/>\n\t<meta property=\"og:image:width\" content=\"700\" \/>\n\t<meta property=\"og:image:height\" content=\"700\" \/>\n\t<meta property=\"og:image:type\" content=\"image\/png\" \/>\n<meta name=\"twitter:card\" content=\"summary_large_image\" \/>\n<meta name=\"twitter:label1\" content=\"Gesch\u00e4tzte Lesezeit\" \/>\n\t<meta name=\"twitter:data1\" content=\"1\u00a0Minute\" \/>\n<script type=\"application\/ld+json\" class=\"yoast-schema-graph\">{\"@context\":\"https:\\\/\\\/schema.org\",\"@graph\":[{\"@type\":\"WebPage\",\"@id\":\"https:\\\/\\\/www.bionis.fr\\\/de\\\/produit\\\/spezialzerstaeuber-100ml\\\/\",\"url\":\"https:\\\/\\\/www.bionis.fr\\\/de\\\/produit\\\/spezialzerstaeuber-100ml\\\/\",\"name\":\"Spezialzerst\u00e4uber 100ml - Bionis\",\"isPartOf\":{\"@id\":\"https:\\\/\\\/www.bionis.fr\\\/#website\"},\"primaryImageOfPage\":{\"@id\":\"https:\\\/\\\/www.bionis.fr\\\/de\\\/produit\\\/spezialzerstaeuber-100ml\\\/#primaryimage\"},\"image\":{\"@id\":\"https:\\\/\\\/www.bionis.fr\\\/de\\\/produit\\\/spezialzerstaeuber-100ml\\\/#primaryimage\"},\"thumbnailUrl\":\"https:\\\/\\\/www.bionis.fr\\\/wp-content\\\/uploads\\\/2020\\\/07\\\/bs124_000A.png\",\"datePublished\":\"2020-07-31T15:12:41+00:00\",\"dateModified\":\"2023-09-25T08:03:51+00:00\",\"description\":\"Spezialzerst\u00e4uber 100ml: Glasspr\u00fcher mit Gummiball zum Herstellen von Spr\u00fchnebel. Der Zerst\u00e4ubereinsatz wird in einen Erlenmeyerkolben mit Clips gesichert\",\"breadcrumb\":{\"@id\":\"https:\\\/\\\/www.bionis.fr\\\/de\\\/produit\\\/spezialzerstaeuber-100ml\\\/#breadcrumb\"},\"inLanguage\":\"de\",\"potentialAction\":[{\"@type\":\"ReadAction\",\"target\":[\"https:\\\/\\\/www.bionis.fr\\\/de\\\/produit\\\/spezialzerstaeuber-100ml\\\/\"]}]},{\"@type\":\"ImageObject\",\"inLanguage\":\"de\",\"@id\":\"https:\\\/\\\/www.bionis.fr\\\/de\\\/produit\\\/spezialzerstaeuber-100ml\\\/#primaryimage\",\"url\":\"https:\\\/\\\/www.bionis.fr\\\/wp-content\\\/uploads\\\/2020\\\/07\\\/bs124_000A.png\",\"contentUrl\":\"https:\\\/\\\/www.bionis.fr\\\/wp-content\\\/uploads\\\/2020\\\/07\\\/bs124_000A.png\",\"width\":1000,\"height\":1000},{\"@type\":\"BreadcrumbList\",\"@id\":\"https:\\\/\\\/www.bionis.fr\\\/de\\\/produit\\\/spezialzerstaeuber-100ml\\\/#breadcrumb\",\"itemListElement\":[{\"@type\":\"ListItem\",\"position\":1,\"name\":\"Accueil\",\"item\":\"https:\\\/\\\/www.bionis.fr\\\/\"},{\"@type\":\"ListItem\",\"position\":2,\"name\":\"Shop\",\"item\":\"https:\\\/\\\/www.bionis.fr\\\/de\\\/shop\\\/\"},{\"@type\":\"ListItem\",\"position\":3,\"name\":\"Spezialzerst\u00e4uber 100ml\"}]},{\"@type\":\"WebSite\",\"@id\":\"https:\\\/\\\/www.bionis.fr\\\/#website\",\"url\":\"https:\\\/\\\/www.bionis.fr\\\/\",\"name\":\"Bionis\",\"description\":\"Die D\u00fcnnschichtchromatographie-L\u00f6sung\",\"publisher\":{\"@id\":\"https:\\\/\\\/www.bionis.fr\\\/#organization\"},\"potentialAction\":[{\"@type\":\"SearchAction\",\"target\":{\"@type\":\"EntryPoint\",\"urlTemplate\":\"https:\\\/\\\/www.bionis.fr\\\/?s={search_term_string}\"},\"query-input\":{\"@type\":\"PropertyValueSpecification\",\"valueRequired\":true,\"valueName\":\"search_term_string\"}}],\"inLanguage\":\"de\"},{\"@type\":\"Organization\",\"@id\":\"https:\\\/\\\/www.bionis.fr\\\/#organization\",\"name\":\"Bionis\",\"url\":\"https:\\\/\\\/www.bionis.fr\\\/\",\"logo\":{\"@type\":\"ImageObject\",\"inLanguage\":\"de\",\"@id\":\"https:\\\/\\\/www.bionis.fr\\\/#\\\/schema\\\/logo\\\/image\\\/\",\"url\":\"https:\\\/\\\/www.bionis.fr\\\/wp-content\\\/uploads\\\/2020\\\/07\\\/bionis-logo.png\",\"contentUrl\":\"https:\\\/\\\/www.bionis.fr\\\/wp-content\\\/uploads\\\/2020\\\/07\\\/bionis-logo.png\",\"width\":500,\"height\":125,\"caption\":\"Bionis\"},\"image\":{\"@id\":\"https:\\\/\\\/www.bionis.fr\\\/#\\\/schema\\\/logo\\\/image\\\/\"},\"sameAs\":[\"https:\\\/\\\/www.linkedin.com\\\/company\\\/bionis-sas?originalSubdomain=fr\"]}]}<\/script>\n<!-- \/ Yoast SEO plugin. -->","yoast_head_json":{"title":"Spezialzerst\u00e4uber 100ml - Bionis","description":"Spezialzerst\u00e4uber 100ml: Glasspr\u00fcher mit Gummiball zum Herstellen von Spr\u00fchnebel. Der Zerst\u00e4ubereinsatz wird in einen Erlenmeyerkolben mit Clips gesichert","robots":{"index":"index","follow":"follow","max-snippet":"max-snippet:-1","max-image-preview":"max-image-preview:large","max-video-preview":"max-video-preview:-1"},"canonical":"https:\/\/www.bionis.fr\/de\/produit\/spezialzerstaeuber-100ml\/","og_locale":"de_DE","og_type":"article","og_title":"Spezialzerst\u00e4uber 100ml - Bionis","og_description":"Spezialzerst\u00e4uber 100ml: Glasspr\u00fcher mit Gummiball zum Herstellen von Spr\u00fchnebel. Der Zerst\u00e4ubereinsatz wird in einen Erlenmeyerkolben mit Clips gesichert","og_url":"https:\/\/www.bionis.fr\/de\/produit\/spezialzerstaeuber-100ml\/","og_site_name":"Bionis","article_modified_time":"2023-09-25T08:03:51+00:00","og_image":[{"width":700,"height":700,"url":"https:\/\/www.bionis.fr\/wp-content\/uploads\/2020\/07\/700x700_Pulverisateur_100ml.png","type":"image\/png"}],"twitter_card":"summary_large_image","twitter_misc":{"Gesch\u00e4tzte Lesezeit":"1\u00a0Minute"},"schema":{"@context":"https:\/\/schema.org","@graph":[{"@type":"WebPage","@id":"https:\/\/www.bionis.fr\/de\/produit\/spezialzerstaeuber-100ml\/","url":"https:\/\/www.bionis.fr\/de\/produit\/spezialzerstaeuber-100ml\/","name":"Spezialzerst\u00e4uber 100ml - Bionis","isPartOf":{"@id":"https:\/\/www.bionis.fr\/#website"},"primaryImageOfPage":{"@id":"https:\/\/www.bionis.fr\/de\/produit\/spezialzerstaeuber-100ml\/#primaryimage"},"image":{"@id":"https:\/\/www.bionis.fr\/de\/produit\/spezialzerstaeuber-100ml\/#primaryimage"},"thumbnailUrl":"https:\/\/www.bionis.fr\/wp-content\/uploads\/2020\/07\/bs124_000A.png","datePublished":"2020-07-31T15:12:41+00:00","dateModified":"2023-09-25T08:03:51+00:00","description":"Spezialzerst\u00e4uber 100ml: Glasspr\u00fcher mit Gummiball zum Herstellen von Spr\u00fchnebel. Der Zerst\u00e4ubereinsatz wird in einen Erlenmeyerkolben mit Clips gesichert","breadcrumb":{"@id":"https:\/\/www.bionis.fr\/de\/produit\/spezialzerstaeuber-100ml\/#breadcrumb"},"inLanguage":"de","potentialAction":[{"@type":"ReadAction","target":["https:\/\/www.bionis.fr\/de\/produit\/spezialzerstaeuber-100ml\/"]}]},{"@type":"ImageObject","inLanguage":"de","@id":"https:\/\/www.bionis.fr\/de\/produit\/spezialzerstaeuber-100ml\/#primaryimage","url":"https:\/\/www.bionis.fr\/wp-content\/uploads\/2020\/07\/bs124_000A.png","contentUrl":"https:\/\/www.bionis.fr\/wp-content\/uploads\/2020\/07\/bs124_000A.png","width":1000,"height":1000},{"@type":"BreadcrumbList","@id":"https:\/\/www.bionis.fr\/de\/produit\/spezialzerstaeuber-100ml\/#breadcrumb","itemListElement":[{"@type":"ListItem","position":1,"name":"Accueil","item":"https:\/\/www.bionis.fr\/"},{"@type":"ListItem","position":2,"name":"Shop","item":"https:\/\/www.bionis.fr\/de\/shop\/"},{"@type":"ListItem","position":3,"name":"Spezialzerst\u00e4uber 100ml"}]},{"@type":"WebSite","@id":"https:\/\/www.bionis.fr\/#website","url":"https:\/\/www.bionis.fr\/","name":"Bionis","description":"Die D\u00fcnnschichtchromatographie-L\u00f6sung","publisher":{"@id":"https:\/\/www.bionis.fr\/#organization"},"potentialAction":[{"@type":"SearchAction","target":{"@type":"EntryPoint","urlTemplate":"https:\/\/www.bionis.fr\/?s={search_term_string}"},"query-input":{"@type":"PropertyValueSpecification","valueRequired":true,"valueName":"search_term_string"}}],"inLanguage":"de"},{"@type":"Organization","@id":"https:\/\/www.bionis.fr\/#organization","name":"Bionis","url":"https:\/\/www.bionis.fr\/","logo":{"@type":"ImageObject","inLanguage":"de","@id":"https:\/\/www.bionis.fr\/#\/schema\/logo\/image\/","url":"https:\/\/www.bionis.fr\/wp-content\/uploads\/2020\/07\/bionis-logo.png","contentUrl":"https:\/\/www.bionis.fr\/wp-content\/uploads\/2020\/07\/bionis-logo.png","width":500,"height":125,"caption":"Bionis"},"image":{"@id":"https:\/\/www.bionis.fr\/#\/schema\/logo\/image\/"},"sameAs":["https:\/\/www.linkedin.com\/company\/bionis-sas?originalSubdomain=fr"]}]}},"_links":{"self":[{"href":"https:\/\/www.bionis.fr\/de\/wp-json\/wp\/v2\/product\/5663","targetHints":{"allow":["GET"]}}],"collection":[{"href":"https:\/\/www.bionis.fr\/de\/wp-json\/wp\/v2\/product"}],"about":[{"href":"https:\/\/www.bionis.fr\/de\/wp-json\/wp\/v2\/types\/product"}],"wp:featuredmedia":[{"embeddable":true,"href":"https:\/\/www.bionis.fr\/de\/wp-json\/wp\/v2\/media\/7639"}],"wp:attachment":[{"href":"https:\/\/www.bionis.fr\/de\/wp-json\/wp\/v2\/media?parent=5663"}],"wp:term":[{"taxonomy":"product_brand","embeddable":true,"href":"https:\/\/www.bionis.fr\/de\/wp-json\/wp\/v2\/product_brand?post=5663"},{"taxonomy":"product_cat","embeddable":true,"href":"https:\/\/www.bionis.fr\/de\/wp-json\/wp\/v2\/product_cat?post=5663"},{"taxonomy":"product_tag","embeddable":true,"href":"https:\/\/www.bionis.fr\/de\/wp-json\/wp\/v2\/product_tag?post=5663"}],"curies":[{"name":"wp","href":"https:\/\/api.w.org\/{rel}","templated":true}]}}