{"id":5694,"date":"2020-07-30T16:57:41","date_gmt":"2020-07-30T14:57:41","guid":{"rendered":"https:\/\/www.bionis.fr\/produit\/wanne-fuer-simultantrennungen-200x200-mm-knopfdeckel\/"},"modified":"2024-06-25T17:06:41","modified_gmt":"2024-06-25T15:06:41","slug":"simultan-trennkammer-200x200-mm","status":"publish","type":"product","link":"https:\/\/www.bionis.fr\/de\/produit\/simultan-trennkammer-200x200-mm\/","title":{"rendered":"Simultan-Trennkammer 200&#215;200 mm Knopfdeckel"},"content":{"rendered":"<p>Diese Kammer wird h\u00e4ufig zum Waschen von TLC-Platten vor dem Gebrauch und dann zur gesch\u00fctzten Lagerung der Platten verwendet. Dieses Verfahren wird insbesondere f\u00fcr die quantitative Spurenanalyse verwendet. Die vertikalen Rillen in den Querw\u00e4nden halten bis zu f\u00fcnf Platten 200 x 200 mm. Die Kammer hat einen flachen Boden. Der Deckel kann w\u00e4hrend des Vorwaschens verwendet werden.<\/p>\n","protected":false},"excerpt":{"rendered":"<p><strong>Referenz: BS120.167<\/strong><\/p>\n<p>K\u00fcvette f\u00fcr gleichzeitige Trennungen von 5 TLC\/HPTLC-Platten<\/p>\n<p>Aus Borosilikatglas 3.3 mit glatten Kanten und flachem Boden<\/p>\n<p>Deckel mit geformtem Knopf sorgt f\u00fcr Wasserdichtigkeit.<\/p>\n<p>F\u00fcr TLC\/HPTLC-Platten bis 200&#215;200 mm<\/p>\n<p>Achtung: Nur zur Lagerung und Reinigung von CCM-Platten geeignet. Nicht geeignet f\u00fcr die Verwendung mit Reagenzien.<\/p>\n","protected":false},"featured_media":7323,"template":"","meta":[],"product_brand":[],"product_cat":[220],"product_tag":[],"class_list":{"0":"post-5694","1":"product","2":"type-product","3":"status-publish","4":"has-post-thumbnail","6":"product_cat-simultane-migrationstanks","8":"first","9":"instock","10":"taxable","11":"shipping-taxable","12":"product-type-simple"},"yoast_head":"<!-- This site is optimized with the Yoast SEO plugin v27.5 - https:\/\/yoast.com\/product\/yoast-seo-wordpress\/ -->\n<title>Simultan-Trennkammer 200x200 mm Knopfdeckel - Bionis<\/title>\n<meta name=\"description\" content=\"Simultan-Trennkammer 200x200 mmReferenz: BS120.167  K\u00fcvette f\u00fcr gleichzeitige Trennungen von 5 TLC\/HPTLC-Platten  Aus Borosilikatglas 3.3 mit glatten Kanten und flachem Boden  Deckel mit geformtem Knopf sorgt f\u00fcr Wasserdichtigkeit.  F\u00fcr TLC\/HPTLC-Platten bis 200x200 mm  Achtung: Nur zur Lagerung und Reinigung von CCM-Platten geeignet. Nicht geeignet f\u00fcr die Verwendung mit Reagenzien.\" \/>\n<meta name=\"robots\" content=\"index, follow, max-snippet:-1, max-image-preview:large, max-video-preview:-1\" \/>\n<link rel=\"canonical\" href=\"https:\/\/www.bionis.fr\/de\/produit\/simultan-trennkammer-200x200-mm\/\" \/>\n<meta property=\"og:locale\" content=\"de_DE\" \/>\n<meta property=\"og:type\" content=\"article\" \/>\n<meta property=\"og:title\" content=\"Simultan-Trennkammer 200x200 mm Knopfdeckel - Bionis\" \/>\n<meta property=\"og:description\" content=\"Simultan-Trennkammer 200x200 mmReferenz: BS120.167  K\u00fcvette f\u00fcr gleichzeitige Trennungen von 5 TLC\/HPTLC-Platten  Aus Borosilikatglas 3.3 mit glatten Kanten und flachem Boden  Deckel mit geformtem Knopf sorgt f\u00fcr Wasserdichtigkeit.  F\u00fcr TLC\/HPTLC-Platten bis 200x200 mm  Achtung: Nur zur Lagerung und Reinigung von CCM-Platten geeignet. Nicht geeignet f\u00fcr die Verwendung mit Reagenzien.\" \/>\n<meta property=\"og:url\" content=\"https:\/\/www.bionis.fr\/de\/produit\/simultan-trennkammer-200x200-mm\/\" \/>\n<meta property=\"og:site_name\" content=\"Bionis\" \/>\n<meta property=\"article:modified_time\" content=\"2024-06-25T15:06:41+00:00\" \/>\n<meta property=\"og:image\" content=\"https:\/\/www.bionis.fr\/wp-content\/uploads\/2020\/07\/700x700_BS120_175_4-1.png\" \/>\n\t<meta property=\"og:image:width\" content=\"700\" \/>\n\t<meta property=\"og:image:height\" content=\"675\" \/>\n\t<meta property=\"og:image:type\" content=\"image\/png\" \/>\n<meta name=\"twitter:card\" content=\"summary_large_image\" \/>\n<meta name=\"twitter:label1\" content=\"Gesch\u00e4tzte Lesezeit\" \/>\n\t<meta name=\"twitter:data1\" content=\"1\u00a0Minute\" \/>\n<script type=\"application\/ld+json\" class=\"yoast-schema-graph\">{\"@context\":\"https:\\\/\\\/schema.org\",\"@graph\":[{\"@type\":\"WebPage\",\"@id\":\"https:\\\/\\\/www.bionis.fr\\\/de\\\/produit\\\/simultan-trennkammer-200x200-mm\\\/\",\"url\":\"https:\\\/\\\/www.bionis.fr\\\/de\\\/produit\\\/simultan-trennkammer-200x200-mm\\\/\",\"name\":\"Simultan-Trennkammer 200x200 mm Knopfdeckel - Bionis\",\"isPartOf\":{\"@id\":\"https:\\\/\\\/www.bionis.fr\\\/#website\"},\"primaryImageOfPage\":{\"@id\":\"https:\\\/\\\/www.bionis.fr\\\/de\\\/produit\\\/simultan-trennkammer-200x200-mm\\\/#primaryimage\"},\"image\":{\"@id\":\"https:\\\/\\\/www.bionis.fr\\\/de\\\/produit\\\/simultan-trennkammer-200x200-mm\\\/#primaryimage\"},\"thumbnailUrl\":\"https:\\\/\\\/www.bionis.fr\\\/wp-content\\\/uploads\\\/2020\\\/07\\\/bs120_167-2.png\",\"datePublished\":\"2020-07-30T14:57:41+00:00\",\"dateModified\":\"2024-06-25T15:06:41+00:00\",\"description\":\"Simultan-Trennkammer 200x200 mmReferenz: BS120.167 K\u00fcvette f\u00fcr gleichzeitige Trennungen von 5 TLC\\\/HPTLC-Platten Aus Borosilikatglas 3.3 mit glatten Kanten und flachem Boden Deckel mit geformtem Knopf sorgt f\u00fcr Wasserdichtigkeit. F\u00fcr TLC\\\/HPTLC-Platten bis 200x200 mm Achtung: Nur zur Lagerung und Reinigung von CCM-Platten geeignet. Nicht geeignet f\u00fcr die Verwendung mit Reagenzien.\",\"breadcrumb\":{\"@id\":\"https:\\\/\\\/www.bionis.fr\\\/de\\\/produit\\\/simultan-trennkammer-200x200-mm\\\/#breadcrumb\"},\"inLanguage\":\"de\",\"potentialAction\":[{\"@type\":\"ReadAction\",\"target\":[\"https:\\\/\\\/www.bionis.fr\\\/de\\\/produit\\\/simultan-trennkammer-200x200-mm\\\/\"]}]},{\"@type\":\"ImageObject\",\"inLanguage\":\"de\",\"@id\":\"https:\\\/\\\/www.bionis.fr\\\/de\\\/produit\\\/simultan-trennkammer-200x200-mm\\\/#primaryimage\",\"url\":\"https:\\\/\\\/www.bionis.fr\\\/wp-content\\\/uploads\\\/2020\\\/07\\\/bs120_167-2.png\",\"contentUrl\":\"https:\\\/\\\/www.bionis.fr\\\/wp-content\\\/uploads\\\/2020\\\/07\\\/bs120_167-2.png\",\"width\":1000,\"height\":1001},{\"@type\":\"BreadcrumbList\",\"@id\":\"https:\\\/\\\/www.bionis.fr\\\/de\\\/produit\\\/simultan-trennkammer-200x200-mm\\\/#breadcrumb\",\"itemListElement\":[{\"@type\":\"ListItem\",\"position\":1,\"name\":\"Accueil\",\"item\":\"https:\\\/\\\/www.bionis.fr\\\/\"},{\"@type\":\"ListItem\",\"position\":2,\"name\":\"Shop\",\"item\":\"https:\\\/\\\/www.bionis.fr\\\/de\\\/shop\\\/\"},{\"@type\":\"ListItem\",\"position\":3,\"name\":\"Simultan-Trennkammer 200&#215;200 mm Knopfdeckel\"}]},{\"@type\":\"WebSite\",\"@id\":\"https:\\\/\\\/www.bionis.fr\\\/#website\",\"url\":\"https:\\\/\\\/www.bionis.fr\\\/\",\"name\":\"Bionis\",\"description\":\"Die D\u00fcnnschichtchromatographie-L\u00f6sung\",\"publisher\":{\"@id\":\"https:\\\/\\\/www.bionis.fr\\\/#organization\"},\"potentialAction\":[{\"@type\":\"SearchAction\",\"target\":{\"@type\":\"EntryPoint\",\"urlTemplate\":\"https:\\\/\\\/www.bionis.fr\\\/?s={search_term_string}\"},\"query-input\":{\"@type\":\"PropertyValueSpecification\",\"valueRequired\":true,\"valueName\":\"search_term_string\"}}],\"inLanguage\":\"de\"},{\"@type\":\"Organization\",\"@id\":\"https:\\\/\\\/www.bionis.fr\\\/#organization\",\"name\":\"Bionis\",\"url\":\"https:\\\/\\\/www.bionis.fr\\\/\",\"logo\":{\"@type\":\"ImageObject\",\"inLanguage\":\"de\",\"@id\":\"https:\\\/\\\/www.bionis.fr\\\/#\\\/schema\\\/logo\\\/image\\\/\",\"url\":\"https:\\\/\\\/www.bionis.fr\\\/wp-content\\\/uploads\\\/2020\\\/07\\\/bionis-logo.png\",\"contentUrl\":\"https:\\\/\\\/www.bionis.fr\\\/wp-content\\\/uploads\\\/2020\\\/07\\\/bionis-logo.png\",\"width\":500,\"height\":125,\"caption\":\"Bionis\"},\"image\":{\"@id\":\"https:\\\/\\\/www.bionis.fr\\\/#\\\/schema\\\/logo\\\/image\\\/\"},\"sameAs\":[\"https:\\\/\\\/www.linkedin.com\\\/company\\\/bionis-sas?originalSubdomain=fr\"]}]}<\/script>\n<!-- \/ Yoast SEO plugin. -->","yoast_head_json":{"title":"Simultan-Trennkammer 200x200 mm Knopfdeckel - Bionis","description":"Simultan-Trennkammer 200x200 mmReferenz: BS120.167  K\u00fcvette f\u00fcr gleichzeitige Trennungen von 5 TLC\/HPTLC-Platten  Aus Borosilikatglas 3.3 mit glatten Kanten und flachem Boden  Deckel mit geformtem Knopf sorgt f\u00fcr Wasserdichtigkeit.  F\u00fcr TLC\/HPTLC-Platten bis 200x200 mm  Achtung: Nur zur Lagerung und Reinigung von CCM-Platten geeignet. Nicht geeignet f\u00fcr die Verwendung mit Reagenzien.","robots":{"index":"index","follow":"follow","max-snippet":"max-snippet:-1","max-image-preview":"max-image-preview:large","max-video-preview":"max-video-preview:-1"},"canonical":"https:\/\/www.bionis.fr\/de\/produit\/simultan-trennkammer-200x200-mm\/","og_locale":"de_DE","og_type":"article","og_title":"Simultan-Trennkammer 200x200 mm Knopfdeckel - Bionis","og_description":"Simultan-Trennkammer 200x200 mmReferenz: BS120.167  K\u00fcvette f\u00fcr gleichzeitige Trennungen von 5 TLC\/HPTLC-Platten  Aus Borosilikatglas 3.3 mit glatten Kanten und flachem Boden  Deckel mit geformtem Knopf sorgt f\u00fcr Wasserdichtigkeit.  F\u00fcr TLC\/HPTLC-Platten bis 200x200 mm  Achtung: Nur zur Lagerung und Reinigung von CCM-Platten geeignet. Nicht geeignet f\u00fcr die Verwendung mit Reagenzien.","og_url":"https:\/\/www.bionis.fr\/de\/produit\/simultan-trennkammer-200x200-mm\/","og_site_name":"Bionis","article_modified_time":"2024-06-25T15:06:41+00:00","og_image":[{"width":700,"height":675,"url":"https:\/\/www.bionis.fr\/wp-content\/uploads\/2020\/07\/700x700_BS120_175_4-1.png","type":"image\/png"}],"twitter_card":"summary_large_image","twitter_misc":{"Gesch\u00e4tzte Lesezeit":"1\u00a0Minute"},"schema":{"@context":"https:\/\/schema.org","@graph":[{"@type":"WebPage","@id":"https:\/\/www.bionis.fr\/de\/produit\/simultan-trennkammer-200x200-mm\/","url":"https:\/\/www.bionis.fr\/de\/produit\/simultan-trennkammer-200x200-mm\/","name":"Simultan-Trennkammer 200x200 mm Knopfdeckel - Bionis","isPartOf":{"@id":"https:\/\/www.bionis.fr\/#website"},"primaryImageOfPage":{"@id":"https:\/\/www.bionis.fr\/de\/produit\/simultan-trennkammer-200x200-mm\/#primaryimage"},"image":{"@id":"https:\/\/www.bionis.fr\/de\/produit\/simultan-trennkammer-200x200-mm\/#primaryimage"},"thumbnailUrl":"https:\/\/www.bionis.fr\/wp-content\/uploads\/2020\/07\/bs120_167-2.png","datePublished":"2020-07-30T14:57:41+00:00","dateModified":"2024-06-25T15:06:41+00:00","description":"Simultan-Trennkammer 200x200 mmReferenz: BS120.167 K\u00fcvette f\u00fcr gleichzeitige Trennungen von 5 TLC\/HPTLC-Platten Aus Borosilikatglas 3.3 mit glatten Kanten und flachem Boden Deckel mit geformtem Knopf sorgt f\u00fcr Wasserdichtigkeit. F\u00fcr TLC\/HPTLC-Platten bis 200x200 mm Achtung: Nur zur Lagerung und Reinigung von CCM-Platten geeignet. Nicht geeignet f\u00fcr die Verwendung mit Reagenzien.","breadcrumb":{"@id":"https:\/\/www.bionis.fr\/de\/produit\/simultan-trennkammer-200x200-mm\/#breadcrumb"},"inLanguage":"de","potentialAction":[{"@type":"ReadAction","target":["https:\/\/www.bionis.fr\/de\/produit\/simultan-trennkammer-200x200-mm\/"]}]},{"@type":"ImageObject","inLanguage":"de","@id":"https:\/\/www.bionis.fr\/de\/produit\/simultan-trennkammer-200x200-mm\/#primaryimage","url":"https:\/\/www.bionis.fr\/wp-content\/uploads\/2020\/07\/bs120_167-2.png","contentUrl":"https:\/\/www.bionis.fr\/wp-content\/uploads\/2020\/07\/bs120_167-2.png","width":1000,"height":1001},{"@type":"BreadcrumbList","@id":"https:\/\/www.bionis.fr\/de\/produit\/simultan-trennkammer-200x200-mm\/#breadcrumb","itemListElement":[{"@type":"ListItem","position":1,"name":"Accueil","item":"https:\/\/www.bionis.fr\/"},{"@type":"ListItem","position":2,"name":"Shop","item":"https:\/\/www.bionis.fr\/de\/shop\/"},{"@type":"ListItem","position":3,"name":"Simultan-Trennkammer 200&#215;200 mm Knopfdeckel"}]},{"@type":"WebSite","@id":"https:\/\/www.bionis.fr\/#website","url":"https:\/\/www.bionis.fr\/","name":"Bionis","description":"Die D\u00fcnnschichtchromatographie-L\u00f6sung","publisher":{"@id":"https:\/\/www.bionis.fr\/#organization"},"potentialAction":[{"@type":"SearchAction","target":{"@type":"EntryPoint","urlTemplate":"https:\/\/www.bionis.fr\/?s={search_term_string}"},"query-input":{"@type":"PropertyValueSpecification","valueRequired":true,"valueName":"search_term_string"}}],"inLanguage":"de"},{"@type":"Organization","@id":"https:\/\/www.bionis.fr\/#organization","name":"Bionis","url":"https:\/\/www.bionis.fr\/","logo":{"@type":"ImageObject","inLanguage":"de","@id":"https:\/\/www.bionis.fr\/#\/schema\/logo\/image\/","url":"https:\/\/www.bionis.fr\/wp-content\/uploads\/2020\/07\/bionis-logo.png","contentUrl":"https:\/\/www.bionis.fr\/wp-content\/uploads\/2020\/07\/bionis-logo.png","width":500,"height":125,"caption":"Bionis"},"image":{"@id":"https:\/\/www.bionis.fr\/#\/schema\/logo\/image\/"},"sameAs":["https:\/\/www.linkedin.com\/company\/bionis-sas?originalSubdomain=fr"]}]}},"_links":{"self":[{"href":"https:\/\/www.bionis.fr\/de\/wp-json\/wp\/v2\/product\/5694","targetHints":{"allow":["GET"]}}],"collection":[{"href":"https:\/\/www.bionis.fr\/de\/wp-json\/wp\/v2\/product"}],"about":[{"href":"https:\/\/www.bionis.fr\/de\/wp-json\/wp\/v2\/types\/product"}],"wp:featuredmedia":[{"embeddable":true,"href":"https:\/\/www.bionis.fr\/de\/wp-json\/wp\/v2\/media\/7323"}],"wp:attachment":[{"href":"https:\/\/www.bionis.fr\/de\/wp-json\/wp\/v2\/media?parent=5694"}],"wp:term":[{"taxonomy":"product_brand","embeddable":true,"href":"https:\/\/www.bionis.fr\/de\/wp-json\/wp\/v2\/product_brand?post=5694"},{"taxonomy":"product_cat","embeddable":true,"href":"https:\/\/www.bionis.fr\/de\/wp-json\/wp\/v2\/product_cat?post=5694"},{"taxonomy":"product_tag","embeddable":true,"href":"https:\/\/www.bionis.fr\/de\/wp-json\/wp\/v2\/product_tag?post=5694"}],"curies":[{"name":"wp","href":"https:\/\/api.w.org\/{rel}","templated":true}]}}