{"id":5697,"date":"2020-07-30T16:46:28","date_gmt":"2020-07-30T14:46:28","guid":{"rendered":"https:\/\/www.bionis.fr\/produit\/ccm-wanne-mit-zwei-kammern-100x200mm-glasdeckel\/"},"modified":"2024-12-14T10:13:50","modified_gmt":"2024-12-14T09:13:50","slug":"tank-ccm-a-doppel-kompartiment-100x200mm-glasdeckel","status":"publish","type":"product","link":"https:\/\/www.bionis.fr\/de\/produit\/tank-ccm-a-doppel-kompartiment-100x200mm-glasdeckel\/","title":{"rendered":"Doppeltrog-kammer 100x200mm Glasdeckel"},"content":{"rendered":"<p>Die 100&#215;200 mm gro\u00dfe Doppelkammerwanne mit Glasdeckel erm\u00f6glicht es, die zu entwickelnde CCM-Platte vom Filterpapier zu trennen, um die Atmosph\u00e4re zu s\u00e4ttigen und gleichzeitig Reagenzien einzusparen, da die Reagenzienaufnahme auf ein Minimum reduziert ist.<\/p>\n","protected":false},"excerpt":{"rendered":"<p><strong>Referenz: BS125.002<\/strong><\/p>\n","protected":false},"featured_media":7339,"template":"","meta":[],"product_brand":[],"product_cat":[223],"product_tag":[],"class_list":{"0":"post-5697","1":"product","2":"type-product","3":"status-publish","4":"has-post-thumbnail","6":"product_cat-tlc-doppeltrog-kammer","8":"first","9":"instock","10":"taxable","11":"shipping-taxable","12":"product-type-simple"},"yoast_head":"<!-- This site is optimized with the Yoast SEO plugin v27.5 - https:\/\/yoast.com\/product\/yoast-seo-wordpress\/ -->\n<title>Doppeltrog-kammer 100x200mm Glasdeckel - Bionis<\/title>\n<meta name=\"description\" content=\"Zweikammer Wanne CCM 100x200mm Glasdeckel erm\u00f6glicht sowohl die Trennung der CCM-Platte zu entwickeln Filterpapier\" \/>\n<meta name=\"robots\" content=\"index, follow, max-snippet:-1, max-image-preview:large, max-video-preview:-1\" \/>\n<link rel=\"canonical\" href=\"https:\/\/www.bionis.fr\/de\/produit\/tank-ccm-a-doppel-kompartiment-100x200mm-glasdeckel\/\" \/>\n<meta property=\"og:locale\" content=\"de_DE\" \/>\n<meta property=\"og:type\" content=\"article\" \/>\n<meta property=\"og:title\" content=\"Doppeltrog-kammer 100x200mm Glasdeckel - Bionis\" \/>\n<meta property=\"og:description\" content=\"Zweikammer Wanne CCM 100x200mm Glasdeckel erm\u00f6glicht sowohl die Trennung der CCM-Platte zu entwickeln Filterpapier\" \/>\n<meta property=\"og:url\" content=\"https:\/\/www.bionis.fr\/de\/produit\/tank-ccm-a-doppel-kompartiment-100x200mm-glasdeckel\/\" \/>\n<meta property=\"og:site_name\" content=\"Bionis\" \/>\n<meta property=\"article:modified_time\" content=\"2024-12-14T09:13:50+00:00\" \/>\n<meta property=\"og:image\" content=\"https:\/\/www.bionis.fr\/wp-content\/uploads\/2020\/07\/bs125_002-2.png\" \/>\n\t<meta property=\"og:image:width\" content=\"1000\" \/>\n\t<meta property=\"og:image:height\" content=\"1000\" \/>\n\t<meta property=\"og:image:type\" content=\"image\/png\" \/>\n<meta name=\"twitter:card\" content=\"summary_large_image\" \/>\n<meta name=\"twitter:label1\" content=\"Gesch\u00e4tzte Lesezeit\" \/>\n\t<meta name=\"twitter:data1\" content=\"1\u00a0Minute\" \/>\n<script type=\"application\/ld+json\" class=\"yoast-schema-graph\">{\"@context\":\"https:\\\/\\\/schema.org\",\"@graph\":[{\"@type\":\"WebPage\",\"@id\":\"https:\\\/\\\/www.bionis.fr\\\/de\\\/produit\\\/tank-ccm-a-doppel-kompartiment-100x200mm-glasdeckel\\\/\",\"url\":\"https:\\\/\\\/www.bionis.fr\\\/de\\\/produit\\\/tank-ccm-a-doppel-kompartiment-100x200mm-glasdeckel\\\/\",\"name\":\"Doppeltrog-kammer 100x200mm Glasdeckel - Bionis\",\"isPartOf\":{\"@id\":\"https:\\\/\\\/www.bionis.fr\\\/#website\"},\"primaryImageOfPage\":{\"@id\":\"https:\\\/\\\/www.bionis.fr\\\/de\\\/produit\\\/tank-ccm-a-doppel-kompartiment-100x200mm-glasdeckel\\\/#primaryimage\"},\"image\":{\"@id\":\"https:\\\/\\\/www.bionis.fr\\\/de\\\/produit\\\/tank-ccm-a-doppel-kompartiment-100x200mm-glasdeckel\\\/#primaryimage\"},\"thumbnailUrl\":\"https:\\\/\\\/www.bionis.fr\\\/wp-content\\\/uploads\\\/2020\\\/07\\\/bs125_002-2.png\",\"datePublished\":\"2020-07-30T14:46:28+00:00\",\"dateModified\":\"2024-12-14T09:13:50+00:00\",\"description\":\"Zweikammer Wanne CCM 100x200mm Glasdeckel erm\u00f6glicht sowohl die Trennung der CCM-Platte zu entwickeln Filterpapier\",\"breadcrumb\":{\"@id\":\"https:\\\/\\\/www.bionis.fr\\\/de\\\/produit\\\/tank-ccm-a-doppel-kompartiment-100x200mm-glasdeckel\\\/#breadcrumb\"},\"inLanguage\":\"de\",\"potentialAction\":[{\"@type\":\"ReadAction\",\"target\":[\"https:\\\/\\\/www.bionis.fr\\\/de\\\/produit\\\/tank-ccm-a-doppel-kompartiment-100x200mm-glasdeckel\\\/\"]}]},{\"@type\":\"ImageObject\",\"inLanguage\":\"de\",\"@id\":\"https:\\\/\\\/www.bionis.fr\\\/de\\\/produit\\\/tank-ccm-a-doppel-kompartiment-100x200mm-glasdeckel\\\/#primaryimage\",\"url\":\"https:\\\/\\\/www.bionis.fr\\\/wp-content\\\/uploads\\\/2020\\\/07\\\/bs125_002-2.png\",\"contentUrl\":\"https:\\\/\\\/www.bionis.fr\\\/wp-content\\\/uploads\\\/2020\\\/07\\\/bs125_002-2.png\",\"width\":1000,\"height\":1000},{\"@type\":\"BreadcrumbList\",\"@id\":\"https:\\\/\\\/www.bionis.fr\\\/de\\\/produit\\\/tank-ccm-a-doppel-kompartiment-100x200mm-glasdeckel\\\/#breadcrumb\",\"itemListElement\":[{\"@type\":\"ListItem\",\"position\":1,\"name\":\"Accueil\",\"item\":\"https:\\\/\\\/www.bionis.fr\\\/\"},{\"@type\":\"ListItem\",\"position\":2,\"name\":\"Shop\",\"item\":\"https:\\\/\\\/www.bionis.fr\\\/de\\\/shop\\\/\"},{\"@type\":\"ListItem\",\"position\":3,\"name\":\"Doppeltrog-kammer 100x200mm Glasdeckel\"}]},{\"@type\":\"WebSite\",\"@id\":\"https:\\\/\\\/www.bionis.fr\\\/#website\",\"url\":\"https:\\\/\\\/www.bionis.fr\\\/\",\"name\":\"Bionis\",\"description\":\"Die D\u00fcnnschichtchromatographie-L\u00f6sung\",\"publisher\":{\"@id\":\"https:\\\/\\\/www.bionis.fr\\\/#organization\"},\"potentialAction\":[{\"@type\":\"SearchAction\",\"target\":{\"@type\":\"EntryPoint\",\"urlTemplate\":\"https:\\\/\\\/www.bionis.fr\\\/?s={search_term_string}\"},\"query-input\":{\"@type\":\"PropertyValueSpecification\",\"valueRequired\":true,\"valueName\":\"search_term_string\"}}],\"inLanguage\":\"de\"},{\"@type\":\"Organization\",\"@id\":\"https:\\\/\\\/www.bionis.fr\\\/#organization\",\"name\":\"Bionis\",\"url\":\"https:\\\/\\\/www.bionis.fr\\\/\",\"logo\":{\"@type\":\"ImageObject\",\"inLanguage\":\"de\",\"@id\":\"https:\\\/\\\/www.bionis.fr\\\/#\\\/schema\\\/logo\\\/image\\\/\",\"url\":\"https:\\\/\\\/www.bionis.fr\\\/wp-content\\\/uploads\\\/2020\\\/07\\\/bionis-logo.png\",\"contentUrl\":\"https:\\\/\\\/www.bionis.fr\\\/wp-content\\\/uploads\\\/2020\\\/07\\\/bionis-logo.png\",\"width\":500,\"height\":125,\"caption\":\"Bionis\"},\"image\":{\"@id\":\"https:\\\/\\\/www.bionis.fr\\\/#\\\/schema\\\/logo\\\/image\\\/\"},\"sameAs\":[\"https:\\\/\\\/www.linkedin.com\\\/company\\\/bionis-sas?originalSubdomain=fr\"]}]}<\/script>\n<!-- \/ Yoast SEO plugin. -->","yoast_head_json":{"title":"Doppeltrog-kammer 100x200mm Glasdeckel - Bionis","description":"Zweikammer Wanne CCM 100x200mm Glasdeckel erm\u00f6glicht sowohl die Trennung der CCM-Platte zu entwickeln Filterpapier","robots":{"index":"index","follow":"follow","max-snippet":"max-snippet:-1","max-image-preview":"max-image-preview:large","max-video-preview":"max-video-preview:-1"},"canonical":"https:\/\/www.bionis.fr\/de\/produit\/tank-ccm-a-doppel-kompartiment-100x200mm-glasdeckel\/","og_locale":"de_DE","og_type":"article","og_title":"Doppeltrog-kammer 100x200mm Glasdeckel - Bionis","og_description":"Zweikammer Wanne CCM 100x200mm Glasdeckel erm\u00f6glicht sowohl die Trennung der CCM-Platte zu entwickeln Filterpapier","og_url":"https:\/\/www.bionis.fr\/de\/produit\/tank-ccm-a-doppel-kompartiment-100x200mm-glasdeckel\/","og_site_name":"Bionis","article_modified_time":"2024-12-14T09:13:50+00:00","og_image":[{"width":1000,"height":1000,"url":"https:\/\/www.bionis.fr\/wp-content\/uploads\/2020\/07\/bs125_002-2.png","type":"image\/png"}],"twitter_card":"summary_large_image","twitter_misc":{"Gesch\u00e4tzte Lesezeit":"1\u00a0Minute"},"schema":{"@context":"https:\/\/schema.org","@graph":[{"@type":"WebPage","@id":"https:\/\/www.bionis.fr\/de\/produit\/tank-ccm-a-doppel-kompartiment-100x200mm-glasdeckel\/","url":"https:\/\/www.bionis.fr\/de\/produit\/tank-ccm-a-doppel-kompartiment-100x200mm-glasdeckel\/","name":"Doppeltrog-kammer 100x200mm Glasdeckel - Bionis","isPartOf":{"@id":"https:\/\/www.bionis.fr\/#website"},"primaryImageOfPage":{"@id":"https:\/\/www.bionis.fr\/de\/produit\/tank-ccm-a-doppel-kompartiment-100x200mm-glasdeckel\/#primaryimage"},"image":{"@id":"https:\/\/www.bionis.fr\/de\/produit\/tank-ccm-a-doppel-kompartiment-100x200mm-glasdeckel\/#primaryimage"},"thumbnailUrl":"https:\/\/www.bionis.fr\/wp-content\/uploads\/2020\/07\/bs125_002-2.png","datePublished":"2020-07-30T14:46:28+00:00","dateModified":"2024-12-14T09:13:50+00:00","description":"Zweikammer Wanne CCM 100x200mm Glasdeckel erm\u00f6glicht sowohl die Trennung der CCM-Platte zu entwickeln Filterpapier","breadcrumb":{"@id":"https:\/\/www.bionis.fr\/de\/produit\/tank-ccm-a-doppel-kompartiment-100x200mm-glasdeckel\/#breadcrumb"},"inLanguage":"de","potentialAction":[{"@type":"ReadAction","target":["https:\/\/www.bionis.fr\/de\/produit\/tank-ccm-a-doppel-kompartiment-100x200mm-glasdeckel\/"]}]},{"@type":"ImageObject","inLanguage":"de","@id":"https:\/\/www.bionis.fr\/de\/produit\/tank-ccm-a-doppel-kompartiment-100x200mm-glasdeckel\/#primaryimage","url":"https:\/\/www.bionis.fr\/wp-content\/uploads\/2020\/07\/bs125_002-2.png","contentUrl":"https:\/\/www.bionis.fr\/wp-content\/uploads\/2020\/07\/bs125_002-2.png","width":1000,"height":1000},{"@type":"BreadcrumbList","@id":"https:\/\/www.bionis.fr\/de\/produit\/tank-ccm-a-doppel-kompartiment-100x200mm-glasdeckel\/#breadcrumb","itemListElement":[{"@type":"ListItem","position":1,"name":"Accueil","item":"https:\/\/www.bionis.fr\/"},{"@type":"ListItem","position":2,"name":"Shop","item":"https:\/\/www.bionis.fr\/de\/shop\/"},{"@type":"ListItem","position":3,"name":"Doppeltrog-kammer 100x200mm Glasdeckel"}]},{"@type":"WebSite","@id":"https:\/\/www.bionis.fr\/#website","url":"https:\/\/www.bionis.fr\/","name":"Bionis","description":"Die D\u00fcnnschichtchromatographie-L\u00f6sung","publisher":{"@id":"https:\/\/www.bionis.fr\/#organization"},"potentialAction":[{"@type":"SearchAction","target":{"@type":"EntryPoint","urlTemplate":"https:\/\/www.bionis.fr\/?s={search_term_string}"},"query-input":{"@type":"PropertyValueSpecification","valueRequired":true,"valueName":"search_term_string"}}],"inLanguage":"de"},{"@type":"Organization","@id":"https:\/\/www.bionis.fr\/#organization","name":"Bionis","url":"https:\/\/www.bionis.fr\/","logo":{"@type":"ImageObject","inLanguage":"de","@id":"https:\/\/www.bionis.fr\/#\/schema\/logo\/image\/","url":"https:\/\/www.bionis.fr\/wp-content\/uploads\/2020\/07\/bionis-logo.png","contentUrl":"https:\/\/www.bionis.fr\/wp-content\/uploads\/2020\/07\/bionis-logo.png","width":500,"height":125,"caption":"Bionis"},"image":{"@id":"https:\/\/www.bionis.fr\/#\/schema\/logo\/image\/"},"sameAs":["https:\/\/www.linkedin.com\/company\/bionis-sas?originalSubdomain=fr"]}]}},"_links":{"self":[{"href":"https:\/\/www.bionis.fr\/de\/wp-json\/wp\/v2\/product\/5697","targetHints":{"allow":["GET"]}}],"collection":[{"href":"https:\/\/www.bionis.fr\/de\/wp-json\/wp\/v2\/product"}],"about":[{"href":"https:\/\/www.bionis.fr\/de\/wp-json\/wp\/v2\/types\/product"}],"wp:featuredmedia":[{"embeddable":true,"href":"https:\/\/www.bionis.fr\/de\/wp-json\/wp\/v2\/media\/7339"}],"wp:attachment":[{"href":"https:\/\/www.bionis.fr\/de\/wp-json\/wp\/v2\/media?parent=5697"}],"wp:term":[{"taxonomy":"product_brand","embeddable":true,"href":"https:\/\/www.bionis.fr\/de\/wp-json\/wp\/v2\/product_brand?post=5697"},{"taxonomy":"product_cat","embeddable":true,"href":"https:\/\/www.bionis.fr\/de\/wp-json\/wp\/v2\/product_cat?post=5697"},{"taxonomy":"product_tag","embeddable":true,"href":"https:\/\/www.bionis.fr\/de\/wp-json\/wp\/v2\/product_tag?post=5697"}],"curies":[{"name":"wp","href":"https:\/\/api.w.org\/{rel}","templated":true}]}}