{"id":5700,"date":"2020-07-30T16:39:42","date_gmt":"2020-07-30T14:39:42","guid":{"rendered":"https:\/\/www.bionis.fr\/produit\/doppelte-trennwanne-tlc-eco-200x200-mm\/"},"modified":"2024-04-01T12:00:41","modified_gmt":"2024-04-01T10:00:41","slug":"cuve-de-separation-double-bac-200x200-mm","status":"publish","type":"product","link":"https:\/\/www.bionis.fr\/de\/produit\/cuve-de-separation-double-bac-200x200-mm\/","title":{"rendered":"Doppelte Trennwanne 200&#215;200 mm"},"content":{"rendered":"","protected":false},"excerpt":{"rendered":"<p><strong>Referenz: BS125.003<\/strong><\/p>\n<p>Preiswerte, vertikale Standardtanks mit Doppelkammerboden aus Borosilikatglas 3.3<\/p>\n<p>Die 2 Kammern erm\u00f6glichen eine Vors\u00e4ttigung des Raumes, mit Hilfe eines L\u00f6schpapiers, die eine m\u00f6glichst gleichm\u00e4\u00dfige Migration gew\u00e4hrleistet.<\/p>\n<p>Geschwei\u00dfte Seitenw\u00e4nde<\/p>\n<p>Glatter Glasdeckel dichtet ab<\/p>\n<p>F\u00fcr TLC\/HPTLC-Platten bis 200&#215;200 mm<\/p>\n","protected":false},"featured_media":7343,"template":"","meta":[],"product_brand":[],"product_cat":[223],"product_tag":[],"class_list":{"0":"post-5700","1":"product","2":"type-product","3":"status-publish","4":"has-post-thumbnail","6":"product_cat-tlc-doppeltrog-kammer","8":"first","9":"instock","10":"taxable","11":"shipping-taxable","12":"product-type-simple"},"yoast_head":"<!-- This site is optimized with the Yoast SEO plugin v27.5 - https:\/\/yoast.com\/product\/yoast-seo-wordpress\/ -->\n<title>Doppelte Trennwanne 200x200 mm - Bionis<\/title>\n<meta name=\"description\" content=\"Referenz: BS125.003  Preiswerte, vertikale Standardtanks mit Doppelkammerboden aus Borosilikatglas 3.3  Die 2 Kammern erm\u00f6glichen eine Vors\u00e4ttigung des Raumes, mit Hilfe eines L\u00f6schpapiers, die eine m\u00f6glichst gleichm\u00e4\u00dfige Migration gew\u00e4hrleistet.  Geschwei\u00dfte Seitenw\u00e4nde  Glatter Glasdeckel dichtet ab  F\u00fcr TLC\/HPTLC-Platten bis 200x200 mm\" \/>\n<meta name=\"robots\" content=\"index, follow, max-snippet:-1, max-image-preview:large, max-video-preview:-1\" \/>\n<link rel=\"canonical\" href=\"https:\/\/www.bionis.fr\/de\/produit\/cuve-de-separation-double-bac-200x200-mm\/\" \/>\n<meta property=\"og:locale\" content=\"de_DE\" \/>\n<meta property=\"og:type\" content=\"article\" \/>\n<meta property=\"og:title\" content=\"Doppelte Trennwanne 200x200 mm - Bionis\" \/>\n<meta property=\"og:description\" content=\"Referenz: BS125.003  Preiswerte, vertikale Standardtanks mit Doppelkammerboden aus Borosilikatglas 3.3  Die 2 Kammern erm\u00f6glichen eine Vors\u00e4ttigung des Raumes, mit Hilfe eines L\u00f6schpapiers, die eine m\u00f6glichst gleichm\u00e4\u00dfige Migration gew\u00e4hrleistet.  Geschwei\u00dfte Seitenw\u00e4nde  Glatter Glasdeckel dichtet ab  F\u00fcr TLC\/HPTLC-Platten bis 200x200 mm\" \/>\n<meta property=\"og:url\" content=\"https:\/\/www.bionis.fr\/de\/produit\/cuve-de-separation-double-bac-200x200-mm\/\" \/>\n<meta property=\"og:site_name\" content=\"Bionis\" \/>\n<meta property=\"article:modified_time\" content=\"2024-04-01T10:00:41+00:00\" \/>\n<meta property=\"og:image\" content=\"https:\/\/www.bionis.fr\/wp-content\/uploads\/2020\/07\/700x700_Cuve_TLC_Eco_200x200DB.png\" \/>\n\t<meta property=\"og:image:width\" content=\"700\" \/>\n\t<meta property=\"og:image:height\" content=\"700\" \/>\n\t<meta property=\"og:image:type\" content=\"image\/png\" \/>\n<meta name=\"twitter:card\" content=\"summary_large_image\" \/>\n<meta name=\"twitter:label1\" content=\"Gesch\u00e4tzte Lesezeit\" \/>\n\t<meta name=\"twitter:data1\" content=\"1\u00a0Minute\" \/>\n<script type=\"application\/ld+json\" class=\"yoast-schema-graph\">{\"@context\":\"https:\\\/\\\/schema.org\",\"@graph\":[{\"@type\":\"WebPage\",\"@id\":\"https:\\\/\\\/www.bionis.fr\\\/de\\\/produit\\\/cuve-de-separation-double-bac-200x200-mm\\\/\",\"url\":\"https:\\\/\\\/www.bionis.fr\\\/de\\\/produit\\\/cuve-de-separation-double-bac-200x200-mm\\\/\",\"name\":\"Doppelte Trennwanne 200x200 mm - Bionis\",\"isPartOf\":{\"@id\":\"https:\\\/\\\/www.bionis.fr\\\/#website\"},\"primaryImageOfPage\":{\"@id\":\"https:\\\/\\\/www.bionis.fr\\\/de\\\/produit\\\/cuve-de-separation-double-bac-200x200-mm\\\/#primaryimage\"},\"image\":{\"@id\":\"https:\\\/\\\/www.bionis.fr\\\/de\\\/produit\\\/cuve-de-separation-double-bac-200x200-mm\\\/#primaryimage\"},\"thumbnailUrl\":\"https:\\\/\\\/www.bionis.fr\\\/wp-content\\\/uploads\\\/2020\\\/07\\\/bs125_003.png\",\"datePublished\":\"2020-07-30T14:39:42+00:00\",\"dateModified\":\"2024-04-01T10:00:41+00:00\",\"description\":\"Referenz: BS125.003 Preiswerte, vertikale Standardtanks mit Doppelkammerboden aus Borosilikatglas 3.3 Die 2 Kammern erm\u00f6glichen eine Vors\u00e4ttigung des Raumes, mit Hilfe eines L\u00f6schpapiers, die eine m\u00f6glichst gleichm\u00e4\u00dfige Migration gew\u00e4hrleistet. Geschwei\u00dfte Seitenw\u00e4nde Glatter Glasdeckel dichtet ab F\u00fcr TLC\\\/HPTLC-Platten bis 200x200 mm\",\"breadcrumb\":{\"@id\":\"https:\\\/\\\/www.bionis.fr\\\/de\\\/produit\\\/cuve-de-separation-double-bac-200x200-mm\\\/#breadcrumb\"},\"inLanguage\":\"de\",\"potentialAction\":[{\"@type\":\"ReadAction\",\"target\":[\"https:\\\/\\\/www.bionis.fr\\\/de\\\/produit\\\/cuve-de-separation-double-bac-200x200-mm\\\/\"]}]},{\"@type\":\"ImageObject\",\"inLanguage\":\"de\",\"@id\":\"https:\\\/\\\/www.bionis.fr\\\/de\\\/produit\\\/cuve-de-separation-double-bac-200x200-mm\\\/#primaryimage\",\"url\":\"https:\\\/\\\/www.bionis.fr\\\/wp-content\\\/uploads\\\/2020\\\/07\\\/bs125_003.png\",\"contentUrl\":\"https:\\\/\\\/www.bionis.fr\\\/wp-content\\\/uploads\\\/2020\\\/07\\\/bs125_003.png\",\"width\":1000,\"height\":1000},{\"@type\":\"BreadcrumbList\",\"@id\":\"https:\\\/\\\/www.bionis.fr\\\/de\\\/produit\\\/cuve-de-separation-double-bac-200x200-mm\\\/#breadcrumb\",\"itemListElement\":[{\"@type\":\"ListItem\",\"position\":1,\"name\":\"Accueil\",\"item\":\"https:\\\/\\\/www.bionis.fr\\\/\"},{\"@type\":\"ListItem\",\"position\":2,\"name\":\"Shop\",\"item\":\"https:\\\/\\\/www.bionis.fr\\\/de\\\/shop\\\/\"},{\"@type\":\"ListItem\",\"position\":3,\"name\":\"Doppelte Trennwanne 200&#215;200 mm\"}]},{\"@type\":\"WebSite\",\"@id\":\"https:\\\/\\\/www.bionis.fr\\\/#website\",\"url\":\"https:\\\/\\\/www.bionis.fr\\\/\",\"name\":\"Bionis\",\"description\":\"Die D\u00fcnnschichtchromatographie-L\u00f6sung\",\"publisher\":{\"@id\":\"https:\\\/\\\/www.bionis.fr\\\/#organization\"},\"potentialAction\":[{\"@type\":\"SearchAction\",\"target\":{\"@type\":\"EntryPoint\",\"urlTemplate\":\"https:\\\/\\\/www.bionis.fr\\\/?s={search_term_string}\"},\"query-input\":{\"@type\":\"PropertyValueSpecification\",\"valueRequired\":true,\"valueName\":\"search_term_string\"}}],\"inLanguage\":\"de\"},{\"@type\":\"Organization\",\"@id\":\"https:\\\/\\\/www.bionis.fr\\\/#organization\",\"name\":\"Bionis\",\"url\":\"https:\\\/\\\/www.bionis.fr\\\/\",\"logo\":{\"@type\":\"ImageObject\",\"inLanguage\":\"de\",\"@id\":\"https:\\\/\\\/www.bionis.fr\\\/#\\\/schema\\\/logo\\\/image\\\/\",\"url\":\"https:\\\/\\\/www.bionis.fr\\\/wp-content\\\/uploads\\\/2020\\\/07\\\/bionis-logo.png\",\"contentUrl\":\"https:\\\/\\\/www.bionis.fr\\\/wp-content\\\/uploads\\\/2020\\\/07\\\/bionis-logo.png\",\"width\":500,\"height\":125,\"caption\":\"Bionis\"},\"image\":{\"@id\":\"https:\\\/\\\/www.bionis.fr\\\/#\\\/schema\\\/logo\\\/image\\\/\"},\"sameAs\":[\"https:\\\/\\\/www.linkedin.com\\\/company\\\/bionis-sas?originalSubdomain=fr\"]}]}<\/script>\n<!-- \/ Yoast SEO plugin. -->","yoast_head_json":{"title":"Doppelte Trennwanne 200x200 mm - Bionis","description":"Referenz: BS125.003  Preiswerte, vertikale Standardtanks mit Doppelkammerboden aus Borosilikatglas 3.3  Die 2 Kammern erm\u00f6glichen eine Vors\u00e4ttigung des Raumes, mit Hilfe eines L\u00f6schpapiers, die eine m\u00f6glichst gleichm\u00e4\u00dfige Migration gew\u00e4hrleistet.  Geschwei\u00dfte Seitenw\u00e4nde  Glatter Glasdeckel dichtet ab  F\u00fcr TLC\/HPTLC-Platten bis 200x200 mm","robots":{"index":"index","follow":"follow","max-snippet":"max-snippet:-1","max-image-preview":"max-image-preview:large","max-video-preview":"max-video-preview:-1"},"canonical":"https:\/\/www.bionis.fr\/de\/produit\/cuve-de-separation-double-bac-200x200-mm\/","og_locale":"de_DE","og_type":"article","og_title":"Doppelte Trennwanne 200x200 mm - Bionis","og_description":"Referenz: BS125.003  Preiswerte, vertikale Standardtanks mit Doppelkammerboden aus Borosilikatglas 3.3  Die 2 Kammern erm\u00f6glichen eine Vors\u00e4ttigung des Raumes, mit Hilfe eines L\u00f6schpapiers, die eine m\u00f6glichst gleichm\u00e4\u00dfige Migration gew\u00e4hrleistet.  Geschwei\u00dfte Seitenw\u00e4nde  Glatter Glasdeckel dichtet ab  F\u00fcr TLC\/HPTLC-Platten bis 200x200 mm","og_url":"https:\/\/www.bionis.fr\/de\/produit\/cuve-de-separation-double-bac-200x200-mm\/","og_site_name":"Bionis","article_modified_time":"2024-04-01T10:00:41+00:00","og_image":[{"width":700,"height":700,"url":"https:\/\/www.bionis.fr\/wp-content\/uploads\/2020\/07\/700x700_Cuve_TLC_Eco_200x200DB.png","type":"image\/png"}],"twitter_card":"summary_large_image","twitter_misc":{"Gesch\u00e4tzte Lesezeit":"1\u00a0Minute"},"schema":{"@context":"https:\/\/schema.org","@graph":[{"@type":"WebPage","@id":"https:\/\/www.bionis.fr\/de\/produit\/cuve-de-separation-double-bac-200x200-mm\/","url":"https:\/\/www.bionis.fr\/de\/produit\/cuve-de-separation-double-bac-200x200-mm\/","name":"Doppelte Trennwanne 200x200 mm - Bionis","isPartOf":{"@id":"https:\/\/www.bionis.fr\/#website"},"primaryImageOfPage":{"@id":"https:\/\/www.bionis.fr\/de\/produit\/cuve-de-separation-double-bac-200x200-mm\/#primaryimage"},"image":{"@id":"https:\/\/www.bionis.fr\/de\/produit\/cuve-de-separation-double-bac-200x200-mm\/#primaryimage"},"thumbnailUrl":"https:\/\/www.bionis.fr\/wp-content\/uploads\/2020\/07\/bs125_003.png","datePublished":"2020-07-30T14:39:42+00:00","dateModified":"2024-04-01T10:00:41+00:00","description":"Referenz: BS125.003 Preiswerte, vertikale Standardtanks mit Doppelkammerboden aus Borosilikatglas 3.3 Die 2 Kammern erm\u00f6glichen eine Vors\u00e4ttigung des Raumes, mit Hilfe eines L\u00f6schpapiers, die eine m\u00f6glichst gleichm\u00e4\u00dfige Migration gew\u00e4hrleistet. Geschwei\u00dfte Seitenw\u00e4nde Glatter Glasdeckel dichtet ab F\u00fcr TLC\/HPTLC-Platten bis 200x200 mm","breadcrumb":{"@id":"https:\/\/www.bionis.fr\/de\/produit\/cuve-de-separation-double-bac-200x200-mm\/#breadcrumb"},"inLanguage":"de","potentialAction":[{"@type":"ReadAction","target":["https:\/\/www.bionis.fr\/de\/produit\/cuve-de-separation-double-bac-200x200-mm\/"]}]},{"@type":"ImageObject","inLanguage":"de","@id":"https:\/\/www.bionis.fr\/de\/produit\/cuve-de-separation-double-bac-200x200-mm\/#primaryimage","url":"https:\/\/www.bionis.fr\/wp-content\/uploads\/2020\/07\/bs125_003.png","contentUrl":"https:\/\/www.bionis.fr\/wp-content\/uploads\/2020\/07\/bs125_003.png","width":1000,"height":1000},{"@type":"BreadcrumbList","@id":"https:\/\/www.bionis.fr\/de\/produit\/cuve-de-separation-double-bac-200x200-mm\/#breadcrumb","itemListElement":[{"@type":"ListItem","position":1,"name":"Accueil","item":"https:\/\/www.bionis.fr\/"},{"@type":"ListItem","position":2,"name":"Shop","item":"https:\/\/www.bionis.fr\/de\/shop\/"},{"@type":"ListItem","position":3,"name":"Doppelte Trennwanne 200&#215;200 mm"}]},{"@type":"WebSite","@id":"https:\/\/www.bionis.fr\/#website","url":"https:\/\/www.bionis.fr\/","name":"Bionis","description":"Die D\u00fcnnschichtchromatographie-L\u00f6sung","publisher":{"@id":"https:\/\/www.bionis.fr\/#organization"},"potentialAction":[{"@type":"SearchAction","target":{"@type":"EntryPoint","urlTemplate":"https:\/\/www.bionis.fr\/?s={search_term_string}"},"query-input":{"@type":"PropertyValueSpecification","valueRequired":true,"valueName":"search_term_string"}}],"inLanguage":"de"},{"@type":"Organization","@id":"https:\/\/www.bionis.fr\/#organization","name":"Bionis","url":"https:\/\/www.bionis.fr\/","logo":{"@type":"ImageObject","inLanguage":"de","@id":"https:\/\/www.bionis.fr\/#\/schema\/logo\/image\/","url":"https:\/\/www.bionis.fr\/wp-content\/uploads\/2020\/07\/bionis-logo.png","contentUrl":"https:\/\/www.bionis.fr\/wp-content\/uploads\/2020\/07\/bionis-logo.png","width":500,"height":125,"caption":"Bionis"},"image":{"@id":"https:\/\/www.bionis.fr\/#\/schema\/logo\/image\/"},"sameAs":["https:\/\/www.linkedin.com\/company\/bionis-sas?originalSubdomain=fr"]}]}},"_links":{"self":[{"href":"https:\/\/www.bionis.fr\/de\/wp-json\/wp\/v2\/product\/5700","targetHints":{"allow":["GET"]}}],"collection":[{"href":"https:\/\/www.bionis.fr\/de\/wp-json\/wp\/v2\/product"}],"about":[{"href":"https:\/\/www.bionis.fr\/de\/wp-json\/wp\/v2\/types\/product"}],"wp:featuredmedia":[{"embeddable":true,"href":"https:\/\/www.bionis.fr\/de\/wp-json\/wp\/v2\/media\/7343"}],"wp:attachment":[{"href":"https:\/\/www.bionis.fr\/de\/wp-json\/wp\/v2\/media?parent=5700"}],"wp:term":[{"taxonomy":"product_brand","embeddable":true,"href":"https:\/\/www.bionis.fr\/de\/wp-json\/wp\/v2\/product_brand?post=5700"},{"taxonomy":"product_cat","embeddable":true,"href":"https:\/\/www.bionis.fr\/de\/wp-json\/wp\/v2\/product_cat?post=5700"},{"taxonomy":"product_tag","embeddable":true,"href":"https:\/\/www.bionis.fr\/de\/wp-json\/wp\/v2\/product_tag?post=5700"}],"curies":[{"name":"wp","href":"https:\/\/api.w.org\/{rel}","templated":true}]}}