{"id":5709,"date":"2020-07-30T15:11:23","date_gmt":"2020-07-30T13:11:23","guid":{"rendered":"https:\/\/www.bionis.fr\/produit\/migrationswanne-mit-mittelrille-200x200-mm-glatter-deckel\/"},"modified":"2023-09-30T15:58:59","modified_gmt":"2023-09-30T13:58:59","slug":"tlc-trennkammer-200x200mm-glasdeckel","status":"publish","type":"product","link":"https:\/\/www.bionis.fr\/de\/produit\/tlc-trennkammer-200x200mm-glasdeckel\/","title":{"rendered":"TLC Trennkammer 200x200mm Glasdeckel"},"content":{"rendered":"<p>Die TLC Trennkammer 200x200mm Glasdeckel f\u00fcr Platten 200x200mm ist eine der am weitesten verbreiteten in der Welt.<\/p>\n<p>Seine robuste Konstruktion aus Borosilikatglas 3.3 macht den TLC Trennkammer 200x200mm Glasdeckel f\u00fcr Platten 200x200mm extrem langlebig.<br \/>\nEr ist sehr einfach zu benutzen und ist das Referenzwerkzeug f\u00fcr jede TLC-Migration.<br \/>\nDer zweiteilige Innenboden erm\u00f6glicht es, die TLC-Platten senkrechter als bei anderen Migrationsbeh\u00e4ltern zu positionieren.<\/p>\n<p>Nach dem Auftragen der Probe und\/oder des Standards findet der Trennungsprozess statt, um die Bestandteile der aufgetragenen Substanzen freizulegen. Um dieses Ziel zu erreichen, m\u00fcssen die Trennkammern mehrere Anforderungen erf\u00fcllen:<br \/>\n&#8211; Sie m\u00fcssen die mobile Phase enthalten und sie der absorbierenden Schicht zuf\u00fchren.<br \/>\n&#8211; Sie m\u00fcssen mit einem hermetisch dichten Deckel versehen sein, damit der Gasraum bei Bedarf mit L\u00f6sungsmitteldampf ges\u00e4ttigt werden kann (Arbeiten mit Kammers\u00e4ttigung).<br \/>\n&#8211; Die Vorderseite des L\u00f6sungsmittels muss sichtbar sein, daher ist ein transparentes Material wichtig.<br \/>\n&#8211; Das Material muss chemisch best\u00e4ndig und leicht zu reinigen sein.<\/p>\n<p>Die TLC-Trennkammer 200\u00d7200 mm erf\u00fcllt alle diese Anforderungen.<\/p>\n<p>Sie wird im Allgemeinen mit einem TLC-Filterpapier verwendet, um eine bessere und schnellere S\u00e4ttigung der Atmosph\u00e4re zu erreichen.<\/p>\n<p>Der zweite innere Teil der Kammer kann verwendet werden, um das S\u00e4ttigungspapier effizient von der TLC-Platte zu trennen.<br \/>\nDie TLC-Kammer Glasabdeckung 200\u00d7200 mm erf\u00fcllt alle diese Anforderungen.<\/p>\n<p>Sie wird im Allgemeinen mit einem TLC-Filterpapier f\u00fcr eine bessere und schnellere S\u00e4ttigung der Atmosph\u00e4re verwendet.<\/p>\n<p>Der zweite Innenteil der Kammer kann verwendet werden, um das S\u00e4ttigungspapier effizient von der TLC-Platte zu trennen.<\/p>\n","protected":false},"excerpt":{"rendered":"<p>Referenz: BS120.173A<\/p>\n<p>Vertikale Standardwanne mit Mittelrille<\/p>\n<p>Material Borosilikatglas 3.3, f\u00fcr alle Platten bis 200 x 200 mm<\/p>\n<p>M\u00f6glichkeit zur Anpassung eines Latch-Lid-Systems f\u00fcr eine perfekte Abdichtung.<\/p>\n","protected":false},"featured_media":6458,"template":"","meta":[],"product_brand":[],"product_cat":[229],"product_tag":[],"class_list":{"0":"post-5709","1":"product","2":"type-product","3":"status-publish","4":"has-post-thumbnail","6":"product_cat-standard-migrationskuvetten","8":"first","9":"instock","10":"taxable","11":"shipping-taxable","12":"product-type-simple"},"yoast_head":"<!-- This site is optimized with the Yoast SEO plugin v27.4 - https:\/\/yoast.com\/product\/yoast-seo-wordpress\/ -->\n<title>TLC Trennkammer 200x200mm Glasdeckel - Bionis<\/title>\n<meta name=\"description\" content=\"TLC Trennkammer 200x200mm Glasdeckel - Material Borosilikatglas 3.3, f\u00fcr alle Platten bis 200 x 200 mm - Vertikale Standardwanne mit Mittelrille\" \/>\n<meta name=\"robots\" content=\"index, follow, max-snippet:-1, max-image-preview:large, max-video-preview:-1\" \/>\n<link rel=\"canonical\" href=\"https:\/\/www.bionis.fr\/de\/produit\/tlc-trennkammer-200x200mm-glasdeckel\/\" \/>\n<meta property=\"og:locale\" content=\"de_DE\" \/>\n<meta property=\"og:type\" content=\"article\" \/>\n<meta property=\"og:title\" content=\"TLC Trennkammer 200x200mm Glasdeckel - Bionis\" \/>\n<meta property=\"og:description\" content=\"TLC Trennkammer 200x200mm Glasdeckel - Material Borosilikatglas 3.3, f\u00fcr alle Platten bis 200 x 200 mm - Vertikale Standardwanne mit Mittelrille\" \/>\n<meta property=\"og:url\" content=\"https:\/\/www.bionis.fr\/de\/produit\/tlc-trennkammer-200x200mm-glasdeckel\/\" \/>\n<meta property=\"og:site_name\" content=\"Bionis\" \/>\n<meta property=\"article:modified_time\" content=\"2023-09-30T13:58:59+00:00\" \/>\n<meta property=\"og:image\" content=\"https:\/\/www.bionis.fr\/wp-content\/uploads\/2020\/07\/700x700_BS120_173A.png\" \/>\n\t<meta property=\"og:image:width\" content=\"700\" \/>\n\t<meta property=\"og:image:height\" content=\"700\" \/>\n\t<meta property=\"og:image:type\" content=\"image\/png\" \/>\n<meta name=\"twitter:card\" content=\"summary_large_image\" \/>\n<meta name=\"twitter:label1\" content=\"Gesch\u00e4tzte Lesezeit\" \/>\n\t<meta name=\"twitter:data1\" content=\"2\u00a0Minuten\" \/>\n<script type=\"application\/ld+json\" class=\"yoast-schema-graph\">{\"@context\":\"https:\\\/\\\/schema.org\",\"@graph\":[{\"@type\":\"WebPage\",\"@id\":\"https:\\\/\\\/www.bionis.fr\\\/de\\\/produit\\\/tlc-trennkammer-200x200mm-glasdeckel\\\/\",\"url\":\"https:\\\/\\\/www.bionis.fr\\\/de\\\/produit\\\/tlc-trennkammer-200x200mm-glasdeckel\\\/\",\"name\":\"TLC Trennkammer 200x200mm Glasdeckel - Bionis\",\"isPartOf\":{\"@id\":\"https:\\\/\\\/www.bionis.fr\\\/#website\"},\"primaryImageOfPage\":{\"@id\":\"https:\\\/\\\/www.bionis.fr\\\/de\\\/produit\\\/tlc-trennkammer-200x200mm-glasdeckel\\\/#primaryimage\"},\"image\":{\"@id\":\"https:\\\/\\\/www.bionis.fr\\\/de\\\/produit\\\/tlc-trennkammer-200x200mm-glasdeckel\\\/#primaryimage\"},\"thumbnailUrl\":\"https:\\\/\\\/www.bionis.fr\\\/wp-content\\\/uploads\\\/2020\\\/07\\\/700x700_BS120_173A.png\",\"datePublished\":\"2020-07-30T13:11:23+00:00\",\"dateModified\":\"2023-09-30T13:58:59+00:00\",\"description\":\"TLC Trennkammer 200x200mm Glasdeckel - Material Borosilikatglas 3.3, f\u00fcr alle Platten bis 200 x 200 mm - Vertikale Standardwanne mit Mittelrille\",\"breadcrumb\":{\"@id\":\"https:\\\/\\\/www.bionis.fr\\\/de\\\/produit\\\/tlc-trennkammer-200x200mm-glasdeckel\\\/#breadcrumb\"},\"inLanguage\":\"de\",\"potentialAction\":[{\"@type\":\"ReadAction\",\"target\":[\"https:\\\/\\\/www.bionis.fr\\\/de\\\/produit\\\/tlc-trennkammer-200x200mm-glasdeckel\\\/\"]}]},{\"@type\":\"ImageObject\",\"inLanguage\":\"de\",\"@id\":\"https:\\\/\\\/www.bionis.fr\\\/de\\\/produit\\\/tlc-trennkammer-200x200mm-glasdeckel\\\/#primaryimage\",\"url\":\"https:\\\/\\\/www.bionis.fr\\\/wp-content\\\/uploads\\\/2020\\\/07\\\/700x700_BS120_173A.png\",\"contentUrl\":\"https:\\\/\\\/www.bionis.fr\\\/wp-content\\\/uploads\\\/2020\\\/07\\\/700x700_BS120_173A.png\",\"width\":700,\"height\":700,\"caption\":\"Cuve de migration CCM 200x200mm couvercle verre\"},{\"@type\":\"BreadcrumbList\",\"@id\":\"https:\\\/\\\/www.bionis.fr\\\/de\\\/produit\\\/tlc-trennkammer-200x200mm-glasdeckel\\\/#breadcrumb\",\"itemListElement\":[{\"@type\":\"ListItem\",\"position\":1,\"name\":\"Accueil\",\"item\":\"https:\\\/\\\/www.bionis.fr\\\/\"},{\"@type\":\"ListItem\",\"position\":2,\"name\":\"Shop\",\"item\":\"https:\\\/\\\/www.bionis.fr\\\/de\\\/shop\\\/\"},{\"@type\":\"ListItem\",\"position\":3,\"name\":\"TLC Trennkammer 200x200mm Glasdeckel\"}]},{\"@type\":\"WebSite\",\"@id\":\"https:\\\/\\\/www.bionis.fr\\\/#website\",\"url\":\"https:\\\/\\\/www.bionis.fr\\\/\",\"name\":\"Bionis\",\"description\":\"Die D\u00fcnnschichtchromatographie-L\u00f6sung\",\"publisher\":{\"@id\":\"https:\\\/\\\/www.bionis.fr\\\/#organization\"},\"potentialAction\":[{\"@type\":\"SearchAction\",\"target\":{\"@type\":\"EntryPoint\",\"urlTemplate\":\"https:\\\/\\\/www.bionis.fr\\\/?s={search_term_string}\"},\"query-input\":{\"@type\":\"PropertyValueSpecification\",\"valueRequired\":true,\"valueName\":\"search_term_string\"}}],\"inLanguage\":\"de\"},{\"@type\":\"Organization\",\"@id\":\"https:\\\/\\\/www.bionis.fr\\\/#organization\",\"name\":\"Bionis\",\"url\":\"https:\\\/\\\/www.bionis.fr\\\/\",\"logo\":{\"@type\":\"ImageObject\",\"inLanguage\":\"de\",\"@id\":\"https:\\\/\\\/www.bionis.fr\\\/#\\\/schema\\\/logo\\\/image\\\/\",\"url\":\"https:\\\/\\\/www.bionis.fr\\\/wp-content\\\/uploads\\\/2020\\\/07\\\/bionis-logo.png\",\"contentUrl\":\"https:\\\/\\\/www.bionis.fr\\\/wp-content\\\/uploads\\\/2020\\\/07\\\/bionis-logo.png\",\"width\":500,\"height\":125,\"caption\":\"Bionis\"},\"image\":{\"@id\":\"https:\\\/\\\/www.bionis.fr\\\/#\\\/schema\\\/logo\\\/image\\\/\"},\"sameAs\":[\"https:\\\/\\\/www.linkedin.com\\\/company\\\/bionis-sas?originalSubdomain=fr\"]}]}<\/script>\n<!-- \/ Yoast SEO plugin. -->","yoast_head_json":{"title":"TLC Trennkammer 200x200mm Glasdeckel - Bionis","description":"TLC Trennkammer 200x200mm Glasdeckel - Material Borosilikatglas 3.3, f\u00fcr alle Platten bis 200 x 200 mm - Vertikale Standardwanne mit Mittelrille","robots":{"index":"index","follow":"follow","max-snippet":"max-snippet:-1","max-image-preview":"max-image-preview:large","max-video-preview":"max-video-preview:-1"},"canonical":"https:\/\/www.bionis.fr\/de\/produit\/tlc-trennkammer-200x200mm-glasdeckel\/","og_locale":"de_DE","og_type":"article","og_title":"TLC Trennkammer 200x200mm Glasdeckel - Bionis","og_description":"TLC Trennkammer 200x200mm Glasdeckel - Material Borosilikatglas 3.3, f\u00fcr alle Platten bis 200 x 200 mm - Vertikale Standardwanne mit Mittelrille","og_url":"https:\/\/www.bionis.fr\/de\/produit\/tlc-trennkammer-200x200mm-glasdeckel\/","og_site_name":"Bionis","article_modified_time":"2023-09-30T13:58:59+00:00","og_image":[{"width":700,"height":700,"url":"https:\/\/www.bionis.fr\/wp-content\/uploads\/2020\/07\/700x700_BS120_173A.png","type":"image\/png"}],"twitter_card":"summary_large_image","twitter_misc":{"Gesch\u00e4tzte Lesezeit":"2\u00a0Minuten"},"schema":{"@context":"https:\/\/schema.org","@graph":[{"@type":"WebPage","@id":"https:\/\/www.bionis.fr\/de\/produit\/tlc-trennkammer-200x200mm-glasdeckel\/","url":"https:\/\/www.bionis.fr\/de\/produit\/tlc-trennkammer-200x200mm-glasdeckel\/","name":"TLC Trennkammer 200x200mm Glasdeckel - Bionis","isPartOf":{"@id":"https:\/\/www.bionis.fr\/#website"},"primaryImageOfPage":{"@id":"https:\/\/www.bionis.fr\/de\/produit\/tlc-trennkammer-200x200mm-glasdeckel\/#primaryimage"},"image":{"@id":"https:\/\/www.bionis.fr\/de\/produit\/tlc-trennkammer-200x200mm-glasdeckel\/#primaryimage"},"thumbnailUrl":"https:\/\/www.bionis.fr\/wp-content\/uploads\/2020\/07\/700x700_BS120_173A.png","datePublished":"2020-07-30T13:11:23+00:00","dateModified":"2023-09-30T13:58:59+00:00","description":"TLC Trennkammer 200x200mm Glasdeckel - Material Borosilikatglas 3.3, f\u00fcr alle Platten bis 200 x 200 mm - Vertikale Standardwanne mit Mittelrille","breadcrumb":{"@id":"https:\/\/www.bionis.fr\/de\/produit\/tlc-trennkammer-200x200mm-glasdeckel\/#breadcrumb"},"inLanguage":"de","potentialAction":[{"@type":"ReadAction","target":["https:\/\/www.bionis.fr\/de\/produit\/tlc-trennkammer-200x200mm-glasdeckel\/"]}]},{"@type":"ImageObject","inLanguage":"de","@id":"https:\/\/www.bionis.fr\/de\/produit\/tlc-trennkammer-200x200mm-glasdeckel\/#primaryimage","url":"https:\/\/www.bionis.fr\/wp-content\/uploads\/2020\/07\/700x700_BS120_173A.png","contentUrl":"https:\/\/www.bionis.fr\/wp-content\/uploads\/2020\/07\/700x700_BS120_173A.png","width":700,"height":700,"caption":"Cuve de migration CCM 200x200mm couvercle verre"},{"@type":"BreadcrumbList","@id":"https:\/\/www.bionis.fr\/de\/produit\/tlc-trennkammer-200x200mm-glasdeckel\/#breadcrumb","itemListElement":[{"@type":"ListItem","position":1,"name":"Accueil","item":"https:\/\/www.bionis.fr\/"},{"@type":"ListItem","position":2,"name":"Shop","item":"https:\/\/www.bionis.fr\/de\/shop\/"},{"@type":"ListItem","position":3,"name":"TLC Trennkammer 200x200mm Glasdeckel"}]},{"@type":"WebSite","@id":"https:\/\/www.bionis.fr\/#website","url":"https:\/\/www.bionis.fr\/","name":"Bionis","description":"Die D\u00fcnnschichtchromatographie-L\u00f6sung","publisher":{"@id":"https:\/\/www.bionis.fr\/#organization"},"potentialAction":[{"@type":"SearchAction","target":{"@type":"EntryPoint","urlTemplate":"https:\/\/www.bionis.fr\/?s={search_term_string}"},"query-input":{"@type":"PropertyValueSpecification","valueRequired":true,"valueName":"search_term_string"}}],"inLanguage":"de"},{"@type":"Organization","@id":"https:\/\/www.bionis.fr\/#organization","name":"Bionis","url":"https:\/\/www.bionis.fr\/","logo":{"@type":"ImageObject","inLanguage":"de","@id":"https:\/\/www.bionis.fr\/#\/schema\/logo\/image\/","url":"https:\/\/www.bionis.fr\/wp-content\/uploads\/2020\/07\/bionis-logo.png","contentUrl":"https:\/\/www.bionis.fr\/wp-content\/uploads\/2020\/07\/bionis-logo.png","width":500,"height":125,"caption":"Bionis"},"image":{"@id":"https:\/\/www.bionis.fr\/#\/schema\/logo\/image\/"},"sameAs":["https:\/\/www.linkedin.com\/company\/bionis-sas?originalSubdomain=fr"]}]}},"_links":{"self":[{"href":"https:\/\/www.bionis.fr\/de\/wp-json\/wp\/v2\/product\/5709","targetHints":{"allow":["GET"]}}],"collection":[{"href":"https:\/\/www.bionis.fr\/de\/wp-json\/wp\/v2\/product"}],"about":[{"href":"https:\/\/www.bionis.fr\/de\/wp-json\/wp\/v2\/types\/product"}],"wp:featuredmedia":[{"embeddable":true,"href":"https:\/\/www.bionis.fr\/de\/wp-json\/wp\/v2\/media\/6458"}],"wp:attachment":[{"href":"https:\/\/www.bionis.fr\/de\/wp-json\/wp\/v2\/media?parent=5709"}],"wp:term":[{"taxonomy":"product_brand","embeddable":true,"href":"https:\/\/www.bionis.fr\/de\/wp-json\/wp\/v2\/product_brand?post=5709"},{"taxonomy":"product_cat","embeddable":true,"href":"https:\/\/www.bionis.fr\/de\/wp-json\/wp\/v2\/product_cat?post=5709"},{"taxonomy":"product_tag","embeddable":true,"href":"https:\/\/www.bionis.fr\/de\/wp-json\/wp\/v2\/product_tag?post=5709"}],"curies":[{"name":"wp","href":"https:\/\/api.w.org\/{rel}","templated":true}]}}