{"id":5732,"date":"2020-07-30T13:09:42","date_gmt":"2020-07-30T11:09:42","guid":{"rendered":"https:\/\/www.bionis.fr\/produit\/applikationsschablone-200x200-mm\/"},"modified":"2020-07-30T13:09:42","modified_gmt":"2020-07-30T11:09:42","slug":"gabarit-dapplication-200-x-200mm","status":"publish","type":"product","link":"https:\/\/www.bionis.fr\/de\/produit\/gabarit-dapplication-200-x-200mm\/","title":{"rendered":"Applikationsschablone 200&#215;200 mm"},"content":{"rendered":"","protected":false},"excerpt":{"rendered":"<p><strong>Referenz: BS120.137<\/strong><\/p>\n<p>F\u00fcr Platten bis zu 200 x 200 mm<\/p>\n<p>Um die Proben in regelm\u00e4\u00dfigen Abst\u00e4nden in Punkten oder Strichen zu hinterlegen und die Rf abzulesen.<\/p>\n<p>Dreieckige Aussparungen f\u00fcr eine pr\u00e4zise F\u00fchrung der Pipette.<\/p>\n<p>Rutschfeste Unterseite verhindert unbeabsichtigtes Verrutschen auf dem Tisch.<\/p>\n","protected":false},"featured_media":3526,"template":"","meta":[],"product_brand":[],"product_cat":[232],"product_tag":[],"class_list":{"0":"post-5732","1":"product","2":"type-product","3":"status-publish","4":"has-post-thumbnail","6":"product_cat-anwendung-von-proben","8":"first","9":"instock","10":"taxable","11":"shipping-taxable","12":"product-type-simple"},"yoast_head":"<!-- This site is optimized with the Yoast SEO plugin v27.4 - https:\/\/yoast.com\/product\/yoast-seo-wordpress\/ -->\n<title>Applikationsschablone 200x200 mm - Bionis<\/title>\n<meta name=\"description\" content=\"Referenz: BS120.137 F\u00fcr Platten bis zu 200 x 200 mm Um die Proben in regelm\u00e4\u00dfigen Abst\u00e4nden in Punkten oder Strichen zu hinterlegen und die Rf abzulesen. Dreieckige Aussparungen f\u00fcr eine pr\u00e4zise F\u00fchrung der Pipette. Rutschfeste Unterseite verhindert unbeabsichtigtes Verrutschen auf dem Tisch.\" \/>\n<meta name=\"robots\" content=\"index, follow, max-snippet:-1, max-image-preview:large, max-video-preview:-1\" \/>\n<link rel=\"canonical\" href=\"https:\/\/www.bionis.fr\/produit\/applikationsschablone-200x200-mm\/\" \/>\n<meta property=\"og:locale\" content=\"de_DE\" \/>\n<meta property=\"og:type\" content=\"article\" \/>\n<meta property=\"og:title\" content=\"Applikationsschablone 200x200 mm - Bionis\" \/>\n<meta property=\"og:description\" content=\"Referenz: BS120.137 F\u00fcr Platten bis zu 200 x 200 mm Um die Proben in regelm\u00e4\u00dfigen Abst\u00e4nden in Punkten oder Strichen zu hinterlegen und die Rf abzulesen. Dreieckige Aussparungen f\u00fcr eine pr\u00e4zise F\u00fchrung der Pipette. Rutschfeste Unterseite verhindert unbeabsichtigtes Verrutschen auf dem Tisch.\" \/>\n<meta property=\"og:url\" content=\"https:\/\/www.bionis.fr\/produit\/applikationsschablone-200x200-mm\/\" \/>\n<meta property=\"og:site_name\" content=\"Bionis\" \/>\n<meta name=\"twitter:card\" content=\"summary_large_image\" \/>\n<script type=\"application\/ld+json\" class=\"yoast-schema-graph\">{\"@context\":\"https:\\\/\\\/schema.org\",\"@graph\":[{\"@type\":\"WebPage\",\"@id\":\"https:\\\/\\\/www.bionis.fr\\\/produit\\\/applikationsschablone-200x200-mm\\\/\",\"url\":\"https:\\\/\\\/www.bionis.fr\\\/produit\\\/applikationsschablone-200x200-mm\\\/\",\"name\":\"Applikationsschablone 200x200 mm - Bionis\",\"isPartOf\":{\"@id\":\"https:\\\/\\\/www.bionis.fr\\\/#website\"},\"primaryImageOfPage\":{\"@id\":\"https:\\\/\\\/www.bionis.fr\\\/produit\\\/applikationsschablone-200x200-mm\\\/#primaryimage\"},\"image\":{\"@id\":\"https:\\\/\\\/www.bionis.fr\\\/produit\\\/applikationsschablone-200x200-mm\\\/#primaryimage\"},\"thumbnailUrl\":\"https:\\\/\\\/www.bionis.fr\\\/wp-content\\\/uploads\\\/2020\\\/06\\\/700x700_Gabarits-de-depots-fi18350517x2000.png\",\"datePublished\":\"2020-07-30T11:09:42+00:00\",\"description\":\"Referenz: BS120.137 F\u00fcr Platten bis zu 200 x 200 mm Um die Proben in regelm\u00e4\u00dfigen Abst\u00e4nden in Punkten oder Strichen zu hinterlegen und die Rf abzulesen. Dreieckige Aussparungen f\u00fcr eine pr\u00e4zise F\u00fchrung der Pipette. Rutschfeste Unterseite verhindert unbeabsichtigtes Verrutschen auf dem Tisch.\",\"breadcrumb\":{\"@id\":\"https:\\\/\\\/www.bionis.fr\\\/produit\\\/applikationsschablone-200x200-mm\\\/#breadcrumb\"},\"inLanguage\":\"de\",\"potentialAction\":[{\"@type\":\"ReadAction\",\"target\":[\"https:\\\/\\\/www.bionis.fr\\\/produit\\\/applikationsschablone-200x200-mm\\\/\"]}]},{\"@type\":\"ImageObject\",\"inLanguage\":\"de\",\"@id\":\"https:\\\/\\\/www.bionis.fr\\\/produit\\\/applikationsschablone-200x200-mm\\\/#primaryimage\",\"url\":\"https:\\\/\\\/www.bionis.fr\\\/wp-content\\\/uploads\\\/2020\\\/06\\\/700x700_Gabarits-de-depots-fi18350517x2000.png\",\"contentUrl\":\"https:\\\/\\\/www.bionis.fr\\\/wp-content\\\/uploads\\\/2020\\\/06\\\/700x700_Gabarits-de-depots-fi18350517x2000.png\",\"width\":700,\"height\":700},{\"@type\":\"BreadcrumbList\",\"@id\":\"https:\\\/\\\/www.bionis.fr\\\/produit\\\/applikationsschablone-200x200-mm\\\/#breadcrumb\",\"itemListElement\":[{\"@type\":\"ListItem\",\"position\":1,\"name\":\"Accueil\",\"item\":\"https:\\\/\\\/www.bionis.fr\\\/\"},{\"@type\":\"ListItem\",\"position\":2,\"name\":\"Shop\",\"item\":\"https:\\\/\\\/www.bionis.fr\\\/de\\\/shop\\\/\"},{\"@type\":\"ListItem\",\"position\":3,\"name\":\"Applikationsschablone 200&#215;200 mm\"}]},{\"@type\":\"WebSite\",\"@id\":\"https:\\\/\\\/www.bionis.fr\\\/#website\",\"url\":\"https:\\\/\\\/www.bionis.fr\\\/\",\"name\":\"Bionis\",\"description\":\"Die D\u00fcnnschichtchromatographie-L\u00f6sung\",\"publisher\":{\"@id\":\"https:\\\/\\\/www.bionis.fr\\\/#organization\"},\"potentialAction\":[{\"@type\":\"SearchAction\",\"target\":{\"@type\":\"EntryPoint\",\"urlTemplate\":\"https:\\\/\\\/www.bionis.fr\\\/?s={search_term_string}\"},\"query-input\":{\"@type\":\"PropertyValueSpecification\",\"valueRequired\":true,\"valueName\":\"search_term_string\"}}],\"inLanguage\":\"de\"},{\"@type\":\"Organization\",\"@id\":\"https:\\\/\\\/www.bionis.fr\\\/#organization\",\"name\":\"Bionis\",\"url\":\"https:\\\/\\\/www.bionis.fr\\\/\",\"logo\":{\"@type\":\"ImageObject\",\"inLanguage\":\"de\",\"@id\":\"https:\\\/\\\/www.bionis.fr\\\/#\\\/schema\\\/logo\\\/image\\\/\",\"url\":\"https:\\\/\\\/www.bionis.fr\\\/wp-content\\\/uploads\\\/2020\\\/07\\\/bionis-logo.png\",\"contentUrl\":\"https:\\\/\\\/www.bionis.fr\\\/wp-content\\\/uploads\\\/2020\\\/07\\\/bionis-logo.png\",\"width\":500,\"height\":125,\"caption\":\"Bionis\"},\"image\":{\"@id\":\"https:\\\/\\\/www.bionis.fr\\\/#\\\/schema\\\/logo\\\/image\\\/\"},\"sameAs\":[\"https:\\\/\\\/www.linkedin.com\\\/company\\\/bionis-sas?originalSubdomain=fr\"]}]}<\/script>\n<!-- \/ Yoast SEO plugin. -->","yoast_head_json":{"title":"Applikationsschablone 200x200 mm - Bionis","description":"Referenz: BS120.137 F\u00fcr Platten bis zu 200 x 200 mm Um die Proben in regelm\u00e4\u00dfigen Abst\u00e4nden in Punkten oder Strichen zu hinterlegen und die Rf abzulesen. Dreieckige Aussparungen f\u00fcr eine pr\u00e4zise F\u00fchrung der Pipette. Rutschfeste Unterseite verhindert unbeabsichtigtes Verrutschen auf dem Tisch.","robots":{"index":"index","follow":"follow","max-snippet":"max-snippet:-1","max-image-preview":"max-image-preview:large","max-video-preview":"max-video-preview:-1"},"canonical":"https:\/\/www.bionis.fr\/produit\/applikationsschablone-200x200-mm\/","og_locale":"de_DE","og_type":"article","og_title":"Applikationsschablone 200x200 mm - Bionis","og_description":"Referenz: BS120.137 F\u00fcr Platten bis zu 200 x 200 mm Um die Proben in regelm\u00e4\u00dfigen Abst\u00e4nden in Punkten oder Strichen zu hinterlegen und die Rf abzulesen. Dreieckige Aussparungen f\u00fcr eine pr\u00e4zise F\u00fchrung der Pipette. Rutschfeste Unterseite verhindert unbeabsichtigtes Verrutschen auf dem Tisch.","og_url":"https:\/\/www.bionis.fr\/produit\/applikationsschablone-200x200-mm\/","og_site_name":"Bionis","twitter_card":"summary_large_image","schema":{"@context":"https:\/\/schema.org","@graph":[{"@type":"WebPage","@id":"https:\/\/www.bionis.fr\/produit\/applikationsschablone-200x200-mm\/","url":"https:\/\/www.bionis.fr\/produit\/applikationsschablone-200x200-mm\/","name":"Applikationsschablone 200x200 mm - Bionis","isPartOf":{"@id":"https:\/\/www.bionis.fr\/#website"},"primaryImageOfPage":{"@id":"https:\/\/www.bionis.fr\/produit\/applikationsschablone-200x200-mm\/#primaryimage"},"image":{"@id":"https:\/\/www.bionis.fr\/produit\/applikationsschablone-200x200-mm\/#primaryimage"},"thumbnailUrl":"https:\/\/www.bionis.fr\/wp-content\/uploads\/2020\/06\/700x700_Gabarits-de-depots-fi18350517x2000.png","datePublished":"2020-07-30T11:09:42+00:00","description":"Referenz: BS120.137 F\u00fcr Platten bis zu 200 x 200 mm Um die Proben in regelm\u00e4\u00dfigen Abst\u00e4nden in Punkten oder Strichen zu hinterlegen und die Rf abzulesen. Dreieckige Aussparungen f\u00fcr eine pr\u00e4zise F\u00fchrung der Pipette. Rutschfeste Unterseite verhindert unbeabsichtigtes Verrutschen auf dem Tisch.","breadcrumb":{"@id":"https:\/\/www.bionis.fr\/produit\/applikationsschablone-200x200-mm\/#breadcrumb"},"inLanguage":"de","potentialAction":[{"@type":"ReadAction","target":["https:\/\/www.bionis.fr\/produit\/applikationsschablone-200x200-mm\/"]}]},{"@type":"ImageObject","inLanguage":"de","@id":"https:\/\/www.bionis.fr\/produit\/applikationsschablone-200x200-mm\/#primaryimage","url":"https:\/\/www.bionis.fr\/wp-content\/uploads\/2020\/06\/700x700_Gabarits-de-depots-fi18350517x2000.png","contentUrl":"https:\/\/www.bionis.fr\/wp-content\/uploads\/2020\/06\/700x700_Gabarits-de-depots-fi18350517x2000.png","width":700,"height":700},{"@type":"BreadcrumbList","@id":"https:\/\/www.bionis.fr\/produit\/applikationsschablone-200x200-mm\/#breadcrumb","itemListElement":[{"@type":"ListItem","position":1,"name":"Accueil","item":"https:\/\/www.bionis.fr\/"},{"@type":"ListItem","position":2,"name":"Shop","item":"https:\/\/www.bionis.fr\/de\/shop\/"},{"@type":"ListItem","position":3,"name":"Applikationsschablone 200&#215;200 mm"}]},{"@type":"WebSite","@id":"https:\/\/www.bionis.fr\/#website","url":"https:\/\/www.bionis.fr\/","name":"Bionis","description":"Die D\u00fcnnschichtchromatographie-L\u00f6sung","publisher":{"@id":"https:\/\/www.bionis.fr\/#organization"},"potentialAction":[{"@type":"SearchAction","target":{"@type":"EntryPoint","urlTemplate":"https:\/\/www.bionis.fr\/?s={search_term_string}"},"query-input":{"@type":"PropertyValueSpecification","valueRequired":true,"valueName":"search_term_string"}}],"inLanguage":"de"},{"@type":"Organization","@id":"https:\/\/www.bionis.fr\/#organization","name":"Bionis","url":"https:\/\/www.bionis.fr\/","logo":{"@type":"ImageObject","inLanguage":"de","@id":"https:\/\/www.bionis.fr\/#\/schema\/logo\/image\/","url":"https:\/\/www.bionis.fr\/wp-content\/uploads\/2020\/07\/bionis-logo.png","contentUrl":"https:\/\/www.bionis.fr\/wp-content\/uploads\/2020\/07\/bionis-logo.png","width":500,"height":125,"caption":"Bionis"},"image":{"@id":"https:\/\/www.bionis.fr\/#\/schema\/logo\/image\/"},"sameAs":["https:\/\/www.linkedin.com\/company\/bionis-sas?originalSubdomain=fr"]}]}},"_links":{"self":[{"href":"https:\/\/www.bionis.fr\/de\/wp-json\/wp\/v2\/product\/5732","targetHints":{"allow":["GET"]}}],"collection":[{"href":"https:\/\/www.bionis.fr\/de\/wp-json\/wp\/v2\/product"}],"about":[{"href":"https:\/\/www.bionis.fr\/de\/wp-json\/wp\/v2\/types\/product"}],"wp:featuredmedia":[{"embeddable":true,"href":"https:\/\/www.bionis.fr\/de\/wp-json\/wp\/v2\/media\/3526"}],"wp:attachment":[{"href":"https:\/\/www.bionis.fr\/de\/wp-json\/wp\/v2\/media?parent=5732"}],"wp:term":[{"taxonomy":"product_brand","embeddable":true,"href":"https:\/\/www.bionis.fr\/de\/wp-json\/wp\/v2\/product_brand?post=5732"},{"taxonomy":"product_cat","embeddable":true,"href":"https:\/\/www.bionis.fr\/de\/wp-json\/wp\/v2\/product_cat?post=5732"},{"taxonomy":"product_tag","embeddable":true,"href":"https:\/\/www.bionis.fr\/de\/wp-json\/wp\/v2\/product_tag?post=5732"}],"curies":[{"name":"wp","href":"https:\/\/api.w.org\/{rel}","templated":true}]}}