{"id":5787,"date":"2020-07-29T14:07:57","date_gmt":"2020-07-29T12:07:57","guid":{"rendered":"https:\/\/www.bionis.fr\/produit\/etaleur-preparateur-de-plaques-complet\/"},"modified":"2023-09-18T10:44:28","modified_gmt":"2023-09-18T08:44:28","slug":"tlc-plattenpraeparator","status":"publish","type":"product","link":"https:\/\/www.bionis.fr\/de\/produit\/tlc-plattenpraeparator\/","title":{"rendered":"TLC-Plattenpr\u00e4parator"},"content":{"rendered":"<p>Der TLC-Plattenpr\u00e4parator zur schnellen und kosteng\u00fcnstigen Herstellung von analytischen und pr\u00e4parativen Schichten hat sich bei vielen zufriedenen Anwendern bew\u00e4hrt. Das Ger\u00e4t kann zur Herstellung von Schichtdicken von 100 bis 2000 \u03bcm eingestellt werden. Der TLC-Plattenpr\u00e4parator besteht aus dem TLC Spreiztisch (BS120.315) und dem Spreizbeh\u00e4lter (BS120.305), deren gleichzeitige Verwendung die Gew\u00e4hr f\u00fcr optimale Ergebnisse ist!<\/p>\n<p><strong>Anwendung<\/strong><\/p>\n<p>Einfach das Sorptionsmittel mit einem geeigneten L\u00f6sungsmittel verd\u00fcnnen, gut homogenisieren, um alle Kl\u00fcmpchen zu l\u00f6sen, und in die Ausbreitungsvorrichtung geben. Stellen Sie die gew\u00fcnschte Dicke der Platten ein (100 \u2013 2000 \u00b5m). Bewegen Sie den Hebel und ziehen Sie die Vorrichtung gerade und kontinuierlich \u00fcber die sauberen Tr\u00e4gerplatten.<\/p>\n<p>Der TLC-Plattenpr\u00e4parator gew\u00e4hrleistet eine ebene und gleichm\u00e4\u00dfige Oberfl\u00e4che f\u00fcr die Vorbereitung von f\u00fcnf 200 x 200 mm oder zehn 200 x 100 mm Platten.<\/p>\n","protected":false},"excerpt":{"rendered":"<div id=\"ct_72626843\" class=\"Block Type_Text\">\n<div class=\"Block_Wrapper\">\n<div class=\"wsCtText\">\n<p><strong>Referenz: BS120.305C<\/strong><\/p>\n<p>Erm\u00f6glicht die Vorbereitung von <strong>&#8222;speziellen&#8220; Platten<\/strong>.<\/p>\n<p>Die Dicke der Schicht ist zwischen <strong>100 und 2000 \u00b5m<\/strong> einstellbar.<\/p>\n<p><strong>Kapazit\u00e4t:<\/strong> 5 Platten 200&#215;200 mm , 10 Platten 100 x 100 mm oder 100 x 200 mm und 20 Platten 100&#215;100 mm.<\/p>\n<p>Sehr <strong>einfach<\/strong> und <strong>robust<\/strong>, ist es das meistverkaufte Ger\u00e4t seiner Kategorie.<\/p>\n<\/div>\n<\/div>\n<\/div>\n","protected":false},"featured_media":3571,"template":"","meta":[],"product_brand":[],"product_cat":[199,236],"product_tag":[],"class_list":{"0":"post-5787","1":"product","2":"type-product","3":"status-publish","4":"has-post-thumbnail","6":"product_cat-bionis-tlc-serie","7":"product_cat-vorbereitung-der-platten","9":"first","10":"instock","11":"taxable","12":"shipping-taxable","13":"product-type-simple"},"yoast_head":"<!-- This site is optimized with the Yoast SEO plugin v27.5 - https:\/\/yoast.com\/product\/yoast-seo-wordpress\/ -->\n<title>TLC-Plattenpr\u00e4parator - Bionis<\/title>\n<meta name=\"description\" content=\"Referenz: BS120.305C  Erm\u00f6glicht die Vorbereitung von &quot;speziellen&quot; Platten.  Die Dicke der Schicht ist zwischen 100 und 2000 \u00b5m einstellbar.  Kapazit\u00e4t: 5 Platten 200x200 mm , 10 Platten 100 x 100 mm oder 100 x 200 mm und 20 Platten 100x100 mm.  Sehr einfach und robust, ist es das meistverkaufte Ger\u00e4t seiner Kategorie.\" \/>\n<meta name=\"robots\" content=\"index, follow, max-snippet:-1, max-image-preview:large, max-video-preview:-1\" \/>\n<link rel=\"canonical\" href=\"https:\/\/www.bionis.fr\/de\/produit\/tlc-plattenpraeparator\/\" \/>\n<meta property=\"og:locale\" content=\"de_DE\" \/>\n<meta property=\"og:type\" content=\"article\" \/>\n<meta property=\"og:title\" content=\"TLC-Plattenpr\u00e4parator - Bionis\" \/>\n<meta property=\"og:description\" content=\"Referenz: BS120.305C  Erm\u00f6glicht die Vorbereitung von &quot;speziellen&quot; Platten.  Die Dicke der Schicht ist zwischen 100 und 2000 \u00b5m einstellbar.  Kapazit\u00e4t: 5 Platten 200x200 mm , 10 Platten 100 x 100 mm oder 100 x 200 mm und 20 Platten 100x100 mm.  Sehr einfach und robust, ist es das meistverkaufte Ger\u00e4t seiner Kategorie.\" \/>\n<meta property=\"og:url\" content=\"https:\/\/www.bionis.fr\/de\/produit\/tlc-plattenpraeparator\/\" \/>\n<meta property=\"og:site_name\" content=\"Bionis\" \/>\n<meta property=\"article:modified_time\" content=\"2023-09-18T08:44:28+00:00\" \/>\n<meta property=\"og:image\" content=\"https:\/\/www.bionis.fr\/wp-content\/uploads\/2020\/07\/700x700_Etaleur-de-plaques-fi18350436x2000.png\" \/>\n\t<meta property=\"og:image:width\" content=\"700\" \/>\n\t<meta property=\"og:image:height\" content=\"700\" \/>\n\t<meta property=\"og:image:type\" content=\"image\/png\" \/>\n<meta name=\"twitter:card\" content=\"summary_large_image\" \/>\n<meta name=\"twitter:label1\" content=\"Gesch\u00e4tzte Lesezeit\" \/>\n\t<meta name=\"twitter:data1\" content=\"1\u00a0Minute\" \/>\n<script type=\"application\/ld+json\" class=\"yoast-schema-graph\">{\"@context\":\"https:\\\/\\\/schema.org\",\"@graph\":[{\"@type\":\"WebPage\",\"@id\":\"https:\\\/\\\/www.bionis.fr\\\/de\\\/produit\\\/tlc-plattenpraeparator\\\/\",\"url\":\"https:\\\/\\\/www.bionis.fr\\\/de\\\/produit\\\/tlc-plattenpraeparator\\\/\",\"name\":\"TLC-Plattenpr\u00e4parator - Bionis\",\"isPartOf\":{\"@id\":\"https:\\\/\\\/www.bionis.fr\\\/#website\"},\"primaryImageOfPage\":{\"@id\":\"https:\\\/\\\/www.bionis.fr\\\/de\\\/produit\\\/tlc-plattenpraeparator\\\/#primaryimage\"},\"image\":{\"@id\":\"https:\\\/\\\/www.bionis.fr\\\/de\\\/produit\\\/tlc-plattenpraeparator\\\/#primaryimage\"},\"thumbnailUrl\":\"https:\\\/\\\/www.bionis.fr\\\/wp-content\\\/uploads\\\/2020\\\/07\\\/700x700_Etaleur-de-plaques-fi18350436x2000.png\",\"datePublished\":\"2020-07-29T12:07:57+00:00\",\"dateModified\":\"2023-09-18T08:44:28+00:00\",\"description\":\"Referenz: BS120.305C Erm\u00f6glicht die Vorbereitung von \\\"speziellen\\\" Platten. Die Dicke der Schicht ist zwischen 100 und 2000 \u00b5m einstellbar. Kapazit\u00e4t: 5 Platten 200x200 mm , 10 Platten 100 x 100 mm oder 100 x 200 mm und 20 Platten 100x100 mm. Sehr einfach und robust, ist es das meistverkaufte Ger\u00e4t seiner Kategorie.\",\"breadcrumb\":{\"@id\":\"https:\\\/\\\/www.bionis.fr\\\/de\\\/produit\\\/tlc-plattenpraeparator\\\/#breadcrumb\"},\"inLanguage\":\"de\",\"potentialAction\":[{\"@type\":\"ReadAction\",\"target\":[\"https:\\\/\\\/www.bionis.fr\\\/de\\\/produit\\\/tlc-plattenpraeparator\\\/\"]}]},{\"@type\":\"ImageObject\",\"inLanguage\":\"de\",\"@id\":\"https:\\\/\\\/www.bionis.fr\\\/de\\\/produit\\\/tlc-plattenpraeparator\\\/#primaryimage\",\"url\":\"https:\\\/\\\/www.bionis.fr\\\/wp-content\\\/uploads\\\/2020\\\/07\\\/700x700_Etaleur-de-plaques-fi18350436x2000.png\",\"contentUrl\":\"https:\\\/\\\/www.bionis.fr\\\/wp-content\\\/uploads\\\/2020\\\/07\\\/700x700_Etaleur-de-plaques-fi18350436x2000.png\",\"width\":700,\"height\":700,\"caption\":\"TLC-Plattenpr\u00e4parator\"},{\"@type\":\"BreadcrumbList\",\"@id\":\"https:\\\/\\\/www.bionis.fr\\\/de\\\/produit\\\/tlc-plattenpraeparator\\\/#breadcrumb\",\"itemListElement\":[{\"@type\":\"ListItem\",\"position\":1,\"name\":\"Accueil\",\"item\":\"https:\\\/\\\/www.bionis.fr\\\/\"},{\"@type\":\"ListItem\",\"position\":2,\"name\":\"Shop\",\"item\":\"https:\\\/\\\/www.bionis.fr\\\/de\\\/shop\\\/\"},{\"@type\":\"ListItem\",\"position\":3,\"name\":\"TLC-Plattenpr\u00e4parator\"}]},{\"@type\":\"WebSite\",\"@id\":\"https:\\\/\\\/www.bionis.fr\\\/#website\",\"url\":\"https:\\\/\\\/www.bionis.fr\\\/\",\"name\":\"Bionis\",\"description\":\"Die D\u00fcnnschichtchromatographie-L\u00f6sung\",\"publisher\":{\"@id\":\"https:\\\/\\\/www.bionis.fr\\\/#organization\"},\"potentialAction\":[{\"@type\":\"SearchAction\",\"target\":{\"@type\":\"EntryPoint\",\"urlTemplate\":\"https:\\\/\\\/www.bionis.fr\\\/?s={search_term_string}\"},\"query-input\":{\"@type\":\"PropertyValueSpecification\",\"valueRequired\":true,\"valueName\":\"search_term_string\"}}],\"inLanguage\":\"de\"},{\"@type\":\"Organization\",\"@id\":\"https:\\\/\\\/www.bionis.fr\\\/#organization\",\"name\":\"Bionis\",\"url\":\"https:\\\/\\\/www.bionis.fr\\\/\",\"logo\":{\"@type\":\"ImageObject\",\"inLanguage\":\"de\",\"@id\":\"https:\\\/\\\/www.bionis.fr\\\/#\\\/schema\\\/logo\\\/image\\\/\",\"url\":\"https:\\\/\\\/www.bionis.fr\\\/wp-content\\\/uploads\\\/2020\\\/07\\\/bionis-logo.png\",\"contentUrl\":\"https:\\\/\\\/www.bionis.fr\\\/wp-content\\\/uploads\\\/2020\\\/07\\\/bionis-logo.png\",\"width\":500,\"height\":125,\"caption\":\"Bionis\"},\"image\":{\"@id\":\"https:\\\/\\\/www.bionis.fr\\\/#\\\/schema\\\/logo\\\/image\\\/\"},\"sameAs\":[\"https:\\\/\\\/www.linkedin.com\\\/company\\\/bionis-sas?originalSubdomain=fr\"]}]}<\/script>\n<!-- \/ Yoast SEO plugin. -->","yoast_head_json":{"title":"TLC-Plattenpr\u00e4parator - Bionis","description":"Referenz: BS120.305C  Erm\u00f6glicht die Vorbereitung von \"speziellen\" Platten.  Die Dicke der Schicht ist zwischen 100 und 2000 \u00b5m einstellbar.  Kapazit\u00e4t: 5 Platten 200x200 mm , 10 Platten 100 x 100 mm oder 100 x 200 mm und 20 Platten 100x100 mm.  Sehr einfach und robust, ist es das meistverkaufte Ger\u00e4t seiner Kategorie.","robots":{"index":"index","follow":"follow","max-snippet":"max-snippet:-1","max-image-preview":"max-image-preview:large","max-video-preview":"max-video-preview:-1"},"canonical":"https:\/\/www.bionis.fr\/de\/produit\/tlc-plattenpraeparator\/","og_locale":"de_DE","og_type":"article","og_title":"TLC-Plattenpr\u00e4parator - Bionis","og_description":"Referenz: BS120.305C  Erm\u00f6glicht die Vorbereitung von \"speziellen\" Platten.  Die Dicke der Schicht ist zwischen 100 und 2000 \u00b5m einstellbar.  Kapazit\u00e4t: 5 Platten 200x200 mm , 10 Platten 100 x 100 mm oder 100 x 200 mm und 20 Platten 100x100 mm.  Sehr einfach und robust, ist es das meistverkaufte Ger\u00e4t seiner Kategorie.","og_url":"https:\/\/www.bionis.fr\/de\/produit\/tlc-plattenpraeparator\/","og_site_name":"Bionis","article_modified_time":"2023-09-18T08:44:28+00:00","og_image":[{"width":700,"height":700,"url":"https:\/\/www.bionis.fr\/wp-content\/uploads\/2020\/07\/700x700_Etaleur-de-plaques-fi18350436x2000.png","type":"image\/png"}],"twitter_card":"summary_large_image","twitter_misc":{"Gesch\u00e4tzte Lesezeit":"1\u00a0Minute"},"schema":{"@context":"https:\/\/schema.org","@graph":[{"@type":"WebPage","@id":"https:\/\/www.bionis.fr\/de\/produit\/tlc-plattenpraeparator\/","url":"https:\/\/www.bionis.fr\/de\/produit\/tlc-plattenpraeparator\/","name":"TLC-Plattenpr\u00e4parator - Bionis","isPartOf":{"@id":"https:\/\/www.bionis.fr\/#website"},"primaryImageOfPage":{"@id":"https:\/\/www.bionis.fr\/de\/produit\/tlc-plattenpraeparator\/#primaryimage"},"image":{"@id":"https:\/\/www.bionis.fr\/de\/produit\/tlc-plattenpraeparator\/#primaryimage"},"thumbnailUrl":"https:\/\/www.bionis.fr\/wp-content\/uploads\/2020\/07\/700x700_Etaleur-de-plaques-fi18350436x2000.png","datePublished":"2020-07-29T12:07:57+00:00","dateModified":"2023-09-18T08:44:28+00:00","description":"Referenz: BS120.305C Erm\u00f6glicht die Vorbereitung von \"speziellen\" Platten. Die Dicke der Schicht ist zwischen 100 und 2000 \u00b5m einstellbar. Kapazit\u00e4t: 5 Platten 200x200 mm , 10 Platten 100 x 100 mm oder 100 x 200 mm und 20 Platten 100x100 mm. Sehr einfach und robust, ist es das meistverkaufte Ger\u00e4t seiner Kategorie.","breadcrumb":{"@id":"https:\/\/www.bionis.fr\/de\/produit\/tlc-plattenpraeparator\/#breadcrumb"},"inLanguage":"de","potentialAction":[{"@type":"ReadAction","target":["https:\/\/www.bionis.fr\/de\/produit\/tlc-plattenpraeparator\/"]}]},{"@type":"ImageObject","inLanguage":"de","@id":"https:\/\/www.bionis.fr\/de\/produit\/tlc-plattenpraeparator\/#primaryimage","url":"https:\/\/www.bionis.fr\/wp-content\/uploads\/2020\/07\/700x700_Etaleur-de-plaques-fi18350436x2000.png","contentUrl":"https:\/\/www.bionis.fr\/wp-content\/uploads\/2020\/07\/700x700_Etaleur-de-plaques-fi18350436x2000.png","width":700,"height":700,"caption":"TLC-Plattenpr\u00e4parator"},{"@type":"BreadcrumbList","@id":"https:\/\/www.bionis.fr\/de\/produit\/tlc-plattenpraeparator\/#breadcrumb","itemListElement":[{"@type":"ListItem","position":1,"name":"Accueil","item":"https:\/\/www.bionis.fr\/"},{"@type":"ListItem","position":2,"name":"Shop","item":"https:\/\/www.bionis.fr\/de\/shop\/"},{"@type":"ListItem","position":3,"name":"TLC-Plattenpr\u00e4parator"}]},{"@type":"WebSite","@id":"https:\/\/www.bionis.fr\/#website","url":"https:\/\/www.bionis.fr\/","name":"Bionis","description":"Die D\u00fcnnschichtchromatographie-L\u00f6sung","publisher":{"@id":"https:\/\/www.bionis.fr\/#organization"},"potentialAction":[{"@type":"SearchAction","target":{"@type":"EntryPoint","urlTemplate":"https:\/\/www.bionis.fr\/?s={search_term_string}"},"query-input":{"@type":"PropertyValueSpecification","valueRequired":true,"valueName":"search_term_string"}}],"inLanguage":"de"},{"@type":"Organization","@id":"https:\/\/www.bionis.fr\/#organization","name":"Bionis","url":"https:\/\/www.bionis.fr\/","logo":{"@type":"ImageObject","inLanguage":"de","@id":"https:\/\/www.bionis.fr\/#\/schema\/logo\/image\/","url":"https:\/\/www.bionis.fr\/wp-content\/uploads\/2020\/07\/bionis-logo.png","contentUrl":"https:\/\/www.bionis.fr\/wp-content\/uploads\/2020\/07\/bionis-logo.png","width":500,"height":125,"caption":"Bionis"},"image":{"@id":"https:\/\/www.bionis.fr\/#\/schema\/logo\/image\/"},"sameAs":["https:\/\/www.linkedin.com\/company\/bionis-sas?originalSubdomain=fr"]}]}},"_links":{"self":[{"href":"https:\/\/www.bionis.fr\/de\/wp-json\/wp\/v2\/product\/5787","targetHints":{"allow":["GET"]}}],"collection":[{"href":"https:\/\/www.bionis.fr\/de\/wp-json\/wp\/v2\/product"}],"about":[{"href":"https:\/\/www.bionis.fr\/de\/wp-json\/wp\/v2\/types\/product"}],"wp:featuredmedia":[{"embeddable":true,"href":"https:\/\/www.bionis.fr\/de\/wp-json\/wp\/v2\/media\/3571"}],"wp:attachment":[{"href":"https:\/\/www.bionis.fr\/de\/wp-json\/wp\/v2\/media?parent=5787"}],"wp:term":[{"taxonomy":"product_brand","embeddable":true,"href":"https:\/\/www.bionis.fr\/de\/wp-json\/wp\/v2\/product_brand?post=5787"},{"taxonomy":"product_cat","embeddable":true,"href":"https:\/\/www.bionis.fr\/de\/wp-json\/wp\/v2\/product_cat?post=5787"},{"taxonomy":"product_tag","embeddable":true,"href":"https:\/\/www.bionis.fr\/de\/wp-json\/wp\/v2\/product_tag?post=5787"}],"curies":[{"name":"wp","href":"https:\/\/api.w.org\/{rel}","templated":true}]}}