{"id":5790,"date":"2020-07-28T11:44:18","date_gmt":"2020-07-28T09:44:18","guid":{"rendered":"https:\/\/www.bionis.fr\/produit\/entwicklungspresse-derivapress-200x200-mm\/"},"modified":"2020-07-28T11:44:18","modified_gmt":"2020-07-28T09:44:18","slug":"presse-de-developpement-derivapress","status":"publish","type":"product","link":"https:\/\/www.bionis.fr\/de\/produit\/presse-de-developpement-derivapress\/","title":{"rendered":"Entwicklungspresse Derivapress 200&#215;200 mm"},"content":{"rendered":"","protected":false},"excerpt":{"rendered":"<p><strong>Referenz: DC07-T0020<\/strong><\/p>\n<p><strong> Derivapress <\/strong>(ein patentiertes Verfahren) erm\u00f6glicht das<strong>Aufbringen von Derivatisierungsreagenz <\/strong>auf Chromatographieplatten, indem eine mit Reagenz getr\u00e4nkte <strong>Schaumstoffmembran <\/strong>zusammengedr\u00fcckt wird.<\/p>\n<p>Die <strong>einfache<\/strong> und <strong>schnelle <\/strong>Handhabung erfolgt unter sicheren Bedingungen f\u00fcr den Benutzer und die Umwelt.<\/p>\n<p>Um das Reagenz zu wechseln, muss man nur den Schaumstoff<strong>(Derivamouss<\/strong>) wechseln.<\/p>\n<p>Niedrige Kosten.<\/p>\n<p>Kann mit Platten bis zu 200 x 200 mm verwendet werden.<\/p>\n<p>In der Maschine waschbar.<\/p>\n<p>Wird mit einem Satz Schaumstoff geliefert<\/p>\n","protected":false},"featured_media":3562,"template":"","meta":[],"product_brand":[],"product_cat":[199,177],"product_tag":[],"class_list":{"0":"post-5790","1":"product","2":"type-product","3":"status-publish","4":"has-post-thumbnail","6":"product_cat-bionis-tlc-serie","7":"product_cat-offenbarung","9":"first","10":"instock","11":"taxable","12":"shipping-taxable","13":"product-type-simple"},"yoast_head":"<!-- This site is optimized with the Yoast SEO plugin v27.5 - https:\/\/yoast.com\/product\/yoast-seo-wordpress\/ -->\n<title>Entwicklungspresse Derivapress 200x200 mm - Bionis<\/title>\n<meta name=\"description\" content=\"Referenz: DC07-T0020  Derivapress (ein patentiertes Verfahren) erm\u00f6glicht dasAufbringen von Derivatisierungsreagenz auf Chromatographieplatten, indem eine mit Reagenz getr\u00e4nkte Schaumstoffmembran zusammengedr\u00fcckt wird. Die einfache und schnelle Handhabung erfolgt unter sicheren Bedingungen f\u00fcr den Benutzer und die Umwelt. Um das Reagenz zu wechseln, muss man nur den Schaumstoff(Derivamouss) wechseln. Niedrige Kosten. Kann mit Platten bis zu 200 x 200 mm verwendet werden. In der Maschine waschbar. Wird mit einem Satz Schaumstoff geliefert\" \/>\n<meta name=\"robots\" content=\"index, follow, max-snippet:-1, max-image-preview:large, max-video-preview:-1\" \/>\n<link rel=\"canonical\" href=\"https:\/\/www.bionis.fr\/produit\/entwicklungspresse-derivapress-200x200-mm\/\" \/>\n<meta property=\"og:locale\" content=\"de_DE\" \/>\n<meta property=\"og:type\" content=\"article\" \/>\n<meta property=\"og:title\" content=\"Entwicklungspresse Derivapress 200x200 mm - Bionis\" \/>\n<meta property=\"og:description\" content=\"Referenz: DC07-T0020  Derivapress (ein patentiertes Verfahren) erm\u00f6glicht dasAufbringen von Derivatisierungsreagenz auf Chromatographieplatten, indem eine mit Reagenz getr\u00e4nkte Schaumstoffmembran zusammengedr\u00fcckt wird. Die einfache und schnelle Handhabung erfolgt unter sicheren Bedingungen f\u00fcr den Benutzer und die Umwelt. Um das Reagenz zu wechseln, muss man nur den Schaumstoff(Derivamouss) wechseln. Niedrige Kosten. Kann mit Platten bis zu 200 x 200 mm verwendet werden. In der Maschine waschbar. Wird mit einem Satz Schaumstoff geliefert\" \/>\n<meta property=\"og:url\" content=\"https:\/\/www.bionis.fr\/produit\/entwicklungspresse-derivapress-200x200-mm\/\" \/>\n<meta property=\"og:site_name\" content=\"Bionis\" \/>\n<meta name=\"twitter:card\" content=\"summary_large_image\" \/>\n<script type=\"application\/ld+json\" class=\"yoast-schema-graph\">{\"@context\":\"https:\\\/\\\/schema.org\",\"@graph\":[{\"@type\":\"WebPage\",\"@id\":\"https:\\\/\\\/www.bionis.fr\\\/produit\\\/entwicklungspresse-derivapress-200x200-mm\\\/\",\"url\":\"https:\\\/\\\/www.bionis.fr\\\/produit\\\/entwicklungspresse-derivapress-200x200-mm\\\/\",\"name\":\"Entwicklungspresse Derivapress 200x200 mm - Bionis\",\"isPartOf\":{\"@id\":\"https:\\\/\\\/www.bionis.fr\\\/#website\"},\"primaryImageOfPage\":{\"@id\":\"https:\\\/\\\/www.bionis.fr\\\/produit\\\/entwicklungspresse-derivapress-200x200-mm\\\/#primaryimage\"},\"image\":{\"@id\":\"https:\\\/\\\/www.bionis.fr\\\/produit\\\/entwicklungspresse-derivapress-200x200-mm\\\/#primaryimage\"},\"thumbnailUrl\":\"https:\\\/\\\/www.bionis.fr\\\/wp-content\\\/uploads\\\/2020\\\/07\\\/presse-developpement-derivapress.png\",\"datePublished\":\"2020-07-28T09:44:18+00:00\",\"description\":\"Referenz: DC07-T0020 Derivapress (ein patentiertes Verfahren) erm\u00f6glicht dasAufbringen von Derivatisierungsreagenz auf Chromatographieplatten, indem eine mit Reagenz getr\u00e4nkte Schaumstoffmembran zusammengedr\u00fcckt wird. Die einfache und schnelle Handhabung erfolgt unter sicheren Bedingungen f\u00fcr den Benutzer und die Umwelt. Um das Reagenz zu wechseln, muss man nur den Schaumstoff(Derivamouss) wechseln. Niedrige Kosten. Kann mit Platten bis zu 200 x 200 mm verwendet werden. In der Maschine waschbar. Wird mit einem Satz Schaumstoff geliefert\",\"breadcrumb\":{\"@id\":\"https:\\\/\\\/www.bionis.fr\\\/produit\\\/entwicklungspresse-derivapress-200x200-mm\\\/#breadcrumb\"},\"inLanguage\":\"de\",\"potentialAction\":[{\"@type\":\"ReadAction\",\"target\":[\"https:\\\/\\\/www.bionis.fr\\\/produit\\\/entwicklungspresse-derivapress-200x200-mm\\\/\"]}]},{\"@type\":\"ImageObject\",\"inLanguage\":\"de\",\"@id\":\"https:\\\/\\\/www.bionis.fr\\\/produit\\\/entwicklungspresse-derivapress-200x200-mm\\\/#primaryimage\",\"url\":\"https:\\\/\\\/www.bionis.fr\\\/wp-content\\\/uploads\\\/2020\\\/07\\\/presse-developpement-derivapress.png\",\"contentUrl\":\"https:\\\/\\\/www.bionis.fr\\\/wp-content\\\/uploads\\\/2020\\\/07\\\/presse-developpement-derivapress.png\",\"width\":700,\"height\":700},{\"@type\":\"BreadcrumbList\",\"@id\":\"https:\\\/\\\/www.bionis.fr\\\/produit\\\/entwicklungspresse-derivapress-200x200-mm\\\/#breadcrumb\",\"itemListElement\":[{\"@type\":\"ListItem\",\"position\":1,\"name\":\"Accueil\",\"item\":\"https:\\\/\\\/www.bionis.fr\\\/\"},{\"@type\":\"ListItem\",\"position\":2,\"name\":\"Shop\",\"item\":\"https:\\\/\\\/www.bionis.fr\\\/de\\\/shop\\\/\"},{\"@type\":\"ListItem\",\"position\":3,\"name\":\"Entwicklungspresse Derivapress 200&#215;200 mm\"}]},{\"@type\":\"WebSite\",\"@id\":\"https:\\\/\\\/www.bionis.fr\\\/#website\",\"url\":\"https:\\\/\\\/www.bionis.fr\\\/\",\"name\":\"Bionis\",\"description\":\"Die D\u00fcnnschichtchromatographie-L\u00f6sung\",\"publisher\":{\"@id\":\"https:\\\/\\\/www.bionis.fr\\\/#organization\"},\"potentialAction\":[{\"@type\":\"SearchAction\",\"target\":{\"@type\":\"EntryPoint\",\"urlTemplate\":\"https:\\\/\\\/www.bionis.fr\\\/?s={search_term_string}\"},\"query-input\":{\"@type\":\"PropertyValueSpecification\",\"valueRequired\":true,\"valueName\":\"search_term_string\"}}],\"inLanguage\":\"de\"},{\"@type\":\"Organization\",\"@id\":\"https:\\\/\\\/www.bionis.fr\\\/#organization\",\"name\":\"Bionis\",\"url\":\"https:\\\/\\\/www.bionis.fr\\\/\",\"logo\":{\"@type\":\"ImageObject\",\"inLanguage\":\"de\",\"@id\":\"https:\\\/\\\/www.bionis.fr\\\/#\\\/schema\\\/logo\\\/image\\\/\",\"url\":\"https:\\\/\\\/www.bionis.fr\\\/wp-content\\\/uploads\\\/2020\\\/07\\\/bionis-logo.png\",\"contentUrl\":\"https:\\\/\\\/www.bionis.fr\\\/wp-content\\\/uploads\\\/2020\\\/07\\\/bionis-logo.png\",\"width\":500,\"height\":125,\"caption\":\"Bionis\"},\"image\":{\"@id\":\"https:\\\/\\\/www.bionis.fr\\\/#\\\/schema\\\/logo\\\/image\\\/\"},\"sameAs\":[\"https:\\\/\\\/www.linkedin.com\\\/company\\\/bionis-sas?originalSubdomain=fr\"]}]}<\/script>\n<!-- \/ Yoast SEO plugin. -->","yoast_head_json":{"title":"Entwicklungspresse Derivapress 200x200 mm - Bionis","description":"Referenz: DC07-T0020  Derivapress (ein patentiertes Verfahren) erm\u00f6glicht dasAufbringen von Derivatisierungsreagenz auf Chromatographieplatten, indem eine mit Reagenz getr\u00e4nkte Schaumstoffmembran zusammengedr\u00fcckt wird. Die einfache und schnelle Handhabung erfolgt unter sicheren Bedingungen f\u00fcr den Benutzer und die Umwelt. Um das Reagenz zu wechseln, muss man nur den Schaumstoff(Derivamouss) wechseln. Niedrige Kosten. Kann mit Platten bis zu 200 x 200 mm verwendet werden. In der Maschine waschbar. Wird mit einem Satz Schaumstoff geliefert","robots":{"index":"index","follow":"follow","max-snippet":"max-snippet:-1","max-image-preview":"max-image-preview:large","max-video-preview":"max-video-preview:-1"},"canonical":"https:\/\/www.bionis.fr\/produit\/entwicklungspresse-derivapress-200x200-mm\/","og_locale":"de_DE","og_type":"article","og_title":"Entwicklungspresse Derivapress 200x200 mm - Bionis","og_description":"Referenz: DC07-T0020  Derivapress (ein patentiertes Verfahren) erm\u00f6glicht dasAufbringen von Derivatisierungsreagenz auf Chromatographieplatten, indem eine mit Reagenz getr\u00e4nkte Schaumstoffmembran zusammengedr\u00fcckt wird. Die einfache und schnelle Handhabung erfolgt unter sicheren Bedingungen f\u00fcr den Benutzer und die Umwelt. Um das Reagenz zu wechseln, muss man nur den Schaumstoff(Derivamouss) wechseln. Niedrige Kosten. Kann mit Platten bis zu 200 x 200 mm verwendet werden. In der Maschine waschbar. Wird mit einem Satz Schaumstoff geliefert","og_url":"https:\/\/www.bionis.fr\/produit\/entwicklungspresse-derivapress-200x200-mm\/","og_site_name":"Bionis","twitter_card":"summary_large_image","schema":{"@context":"https:\/\/schema.org","@graph":[{"@type":"WebPage","@id":"https:\/\/www.bionis.fr\/produit\/entwicklungspresse-derivapress-200x200-mm\/","url":"https:\/\/www.bionis.fr\/produit\/entwicklungspresse-derivapress-200x200-mm\/","name":"Entwicklungspresse Derivapress 200x200 mm - Bionis","isPartOf":{"@id":"https:\/\/www.bionis.fr\/#website"},"primaryImageOfPage":{"@id":"https:\/\/www.bionis.fr\/produit\/entwicklungspresse-derivapress-200x200-mm\/#primaryimage"},"image":{"@id":"https:\/\/www.bionis.fr\/produit\/entwicklungspresse-derivapress-200x200-mm\/#primaryimage"},"thumbnailUrl":"https:\/\/www.bionis.fr\/wp-content\/uploads\/2020\/07\/presse-developpement-derivapress.png","datePublished":"2020-07-28T09:44:18+00:00","description":"Referenz: DC07-T0020 Derivapress (ein patentiertes Verfahren) erm\u00f6glicht dasAufbringen von Derivatisierungsreagenz auf Chromatographieplatten, indem eine mit Reagenz getr\u00e4nkte Schaumstoffmembran zusammengedr\u00fcckt wird. Die einfache und schnelle Handhabung erfolgt unter sicheren Bedingungen f\u00fcr den Benutzer und die Umwelt. Um das Reagenz zu wechseln, muss man nur den Schaumstoff(Derivamouss) wechseln. Niedrige Kosten. Kann mit Platten bis zu 200 x 200 mm verwendet werden. In der Maschine waschbar. Wird mit einem Satz Schaumstoff geliefert","breadcrumb":{"@id":"https:\/\/www.bionis.fr\/produit\/entwicklungspresse-derivapress-200x200-mm\/#breadcrumb"},"inLanguage":"de","potentialAction":[{"@type":"ReadAction","target":["https:\/\/www.bionis.fr\/produit\/entwicklungspresse-derivapress-200x200-mm\/"]}]},{"@type":"ImageObject","inLanguage":"de","@id":"https:\/\/www.bionis.fr\/produit\/entwicklungspresse-derivapress-200x200-mm\/#primaryimage","url":"https:\/\/www.bionis.fr\/wp-content\/uploads\/2020\/07\/presse-developpement-derivapress.png","contentUrl":"https:\/\/www.bionis.fr\/wp-content\/uploads\/2020\/07\/presse-developpement-derivapress.png","width":700,"height":700},{"@type":"BreadcrumbList","@id":"https:\/\/www.bionis.fr\/produit\/entwicklungspresse-derivapress-200x200-mm\/#breadcrumb","itemListElement":[{"@type":"ListItem","position":1,"name":"Accueil","item":"https:\/\/www.bionis.fr\/"},{"@type":"ListItem","position":2,"name":"Shop","item":"https:\/\/www.bionis.fr\/de\/shop\/"},{"@type":"ListItem","position":3,"name":"Entwicklungspresse Derivapress 200&#215;200 mm"}]},{"@type":"WebSite","@id":"https:\/\/www.bionis.fr\/#website","url":"https:\/\/www.bionis.fr\/","name":"Bionis","description":"Die D\u00fcnnschichtchromatographie-L\u00f6sung","publisher":{"@id":"https:\/\/www.bionis.fr\/#organization"},"potentialAction":[{"@type":"SearchAction","target":{"@type":"EntryPoint","urlTemplate":"https:\/\/www.bionis.fr\/?s={search_term_string}"},"query-input":{"@type":"PropertyValueSpecification","valueRequired":true,"valueName":"search_term_string"}}],"inLanguage":"de"},{"@type":"Organization","@id":"https:\/\/www.bionis.fr\/#organization","name":"Bionis","url":"https:\/\/www.bionis.fr\/","logo":{"@type":"ImageObject","inLanguage":"de","@id":"https:\/\/www.bionis.fr\/#\/schema\/logo\/image\/","url":"https:\/\/www.bionis.fr\/wp-content\/uploads\/2020\/07\/bionis-logo.png","contentUrl":"https:\/\/www.bionis.fr\/wp-content\/uploads\/2020\/07\/bionis-logo.png","width":500,"height":125,"caption":"Bionis"},"image":{"@id":"https:\/\/www.bionis.fr\/#\/schema\/logo\/image\/"},"sameAs":["https:\/\/www.linkedin.com\/company\/bionis-sas?originalSubdomain=fr"]}]}},"_links":{"self":[{"href":"https:\/\/www.bionis.fr\/de\/wp-json\/wp\/v2\/product\/5790","targetHints":{"allow":["GET"]}}],"collection":[{"href":"https:\/\/www.bionis.fr\/de\/wp-json\/wp\/v2\/product"}],"about":[{"href":"https:\/\/www.bionis.fr\/de\/wp-json\/wp\/v2\/types\/product"}],"wp:featuredmedia":[{"embeddable":true,"href":"https:\/\/www.bionis.fr\/de\/wp-json\/wp\/v2\/media\/3562"}],"wp:attachment":[{"href":"https:\/\/www.bionis.fr\/de\/wp-json\/wp\/v2\/media?parent=5790"}],"wp:term":[{"taxonomy":"product_brand","embeddable":true,"href":"https:\/\/www.bionis.fr\/de\/wp-json\/wp\/v2\/product_brand?post=5790"},{"taxonomy":"product_cat","embeddable":true,"href":"https:\/\/www.bionis.fr\/de\/wp-json\/wp\/v2\/product_cat?post=5790"},{"taxonomy":"product_tag","embeddable":true,"href":"https:\/\/www.bionis.fr\/de\/wp-json\/wp\/v2\/product_tag?post=5790"}],"curies":[{"name":"wp","href":"https:\/\/api.w.org\/{rel}","templated":true}]}}