{"id":5883,"date":"2020-08-01T19:21:13","date_gmt":"2020-08-01T17:21:13","guid":{"rendered":"https:\/\/www.bionis.fr\/produit\/hp-uvis-nxg-tlc-viewer\/"},"modified":"2023-09-17T09:32:08","modified_gmt":"2023-09-17T07:32:08","slug":"tlc-betrachter-ccm-hp-uvis-nxg","status":"publish","type":"product","link":"https:\/\/www.bionis.fr\/de\/produit\/tlc-betrachter-ccm-hp-uvis-nxg\/","title":{"rendered":"HP-UVis NxG TLC-Viewer"},"content":{"rendered":"<p>Der HP-UVis NxG TLC-Viewer verf\u00fcgt \u00fcber<strong> UV-Quecksilberdampflampen mit 254, 310, 345 und 366 nm<\/strong>, die eine Vielzahl von Beobachtungsm\u00f6glichkeiten bieten.<\/p>\n<p>Er erfordert keine Dunkelkammer.<\/p>\n<p>Um den Kontrast zu erh\u00f6hen, ist es wichtig, das sichtbare Licht mit einem <strong>speziellen Filter<\/strong> herauszufiltern.<\/p>\n<p>Bei <strong>254 nm<\/strong> enthalten die Substanzen auf den<strong> TLC\/HPTLC-Platten<\/strong> einen Fluoreszenzindikator, der auf einem <strong>hellen <\/strong>fluoreszierenden Hintergrund <strong>dunkel<\/strong> erscheint.<\/p>\n<p>Mit dieser Art von Hochenergielampen k\u00f6nnen Substanzen im <strong>Nanogrammbereich<\/strong> aufgesp\u00fcrt werden.<\/p>\n<p><img fetchpriority=\"high\" decoding=\"async\" class=\"alignnone size-full wp-image-2760\" src=\"https:\/\/www.bionis.fr\/wp-content\/uploads\/2020\/08\/HP-UVIS-2.0-longueurs-donde.png\" alt=\"\" width=\"343\" height=\"251\" \/><\/p>\n<p>Sie k\u00f6nnen eine der Lampen des HP-UVis NxG TLC-Viewers bei Bedarf durch eine Wei\u00dflichtlampe ersetzen.<\/p>\n<p>Der HP-UVis NxG TLC-Betrachter ist mit einer neigbaren UV-Schutzplatte ausgestattet. Die Benutzer k\u00f6nnen damit auf TLC- oder HPTLC-Platten arbeiten, (Bleistiftmarkierungen, pr\u00e4parative TLC&#8230;).<\/p>\n<p>Ein eingebautes Sicherheitssystem unterbricht die Stromversorgung der UV-Lampen, wenn die Neigung der Tischplatte 45\u00b0 \u00fcberschreitet.<\/p>\n<p><strong>Technische Spezifikationen<\/strong><\/p>\n<p>Erfassungsfl\u00e4che: 200 x 200 mm<\/p>\n<p>Abmessungen (T x H x B): 325 x 480 x 290 mm<\/p>\n<p>Gewicht: 11,5 kg<\/p>\n<p>Stromversorgung: 230V- 50Hz<\/p>\n<p>Laden Sie das Datenblatt herunter: <a href=\"https:\/\/www.bionis.fr\/wp-content\/uploads\/2022\/11\/HP-UVIS-2.0-Flyer-Bionis.pdf\">HP-UVIS 2.0 Flyer Bionis<\/a><\/p>\n","protected":false},"excerpt":{"rendered":"<p><span style=\"color: #000000;\"><a style=\"color: #000000;\" href=\"https:\/\/www.bionis.fr\/wp-content\/uploads\/2020\/08\/DE_Datasheet_HP-Uvis_NxG.pdf\">DOKUMENTATION HERUNTERLADEN<\/a><\/span><\/p>\n<p><strong>Referenz: BS147.001<\/strong><\/p>\n<p><strong>UV-Nachweismethoden <\/strong>geh\u00f6ren zu den empfindlichsten <strong>Nachweismethoden<\/strong>.<\/p>\n<p>Mit dem HP-UVis 2.0 TLC-Viewer k\u00f6nnen Sie zwischen 310 nm, 345 nm und 366 nm w\u00e4hlen oder alle drei Wellenl\u00e4ngen zusammen f\u00fcr Ihren Test verwenden.<\/p>\n<p>Bei <strong>366 nm<\/strong> k\u00f6nnen langwellige UV-Lampen <strong>fluoreszierende Substanzen<\/strong> auf dunkelfarbigem Hintergrund <strong>hervorheben <\/strong>.<\/p>\n<p>Je h\u00f6her die <strong>UV-Lumineszenz<\/strong>, desto empfindlicher ist die Methode.<\/p>\n","protected":false},"featured_media":5020,"template":"","meta":[],"product_brand":[],"product_cat":[182],"product_tag":[],"class_list":{"0":"post-5883","1":"product","2":"type-product","3":"status-publish","4":"has-post-thumbnail","6":"product_cat-visualisierung-von-platten","8":"first","9":"instock","10":"taxable","11":"shipping-taxable","12":"product-type-simple"},"yoast_head":"<!-- This site is optimized with the Yoast SEO plugin v27.5 - https:\/\/yoast.com\/product\/yoast-seo-wordpress\/ -->\n<title>Neu HP-Uvis NxG<\/title>\n<meta name=\"description\" content=\"HP-UVis NxG TLC-Viewer mit UV-Lampen f\u00fcr 310 nm, 345 nm und 366 nm und einer neigbaren UV-Schutzplatte.\" \/>\n<meta name=\"robots\" content=\"index, follow, max-snippet:-1, max-image-preview:large, max-video-preview:-1\" \/>\n<link rel=\"canonical\" href=\"https:\/\/www.bionis.fr\/de\/produit\/tlc-betrachter-ccm-hp-uvis-nxg\/\" \/>\n<meta property=\"og:locale\" content=\"de_DE\" \/>\n<meta property=\"og:type\" content=\"article\" \/>\n<meta property=\"og:title\" content=\"Neu HP-Uvis NxG\" \/>\n<meta property=\"og:description\" content=\"HP-UVis NxG TLC-Viewer mit UV-Lampen f\u00fcr 310 nm, 345 nm und 366 nm und einer neigbaren UV-Schutzplatte.\" \/>\n<meta property=\"og:url\" content=\"https:\/\/www.bionis.fr\/de\/produit\/tlc-betrachter-ccm-hp-uvis-nxg\/\" \/>\n<meta property=\"og:site_name\" content=\"Bionis\" \/>\n<meta property=\"article:modified_time\" content=\"2023-09-17T07:32:08+00:00\" \/>\n<meta property=\"og:image\" content=\"https:\/\/www.bionis.fr\/wp-content\/uploads\/2020\/08\/700x700-HP-UVIS-2.0.png\" \/>\n\t<meta property=\"og:image:width\" content=\"700\" \/>\n\t<meta property=\"og:image:height\" content=\"700\" \/>\n\t<meta property=\"og:image:type\" content=\"image\/png\" \/>\n<meta name=\"twitter:card\" content=\"summary_large_image\" \/>\n<meta name=\"twitter:label1\" content=\"Gesch\u00e4tzte Lesezeit\" \/>\n\t<meta name=\"twitter:data1\" content=\"1\u00a0Minute\" \/>\n<script type=\"application\/ld+json\" class=\"yoast-schema-graph\">{\"@context\":\"https:\\\/\\\/schema.org\",\"@graph\":[{\"@type\":\"WebPage\",\"@id\":\"https:\\\/\\\/www.bionis.fr\\\/de\\\/produit\\\/tlc-betrachter-ccm-hp-uvis-nxg\\\/\",\"url\":\"https:\\\/\\\/www.bionis.fr\\\/de\\\/produit\\\/tlc-betrachter-ccm-hp-uvis-nxg\\\/\",\"name\":\"Neu HP-Uvis NxG\",\"isPartOf\":{\"@id\":\"https:\\\/\\\/www.bionis.fr\\\/#website\"},\"primaryImageOfPage\":{\"@id\":\"https:\\\/\\\/www.bionis.fr\\\/de\\\/produit\\\/tlc-betrachter-ccm-hp-uvis-nxg\\\/#primaryimage\"},\"image\":{\"@id\":\"https:\\\/\\\/www.bionis.fr\\\/de\\\/produit\\\/tlc-betrachter-ccm-hp-uvis-nxg\\\/#primaryimage\"},\"thumbnailUrl\":\"https:\\\/\\\/www.bionis.fr\\\/wp-content\\\/uploads\\\/2020\\\/08\\\/700x700-HP-UVIS-2.0.png\",\"datePublished\":\"2020-08-01T17:21:13+00:00\",\"dateModified\":\"2023-09-17T07:32:08+00:00\",\"description\":\"HP-UVis NxG TLC-Viewer mit UV-Lampen f\u00fcr 310 nm, 345 nm und 366 nm und einer neigbaren UV-Schutzplatte.\",\"breadcrumb\":{\"@id\":\"https:\\\/\\\/www.bionis.fr\\\/de\\\/produit\\\/tlc-betrachter-ccm-hp-uvis-nxg\\\/#breadcrumb\"},\"inLanguage\":\"de\",\"potentialAction\":[{\"@type\":\"ReadAction\",\"target\":[\"https:\\\/\\\/www.bionis.fr\\\/de\\\/produit\\\/tlc-betrachter-ccm-hp-uvis-nxg\\\/\"]}]},{\"@type\":\"ImageObject\",\"inLanguage\":\"de\",\"@id\":\"https:\\\/\\\/www.bionis.fr\\\/de\\\/produit\\\/tlc-betrachter-ccm-hp-uvis-nxg\\\/#primaryimage\",\"url\":\"https:\\\/\\\/www.bionis.fr\\\/wp-content\\\/uploads\\\/2020\\\/08\\\/700x700-HP-UVIS-2.0.png\",\"contentUrl\":\"https:\\\/\\\/www.bionis.fr\\\/wp-content\\\/uploads\\\/2020\\\/08\\\/700x700-HP-UVIS-2.0.png\",\"width\":700,\"height\":700,\"caption\":\"Visualizer HP-UVis NxG\"},{\"@type\":\"BreadcrumbList\",\"@id\":\"https:\\\/\\\/www.bionis.fr\\\/de\\\/produit\\\/tlc-betrachter-ccm-hp-uvis-nxg\\\/#breadcrumb\",\"itemListElement\":[{\"@type\":\"ListItem\",\"position\":1,\"name\":\"Accueil\",\"item\":\"https:\\\/\\\/www.bionis.fr\\\/\"},{\"@type\":\"ListItem\",\"position\":2,\"name\":\"Shop\",\"item\":\"https:\\\/\\\/www.bionis.fr\\\/de\\\/shop\\\/\"},{\"@type\":\"ListItem\",\"position\":3,\"name\":\"HP-UVis NxG TLC-Viewer\"}]},{\"@type\":\"WebSite\",\"@id\":\"https:\\\/\\\/www.bionis.fr\\\/#website\",\"url\":\"https:\\\/\\\/www.bionis.fr\\\/\",\"name\":\"Bionis\",\"description\":\"Die D\u00fcnnschichtchromatographie-L\u00f6sung\",\"publisher\":{\"@id\":\"https:\\\/\\\/www.bionis.fr\\\/#organization\"},\"potentialAction\":[{\"@type\":\"SearchAction\",\"target\":{\"@type\":\"EntryPoint\",\"urlTemplate\":\"https:\\\/\\\/www.bionis.fr\\\/?s={search_term_string}\"},\"query-input\":{\"@type\":\"PropertyValueSpecification\",\"valueRequired\":true,\"valueName\":\"search_term_string\"}}],\"inLanguage\":\"de\"},{\"@type\":\"Organization\",\"@id\":\"https:\\\/\\\/www.bionis.fr\\\/#organization\",\"name\":\"Bionis\",\"url\":\"https:\\\/\\\/www.bionis.fr\\\/\",\"logo\":{\"@type\":\"ImageObject\",\"inLanguage\":\"de\",\"@id\":\"https:\\\/\\\/www.bionis.fr\\\/#\\\/schema\\\/logo\\\/image\\\/\",\"url\":\"https:\\\/\\\/www.bionis.fr\\\/wp-content\\\/uploads\\\/2020\\\/07\\\/bionis-logo.png\",\"contentUrl\":\"https:\\\/\\\/www.bionis.fr\\\/wp-content\\\/uploads\\\/2020\\\/07\\\/bionis-logo.png\",\"width\":500,\"height\":125,\"caption\":\"Bionis\"},\"image\":{\"@id\":\"https:\\\/\\\/www.bionis.fr\\\/#\\\/schema\\\/logo\\\/image\\\/\"},\"sameAs\":[\"https:\\\/\\\/www.linkedin.com\\\/company\\\/bionis-sas?originalSubdomain=fr\"]}]}<\/script>\n<!-- \/ Yoast SEO plugin. -->","yoast_head_json":{"title":"Neu HP-Uvis NxG","description":"HP-UVis NxG TLC-Viewer mit UV-Lampen f\u00fcr 310 nm, 345 nm und 366 nm und einer neigbaren UV-Schutzplatte.","robots":{"index":"index","follow":"follow","max-snippet":"max-snippet:-1","max-image-preview":"max-image-preview:large","max-video-preview":"max-video-preview:-1"},"canonical":"https:\/\/www.bionis.fr\/de\/produit\/tlc-betrachter-ccm-hp-uvis-nxg\/","og_locale":"de_DE","og_type":"article","og_title":"Neu HP-Uvis NxG","og_description":"HP-UVis NxG TLC-Viewer mit UV-Lampen f\u00fcr 310 nm, 345 nm und 366 nm und einer neigbaren UV-Schutzplatte.","og_url":"https:\/\/www.bionis.fr\/de\/produit\/tlc-betrachter-ccm-hp-uvis-nxg\/","og_site_name":"Bionis","article_modified_time":"2023-09-17T07:32:08+00:00","og_image":[{"width":700,"height":700,"url":"https:\/\/www.bionis.fr\/wp-content\/uploads\/2020\/08\/700x700-HP-UVIS-2.0.png","type":"image\/png"}],"twitter_card":"summary_large_image","twitter_misc":{"Gesch\u00e4tzte Lesezeit":"1\u00a0Minute"},"schema":{"@context":"https:\/\/schema.org","@graph":[{"@type":"WebPage","@id":"https:\/\/www.bionis.fr\/de\/produit\/tlc-betrachter-ccm-hp-uvis-nxg\/","url":"https:\/\/www.bionis.fr\/de\/produit\/tlc-betrachter-ccm-hp-uvis-nxg\/","name":"Neu HP-Uvis NxG","isPartOf":{"@id":"https:\/\/www.bionis.fr\/#website"},"primaryImageOfPage":{"@id":"https:\/\/www.bionis.fr\/de\/produit\/tlc-betrachter-ccm-hp-uvis-nxg\/#primaryimage"},"image":{"@id":"https:\/\/www.bionis.fr\/de\/produit\/tlc-betrachter-ccm-hp-uvis-nxg\/#primaryimage"},"thumbnailUrl":"https:\/\/www.bionis.fr\/wp-content\/uploads\/2020\/08\/700x700-HP-UVIS-2.0.png","datePublished":"2020-08-01T17:21:13+00:00","dateModified":"2023-09-17T07:32:08+00:00","description":"HP-UVis NxG TLC-Viewer mit UV-Lampen f\u00fcr 310 nm, 345 nm und 366 nm und einer neigbaren UV-Schutzplatte.","breadcrumb":{"@id":"https:\/\/www.bionis.fr\/de\/produit\/tlc-betrachter-ccm-hp-uvis-nxg\/#breadcrumb"},"inLanguage":"de","potentialAction":[{"@type":"ReadAction","target":["https:\/\/www.bionis.fr\/de\/produit\/tlc-betrachter-ccm-hp-uvis-nxg\/"]}]},{"@type":"ImageObject","inLanguage":"de","@id":"https:\/\/www.bionis.fr\/de\/produit\/tlc-betrachter-ccm-hp-uvis-nxg\/#primaryimage","url":"https:\/\/www.bionis.fr\/wp-content\/uploads\/2020\/08\/700x700-HP-UVIS-2.0.png","contentUrl":"https:\/\/www.bionis.fr\/wp-content\/uploads\/2020\/08\/700x700-HP-UVIS-2.0.png","width":700,"height":700,"caption":"Visualizer HP-UVis NxG"},{"@type":"BreadcrumbList","@id":"https:\/\/www.bionis.fr\/de\/produit\/tlc-betrachter-ccm-hp-uvis-nxg\/#breadcrumb","itemListElement":[{"@type":"ListItem","position":1,"name":"Accueil","item":"https:\/\/www.bionis.fr\/"},{"@type":"ListItem","position":2,"name":"Shop","item":"https:\/\/www.bionis.fr\/de\/shop\/"},{"@type":"ListItem","position":3,"name":"HP-UVis NxG TLC-Viewer"}]},{"@type":"WebSite","@id":"https:\/\/www.bionis.fr\/#website","url":"https:\/\/www.bionis.fr\/","name":"Bionis","description":"Die D\u00fcnnschichtchromatographie-L\u00f6sung","publisher":{"@id":"https:\/\/www.bionis.fr\/#organization"},"potentialAction":[{"@type":"SearchAction","target":{"@type":"EntryPoint","urlTemplate":"https:\/\/www.bionis.fr\/?s={search_term_string}"},"query-input":{"@type":"PropertyValueSpecification","valueRequired":true,"valueName":"search_term_string"}}],"inLanguage":"de"},{"@type":"Organization","@id":"https:\/\/www.bionis.fr\/#organization","name":"Bionis","url":"https:\/\/www.bionis.fr\/","logo":{"@type":"ImageObject","inLanguage":"de","@id":"https:\/\/www.bionis.fr\/#\/schema\/logo\/image\/","url":"https:\/\/www.bionis.fr\/wp-content\/uploads\/2020\/07\/bionis-logo.png","contentUrl":"https:\/\/www.bionis.fr\/wp-content\/uploads\/2020\/07\/bionis-logo.png","width":500,"height":125,"caption":"Bionis"},"image":{"@id":"https:\/\/www.bionis.fr\/#\/schema\/logo\/image\/"},"sameAs":["https:\/\/www.linkedin.com\/company\/bionis-sas?originalSubdomain=fr"]}]}},"_links":{"self":[{"href":"https:\/\/www.bionis.fr\/de\/wp-json\/wp\/v2\/product\/5883","targetHints":{"allow":["GET"]}}],"collection":[{"href":"https:\/\/www.bionis.fr\/de\/wp-json\/wp\/v2\/product"}],"about":[{"href":"https:\/\/www.bionis.fr\/de\/wp-json\/wp\/v2\/types\/product"}],"wp:featuredmedia":[{"embeddable":true,"href":"https:\/\/www.bionis.fr\/de\/wp-json\/wp\/v2\/media\/5020"}],"wp:attachment":[{"href":"https:\/\/www.bionis.fr\/de\/wp-json\/wp\/v2\/media?parent=5883"}],"wp:term":[{"taxonomy":"product_brand","embeddable":true,"href":"https:\/\/www.bionis.fr\/de\/wp-json\/wp\/v2\/product_brand?post=5883"},{"taxonomy":"product_cat","embeddable":true,"href":"https:\/\/www.bionis.fr\/de\/wp-json\/wp\/v2\/product_cat?post=5883"},{"taxonomy":"product_tag","embeddable":true,"href":"https:\/\/www.bionis.fr\/de\/wp-json\/wp\/v2\/product_tag?post=5883"}],"curies":[{"name":"wp","href":"https:\/\/api.w.org\/{rel}","templated":true}]}}