{"id":7175,"date":"2024-03-21T10:45:07","date_gmt":"2024-03-21T09:45:07","guid":{"rendered":"https:\/\/www.bionis.fr\/?post_type=product&#038;p=7175"},"modified":"2024-06-25T17:12:08","modified_gmt":"2024-06-25T15:12:08","slug":"standard-tlc-trennkammer-100x100mm-mit-knopfdeckel-copie","status":"publish","type":"product","link":"https:\/\/www.bionis.fr\/de\/produit\/standard-tlc-trennkammer-100x100mm-mit-knopfdeckel-copie\/","title":{"rendered":"Standard TLC-Trennkammer 100x100mm mit\u00a0Knopfdeckel"},"content":{"rendered":"<p><strong>Standard TLC-Trennkammer 100x100mm<\/strong><\/p>\n<p>Die <strong>Standard TLC-Trennkammer 100x100mm<\/strong>\u00a0mit\u00a0Knopfdeckel wird f\u00fcr <strong>TLC-Platten<\/strong> bis zum Format 100x100mm verwendet.<\/p>\n<p>Besondere Merkmale dieser Trennkammer sind der flache Rand des Flansches und der gerillte Boden der Kammer. Der Knopfdeckel aus Glas dichtet den Trennraum ab. Ein einfacher Glasdeckel ist ebenfalls erh\u00e4ltlich.<\/p>\n<p>Nach dem Auftragen der Probe und\/oder des Standards findet der Trennungsprozess statt, um die Bestandteile der aufgetragenen Substanzen zu entdecken. Um dieses Ziel zu erreichen, m\u00fcssen die Trennkammern mehrere Anforderungen erf\u00fcllen:<br \/>\n&#8211; Sie m\u00fcssen die mobile Phase enthalten und sie zur absorbierenden Schicht bringen.<br \/>\n&#8211; Sie m\u00fcssen mit einem dicht schlie\u00dfenden Deckel versehen sein, um sicherzustellen, dass die Gaskammer bei Bedarf mit L\u00f6sungsmitteld\u00e4mpfen ges\u00e4ttigt werden kann (Arbeit mit der Kammers\u00e4ttigung).<br \/>\n&#8211; Die Front des L\u00f6sungsmittels muss beobachtet werden, weshalb ein durchsichtiges Material wichtig ist.<br \/>\n&#8211; Das Material sollte chemisch best\u00e4ndig und leicht zu reinigen sein.<\/p>\n<p><strong>TLC-Trennkammer Standard<\/strong> 100x100mm <strong>mit Knopfdeckel<\/strong> erf\u00fcllt alle diese Anforderungen.<\/p>\n<p>Sie wird meist in Verbindung mit einem <a href=\"https:\/\/www.bionis.fr\/de\/produit\/filter-papier-fur-tank-sattigung-460x190-mm\/\">TLC-Filterpapier<\/a> verwendet, um eine bessere und schnellere S\u00e4ttigung der Athmosp\u00e4re des Tanks zu erreichen.<\/p>\n","protected":false},"excerpt":{"rendered":"<p><strong>Referenz: BS120.214<\/strong><\/p>\n<p>Dies ist der am h\u00e4ufigsten verwendete Referenztank.<\/p>\n<p>Wanne aus Borosilikatglas 3.3 mit glatten Kanten und flachem Boden.<\/p>\n<p>Deckel mit Knopf f\u00fcr einfache Handhabung.<\/p>\n<p>F\u00fcr TLC\/HPTLC-Platten bis 100x100mm<\/p>\n<p>Achtung: Nur zur Lagerung und Reinigung von TLC-Platten geeignet. Nicht geeignet f\u00fcr die Verwendung mit Reagenzien.<\/p>\n","protected":false},"featured_media":7319,"template":"","meta":[],"product_brand":[],"product_cat":[226],"product_tag":[],"class_list":{"0":"post-7175","1":"product","2":"type-product","3":"status-publish","4":"has-post-thumbnail","6":"product_cat-nano-trennwannen","8":"first","9":"instock","10":"taxable","11":"shipping-taxable","12":"product-type-simple"},"yoast_head":"<!-- This site is optimized with the Yoast SEO plugin v27.5 - https:\/\/yoast.com\/product\/yoast-seo-wordpress\/ -->\n<title>Standard TLC-Trennkammer 100x100mm mit\u00a0Knopfdeckel - Bionis<\/title>\n<meta name=\"description\" content=\"Standard TLC-Trennkammer 100x100mm - Wanne aus Borosilikatglas 3.3 ist die Trennkammer, die die D\u00fcnnschichtchromatographie weltweit begleitet.\" \/>\n<meta name=\"robots\" content=\"index, follow, max-snippet:-1, max-image-preview:large, max-video-preview:-1\" \/>\n<link rel=\"canonical\" href=\"https:\/\/www.bionis.fr\/de\/produit\/standard-tlc-trennkammer-100x100mm-mit-knopfdeckel-copie\/\" \/>\n<meta property=\"og:locale\" content=\"de_DE\" \/>\n<meta property=\"og:type\" content=\"article\" \/>\n<meta property=\"og:title\" content=\"Standard TLC-Trennkammer 100x100mm mit\u00a0Knopfdeckel - Bionis\" \/>\n<meta property=\"og:description\" content=\"Standard TLC-Trennkammer 100x100mm - Wanne aus Borosilikatglas 3.3 ist die Trennkammer, die die D\u00fcnnschichtchromatographie weltweit begleitet.\" \/>\n<meta property=\"og:url\" content=\"https:\/\/www.bionis.fr\/de\/produit\/standard-tlc-trennkammer-100x100mm-mit-knopfdeckel-copie\/\" \/>\n<meta property=\"og:site_name\" content=\"Bionis\" \/>\n<meta property=\"article:modified_time\" content=\"2024-06-25T15:12:08+00:00\" \/>\n<meta property=\"og:image\" content=\"https:\/\/www.bionis.fr\/wp-content\/uploads\/2024\/03\/700x700BS120_210A.png\" \/>\n\t<meta property=\"og:image:width\" content=\"700\" \/>\n\t<meta property=\"og:image:height\" content=\"700\" \/>\n\t<meta property=\"og:image:type\" content=\"image\/png\" \/>\n<meta name=\"twitter:card\" content=\"summary_large_image\" \/>\n<meta name=\"twitter:label1\" content=\"Gesch\u00e4tzte Lesezeit\" \/>\n\t<meta name=\"twitter:data1\" content=\"2\u00a0Minuten\" \/>\n<script type=\"application\/ld+json\" class=\"yoast-schema-graph\">{\"@context\":\"https:\\\/\\\/schema.org\",\"@graph\":[{\"@type\":\"WebPage\",\"@id\":\"https:\\\/\\\/www.bionis.fr\\\/de\\\/produit\\\/standard-tlc-trennkammer-100x100mm-mit-knopfdeckel-copie\\\/\",\"url\":\"https:\\\/\\\/www.bionis.fr\\\/de\\\/produit\\\/standard-tlc-trennkammer-100x100mm-mit-knopfdeckel-copie\\\/\",\"name\":\"Standard TLC-Trennkammer 100x100mm mit\u00a0Knopfdeckel - Bionis\",\"isPartOf\":{\"@id\":\"https:\\\/\\\/www.bionis.fr\\\/#website\"},\"primaryImageOfPage\":{\"@id\":\"https:\\\/\\\/www.bionis.fr\\\/de\\\/produit\\\/standard-tlc-trennkammer-100x100mm-mit-knopfdeckel-copie\\\/#primaryimage\"},\"image\":{\"@id\":\"https:\\\/\\\/www.bionis.fr\\\/de\\\/produit\\\/standard-tlc-trennkammer-100x100mm-mit-knopfdeckel-copie\\\/#primaryimage\"},\"thumbnailUrl\":\"https:\\\/\\\/www.bionis.fr\\\/wp-content\\\/uploads\\\/2024\\\/03\\\/bs120_210.png\",\"datePublished\":\"2024-03-21T09:45:07+00:00\",\"dateModified\":\"2024-06-25T15:12:08+00:00\",\"description\":\"Standard TLC-Trennkammer 100x100mm - Wanne aus Borosilikatglas 3.3 ist die Trennkammer, die die D\u00fcnnschichtchromatographie weltweit begleitet.\",\"breadcrumb\":{\"@id\":\"https:\\\/\\\/www.bionis.fr\\\/de\\\/produit\\\/standard-tlc-trennkammer-100x100mm-mit-knopfdeckel-copie\\\/#breadcrumb\"},\"inLanguage\":\"de\",\"potentialAction\":[{\"@type\":\"ReadAction\",\"target\":[\"https:\\\/\\\/www.bionis.fr\\\/de\\\/produit\\\/standard-tlc-trennkammer-100x100mm-mit-knopfdeckel-copie\\\/\"]}]},{\"@type\":\"ImageObject\",\"inLanguage\":\"de\",\"@id\":\"https:\\\/\\\/www.bionis.fr\\\/de\\\/produit\\\/standard-tlc-trennkammer-100x100mm-mit-knopfdeckel-copie\\\/#primaryimage\",\"url\":\"https:\\\/\\\/www.bionis.fr\\\/wp-content\\\/uploads\\\/2024\\\/03\\\/bs120_210.png\",\"contentUrl\":\"https:\\\/\\\/www.bionis.fr\\\/wp-content\\\/uploads\\\/2024\\\/03\\\/bs120_210.png\",\"width\":1000,\"height\":1003},{\"@type\":\"BreadcrumbList\",\"@id\":\"https:\\\/\\\/www.bionis.fr\\\/de\\\/produit\\\/standard-tlc-trennkammer-100x100mm-mit-knopfdeckel-copie\\\/#breadcrumb\",\"itemListElement\":[{\"@type\":\"ListItem\",\"position\":1,\"name\":\"Accueil\",\"item\":\"https:\\\/\\\/www.bionis.fr\\\/\"},{\"@type\":\"ListItem\",\"position\":2,\"name\":\"Shop\",\"item\":\"https:\\\/\\\/www.bionis.fr\\\/de\\\/shop\\\/\"},{\"@type\":\"ListItem\",\"position\":3,\"name\":\"Standard TLC-Trennkammer 100x100mm mit\u00a0Knopfdeckel\"}]},{\"@type\":\"WebSite\",\"@id\":\"https:\\\/\\\/www.bionis.fr\\\/#website\",\"url\":\"https:\\\/\\\/www.bionis.fr\\\/\",\"name\":\"Bionis\",\"description\":\"Die D\u00fcnnschichtchromatographie-L\u00f6sung\",\"publisher\":{\"@id\":\"https:\\\/\\\/www.bionis.fr\\\/#organization\"},\"potentialAction\":[{\"@type\":\"SearchAction\",\"target\":{\"@type\":\"EntryPoint\",\"urlTemplate\":\"https:\\\/\\\/www.bionis.fr\\\/?s={search_term_string}\"},\"query-input\":{\"@type\":\"PropertyValueSpecification\",\"valueRequired\":true,\"valueName\":\"search_term_string\"}}],\"inLanguage\":\"de\"},{\"@type\":\"Organization\",\"@id\":\"https:\\\/\\\/www.bionis.fr\\\/#organization\",\"name\":\"Bionis\",\"url\":\"https:\\\/\\\/www.bionis.fr\\\/\",\"logo\":{\"@type\":\"ImageObject\",\"inLanguage\":\"de\",\"@id\":\"https:\\\/\\\/www.bionis.fr\\\/#\\\/schema\\\/logo\\\/image\\\/\",\"url\":\"https:\\\/\\\/www.bionis.fr\\\/wp-content\\\/uploads\\\/2020\\\/07\\\/bionis-logo.png\",\"contentUrl\":\"https:\\\/\\\/www.bionis.fr\\\/wp-content\\\/uploads\\\/2020\\\/07\\\/bionis-logo.png\",\"width\":500,\"height\":125,\"caption\":\"Bionis\"},\"image\":{\"@id\":\"https:\\\/\\\/www.bionis.fr\\\/#\\\/schema\\\/logo\\\/image\\\/\"},\"sameAs\":[\"https:\\\/\\\/www.linkedin.com\\\/company\\\/bionis-sas?originalSubdomain=fr\"]}]}<\/script>\n<!-- \/ Yoast SEO plugin. -->","yoast_head_json":{"title":"Standard TLC-Trennkammer 100x100mm mit\u00a0Knopfdeckel - Bionis","description":"Standard TLC-Trennkammer 100x100mm - Wanne aus Borosilikatglas 3.3 ist die Trennkammer, die die D\u00fcnnschichtchromatographie weltweit begleitet.","robots":{"index":"index","follow":"follow","max-snippet":"max-snippet:-1","max-image-preview":"max-image-preview:large","max-video-preview":"max-video-preview:-1"},"canonical":"https:\/\/www.bionis.fr\/de\/produit\/standard-tlc-trennkammer-100x100mm-mit-knopfdeckel-copie\/","og_locale":"de_DE","og_type":"article","og_title":"Standard TLC-Trennkammer 100x100mm mit\u00a0Knopfdeckel - Bionis","og_description":"Standard TLC-Trennkammer 100x100mm - Wanne aus Borosilikatglas 3.3 ist die Trennkammer, die die D\u00fcnnschichtchromatographie weltweit begleitet.","og_url":"https:\/\/www.bionis.fr\/de\/produit\/standard-tlc-trennkammer-100x100mm-mit-knopfdeckel-copie\/","og_site_name":"Bionis","article_modified_time":"2024-06-25T15:12:08+00:00","og_image":[{"width":700,"height":700,"url":"https:\/\/www.bionis.fr\/wp-content\/uploads\/2024\/03\/700x700BS120_210A.png","type":"image\/png"}],"twitter_card":"summary_large_image","twitter_misc":{"Gesch\u00e4tzte Lesezeit":"2\u00a0Minuten"},"schema":{"@context":"https:\/\/schema.org","@graph":[{"@type":"WebPage","@id":"https:\/\/www.bionis.fr\/de\/produit\/standard-tlc-trennkammer-100x100mm-mit-knopfdeckel-copie\/","url":"https:\/\/www.bionis.fr\/de\/produit\/standard-tlc-trennkammer-100x100mm-mit-knopfdeckel-copie\/","name":"Standard TLC-Trennkammer 100x100mm mit\u00a0Knopfdeckel - Bionis","isPartOf":{"@id":"https:\/\/www.bionis.fr\/#website"},"primaryImageOfPage":{"@id":"https:\/\/www.bionis.fr\/de\/produit\/standard-tlc-trennkammer-100x100mm-mit-knopfdeckel-copie\/#primaryimage"},"image":{"@id":"https:\/\/www.bionis.fr\/de\/produit\/standard-tlc-trennkammer-100x100mm-mit-knopfdeckel-copie\/#primaryimage"},"thumbnailUrl":"https:\/\/www.bionis.fr\/wp-content\/uploads\/2024\/03\/bs120_210.png","datePublished":"2024-03-21T09:45:07+00:00","dateModified":"2024-06-25T15:12:08+00:00","description":"Standard TLC-Trennkammer 100x100mm - Wanne aus Borosilikatglas 3.3 ist die Trennkammer, die die D\u00fcnnschichtchromatographie weltweit begleitet.","breadcrumb":{"@id":"https:\/\/www.bionis.fr\/de\/produit\/standard-tlc-trennkammer-100x100mm-mit-knopfdeckel-copie\/#breadcrumb"},"inLanguage":"de","potentialAction":[{"@type":"ReadAction","target":["https:\/\/www.bionis.fr\/de\/produit\/standard-tlc-trennkammer-100x100mm-mit-knopfdeckel-copie\/"]}]},{"@type":"ImageObject","inLanguage":"de","@id":"https:\/\/www.bionis.fr\/de\/produit\/standard-tlc-trennkammer-100x100mm-mit-knopfdeckel-copie\/#primaryimage","url":"https:\/\/www.bionis.fr\/wp-content\/uploads\/2024\/03\/bs120_210.png","contentUrl":"https:\/\/www.bionis.fr\/wp-content\/uploads\/2024\/03\/bs120_210.png","width":1000,"height":1003},{"@type":"BreadcrumbList","@id":"https:\/\/www.bionis.fr\/de\/produit\/standard-tlc-trennkammer-100x100mm-mit-knopfdeckel-copie\/#breadcrumb","itemListElement":[{"@type":"ListItem","position":1,"name":"Accueil","item":"https:\/\/www.bionis.fr\/"},{"@type":"ListItem","position":2,"name":"Shop","item":"https:\/\/www.bionis.fr\/de\/shop\/"},{"@type":"ListItem","position":3,"name":"Standard TLC-Trennkammer 100x100mm mit\u00a0Knopfdeckel"}]},{"@type":"WebSite","@id":"https:\/\/www.bionis.fr\/#website","url":"https:\/\/www.bionis.fr\/","name":"Bionis","description":"Die D\u00fcnnschichtchromatographie-L\u00f6sung","publisher":{"@id":"https:\/\/www.bionis.fr\/#organization"},"potentialAction":[{"@type":"SearchAction","target":{"@type":"EntryPoint","urlTemplate":"https:\/\/www.bionis.fr\/?s={search_term_string}"},"query-input":{"@type":"PropertyValueSpecification","valueRequired":true,"valueName":"search_term_string"}}],"inLanguage":"de"},{"@type":"Organization","@id":"https:\/\/www.bionis.fr\/#organization","name":"Bionis","url":"https:\/\/www.bionis.fr\/","logo":{"@type":"ImageObject","inLanguage":"de","@id":"https:\/\/www.bionis.fr\/#\/schema\/logo\/image\/","url":"https:\/\/www.bionis.fr\/wp-content\/uploads\/2020\/07\/bionis-logo.png","contentUrl":"https:\/\/www.bionis.fr\/wp-content\/uploads\/2020\/07\/bionis-logo.png","width":500,"height":125,"caption":"Bionis"},"image":{"@id":"https:\/\/www.bionis.fr\/#\/schema\/logo\/image\/"},"sameAs":["https:\/\/www.linkedin.com\/company\/bionis-sas?originalSubdomain=fr"]}]}},"_links":{"self":[{"href":"https:\/\/www.bionis.fr\/de\/wp-json\/wp\/v2\/product\/7175","targetHints":{"allow":["GET"]}}],"collection":[{"href":"https:\/\/www.bionis.fr\/de\/wp-json\/wp\/v2\/product"}],"about":[{"href":"https:\/\/www.bionis.fr\/de\/wp-json\/wp\/v2\/types\/product"}],"wp:featuredmedia":[{"embeddable":true,"href":"https:\/\/www.bionis.fr\/de\/wp-json\/wp\/v2\/media\/7319"}],"wp:attachment":[{"href":"https:\/\/www.bionis.fr\/de\/wp-json\/wp\/v2\/media?parent=7175"}],"wp:term":[{"taxonomy":"product_brand","embeddable":true,"href":"https:\/\/www.bionis.fr\/de\/wp-json\/wp\/v2\/product_brand?post=7175"},{"taxonomy":"product_cat","embeddable":true,"href":"https:\/\/www.bionis.fr\/de\/wp-json\/wp\/v2\/product_cat?post=7175"},{"taxonomy":"product_tag","embeddable":true,"href":"https:\/\/www.bionis.fr\/de\/wp-json\/wp\/v2\/product_tag?post=7175"}],"curies":[{"name":"wp","href":"https:\/\/api.w.org\/{rel}","templated":true}]}}