{"id":7702,"date":"2026-02-25T09:21:54","date_gmt":"2026-02-25T08:21:54","guid":{"rendered":"https:\/\/www.bionis.fr\/produit\/hptlc-bildaufnahmesystem-providoc-dd90\/"},"modified":"2026-03-11T11:13:31","modified_gmt":"2026-03-11T10:13:31","slug":"hptlc-bildaufnahmesystem-providoc-dd90","status":"publish","type":"product","link":"https:\/\/www.bionis.fr\/de\/produit\/hptlc-bildaufnahmesystem-providoc-dd90\/","title":{"rendered":"HPTLC-Bildaufnahmesystem Providoc\u00a9 DD90"},"content":{"rendered":"<p>Die brandneue <strong>HPTLC Providoc DD90-Beleuchtungskabine<\/strong> ist mit 2 EPI-Wei\u00dflicht-LEDs, 1 LED mit wei\u00dfem Durchlicht sowie 2 UV-LEDs mit 254 nm, 2 UV-LEDs mit 365 nm, 4 UV-LEDs mit 310 nm, 2 UV-LEDs mit 395 nm, erg\u00e4nzt durch die <strong>entsprechenden<\/strong> <strong>Filter<\/strong>.<\/p>\n<p>Die Bilder werden dank der speziellen <strong>Software Argus X3<\/strong> direkt auf dem Bildschirm Ihres PCs angezeigt.<\/p>\n<p>Die Bilder werden mit <strong>der<\/strong> <strong>Bildbearbeitungssoftware<\/strong> <strong>Argus X3<sup>\u00a9<\/sup><\/strong> .<\/p>\n<p>M\u00f6glichkeit zum Hinzuf\u00fcgen von Anmerkungen, Zonenmarkierungen, Rf-Skala<\/p>\n<p>Der <strong>Providoc\u00a9 DD90<\/strong> entspricht der Norm <sup>CF21 Teil 11<\/sup> (optional).<\/p>\n<p><strong>Option<\/strong>: IQ\/OQ-Zertifikate<\/p>\n<p><strong>Technische Spezifikationen:<\/strong><\/p>\n<p>Erfassungsfl\u00e4che: bis zu 200 x 200 mm<\/p>\n<p><strong><em>H\u00f6here Illumination<\/em><\/strong><\/p>\n<ul>\n<li>Wei\u00dfes Licht: 2 x 1 wei\u00dfe LED-Leuchten<\/li>\n<li>UV254 nm: 2 x 1 Hg LEDs<\/li>\n<li>UV310 nm: 4 x 2 Hg LEDs<\/li>\n<li>UV365 nm: 2 x 1 Hg LEDs<\/li>\n<li>UV395 nm: 2 x 1 Hg LEDs<\/li>\n<\/ul>\n<p><strong><em>Untere Illumination:<\/em><\/strong><\/p>\n<ul>\n<li>Wei\u00dfes Licht: 2 x 1 LEDs mit wei\u00dfer Lichttransmission<\/li>\n<\/ul>\n<p>Stromversorgung: 110 &#8211; 230 V, 50 &#8211; 60 Hz<\/p>\n<p>Abmessungen (T x H x B): 400 x 460 x 510 mm<\/p>\n<p>Gewicht: 17,5 kg<\/p>\n<p>&nbsp;<\/p>\n","protected":false},"excerpt":{"rendered":"<p><strong>Referenz: BS147.013<\/strong><br \/>\nDies ist das neueste Ger\u00e4t der <strong>Bionis-Reihe<\/strong>.<br \/>\nEs erfasst das Bild der Platte dank seiner hochaufl\u00f6senden <strong>CMOS-Kamera<\/strong> <strong>(19,7 Millionen Pixel) <\/strong>mit einem leistungsstarken Objektiv.<br \/>\nSeine hohe <strong>Empfindlichkeit <\/strong>erm\u00f6glicht die Erkennung schwacher Fluoreszenzen.<br \/>\n<a href=\"https:\/\/www.bionis.fr\/wp-content\/uploads\/2026\/02\/GB_Data_sheet_DD90.pdf\">GB_Data_sheet_DD90<\/a><\/p>\n<p>&nbsp;<\/p>\n","protected":false},"featured_media":7686,"template":"","meta":[],"product_brand":[],"product_cat":[174],"product_tag":[],"class_list":{"0":"post-7702","1":"product","2":"type-product","3":"status-publish","4":"has-post-thumbnail","6":"product_cat-hptlc-bilderfassung","8":"first","9":"instock","10":"taxable","11":"shipping-taxable","12":"product-type-simple"},"yoast_head":"<!-- This site is optimized with the Yoast SEO plugin v27.3 - https:\/\/yoast.com\/product\/yoast-seo-wordpress\/ -->\n<title>HPTLC-Bildaufnahmesystem Providoc\u00a9 DD90 - Bionis<\/title>\n<meta name=\"description\" content=\"Die HPTLC Providoc DD90-Beleuchtungskabine ist mit EPI-Wei\u00dflicht-LEDs, LED mit wei\u00dfem Durchlicht sowie, UV-LEDs mit 254 nm, 365 nm, 310 nm, 395 nm\" \/>\n<meta name=\"robots\" content=\"index, follow, max-snippet:-1, max-image-preview:large, max-video-preview:-1\" \/>\n<link rel=\"canonical\" href=\"https:\/\/www.bionis.fr\/de\/produit\/hptlc-bildaufnahmesystem-providoc-dd90\/\" \/>\n<meta property=\"og:locale\" content=\"de_DE\" \/>\n<meta property=\"og:type\" content=\"article\" \/>\n<meta property=\"og:title\" content=\"HPTLC-Bildaufnahmesystem Providoc\u00a9 DD90 - Bionis\" \/>\n<meta property=\"og:description\" content=\"Die HPTLC Providoc DD90-Beleuchtungskabine ist mit EPI-Wei\u00dflicht-LEDs, LED mit wei\u00dfem Durchlicht sowie, UV-LEDs mit 254 nm, 365 nm, 310 nm, 395 nm\" \/>\n<meta property=\"og:url\" content=\"https:\/\/www.bionis.fr\/de\/produit\/hptlc-bildaufnahmesystem-providoc-dd90\/\" \/>\n<meta property=\"og:site_name\" content=\"Bionis\" \/>\n<meta property=\"article:modified_time\" content=\"2026-03-11T10:13:31+00:00\" \/>\n<meta property=\"og:image\" content=\"https:\/\/www.bionis.fr\/wp-content\/uploads\/2026\/02\/Providoc-DD90-2.png\" \/>\n\t<meta property=\"og:image:width\" content=\"1000\" \/>\n\t<meta property=\"og:image:height\" content=\"1066\" \/>\n\t<meta property=\"og:image:type\" content=\"image\/png\" \/>\n<meta name=\"twitter:card\" content=\"summary_large_image\" \/>\n<meta name=\"twitter:label1\" content=\"Gesch\u00e4tzte Lesezeit\" \/>\n\t<meta name=\"twitter:data1\" content=\"2\u00a0Minuten\" \/>\n<script type=\"application\/ld+json\" class=\"yoast-schema-graph\">{\"@context\":\"https:\\\/\\\/schema.org\",\"@graph\":[{\"@type\":\"WebPage\",\"@id\":\"https:\\\/\\\/www.bionis.fr\\\/de\\\/produit\\\/hptlc-bildaufnahmesystem-providoc-dd90\\\/\",\"url\":\"https:\\\/\\\/www.bionis.fr\\\/de\\\/produit\\\/hptlc-bildaufnahmesystem-providoc-dd90\\\/\",\"name\":\"HPTLC-Bildaufnahmesystem Providoc\u00a9 DD90 - Bionis\",\"isPartOf\":{\"@id\":\"https:\\\/\\\/www.bionis.fr\\\/#website\"},\"primaryImageOfPage\":{\"@id\":\"https:\\\/\\\/www.bionis.fr\\\/de\\\/produit\\\/hptlc-bildaufnahmesystem-providoc-dd90\\\/#primaryimage\"},\"image\":{\"@id\":\"https:\\\/\\\/www.bionis.fr\\\/de\\\/produit\\\/hptlc-bildaufnahmesystem-providoc-dd90\\\/#primaryimage\"},\"thumbnailUrl\":\"https:\\\/\\\/www.bionis.fr\\\/wp-content\\\/uploads\\\/2026\\\/02\\\/Providoc-DD90-2.png\",\"datePublished\":\"2026-02-25T08:21:54+00:00\",\"dateModified\":\"2026-03-11T10:13:31+00:00\",\"description\":\"Die HPTLC Providoc DD90-Beleuchtungskabine ist mit EPI-Wei\u00dflicht-LEDs, LED mit wei\u00dfem Durchlicht sowie, UV-LEDs mit 254 nm, 365 nm, 310 nm, 395 nm\",\"breadcrumb\":{\"@id\":\"https:\\\/\\\/www.bionis.fr\\\/de\\\/produit\\\/hptlc-bildaufnahmesystem-providoc-dd90\\\/#breadcrumb\"},\"inLanguage\":\"de\",\"potentialAction\":[{\"@type\":\"ReadAction\",\"target\":[\"https:\\\/\\\/www.bionis.fr\\\/de\\\/produit\\\/hptlc-bildaufnahmesystem-providoc-dd90\\\/\"]}]},{\"@type\":\"ImageObject\",\"inLanguage\":\"de\",\"@id\":\"https:\\\/\\\/www.bionis.fr\\\/de\\\/produit\\\/hptlc-bildaufnahmesystem-providoc-dd90\\\/#primaryimage\",\"url\":\"https:\\\/\\\/www.bionis.fr\\\/wp-content\\\/uploads\\\/2026\\\/02\\\/Providoc-DD90-2.png\",\"contentUrl\":\"https:\\\/\\\/www.bionis.fr\\\/wp-content\\\/uploads\\\/2026\\\/02\\\/Providoc-DD90-2.png\",\"width\":1000,\"height\":1066,\"caption\":\"Documentation system HPTLC\"},{\"@type\":\"BreadcrumbList\",\"@id\":\"https:\\\/\\\/www.bionis.fr\\\/de\\\/produit\\\/hptlc-bildaufnahmesystem-providoc-dd90\\\/#breadcrumb\",\"itemListElement\":[{\"@type\":\"ListItem\",\"position\":1,\"name\":\"Accueil\",\"item\":\"https:\\\/\\\/www.bionis.fr\\\/\"},{\"@type\":\"ListItem\",\"position\":2,\"name\":\"Shop\",\"item\":\"https:\\\/\\\/www.bionis.fr\\\/de\\\/shop\\\/\"},{\"@type\":\"ListItem\",\"position\":3,\"name\":\"HPTLC-Bildaufnahmesystem Providoc\u00a9 DD90\"}]},{\"@type\":\"WebSite\",\"@id\":\"https:\\\/\\\/www.bionis.fr\\\/#website\",\"url\":\"https:\\\/\\\/www.bionis.fr\\\/\",\"name\":\"Bionis\",\"description\":\"Die D\u00fcnnschichtchromatographie-L\u00f6sung\",\"publisher\":{\"@id\":\"https:\\\/\\\/www.bionis.fr\\\/#organization\"},\"potentialAction\":[{\"@type\":\"SearchAction\",\"target\":{\"@type\":\"EntryPoint\",\"urlTemplate\":\"https:\\\/\\\/www.bionis.fr\\\/?s={search_term_string}\"},\"query-input\":{\"@type\":\"PropertyValueSpecification\",\"valueRequired\":true,\"valueName\":\"search_term_string\"}}],\"inLanguage\":\"de\"},{\"@type\":\"Organization\",\"@id\":\"https:\\\/\\\/www.bionis.fr\\\/#organization\",\"name\":\"Bionis\",\"url\":\"https:\\\/\\\/www.bionis.fr\\\/\",\"logo\":{\"@type\":\"ImageObject\",\"inLanguage\":\"de\",\"@id\":\"https:\\\/\\\/www.bionis.fr\\\/#\\\/schema\\\/logo\\\/image\\\/\",\"url\":\"https:\\\/\\\/www.bionis.fr\\\/wp-content\\\/uploads\\\/2020\\\/07\\\/bionis-logo.png\",\"contentUrl\":\"https:\\\/\\\/www.bionis.fr\\\/wp-content\\\/uploads\\\/2020\\\/07\\\/bionis-logo.png\",\"width\":500,\"height\":125,\"caption\":\"Bionis\"},\"image\":{\"@id\":\"https:\\\/\\\/www.bionis.fr\\\/#\\\/schema\\\/logo\\\/image\\\/\"},\"sameAs\":[\"https:\\\/\\\/www.linkedin.com\\\/company\\\/bionis-sas?originalSubdomain=fr\"]}]}<\/script>\n<!-- \/ Yoast SEO plugin. -->","yoast_head_json":{"title":"HPTLC-Bildaufnahmesystem Providoc\u00a9 DD90 - Bionis","description":"Die HPTLC Providoc DD90-Beleuchtungskabine ist mit EPI-Wei\u00dflicht-LEDs, LED mit wei\u00dfem Durchlicht sowie, UV-LEDs mit 254 nm, 365 nm, 310 nm, 395 nm","robots":{"index":"index","follow":"follow","max-snippet":"max-snippet:-1","max-image-preview":"max-image-preview:large","max-video-preview":"max-video-preview:-1"},"canonical":"https:\/\/www.bionis.fr\/de\/produit\/hptlc-bildaufnahmesystem-providoc-dd90\/","og_locale":"de_DE","og_type":"article","og_title":"HPTLC-Bildaufnahmesystem Providoc\u00a9 DD90 - Bionis","og_description":"Die HPTLC Providoc DD90-Beleuchtungskabine ist mit EPI-Wei\u00dflicht-LEDs, LED mit wei\u00dfem Durchlicht sowie, UV-LEDs mit 254 nm, 365 nm, 310 nm, 395 nm","og_url":"https:\/\/www.bionis.fr\/de\/produit\/hptlc-bildaufnahmesystem-providoc-dd90\/","og_site_name":"Bionis","article_modified_time":"2026-03-11T10:13:31+00:00","og_image":[{"width":1000,"height":1066,"url":"https:\/\/www.bionis.fr\/wp-content\/uploads\/2026\/02\/Providoc-DD90-2.png","type":"image\/png"}],"twitter_card":"summary_large_image","twitter_misc":{"Gesch\u00e4tzte Lesezeit":"2\u00a0Minuten"},"schema":{"@context":"https:\/\/schema.org","@graph":[{"@type":"WebPage","@id":"https:\/\/www.bionis.fr\/de\/produit\/hptlc-bildaufnahmesystem-providoc-dd90\/","url":"https:\/\/www.bionis.fr\/de\/produit\/hptlc-bildaufnahmesystem-providoc-dd90\/","name":"HPTLC-Bildaufnahmesystem Providoc\u00a9 DD90 - Bionis","isPartOf":{"@id":"https:\/\/www.bionis.fr\/#website"},"primaryImageOfPage":{"@id":"https:\/\/www.bionis.fr\/de\/produit\/hptlc-bildaufnahmesystem-providoc-dd90\/#primaryimage"},"image":{"@id":"https:\/\/www.bionis.fr\/de\/produit\/hptlc-bildaufnahmesystem-providoc-dd90\/#primaryimage"},"thumbnailUrl":"https:\/\/www.bionis.fr\/wp-content\/uploads\/2026\/02\/Providoc-DD90-2.png","datePublished":"2026-02-25T08:21:54+00:00","dateModified":"2026-03-11T10:13:31+00:00","description":"Die HPTLC Providoc DD90-Beleuchtungskabine ist mit EPI-Wei\u00dflicht-LEDs, LED mit wei\u00dfem Durchlicht sowie, UV-LEDs mit 254 nm, 365 nm, 310 nm, 395 nm","breadcrumb":{"@id":"https:\/\/www.bionis.fr\/de\/produit\/hptlc-bildaufnahmesystem-providoc-dd90\/#breadcrumb"},"inLanguage":"de","potentialAction":[{"@type":"ReadAction","target":["https:\/\/www.bionis.fr\/de\/produit\/hptlc-bildaufnahmesystem-providoc-dd90\/"]}]},{"@type":"ImageObject","inLanguage":"de","@id":"https:\/\/www.bionis.fr\/de\/produit\/hptlc-bildaufnahmesystem-providoc-dd90\/#primaryimage","url":"https:\/\/www.bionis.fr\/wp-content\/uploads\/2026\/02\/Providoc-DD90-2.png","contentUrl":"https:\/\/www.bionis.fr\/wp-content\/uploads\/2026\/02\/Providoc-DD90-2.png","width":1000,"height":1066,"caption":"Documentation system HPTLC"},{"@type":"BreadcrumbList","@id":"https:\/\/www.bionis.fr\/de\/produit\/hptlc-bildaufnahmesystem-providoc-dd90\/#breadcrumb","itemListElement":[{"@type":"ListItem","position":1,"name":"Accueil","item":"https:\/\/www.bionis.fr\/"},{"@type":"ListItem","position":2,"name":"Shop","item":"https:\/\/www.bionis.fr\/de\/shop\/"},{"@type":"ListItem","position":3,"name":"HPTLC-Bildaufnahmesystem Providoc\u00a9 DD90"}]},{"@type":"WebSite","@id":"https:\/\/www.bionis.fr\/#website","url":"https:\/\/www.bionis.fr\/","name":"Bionis","description":"Die D\u00fcnnschichtchromatographie-L\u00f6sung","publisher":{"@id":"https:\/\/www.bionis.fr\/#organization"},"potentialAction":[{"@type":"SearchAction","target":{"@type":"EntryPoint","urlTemplate":"https:\/\/www.bionis.fr\/?s={search_term_string}"},"query-input":{"@type":"PropertyValueSpecification","valueRequired":true,"valueName":"search_term_string"}}],"inLanguage":"de"},{"@type":"Organization","@id":"https:\/\/www.bionis.fr\/#organization","name":"Bionis","url":"https:\/\/www.bionis.fr\/","logo":{"@type":"ImageObject","inLanguage":"de","@id":"https:\/\/www.bionis.fr\/#\/schema\/logo\/image\/","url":"https:\/\/www.bionis.fr\/wp-content\/uploads\/2020\/07\/bionis-logo.png","contentUrl":"https:\/\/www.bionis.fr\/wp-content\/uploads\/2020\/07\/bionis-logo.png","width":500,"height":125,"caption":"Bionis"},"image":{"@id":"https:\/\/www.bionis.fr\/#\/schema\/logo\/image\/"},"sameAs":["https:\/\/www.linkedin.com\/company\/bionis-sas?originalSubdomain=fr"]}]}},"_links":{"self":[{"href":"https:\/\/www.bionis.fr\/de\/wp-json\/wp\/v2\/product\/7702","targetHints":{"allow":["GET"]}}],"collection":[{"href":"https:\/\/www.bionis.fr\/de\/wp-json\/wp\/v2\/product"}],"about":[{"href":"https:\/\/www.bionis.fr\/de\/wp-json\/wp\/v2\/types\/product"}],"wp:featuredmedia":[{"embeddable":true,"href":"https:\/\/www.bionis.fr\/de\/wp-json\/wp\/v2\/media\/7686"}],"wp:attachment":[{"href":"https:\/\/www.bionis.fr\/de\/wp-json\/wp\/v2\/media?parent=7702"}],"wp:term":[{"taxonomy":"product_brand","embeddable":true,"href":"https:\/\/www.bionis.fr\/de\/wp-json\/wp\/v2\/product_brand?post=7702"},{"taxonomy":"product_cat","embeddable":true,"href":"https:\/\/www.bionis.fr\/de\/wp-json\/wp\/v2\/product_cat?post=7702"},{"taxonomy":"product_tag","embeddable":true,"href":"https:\/\/www.bionis.fr\/de\/wp-json\/wp\/v2\/product_tag?post=7702"}],"curies":[{"name":"wp","href":"https:\/\/api.w.org\/{rel}","templated":true}]}}