{"id":5435,"date":"2020-06-25T15:21:57","date_gmt":"2020-06-25T13:21:57","guid":{"rendered":"https:\/\/www.bionis.fr\/the-company\/"},"modified":"2023-09-08T15:24:09","modified_gmt":"2023-09-08T13:24:09","slug":"the-company","status":"publish","type":"page","link":"https:\/\/www.bionis.fr\/en\/the-company\/","title":{"rendered":"The company"},"content":{"rendered":"\t\t<div data-elementor-type=\"wp-page\" data-elementor-id=\"5435\" class=\"elementor elementor-5435 elementor-2\">\n\t\t\t\t\t\t<section class=\"elementor-section elementor-top-section elementor-element elementor-element-6a087d1e elementor-section-boxed elementor-section-height-default elementor-section-height-default\" data-id=\"6a087d1e\" data-element_type=\"section\" data-e-type=\"section\">\n\t\t\t\t\t\t<div class=\"elementor-container elementor-column-gap-default\">\n\t\t\t\t\t<div class=\"elementor-column elementor-col-100 elementor-top-column elementor-element elementor-element-647a33c3\" data-id=\"647a33c3\" data-element_type=\"column\" data-e-type=\"column\">\n\t\t\t<div class=\"elementor-widget-wrap elementor-element-populated\">\n\t\t\t\t\t\t<section class=\"elementor-section elementor-inner-section elementor-element elementor-element-d5e261d elementor-section-boxed elementor-section-height-default elementor-section-height-default\" data-id=\"d5e261d\" data-element_type=\"section\" data-e-type=\"section\">\n\t\t\t\t\t\t<div class=\"elementor-container elementor-column-gap-default\">\n\t\t\t\t\t<div class=\"elementor-column elementor-col-50 elementor-inner-column elementor-element elementor-element-1a1baa8\" data-id=\"1a1baa8\" data-element_type=\"column\" data-e-type=\"column\">\n\t\t\t<div class=\"elementor-widget-wrap elementor-element-populated\">\n\t\t\t\t\t\t<div class=\"elementor-element elementor-element-d89a805 elementor-widget elementor-widget-text-editor\" data-id=\"d89a805\" data-element_type=\"widget\" data-e-type=\"widget\" data-widget_type=\"text-editor.default\">\n\t\t\t\t<div class=\"elementor-widget-container\">\n\t\t\t\t\t\t\t\t\t<p>Since 1997, Bionis has been providing its customers with its know-how and technical expertise in the field of thin layer chromatography. Since its creation, Bionis has been the official distributor for France and Africa of the Desaga range of TLC and HPTLC equipment.<\/p>\n<p>In January 2020, with the arrival of a new management team, and with the same concern to be as close as possible to its customers, Bionis left its premises in Saint Georges Motel ( 27 ) to move into new offices in Houdan (78 ), close to the Cosmetic Valley.<\/p>\n<p>In April 2023, Bionis will take over the entire manufacture and marketing of Biostep GmbH equipment.<\/p>\n\t\t\t\t\t\t\t\t<\/div>\n\t\t\t\t<\/div>\n\t\t\t\t<div class=\"elementor-element elementor-element-f8b9371 elementor-widget elementor-widget-heading\" data-id=\"f8b9371\" data-element_type=\"widget\" data-e-type=\"widget\" data-widget_type=\"heading.default\">\n\t\t\t\t<div class=\"elementor-widget-container\">\n\t\t\t\t\t<h2 class=\"elementor-heading-title elementor-size-default\">Our philosophy  <\/h2>\t\t\t\t<\/div>\n\t\t\t\t<\/div>\n\t\t\t\t<div class=\"elementor-element elementor-element-ab06057 elementor-widget elementor-widget-text-editor\" data-id=\"ab06057\" data-element_type=\"widget\" data-e-type=\"widget\" data-widget_type=\"text-editor.default\">\n\t\t\t\t<div class=\"elementor-widget-container\">\n\t\t\t\t\t\t\t\t\t<p>With the <a href=\"https:\/\/biostep.de\/\">Biostep<\/a> range <a href=\"https:\/\/biostep.de\/\">(Desaga technology)<\/a>, Bionis offers a range of equipment that facilitates and secures all the TLC steps encountered in laboratories in the pharmaceutical and cosmetics industries, analytical laboratories and universities.<\/p>\n<p>The Iatroscan TLC\/FID analyzer from <a href=\"https:\/\/www.medience.co.jp\/english\/\">LSI Medience (a Mitsubishi subsidiary)<\/a> is the solution to the problems encountered by laboratories in characterizing complicated substances, and more specifically lipids or derivatives of petroleum products.<\/p>\n<\/p>\n<p>With these product ranges, Bionis&#8217; philosophy is to focus on the sectors and industries for which Thin Layer Chromatography is generally used, with an increased field presence and permanent availability.<\/p>\n<p>Our aim is to provide our customers with a local service, helping them at every stage of their project, from the initial planning stage through to periodic monitoring of their equipment.<\/p>\n\t\t\t\t\t\t\t\t<\/div>\n\t\t\t\t<\/div>\n\t\t\t\t\t<\/div>\n\t\t<\/div>\n\t\t\t\t<div class=\"elementor-column elementor-col-50 elementor-inner-column elementor-element elementor-element-e03cff3\" data-id=\"e03cff3\" data-element_type=\"column\" data-e-type=\"column\">\n\t\t\t<div class=\"elementor-widget-wrap elementor-element-populated\">\n\t\t\t\t\t\t<div class=\"elementor-element elementor-element-6aa14a6 elementor-widget elementor-widget-heading\" data-id=\"6aa14a6\" data-element_type=\"widget\" data-e-type=\"widget\" data-widget_type=\"heading.default\">\n\t\t\t\t<div class=\"elementor-widget-container\">\n\t\t\t\t\t<h2 class=\"elementor-heading-title elementor-size-default\">Our business sectors<\/h2>\t\t\t\t<\/div>\n\t\t\t\t<\/div>\n\t\t\t\t<div class=\"elementor-element elementor-element-195f6e1 elementor-widget elementor-widget-text-editor\" data-id=\"195f6e1\" data-element_type=\"widget\" data-e-type=\"widget\" data-widget_type=\"text-editor.default\">\n\t\t\t\t<div class=\"elementor-widget-container\">\n\t\t\t\t\t\t\t\t\t<p><span style=\"font-size: 12pt;\"><strong>PHARMACEUTICALS\/COSMETICS<\/strong><\/span><br \/><span style=\"font-size: 12pt;\"><strong>PUBLIC\/PRIVATE RESEARCH CENTERS<\/strong><\/span><br \/><span style=\"font-size: 12pt;\"><strong>PETROLEUM PRODUCTS \/ BITUMEN<\/strong><\/span><br \/><span style=\"font-size: 12pt;\"><strong>PUBLIC\/PRIVATE ANALYSIS LABORATORIES<\/strong><\/span><br \/><span style=\"font-size: 12pt;\"><strong>CHEMISTRY\/BIO-CHEMISTRY<\/strong><\/span><br \/><span style=\"font-size: 12pt;\"><strong>EDUCATION<\/strong><\/span><br \/><span style=\"font-size: 12pt;\"><strong>BOTANICALS\/NATURAL PRODUCTS<\/strong><\/span><br \/><span style=\"font-size: 12pt;\"><strong>BIOFUELS<\/strong><\/span><\/p>\n\t\t\t\t\t\t\t\t<\/div>\n\t\t\t\t<\/div>\n\t\t\t\t\t<\/div>\n\t\t<\/div>\n\t\t\t\t\t<\/div>\n\t\t<\/section>\n\t\t\t\t\t<\/div>\n\t\t<\/div>\n\t\t\t\t\t<\/div>\n\t\t<\/section>\n\t\t\t\t<\/div>\n\t\t","protected":false},"excerpt":{"rendered":"<p>Since 1997, Bionis has been providing its customers with its know-how and technical expertise in the field of thin layer chromatography. Since its creation, Bionis has been &hellip; <a href=\"https:\/\/www.bionis.fr\/en\/the-company\/\" class=\"more-link\">Continue reading<span class=\"screen-reader-text\"> &#8220;The company&#8221;<\/span><\/a><\/p>\n","protected":false},"author":1,"featured_media":3576,"parent":0,"menu_order":0,"comment_status":"closed","ping_status":"open","template":"homepage.php","meta":{"footnotes":""},"class_list":["post-5435","page","type-page","status-publish","has-post-thumbnail","hentry"],"yoast_head":"<!-- This site is optimized with the Yoast SEO plugin v27.4 - https:\/\/yoast.com\/product\/yoast-seo-wordpress\/ -->\n<title>La boutique du laboratoire<\/title>\n<meta name=\"description\" content=\"Bionis propose une gamme d&#039;\u00e9quipements et de consommables pour le laboratoire. Agitateurs, m\u00e9langeurs, centrifugeuses, balances, microscopes, \u00e9tuves etc...\" \/>\n<meta name=\"robots\" content=\"index, follow, max-snippet:-1, max-image-preview:large, max-video-preview:-1\" \/>\n<link rel=\"canonical\" href=\"https:\/\/www.bionis.fr\/en\/the-company\/\" \/>\n<meta property=\"og:locale\" content=\"en_US\" \/>\n<meta property=\"og:type\" content=\"article\" \/>\n<meta property=\"og:title\" content=\"La boutique du laboratoire\" \/>\n<meta property=\"og:description\" content=\"Bionis propose une gamme d&#039;\u00e9quipements et de consommables pour le laboratoire. Agitateurs, m\u00e9langeurs, centrifugeuses, balances, microscopes, \u00e9tuves etc...\" \/>\n<meta property=\"og:url\" content=\"https:\/\/www.bionis.fr\/en\/the-company\/\" \/>\n<meta property=\"og:site_name\" content=\"Bionis\" \/>\n<meta property=\"article:modified_time\" content=\"2023-09-08T13:24:09+00:00\" \/>\n<meta property=\"og:image\" content=\"https:\/\/www.bionis.fr\/wp-content\/uploads\/2020\/07\/societe.jpg\" \/>\n\t<meta property=\"og:image:width\" content=\"2000\" \/>\n\t<meta property=\"og:image:height\" content=\"489\" \/>\n\t<meta property=\"og:image:type\" content=\"image\/jpeg\" \/>\n<meta name=\"twitter:card\" content=\"summary_large_image\" \/>\n<meta name=\"twitter:label1\" content=\"Est. reading time\" \/>\n\t<meta name=\"twitter:data1\" content=\"1 minute\" \/>\n<script type=\"application\/ld+json\" class=\"yoast-schema-graph\">{\"@context\":\"https:\\\/\\\/schema.org\",\"@graph\":[{\"@type\":\"WebPage\",\"@id\":\"https:\\\/\\\/www.bionis.fr\\\/en\\\/the-company\\\/\",\"url\":\"https:\\\/\\\/www.bionis.fr\\\/en\\\/the-company\\\/\",\"name\":\"La boutique du laboratoire\",\"isPartOf\":{\"@id\":\"https:\\\/\\\/www.bionis.fr\\\/#website\"},\"primaryImageOfPage\":{\"@id\":\"https:\\\/\\\/www.bionis.fr\\\/en\\\/the-company\\\/#primaryimage\"},\"image\":{\"@id\":\"https:\\\/\\\/www.bionis.fr\\\/en\\\/the-company\\\/#primaryimage\"},\"thumbnailUrl\":\"https:\\\/\\\/www.bionis.fr\\\/wp-content\\\/uploads\\\/2020\\\/07\\\/societe.jpg\",\"datePublished\":\"2020-06-25T13:21:57+00:00\",\"dateModified\":\"2023-09-08T13:24:09+00:00\",\"description\":\"Bionis propose une gamme d'\u00e9quipements et de consommables pour le laboratoire. Agitateurs, m\u00e9langeurs, centrifugeuses, balances, microscopes, \u00e9tuves etc...\",\"breadcrumb\":{\"@id\":\"https:\\\/\\\/www.bionis.fr\\\/en\\\/the-company\\\/#breadcrumb\"},\"inLanguage\":\"en-US\",\"potentialAction\":[{\"@type\":\"ReadAction\",\"target\":[\"https:\\\/\\\/www.bionis.fr\\\/en\\\/the-company\\\/\"]}]},{\"@type\":\"ImageObject\",\"inLanguage\":\"en-US\",\"@id\":\"https:\\\/\\\/www.bionis.fr\\\/en\\\/the-company\\\/#primaryimage\",\"url\":\"https:\\\/\\\/www.bionis.fr\\\/wp-content\\\/uploads\\\/2020\\\/07\\\/societe.jpg\",\"contentUrl\":\"https:\\\/\\\/www.bionis.fr\\\/wp-content\\\/uploads\\\/2020\\\/07\\\/societe.jpg\",\"width\":2000,\"height\":489},{\"@type\":\"BreadcrumbList\",\"@id\":\"https:\\\/\\\/www.bionis.fr\\\/en\\\/the-company\\\/#breadcrumb\",\"itemListElement\":[{\"@type\":\"ListItem\",\"position\":1,\"name\":\"Accueil\",\"item\":\"https:\\\/\\\/www.bionis.fr\\\/en\\\/\"},{\"@type\":\"ListItem\",\"position\":2,\"name\":\"The company\"}]},{\"@type\":\"WebSite\",\"@id\":\"https:\\\/\\\/www.bionis.fr\\\/#website\",\"url\":\"https:\\\/\\\/www.bionis.fr\\\/\",\"name\":\"Bionis\",\"description\":\"The Thin Layer Chromatography Solution\",\"publisher\":{\"@id\":\"https:\\\/\\\/www.bionis.fr\\\/#organization\"},\"potentialAction\":[{\"@type\":\"SearchAction\",\"target\":{\"@type\":\"EntryPoint\",\"urlTemplate\":\"https:\\\/\\\/www.bionis.fr\\\/?s={search_term_string}\"},\"query-input\":{\"@type\":\"PropertyValueSpecification\",\"valueRequired\":true,\"valueName\":\"search_term_string\"}}],\"inLanguage\":\"en-US\"},{\"@type\":\"Organization\",\"@id\":\"https:\\\/\\\/www.bionis.fr\\\/#organization\",\"name\":\"Bionis\",\"url\":\"https:\\\/\\\/www.bionis.fr\\\/\",\"logo\":{\"@type\":\"ImageObject\",\"inLanguage\":\"en-US\",\"@id\":\"https:\\\/\\\/www.bionis.fr\\\/#\\\/schema\\\/logo\\\/image\\\/\",\"url\":\"https:\\\/\\\/www.bionis.fr\\\/wp-content\\\/uploads\\\/2020\\\/07\\\/bionis-logo.png\",\"contentUrl\":\"https:\\\/\\\/www.bionis.fr\\\/wp-content\\\/uploads\\\/2020\\\/07\\\/bionis-logo.png\",\"width\":500,\"height\":125,\"caption\":\"Bionis\"},\"image\":{\"@id\":\"https:\\\/\\\/www.bionis.fr\\\/#\\\/schema\\\/logo\\\/image\\\/\"},\"sameAs\":[\"https:\\\/\\\/www.linkedin.com\\\/company\\\/bionis-sas?originalSubdomain=fr\"]}]}<\/script>\n<!-- \/ Yoast SEO plugin. -->","yoast_head_json":{"title":"La boutique du laboratoire","description":"Bionis propose une gamme d'\u00e9quipements et de consommables pour le laboratoire. Agitateurs, m\u00e9langeurs, centrifugeuses, balances, microscopes, \u00e9tuves etc...","robots":{"index":"index","follow":"follow","max-snippet":"max-snippet:-1","max-image-preview":"max-image-preview:large","max-video-preview":"max-video-preview:-1"},"canonical":"https:\/\/www.bionis.fr\/en\/the-company\/","og_locale":"en_US","og_type":"article","og_title":"La boutique du laboratoire","og_description":"Bionis propose une gamme d'\u00e9quipements et de consommables pour le laboratoire. Agitateurs, m\u00e9langeurs, centrifugeuses, balances, microscopes, \u00e9tuves etc...","og_url":"https:\/\/www.bionis.fr\/en\/the-company\/","og_site_name":"Bionis","article_modified_time":"2023-09-08T13:24:09+00:00","og_image":[{"width":2000,"height":489,"url":"https:\/\/www.bionis.fr\/wp-content\/uploads\/2020\/07\/societe.jpg","type":"image\/jpeg"}],"twitter_card":"summary_large_image","twitter_misc":{"Est. reading time":"1 minute"},"schema":{"@context":"https:\/\/schema.org","@graph":[{"@type":"WebPage","@id":"https:\/\/www.bionis.fr\/en\/the-company\/","url":"https:\/\/www.bionis.fr\/en\/the-company\/","name":"La boutique du laboratoire","isPartOf":{"@id":"https:\/\/www.bionis.fr\/#website"},"primaryImageOfPage":{"@id":"https:\/\/www.bionis.fr\/en\/the-company\/#primaryimage"},"image":{"@id":"https:\/\/www.bionis.fr\/en\/the-company\/#primaryimage"},"thumbnailUrl":"https:\/\/www.bionis.fr\/wp-content\/uploads\/2020\/07\/societe.jpg","datePublished":"2020-06-25T13:21:57+00:00","dateModified":"2023-09-08T13:24:09+00:00","description":"Bionis propose une gamme d'\u00e9quipements et de consommables pour le laboratoire. Agitateurs, m\u00e9langeurs, centrifugeuses, balances, microscopes, \u00e9tuves etc...","breadcrumb":{"@id":"https:\/\/www.bionis.fr\/en\/the-company\/#breadcrumb"},"inLanguage":"en-US","potentialAction":[{"@type":"ReadAction","target":["https:\/\/www.bionis.fr\/en\/the-company\/"]}]},{"@type":"ImageObject","inLanguage":"en-US","@id":"https:\/\/www.bionis.fr\/en\/the-company\/#primaryimage","url":"https:\/\/www.bionis.fr\/wp-content\/uploads\/2020\/07\/societe.jpg","contentUrl":"https:\/\/www.bionis.fr\/wp-content\/uploads\/2020\/07\/societe.jpg","width":2000,"height":489},{"@type":"BreadcrumbList","@id":"https:\/\/www.bionis.fr\/en\/the-company\/#breadcrumb","itemListElement":[{"@type":"ListItem","position":1,"name":"Accueil","item":"https:\/\/www.bionis.fr\/en\/"},{"@type":"ListItem","position":2,"name":"The company"}]},{"@type":"WebSite","@id":"https:\/\/www.bionis.fr\/#website","url":"https:\/\/www.bionis.fr\/","name":"Bionis","description":"The Thin Layer Chromatography Solution","publisher":{"@id":"https:\/\/www.bionis.fr\/#organization"},"potentialAction":[{"@type":"SearchAction","target":{"@type":"EntryPoint","urlTemplate":"https:\/\/www.bionis.fr\/?s={search_term_string}"},"query-input":{"@type":"PropertyValueSpecification","valueRequired":true,"valueName":"search_term_string"}}],"inLanguage":"en-US"},{"@type":"Organization","@id":"https:\/\/www.bionis.fr\/#organization","name":"Bionis","url":"https:\/\/www.bionis.fr\/","logo":{"@type":"ImageObject","inLanguage":"en-US","@id":"https:\/\/www.bionis.fr\/#\/schema\/logo\/image\/","url":"https:\/\/www.bionis.fr\/wp-content\/uploads\/2020\/07\/bionis-logo.png","contentUrl":"https:\/\/www.bionis.fr\/wp-content\/uploads\/2020\/07\/bionis-logo.png","width":500,"height":125,"caption":"Bionis"},"image":{"@id":"https:\/\/www.bionis.fr\/#\/schema\/logo\/image\/"},"sameAs":["https:\/\/www.linkedin.com\/company\/bionis-sas?originalSubdomain=fr"]}]}},"_links":{"self":[{"href":"https:\/\/www.bionis.fr\/en\/wp-json\/wp\/v2\/pages\/5435","targetHints":{"allow":["GET"]}}],"collection":[{"href":"https:\/\/www.bionis.fr\/en\/wp-json\/wp\/v2\/pages"}],"about":[{"href":"https:\/\/www.bionis.fr\/en\/wp-json\/wp\/v2\/types\/page"}],"author":[{"embeddable":true,"href":"https:\/\/www.bionis.fr\/en\/wp-json\/wp\/v2\/users\/1"}],"replies":[{"embeddable":true,"href":"https:\/\/www.bionis.fr\/en\/wp-json\/wp\/v2\/comments?post=5435"}],"version-history":[{"count":1,"href":"https:\/\/www.bionis.fr\/en\/wp-json\/wp\/v2\/pages\/5435\/revisions"}],"predecessor-version":[{"id":5436,"href":"https:\/\/www.bionis.fr\/en\/wp-json\/wp\/v2\/pages\/5435\/revisions\/5436"}],"wp:featuredmedia":[{"embeddable":true,"href":"https:\/\/www.bionis.fr\/en\/wp-json\/wp\/v2\/media\/3576"}],"wp:attachment":[{"href":"https:\/\/www.bionis.fr\/en\/wp-json\/wp\/v2\/media?parent=5435"}],"curies":[{"name":"wp","href":"https:\/\/api.w.org\/{rel}","templated":true}]}}