{"id":314,"date":"2020-08-02T20:44:39","date_gmt":"2020-08-02T18:44:39","guid":{"rendered":"https:\/\/www.bionis.fr\/?post_type=product&#038;p=314"},"modified":"2022-07-19T11:55:19","modified_gmt":"2022-07-19T09:55:19","slug":"iatroscan-mk6s","status":"publish","type":"product","link":"https:\/\/www.bionis.fr\/en\/produit\/iatroscan-mk6s\/","title":{"rendered":"Iatroscan MK7s HPTLC\/FID"},"content":{"rendered":"<p>Les \u00e9chantillons les plus compliqu\u00e9s peuvent \u00eatre qualifi\u00e9s et quantifi\u00e9s de mani\u00e8re <strong>simple<\/strong>, <strong>rapide <\/strong>et<strong> \u00e9conomique,<\/strong>\u00a0sans risque de colmatage de colonnes et sans l&#8217;incertitude de mesure li\u00e9e \u00e0 la faible r\u00e9flexion UV de certaines substances.<\/p>\n<p>Le syst\u00e8me analytique HPTLC \/ FID <strong>Iatroscan MK-7s<\/strong>\u00a0peut \u00eatre utilis\u00e9 dans de <strong>nombreux domaines d&#8217;application<\/strong> comme la s\u00e9lection v\u00e9g\u00e9tale, la foresterie, la p\u00eache, l&#8217;industrie du p\u00e9trole brut et du carbone, l\u2019industrie biochimique, les biotechnologies, l\u2019industrie pharmaceutique, la pollution de l&#8217;environnement, l\u2019industrie alimentaire etc\u2026<\/p>\n<p>Le Iatroscan MK7s peut fonctionner gr\u00e2ce au logiciel Azur, ou directement pilot\u00e9 \u00e0 partir de votre logiciel HPLC ou GC<sup>*<\/sup><\/p>\n<p><strong>Principe:<\/strong><br \/>\nLes \u00e9chantillons d\u00e9pos\u00e9s sur des\u00a0<strong>baguettes de quartz\u00a0<\/strong>enrob\u00e9es de silice microgranulom\u00e9trique appel\u00e9es\u00a0<strong>Chromarods<\/strong>\u00a0ou microcolonnes-S sont \u00e9lu\u00e9s avec des solvants aqueux ou organiques.<\/p>\n<p>Les constituants s\u00e9par\u00e9s sont d\u00e9tect\u00e9s par un\u00a0<strong>d\u00e9tecteur \u00e0 ionisation de flamme<\/strong> (FID), puis identifi\u00e9s et quantifi\u00e9s. Le Iatroscan MK7s permet de s\u00e9parer, d&#8217;identifier et de doser des \u00e9chantillons de quelques nanogrammes.<\/p>\n<p><img fetchpriority=\"high\" decoding=\"async\" class=\"aligncenter wp-image-317 size-medium\" src=\"https:\/\/www.bionis.fr\/wp-content\/uploads\/2020\/08\/Sch\u00e9ma-iatroscan-MK6s1-501x500.png\" alt=\"\" width=\"501\" height=\"500\" srcset=\"https:\/\/www.bionis.fr\/wp-content\/uploads\/2020\/08\/Sch\u00e9ma-iatroscan-MK6s1-501x500.png 501w, https:\/\/www.bionis.fr\/wp-content\/uploads\/2020\/08\/Sch\u00e9ma-iatroscan-MK6s1-200x200.png 200w, https:\/\/www.bionis.fr\/wp-content\/uploads\/2020\/08\/Sch\u00e9ma-iatroscan-MK6s1-250x250.png 250w, https:\/\/www.bionis.fr\/wp-content\/uploads\/2020\/08\/Sch\u00e9ma-iatroscan-MK6s1-400x399.png 400w, https:\/\/www.bionis.fr\/wp-content\/uploads\/2020\/08\/Sch\u00e9ma-iatroscan-MK6s1-100x100.png 100w, https:\/\/www.bionis.fr\/wp-content\/uploads\/2020\/08\/Sch\u00e9ma-iatroscan-MK6s1.png 684w\" sizes=\"(max-width: 501px) 85vw, 501px\" \/><\/p>\n<p><strong>Fonctionnement en 5 \u00e9tapes:<\/strong><\/p>\n<p>1-Activation des Chromarods<\/p>\n<p><em>Appuyer sur la touche Blank Scan pour nettoyer et r\u00e9activer les\u00a0<strong>CHROMARODs\u00a0<\/strong>en les passant dans la flamme du br\u00fbleur \u00e0 hydrog\u00e8ne. Chaque Chromarod peut \u00eatre r\u00e9utilis\u00e9 50 fois, ou plus, ce qui conf\u00e8re au set un potentiel de 500 analyses.<\/em><\/p>\n<p>2-D\u00e9p\u00f4t des \u00e9chantillons<\/p>\n<p><em>D\u00e9poser avec un microdispenseur ou un automate de \u00a0l&#8217;ordre de\u00a0<strong>1\u00b5l d&#8217;\u00e9chantillon<\/strong>\u00a0sur chaque\u00a0<strong>Chromarod<\/strong>. Le d\u00e9p\u00f4t peut partiellement ou compl\u00e8tement automatis\u00e9. Voir la rubrique &#8220;accessoires&#8221;.<\/em><\/p>\n<p>3-S\u00e9paration<\/p>\n<p><em>Installer les <strong>Chromarod<\/strong><strong>s<\/strong> dans la chambre d&#8217;analyse. Les composants sont s\u00e9par\u00e9s sur les <strong>Chromarod<\/strong><strong>s<\/strong>\u00a0par \u00e9lution selon la proc\u00e9dure pr\u00e9conis\u00e9e.<\/em><\/p>\n<p>4-Elimination du solvent<\/p>\n<p><em>Lorsque le d\u00e9veloppement est termin\u00e9, introduire le portoir dans le\u00a0<strong>four de s\u00e9chage<\/strong> pr\u00e9vu \u00e0 cet effet pour \u00e9liminer le solvent adsorb\u00e9 par les <strong>Chromarod<\/strong><strong>s<\/strong><strong>.<\/strong>\u00a0La chambre de s\u00e9chage est adapt\u00e9e au format du cadre pour obtenir un s\u00e9chage rapide. Une l\u00e9g\u00e8re\u00a0<strong>surpression<\/strong>\u00a0\u00e9vite l&#8217;introduction des poussi\u00e8res dans la chambre.<\/em><\/p>\n<p>5-Mesure<\/p>\n<p><em>Lorsque le solvent a \u00e9t\u00e9 \u00e9limin\u00e9 des <strong>Chromarod<\/strong><strong>s<\/strong>, installer le portoir dans la chambre de mesure du\u00a0<strong>Iatroscan<\/strong>\u00a0et presser\u00a0<strong>Start<\/strong> pour lancer le processus. La mesure est effectu\u00e9e en fonctions des param\u00e8tres qui ont \u00e9t\u00e9 introduits dans le menu. Le temps d&#8217;analyse pour chaque <strong>Chromarod<\/strong>\u00a0est compris entre\u00a0<strong>25 sec<\/strong>\u00a0et\u00a0<strong>60 sec<\/strong>. Il est fix\u00e9 par l&#8217;op\u00e9rateur lors de l&#8217;\u00e9tablissement du menu.<\/em><\/p>\n<p><b>Chromatographie sur baguettes de quartz&#8230; le Chromarod:<\/b><\/p>\n<p>Le support chromatographique appel\u00e9 <em><strong>Chromarod<\/strong>\u00a0<\/em>\u00a0ou\u00a0<strong>microcolonne-S<\/strong>\u00a0est une baguette en\u00a0<strong>quartz<\/strong>\u00a0de 1 mm de diam\u00e8tre recouvert d&#8217;une pellicule de\u00a0<strong>75\u00b5m<\/strong>\u00a0d&#8217;\u00e9paisseur de\u00a0<strong>phase SiO2<\/strong>\u00a0a fine granulom\u00e9trie:\u00a0<strong>3-5 \u00b5m<\/strong>\u00a0associ\u00e9e \u00e0 un\u00a0<strong>liant inorganique<\/strong>.<\/p>\n<p>Les <em><strong>Chromarod<\/strong><\/em><strong>s<\/strong> permettent d&#8217;obtenir d&#8217;excellentes s\u00e9parations avec une bonne r\u00e9p\u00e9tabilit\u00e9.<\/p>\n<p>Selon le type de composants \u00e0 s\u00e9parer les <em><strong>Chromarod<\/strong><\/em><strong>s\u00a0<\/strong>peuvent \u00eatre &#8220;pr\u00e9par\u00e9s&#8221; en les immergeant au pr\u00e9alable dans des bains . Si l&#8217;on veut par exemple obtenir une excellente s\u00e9paration des\u00a0<strong>triglyc\u00e9rides<\/strong> en fonction de leur degr\u00e9 d&#8217;insaturation ou des\u00a0<strong>isom\u00e8res de glyc\u00e9rides\u00a0<\/strong>on pourra les tremper dans une solution de\u00a0<strong>nitrate d&#8217;argent<\/strong>\u00a0ou de\u00a0<strong>d&#8217;acide borique\u00a0<\/strong>respectivement.<\/p>\n<p><b>Le br\u00fblage partiel &#8230;une sp\u00e9cificit\u00e9 du Iatroscan:<\/b><\/p>\n<p>La m\u00e9thode consiste \u00e0 s\u00e9parer tous les constituants d&#8217;un m\u00e9lange en utilisant un coktail d&#8217;\u00e9luents de polarit\u00e9s diff\u00e9rentes.<\/p>\n<p>Dans un premier temps on utilise un \u00e9luent de\u00a0<strong>polarit\u00e9 A\u00a0<\/strong>qui va entra\u00eener une partie des mol\u00e9cules alors que le reste de l&#8217;\u00e9chantillon ne d\u00e9colle pas ou peu du d\u00e9p\u00f4t La partie du support contenant les mol\u00e9cules \u00a0qui ont migr\u00e9 est br\u00fbl\u00e9e. On obtient leur quantification et les r\u00e9sultats sont automatiquement\u00a0<strong>stock\u00e9s en m\u00e9moire<\/strong>.<\/p>\n<p>La partie d&#8217;\u00e9chantillon pr\u00e9serv\u00e9e (non br\u00fbl\u00e9e) est ensuite\u00a0<strong>\u00e9lu\u00e9e<\/strong> avec un \u00e9luant de polarit\u00e9 B pour s\u00e9parer les autres mol\u00e9cules ,etc&#8230; autant de fois que n\u00e9cessaire. Apr\u00e8s avoir utilis\u00e9 le dernier \u00e9luent du cocktail, les <strong>chromarods\u00a0<\/strong>sont br\u00fbl\u00e9s sur toute leur longueur, y compris ce qui reste au d\u00e9p\u00f4t.<\/p>\n<p>A chaque \u00e9tape les \u00a0r\u00e9sultats sont associ\u00e9s aux premiers. Pour chaque \u00e9chantillon on obtient finalement un\u00a0<strong>chromatogramme complet<\/strong>\u00a0de toutes les mol\u00e9cules polaires \u00e0 apolaires. Cette technique qui utilise un support unique et une d\u00e9tection identique pour chaque \u00e9chantillon permet d&#8217;obtenir les\u00a0<strong>% compar\u00e9s<\/strong>\u00a0entre mol\u00e9cules d&#8217;un m\u00eame \u00e9chantillon et entre les diff\u00e9rents \u00e9chantillons, la\u00a0<strong>d\u00e9tection FID<\/strong>\u00a0pr\u00e9sentant l&#8217;avantage de rendre une<strong>\u00a0r\u00e9ponse lin\u00e9aire<\/strong>\u00a0sur une tr\u00e8s large \u00e9chelle \u00a0en fonction de la concentration.<\/p>\n<p><img decoding=\"async\" class=\"alignnone wp-image-337 size-medium\" src=\"https:\/\/www.bionis.fr\/wp-content\/uploads\/2020\/08\/0f8fa820-394x500.jpg\" alt=\"\" width=\"394\" height=\"500\" srcset=\"https:\/\/www.bionis.fr\/wp-content\/uploads\/2020\/08\/0f8fa820-394x500.jpg 394w, https:\/\/www.bionis.fr\/wp-content\/uploads\/2020\/08\/0f8fa820-400x508.jpg 400w, https:\/\/www.bionis.fr\/wp-content\/uploads\/2020\/08\/0f8fa820.jpg 506w\" sizes=\"(max-width: 394px) 85vw, 394px\" \/><\/p>\n<p><em>* Le <strong>Iatroscan MK7s<\/strong> fonctionne avec la plupart des logiciels HPLC\/GC du march\u00e9. Compatibilit\u00e9 \u00e0 confirmer apr\u00e8s \u00e9tude par notre service technique.<\/em><\/p>\n","protected":false},"excerpt":{"rendered":"<p><strong>R\u00e9f\u00e9rence: 7001<\/strong><\/p>\n<p>Le <strong>Iatroscan MK7s HPTLC\/FID<\/strong> est la combinaison astucieuse de deux technologies compl\u00e9mentaires:<\/p>\n<ul>\n<li>-Migration sur baguettes quartz HPTLC<\/li>\n<li>-D\u00e9tection par \u00e9lectrode FID<\/li>\n<\/ul>\n<p>Cette approche astucieuse permet au Iatroscan MK7s de r\u00e9pondre avec <strong>fiabilit\u00e9<\/strong> aux probl\u00e9matiques rencontr\u00e9es pour la caract\u00e9risation de certaines substances <strong>peu volatiles<\/strong> ou <strong>sans absorption UV<\/strong>.<\/p>\n<p>Les principaux avantages du syst\u00e8me <strong>Iatroscan MK7s FID<\/strong>\u00a0sont les suivants:<\/p>\n<ul>\n<li>-Possibilit\u00e9 de travailler en simultan\u00e9 sur 10 Chromarods<\/li>\n<li>-Nombreux champs d\u2019application<\/li>\n<li>-Les Chromarods sont r\u00e9utilisables plus de 50 fois<\/li>\n<li>-20-30 minutes d&#8217;analyse en moyenne (selon la m\u00e9thode)<\/li>\n<\/ul>\n","protected":false},"featured_media":2598,"template":"","meta":[],"product_brand":[],"product_cat":[36,26],"product_tag":[],"class_list":{"0":"post-314","1":"product","2":"type-product","3":"status-publish","4":"has-post-thumbnail","6":"product_cat-iatroscan","7":"product_cat-evaluation-densitometrique","9":"first","10":"instock","11":"taxable","12":"shipping-taxable","13":"product-type-simple"},"yoast_head":"<!-- This site is optimized with the Yoast SEO plugin v27.4 - https:\/\/yoast.com\/product\/yoast-seo-wordpress\/ -->\n<title>Iatroscan MK7s HPTLC\/FID - Bionis<\/title>\n<meta name=\"description\" content=\"R\u00e9f\u00e9rence: 7001  Le Iatroscan MK7s HPTLC\/FID est la combinaison astucieuse de deux technologies compl\u00e9mentaires:   -Migration sur baguettes quartz HPTLC  -D\u00e9tection par \u00e9lectrode FID  Cette approche astucieuse permet au Iatroscan MK7s de r\u00e9pondre avec fiabilit\u00e9 aux probl\u00e9matiques rencontr\u00e9es pour la caract\u00e9risation de certaines substances peu volatiles ou sans absorption UV.  Les principaux avantages du syst\u00e8me Iatroscan MK7s FID\u00a0sont les suivants:   -Possibilit\u00e9 de travailler en simultan\u00e9 sur 10 Chromarods  -Nombreux champs d\u2019application  -Les Chromarods sont r\u00e9utilisables plus de 50 fois  -20-30 minutes d&#039;analyse en moyenne (selon la m\u00e9thode)\" \/>\n<meta name=\"robots\" content=\"index, follow, max-snippet:-1, max-image-preview:large, max-video-preview:-1\" \/>\n<link rel=\"canonical\" href=\"https:\/\/www.bionis.fr\/produit\/iatroscan-mk6s\/\" \/>\n<meta property=\"og:locale\" content=\"en_US\" \/>\n<meta property=\"og:type\" content=\"article\" \/>\n<meta property=\"og:title\" content=\"Iatroscan MK7s HPTLC\/FID - Bionis\" \/>\n<meta property=\"og:description\" content=\"R\u00e9f\u00e9rence: 7001  Le Iatroscan MK7s HPTLC\/FID est la combinaison astucieuse de deux technologies compl\u00e9mentaires:   -Migration sur baguettes quartz HPTLC  -D\u00e9tection par \u00e9lectrode FID  Cette approche astucieuse permet au Iatroscan MK7s de r\u00e9pondre avec fiabilit\u00e9 aux probl\u00e9matiques rencontr\u00e9es pour la caract\u00e9risation de certaines substances peu volatiles ou sans absorption UV.  Les principaux avantages du syst\u00e8me Iatroscan MK7s FID\u00a0sont les suivants:   -Possibilit\u00e9 de travailler en simultan\u00e9 sur 10 Chromarods  -Nombreux champs d\u2019application  -Les Chromarods sont r\u00e9utilisables plus de 50 fois  -20-30 minutes d&#039;analyse en moyenne (selon la m\u00e9thode)\" \/>\n<meta property=\"og:url\" content=\"https:\/\/www.bionis.fr\/produit\/iatroscan-mk6s\/\" \/>\n<meta property=\"og:site_name\" content=\"Bionis\" \/>\n<meta property=\"article:modified_time\" content=\"2022-07-19T09:55:19+00:00\" \/>\n<meta property=\"og:image\" content=\"https:\/\/www.bionis.fr\/wp-content\/uploads\/2020\/08\/700x700IatroscanMK7-2.png\" \/>\n\t<meta property=\"og:image:width\" content=\"700\" \/>\n\t<meta property=\"og:image:height\" content=\"700\" \/>\n\t<meta property=\"og:image:type\" content=\"image\/png\" \/>\n<meta name=\"twitter:card\" content=\"summary_large_image\" \/>\n<meta name=\"twitter:label1\" content=\"Est. reading time\" \/>\n\t<meta name=\"twitter:data1\" content=\"4 minutes\" \/>\n<script type=\"application\/ld+json\" class=\"yoast-schema-graph\">{\"@context\":\"https:\\\/\\\/schema.org\",\"@graph\":[{\"@type\":\"WebPage\",\"@id\":\"https:\\\/\\\/www.bionis.fr\\\/produit\\\/iatroscan-mk6s\\\/\",\"url\":\"https:\\\/\\\/www.bionis.fr\\\/produit\\\/iatroscan-mk6s\\\/\",\"name\":\"Iatroscan MK7s HPTLC\\\/FID - Bionis\",\"isPartOf\":{\"@id\":\"https:\\\/\\\/www.bionis.fr\\\/#website\"},\"primaryImageOfPage\":{\"@id\":\"https:\\\/\\\/www.bionis.fr\\\/produit\\\/iatroscan-mk6s\\\/#primaryimage\"},\"image\":{\"@id\":\"https:\\\/\\\/www.bionis.fr\\\/produit\\\/iatroscan-mk6s\\\/#primaryimage\"},\"thumbnailUrl\":\"https:\\\/\\\/www.bionis.fr\\\/wp-content\\\/uploads\\\/2020\\\/08\\\/700x700IatroscanMK7-2.png\",\"datePublished\":\"2020-08-02T18:44:39+00:00\",\"dateModified\":\"2022-07-19T09:55:19+00:00\",\"description\":\"R\u00e9f\u00e9rence: 7001 Le Iatroscan MK7s HPTLC\\\/FID est la combinaison astucieuse de deux technologies compl\u00e9mentaires: -Migration sur baguettes quartz HPTLC -D\u00e9tection par \u00e9lectrode FID Cette approche astucieuse permet au Iatroscan MK7s de r\u00e9pondre avec fiabilit\u00e9 aux probl\u00e9matiques rencontr\u00e9es pour la caract\u00e9risation de certaines substances peu volatiles ou sans absorption UV. Les principaux avantages du syst\u00e8me Iatroscan MK7s FID\u00a0sont les suivants: -Possibilit\u00e9 de travailler en simultan\u00e9 sur 10 Chromarods -Nombreux champs d\u2019application -Les Chromarods sont r\u00e9utilisables plus de 50 fois -20-30 minutes d'analyse en moyenne (selon la m\u00e9thode)\",\"breadcrumb\":{\"@id\":\"https:\\\/\\\/www.bionis.fr\\\/produit\\\/iatroscan-mk6s\\\/#breadcrumb\"},\"inLanguage\":\"en-US\",\"potentialAction\":[{\"@type\":\"ReadAction\",\"target\":[\"https:\\\/\\\/www.bionis.fr\\\/produit\\\/iatroscan-mk6s\\\/\"]}]},{\"@type\":\"ImageObject\",\"inLanguage\":\"en-US\",\"@id\":\"https:\\\/\\\/www.bionis.fr\\\/produit\\\/iatroscan-mk6s\\\/#primaryimage\",\"url\":\"https:\\\/\\\/www.bionis.fr\\\/wp-content\\\/uploads\\\/2020\\\/08\\\/700x700IatroscanMK7-2.png\",\"contentUrl\":\"https:\\\/\\\/www.bionis.fr\\\/wp-content\\\/uploads\\\/2020\\\/08\\\/700x700IatroscanMK7-2.png\",\"width\":700,\"height\":700},{\"@type\":\"BreadcrumbList\",\"@id\":\"https:\\\/\\\/www.bionis.fr\\\/produit\\\/iatroscan-mk6s\\\/#breadcrumb\",\"itemListElement\":[{\"@type\":\"ListItem\",\"position\":1,\"name\":\"Accueil\",\"item\":\"https:\\\/\\\/www.bionis.fr\\\/en\\\/\"},{\"@type\":\"ListItem\",\"position\":2,\"name\":\"Shop\",\"item\":\"https:\\\/\\\/www.bionis.fr\\\/en\\\/shop\\\/\"},{\"@type\":\"ListItem\",\"position\":3,\"name\":\"Iatroscan MK7s HPTLC\\\/FID\"}]},{\"@type\":\"WebSite\",\"@id\":\"https:\\\/\\\/www.bionis.fr\\\/#website\",\"url\":\"https:\\\/\\\/www.bionis.fr\\\/\",\"name\":\"Bionis\",\"description\":\"The Thin Layer Chromatography Solution\",\"publisher\":{\"@id\":\"https:\\\/\\\/www.bionis.fr\\\/#organization\"},\"potentialAction\":[{\"@type\":\"SearchAction\",\"target\":{\"@type\":\"EntryPoint\",\"urlTemplate\":\"https:\\\/\\\/www.bionis.fr\\\/?s={search_term_string}\"},\"query-input\":{\"@type\":\"PropertyValueSpecification\",\"valueRequired\":true,\"valueName\":\"search_term_string\"}}],\"inLanguage\":\"en-US\"},{\"@type\":\"Organization\",\"@id\":\"https:\\\/\\\/www.bionis.fr\\\/#organization\",\"name\":\"Bionis\",\"url\":\"https:\\\/\\\/www.bionis.fr\\\/\",\"logo\":{\"@type\":\"ImageObject\",\"inLanguage\":\"en-US\",\"@id\":\"https:\\\/\\\/www.bionis.fr\\\/#\\\/schema\\\/logo\\\/image\\\/\",\"url\":\"https:\\\/\\\/www.bionis.fr\\\/wp-content\\\/uploads\\\/2020\\\/07\\\/bionis-logo.png\",\"contentUrl\":\"https:\\\/\\\/www.bionis.fr\\\/wp-content\\\/uploads\\\/2020\\\/07\\\/bionis-logo.png\",\"width\":500,\"height\":125,\"caption\":\"Bionis\"},\"image\":{\"@id\":\"https:\\\/\\\/www.bionis.fr\\\/#\\\/schema\\\/logo\\\/image\\\/\"},\"sameAs\":[\"https:\\\/\\\/www.linkedin.com\\\/company\\\/bionis-sas?originalSubdomain=fr\"]}]}<\/script>\n<!-- \/ Yoast SEO plugin. -->","yoast_head_json":{"title":"Iatroscan MK7s HPTLC\/FID - Bionis","description":"R\u00e9f\u00e9rence: 7001  Le Iatroscan MK7s HPTLC\/FID est la combinaison astucieuse de deux technologies compl\u00e9mentaires:   -Migration sur baguettes quartz HPTLC  -D\u00e9tection par \u00e9lectrode FID  Cette approche astucieuse permet au Iatroscan MK7s de r\u00e9pondre avec fiabilit\u00e9 aux probl\u00e9matiques rencontr\u00e9es pour la caract\u00e9risation de certaines substances peu volatiles ou sans absorption UV.  Les principaux avantages du syst\u00e8me Iatroscan MK7s FID\u00a0sont les suivants:   -Possibilit\u00e9 de travailler en simultan\u00e9 sur 10 Chromarods  -Nombreux champs d\u2019application  -Les Chromarods sont r\u00e9utilisables plus de 50 fois  -20-30 minutes d'analyse en moyenne (selon la m\u00e9thode)","robots":{"index":"index","follow":"follow","max-snippet":"max-snippet:-1","max-image-preview":"max-image-preview:large","max-video-preview":"max-video-preview:-1"},"canonical":"https:\/\/www.bionis.fr\/produit\/iatroscan-mk6s\/","og_locale":"en_US","og_type":"article","og_title":"Iatroscan MK7s HPTLC\/FID - Bionis","og_description":"R\u00e9f\u00e9rence: 7001  Le Iatroscan MK7s HPTLC\/FID est la combinaison astucieuse de deux technologies compl\u00e9mentaires:   -Migration sur baguettes quartz HPTLC  -D\u00e9tection par \u00e9lectrode FID  Cette approche astucieuse permet au Iatroscan MK7s de r\u00e9pondre avec fiabilit\u00e9 aux probl\u00e9matiques rencontr\u00e9es pour la caract\u00e9risation de certaines substances peu volatiles ou sans absorption UV.  Les principaux avantages du syst\u00e8me Iatroscan MK7s FID\u00a0sont les suivants:   -Possibilit\u00e9 de travailler en simultan\u00e9 sur 10 Chromarods  -Nombreux champs d\u2019application  -Les Chromarods sont r\u00e9utilisables plus de 50 fois  -20-30 minutes d'analyse en moyenne (selon la m\u00e9thode)","og_url":"https:\/\/www.bionis.fr\/produit\/iatroscan-mk6s\/","og_site_name":"Bionis","article_modified_time":"2022-07-19T09:55:19+00:00","og_image":[{"width":700,"height":700,"url":"https:\/\/www.bionis.fr\/wp-content\/uploads\/2020\/08\/700x700IatroscanMK7-2.png","type":"image\/png"}],"twitter_card":"summary_large_image","twitter_misc":{"Est. reading time":"4 minutes"},"schema":{"@context":"https:\/\/schema.org","@graph":[{"@type":"WebPage","@id":"https:\/\/www.bionis.fr\/produit\/iatroscan-mk6s\/","url":"https:\/\/www.bionis.fr\/produit\/iatroscan-mk6s\/","name":"Iatroscan MK7s HPTLC\/FID - Bionis","isPartOf":{"@id":"https:\/\/www.bionis.fr\/#website"},"primaryImageOfPage":{"@id":"https:\/\/www.bionis.fr\/produit\/iatroscan-mk6s\/#primaryimage"},"image":{"@id":"https:\/\/www.bionis.fr\/produit\/iatroscan-mk6s\/#primaryimage"},"thumbnailUrl":"https:\/\/www.bionis.fr\/wp-content\/uploads\/2020\/08\/700x700IatroscanMK7-2.png","datePublished":"2020-08-02T18:44:39+00:00","dateModified":"2022-07-19T09:55:19+00:00","description":"R\u00e9f\u00e9rence: 7001 Le Iatroscan MK7s HPTLC\/FID est la combinaison astucieuse de deux technologies compl\u00e9mentaires: -Migration sur baguettes quartz HPTLC -D\u00e9tection par \u00e9lectrode FID Cette approche astucieuse permet au Iatroscan MK7s de r\u00e9pondre avec fiabilit\u00e9 aux probl\u00e9matiques rencontr\u00e9es pour la caract\u00e9risation de certaines substances peu volatiles ou sans absorption UV. Les principaux avantages du syst\u00e8me Iatroscan MK7s FID\u00a0sont les suivants: -Possibilit\u00e9 de travailler en simultan\u00e9 sur 10 Chromarods -Nombreux champs d\u2019application -Les Chromarods sont r\u00e9utilisables plus de 50 fois -20-30 minutes d'analyse en moyenne (selon la m\u00e9thode)","breadcrumb":{"@id":"https:\/\/www.bionis.fr\/produit\/iatroscan-mk6s\/#breadcrumb"},"inLanguage":"en-US","potentialAction":[{"@type":"ReadAction","target":["https:\/\/www.bionis.fr\/produit\/iatroscan-mk6s\/"]}]},{"@type":"ImageObject","inLanguage":"en-US","@id":"https:\/\/www.bionis.fr\/produit\/iatroscan-mk6s\/#primaryimage","url":"https:\/\/www.bionis.fr\/wp-content\/uploads\/2020\/08\/700x700IatroscanMK7-2.png","contentUrl":"https:\/\/www.bionis.fr\/wp-content\/uploads\/2020\/08\/700x700IatroscanMK7-2.png","width":700,"height":700},{"@type":"BreadcrumbList","@id":"https:\/\/www.bionis.fr\/produit\/iatroscan-mk6s\/#breadcrumb","itemListElement":[{"@type":"ListItem","position":1,"name":"Accueil","item":"https:\/\/www.bionis.fr\/en\/"},{"@type":"ListItem","position":2,"name":"Shop","item":"https:\/\/www.bionis.fr\/en\/shop\/"},{"@type":"ListItem","position":3,"name":"Iatroscan MK7s HPTLC\/FID"}]},{"@type":"WebSite","@id":"https:\/\/www.bionis.fr\/#website","url":"https:\/\/www.bionis.fr\/","name":"Bionis","description":"The Thin Layer Chromatography Solution","publisher":{"@id":"https:\/\/www.bionis.fr\/#organization"},"potentialAction":[{"@type":"SearchAction","target":{"@type":"EntryPoint","urlTemplate":"https:\/\/www.bionis.fr\/?s={search_term_string}"},"query-input":{"@type":"PropertyValueSpecification","valueRequired":true,"valueName":"search_term_string"}}],"inLanguage":"en-US"},{"@type":"Organization","@id":"https:\/\/www.bionis.fr\/#organization","name":"Bionis","url":"https:\/\/www.bionis.fr\/","logo":{"@type":"ImageObject","inLanguage":"en-US","@id":"https:\/\/www.bionis.fr\/#\/schema\/logo\/image\/","url":"https:\/\/www.bionis.fr\/wp-content\/uploads\/2020\/07\/bionis-logo.png","contentUrl":"https:\/\/www.bionis.fr\/wp-content\/uploads\/2020\/07\/bionis-logo.png","width":500,"height":125,"caption":"Bionis"},"image":{"@id":"https:\/\/www.bionis.fr\/#\/schema\/logo\/image\/"},"sameAs":["https:\/\/www.linkedin.com\/company\/bionis-sas?originalSubdomain=fr"]}]}},"_links":{"self":[{"href":"https:\/\/www.bionis.fr\/en\/wp-json\/wp\/v2\/product\/314","targetHints":{"allow":["GET"]}}],"collection":[{"href":"https:\/\/www.bionis.fr\/en\/wp-json\/wp\/v2\/product"}],"about":[{"href":"https:\/\/www.bionis.fr\/en\/wp-json\/wp\/v2\/types\/product"}],"wp:featuredmedia":[{"embeddable":true,"href":"https:\/\/www.bionis.fr\/en\/wp-json\/wp\/v2\/media\/2598"}],"wp:attachment":[{"href":"https:\/\/www.bionis.fr\/en\/wp-json\/wp\/v2\/media?parent=314"}],"wp:term":[{"taxonomy":"product_brand","embeddable":true,"href":"https:\/\/www.bionis.fr\/en\/wp-json\/wp\/v2\/product_brand?post=314"},{"taxonomy":"product_cat","embeddable":true,"href":"https:\/\/www.bionis.fr\/en\/wp-json\/wp\/v2\/product_cat?post=314"},{"taxonomy":"product_tag","embeddable":true,"href":"https:\/\/www.bionis.fr\/en\/wp-json\/wp\/v2\/product_tag?post=314"}],"curies":[{"name":"wp","href":"https:\/\/api.w.org\/{rel}","templated":true}]}}