{"id":327,"date":"2020-08-03T20:33:36","date_gmt":"2020-08-03T18:33:36","guid":{"rendered":"https:\/\/www.bionis.fr\/?post_type=product&#038;p=327"},"modified":"2022-08-10T13:55:08","modified_gmt":"2022-08-10T11:55:08","slug":"iatroscan-mk7s-bitumes-sara","status":"publish","type":"product","link":"https:\/\/www.bionis.fr\/en\/produit\/iatroscan-mk7s-bitumes-sara\/","title":{"rendered":"Iatroscan MK7s Bitumes SARA"},"content":{"rendered":"<p>La s\u00e9paration des 4 familles SARA permet de calculer avec pr\u00e9cision l&#8217;indice d&#8217;instabilit\u00e9 collo\u00efdale (Ic).<\/p>\n<p><img decoding=\"async\" class=\"alignnone size-full wp-image-329\" src=\"https:\/\/www.bionis.fr\/wp-content\/uploads\/2020\/08\/Indice_colloidal.png\" alt=\"\" width=\"375\" height=\"70\" \/><br \/>\nCet indice refl\u00e8te l&#8217;\u00e9tat de <strong>dispersion des Asphalt\u00e8nes<\/strong> dans le milieu inter-micellaire. Plus la valeur de l&#8217;Ic est \u00e9lev\u00e9e, plus la stabilit\u00e9 collo\u00efdale du bitume est faible, et plus le bitume est dit &#8220;Structur\u00e9&#8221;.<\/p>\n<p>Ce calcul permet, entre autres, de d\u00e9tecter un <strong>indice collo\u00efdal d\u00e9stabilis\u00e9<\/strong> et de d\u00e9terminer si un additif poss\u00e8de les caract\u00e9ristiques n\u00e9cessaires permettant de r\u00e9-\u00e9quilibrer l&#8217;indice collo\u00efdal.<\/p>\n<p>&nbsp;<\/p>\n<p><img fetchpriority=\"high\" decoding=\"async\" class=\"alignnone size-medium wp-image-331\" src=\"https:\/\/www.bionis.fr\/wp-content\/uploads\/2020\/08\/Fuel-oil-fingerprint-649x500.png\" alt=\"\" width=\"649\" height=\"500\" srcset=\"https:\/\/www.bionis.fr\/wp-content\/uploads\/2020\/08\/Fuel-oil-fingerprint-649x500.png 649w, https:\/\/www.bionis.fr\/wp-content\/uploads\/2020\/08\/Fuel-oil-fingerprint-1330x1024.png 1330w, https:\/\/www.bionis.fr\/wp-content\/uploads\/2020\/08\/Fuel-oil-fingerprint-768x591.png 768w, https:\/\/www.bionis.fr\/wp-content\/uploads\/2020\/08\/Fuel-oil-fingerprint-1536x1183.png 1536w, https:\/\/www.bionis.fr\/wp-content\/uploads\/2020\/08\/Fuel-oil-fingerprint-1200x924.png 1200w, https:\/\/www.bionis.fr\/wp-content\/uploads\/2020\/08\/Fuel-oil-fingerprint-400x308.png 400w, https:\/\/www.bionis.fr\/wp-content\/uploads\/2020\/08\/Fuel-oil-fingerprint.png 2000w\" sizes=\"(max-width: 709px) 85vw, (max-width: 909px) 67vw, (max-width: 984px) 61vw, (max-width: 1362px) 45vw, 600px\" \/><\/p>\n<p>le <strong>Iatroscan MK7s Bitumes<\/strong> est donc la solution la plus rapide ( moins d&#8217;une heure pour une analyse compl\u00e8te ), la plus \u00e9conomique ( pas de consommables except\u00e9 les chromarods r\u00e9-utilsables plus de 50 fois ), en un mot, la mieux adapt\u00e9e aux analyses des bitumes SARA.<\/p>\n<p><strong>S\u00e9paration des familles d&#8217;Aromatiques:<\/strong><\/p>\n<p>Une des nombreuses m\u00e9thodes autoris\u00e9es par le Iatroscan est la possibilit\u00e9 de s\u00e9parer les aromatiques en 3 groupes, correspondant aux Mono-, Di- et Poly-aromatiques.<\/p>\n<p>&nbsp;<\/p>\n<p><img decoding=\"async\" class=\"alignnone size-medium wp-image-332\" src=\"https:\/\/www.bionis.fr\/wp-content\/uploads\/2020\/08\/AromaticsChromStar-589x500.jpg\" alt=\"\" width=\"589\" height=\"500\" srcset=\"https:\/\/www.bionis.fr\/wp-content\/uploads\/2020\/08\/AromaticsChromStar-589x500.jpg 589w, https:\/\/www.bionis.fr\/wp-content\/uploads\/2020\/08\/AromaticsChromStar-400x340.jpg 400w, https:\/\/www.bionis.fr\/wp-content\/uploads\/2020\/08\/AromaticsChromStar.jpg 649w\" sizes=\"(max-width: 589px) 85vw, 589px\" \/><\/p>\n<p>&nbsp;<\/p>\n<p>Les r\u00e9sultats de la technologie HPTLC\/FID <strong>Iatroscan\u00a0 MK7s<\/strong> ont \u00e9t\u00e9 compar\u00e9s \u00e0 ceux de la chromatographie sur colonne classique. Il en r\u00e9sulte une bien meilleure r\u00e9solution avec la <strong>s\u00e9paration sur Chromarods<\/strong> que par chromatographie sur colonne.<\/p>\n<p>Avec cette m\u00e9thode, il est possible d\u2019obtenir une meilleure <strong>vue d\u2019ensemble<\/strong> de la <strong>composition et de la qualit\u00e9 du bitume<\/strong>, en particulier pour ce qui concerne la <strong>liaison optimale des polym\u00e8res<\/strong>.<\/p>\n<p><a href=\"https:\/\/www.bionis.fr\/ressources\/\">Autres exemples d&#8217;applications Bitumes<\/a><\/p>\n<p>&nbsp;<\/p>\n<p>&nbsp;<\/p>\n","protected":false},"excerpt":{"rendered":"<p><strong>R\u00e9f\u00e9rence Iatroscan MK7s HPTLC\/FID Bitumes: 7001-Bi<\/strong><\/p>\n<p>Le <strong>Iatroscan MK7s Bitumes <\/strong>est l&#8217;outil id\u00e9al pour la qualification et la quantification des <strong>\u00e9chantillons bitumineux,<\/strong> et plus particuli\u00e8rement la s\u00e9paration des 4 compos\u00e9s principaux ( Satur\u00e9s, Aromatiques, R\u00e9sines, Asphalt\u00e8nes ) en fonction de leur polarit\u00e9.<\/p>\n<p>La migration sur baguettes quartz \u00e9vite les <strong>risques d&#8217;endommagement<\/strong> des colonnes chromatographiques d&#8217;autres technologies, et la d\u00e9tection par <strong>capteur \u00e0 Ionisation de Flamme FID<\/strong> assure une d\u00e9tection pr\u00e9cise et fiable d&#8217;une large gamme des compos\u00e9s tr\u00e8s volatils.<\/p>\n","protected":false},"featured_media":2598,"template":"","meta":[],"product_brand":[],"product_cat":[36],"product_tag":[],"class_list":{"0":"post-327","1":"product","2":"type-product","3":"status-publish","4":"has-post-thumbnail","6":"product_cat-iatroscan","8":"first","9":"instock","10":"taxable","11":"shipping-taxable","12":"product-type-simple"},"yoast_head":"<!-- This site is optimized with the Yoast SEO plugin v27.5 - https:\/\/yoast.com\/product\/yoast-seo-wordpress\/ -->\n<title>Iatroscan MK7s Bitumes SARA - Bionis<\/title>\n<meta name=\"description\" content=\"R\u00e9f\u00e9rence Iatroscan MK7s HPTLC\/FID Bitumes: 7001-Bi  Le Iatroscan MK7s Bitumes est l&#039;outil id\u00e9al pour la qualification et la quantification des \u00e9chantillons bitumineux, et plus particuli\u00e8rement la s\u00e9paration des 4 compos\u00e9s principaux ( Satur\u00e9s, Aromatiques, R\u00e9sines, Asphalt\u00e8nes ) en fonction de leur polarit\u00e9.  La migration sur baguettes quartz \u00e9vite les risques d&#039;endommagement des colonnes chromatographiques d&#039;autres technologies, et la d\u00e9tection par capteur \u00e0 Ionisation de Flamme FID assure une d\u00e9tection pr\u00e9cise et fiable d&#039;une large gamme des compos\u00e9s tr\u00e8s volatils.\" \/>\n<meta name=\"robots\" content=\"index, follow, max-snippet:-1, max-image-preview:large, max-video-preview:-1\" \/>\n<link rel=\"canonical\" href=\"https:\/\/www.bionis.fr\/produit\/iatroscan-mk7s-bitumes-sara\/\" \/>\n<meta property=\"og:locale\" content=\"en_US\" \/>\n<meta property=\"og:type\" content=\"article\" \/>\n<meta property=\"og:title\" content=\"Iatroscan MK7s Bitumes SARA - Bionis\" \/>\n<meta property=\"og:description\" content=\"R\u00e9f\u00e9rence Iatroscan MK7s HPTLC\/FID Bitumes: 7001-Bi  Le Iatroscan MK7s Bitumes est l&#039;outil id\u00e9al pour la qualification et la quantification des \u00e9chantillons bitumineux, et plus particuli\u00e8rement la s\u00e9paration des 4 compos\u00e9s principaux ( Satur\u00e9s, Aromatiques, R\u00e9sines, Asphalt\u00e8nes ) en fonction de leur polarit\u00e9.  La migration sur baguettes quartz \u00e9vite les risques d&#039;endommagement des colonnes chromatographiques d&#039;autres technologies, et la d\u00e9tection par capteur \u00e0 Ionisation de Flamme FID assure une d\u00e9tection pr\u00e9cise et fiable d&#039;une large gamme des compos\u00e9s tr\u00e8s volatils.\" \/>\n<meta property=\"og:url\" content=\"https:\/\/www.bionis.fr\/produit\/iatroscan-mk7s-bitumes-sara\/\" \/>\n<meta property=\"og:site_name\" content=\"Bionis\" \/>\n<meta property=\"article:modified_time\" content=\"2022-08-10T11:55:08+00:00\" \/>\n<meta property=\"og:image\" content=\"https:\/\/www.bionis.fr\/wp-content\/uploads\/2020\/08\/700x700IatroscanMK7-2.png\" \/>\n\t<meta property=\"og:image:width\" content=\"700\" \/>\n\t<meta property=\"og:image:height\" content=\"700\" \/>\n\t<meta property=\"og:image:type\" content=\"image\/png\" \/>\n<meta name=\"twitter:card\" content=\"summary_large_image\" \/>\n<meta name=\"twitter:label1\" content=\"Est. reading time\" \/>\n\t<meta name=\"twitter:data1\" content=\"1 minute\" \/>\n<script type=\"application\/ld+json\" class=\"yoast-schema-graph\">{\"@context\":\"https:\\\/\\\/schema.org\",\"@graph\":[{\"@type\":\"WebPage\",\"@id\":\"https:\\\/\\\/www.bionis.fr\\\/produit\\\/iatroscan-mk7s-bitumes-sara\\\/\",\"url\":\"https:\\\/\\\/www.bionis.fr\\\/produit\\\/iatroscan-mk7s-bitumes-sara\\\/\",\"name\":\"Iatroscan MK7s Bitumes SARA - Bionis\",\"isPartOf\":{\"@id\":\"https:\\\/\\\/www.bionis.fr\\\/#website\"},\"primaryImageOfPage\":{\"@id\":\"https:\\\/\\\/www.bionis.fr\\\/produit\\\/iatroscan-mk7s-bitumes-sara\\\/#primaryimage\"},\"image\":{\"@id\":\"https:\\\/\\\/www.bionis.fr\\\/produit\\\/iatroscan-mk7s-bitumes-sara\\\/#primaryimage\"},\"thumbnailUrl\":\"https:\\\/\\\/www.bionis.fr\\\/wp-content\\\/uploads\\\/2020\\\/08\\\/700x700IatroscanMK7-2.png\",\"datePublished\":\"2020-08-03T18:33:36+00:00\",\"dateModified\":\"2022-08-10T11:55:08+00:00\",\"description\":\"R\u00e9f\u00e9rence Iatroscan MK7s HPTLC\\\/FID Bitumes: 7001-Bi Le Iatroscan MK7s Bitumes est l'outil id\u00e9al pour la qualification et la quantification des \u00e9chantillons bitumineux, et plus particuli\u00e8rement la s\u00e9paration des 4 compos\u00e9s principaux ( Satur\u00e9s, Aromatiques, R\u00e9sines, Asphalt\u00e8nes ) en fonction de leur polarit\u00e9. La migration sur baguettes quartz \u00e9vite les risques d'endommagement des colonnes chromatographiques d'autres technologies, et la d\u00e9tection par capteur \u00e0 Ionisation de Flamme FID assure une d\u00e9tection pr\u00e9cise et fiable d'une large gamme des compos\u00e9s tr\u00e8s volatils.\",\"breadcrumb\":{\"@id\":\"https:\\\/\\\/www.bionis.fr\\\/produit\\\/iatroscan-mk7s-bitumes-sara\\\/#breadcrumb\"},\"inLanguage\":\"en-US\",\"potentialAction\":[{\"@type\":\"ReadAction\",\"target\":[\"https:\\\/\\\/www.bionis.fr\\\/produit\\\/iatroscan-mk7s-bitumes-sara\\\/\"]}]},{\"@type\":\"ImageObject\",\"inLanguage\":\"en-US\",\"@id\":\"https:\\\/\\\/www.bionis.fr\\\/produit\\\/iatroscan-mk7s-bitumes-sara\\\/#primaryimage\",\"url\":\"https:\\\/\\\/www.bionis.fr\\\/wp-content\\\/uploads\\\/2020\\\/08\\\/700x700IatroscanMK7-2.png\",\"contentUrl\":\"https:\\\/\\\/www.bionis.fr\\\/wp-content\\\/uploads\\\/2020\\\/08\\\/700x700IatroscanMK7-2.png\",\"width\":700,\"height\":700},{\"@type\":\"BreadcrumbList\",\"@id\":\"https:\\\/\\\/www.bionis.fr\\\/produit\\\/iatroscan-mk7s-bitumes-sara\\\/#breadcrumb\",\"itemListElement\":[{\"@type\":\"ListItem\",\"position\":1,\"name\":\"Accueil\",\"item\":\"https:\\\/\\\/www.bionis.fr\\\/en\\\/\"},{\"@type\":\"ListItem\",\"position\":2,\"name\":\"Shop\",\"item\":\"https:\\\/\\\/www.bionis.fr\\\/en\\\/shop\\\/\"},{\"@type\":\"ListItem\",\"position\":3,\"name\":\"Iatroscan MK7s Bitumes SARA\"}]},{\"@type\":\"WebSite\",\"@id\":\"https:\\\/\\\/www.bionis.fr\\\/#website\",\"url\":\"https:\\\/\\\/www.bionis.fr\\\/\",\"name\":\"Bionis\",\"description\":\"The Thin Layer Chromatography Solution\",\"publisher\":{\"@id\":\"https:\\\/\\\/www.bionis.fr\\\/#organization\"},\"potentialAction\":[{\"@type\":\"SearchAction\",\"target\":{\"@type\":\"EntryPoint\",\"urlTemplate\":\"https:\\\/\\\/www.bionis.fr\\\/?s={search_term_string}\"},\"query-input\":{\"@type\":\"PropertyValueSpecification\",\"valueRequired\":true,\"valueName\":\"search_term_string\"}}],\"inLanguage\":\"en-US\"},{\"@type\":\"Organization\",\"@id\":\"https:\\\/\\\/www.bionis.fr\\\/#organization\",\"name\":\"Bionis\",\"url\":\"https:\\\/\\\/www.bionis.fr\\\/\",\"logo\":{\"@type\":\"ImageObject\",\"inLanguage\":\"en-US\",\"@id\":\"https:\\\/\\\/www.bionis.fr\\\/#\\\/schema\\\/logo\\\/image\\\/\",\"url\":\"https:\\\/\\\/www.bionis.fr\\\/wp-content\\\/uploads\\\/2020\\\/07\\\/bionis-logo.png\",\"contentUrl\":\"https:\\\/\\\/www.bionis.fr\\\/wp-content\\\/uploads\\\/2020\\\/07\\\/bionis-logo.png\",\"width\":500,\"height\":125,\"caption\":\"Bionis\"},\"image\":{\"@id\":\"https:\\\/\\\/www.bionis.fr\\\/#\\\/schema\\\/logo\\\/image\\\/\"},\"sameAs\":[\"https:\\\/\\\/www.linkedin.com\\\/company\\\/bionis-sas?originalSubdomain=fr\"]}]}<\/script>\n<!-- \/ Yoast SEO plugin. -->","yoast_head_json":{"title":"Iatroscan MK7s Bitumes SARA - Bionis","description":"R\u00e9f\u00e9rence Iatroscan MK7s HPTLC\/FID Bitumes: 7001-Bi  Le Iatroscan MK7s Bitumes est l'outil id\u00e9al pour la qualification et la quantification des \u00e9chantillons bitumineux, et plus particuli\u00e8rement la s\u00e9paration des 4 compos\u00e9s principaux ( Satur\u00e9s, Aromatiques, R\u00e9sines, Asphalt\u00e8nes ) en fonction de leur polarit\u00e9.  La migration sur baguettes quartz \u00e9vite les risques d'endommagement des colonnes chromatographiques d'autres technologies, et la d\u00e9tection par capteur \u00e0 Ionisation de Flamme FID assure une d\u00e9tection pr\u00e9cise et fiable d'une large gamme des compos\u00e9s tr\u00e8s volatils.","robots":{"index":"index","follow":"follow","max-snippet":"max-snippet:-1","max-image-preview":"max-image-preview:large","max-video-preview":"max-video-preview:-1"},"canonical":"https:\/\/www.bionis.fr\/produit\/iatroscan-mk7s-bitumes-sara\/","og_locale":"en_US","og_type":"article","og_title":"Iatroscan MK7s Bitumes SARA - Bionis","og_description":"R\u00e9f\u00e9rence Iatroscan MK7s HPTLC\/FID Bitumes: 7001-Bi  Le Iatroscan MK7s Bitumes est l'outil id\u00e9al pour la qualification et la quantification des \u00e9chantillons bitumineux, et plus particuli\u00e8rement la s\u00e9paration des 4 compos\u00e9s principaux ( Satur\u00e9s, Aromatiques, R\u00e9sines, Asphalt\u00e8nes ) en fonction de leur polarit\u00e9.  La migration sur baguettes quartz \u00e9vite les risques d'endommagement des colonnes chromatographiques d'autres technologies, et la d\u00e9tection par capteur \u00e0 Ionisation de Flamme FID assure une d\u00e9tection pr\u00e9cise et fiable d'une large gamme des compos\u00e9s tr\u00e8s volatils.","og_url":"https:\/\/www.bionis.fr\/produit\/iatroscan-mk7s-bitumes-sara\/","og_site_name":"Bionis","article_modified_time":"2022-08-10T11:55:08+00:00","og_image":[{"width":700,"height":700,"url":"https:\/\/www.bionis.fr\/wp-content\/uploads\/2020\/08\/700x700IatroscanMK7-2.png","type":"image\/png"}],"twitter_card":"summary_large_image","twitter_misc":{"Est. reading time":"1 minute"},"schema":{"@context":"https:\/\/schema.org","@graph":[{"@type":"WebPage","@id":"https:\/\/www.bionis.fr\/produit\/iatroscan-mk7s-bitumes-sara\/","url":"https:\/\/www.bionis.fr\/produit\/iatroscan-mk7s-bitumes-sara\/","name":"Iatroscan MK7s Bitumes SARA - Bionis","isPartOf":{"@id":"https:\/\/www.bionis.fr\/#website"},"primaryImageOfPage":{"@id":"https:\/\/www.bionis.fr\/produit\/iatroscan-mk7s-bitumes-sara\/#primaryimage"},"image":{"@id":"https:\/\/www.bionis.fr\/produit\/iatroscan-mk7s-bitumes-sara\/#primaryimage"},"thumbnailUrl":"https:\/\/www.bionis.fr\/wp-content\/uploads\/2020\/08\/700x700IatroscanMK7-2.png","datePublished":"2020-08-03T18:33:36+00:00","dateModified":"2022-08-10T11:55:08+00:00","description":"R\u00e9f\u00e9rence Iatroscan MK7s HPTLC\/FID Bitumes: 7001-Bi Le Iatroscan MK7s Bitumes est l'outil id\u00e9al pour la qualification et la quantification des \u00e9chantillons bitumineux, et plus particuli\u00e8rement la s\u00e9paration des 4 compos\u00e9s principaux ( Satur\u00e9s, Aromatiques, R\u00e9sines, Asphalt\u00e8nes ) en fonction de leur polarit\u00e9. La migration sur baguettes quartz \u00e9vite les risques d'endommagement des colonnes chromatographiques d'autres technologies, et la d\u00e9tection par capteur \u00e0 Ionisation de Flamme FID assure une d\u00e9tection pr\u00e9cise et fiable d'une large gamme des compos\u00e9s tr\u00e8s volatils.","breadcrumb":{"@id":"https:\/\/www.bionis.fr\/produit\/iatroscan-mk7s-bitumes-sara\/#breadcrumb"},"inLanguage":"en-US","potentialAction":[{"@type":"ReadAction","target":["https:\/\/www.bionis.fr\/produit\/iatroscan-mk7s-bitumes-sara\/"]}]},{"@type":"ImageObject","inLanguage":"en-US","@id":"https:\/\/www.bionis.fr\/produit\/iatroscan-mk7s-bitumes-sara\/#primaryimage","url":"https:\/\/www.bionis.fr\/wp-content\/uploads\/2020\/08\/700x700IatroscanMK7-2.png","contentUrl":"https:\/\/www.bionis.fr\/wp-content\/uploads\/2020\/08\/700x700IatroscanMK7-2.png","width":700,"height":700},{"@type":"BreadcrumbList","@id":"https:\/\/www.bionis.fr\/produit\/iatroscan-mk7s-bitumes-sara\/#breadcrumb","itemListElement":[{"@type":"ListItem","position":1,"name":"Accueil","item":"https:\/\/www.bionis.fr\/en\/"},{"@type":"ListItem","position":2,"name":"Shop","item":"https:\/\/www.bionis.fr\/en\/shop\/"},{"@type":"ListItem","position":3,"name":"Iatroscan MK7s Bitumes SARA"}]},{"@type":"WebSite","@id":"https:\/\/www.bionis.fr\/#website","url":"https:\/\/www.bionis.fr\/","name":"Bionis","description":"The Thin Layer Chromatography Solution","publisher":{"@id":"https:\/\/www.bionis.fr\/#organization"},"potentialAction":[{"@type":"SearchAction","target":{"@type":"EntryPoint","urlTemplate":"https:\/\/www.bionis.fr\/?s={search_term_string}"},"query-input":{"@type":"PropertyValueSpecification","valueRequired":true,"valueName":"search_term_string"}}],"inLanguage":"en-US"},{"@type":"Organization","@id":"https:\/\/www.bionis.fr\/#organization","name":"Bionis","url":"https:\/\/www.bionis.fr\/","logo":{"@type":"ImageObject","inLanguage":"en-US","@id":"https:\/\/www.bionis.fr\/#\/schema\/logo\/image\/","url":"https:\/\/www.bionis.fr\/wp-content\/uploads\/2020\/07\/bionis-logo.png","contentUrl":"https:\/\/www.bionis.fr\/wp-content\/uploads\/2020\/07\/bionis-logo.png","width":500,"height":125,"caption":"Bionis"},"image":{"@id":"https:\/\/www.bionis.fr\/#\/schema\/logo\/image\/"},"sameAs":["https:\/\/www.linkedin.com\/company\/bionis-sas?originalSubdomain=fr"]}]}},"_links":{"self":[{"href":"https:\/\/www.bionis.fr\/en\/wp-json\/wp\/v2\/product\/327","targetHints":{"allow":["GET"]}}],"collection":[{"href":"https:\/\/www.bionis.fr\/en\/wp-json\/wp\/v2\/product"}],"about":[{"href":"https:\/\/www.bionis.fr\/en\/wp-json\/wp\/v2\/types\/product"}],"wp:featuredmedia":[{"embeddable":true,"href":"https:\/\/www.bionis.fr\/en\/wp-json\/wp\/v2\/media\/2598"}],"wp:attachment":[{"href":"https:\/\/www.bionis.fr\/en\/wp-json\/wp\/v2\/media?parent=327"}],"wp:term":[{"taxonomy":"product_brand","embeddable":true,"href":"https:\/\/www.bionis.fr\/en\/wp-json\/wp\/v2\/product_brand?post=327"},{"taxonomy":"product_cat","embeddable":true,"href":"https:\/\/www.bionis.fr\/en\/wp-json\/wp\/v2\/product_cat?post=327"},{"taxonomy":"product_tag","embeddable":true,"href":"https:\/\/www.bionis.fr\/en\/wp-json\/wp\/v2\/product_tag?post=327"}],"curies":[{"name":"wp","href":"https:\/\/api.w.org\/{rel}","templated":true}]}}