{"id":340,"date":"2020-08-04T09:34:47","date_gmt":"2020-08-04T07:34:47","guid":{"rendered":"https:\/\/www.bionis.fr\/?post_type=product&#038;p=340"},"modified":"2021-01-15T16:06:31","modified_gmt":"2021-01-15T15:06:31","slug":"deposeur-semi-automatique-nts3000","status":"publish","type":"product","link":"https:\/\/www.bionis.fr\/en\/produit\/deposeur-semi-automatique-nts3000\/","title":{"rendered":"D\u00e9poseur automatique NTS3000"},"content":{"rendered":"<p>Diff\u00e9rents types de\u00a0<strong>rin\u00e7ages automatiques\u00a0 programmables<\/strong>.<\/p>\n<p>Le <strong>rep\u00e9rage<\/strong> s\u2019effectue de fa\u00e7on automatique.<\/p>\n<p>Le travail s\u2019ex\u00e9cute sans surveillance selon le protocole indiqu\u00e9. L\u2019instrument g\u00e9n\u00e8re un <strong>signal sonore<\/strong> lorsque les d\u00e9p\u00f4ts sont termin\u00e9s.<\/p>\n<p>La programmation est facile et conviviale, plusieurs protocoles diff\u00e9rents peuvent \u00eatre <strong>stock\u00e9s en m\u00e9moire<\/strong>.<\/p>\n<p><strong>Caract\u00e9ristiques g\u00e9n\u00e9rales: <\/strong><\/p>\n<ul>\n<li><strong>Capacit\u00e9 de la seringue:<\/strong> 25\u00b5L<\/li>\n<li><strong>Capacit\u00e9 du portoir:<\/strong> 10 flacons<\/li>\n<li><strong>Rin\u00e7ages automatiques<\/strong>: 1 x flacon de 10ml pour le solvant et 1 x flacon de 20ml pour les rejets<\/li>\n<li><strong>Dimensions:<\/strong> 280 x 570 x 320 mm (L x H x P)<\/li>\n<li><strong>Alimentation:<\/strong> 100-240Volts +\/- 10%Vac\u00a0; 50-60Hz ; 60Va<\/li>\n<\/ul>\n","protected":false},"excerpt":{"rendered":"<p><strong>R\u00e9f\u00e9rence: NTS3000<\/strong><\/p>\n<p>C&#8217;est le plus petit robot de la CCM.<\/p>\n<p>Parfaitement adapt\u00e9 aux\u00a0<strong>grandes s\u00e9ries<\/strong> il fait gagner un temps pr\u00e9cieux.<\/p>\n<p>Installez votre plaque, disposez vos \u00e9chantillons dans les racks, s\u00e9lectionnez votre protocole et pressez le bouton de d\u00e9marrage, c&#8217;est tout.<\/p>\n<p>Excellente <strong>reproductibilit\u00e9.<\/strong> Alarmes et s\u00e9curit\u00e9s.<\/p>\n<p>Le d\u00e9p\u00f4t par\u00a0<strong>micro-points<\/strong> est parfaitement adapt\u00e9 aux\u00a0 miniplaques HPTLC et aux nano plaques.<\/p>\n","protected":false},"featured_media":341,"template":"","meta":[],"product_brand":[],"product_cat":[35],"product_tag":[],"class_list":{"0":"post-340","1":"product","2":"type-product","3":"status-publish","4":"has-post-thumbnail","6":"product_cat-accessoires-pour-iatroscan","8":"first","9":"instock","10":"taxable","11":"shipping-taxable","12":"product-type-simple"},"yoast_head":"<!-- This site is optimized with the Yoast SEO plugin v27.4 - https:\/\/yoast.com\/product\/yoast-seo-wordpress\/ -->\n<title>D\u00e9poseur automatique NTS3000 - Bionis<\/title>\n<meta name=\"description\" content=\"R\u00e9f\u00e9rence: NTS3000  C&#039;est le plus petit robot de la CCM.  Parfaitement adapt\u00e9 aux\u00a0grandes s\u00e9ries il fait gagner un temps pr\u00e9cieux.  Installez votre plaque, disposez vos \u00e9chantillons dans les racks, s\u00e9lectionnez votre protocole et pressez le bouton de d\u00e9marrage, c&#039;est tout.  Excellente reproductibilit\u00e9. Alarmes et s\u00e9curit\u00e9s.  Le d\u00e9p\u00f4t par\u00a0micro-points est parfaitement adapt\u00e9 aux\u00a0 miniplaques HPTLC et aux nano plaques.\" \/>\n<meta name=\"robots\" content=\"index, follow, max-snippet:-1, max-image-preview:large, max-video-preview:-1\" \/>\n<link rel=\"canonical\" href=\"https:\/\/www.bionis.fr\/produit\/deposeur-semi-automatique-nts3000\/\" \/>\n<meta property=\"og:locale\" content=\"en_US\" \/>\n<meta property=\"og:type\" content=\"article\" \/>\n<meta property=\"og:title\" content=\"D\u00e9poseur automatique NTS3000 - Bionis\" \/>\n<meta property=\"og:description\" content=\"R\u00e9f\u00e9rence: NTS3000  C&#039;est le plus petit robot de la CCM.  Parfaitement adapt\u00e9 aux\u00a0grandes s\u00e9ries il fait gagner un temps pr\u00e9cieux.  Installez votre plaque, disposez vos \u00e9chantillons dans les racks, s\u00e9lectionnez votre protocole et pressez le bouton de d\u00e9marrage, c&#039;est tout.  Excellente reproductibilit\u00e9. Alarmes et s\u00e9curit\u00e9s.  Le d\u00e9p\u00f4t par\u00a0micro-points est parfaitement adapt\u00e9 aux\u00a0 miniplaques HPTLC et aux nano plaques.\" \/>\n<meta property=\"og:url\" content=\"https:\/\/www.bionis.fr\/produit\/deposeur-semi-automatique-nts3000\/\" \/>\n<meta property=\"og:site_name\" content=\"Bionis\" \/>\n<meta property=\"article:modified_time\" content=\"2021-01-15T15:06:31+00:00\" \/>\n<meta property=\"og:image\" content=\"https:\/\/www.bionis.fr\/wp-content\/uploads\/2020\/08\/700x700_NTS300.png\" \/>\n\t<meta property=\"og:image:width\" content=\"700\" \/>\n\t<meta property=\"og:image:height\" content=\"700\" \/>\n\t<meta property=\"og:image:type\" content=\"image\/png\" \/>\n<meta name=\"twitter:card\" content=\"summary_large_image\" \/>\n<meta name=\"twitter:label1\" content=\"Est. reading time\" \/>\n\t<meta name=\"twitter:data1\" content=\"1 minute\" \/>\n<script type=\"application\/ld+json\" class=\"yoast-schema-graph\">{\"@context\":\"https:\\\/\\\/schema.org\",\"@graph\":[{\"@type\":\"WebPage\",\"@id\":\"https:\\\/\\\/www.bionis.fr\\\/produit\\\/deposeur-semi-automatique-nts3000\\\/\",\"url\":\"https:\\\/\\\/www.bionis.fr\\\/produit\\\/deposeur-semi-automatique-nts3000\\\/\",\"name\":\"D\u00e9poseur automatique NTS3000 - Bionis\",\"isPartOf\":{\"@id\":\"https:\\\/\\\/www.bionis.fr\\\/#website\"},\"primaryImageOfPage\":{\"@id\":\"https:\\\/\\\/www.bionis.fr\\\/produit\\\/deposeur-semi-automatique-nts3000\\\/#primaryimage\"},\"image\":{\"@id\":\"https:\\\/\\\/www.bionis.fr\\\/produit\\\/deposeur-semi-automatique-nts3000\\\/#primaryimage\"},\"thumbnailUrl\":\"https:\\\/\\\/www.bionis.fr\\\/wp-content\\\/uploads\\\/2020\\\/08\\\/700x700_NTS300.png\",\"datePublished\":\"2020-08-04T07:34:47+00:00\",\"dateModified\":\"2021-01-15T15:06:31+00:00\",\"description\":\"R\u00e9f\u00e9rence: NTS3000 C'est le plus petit robot de la CCM. Parfaitement adapt\u00e9 aux\u00a0grandes s\u00e9ries il fait gagner un temps pr\u00e9cieux. Installez votre plaque, disposez vos \u00e9chantillons dans les racks, s\u00e9lectionnez votre protocole et pressez le bouton de d\u00e9marrage, c'est tout. Excellente reproductibilit\u00e9. Alarmes et s\u00e9curit\u00e9s. Le d\u00e9p\u00f4t par\u00a0micro-points est parfaitement adapt\u00e9 aux\u00a0 miniplaques HPTLC et aux nano plaques.\",\"breadcrumb\":{\"@id\":\"https:\\\/\\\/www.bionis.fr\\\/produit\\\/deposeur-semi-automatique-nts3000\\\/#breadcrumb\"},\"inLanguage\":\"en-US\",\"potentialAction\":[{\"@type\":\"ReadAction\",\"target\":[\"https:\\\/\\\/www.bionis.fr\\\/produit\\\/deposeur-semi-automatique-nts3000\\\/\"]}]},{\"@type\":\"ImageObject\",\"inLanguage\":\"en-US\",\"@id\":\"https:\\\/\\\/www.bionis.fr\\\/produit\\\/deposeur-semi-automatique-nts3000\\\/#primaryimage\",\"url\":\"https:\\\/\\\/www.bionis.fr\\\/wp-content\\\/uploads\\\/2020\\\/08\\\/700x700_NTS300.png\",\"contentUrl\":\"https:\\\/\\\/www.bionis.fr\\\/wp-content\\\/uploads\\\/2020\\\/08\\\/700x700_NTS300.png\",\"width\":700,\"height\":700},{\"@type\":\"BreadcrumbList\",\"@id\":\"https:\\\/\\\/www.bionis.fr\\\/produit\\\/deposeur-semi-automatique-nts3000\\\/#breadcrumb\",\"itemListElement\":[{\"@type\":\"ListItem\",\"position\":1,\"name\":\"Accueil\",\"item\":\"https:\\\/\\\/www.bionis.fr\\\/en\\\/\"},{\"@type\":\"ListItem\",\"position\":2,\"name\":\"Shop\",\"item\":\"https:\\\/\\\/www.bionis.fr\\\/en\\\/shop\\\/\"},{\"@type\":\"ListItem\",\"position\":3,\"name\":\"D\u00e9poseur automatique NTS3000\"}]},{\"@type\":\"WebSite\",\"@id\":\"https:\\\/\\\/www.bionis.fr\\\/#website\",\"url\":\"https:\\\/\\\/www.bionis.fr\\\/\",\"name\":\"Bionis\",\"description\":\"The Thin Layer Chromatography Solution\",\"publisher\":{\"@id\":\"https:\\\/\\\/www.bionis.fr\\\/#organization\"},\"potentialAction\":[{\"@type\":\"SearchAction\",\"target\":{\"@type\":\"EntryPoint\",\"urlTemplate\":\"https:\\\/\\\/www.bionis.fr\\\/?s={search_term_string}\"},\"query-input\":{\"@type\":\"PropertyValueSpecification\",\"valueRequired\":true,\"valueName\":\"search_term_string\"}}],\"inLanguage\":\"en-US\"},{\"@type\":\"Organization\",\"@id\":\"https:\\\/\\\/www.bionis.fr\\\/#organization\",\"name\":\"Bionis\",\"url\":\"https:\\\/\\\/www.bionis.fr\\\/\",\"logo\":{\"@type\":\"ImageObject\",\"inLanguage\":\"en-US\",\"@id\":\"https:\\\/\\\/www.bionis.fr\\\/#\\\/schema\\\/logo\\\/image\\\/\",\"url\":\"https:\\\/\\\/www.bionis.fr\\\/wp-content\\\/uploads\\\/2020\\\/07\\\/bionis-logo.png\",\"contentUrl\":\"https:\\\/\\\/www.bionis.fr\\\/wp-content\\\/uploads\\\/2020\\\/07\\\/bionis-logo.png\",\"width\":500,\"height\":125,\"caption\":\"Bionis\"},\"image\":{\"@id\":\"https:\\\/\\\/www.bionis.fr\\\/#\\\/schema\\\/logo\\\/image\\\/\"},\"sameAs\":[\"https:\\\/\\\/www.linkedin.com\\\/company\\\/bionis-sas?originalSubdomain=fr\"]}]}<\/script>\n<!-- \/ Yoast SEO plugin. -->","yoast_head_json":{"title":"D\u00e9poseur automatique NTS3000 - Bionis","description":"R\u00e9f\u00e9rence: NTS3000  C'est le plus petit robot de la CCM.  Parfaitement adapt\u00e9 aux\u00a0grandes s\u00e9ries il fait gagner un temps pr\u00e9cieux.  Installez votre plaque, disposez vos \u00e9chantillons dans les racks, s\u00e9lectionnez votre protocole et pressez le bouton de d\u00e9marrage, c'est tout.  Excellente reproductibilit\u00e9. Alarmes et s\u00e9curit\u00e9s.  Le d\u00e9p\u00f4t par\u00a0micro-points est parfaitement adapt\u00e9 aux\u00a0 miniplaques HPTLC et aux nano plaques.","robots":{"index":"index","follow":"follow","max-snippet":"max-snippet:-1","max-image-preview":"max-image-preview:large","max-video-preview":"max-video-preview:-1"},"canonical":"https:\/\/www.bionis.fr\/produit\/deposeur-semi-automatique-nts3000\/","og_locale":"en_US","og_type":"article","og_title":"D\u00e9poseur automatique NTS3000 - Bionis","og_description":"R\u00e9f\u00e9rence: NTS3000  C'est le plus petit robot de la CCM.  Parfaitement adapt\u00e9 aux\u00a0grandes s\u00e9ries il fait gagner un temps pr\u00e9cieux.  Installez votre plaque, disposez vos \u00e9chantillons dans les racks, s\u00e9lectionnez votre protocole et pressez le bouton de d\u00e9marrage, c'est tout.  Excellente reproductibilit\u00e9. Alarmes et s\u00e9curit\u00e9s.  Le d\u00e9p\u00f4t par\u00a0micro-points est parfaitement adapt\u00e9 aux\u00a0 miniplaques HPTLC et aux nano plaques.","og_url":"https:\/\/www.bionis.fr\/produit\/deposeur-semi-automatique-nts3000\/","og_site_name":"Bionis","article_modified_time":"2021-01-15T15:06:31+00:00","og_image":[{"width":700,"height":700,"url":"https:\/\/www.bionis.fr\/wp-content\/uploads\/2020\/08\/700x700_NTS300.png","type":"image\/png"}],"twitter_card":"summary_large_image","twitter_misc":{"Est. reading time":"1 minute"},"schema":{"@context":"https:\/\/schema.org","@graph":[{"@type":"WebPage","@id":"https:\/\/www.bionis.fr\/produit\/deposeur-semi-automatique-nts3000\/","url":"https:\/\/www.bionis.fr\/produit\/deposeur-semi-automatique-nts3000\/","name":"D\u00e9poseur automatique NTS3000 - Bionis","isPartOf":{"@id":"https:\/\/www.bionis.fr\/#website"},"primaryImageOfPage":{"@id":"https:\/\/www.bionis.fr\/produit\/deposeur-semi-automatique-nts3000\/#primaryimage"},"image":{"@id":"https:\/\/www.bionis.fr\/produit\/deposeur-semi-automatique-nts3000\/#primaryimage"},"thumbnailUrl":"https:\/\/www.bionis.fr\/wp-content\/uploads\/2020\/08\/700x700_NTS300.png","datePublished":"2020-08-04T07:34:47+00:00","dateModified":"2021-01-15T15:06:31+00:00","description":"R\u00e9f\u00e9rence: NTS3000 C'est le plus petit robot de la CCM. Parfaitement adapt\u00e9 aux\u00a0grandes s\u00e9ries il fait gagner un temps pr\u00e9cieux. Installez votre plaque, disposez vos \u00e9chantillons dans les racks, s\u00e9lectionnez votre protocole et pressez le bouton de d\u00e9marrage, c'est tout. Excellente reproductibilit\u00e9. Alarmes et s\u00e9curit\u00e9s. Le d\u00e9p\u00f4t par\u00a0micro-points est parfaitement adapt\u00e9 aux\u00a0 miniplaques HPTLC et aux nano plaques.","breadcrumb":{"@id":"https:\/\/www.bionis.fr\/produit\/deposeur-semi-automatique-nts3000\/#breadcrumb"},"inLanguage":"en-US","potentialAction":[{"@type":"ReadAction","target":["https:\/\/www.bionis.fr\/produit\/deposeur-semi-automatique-nts3000\/"]}]},{"@type":"ImageObject","inLanguage":"en-US","@id":"https:\/\/www.bionis.fr\/produit\/deposeur-semi-automatique-nts3000\/#primaryimage","url":"https:\/\/www.bionis.fr\/wp-content\/uploads\/2020\/08\/700x700_NTS300.png","contentUrl":"https:\/\/www.bionis.fr\/wp-content\/uploads\/2020\/08\/700x700_NTS300.png","width":700,"height":700},{"@type":"BreadcrumbList","@id":"https:\/\/www.bionis.fr\/produit\/deposeur-semi-automatique-nts3000\/#breadcrumb","itemListElement":[{"@type":"ListItem","position":1,"name":"Accueil","item":"https:\/\/www.bionis.fr\/en\/"},{"@type":"ListItem","position":2,"name":"Shop","item":"https:\/\/www.bionis.fr\/en\/shop\/"},{"@type":"ListItem","position":3,"name":"D\u00e9poseur automatique NTS3000"}]},{"@type":"WebSite","@id":"https:\/\/www.bionis.fr\/#website","url":"https:\/\/www.bionis.fr\/","name":"Bionis","description":"The Thin Layer Chromatography Solution","publisher":{"@id":"https:\/\/www.bionis.fr\/#organization"},"potentialAction":[{"@type":"SearchAction","target":{"@type":"EntryPoint","urlTemplate":"https:\/\/www.bionis.fr\/?s={search_term_string}"},"query-input":{"@type":"PropertyValueSpecification","valueRequired":true,"valueName":"search_term_string"}}],"inLanguage":"en-US"},{"@type":"Organization","@id":"https:\/\/www.bionis.fr\/#organization","name":"Bionis","url":"https:\/\/www.bionis.fr\/","logo":{"@type":"ImageObject","inLanguage":"en-US","@id":"https:\/\/www.bionis.fr\/#\/schema\/logo\/image\/","url":"https:\/\/www.bionis.fr\/wp-content\/uploads\/2020\/07\/bionis-logo.png","contentUrl":"https:\/\/www.bionis.fr\/wp-content\/uploads\/2020\/07\/bionis-logo.png","width":500,"height":125,"caption":"Bionis"},"image":{"@id":"https:\/\/www.bionis.fr\/#\/schema\/logo\/image\/"},"sameAs":["https:\/\/www.linkedin.com\/company\/bionis-sas?originalSubdomain=fr"]}]}},"_links":{"self":[{"href":"https:\/\/www.bionis.fr\/en\/wp-json\/wp\/v2\/product\/340","targetHints":{"allow":["GET"]}}],"collection":[{"href":"https:\/\/www.bionis.fr\/en\/wp-json\/wp\/v2\/product"}],"about":[{"href":"https:\/\/www.bionis.fr\/en\/wp-json\/wp\/v2\/types\/product"}],"wp:featuredmedia":[{"embeddable":true,"href":"https:\/\/www.bionis.fr\/en\/wp-json\/wp\/v2\/media\/341"}],"wp:attachment":[{"href":"https:\/\/www.bionis.fr\/en\/wp-json\/wp\/v2\/media?parent=340"}],"wp:term":[{"taxonomy":"product_brand","embeddable":true,"href":"https:\/\/www.bionis.fr\/en\/wp-json\/wp\/v2\/product_brand?post=340"},{"taxonomy":"product_cat","embeddable":true,"href":"https:\/\/www.bionis.fr\/en\/wp-json\/wp\/v2\/product_cat?post=340"},{"taxonomy":"product_tag","embeddable":true,"href":"https:\/\/www.bionis.fr\/en\/wp-json\/wp\/v2\/product_tag?post=340"}],"curies":[{"name":"wp","href":"https:\/\/api.w.org\/{rel}","templated":true}]}}