{"id":358,"date":"2020-08-04T14:11:43","date_gmt":"2020-08-04T12:11:43","guid":{"rendered":"https:\/\/www.bionis.fr\/?post_type=product&#038;p=358"},"modified":"2021-01-15T16:03:55","modified_gmt":"2021-01-15T15:03:55","slug":"logiciel-azur-pour-iatroscan","status":"publish","type":"product","link":"https:\/\/www.bionis.fr\/en\/produit\/logiciel-azur-pour-iatroscan\/","title":{"rendered":"Logiciel Azur pour Iatroscan"},"content":{"rendered":"<h2><span style=\"font-size: 12pt;\">Int\u00e9gration graphique<\/span><\/h2>\n<p>Les param\u00e8tres d\u2019int\u00e9gration peuvent \u00eatre ajout\u00e9s \u00e0 la m\u00e9thode de fa\u00e7on graphique directement depuis le chromatogramme, facilitant grandement le traitement de l\u2019analyse.<\/p>\n<p>AZUR dispose de nombreux \u00e9v\u00e9nements d\u2019int\u00e9gration permettant un traitement optimal du chromatogramme.<b>\u00a0Tous les \u00e9v\u00e9nements sont expliqu\u00e9s dans l\u2019assistant d\u2019int\u00e9gration, facilitant la t\u00e2che de l\u2019utilisateur.<\/b><\/p>\n<p><strong>Identification<\/strong><\/p>\n<p>AZUR utilise les modes d\u2019identification absolus et relatifs et offre la possibilit\u00e9 d\u2019utiliser des pics de r\u00e9f\u00e9rence.<\/p>\n<p>Oubliez les probl\u00e8mes d\u2019identification gr\u00e2ce \u00e0 la mise \u00e0 jour automatique de votre table de compos\u00e9s \u00e0 chaque \u00e9talonnage.<\/p>\n<p>Un assistant d\u2019identification est disponible pour vous permettre de cr\u00e9er de fa\u00e7on ais\u00e9e votre table d\u2019identification<\/p>\n<p><strong>Quantification<\/strong><\/p>\n<p>AZUR poss\u00e8de tous les modes de quantification classiques : \u00e9talonnage externe, \u00e9talonnage interne, normalisation, facteurs de r\u00e9ponse fixes&#8230;<\/p>\n<p>Retrouvez toutes vos<strong> droites de calibration<\/strong> dans un menu d\u00e9di\u00e9 r\u00e9sumant toutes les informations importantes.<\/p>\n<p>L\u2019assistant de quantification vous permettra de cr\u00e9er, pour chaque compos\u00e9, sa propre m\u00e9thode de quantification.<\/p>\n<p><strong>Caract\u00e9ristiques techniques:<\/strong><\/p>\n<p>C\u00e2ble blind\u00e9 et bo\u00eetier START STOP 1 avec contr\u00f4le des transferts<\/p>\n<p>Carte PC Analog\/Digital\u00a0 pour signal auxiliaire avec c\u00e2ble USB\u00a0 (1 ou 2 voies d\u2019analyse)<\/p>\n<p>Emulation de tout type d\u2019\u00e9cran<\/p>\n<p>Acquisition temps r\u00e9el avec export et import de donn\u00e9es<\/p>\n<p>Traitements math\u00e9matiques (rep\u00e9rage et \u00e9valuation quantifi\u00e9e des pics, recherche automatique de la ligne de base, \u00e9talonnage, courbes de calibration, retraitement manuel de la ligne de base, \u00e9talonnage interne, \u00e9talonnage externe, etc.)<\/p>\n<p>Op\u00e9rations entre chromatogrammes (addition, soustraction, lissage, comparaison, etc.)<\/p>\n<p>Op\u00e9rations sp\u00e9cifiques pour FID (fonctions Merge et Inverse, r\u00e9ajustement des d\u00e9rives, etc.)<\/p>\n<p><img fetchpriority=\"high\" decoding=\"async\" class=\"alignnone wp-image-360\" src=\"https:\/\/www.bionis.fr\/wp-content\/uploads\/2020\/08\/Azur2-300x202.png\" alt=\"\" width=\"405\" height=\"273\" \/><\/p>\n<p><img decoding=\"async\" class=\"alignnone wp-image-361\" src=\"https:\/\/www.bionis.fr\/wp-content\/uploads\/2020\/08\/Azur1-300x162.png\" alt=\"\" width=\"404\" height=\"218\" \/><\/p>\n","protected":false},"excerpt":{"rendered":"<p><strong>R\u00e9f\u00e9rence Iatroscan MK6s FID: AZURICK01<\/strong><\/p>\n<p><strong>R\u00e9f\u00e9rence Iatroscan MK6 FID+FPD: AZURICK02<\/strong><\/p>\n<p>AZUR est un logiciel de chromatographie, compatible avec les diff\u00e9rents mod\u00e8les de Iatroscan<\/p>\n<p>. AZUR r\u00e9cup\u00e8re directement le signal analogique issu des d\u00e9tecteurs FID et FPD, gr\u00e2ce \u00e0 l\u2019utilisation de bo\u00eetiers RICK offrant des performances exceptionnelles en termes de sensibilit\u00e9 et de bruit de fond.<\/p>\n<p>L\u2019ensemble des menus, accessibles par lien direct en fonction de l\u2019action \u00e0 effectuer, les assistants, l\u2019interface graphique personnalisable \u2026 tout a \u00e9t\u00e9 con\u00e7u dans AZUR pour rendre la vie des utilisateurs plus simple et plus agr\u00e9able.<\/p>\n","protected":false},"featured_media":359,"template":"","meta":[],"product_brand":[],"product_cat":[35],"product_tag":[],"class_list":{"0":"post-358","1":"product","2":"type-product","3":"status-publish","4":"has-post-thumbnail","6":"product_cat-accessoires-pour-iatroscan","8":"first","9":"instock","10":"taxable","11":"shipping-taxable","12":"product-type-simple"},"yoast_head":"<!-- This site is optimized with the Yoast SEO plugin v27.4 - https:\/\/yoast.com\/product\/yoast-seo-wordpress\/ -->\n<title>Logiciel Azur pour Iatroscan - Bionis<\/title>\n<meta name=\"description\" content=\"R\u00e9f\u00e9rence Iatroscan MK6s FID: AZURICK01  R\u00e9f\u00e9rence Iatroscan MK6 FID+FPD: AZURICK02  AZUR est un logiciel de chromatographie, compatible avec les diff\u00e9rents mod\u00e8les de Iatroscan  . AZUR r\u00e9cup\u00e8re directement le signal analogique issu des d\u00e9tecteurs FID et FPD, gr\u00e2ce \u00e0 l\u2019utilisation de bo\u00eetiers RICK offrant des performances exceptionnelles en termes de sensibilit\u00e9 et de bruit de fond.  L\u2019ensemble des menus, accessibles par lien direct en fonction de l\u2019action \u00e0 effectuer, les assistants, l\u2019interface graphique personnalisable \u2026 tout a \u00e9t\u00e9 con\u00e7u dans AZUR pour rendre la vie des utilisateurs plus simple et plus agr\u00e9able.\" \/>\n<meta name=\"robots\" content=\"index, follow, max-snippet:-1, max-image-preview:large, max-video-preview:-1\" \/>\n<link rel=\"canonical\" href=\"https:\/\/www.bionis.fr\/produit\/logiciel-azur-pour-iatroscan\/\" \/>\n<meta property=\"og:locale\" content=\"en_US\" \/>\n<meta property=\"og:type\" content=\"article\" \/>\n<meta property=\"og:title\" content=\"Logiciel Azur pour Iatroscan - Bionis\" \/>\n<meta property=\"og:description\" content=\"R\u00e9f\u00e9rence Iatroscan MK6s FID: AZURICK01  R\u00e9f\u00e9rence Iatroscan MK6 FID+FPD: AZURICK02  AZUR est un logiciel de chromatographie, compatible avec les diff\u00e9rents mod\u00e8les de Iatroscan  . AZUR r\u00e9cup\u00e8re directement le signal analogique issu des d\u00e9tecteurs FID et FPD, gr\u00e2ce \u00e0 l\u2019utilisation de bo\u00eetiers RICK offrant des performances exceptionnelles en termes de sensibilit\u00e9 et de bruit de fond.  L\u2019ensemble des menus, accessibles par lien direct en fonction de l\u2019action \u00e0 effectuer, les assistants, l\u2019interface graphique personnalisable \u2026 tout a \u00e9t\u00e9 con\u00e7u dans AZUR pour rendre la vie des utilisateurs plus simple et plus agr\u00e9able.\" \/>\n<meta property=\"og:url\" content=\"https:\/\/www.bionis.fr\/produit\/logiciel-azur-pour-iatroscan\/\" \/>\n<meta property=\"og:site_name\" content=\"Bionis\" \/>\n<meta property=\"article:modified_time\" content=\"2021-01-15T15:03:55+00:00\" \/>\n<meta property=\"og:image\" content=\"https:\/\/www.bionis.fr\/wp-content\/uploads\/2020\/08\/700x700_Azur.png\" \/>\n\t<meta property=\"og:image:width\" content=\"700\" \/>\n\t<meta property=\"og:image:height\" content=\"700\" \/>\n\t<meta property=\"og:image:type\" content=\"image\/png\" \/>\n<meta name=\"twitter:card\" content=\"summary_large_image\" \/>\n<meta name=\"twitter:label1\" content=\"Est. reading time\" \/>\n\t<meta name=\"twitter:data1\" content=\"1 minute\" \/>\n<script type=\"application\/ld+json\" class=\"yoast-schema-graph\">{\"@context\":\"https:\\\/\\\/schema.org\",\"@graph\":[{\"@type\":\"WebPage\",\"@id\":\"https:\\\/\\\/www.bionis.fr\\\/produit\\\/logiciel-azur-pour-iatroscan\\\/\",\"url\":\"https:\\\/\\\/www.bionis.fr\\\/produit\\\/logiciel-azur-pour-iatroscan\\\/\",\"name\":\"Logiciel Azur pour Iatroscan - Bionis\",\"isPartOf\":{\"@id\":\"https:\\\/\\\/www.bionis.fr\\\/#website\"},\"primaryImageOfPage\":{\"@id\":\"https:\\\/\\\/www.bionis.fr\\\/produit\\\/logiciel-azur-pour-iatroscan\\\/#primaryimage\"},\"image\":{\"@id\":\"https:\\\/\\\/www.bionis.fr\\\/produit\\\/logiciel-azur-pour-iatroscan\\\/#primaryimage\"},\"thumbnailUrl\":\"https:\\\/\\\/www.bionis.fr\\\/wp-content\\\/uploads\\\/2020\\\/08\\\/700x700_Azur.png\",\"datePublished\":\"2020-08-04T12:11:43+00:00\",\"dateModified\":\"2021-01-15T15:03:55+00:00\",\"description\":\"R\u00e9f\u00e9rence Iatroscan MK6s FID: AZURICK01 R\u00e9f\u00e9rence Iatroscan MK6 FID+FPD: AZURICK02 AZUR est un logiciel de chromatographie, compatible avec les diff\u00e9rents mod\u00e8les de Iatroscan . AZUR r\u00e9cup\u00e8re directement le signal analogique issu des d\u00e9tecteurs FID et FPD, gr\u00e2ce \u00e0 l\u2019utilisation de bo\u00eetiers RICK offrant des performances exceptionnelles en termes de sensibilit\u00e9 et de bruit de fond. L\u2019ensemble des menus, accessibles par lien direct en fonction de l\u2019action \u00e0 effectuer, les assistants, l\u2019interface graphique personnalisable \u2026 tout a \u00e9t\u00e9 con\u00e7u dans AZUR pour rendre la vie des utilisateurs plus simple et plus agr\u00e9able.\",\"breadcrumb\":{\"@id\":\"https:\\\/\\\/www.bionis.fr\\\/produit\\\/logiciel-azur-pour-iatroscan\\\/#breadcrumb\"},\"inLanguage\":\"en-US\",\"potentialAction\":[{\"@type\":\"ReadAction\",\"target\":[\"https:\\\/\\\/www.bionis.fr\\\/produit\\\/logiciel-azur-pour-iatroscan\\\/\"]}]},{\"@type\":\"ImageObject\",\"inLanguage\":\"en-US\",\"@id\":\"https:\\\/\\\/www.bionis.fr\\\/produit\\\/logiciel-azur-pour-iatroscan\\\/#primaryimage\",\"url\":\"https:\\\/\\\/www.bionis.fr\\\/wp-content\\\/uploads\\\/2020\\\/08\\\/700x700_Azur.png\",\"contentUrl\":\"https:\\\/\\\/www.bionis.fr\\\/wp-content\\\/uploads\\\/2020\\\/08\\\/700x700_Azur.png\",\"width\":700,\"height\":700},{\"@type\":\"BreadcrumbList\",\"@id\":\"https:\\\/\\\/www.bionis.fr\\\/produit\\\/logiciel-azur-pour-iatroscan\\\/#breadcrumb\",\"itemListElement\":[{\"@type\":\"ListItem\",\"position\":1,\"name\":\"Accueil\",\"item\":\"https:\\\/\\\/www.bionis.fr\\\/en\\\/\"},{\"@type\":\"ListItem\",\"position\":2,\"name\":\"Shop\",\"item\":\"https:\\\/\\\/www.bionis.fr\\\/en\\\/shop\\\/\"},{\"@type\":\"ListItem\",\"position\":3,\"name\":\"Logiciel Azur pour Iatroscan\"}]},{\"@type\":\"WebSite\",\"@id\":\"https:\\\/\\\/www.bionis.fr\\\/#website\",\"url\":\"https:\\\/\\\/www.bionis.fr\\\/\",\"name\":\"Bionis\",\"description\":\"The Thin Layer Chromatography Solution\",\"publisher\":{\"@id\":\"https:\\\/\\\/www.bionis.fr\\\/#organization\"},\"potentialAction\":[{\"@type\":\"SearchAction\",\"target\":{\"@type\":\"EntryPoint\",\"urlTemplate\":\"https:\\\/\\\/www.bionis.fr\\\/?s={search_term_string}\"},\"query-input\":{\"@type\":\"PropertyValueSpecification\",\"valueRequired\":true,\"valueName\":\"search_term_string\"}}],\"inLanguage\":\"en-US\"},{\"@type\":\"Organization\",\"@id\":\"https:\\\/\\\/www.bionis.fr\\\/#organization\",\"name\":\"Bionis\",\"url\":\"https:\\\/\\\/www.bionis.fr\\\/\",\"logo\":{\"@type\":\"ImageObject\",\"inLanguage\":\"en-US\",\"@id\":\"https:\\\/\\\/www.bionis.fr\\\/#\\\/schema\\\/logo\\\/image\\\/\",\"url\":\"https:\\\/\\\/www.bionis.fr\\\/wp-content\\\/uploads\\\/2020\\\/07\\\/bionis-logo.png\",\"contentUrl\":\"https:\\\/\\\/www.bionis.fr\\\/wp-content\\\/uploads\\\/2020\\\/07\\\/bionis-logo.png\",\"width\":500,\"height\":125,\"caption\":\"Bionis\"},\"image\":{\"@id\":\"https:\\\/\\\/www.bionis.fr\\\/#\\\/schema\\\/logo\\\/image\\\/\"},\"sameAs\":[\"https:\\\/\\\/www.linkedin.com\\\/company\\\/bionis-sas?originalSubdomain=fr\"]}]}<\/script>\n<!-- \/ Yoast SEO plugin. -->","yoast_head_json":{"title":"Logiciel Azur pour Iatroscan - Bionis","description":"R\u00e9f\u00e9rence Iatroscan MK6s FID: AZURICK01  R\u00e9f\u00e9rence Iatroscan MK6 FID+FPD: AZURICK02  AZUR est un logiciel de chromatographie, compatible avec les diff\u00e9rents mod\u00e8les de Iatroscan  . AZUR r\u00e9cup\u00e8re directement le signal analogique issu des d\u00e9tecteurs FID et FPD, gr\u00e2ce \u00e0 l\u2019utilisation de bo\u00eetiers RICK offrant des performances exceptionnelles en termes de sensibilit\u00e9 et de bruit de fond.  L\u2019ensemble des menus, accessibles par lien direct en fonction de l\u2019action \u00e0 effectuer, les assistants, l\u2019interface graphique personnalisable \u2026 tout a \u00e9t\u00e9 con\u00e7u dans AZUR pour rendre la vie des utilisateurs plus simple et plus agr\u00e9able.","robots":{"index":"index","follow":"follow","max-snippet":"max-snippet:-1","max-image-preview":"max-image-preview:large","max-video-preview":"max-video-preview:-1"},"canonical":"https:\/\/www.bionis.fr\/produit\/logiciel-azur-pour-iatroscan\/","og_locale":"en_US","og_type":"article","og_title":"Logiciel Azur pour Iatroscan - Bionis","og_description":"R\u00e9f\u00e9rence Iatroscan MK6s FID: AZURICK01  R\u00e9f\u00e9rence Iatroscan MK6 FID+FPD: AZURICK02  AZUR est un logiciel de chromatographie, compatible avec les diff\u00e9rents mod\u00e8les de Iatroscan  . AZUR r\u00e9cup\u00e8re directement le signal analogique issu des d\u00e9tecteurs FID et FPD, gr\u00e2ce \u00e0 l\u2019utilisation de bo\u00eetiers RICK offrant des performances exceptionnelles en termes de sensibilit\u00e9 et de bruit de fond.  L\u2019ensemble des menus, accessibles par lien direct en fonction de l\u2019action \u00e0 effectuer, les assistants, l\u2019interface graphique personnalisable \u2026 tout a \u00e9t\u00e9 con\u00e7u dans AZUR pour rendre la vie des utilisateurs plus simple et plus agr\u00e9able.","og_url":"https:\/\/www.bionis.fr\/produit\/logiciel-azur-pour-iatroscan\/","og_site_name":"Bionis","article_modified_time":"2021-01-15T15:03:55+00:00","og_image":[{"width":700,"height":700,"url":"https:\/\/www.bionis.fr\/wp-content\/uploads\/2020\/08\/700x700_Azur.png","type":"image\/png"}],"twitter_card":"summary_large_image","twitter_misc":{"Est. reading time":"1 minute"},"schema":{"@context":"https:\/\/schema.org","@graph":[{"@type":"WebPage","@id":"https:\/\/www.bionis.fr\/produit\/logiciel-azur-pour-iatroscan\/","url":"https:\/\/www.bionis.fr\/produit\/logiciel-azur-pour-iatroscan\/","name":"Logiciel Azur pour Iatroscan - Bionis","isPartOf":{"@id":"https:\/\/www.bionis.fr\/#website"},"primaryImageOfPage":{"@id":"https:\/\/www.bionis.fr\/produit\/logiciel-azur-pour-iatroscan\/#primaryimage"},"image":{"@id":"https:\/\/www.bionis.fr\/produit\/logiciel-azur-pour-iatroscan\/#primaryimage"},"thumbnailUrl":"https:\/\/www.bionis.fr\/wp-content\/uploads\/2020\/08\/700x700_Azur.png","datePublished":"2020-08-04T12:11:43+00:00","dateModified":"2021-01-15T15:03:55+00:00","description":"R\u00e9f\u00e9rence Iatroscan MK6s FID: AZURICK01 R\u00e9f\u00e9rence Iatroscan MK6 FID+FPD: AZURICK02 AZUR est un logiciel de chromatographie, compatible avec les diff\u00e9rents mod\u00e8les de Iatroscan . AZUR r\u00e9cup\u00e8re directement le signal analogique issu des d\u00e9tecteurs FID et FPD, gr\u00e2ce \u00e0 l\u2019utilisation de bo\u00eetiers RICK offrant des performances exceptionnelles en termes de sensibilit\u00e9 et de bruit de fond. L\u2019ensemble des menus, accessibles par lien direct en fonction de l\u2019action \u00e0 effectuer, les assistants, l\u2019interface graphique personnalisable \u2026 tout a \u00e9t\u00e9 con\u00e7u dans AZUR pour rendre la vie des utilisateurs plus simple et plus agr\u00e9able.","breadcrumb":{"@id":"https:\/\/www.bionis.fr\/produit\/logiciel-azur-pour-iatroscan\/#breadcrumb"},"inLanguage":"en-US","potentialAction":[{"@type":"ReadAction","target":["https:\/\/www.bionis.fr\/produit\/logiciel-azur-pour-iatroscan\/"]}]},{"@type":"ImageObject","inLanguage":"en-US","@id":"https:\/\/www.bionis.fr\/produit\/logiciel-azur-pour-iatroscan\/#primaryimage","url":"https:\/\/www.bionis.fr\/wp-content\/uploads\/2020\/08\/700x700_Azur.png","contentUrl":"https:\/\/www.bionis.fr\/wp-content\/uploads\/2020\/08\/700x700_Azur.png","width":700,"height":700},{"@type":"BreadcrumbList","@id":"https:\/\/www.bionis.fr\/produit\/logiciel-azur-pour-iatroscan\/#breadcrumb","itemListElement":[{"@type":"ListItem","position":1,"name":"Accueil","item":"https:\/\/www.bionis.fr\/en\/"},{"@type":"ListItem","position":2,"name":"Shop","item":"https:\/\/www.bionis.fr\/en\/shop\/"},{"@type":"ListItem","position":3,"name":"Logiciel Azur pour Iatroscan"}]},{"@type":"WebSite","@id":"https:\/\/www.bionis.fr\/#website","url":"https:\/\/www.bionis.fr\/","name":"Bionis","description":"The Thin Layer Chromatography Solution","publisher":{"@id":"https:\/\/www.bionis.fr\/#organization"},"potentialAction":[{"@type":"SearchAction","target":{"@type":"EntryPoint","urlTemplate":"https:\/\/www.bionis.fr\/?s={search_term_string}"},"query-input":{"@type":"PropertyValueSpecification","valueRequired":true,"valueName":"search_term_string"}}],"inLanguage":"en-US"},{"@type":"Organization","@id":"https:\/\/www.bionis.fr\/#organization","name":"Bionis","url":"https:\/\/www.bionis.fr\/","logo":{"@type":"ImageObject","inLanguage":"en-US","@id":"https:\/\/www.bionis.fr\/#\/schema\/logo\/image\/","url":"https:\/\/www.bionis.fr\/wp-content\/uploads\/2020\/07\/bionis-logo.png","contentUrl":"https:\/\/www.bionis.fr\/wp-content\/uploads\/2020\/07\/bionis-logo.png","width":500,"height":125,"caption":"Bionis"},"image":{"@id":"https:\/\/www.bionis.fr\/#\/schema\/logo\/image\/"},"sameAs":["https:\/\/www.linkedin.com\/company\/bionis-sas?originalSubdomain=fr"]}]}},"_links":{"self":[{"href":"https:\/\/www.bionis.fr\/en\/wp-json\/wp\/v2\/product\/358","targetHints":{"allow":["GET"]}}],"collection":[{"href":"https:\/\/www.bionis.fr\/en\/wp-json\/wp\/v2\/product"}],"about":[{"href":"https:\/\/www.bionis.fr\/en\/wp-json\/wp\/v2\/types\/product"}],"wp:featuredmedia":[{"embeddable":true,"href":"https:\/\/www.bionis.fr\/en\/wp-json\/wp\/v2\/media\/359"}],"wp:attachment":[{"href":"https:\/\/www.bionis.fr\/en\/wp-json\/wp\/v2\/media?parent=358"}],"wp:term":[{"taxonomy":"product_brand","embeddable":true,"href":"https:\/\/www.bionis.fr\/en\/wp-json\/wp\/v2\/product_brand?post=358"},{"taxonomy":"product_cat","embeddable":true,"href":"https:\/\/www.bionis.fr\/en\/wp-json\/wp\/v2\/product_cat?post=358"},{"taxonomy":"product_tag","embeddable":true,"href":"https:\/\/www.bionis.fr\/en\/wp-json\/wp\/v2\/product_tag?post=358"}],"curies":[{"name":"wp","href":"https:\/\/api.w.org\/{rel}","templated":true}]}}