{"id":5439,"date":"2020-06-25T15:21:57","date_gmt":"2020-06-25T13:21:57","guid":{"rendered":"https:\/\/www.bionis.fr\/la-empresa\/"},"modified":"2023-09-09T15:36:19","modified_gmt":"2023-09-09T13:36:19","slug":"la-empresa","status":"publish","type":"page","link":"https:\/\/www.bionis.fr\/es\/la-empresa\/","title":{"rendered":"Nuestra empresa"},"content":{"rendered":"\t\t<div data-elementor-type=\"wp-page\" data-elementor-id=\"5439\" class=\"elementor elementor-5439 elementor-2\">\n\t\t\t\t\t\t<section class=\"elementor-section elementor-top-section elementor-element elementor-element-6a087d1e elementor-section-boxed elementor-section-height-default elementor-section-height-default\" data-id=\"6a087d1e\" data-element_type=\"section\" data-e-type=\"section\">\n\t\t\t\t\t\t<div class=\"elementor-container elementor-column-gap-default\">\n\t\t\t\t\t<div class=\"elementor-column elementor-col-100 elementor-top-column elementor-element elementor-element-647a33c3\" data-id=\"647a33c3\" data-element_type=\"column\" data-e-type=\"column\">\n\t\t\t<div class=\"elementor-widget-wrap elementor-element-populated\">\n\t\t\t\t\t\t<section class=\"elementor-section elementor-inner-section elementor-element elementor-element-d5e261d elementor-section-boxed elementor-section-height-default elementor-section-height-default\" data-id=\"d5e261d\" data-element_type=\"section\" data-e-type=\"section\">\n\t\t\t\t\t\t<div class=\"elementor-container elementor-column-gap-default\">\n\t\t\t\t\t<div class=\"elementor-column elementor-col-50 elementor-inner-column elementor-element elementor-element-1a1baa8\" data-id=\"1a1baa8\" data-element_type=\"column\" data-e-type=\"column\">\n\t\t\t<div class=\"elementor-widget-wrap elementor-element-populated\">\n\t\t\t\t\t\t<div class=\"elementor-element elementor-element-d89a805 elementor-widget elementor-widget-text-editor\" data-id=\"d89a805\" data-element_type=\"widget\" data-e-type=\"widget\" data-widget_type=\"text-editor.default\">\n\t\t\t\t<div class=\"elementor-widget-container\">\n\t\t\t\t\t\t\t\t\t<p>Desde 1997, Bionis pone a disposici\u00f3n de sus clientes sus conocimientos y experiencia t\u00e9cnica en el campo de la cromatograf\u00eda en capa fina. Desde su creaci\u00f3n, Bionis es el distribuidor oficial para Francia y \u00c1frica de la gama Desaga de equipos CCF y CCFAR.<\/p>\n<p>En enero de 2020, con la llegada de un nuevo equipo directivo y el mismo deseo de estar lo m\u00e1s cerca posible de sus clientes, Bionis abandon\u00f3 sus instalaciones de Saint Georges Motel (27) para trasladarse a unas nuevas oficinas en Houdan (78), cerca de Cosmetic Valley.<\/p>\n<p>En abril de 2023, Bionis asumir\u00e1 la totalidad de la fabricaci\u00f3n y comercializaci\u00f3n de los equipos de Biostep GmbH.<\/p>\n\t\t\t\t\t\t\t\t<\/div>\n\t\t\t\t<\/div>\n\t\t\t\t<div class=\"elementor-element elementor-element-f8b9371 elementor-widget elementor-widget-heading\" data-id=\"f8b9371\" data-element_type=\"widget\" data-e-type=\"widget\" data-widget_type=\"heading.default\">\n\t\t\t\t<div class=\"elementor-widget-container\">\n\t\t\t\t\t<h2 class=\"elementor-heading-title elementor-size-default\">Nuestra filosof\u00eda <\/h2>\t\t\t\t<\/div>\n\t\t\t\t<\/div>\n\t\t\t\t<div class=\"elementor-element elementor-element-ab06057 elementor-widget elementor-widget-text-editor\" data-id=\"ab06057\" data-element_type=\"widget\" data-e-type=\"widget\" data-widget_type=\"text-editor.default\">\n\t\t\t\t<div class=\"elementor-widget-container\">\n\t\t\t\t\t\t\t\t\t<p>Con la gama <a href=\"https:\/\/biostep.de\/\">Biostep (tecnolog\u00eda Desaga)<\/a>, Bionis ofrece una gama de equipos que facilitan y aseguran todas las etapas de CCF encontradas en los laboratorios farmac\u00e9uticos y cosm\u00e9ticos, laboratorios de an\u00e1lisis y universidades.<\/p>\n<p>El analizador Iatroscan CCF\/FID de <a href=\"https:\/\/www.medience.co.jp\/english\/\">LSI Medience (filial de Mitsubishi<\/a> ) es la soluci\u00f3n a los problemas que encuentran los laboratorios para caracterizar sustancias complicadas, y m\u00e1s concretamente l\u00edpidos o derivados de productos petrol\u00edferos.<\/p>\n<\/p>\n<p>Con estas gamas de productos, la filosof\u00eda de Bionis es centrarse en los sectores e industrias para los que se suele utilizar la cromatograf\u00eda en capa fina, con una mayor presencia sobre el terreno y una disponibilidad permanente.<\/p>\n<p>Nuestro objetivo es ofrecer un servicio de proximidad a nuestros clientes, ayud\u00e1ndoles en todas las fases de su proyecto, desde la planificaci\u00f3n inicial hasta el seguimiento peri\u00f3dico de sus equipos.<\/p>\n\t\t\t\t\t\t\t\t<\/div>\n\t\t\t\t<\/div>\n\t\t\t\t\t<\/div>\n\t\t<\/div>\n\t\t\t\t<div class=\"elementor-column elementor-col-50 elementor-inner-column elementor-element elementor-element-e03cff3\" data-id=\"e03cff3\" data-element_type=\"column\" data-e-type=\"column\">\n\t\t\t<div class=\"elementor-widget-wrap elementor-element-populated\">\n\t\t\t\t\t\t<div class=\"elementor-element elementor-element-6aa14a6 elementor-widget elementor-widget-heading\" data-id=\"6aa14a6\" data-element_type=\"widget\" data-e-type=\"widget\" data-widget_type=\"heading.default\">\n\t\t\t\t<div class=\"elementor-widget-container\">\n\t\t\t\t\t<h2 class=\"elementor-heading-title elementor-size-default\">Sectores de actividad<\/h2>\t\t\t\t<\/div>\n\t\t\t\t<\/div>\n\t\t\t\t<div class=\"elementor-element elementor-element-195f6e1 elementor-widget elementor-widget-text-editor\" data-id=\"195f6e1\" data-element_type=\"widget\" data-e-type=\"widget\" data-widget_type=\"text-editor.default\">\n\t\t\t\t<div class=\"elementor-widget-container\">\n\t\t\t\t\t\t\t\t\t<p><span style=\"font-size: 12pt;\"><strong>PRODUCTOS FARMAC\u00c9UTICOS\/COSM\u00c9TICOS<\/strong><\/span><br \/><span style=\"font-size: 12pt;\"><strong>CENTROS DE INVESTIGACI\u00d3N P\u00daBLICOS\/PRIVADOS<\/strong><\/span><br \/><span style=\"font-size: 12pt;\"><strong>PRODUCTOS PETROL\u00cdFEROS \/ BET\u00daN<\/strong><\/span><br \/><span style=\"font-size: 12pt;\"><strong>LABORATORIOS DE AN\u00c1LISIS P\u00daBLICOS\/PRIVADOS<\/strong><\/span><br \/><span style=\"font-size: 12pt;\"><strong>QU\u00cdMICA\/BIOQU\u00cdMICA<\/strong><\/span><br \/><span style=\"font-size: 12pt;\"><strong>EDUCACI\u00d3N<\/strong><\/span><br \/><span style=\"font-size: 12pt;\"><strong>BOT\u00c1NICA\/PRODUCTOS NATURALES<\/strong><\/span><br \/><span style=\"font-size: 12pt;\"><strong>BIOCOMBUSTIBLES<\/strong><\/span><\/p>\n\t\t\t\t\t\t\t\t<\/div>\n\t\t\t\t<\/div>\n\t\t\t\t\t<\/div>\n\t\t<\/div>\n\t\t\t\t\t<\/div>\n\t\t<\/section>\n\t\t\t\t\t<\/div>\n\t\t<\/div>\n\t\t\t\t\t<\/div>\n\t\t<\/section>\n\t\t\t\t<\/div>\n\t\t","protected":false},"excerpt":{"rendered":"<p>Desde 1997, Bionis pone a disposici\u00f3n de sus clientes sus conocimientos y experiencia t\u00e9cnica en el campo de la cromatograf\u00eda en capa fina. Desde su creaci\u00f3n, Bionis &hellip; <a href=\"https:\/\/www.bionis.fr\/es\/la-empresa\/\" class=\"more-link\">Continuar leyendo<span class=\"screen-reader-text\"> \u00abNuestra empresa\u00bb<\/span><\/a><\/p>\n","protected":false},"author":1,"featured_media":3578,"parent":0,"menu_order":0,"comment_status":"closed","ping_status":"open","template":"homepage.php","meta":{"footnotes":""},"class_list":["post-5439","page","type-page","status-publish","has-post-thumbnail","hentry"],"yoast_head":"<!-- This site is optimized with the Yoast SEO plugin v27.4 - https:\/\/yoast.com\/product\/yoast-seo-wordpress\/ -->\n<title>La boutique du laboratoire<\/title>\n<meta name=\"description\" content=\"Bionis propose une gamme d&#039;\u00e9quipements et de consommables pour le laboratoire. Agitateurs, m\u00e9langeurs, centrifugeuses, balances, microscopes, \u00e9tuves etc...\" \/>\n<meta name=\"robots\" content=\"index, follow, max-snippet:-1, max-image-preview:large, max-video-preview:-1\" \/>\n<link rel=\"canonical\" href=\"https:\/\/www.bionis.fr\/es\/la-empresa\/\" \/>\n<meta property=\"og:locale\" content=\"es_ES\" \/>\n<meta property=\"og:type\" content=\"article\" \/>\n<meta property=\"og:title\" content=\"La boutique du laboratoire\" \/>\n<meta property=\"og:description\" content=\"Bionis propose une gamme d&#039;\u00e9quipements et de consommables pour le laboratoire. Agitateurs, m\u00e9langeurs, centrifugeuses, balances, microscopes, \u00e9tuves etc...\" \/>\n<meta property=\"og:url\" content=\"https:\/\/www.bionis.fr\/es\/la-empresa\/\" \/>\n<meta property=\"og:site_name\" content=\"Bionis\" \/>\n<meta property=\"article:modified_time\" content=\"2023-09-09T13:36:19+00:00\" \/>\n<meta property=\"og:image\" content=\"https:\/\/www.bionis.fr\/wp-content\/uploads\/2020\/07\/societe.jpg\" \/>\n\t<meta property=\"og:image:width\" content=\"2000\" \/>\n\t<meta property=\"og:image:height\" content=\"489\" \/>\n\t<meta property=\"og:image:type\" content=\"image\/jpeg\" \/>\n<meta name=\"twitter:card\" content=\"summary_large_image\" \/>\n<meta name=\"twitter:label1\" content=\"Tiempo de lectura\" \/>\n\t<meta name=\"twitter:data1\" content=\"1 minuto\" \/>\n<script type=\"application\/ld+json\" class=\"yoast-schema-graph\">{\"@context\":\"https:\\\/\\\/schema.org\",\"@graph\":[{\"@type\":\"WebPage\",\"@id\":\"https:\\\/\\\/www.bionis.fr\\\/es\\\/la-empresa\\\/\",\"url\":\"https:\\\/\\\/www.bionis.fr\\\/es\\\/la-empresa\\\/\",\"name\":\"La boutique du laboratoire\",\"isPartOf\":{\"@id\":\"https:\\\/\\\/www.bionis.fr\\\/#website\"},\"primaryImageOfPage\":{\"@id\":\"https:\\\/\\\/www.bionis.fr\\\/es\\\/la-empresa\\\/#primaryimage\"},\"image\":{\"@id\":\"https:\\\/\\\/www.bionis.fr\\\/es\\\/la-empresa\\\/#primaryimage\"},\"thumbnailUrl\":\"https:\\\/\\\/www.bionis.fr\\\/wp-content\\\/uploads\\\/2020\\\/07\\\/societe.jpg\",\"datePublished\":\"2020-06-25T13:21:57+00:00\",\"dateModified\":\"2023-09-09T13:36:19+00:00\",\"description\":\"Bionis propose une gamme d'\u00e9quipements et de consommables pour le laboratoire. Agitateurs, m\u00e9langeurs, centrifugeuses, balances, microscopes, \u00e9tuves etc...\",\"breadcrumb\":{\"@id\":\"https:\\\/\\\/www.bionis.fr\\\/es\\\/la-empresa\\\/#breadcrumb\"},\"inLanguage\":\"es\",\"potentialAction\":[{\"@type\":\"ReadAction\",\"target\":[\"https:\\\/\\\/www.bionis.fr\\\/es\\\/la-empresa\\\/\"]}]},{\"@type\":\"ImageObject\",\"inLanguage\":\"es\",\"@id\":\"https:\\\/\\\/www.bionis.fr\\\/es\\\/la-empresa\\\/#primaryimage\",\"url\":\"https:\\\/\\\/www.bionis.fr\\\/wp-content\\\/uploads\\\/2020\\\/07\\\/societe.jpg\",\"contentUrl\":\"https:\\\/\\\/www.bionis.fr\\\/wp-content\\\/uploads\\\/2020\\\/07\\\/societe.jpg\",\"width\":2000,\"height\":489},{\"@type\":\"BreadcrumbList\",\"@id\":\"https:\\\/\\\/www.bionis.fr\\\/es\\\/la-empresa\\\/#breadcrumb\",\"itemListElement\":[{\"@type\":\"ListItem\",\"position\":1,\"name\":\"Accueil\",\"item\":\"https:\\\/\\\/www.bionis.fr\\\/es\\\/\"},{\"@type\":\"ListItem\",\"position\":2,\"name\":\"Nuestra empresa\"}]},{\"@type\":\"WebSite\",\"@id\":\"https:\\\/\\\/www.bionis.fr\\\/#website\",\"url\":\"https:\\\/\\\/www.bionis.fr\\\/\",\"name\":\"Bionis\",\"description\":\"La soluci\u00f3n de cromatograf\u00eda en capa fina\",\"publisher\":{\"@id\":\"https:\\\/\\\/www.bionis.fr\\\/#organization\"},\"potentialAction\":[{\"@type\":\"SearchAction\",\"target\":{\"@type\":\"EntryPoint\",\"urlTemplate\":\"https:\\\/\\\/www.bionis.fr\\\/?s={search_term_string}\"},\"query-input\":{\"@type\":\"PropertyValueSpecification\",\"valueRequired\":true,\"valueName\":\"search_term_string\"}}],\"inLanguage\":\"es\"},{\"@type\":\"Organization\",\"@id\":\"https:\\\/\\\/www.bionis.fr\\\/#organization\",\"name\":\"Bionis\",\"url\":\"https:\\\/\\\/www.bionis.fr\\\/\",\"logo\":{\"@type\":\"ImageObject\",\"inLanguage\":\"es\",\"@id\":\"https:\\\/\\\/www.bionis.fr\\\/#\\\/schema\\\/logo\\\/image\\\/\",\"url\":\"https:\\\/\\\/www.bionis.fr\\\/wp-content\\\/uploads\\\/2020\\\/07\\\/bionis-logo.png\",\"contentUrl\":\"https:\\\/\\\/www.bionis.fr\\\/wp-content\\\/uploads\\\/2020\\\/07\\\/bionis-logo.png\",\"width\":500,\"height\":125,\"caption\":\"Bionis\"},\"image\":{\"@id\":\"https:\\\/\\\/www.bionis.fr\\\/#\\\/schema\\\/logo\\\/image\\\/\"},\"sameAs\":[\"https:\\\/\\\/www.linkedin.com\\\/company\\\/bionis-sas?originalSubdomain=fr\"]}]}<\/script>\n<!-- \/ Yoast SEO plugin. -->","yoast_head_json":{"title":"La boutique du laboratoire","description":"Bionis propose une gamme d'\u00e9quipements et de consommables pour le laboratoire. Agitateurs, m\u00e9langeurs, centrifugeuses, balances, microscopes, \u00e9tuves etc...","robots":{"index":"index","follow":"follow","max-snippet":"max-snippet:-1","max-image-preview":"max-image-preview:large","max-video-preview":"max-video-preview:-1"},"canonical":"https:\/\/www.bionis.fr\/es\/la-empresa\/","og_locale":"es_ES","og_type":"article","og_title":"La boutique du laboratoire","og_description":"Bionis propose une gamme d'\u00e9quipements et de consommables pour le laboratoire. Agitateurs, m\u00e9langeurs, centrifugeuses, balances, microscopes, \u00e9tuves etc...","og_url":"https:\/\/www.bionis.fr\/es\/la-empresa\/","og_site_name":"Bionis","article_modified_time":"2023-09-09T13:36:19+00:00","og_image":[{"width":2000,"height":489,"url":"https:\/\/www.bionis.fr\/wp-content\/uploads\/2020\/07\/societe.jpg","type":"image\/jpeg"}],"twitter_card":"summary_large_image","twitter_misc":{"Tiempo de lectura":"1 minuto"},"schema":{"@context":"https:\/\/schema.org","@graph":[{"@type":"WebPage","@id":"https:\/\/www.bionis.fr\/es\/la-empresa\/","url":"https:\/\/www.bionis.fr\/es\/la-empresa\/","name":"La boutique du laboratoire","isPartOf":{"@id":"https:\/\/www.bionis.fr\/#website"},"primaryImageOfPage":{"@id":"https:\/\/www.bionis.fr\/es\/la-empresa\/#primaryimage"},"image":{"@id":"https:\/\/www.bionis.fr\/es\/la-empresa\/#primaryimage"},"thumbnailUrl":"https:\/\/www.bionis.fr\/wp-content\/uploads\/2020\/07\/societe.jpg","datePublished":"2020-06-25T13:21:57+00:00","dateModified":"2023-09-09T13:36:19+00:00","description":"Bionis propose une gamme d'\u00e9quipements et de consommables pour le laboratoire. Agitateurs, m\u00e9langeurs, centrifugeuses, balances, microscopes, \u00e9tuves etc...","breadcrumb":{"@id":"https:\/\/www.bionis.fr\/es\/la-empresa\/#breadcrumb"},"inLanguage":"es","potentialAction":[{"@type":"ReadAction","target":["https:\/\/www.bionis.fr\/es\/la-empresa\/"]}]},{"@type":"ImageObject","inLanguage":"es","@id":"https:\/\/www.bionis.fr\/es\/la-empresa\/#primaryimage","url":"https:\/\/www.bionis.fr\/wp-content\/uploads\/2020\/07\/societe.jpg","contentUrl":"https:\/\/www.bionis.fr\/wp-content\/uploads\/2020\/07\/societe.jpg","width":2000,"height":489},{"@type":"BreadcrumbList","@id":"https:\/\/www.bionis.fr\/es\/la-empresa\/#breadcrumb","itemListElement":[{"@type":"ListItem","position":1,"name":"Accueil","item":"https:\/\/www.bionis.fr\/es\/"},{"@type":"ListItem","position":2,"name":"Nuestra empresa"}]},{"@type":"WebSite","@id":"https:\/\/www.bionis.fr\/#website","url":"https:\/\/www.bionis.fr\/","name":"Bionis","description":"La soluci\u00f3n de cromatograf\u00eda en capa fina","publisher":{"@id":"https:\/\/www.bionis.fr\/#organization"},"potentialAction":[{"@type":"SearchAction","target":{"@type":"EntryPoint","urlTemplate":"https:\/\/www.bionis.fr\/?s={search_term_string}"},"query-input":{"@type":"PropertyValueSpecification","valueRequired":true,"valueName":"search_term_string"}}],"inLanguage":"es"},{"@type":"Organization","@id":"https:\/\/www.bionis.fr\/#organization","name":"Bionis","url":"https:\/\/www.bionis.fr\/","logo":{"@type":"ImageObject","inLanguage":"es","@id":"https:\/\/www.bionis.fr\/#\/schema\/logo\/image\/","url":"https:\/\/www.bionis.fr\/wp-content\/uploads\/2020\/07\/bionis-logo.png","contentUrl":"https:\/\/www.bionis.fr\/wp-content\/uploads\/2020\/07\/bionis-logo.png","width":500,"height":125,"caption":"Bionis"},"image":{"@id":"https:\/\/www.bionis.fr\/#\/schema\/logo\/image\/"},"sameAs":["https:\/\/www.linkedin.com\/company\/bionis-sas?originalSubdomain=fr"]}]}},"_links":{"self":[{"href":"https:\/\/www.bionis.fr\/es\/wp-json\/wp\/v2\/pages\/5439","targetHints":{"allow":["GET"]}}],"collection":[{"href":"https:\/\/www.bionis.fr\/es\/wp-json\/wp\/v2\/pages"}],"about":[{"href":"https:\/\/www.bionis.fr\/es\/wp-json\/wp\/v2\/types\/page"}],"author":[{"embeddable":true,"href":"https:\/\/www.bionis.fr\/es\/wp-json\/wp\/v2\/users\/1"}],"replies":[{"embeddable":true,"href":"https:\/\/www.bionis.fr\/es\/wp-json\/wp\/v2\/comments?post=5439"}],"version-history":[{"count":3,"href":"https:\/\/www.bionis.fr\/es\/wp-json\/wp\/v2\/pages\/5439\/revisions"}],"predecessor-version":[{"id":5487,"href":"https:\/\/www.bionis.fr\/es\/wp-json\/wp\/v2\/pages\/5439\/revisions\/5487"}],"wp:featuredmedia":[{"embeddable":true,"href":"https:\/\/www.bionis.fr\/es\/wp-json\/wp\/v2\/media\/3578"}],"wp:attachment":[{"href":"https:\/\/www.bionis.fr\/es\/wp-json\/wp\/v2\/media?parent=5439"}],"curies":[{"name":"wp","href":"https:\/\/api.w.org\/{rel}","templated":true}]}}