{"id":5488,"date":"2020-09-10T15:08:18","date_gmt":"2020-09-10T13:08:18","guid":{"rendered":"https:\/\/www.bionis.fr\/productos\/"},"modified":"2023-09-09T20:50:22","modified_gmt":"2023-09-09T18:50:22","slug":"productos","status":"publish","type":"page","link":"https:\/\/www.bionis.fr\/es\/productos\/","title":{"rendered":"Productos"},"content":{"rendered":"\t\t<div data-elementor-type=\"wp-page\" data-elementor-id=\"5488\" class=\"elementor elementor-5488 elementor-958\">\n\t\t\t\t\t\t<section class=\"elementor-section elementor-top-section elementor-element elementor-element-0f32500 elementor-section-boxed elementor-section-height-default elementor-section-height-default\" data-id=\"0f32500\" data-element_type=\"section\" data-e-type=\"section\">\n\t\t\t\t\t\t<div class=\"elementor-container elementor-column-gap-default\">\n\t\t\t\t\t<div class=\"elementor-column elementor-col-100 elementor-top-column elementor-element elementor-element-eaf0c68\" data-id=\"eaf0c68\" data-element_type=\"column\" data-e-type=\"column\">\n\t\t\t<div class=\"elementor-widget-wrap elementor-element-populated\">\n\t\t\t\t\t\t<div class=\"elementor-element elementor-element-6dbff05 elementor-widget elementor-widget-image\" data-id=\"6dbff05\" data-element_type=\"widget\" data-e-type=\"widget\" data-widget_type=\"image.default\">\n\t\t\t\t<div class=\"elementor-widget-container\">\n\t\t\t\t\t\t\t\t\t\t\t\t\t\t\t\t<a href=\"https:\/\/www.bionis.fr\/categorie-produit\/materiels-et-consommables-ccm\/\">\n\t\t\t\t\t\t\t<img fetchpriority=\"high\" decoding=\"async\" width=\"800\" height=\"267\" src=\"https:\/\/www.bionis.fr\/wp-content\/uploads\/2020\/07\/Consommables-TLC-banniere-800x267.png\" class=\"attachment-medium size-medium wp-image-3608\" alt=\"\" srcset=\"https:\/\/www.bionis.fr\/wp-content\/uploads\/2020\/07\/Consommables-TLC-banniere-800x267.png 800w, https:\/\/www.bionis.fr\/wp-content\/uploads\/2020\/07\/Consommables-TLC-banniere-768x256.png 768w, https:\/\/www.bionis.fr\/wp-content\/uploads\/2020\/07\/Consommables-TLC-banniere-1200x400.png 1200w, https:\/\/www.bionis.fr\/wp-content\/uploads\/2020\/07\/Consommables-TLC-banniere-400x133.png 400w, https:\/\/www.bionis.fr\/wp-content\/uploads\/2020\/07\/Consommables-TLC-banniere.png 1500w\" sizes=\"(max-width: 800px) 85vw, 800px\" \/>\t\t\t\t\t\t\t\t<\/a>\n\t\t\t\t\t\t\t\t\t\t\t\t\t\t\t<\/div>\n\t\t\t\t<\/div>\n\t\t\t\t<div class=\"elementor-element elementor-element-b5d178c elementor-widget elementor-widget-heading\" data-id=\"b5d178c\" data-element_type=\"widget\" data-e-type=\"widget\" data-widget_type=\"heading.default\">\n\t\t\t\t<div class=\"elementor-widget-container\">\n\t\t\t\t\t<h2 class=\"elementor-heading-title elementor-size-default\"><a href=\"https:\/\/www.bionis.fr\/categorie-produit\/materiels-et-consommables-ccm\/\">Material CCF<\/a><\/h2>\t\t\t\t<\/div>\n\t\t\t\t<\/div>\n\t\t\t\t<div class=\"elementor-element elementor-element-11c8684 elementor-widget elementor-widget-image\" data-id=\"11c8684\" data-element_type=\"widget\" data-e-type=\"widget\" data-widget_type=\"image.default\">\n\t\t\t\t<div class=\"elementor-widget-container\">\n\t\t\t\t\t\t\t\t\t\t\t\t\t\t\t\t<a href=\"https:\/\/www.bionis.fr\/categorie-produit\/equipements-hptlc\/\">\n\t\t\t\t\t\t\t<img decoding=\"async\" width=\"800\" height=\"267\" src=\"https:\/\/www.bionis.fr\/wp-content\/uploads\/2020\/07\/HPTLC-banniere3-800x267.png\" class=\"attachment-medium size-medium wp-image-3611\" alt=\"\" srcset=\"https:\/\/www.bionis.fr\/wp-content\/uploads\/2020\/07\/HPTLC-banniere3-800x267.png 800w, https:\/\/www.bionis.fr\/wp-content\/uploads\/2020\/07\/HPTLC-banniere3-768x257.png 768w, https:\/\/www.bionis.fr\/wp-content\/uploads\/2020\/07\/HPTLC-banniere3-1200x401.png 1200w, https:\/\/www.bionis.fr\/wp-content\/uploads\/2020\/07\/HPTLC-banniere3-400x134.png 400w, https:\/\/www.bionis.fr\/wp-content\/uploads\/2020\/07\/HPTLC-banniere3.png 1496w\" sizes=\"(max-width: 800px) 85vw, 800px\" \/>\t\t\t\t\t\t\t\t<\/a>\n\t\t\t\t\t\t\t\t\t\t\t\t\t\t\t<\/div>\n\t\t\t\t<\/div>\n\t\t\t\t\t<\/div>\n\t\t<\/div>\n\t\t\t\t\t<\/div>\n\t\t<\/section>\n\t\t\t\t<section class=\"elementor-section elementor-top-section elementor-element elementor-element-7964444c elementor-section-boxed elementor-section-height-default elementor-section-height-default\" data-id=\"7964444c\" data-element_type=\"section\" data-e-type=\"section\">\n\t\t\t\t\t\t<div class=\"elementor-container elementor-column-gap-default\">\n\t\t\t\t\t<div class=\"elementor-column elementor-col-100 elementor-top-column elementor-element elementor-element-63374ae5\" data-id=\"63374ae5\" data-element_type=\"column\" data-e-type=\"column\">\n\t\t\t<div class=\"elementor-widget-wrap elementor-element-populated\">\n\t\t\t\t\t\t<div class=\"elementor-element elementor-element-f0d9a45 elementor-widget elementor-widget-heading\" data-id=\"f0d9a45\" data-element_type=\"widget\" data-e-type=\"widget\" data-widget_type=\"heading.default\">\n\t\t\t\t<div class=\"elementor-widget-container\">\n\t\t\t\t\t<h2 class=\"elementor-heading-title elementor-size-default\"><a href=\"https:\/\/www.bionis.fr\/categorie-produit\/equipements-hptlc\/\">Equipos CCFAR<\/a><\/h2>\t\t\t\t<\/div>\n\t\t\t\t<\/div>\n\t\t\t\t<div class=\"elementor-element elementor-element-dd49336 elementor-widget elementor-widget-image\" data-id=\"dd49336\" data-element_type=\"widget\" data-e-type=\"widget\" data-widget_type=\"image.default\">\n\t\t\t\t<div class=\"elementor-widget-container\">\n\t\t\t\t\t\t\t\t\t\t\t\t\t\t\t\t<a href=\"https:\/\/www.bionis.fr\/categorie-produit\/echantillonneur-tlc-fid\/\">\n\t\t\t\t\t\t\t<img decoding=\"async\" width=\"800\" height=\"267\" src=\"https:\/\/www.bionis.fr\/wp-content\/uploads\/2020\/07\/Iatroscan-banniere3-800x267.png\" class=\"attachment-medium size-medium wp-image-3617\" alt=\"\" srcset=\"https:\/\/www.bionis.fr\/wp-content\/uploads\/2020\/07\/Iatroscan-banniere3-800x267.png 800w, https:\/\/www.bionis.fr\/wp-content\/uploads\/2020\/07\/Iatroscan-banniere3-768x256.png 768w, https:\/\/www.bionis.fr\/wp-content\/uploads\/2020\/07\/Iatroscan-banniere3-1200x400.png 1200w, https:\/\/www.bionis.fr\/wp-content\/uploads\/2020\/07\/Iatroscan-banniere3-400x133.png 400w, https:\/\/www.bionis.fr\/wp-content\/uploads\/2020\/07\/Iatroscan-banniere3.png 1500w\" sizes=\"(max-width: 800px) 85vw, 800px\" \/>\t\t\t\t\t\t\t\t<\/a>\n\t\t\t\t\t\t\t\t\t\t\t\t\t\t\t<\/div>\n\t\t\t\t<\/div>\n\t\t\t\t<div class=\"elementor-element elementor-element-e3d1724 elementor-widget elementor-widget-heading\" data-id=\"e3d1724\" data-element_type=\"widget\" data-e-type=\"widget\" data-widget_type=\"heading.default\">\n\t\t\t\t<div class=\"elementor-widget-container\">\n\t\t\t\t\t<h2 class=\"elementor-heading-title elementor-size-default\"><a href=\"https:\/\/www.bionis.fr\/categorie-produit\/echantillonneur-tlc-fid\/\">Muestreador CCFAR+FID<\/a><\/h2>\t\t\t\t<\/div>\n\t\t\t\t<\/div>\n\t\t\t\t\t<\/div>\n\t\t<\/div>\n\t\t\t\t\t<\/div>\n\t\t<\/section>\n\t\t\t\t<\/div>\n\t\t","protected":false},"excerpt":{"rendered":"<p>Material CCF Equipos CCFAR Muestreador CCFAR+FID<\/p>\n","protected":false},"author":1,"featured_media":4310,"parent":0,"menu_order":0,"comment_status":"closed","ping_status":"closed","template":"","meta":{"footnotes":""},"class_list":["post-5488","page","type-page","status-publish","has-post-thumbnail","hentry"],"yoast_head":"<!-- This site is optimized with the Yoast SEO plugin v27.4 - https:\/\/yoast.com\/product\/yoast-seo-wordpress\/ -->\n<title>La boutique du laboratoire<\/title>\n<meta name=\"description\" content=\"Bionis propose une gamme d&#039;\u00e9quipements et de consommables pour le laboratoire. Agitateurs, m\u00e9langeurs, centrifugeuses, balances, microscopes, \u00e9tuves etc...\" \/>\n<meta name=\"robots\" content=\"index, follow, max-snippet:-1, max-image-preview:large, max-video-preview:-1\" \/>\n<link rel=\"canonical\" href=\"https:\/\/www.bionis.fr\/es\/productos\/\" \/>\n<meta property=\"og:locale\" content=\"es_ES\" \/>\n<meta property=\"og:type\" content=\"article\" \/>\n<meta property=\"og:title\" content=\"La boutique du laboratoire\" \/>\n<meta property=\"og:description\" content=\"Bionis propose une gamme d&#039;\u00e9quipements et de consommables pour le laboratoire. Agitateurs, m\u00e9langeurs, centrifugeuses, balances, microscopes, \u00e9tuves etc...\" \/>\n<meta property=\"og:url\" content=\"https:\/\/www.bionis.fr\/es\/productos\/\" \/>\n<meta property=\"og:site_name\" content=\"Bionis\" \/>\n<meta property=\"article:modified_time\" content=\"2023-09-09T18:50:22+00:00\" \/>\n<meta property=\"og:image\" content=\"https:\/\/www.bionis.fr\/wp-content\/uploads\/2020\/09\/Image-pour-fond24.png\" \/>\n\t<meta property=\"og:image:width\" content=\"2000\" \/>\n\t<meta property=\"og:image:height\" content=\"372\" \/>\n\t<meta property=\"og:image:type\" content=\"image\/png\" \/>\n<meta name=\"twitter:card\" content=\"summary_large_image\" \/>\n<script type=\"application\/ld+json\" class=\"yoast-schema-graph\">{\"@context\":\"https:\\\/\\\/schema.org\",\"@graph\":[{\"@type\":\"WebPage\",\"@id\":\"https:\\\/\\\/www.bionis.fr\\\/es\\\/productos\\\/\",\"url\":\"https:\\\/\\\/www.bionis.fr\\\/es\\\/productos\\\/\",\"name\":\"La boutique du laboratoire\",\"isPartOf\":{\"@id\":\"https:\\\/\\\/www.bionis.fr\\\/#website\"},\"primaryImageOfPage\":{\"@id\":\"https:\\\/\\\/www.bionis.fr\\\/es\\\/productos\\\/#primaryimage\"},\"image\":{\"@id\":\"https:\\\/\\\/www.bionis.fr\\\/es\\\/productos\\\/#primaryimage\"},\"thumbnailUrl\":\"https:\\\/\\\/www.bionis.fr\\\/wp-content\\\/uploads\\\/2020\\\/09\\\/Image-pour-fond24.png\",\"datePublished\":\"2020-09-10T13:08:18+00:00\",\"dateModified\":\"2023-09-09T18:50:22+00:00\",\"description\":\"Bionis propose une gamme d'\u00e9quipements et de consommables pour le laboratoire. Agitateurs, m\u00e9langeurs, centrifugeuses, balances, microscopes, \u00e9tuves etc...\",\"breadcrumb\":{\"@id\":\"https:\\\/\\\/www.bionis.fr\\\/es\\\/productos\\\/#breadcrumb\"},\"inLanguage\":\"es\",\"potentialAction\":[{\"@type\":\"ReadAction\",\"target\":[\"https:\\\/\\\/www.bionis.fr\\\/es\\\/productos\\\/\"]}]},{\"@type\":\"ImageObject\",\"inLanguage\":\"es\",\"@id\":\"https:\\\/\\\/www.bionis.fr\\\/es\\\/productos\\\/#primaryimage\",\"url\":\"https:\\\/\\\/www.bionis.fr\\\/wp-content\\\/uploads\\\/2020\\\/09\\\/Image-pour-fond24.png\",\"contentUrl\":\"https:\\\/\\\/www.bionis.fr\\\/wp-content\\\/uploads\\\/2020\\\/09\\\/Image-pour-fond24.png\",\"width\":2000,\"height\":372},{\"@type\":\"BreadcrumbList\",\"@id\":\"https:\\\/\\\/www.bionis.fr\\\/es\\\/productos\\\/#breadcrumb\",\"itemListElement\":[{\"@type\":\"ListItem\",\"position\":1,\"name\":\"Accueil\",\"item\":\"https:\\\/\\\/www.bionis.fr\\\/es\\\/\"},{\"@type\":\"ListItem\",\"position\":2,\"name\":\"Productos\"}]},{\"@type\":\"WebSite\",\"@id\":\"https:\\\/\\\/www.bionis.fr\\\/#website\",\"url\":\"https:\\\/\\\/www.bionis.fr\\\/\",\"name\":\"Bionis\",\"description\":\"La soluci\u00f3n de cromatograf\u00eda en capa fina\",\"publisher\":{\"@id\":\"https:\\\/\\\/www.bionis.fr\\\/#organization\"},\"potentialAction\":[{\"@type\":\"SearchAction\",\"target\":{\"@type\":\"EntryPoint\",\"urlTemplate\":\"https:\\\/\\\/www.bionis.fr\\\/?s={search_term_string}\"},\"query-input\":{\"@type\":\"PropertyValueSpecification\",\"valueRequired\":true,\"valueName\":\"search_term_string\"}}],\"inLanguage\":\"es\"},{\"@type\":\"Organization\",\"@id\":\"https:\\\/\\\/www.bionis.fr\\\/#organization\",\"name\":\"Bionis\",\"url\":\"https:\\\/\\\/www.bionis.fr\\\/\",\"logo\":{\"@type\":\"ImageObject\",\"inLanguage\":\"es\",\"@id\":\"https:\\\/\\\/www.bionis.fr\\\/#\\\/schema\\\/logo\\\/image\\\/\",\"url\":\"https:\\\/\\\/www.bionis.fr\\\/wp-content\\\/uploads\\\/2020\\\/07\\\/bionis-logo.png\",\"contentUrl\":\"https:\\\/\\\/www.bionis.fr\\\/wp-content\\\/uploads\\\/2020\\\/07\\\/bionis-logo.png\",\"width\":500,\"height\":125,\"caption\":\"Bionis\"},\"image\":{\"@id\":\"https:\\\/\\\/www.bionis.fr\\\/#\\\/schema\\\/logo\\\/image\\\/\"},\"sameAs\":[\"https:\\\/\\\/www.linkedin.com\\\/company\\\/bionis-sas?originalSubdomain=fr\"]}]}<\/script>\n<!-- \/ Yoast SEO plugin. -->","yoast_head_json":{"title":"La boutique du laboratoire","description":"Bionis propose une gamme d'\u00e9quipements et de consommables pour le laboratoire. Agitateurs, m\u00e9langeurs, centrifugeuses, balances, microscopes, \u00e9tuves etc...","robots":{"index":"index","follow":"follow","max-snippet":"max-snippet:-1","max-image-preview":"max-image-preview:large","max-video-preview":"max-video-preview:-1"},"canonical":"https:\/\/www.bionis.fr\/es\/productos\/","og_locale":"es_ES","og_type":"article","og_title":"La boutique du laboratoire","og_description":"Bionis propose une gamme d'\u00e9quipements et de consommables pour le laboratoire. Agitateurs, m\u00e9langeurs, centrifugeuses, balances, microscopes, \u00e9tuves etc...","og_url":"https:\/\/www.bionis.fr\/es\/productos\/","og_site_name":"Bionis","article_modified_time":"2023-09-09T18:50:22+00:00","og_image":[{"width":2000,"height":372,"url":"https:\/\/www.bionis.fr\/wp-content\/uploads\/2020\/09\/Image-pour-fond24.png","type":"image\/png"}],"twitter_card":"summary_large_image","schema":{"@context":"https:\/\/schema.org","@graph":[{"@type":"WebPage","@id":"https:\/\/www.bionis.fr\/es\/productos\/","url":"https:\/\/www.bionis.fr\/es\/productos\/","name":"La boutique du laboratoire","isPartOf":{"@id":"https:\/\/www.bionis.fr\/#website"},"primaryImageOfPage":{"@id":"https:\/\/www.bionis.fr\/es\/productos\/#primaryimage"},"image":{"@id":"https:\/\/www.bionis.fr\/es\/productos\/#primaryimage"},"thumbnailUrl":"https:\/\/www.bionis.fr\/wp-content\/uploads\/2020\/09\/Image-pour-fond24.png","datePublished":"2020-09-10T13:08:18+00:00","dateModified":"2023-09-09T18:50:22+00:00","description":"Bionis propose une gamme d'\u00e9quipements et de consommables pour le laboratoire. Agitateurs, m\u00e9langeurs, centrifugeuses, balances, microscopes, \u00e9tuves etc...","breadcrumb":{"@id":"https:\/\/www.bionis.fr\/es\/productos\/#breadcrumb"},"inLanguage":"es","potentialAction":[{"@type":"ReadAction","target":["https:\/\/www.bionis.fr\/es\/productos\/"]}]},{"@type":"ImageObject","inLanguage":"es","@id":"https:\/\/www.bionis.fr\/es\/productos\/#primaryimage","url":"https:\/\/www.bionis.fr\/wp-content\/uploads\/2020\/09\/Image-pour-fond24.png","contentUrl":"https:\/\/www.bionis.fr\/wp-content\/uploads\/2020\/09\/Image-pour-fond24.png","width":2000,"height":372},{"@type":"BreadcrumbList","@id":"https:\/\/www.bionis.fr\/es\/productos\/#breadcrumb","itemListElement":[{"@type":"ListItem","position":1,"name":"Accueil","item":"https:\/\/www.bionis.fr\/es\/"},{"@type":"ListItem","position":2,"name":"Productos"}]},{"@type":"WebSite","@id":"https:\/\/www.bionis.fr\/#website","url":"https:\/\/www.bionis.fr\/","name":"Bionis","description":"La soluci\u00f3n de cromatograf\u00eda en capa fina","publisher":{"@id":"https:\/\/www.bionis.fr\/#organization"},"potentialAction":[{"@type":"SearchAction","target":{"@type":"EntryPoint","urlTemplate":"https:\/\/www.bionis.fr\/?s={search_term_string}"},"query-input":{"@type":"PropertyValueSpecification","valueRequired":true,"valueName":"search_term_string"}}],"inLanguage":"es"},{"@type":"Organization","@id":"https:\/\/www.bionis.fr\/#organization","name":"Bionis","url":"https:\/\/www.bionis.fr\/","logo":{"@type":"ImageObject","inLanguage":"es","@id":"https:\/\/www.bionis.fr\/#\/schema\/logo\/image\/","url":"https:\/\/www.bionis.fr\/wp-content\/uploads\/2020\/07\/bionis-logo.png","contentUrl":"https:\/\/www.bionis.fr\/wp-content\/uploads\/2020\/07\/bionis-logo.png","width":500,"height":125,"caption":"Bionis"},"image":{"@id":"https:\/\/www.bionis.fr\/#\/schema\/logo\/image\/"},"sameAs":["https:\/\/www.linkedin.com\/company\/bionis-sas?originalSubdomain=fr"]}]}},"_links":{"self":[{"href":"https:\/\/www.bionis.fr\/es\/wp-json\/wp\/v2\/pages\/5488","targetHints":{"allow":["GET"]}}],"collection":[{"href":"https:\/\/www.bionis.fr\/es\/wp-json\/wp\/v2\/pages"}],"about":[{"href":"https:\/\/www.bionis.fr\/es\/wp-json\/wp\/v2\/types\/page"}],"author":[{"embeddable":true,"href":"https:\/\/www.bionis.fr\/es\/wp-json\/wp\/v2\/users\/1"}],"replies":[{"embeddable":true,"href":"https:\/\/www.bionis.fr\/es\/wp-json\/wp\/v2\/comments?post=5488"}],"version-history":[{"count":1,"href":"https:\/\/www.bionis.fr\/es\/wp-json\/wp\/v2\/pages\/5488\/revisions"}],"predecessor-version":[{"id":5489,"href":"https:\/\/www.bionis.fr\/es\/wp-json\/wp\/v2\/pages\/5488\/revisions\/5489"}],"wp:featuredmedia":[{"embeddable":true,"href":"https:\/\/www.bionis.fr\/es\/wp-json\/wp\/v2\/media\/4310"}],"wp:attachment":[{"href":"https:\/\/www.bionis.fr\/es\/wp-json\/wp\/v2\/media?parent=5488"}],"curies":[{"name":"wp","href":"https:\/\/api.w.org\/{rel}","templated":true}]}}