{"id":6062,"date":"2020-09-12T11:10:56","date_gmt":"2020-09-12T09:10:56","guid":{"rendered":"https:\/\/www.bionis.fr\/recursos\/catalogo-ccf-ccfar-ingles\/"},"modified":"2023-09-15T13:59:11","modified_gmt":"2023-09-15T11:59:11","slug":"catalogo-ccf-ccfar-ingles","status":"publish","type":"page","link":"https:\/\/www.bionis.fr\/es\/recursos\/catalogo-ccf-ccfar-ingles\/","title":{"rendered":"Cat\u00e1logo CCF\/CCFAR ( Ingl\u00e9s )"},"content":{"rendered":"\t\t<div data-elementor-type=\"wp-page\" data-elementor-id=\"6062\" class=\"elementor elementor-6062 elementor-1132\">\n\t\t\t\t\t\t<section class=\"elementor-section elementor-top-section elementor-element elementor-element-711d315a elementor-section-boxed elementor-section-height-default elementor-section-height-default\" data-id=\"711d315a\" data-element_type=\"section\" data-e-type=\"section\">\n\t\t\t\t\t\t<div class=\"elementor-container elementor-column-gap-default\">\n\t\t\t\t\t<div class=\"elementor-column elementor-col-100 elementor-top-column elementor-element elementor-element-57c15244\" data-id=\"57c15244\" data-element_type=\"column\" data-e-type=\"column\">\n\t\t\t<div class=\"elementor-widget-wrap elementor-element-populated\">\n\t\t\t\t\t\t<div class=\"elementor-element elementor-element-6ed8f9a6 elementor-widget elementor-widget-text-editor\" data-id=\"6ed8f9a6\" data-element_type=\"widget\" data-e-type=\"widget\" data-widget_type=\"text-editor.default\">\n\t\t\t\t<div class=\"elementor-widget-container\">\n\t\t\t\t\t\t\t\t\t<p style=\"text-align: center;\">Haga clic en la imagen para abrir nuestro cat\u00e1logo TLC\/HPTLC<\/p>\n<p><img decoding=\"async\" class=\"aligncenter wp-image-6042\" src=\"https:\/\/www.bionis.fr\/wp-content\/uploads\/2023\/09\/BIONIS-TLC-and-HPTLC-Catalogue-Eng-354x500.jpg\" alt=\"\" width=\"154\" height=\"217\" srcset=\"https:\/\/www.bionis.fr\/wp-content\/uploads\/2023\/09\/BIONIS-TLC-and-HPTLC-Catalogue-Eng-354x500.jpg 354w, https:\/\/www.bionis.fr\/wp-content\/uploads\/2023\/09\/BIONIS-TLC-and-HPTLC-Catalogue-Eng-724x1024.jpg 724w, https:\/\/www.bionis.fr\/wp-content\/uploads\/2023\/09\/BIONIS-TLC-and-HPTLC-Catalogue-Eng-768x1086.jpg 768w, https:\/\/www.bionis.fr\/wp-content\/uploads\/2023\/09\/BIONIS-TLC-and-HPTLC-Catalogue-Eng-1086x1536.jpg 1086w, https:\/\/www.bionis.fr\/wp-content\/uploads\/2023\/09\/BIONIS-TLC-and-HPTLC-Catalogue-Eng-1200x1697.jpg 1200w, https:\/\/www.bionis.fr\/wp-content\/uploads\/2023\/09\/BIONIS-TLC-and-HPTLC-Catalogue-Eng-400x566.jpg 400w, https:\/\/www.bionis.fr\/wp-content\/uploads\/2023\/09\/BIONIS-TLC-and-HPTLC-Catalogue-Eng.jpg 1414w\" sizes=\"(max-width: 154px) 85vw, 154px\" \/><\/p>\n<p style=\"text-align: center;\"><a href=\"https:\/\/www.bionis.fr\/wp-content\/uploads\/2020\/09\/Catalogue-TLC_HPTLC-Bionis-2020-2021.pdf\">Cat\u00e1logo CCF_CCFAR Bionis ( Ingl\u00e9s )<\/a><\/p>\n\t\t\t\t\t\t\t\t<\/div>\n\t\t\t\t<\/div>\n\t\t\t\t\t<\/div>\n\t\t<\/div>\n\t\t\t\t\t<\/div>\n\t\t<\/section>\n\t\t\t\t<\/div>\n\t\t","protected":false},"excerpt":{"rendered":"<p>Haga clic en la imagen para abrir nuestro cat\u00e1logo TLC\/HPTLC Cat\u00e1logo CCF_CCFAR Bionis ( Ingl\u00e9s )<\/p>\n","protected":false},"author":2,"featured_media":0,"parent":5429,"menu_order":0,"comment_status":"closed","ping_status":"closed","template":"","meta":{"footnotes":""},"class_list":["post-6062","page","type-page","status-publish","hentry"],"yoast_head":"<!-- This site is optimized with the Yoast SEO plugin v27.5 - https:\/\/yoast.com\/product\/yoast-seo-wordpress\/ -->\n<title>La boutique du laboratoire<\/title>\n<meta name=\"description\" content=\"Bionis propose une gamme d&#039;\u00e9quipements et de consommables pour le laboratoire. Agitateurs, m\u00e9langeurs, centrifugeuses, balances, microscopes, \u00e9tuves etc...\" \/>\n<meta name=\"robots\" content=\"index, follow, max-snippet:-1, max-image-preview:large, max-video-preview:-1\" \/>\n<link rel=\"canonical\" href=\"https:\/\/www.bionis.fr\/es\/recursos\/catalogo-ccf-ccfar-ingles\/\" \/>\n<meta property=\"og:locale\" content=\"es_ES\" \/>\n<meta property=\"og:type\" content=\"article\" \/>\n<meta property=\"og:title\" content=\"La boutique du laboratoire\" \/>\n<meta property=\"og:description\" content=\"Bionis propose une gamme d&#039;\u00e9quipements et de consommables pour le laboratoire. Agitateurs, m\u00e9langeurs, centrifugeuses, balances, microscopes, \u00e9tuves etc...\" \/>\n<meta property=\"og:url\" content=\"https:\/\/www.bionis.fr\/es\/recursos\/catalogo-ccf-ccfar-ingles\/\" \/>\n<meta property=\"og:site_name\" content=\"Bionis\" \/>\n<meta property=\"article:modified_time\" content=\"2023-09-15T11:59:11+00:00\" \/>\n<meta property=\"og:image\" content=\"https:\/\/www.bionis.fr\/wp-content\/uploads\/2023\/09\/BIONIS-TLC-and-HPTLC-Catalogue-Eng-354x500.jpg\" \/>\n<meta name=\"twitter:card\" content=\"summary_large_image\" \/>\n<script type=\"application\/ld+json\" class=\"yoast-schema-graph\">{\"@context\":\"https:\\\/\\\/schema.org\",\"@graph\":[{\"@type\":\"WebPage\",\"@id\":\"https:\\\/\\\/www.bionis.fr\\\/es\\\/recursos\\\/catalogo-ccf-ccfar-ingles\\\/\",\"url\":\"https:\\\/\\\/www.bionis.fr\\\/es\\\/recursos\\\/catalogo-ccf-ccfar-ingles\\\/\",\"name\":\"La boutique du laboratoire\",\"isPartOf\":{\"@id\":\"https:\\\/\\\/www.bionis.fr\\\/#website\"},\"primaryImageOfPage\":{\"@id\":\"https:\\\/\\\/www.bionis.fr\\\/es\\\/recursos\\\/catalogo-ccf-ccfar-ingles\\\/#primaryimage\"},\"image\":{\"@id\":\"https:\\\/\\\/www.bionis.fr\\\/es\\\/recursos\\\/catalogo-ccf-ccfar-ingles\\\/#primaryimage\"},\"thumbnailUrl\":\"https:\\\/\\\/www.bionis.fr\\\/wp-content\\\/uploads\\\/2023\\\/09\\\/BIONIS-TLC-and-HPTLC-Catalogue-Eng-354x500.jpg\",\"datePublished\":\"2020-09-12T09:10:56+00:00\",\"dateModified\":\"2023-09-15T11:59:11+00:00\",\"description\":\"Bionis propose une gamme d'\u00e9quipements et de consommables pour le laboratoire. Agitateurs, m\u00e9langeurs, centrifugeuses, balances, microscopes, \u00e9tuves etc...\",\"breadcrumb\":{\"@id\":\"https:\\\/\\\/www.bionis.fr\\\/es\\\/recursos\\\/catalogo-ccf-ccfar-ingles\\\/#breadcrumb\"},\"inLanguage\":\"es\",\"potentialAction\":[{\"@type\":\"ReadAction\",\"target\":[\"https:\\\/\\\/www.bionis.fr\\\/es\\\/recursos\\\/catalogo-ccf-ccfar-ingles\\\/\"]}]},{\"@type\":\"ImageObject\",\"inLanguage\":\"es\",\"@id\":\"https:\\\/\\\/www.bionis.fr\\\/es\\\/recursos\\\/catalogo-ccf-ccfar-ingles\\\/#primaryimage\",\"url\":\"https:\\\/\\\/www.bionis.fr\\\/wp-content\\\/uploads\\\/2023\\\/09\\\/BIONIS-TLC-and-HPTLC-Catalogue-Eng-354x500.jpg\",\"contentUrl\":\"https:\\\/\\\/www.bionis.fr\\\/wp-content\\\/uploads\\\/2023\\\/09\\\/BIONIS-TLC-and-HPTLC-Catalogue-Eng-354x500.jpg\"},{\"@type\":\"BreadcrumbList\",\"@id\":\"https:\\\/\\\/www.bionis.fr\\\/es\\\/recursos\\\/catalogo-ccf-ccfar-ingles\\\/#breadcrumb\",\"itemListElement\":[{\"@type\":\"ListItem\",\"position\":1,\"name\":\"Accueil\",\"item\":\"https:\\\/\\\/www.bionis.fr\\\/es\\\/\"},{\"@type\":\"ListItem\",\"position\":2,\"name\":\"Recursos\",\"item\":\"https:\\\/\\\/www.bionis.fr\\\/es\\\/recursos\\\/\"},{\"@type\":\"ListItem\",\"position\":3,\"name\":\"Cat\u00e1logo CCF\\\/CCFAR ( Ingl\u00e9s )\"}]},{\"@type\":\"WebSite\",\"@id\":\"https:\\\/\\\/www.bionis.fr\\\/#website\",\"url\":\"https:\\\/\\\/www.bionis.fr\\\/\",\"name\":\"Bionis\",\"description\":\"La soluci\u00f3n de cromatograf\u00eda en capa fina\",\"publisher\":{\"@id\":\"https:\\\/\\\/www.bionis.fr\\\/#organization\"},\"potentialAction\":[{\"@type\":\"SearchAction\",\"target\":{\"@type\":\"EntryPoint\",\"urlTemplate\":\"https:\\\/\\\/www.bionis.fr\\\/?s={search_term_string}\"},\"query-input\":{\"@type\":\"PropertyValueSpecification\",\"valueRequired\":true,\"valueName\":\"search_term_string\"}}],\"inLanguage\":\"es\"},{\"@type\":\"Organization\",\"@id\":\"https:\\\/\\\/www.bionis.fr\\\/#organization\",\"name\":\"Bionis\",\"url\":\"https:\\\/\\\/www.bionis.fr\\\/\",\"logo\":{\"@type\":\"ImageObject\",\"inLanguage\":\"es\",\"@id\":\"https:\\\/\\\/www.bionis.fr\\\/#\\\/schema\\\/logo\\\/image\\\/\",\"url\":\"https:\\\/\\\/www.bionis.fr\\\/wp-content\\\/uploads\\\/2020\\\/07\\\/bionis-logo.png\",\"contentUrl\":\"https:\\\/\\\/www.bionis.fr\\\/wp-content\\\/uploads\\\/2020\\\/07\\\/bionis-logo.png\",\"width\":500,\"height\":125,\"caption\":\"Bionis\"},\"image\":{\"@id\":\"https:\\\/\\\/www.bionis.fr\\\/#\\\/schema\\\/logo\\\/image\\\/\"},\"sameAs\":[\"https:\\\/\\\/www.linkedin.com\\\/company\\\/bionis-sas?originalSubdomain=fr\"]}]}<\/script>\n<!-- \/ Yoast SEO plugin. -->","yoast_head_json":{"title":"La boutique du laboratoire","description":"Bionis propose une gamme d'\u00e9quipements et de consommables pour le laboratoire. Agitateurs, m\u00e9langeurs, centrifugeuses, balances, microscopes, \u00e9tuves etc...","robots":{"index":"index","follow":"follow","max-snippet":"max-snippet:-1","max-image-preview":"max-image-preview:large","max-video-preview":"max-video-preview:-1"},"canonical":"https:\/\/www.bionis.fr\/es\/recursos\/catalogo-ccf-ccfar-ingles\/","og_locale":"es_ES","og_type":"article","og_title":"La boutique du laboratoire","og_description":"Bionis propose une gamme d'\u00e9quipements et de consommables pour le laboratoire. Agitateurs, m\u00e9langeurs, centrifugeuses, balances, microscopes, \u00e9tuves etc...","og_url":"https:\/\/www.bionis.fr\/es\/recursos\/catalogo-ccf-ccfar-ingles\/","og_site_name":"Bionis","article_modified_time":"2023-09-15T11:59:11+00:00","og_image":[{"url":"https:\/\/www.bionis.fr\/wp-content\/uploads\/2023\/09\/BIONIS-TLC-and-HPTLC-Catalogue-Eng-354x500.jpg","type":"","width":"","height":""}],"twitter_card":"summary_large_image","schema":{"@context":"https:\/\/schema.org","@graph":[{"@type":"WebPage","@id":"https:\/\/www.bionis.fr\/es\/recursos\/catalogo-ccf-ccfar-ingles\/","url":"https:\/\/www.bionis.fr\/es\/recursos\/catalogo-ccf-ccfar-ingles\/","name":"La boutique du laboratoire","isPartOf":{"@id":"https:\/\/www.bionis.fr\/#website"},"primaryImageOfPage":{"@id":"https:\/\/www.bionis.fr\/es\/recursos\/catalogo-ccf-ccfar-ingles\/#primaryimage"},"image":{"@id":"https:\/\/www.bionis.fr\/es\/recursos\/catalogo-ccf-ccfar-ingles\/#primaryimage"},"thumbnailUrl":"https:\/\/www.bionis.fr\/wp-content\/uploads\/2023\/09\/BIONIS-TLC-and-HPTLC-Catalogue-Eng-354x500.jpg","datePublished":"2020-09-12T09:10:56+00:00","dateModified":"2023-09-15T11:59:11+00:00","description":"Bionis propose une gamme d'\u00e9quipements et de consommables pour le laboratoire. Agitateurs, m\u00e9langeurs, centrifugeuses, balances, microscopes, \u00e9tuves etc...","breadcrumb":{"@id":"https:\/\/www.bionis.fr\/es\/recursos\/catalogo-ccf-ccfar-ingles\/#breadcrumb"},"inLanguage":"es","potentialAction":[{"@type":"ReadAction","target":["https:\/\/www.bionis.fr\/es\/recursos\/catalogo-ccf-ccfar-ingles\/"]}]},{"@type":"ImageObject","inLanguage":"es","@id":"https:\/\/www.bionis.fr\/es\/recursos\/catalogo-ccf-ccfar-ingles\/#primaryimage","url":"https:\/\/www.bionis.fr\/wp-content\/uploads\/2023\/09\/BIONIS-TLC-and-HPTLC-Catalogue-Eng-354x500.jpg","contentUrl":"https:\/\/www.bionis.fr\/wp-content\/uploads\/2023\/09\/BIONIS-TLC-and-HPTLC-Catalogue-Eng-354x500.jpg"},{"@type":"BreadcrumbList","@id":"https:\/\/www.bionis.fr\/es\/recursos\/catalogo-ccf-ccfar-ingles\/#breadcrumb","itemListElement":[{"@type":"ListItem","position":1,"name":"Accueil","item":"https:\/\/www.bionis.fr\/es\/"},{"@type":"ListItem","position":2,"name":"Recursos","item":"https:\/\/www.bionis.fr\/es\/recursos\/"},{"@type":"ListItem","position":3,"name":"Cat\u00e1logo CCF\/CCFAR ( Ingl\u00e9s )"}]},{"@type":"WebSite","@id":"https:\/\/www.bionis.fr\/#website","url":"https:\/\/www.bionis.fr\/","name":"Bionis","description":"La soluci\u00f3n de cromatograf\u00eda en capa fina","publisher":{"@id":"https:\/\/www.bionis.fr\/#organization"},"potentialAction":[{"@type":"SearchAction","target":{"@type":"EntryPoint","urlTemplate":"https:\/\/www.bionis.fr\/?s={search_term_string}"},"query-input":{"@type":"PropertyValueSpecification","valueRequired":true,"valueName":"search_term_string"}}],"inLanguage":"es"},{"@type":"Organization","@id":"https:\/\/www.bionis.fr\/#organization","name":"Bionis","url":"https:\/\/www.bionis.fr\/","logo":{"@type":"ImageObject","inLanguage":"es","@id":"https:\/\/www.bionis.fr\/#\/schema\/logo\/image\/","url":"https:\/\/www.bionis.fr\/wp-content\/uploads\/2020\/07\/bionis-logo.png","contentUrl":"https:\/\/www.bionis.fr\/wp-content\/uploads\/2020\/07\/bionis-logo.png","width":500,"height":125,"caption":"Bionis"},"image":{"@id":"https:\/\/www.bionis.fr\/#\/schema\/logo\/image\/"},"sameAs":["https:\/\/www.linkedin.com\/company\/bionis-sas?originalSubdomain=fr"]}]}},"_links":{"self":[{"href":"https:\/\/www.bionis.fr\/es\/wp-json\/wp\/v2\/pages\/6062","targetHints":{"allow":["GET"]}}],"collection":[{"href":"https:\/\/www.bionis.fr\/es\/wp-json\/wp\/v2\/pages"}],"about":[{"href":"https:\/\/www.bionis.fr\/es\/wp-json\/wp\/v2\/types\/page"}],"author":[{"embeddable":true,"href":"https:\/\/www.bionis.fr\/es\/wp-json\/wp\/v2\/users\/2"}],"replies":[{"embeddable":true,"href":"https:\/\/www.bionis.fr\/es\/wp-json\/wp\/v2\/comments?post=6062"}],"version-history":[{"count":1,"href":"https:\/\/www.bionis.fr\/es\/wp-json\/wp\/v2\/pages\/6062\/revisions"}],"predecessor-version":[{"id":6063,"href":"https:\/\/www.bionis.fr\/es\/wp-json\/wp\/v2\/pages\/6062\/revisions\/6063"}],"up":[{"embeddable":true,"href":"https:\/\/www.bionis.fr\/es\/wp-json\/wp\/v2\/pages\/5429"}],"wp:attachment":[{"href":"https:\/\/www.bionis.fr\/es\/wp-json\/wp\/v2\/media?parent=6062"}],"curies":[{"name":"wp","href":"https:\/\/api.w.org\/{rel}","templated":true}]}}