{"id":338,"date":"2020-08-04T09:24:37","date_gmt":"2020-08-04T07:24:37","guid":{"rendered":"https:\/\/www.bionis.fr\/?post_type=product&#038;p=338"},"modified":"2021-01-15T16:07:54","modified_gmt":"2021-01-15T15:07:54","slug":"deposeur-semi-automatique-ses3202","status":"publish","type":"product","link":"https:\/\/www.bionis.fr\/es\/produit\/deposeur-semi-automatique-ses3202\/","title":{"rendered":"D\u00e9poseur semi-automatique SES3202"},"content":{"rendered":"<p>D\u00e9p\u00f4ts <strong>pr\u00e9cis<\/strong> et <strong>reproductibles<\/strong> entre 0.02 \u00b5l et 10 \u00b5l<\/p>\n<p>Livr\u00e9 avec une <strong>seringue calibr\u00e9e<\/strong> \u00e0 2 \u00b5l, pr\u00e9cision sur le volume : 0.5%<\/p>\n<p><strong>Module de contr\u00f4le<\/strong> permettant de choisir :<\/p>\n<ul>\n<li>le mode de d\u00e9p\u00f4t : lin\u00e9aire ou intermittent (\u00e9vite la diffusion)<\/li>\n<li>la vitesse de d\u00e9p\u00f4t en lin\u00e9aire<\/li>\n<li>le mode rin\u00e7age<\/li>\n<li>tablette pour support Chromarods r\u00e9glable en X Y<\/li>\n<\/ul>\n<p>L\u2019<strong>Auto-spotter SES3202<\/strong> peut appliquer l&#8217;\u00e9chantillon en <strong>aliquotes successifs<\/strong> permettant ainsi l&#8217;\u00e9vaporation du solvant avant de distribuer la partie aliquote de l&#8217;\u00e9chantillon suivant.<\/p>\n<p>Ce proc\u00e9d\u00e9 \u00e9vite la diffusion du spot de l&#8217;\u00e9chantillon et emp\u00eache la <strong>d\u00e9t\u00e9rioration<\/strong> de la r\u00e9solution.<\/p>\n<p>De cette fa\u00e7on, on peut d\u00e9poser de grandes quantit\u00e9s de l&#8217;\u00e9chantillon afin d&#8217;am\u00e9liorer la <strong>sensibilit\u00e9 des analyses<\/strong>.<\/p>\n<p><strong>Caract\u00e9ristiques techniques:<\/strong><\/p>\n<ul>\n<li><strong>Alimentation:<\/strong> 220V \/ 50 Hz<\/li>\n<li><strong>Dimension:<\/strong> 250 x 250 x 350mm\u00a0 (LxPxH)<\/li>\n<\/ul>\n<p>&nbsp;<\/p>\n","protected":false},"excerpt":{"rendered":"<p><strong>R\u00e9f\u00e9rence: SES 3202<\/strong><\/p>\n<p>Pour obtenir des r\u00e9sultats quantifiables il est n\u00e9cessaire de d\u00e9poser les \u00e9chantillons avec un instrument pr\u00e9vu \u00e0 cet effet. Il s&#8217;agit en effet de d\u00e9poser des\u00a0<strong>volumes de 1 \u00e0 5 \u00b5l<\/strong>\u00a0sur des baguettes en quartz de 1 mm de diam\u00e8tre. Le d\u00e9p\u00f4t manuel demande une grande dext\u00e9rit\u00e9 et ne peut \u00eatre envisag\u00e9 que pour des analyses qualitatives.<\/p>\n<p>Le\u00a0<strong>SES 3202<\/strong>\u00a0 est un appareil semi automatique qui n\u00e9cessite la pr\u00e9sence de l&#8217;utilisateur pour aider au d\u00e9p\u00f4t. Il est pr\u00e9cis, fiable et reproductible. Il utilise des seringues de d\u00e9p\u00f4t <strong>Hamilton<\/strong>. La pr\u00e9cision du d\u00e9p\u00f4t est celle donn\u00e9e par le fournisseur du \u00a0type de seringue.<\/p>\n","protected":false},"featured_media":339,"template":"","meta":[],"product_brand":[],"product_cat":[35],"product_tag":[],"class_list":{"0":"post-338","1":"product","2":"type-product","3":"status-publish","4":"has-post-thumbnail","6":"product_cat-accessoires-pour-iatroscan","8":"first","9":"instock","10":"taxable","11":"shipping-taxable","12":"product-type-simple"},"yoast_head":"<!-- This site is optimized with the Yoast SEO plugin v27.4 - https:\/\/yoast.com\/product\/yoast-seo-wordpress\/ -->\n<title>D\u00e9poseur semi-automatique SES3202 - Bionis<\/title>\n<meta name=\"description\" content=\"R\u00e9f\u00e9rence: SES 3202  Pour obtenir des r\u00e9sultats quantifiables il est n\u00e9cessaire de d\u00e9poser les \u00e9chantillons avec un instrument pr\u00e9vu \u00e0 cet effet. Il s&#039;agit en effet de d\u00e9poser des\u00a0volumes de 1 \u00e0 5 \u00b5l\u00a0sur des baguettes en quartz de 1 mm de diam\u00e8tre. Le d\u00e9p\u00f4t manuel demande une grande dext\u00e9rit\u00e9 et ne peut \u00eatre envisag\u00e9 que pour des analyses qualitatives.  Le\u00a0SES 3202\u00a0 est un appareil semi automatique qui n\u00e9cessite la pr\u00e9sence de l&#039;utilisateur pour aider au d\u00e9p\u00f4t. Il est pr\u00e9cis, fiable et reproductible. Il utilise des seringues de d\u00e9p\u00f4t Hamilton. La pr\u00e9cision du d\u00e9p\u00f4t est celle donn\u00e9e par le fournisseur du \u00a0type de seringue.\" \/>\n<meta name=\"robots\" content=\"index, follow, max-snippet:-1, max-image-preview:large, max-video-preview:-1\" \/>\n<link rel=\"canonical\" href=\"https:\/\/www.bionis.fr\/produit\/deposeur-semi-automatique-ses3202\/\" \/>\n<meta property=\"og:locale\" content=\"es_ES\" \/>\n<meta property=\"og:type\" content=\"article\" \/>\n<meta property=\"og:title\" content=\"D\u00e9poseur semi-automatique SES3202 - Bionis\" \/>\n<meta property=\"og:description\" content=\"R\u00e9f\u00e9rence: SES 3202  Pour obtenir des r\u00e9sultats quantifiables il est n\u00e9cessaire de d\u00e9poser les \u00e9chantillons avec un instrument pr\u00e9vu \u00e0 cet effet. Il s&#039;agit en effet de d\u00e9poser des\u00a0volumes de 1 \u00e0 5 \u00b5l\u00a0sur des baguettes en quartz de 1 mm de diam\u00e8tre. Le d\u00e9p\u00f4t manuel demande une grande dext\u00e9rit\u00e9 et ne peut \u00eatre envisag\u00e9 que pour des analyses qualitatives.  Le\u00a0SES 3202\u00a0 est un appareil semi automatique qui n\u00e9cessite la pr\u00e9sence de l&#039;utilisateur pour aider au d\u00e9p\u00f4t. Il est pr\u00e9cis, fiable et reproductible. Il utilise des seringues de d\u00e9p\u00f4t Hamilton. La pr\u00e9cision du d\u00e9p\u00f4t est celle donn\u00e9e par le fournisseur du \u00a0type de seringue.\" \/>\n<meta property=\"og:url\" content=\"https:\/\/www.bionis.fr\/produit\/deposeur-semi-automatique-ses3202\/\" \/>\n<meta property=\"og:site_name\" content=\"Bionis\" \/>\n<meta property=\"article:modified_time\" content=\"2021-01-15T15:07:54+00:00\" \/>\n<meta property=\"og:image\" content=\"https:\/\/www.bionis.fr\/wp-content\/uploads\/2020\/08\/700x700_SES3202.png\" \/>\n\t<meta property=\"og:image:width\" content=\"700\" \/>\n\t<meta property=\"og:image:height\" content=\"700\" \/>\n\t<meta property=\"og:image:type\" content=\"image\/png\" \/>\n<meta name=\"twitter:card\" content=\"summary_large_image\" \/>\n<meta name=\"twitter:label1\" content=\"Tiempo de lectura\" \/>\n\t<meta name=\"twitter:data1\" content=\"1 minuto\" \/>\n<script type=\"application\/ld+json\" class=\"yoast-schema-graph\">{\"@context\":\"https:\\\/\\\/schema.org\",\"@graph\":[{\"@type\":\"WebPage\",\"@id\":\"https:\\\/\\\/www.bionis.fr\\\/produit\\\/deposeur-semi-automatique-ses3202\\\/\",\"url\":\"https:\\\/\\\/www.bionis.fr\\\/produit\\\/deposeur-semi-automatique-ses3202\\\/\",\"name\":\"D\u00e9poseur semi-automatique SES3202 - Bionis\",\"isPartOf\":{\"@id\":\"https:\\\/\\\/www.bionis.fr\\\/#website\"},\"primaryImageOfPage\":{\"@id\":\"https:\\\/\\\/www.bionis.fr\\\/produit\\\/deposeur-semi-automatique-ses3202\\\/#primaryimage\"},\"image\":{\"@id\":\"https:\\\/\\\/www.bionis.fr\\\/produit\\\/deposeur-semi-automatique-ses3202\\\/#primaryimage\"},\"thumbnailUrl\":\"https:\\\/\\\/www.bionis.fr\\\/wp-content\\\/uploads\\\/2020\\\/08\\\/700x700_SES3202.png\",\"datePublished\":\"2020-08-04T07:24:37+00:00\",\"dateModified\":\"2021-01-15T15:07:54+00:00\",\"description\":\"R\u00e9f\u00e9rence: SES 3202 Pour obtenir des r\u00e9sultats quantifiables il est n\u00e9cessaire de d\u00e9poser les \u00e9chantillons avec un instrument pr\u00e9vu \u00e0 cet effet. Il s'agit en effet de d\u00e9poser des\u00a0volumes de 1 \u00e0 5 \u00b5l\u00a0sur des baguettes en quartz de 1 mm de diam\u00e8tre. Le d\u00e9p\u00f4t manuel demande une grande dext\u00e9rit\u00e9 et ne peut \u00eatre envisag\u00e9 que pour des analyses qualitatives. Le\u00a0SES 3202\u00a0 est un appareil semi automatique qui n\u00e9cessite la pr\u00e9sence de l'utilisateur pour aider au d\u00e9p\u00f4t. Il est pr\u00e9cis, fiable et reproductible. Il utilise des seringues de d\u00e9p\u00f4t Hamilton. La pr\u00e9cision du d\u00e9p\u00f4t est celle donn\u00e9e par le fournisseur du \u00a0type de seringue.\",\"breadcrumb\":{\"@id\":\"https:\\\/\\\/www.bionis.fr\\\/produit\\\/deposeur-semi-automatique-ses3202\\\/#breadcrumb\"},\"inLanguage\":\"es\",\"potentialAction\":[{\"@type\":\"ReadAction\",\"target\":[\"https:\\\/\\\/www.bionis.fr\\\/produit\\\/deposeur-semi-automatique-ses3202\\\/\"]}]},{\"@type\":\"ImageObject\",\"inLanguage\":\"es\",\"@id\":\"https:\\\/\\\/www.bionis.fr\\\/produit\\\/deposeur-semi-automatique-ses3202\\\/#primaryimage\",\"url\":\"https:\\\/\\\/www.bionis.fr\\\/wp-content\\\/uploads\\\/2020\\\/08\\\/700x700_SES3202.png\",\"contentUrl\":\"https:\\\/\\\/www.bionis.fr\\\/wp-content\\\/uploads\\\/2020\\\/08\\\/700x700_SES3202.png\",\"width\":700,\"height\":700},{\"@type\":\"BreadcrumbList\",\"@id\":\"https:\\\/\\\/www.bionis.fr\\\/produit\\\/deposeur-semi-automatique-ses3202\\\/#breadcrumb\",\"itemListElement\":[{\"@type\":\"ListItem\",\"position\":1,\"name\":\"Accueil\",\"item\":\"https:\\\/\\\/www.bionis.fr\\\/es\\\/\"},{\"@type\":\"ListItem\",\"position\":2,\"name\":\"Productos\",\"item\":\"https:\\\/\\\/www.bionis.fr\\\/es\\\/tienda\\\/\"},{\"@type\":\"ListItem\",\"position\":3,\"name\":\"D\u00e9poseur semi-automatique SES3202\"}]},{\"@type\":\"WebSite\",\"@id\":\"https:\\\/\\\/www.bionis.fr\\\/#website\",\"url\":\"https:\\\/\\\/www.bionis.fr\\\/\",\"name\":\"Bionis\",\"description\":\"La soluci\u00f3n de cromatograf\u00eda en capa fina\",\"publisher\":{\"@id\":\"https:\\\/\\\/www.bionis.fr\\\/#organization\"},\"potentialAction\":[{\"@type\":\"SearchAction\",\"target\":{\"@type\":\"EntryPoint\",\"urlTemplate\":\"https:\\\/\\\/www.bionis.fr\\\/?s={search_term_string}\"},\"query-input\":{\"@type\":\"PropertyValueSpecification\",\"valueRequired\":true,\"valueName\":\"search_term_string\"}}],\"inLanguage\":\"es\"},{\"@type\":\"Organization\",\"@id\":\"https:\\\/\\\/www.bionis.fr\\\/#organization\",\"name\":\"Bionis\",\"url\":\"https:\\\/\\\/www.bionis.fr\\\/\",\"logo\":{\"@type\":\"ImageObject\",\"inLanguage\":\"es\",\"@id\":\"https:\\\/\\\/www.bionis.fr\\\/#\\\/schema\\\/logo\\\/image\\\/\",\"url\":\"https:\\\/\\\/www.bionis.fr\\\/wp-content\\\/uploads\\\/2020\\\/07\\\/bionis-logo.png\",\"contentUrl\":\"https:\\\/\\\/www.bionis.fr\\\/wp-content\\\/uploads\\\/2020\\\/07\\\/bionis-logo.png\",\"width\":500,\"height\":125,\"caption\":\"Bionis\"},\"image\":{\"@id\":\"https:\\\/\\\/www.bionis.fr\\\/#\\\/schema\\\/logo\\\/image\\\/\"},\"sameAs\":[\"https:\\\/\\\/www.linkedin.com\\\/company\\\/bionis-sas?originalSubdomain=fr\"]}]}<\/script>\n<!-- \/ Yoast SEO plugin. -->","yoast_head_json":{"title":"D\u00e9poseur semi-automatique SES3202 - Bionis","description":"R\u00e9f\u00e9rence: SES 3202  Pour obtenir des r\u00e9sultats quantifiables il est n\u00e9cessaire de d\u00e9poser les \u00e9chantillons avec un instrument pr\u00e9vu \u00e0 cet effet. Il s'agit en effet de d\u00e9poser des\u00a0volumes de 1 \u00e0 5 \u00b5l\u00a0sur des baguettes en quartz de 1 mm de diam\u00e8tre. Le d\u00e9p\u00f4t manuel demande une grande dext\u00e9rit\u00e9 et ne peut \u00eatre envisag\u00e9 que pour des analyses qualitatives.  Le\u00a0SES 3202\u00a0 est un appareil semi automatique qui n\u00e9cessite la pr\u00e9sence de l'utilisateur pour aider au d\u00e9p\u00f4t. Il est pr\u00e9cis, fiable et reproductible. Il utilise des seringues de d\u00e9p\u00f4t Hamilton. La pr\u00e9cision du d\u00e9p\u00f4t est celle donn\u00e9e par le fournisseur du \u00a0type de seringue.","robots":{"index":"index","follow":"follow","max-snippet":"max-snippet:-1","max-image-preview":"max-image-preview:large","max-video-preview":"max-video-preview:-1"},"canonical":"https:\/\/www.bionis.fr\/produit\/deposeur-semi-automatique-ses3202\/","og_locale":"es_ES","og_type":"article","og_title":"D\u00e9poseur semi-automatique SES3202 - Bionis","og_description":"R\u00e9f\u00e9rence: SES 3202  Pour obtenir des r\u00e9sultats quantifiables il est n\u00e9cessaire de d\u00e9poser les \u00e9chantillons avec un instrument pr\u00e9vu \u00e0 cet effet. Il s'agit en effet de d\u00e9poser des\u00a0volumes de 1 \u00e0 5 \u00b5l\u00a0sur des baguettes en quartz de 1 mm de diam\u00e8tre. Le d\u00e9p\u00f4t manuel demande une grande dext\u00e9rit\u00e9 et ne peut \u00eatre envisag\u00e9 que pour des analyses qualitatives.  Le\u00a0SES 3202\u00a0 est un appareil semi automatique qui n\u00e9cessite la pr\u00e9sence de l'utilisateur pour aider au d\u00e9p\u00f4t. Il est pr\u00e9cis, fiable et reproductible. Il utilise des seringues de d\u00e9p\u00f4t Hamilton. La pr\u00e9cision du d\u00e9p\u00f4t est celle donn\u00e9e par le fournisseur du \u00a0type de seringue.","og_url":"https:\/\/www.bionis.fr\/produit\/deposeur-semi-automatique-ses3202\/","og_site_name":"Bionis","article_modified_time":"2021-01-15T15:07:54+00:00","og_image":[{"width":700,"height":700,"url":"https:\/\/www.bionis.fr\/wp-content\/uploads\/2020\/08\/700x700_SES3202.png","type":"image\/png"}],"twitter_card":"summary_large_image","twitter_misc":{"Tiempo de lectura":"1 minuto"},"schema":{"@context":"https:\/\/schema.org","@graph":[{"@type":"WebPage","@id":"https:\/\/www.bionis.fr\/produit\/deposeur-semi-automatique-ses3202\/","url":"https:\/\/www.bionis.fr\/produit\/deposeur-semi-automatique-ses3202\/","name":"D\u00e9poseur semi-automatique SES3202 - Bionis","isPartOf":{"@id":"https:\/\/www.bionis.fr\/#website"},"primaryImageOfPage":{"@id":"https:\/\/www.bionis.fr\/produit\/deposeur-semi-automatique-ses3202\/#primaryimage"},"image":{"@id":"https:\/\/www.bionis.fr\/produit\/deposeur-semi-automatique-ses3202\/#primaryimage"},"thumbnailUrl":"https:\/\/www.bionis.fr\/wp-content\/uploads\/2020\/08\/700x700_SES3202.png","datePublished":"2020-08-04T07:24:37+00:00","dateModified":"2021-01-15T15:07:54+00:00","description":"R\u00e9f\u00e9rence: SES 3202 Pour obtenir des r\u00e9sultats quantifiables il est n\u00e9cessaire de d\u00e9poser les \u00e9chantillons avec un instrument pr\u00e9vu \u00e0 cet effet. Il s'agit en effet de d\u00e9poser des\u00a0volumes de 1 \u00e0 5 \u00b5l\u00a0sur des baguettes en quartz de 1 mm de diam\u00e8tre. Le d\u00e9p\u00f4t manuel demande une grande dext\u00e9rit\u00e9 et ne peut \u00eatre envisag\u00e9 que pour des analyses qualitatives. Le\u00a0SES 3202\u00a0 est un appareil semi automatique qui n\u00e9cessite la pr\u00e9sence de l'utilisateur pour aider au d\u00e9p\u00f4t. Il est pr\u00e9cis, fiable et reproductible. Il utilise des seringues de d\u00e9p\u00f4t Hamilton. La pr\u00e9cision du d\u00e9p\u00f4t est celle donn\u00e9e par le fournisseur du \u00a0type de seringue.","breadcrumb":{"@id":"https:\/\/www.bionis.fr\/produit\/deposeur-semi-automatique-ses3202\/#breadcrumb"},"inLanguage":"es","potentialAction":[{"@type":"ReadAction","target":["https:\/\/www.bionis.fr\/produit\/deposeur-semi-automatique-ses3202\/"]}]},{"@type":"ImageObject","inLanguage":"es","@id":"https:\/\/www.bionis.fr\/produit\/deposeur-semi-automatique-ses3202\/#primaryimage","url":"https:\/\/www.bionis.fr\/wp-content\/uploads\/2020\/08\/700x700_SES3202.png","contentUrl":"https:\/\/www.bionis.fr\/wp-content\/uploads\/2020\/08\/700x700_SES3202.png","width":700,"height":700},{"@type":"BreadcrumbList","@id":"https:\/\/www.bionis.fr\/produit\/deposeur-semi-automatique-ses3202\/#breadcrumb","itemListElement":[{"@type":"ListItem","position":1,"name":"Accueil","item":"https:\/\/www.bionis.fr\/es\/"},{"@type":"ListItem","position":2,"name":"Productos","item":"https:\/\/www.bionis.fr\/es\/tienda\/"},{"@type":"ListItem","position":3,"name":"D\u00e9poseur semi-automatique SES3202"}]},{"@type":"WebSite","@id":"https:\/\/www.bionis.fr\/#website","url":"https:\/\/www.bionis.fr\/","name":"Bionis","description":"La soluci\u00f3n de cromatograf\u00eda en capa fina","publisher":{"@id":"https:\/\/www.bionis.fr\/#organization"},"potentialAction":[{"@type":"SearchAction","target":{"@type":"EntryPoint","urlTemplate":"https:\/\/www.bionis.fr\/?s={search_term_string}"},"query-input":{"@type":"PropertyValueSpecification","valueRequired":true,"valueName":"search_term_string"}}],"inLanguage":"es"},{"@type":"Organization","@id":"https:\/\/www.bionis.fr\/#organization","name":"Bionis","url":"https:\/\/www.bionis.fr\/","logo":{"@type":"ImageObject","inLanguage":"es","@id":"https:\/\/www.bionis.fr\/#\/schema\/logo\/image\/","url":"https:\/\/www.bionis.fr\/wp-content\/uploads\/2020\/07\/bionis-logo.png","contentUrl":"https:\/\/www.bionis.fr\/wp-content\/uploads\/2020\/07\/bionis-logo.png","width":500,"height":125,"caption":"Bionis"},"image":{"@id":"https:\/\/www.bionis.fr\/#\/schema\/logo\/image\/"},"sameAs":["https:\/\/www.linkedin.com\/company\/bionis-sas?originalSubdomain=fr"]}]}},"_links":{"self":[{"href":"https:\/\/www.bionis.fr\/es\/wp-json\/wp\/v2\/product\/338","targetHints":{"allow":["GET"]}}],"collection":[{"href":"https:\/\/www.bionis.fr\/es\/wp-json\/wp\/v2\/product"}],"about":[{"href":"https:\/\/www.bionis.fr\/es\/wp-json\/wp\/v2\/types\/product"}],"wp:featuredmedia":[{"embeddable":true,"href":"https:\/\/www.bionis.fr\/es\/wp-json\/wp\/v2\/media\/339"}],"wp:attachment":[{"href":"https:\/\/www.bionis.fr\/es\/wp-json\/wp\/v2\/media?parent=338"}],"wp:term":[{"taxonomy":"product_brand","embeddable":true,"href":"https:\/\/www.bionis.fr\/es\/wp-json\/wp\/v2\/product_brand?post=338"},{"taxonomy":"product_cat","embeddable":true,"href":"https:\/\/www.bionis.fr\/es\/wp-json\/wp\/v2\/product_cat?post=338"},{"taxonomy":"product_tag","embeddable":true,"href":"https:\/\/www.bionis.fr\/es\/wp-json\/wp\/v2\/product_tag?post=338"}],"curies":[{"name":"wp","href":"https:\/\/api.w.org\/{rel}","templated":true}]}}