{"id":348,"date":"2020-08-04T12:23:02","date_gmt":"2020-08-04T10:23:02","guid":{"rendered":"https:\/\/www.bionis.fr\/?post_type=product&#038;p=348"},"modified":"2021-01-28T17:11:41","modified_gmt":"2021-01-28T16:11:41","slug":"generateur-dhydrogene-pour-iatroscan","status":"publish","type":"product","link":"https:\/\/www.bionis.fr\/es\/produit\/generateur-dhydrogene-pour-iatroscan\/","title":{"rendered":"G\u00e9n\u00e9rateur d\u2019Hydrog\u00e8ne MD-H2"},"content":{"rendered":"<p><strong>Caract\u00e9ristiques techniques\u00a0:<\/strong><\/p>\n<ul>\n<li>D\u00e9bit Hydrog\u00e8ne : 260ml\/min<\/li>\n<li>Puret\u00e9 hydrog\u00e8ne:\u00a0&gt; 99,9996%\u00a0(O2 &lt; 0. 1 ppm; H20 &lt; -55\u00b0C)<\/li>\n<li>Pression hydrog\u00e8ne: de 1 \u00e0 7 barg<\/li>\n<li>Qualit\u00e9 d\u2019eau requis &gt; 0.1 \u00b5S<\/li>\n<li>R\u00e9servoir d\u2019eau interne de 2.3L<\/li>\n<li>Port de communication USB en s\u00e9rie pour faire du diagnostique de panne \u00e0 distance par internet (exclusif)<\/li>\n<li>100% titanium cell: augmente la dur\u00e9e de vie de la cellule et la puret\u00e9 d\u2019H2. (exclusif)<\/li>\n<li>Microprocesseur int\u00e9gr\u00e9<\/li>\n<li>Ecran LCD int\u00e9gr\u00e9 indiquant les param\u00e8tres suivant (debit d\u2019H2 produit, saturation de la cartouche dessicante, pression H2, niveau d\u2019eau et qualit\u00e9 d\u2019eau) et statut de la machine (normal, pre alarme ou alarme).<\/li>\n<li>Raccord de sortie H2: 1\/8 Swagelock<\/li>\n<li>Voltage\u00a0: 110 &#8211; 120 V 50 Hz \/ 220 &#8211; 240 V 60 Hz<\/li>\n<li>Certification: CE, CSA, FCC<\/li>\n<\/ul>\n<p>Disponible \u00e9galement sur demande en versions: 110ml\/min, 170ml\/min, 300ml\/min, 400ml\/min, 500ml\/min, 600ml\/min.<\/p>\n","protected":false},"excerpt":{"rendered":"<p><strong>R\u00e9f\u00e9rence\u00a0:<\/strong> <strong>FDGCOSM.MD.H2.260<\/strong><\/p>\n<p>Le g\u00e9n\u00e9rateur d\u2019Hydrog\u00e8ne MD-H2.260 est une alternative \u00e9prouv\u00e9e et sure qui \u00e9vite d\u2019avoir \u00e0 utiliser des bouteilles de gaz sous pression dans le laboratoire.<\/p>\n<p>Tous les g\u00e9n\u00e9rateurs d\u2019hydrog\u00e8ne\u00a0\u00a0MD-H2 comportent un microprocesseur unique qui g\u00e8re et contr\u00f4le tous les param\u00e8tres et le fonctionnement de l\u2019appareil.<\/p>\n","protected":false},"featured_media":354,"template":"","meta":[],"product_brand":[],"product_cat":[35,99],"product_tag":[],"class_list":{"0":"post-348","1":"product","2":"type-product","3":"status-publish","4":"has-post-thumbnail","6":"product_cat-accessoires-pour-iatroscan","7":"product_cat-generateurs-dhydrogene","9":"first","10":"instock","11":"taxable","12":"shipping-taxable","13":"product-type-simple"},"yoast_head":"<!-- This site is optimized with the Yoast SEO plugin v27.4 - https:\/\/yoast.com\/product\/yoast-seo-wordpress\/ -->\n<title>G\u00e9n\u00e9rateur d\u2019Hydrog\u00e8ne MD-H2 - Bionis<\/title>\n<meta name=\"description\" content=\"Le g\u00e9n\u00e9rateur d\u2019Hydrog\u00e8ne MD-H2 est une alternative \u00e9prouv\u00e9e et sure \u00e9vitant d&#039;utiliser des bouteilles de gaz en laboratoire\" \/>\n<meta name=\"robots\" content=\"index, follow, max-snippet:-1, max-image-preview:large, max-video-preview:-1\" \/>\n<link rel=\"canonical\" href=\"https:\/\/www.bionis.fr\/produit\/generateur-dhydrogene-pour-iatroscan\/\" \/>\n<meta property=\"og:locale\" content=\"es_ES\" \/>\n<meta property=\"og:type\" content=\"article\" \/>\n<meta property=\"og:title\" content=\"G\u00e9n\u00e9rateur d\u2019Hydrog\u00e8ne MD-H2 - Bionis\" \/>\n<meta property=\"og:description\" content=\"Le g\u00e9n\u00e9rateur d\u2019Hydrog\u00e8ne MD-H2 est une alternative \u00e9prouv\u00e9e et sure \u00e9vitant d&#039;utiliser des bouteilles de gaz en laboratoire\" \/>\n<meta property=\"og:url\" content=\"https:\/\/www.bionis.fr\/produit\/generateur-dhydrogene-pour-iatroscan\/\" \/>\n<meta property=\"og:site_name\" content=\"Bionis\" \/>\n<meta property=\"article:modified_time\" content=\"2021-01-28T16:11:41+00:00\" \/>\n<meta property=\"og:image\" content=\"https:\/\/www.bionis.fr\/wp-content\/uploads\/2020\/08\/700x700_Cosmo-HD.png\" \/>\n\t<meta property=\"og:image:width\" content=\"700\" \/>\n\t<meta property=\"og:image:height\" content=\"700\" \/>\n\t<meta property=\"og:image:type\" content=\"image\/png\" \/>\n<meta name=\"twitter:card\" content=\"summary_large_image\" \/>\n<meta name=\"twitter:label1\" content=\"Tiempo de lectura\" \/>\n\t<meta name=\"twitter:data1\" content=\"1 minuto\" \/>\n<script type=\"application\/ld+json\" class=\"yoast-schema-graph\">{\"@context\":\"https:\\\/\\\/schema.org\",\"@graph\":[{\"@type\":\"WebPage\",\"@id\":\"https:\\\/\\\/www.bionis.fr\\\/produit\\\/generateur-dhydrogene-pour-iatroscan\\\/\",\"url\":\"https:\\\/\\\/www.bionis.fr\\\/produit\\\/generateur-dhydrogene-pour-iatroscan\\\/\",\"name\":\"G\u00e9n\u00e9rateur d\u2019Hydrog\u00e8ne MD-H2 - Bionis\",\"isPartOf\":{\"@id\":\"https:\\\/\\\/www.bionis.fr\\\/#website\"},\"primaryImageOfPage\":{\"@id\":\"https:\\\/\\\/www.bionis.fr\\\/produit\\\/generateur-dhydrogene-pour-iatroscan\\\/#primaryimage\"},\"image\":{\"@id\":\"https:\\\/\\\/www.bionis.fr\\\/produit\\\/generateur-dhydrogene-pour-iatroscan\\\/#primaryimage\"},\"thumbnailUrl\":\"https:\\\/\\\/www.bionis.fr\\\/wp-content\\\/uploads\\\/2020\\\/08\\\/700x700_Cosmo-HD.png\",\"datePublished\":\"2020-08-04T10:23:02+00:00\",\"dateModified\":\"2021-01-28T16:11:41+00:00\",\"description\":\"Le g\u00e9n\u00e9rateur d\u2019Hydrog\u00e8ne MD-H2 est une alternative \u00e9prouv\u00e9e et sure \u00e9vitant d'utiliser des bouteilles de gaz en laboratoire\",\"breadcrumb\":{\"@id\":\"https:\\\/\\\/www.bionis.fr\\\/produit\\\/generateur-dhydrogene-pour-iatroscan\\\/#breadcrumb\"},\"inLanguage\":\"es\",\"potentialAction\":[{\"@type\":\"ReadAction\",\"target\":[\"https:\\\/\\\/www.bionis.fr\\\/produit\\\/generateur-dhydrogene-pour-iatroscan\\\/\"]}]},{\"@type\":\"ImageObject\",\"inLanguage\":\"es\",\"@id\":\"https:\\\/\\\/www.bionis.fr\\\/produit\\\/generateur-dhydrogene-pour-iatroscan\\\/#primaryimage\",\"url\":\"https:\\\/\\\/www.bionis.fr\\\/wp-content\\\/uploads\\\/2020\\\/08\\\/700x700_Cosmo-HD.png\",\"contentUrl\":\"https:\\\/\\\/www.bionis.fr\\\/wp-content\\\/uploads\\\/2020\\\/08\\\/700x700_Cosmo-HD.png\",\"width\":700,\"height\":700},{\"@type\":\"BreadcrumbList\",\"@id\":\"https:\\\/\\\/www.bionis.fr\\\/produit\\\/generateur-dhydrogene-pour-iatroscan\\\/#breadcrumb\",\"itemListElement\":[{\"@type\":\"ListItem\",\"position\":1,\"name\":\"Accueil\",\"item\":\"https:\\\/\\\/www.bionis.fr\\\/es\\\/\"},{\"@type\":\"ListItem\",\"position\":2,\"name\":\"Productos\",\"item\":\"https:\\\/\\\/www.bionis.fr\\\/es\\\/tienda\\\/\"},{\"@type\":\"ListItem\",\"position\":3,\"name\":\"G\u00e9n\u00e9rateur d\u2019Hydrog\u00e8ne MD-H2\"}]},{\"@type\":\"WebSite\",\"@id\":\"https:\\\/\\\/www.bionis.fr\\\/#website\",\"url\":\"https:\\\/\\\/www.bionis.fr\\\/\",\"name\":\"Bionis\",\"description\":\"La soluci\u00f3n de cromatograf\u00eda en capa fina\",\"publisher\":{\"@id\":\"https:\\\/\\\/www.bionis.fr\\\/#organization\"},\"potentialAction\":[{\"@type\":\"SearchAction\",\"target\":{\"@type\":\"EntryPoint\",\"urlTemplate\":\"https:\\\/\\\/www.bionis.fr\\\/?s={search_term_string}\"},\"query-input\":{\"@type\":\"PropertyValueSpecification\",\"valueRequired\":true,\"valueName\":\"search_term_string\"}}],\"inLanguage\":\"es\"},{\"@type\":\"Organization\",\"@id\":\"https:\\\/\\\/www.bionis.fr\\\/#organization\",\"name\":\"Bionis\",\"url\":\"https:\\\/\\\/www.bionis.fr\\\/\",\"logo\":{\"@type\":\"ImageObject\",\"inLanguage\":\"es\",\"@id\":\"https:\\\/\\\/www.bionis.fr\\\/#\\\/schema\\\/logo\\\/image\\\/\",\"url\":\"https:\\\/\\\/www.bionis.fr\\\/wp-content\\\/uploads\\\/2020\\\/07\\\/bionis-logo.png\",\"contentUrl\":\"https:\\\/\\\/www.bionis.fr\\\/wp-content\\\/uploads\\\/2020\\\/07\\\/bionis-logo.png\",\"width\":500,\"height\":125,\"caption\":\"Bionis\"},\"image\":{\"@id\":\"https:\\\/\\\/www.bionis.fr\\\/#\\\/schema\\\/logo\\\/image\\\/\"},\"sameAs\":[\"https:\\\/\\\/www.linkedin.com\\\/company\\\/bionis-sas?originalSubdomain=fr\"]}]}<\/script>\n<!-- \/ Yoast SEO plugin. -->","yoast_head_json":{"title":"G\u00e9n\u00e9rateur d\u2019Hydrog\u00e8ne MD-H2 - Bionis","description":"Le g\u00e9n\u00e9rateur d\u2019Hydrog\u00e8ne MD-H2 est une alternative \u00e9prouv\u00e9e et sure \u00e9vitant d'utiliser des bouteilles de gaz en laboratoire","robots":{"index":"index","follow":"follow","max-snippet":"max-snippet:-1","max-image-preview":"max-image-preview:large","max-video-preview":"max-video-preview:-1"},"canonical":"https:\/\/www.bionis.fr\/produit\/generateur-dhydrogene-pour-iatroscan\/","og_locale":"es_ES","og_type":"article","og_title":"G\u00e9n\u00e9rateur d\u2019Hydrog\u00e8ne MD-H2 - Bionis","og_description":"Le g\u00e9n\u00e9rateur d\u2019Hydrog\u00e8ne MD-H2 est une alternative \u00e9prouv\u00e9e et sure \u00e9vitant d'utiliser des bouteilles de gaz en laboratoire","og_url":"https:\/\/www.bionis.fr\/produit\/generateur-dhydrogene-pour-iatroscan\/","og_site_name":"Bionis","article_modified_time":"2021-01-28T16:11:41+00:00","og_image":[{"width":700,"height":700,"url":"https:\/\/www.bionis.fr\/wp-content\/uploads\/2020\/08\/700x700_Cosmo-HD.png","type":"image\/png"}],"twitter_card":"summary_large_image","twitter_misc":{"Tiempo de lectura":"1 minuto"},"schema":{"@context":"https:\/\/schema.org","@graph":[{"@type":"WebPage","@id":"https:\/\/www.bionis.fr\/produit\/generateur-dhydrogene-pour-iatroscan\/","url":"https:\/\/www.bionis.fr\/produit\/generateur-dhydrogene-pour-iatroscan\/","name":"G\u00e9n\u00e9rateur d\u2019Hydrog\u00e8ne MD-H2 - Bionis","isPartOf":{"@id":"https:\/\/www.bionis.fr\/#website"},"primaryImageOfPage":{"@id":"https:\/\/www.bionis.fr\/produit\/generateur-dhydrogene-pour-iatroscan\/#primaryimage"},"image":{"@id":"https:\/\/www.bionis.fr\/produit\/generateur-dhydrogene-pour-iatroscan\/#primaryimage"},"thumbnailUrl":"https:\/\/www.bionis.fr\/wp-content\/uploads\/2020\/08\/700x700_Cosmo-HD.png","datePublished":"2020-08-04T10:23:02+00:00","dateModified":"2021-01-28T16:11:41+00:00","description":"Le g\u00e9n\u00e9rateur d\u2019Hydrog\u00e8ne MD-H2 est une alternative \u00e9prouv\u00e9e et sure \u00e9vitant d'utiliser des bouteilles de gaz en laboratoire","breadcrumb":{"@id":"https:\/\/www.bionis.fr\/produit\/generateur-dhydrogene-pour-iatroscan\/#breadcrumb"},"inLanguage":"es","potentialAction":[{"@type":"ReadAction","target":["https:\/\/www.bionis.fr\/produit\/generateur-dhydrogene-pour-iatroscan\/"]}]},{"@type":"ImageObject","inLanguage":"es","@id":"https:\/\/www.bionis.fr\/produit\/generateur-dhydrogene-pour-iatroscan\/#primaryimage","url":"https:\/\/www.bionis.fr\/wp-content\/uploads\/2020\/08\/700x700_Cosmo-HD.png","contentUrl":"https:\/\/www.bionis.fr\/wp-content\/uploads\/2020\/08\/700x700_Cosmo-HD.png","width":700,"height":700},{"@type":"BreadcrumbList","@id":"https:\/\/www.bionis.fr\/produit\/generateur-dhydrogene-pour-iatroscan\/#breadcrumb","itemListElement":[{"@type":"ListItem","position":1,"name":"Accueil","item":"https:\/\/www.bionis.fr\/es\/"},{"@type":"ListItem","position":2,"name":"Productos","item":"https:\/\/www.bionis.fr\/es\/tienda\/"},{"@type":"ListItem","position":3,"name":"G\u00e9n\u00e9rateur d\u2019Hydrog\u00e8ne MD-H2"}]},{"@type":"WebSite","@id":"https:\/\/www.bionis.fr\/#website","url":"https:\/\/www.bionis.fr\/","name":"Bionis","description":"La soluci\u00f3n de cromatograf\u00eda en capa fina","publisher":{"@id":"https:\/\/www.bionis.fr\/#organization"},"potentialAction":[{"@type":"SearchAction","target":{"@type":"EntryPoint","urlTemplate":"https:\/\/www.bionis.fr\/?s={search_term_string}"},"query-input":{"@type":"PropertyValueSpecification","valueRequired":true,"valueName":"search_term_string"}}],"inLanguage":"es"},{"@type":"Organization","@id":"https:\/\/www.bionis.fr\/#organization","name":"Bionis","url":"https:\/\/www.bionis.fr\/","logo":{"@type":"ImageObject","inLanguage":"es","@id":"https:\/\/www.bionis.fr\/#\/schema\/logo\/image\/","url":"https:\/\/www.bionis.fr\/wp-content\/uploads\/2020\/07\/bionis-logo.png","contentUrl":"https:\/\/www.bionis.fr\/wp-content\/uploads\/2020\/07\/bionis-logo.png","width":500,"height":125,"caption":"Bionis"},"image":{"@id":"https:\/\/www.bionis.fr\/#\/schema\/logo\/image\/"},"sameAs":["https:\/\/www.linkedin.com\/company\/bionis-sas?originalSubdomain=fr"]}]}},"_links":{"self":[{"href":"https:\/\/www.bionis.fr\/es\/wp-json\/wp\/v2\/product\/348","targetHints":{"allow":["GET"]}}],"collection":[{"href":"https:\/\/www.bionis.fr\/es\/wp-json\/wp\/v2\/product"}],"about":[{"href":"https:\/\/www.bionis.fr\/es\/wp-json\/wp\/v2\/types\/product"}],"wp:featuredmedia":[{"embeddable":true,"href":"https:\/\/www.bionis.fr\/es\/wp-json\/wp\/v2\/media\/354"}],"wp:attachment":[{"href":"https:\/\/www.bionis.fr\/es\/wp-json\/wp\/v2\/media?parent=348"}],"wp:term":[{"taxonomy":"product_brand","embeddable":true,"href":"https:\/\/www.bionis.fr\/es\/wp-json\/wp\/v2\/product_brand?post=348"},{"taxonomy":"product_cat","embeddable":true,"href":"https:\/\/www.bionis.fr\/es\/wp-json\/wp\/v2\/product_cat?post=348"},{"taxonomy":"product_tag","embeddable":true,"href":"https:\/\/www.bionis.fr\/es\/wp-json\/wp\/v2\/product_tag?post=348"}],"curies":[{"name":"wp","href":"https:\/\/api.w.org\/{rel}","templated":true}]}}