{"id":350,"date":"2020-08-04T12:29:17","date_gmt":"2020-08-04T10:29:17","guid":{"rendered":"https:\/\/www.bionis.fr\/?post_type=product&#038;p=350"},"modified":"2021-01-21T08:06:40","modified_gmt":"2021-01-21T07:06:40","slug":"etuve-de-sechage-pour-iatroscan","status":"publish","type":"product","link":"https:\/\/www.bionis.fr\/es\/produit\/etuve-de-sechage-pour-iatroscan\/","title":{"rendered":"Etuve de s\u00e9chage"},"content":{"rendered":"<p>L&#8217;\u00e9tuve de s\u00e9chage XU032 est utilis\u00e9 :<\/p>\n<ul>\n<li>pour s\u00e9cher les <a href=\"https:\/\/www.bionis.fr\/produit\/chromarods-s5\/\">Chromarods<\/a> avant d&#8217;appliquer les \u00e9chantillons,<\/li>\n<li>pour \u00e9vaporer la phase mobile des <a href=\"https:\/\/www.bionis.fr\/produit\/chromarods-s5\/\">Chromarods<\/a> apr\u00e8s le d\u00e9veloppement avant l&#8217;analyse par scanning dans le MK6s<\/li>\n<li>pour enlever l&#8217;exc\u00e8s d&#8217;eau des <a href=\"https:\/\/www.bionis.fr\/produit\/chromarods-s5\/\">Chromarods<\/a>, apr\u00e8s les avoir lav\u00e9s \u00e0 l&#8217;acide et rinc\u00e9s \u00e0 l&#8217;eau distill\u00e9e.<\/li>\n<\/ul>\n<p><strong>Caract\u00e9ristiques techniques:<\/strong><\/p>\n<p>Volume de la chambre: 32 litres<\/p>\n<p>Puissance: 100 \/ 110V, 220 \/ 240V, 50 \/ 60Hz, 1000W<\/p>\n<p>Dimensions externes: 464 (L) x 566 (H) x 712 (P) mm<\/p>\n<p>Dimensions internes: 300 (L) x 270 (H) x 400 \u00a0(P) mm<\/p>\n<p>Plage de contr\u00f4le de la temp\u00e9rature: Ambiante ~ 300 \u00b0 C<\/p>\n<p>Pr\u00e9cision de temp\u00e9rature: =\/- &lt;0,2 \u00b0 C<\/p>\n<p>Nombre maximum de clayettes: 6<\/p>\n<p>Nbre de ventilateurs: 1<\/p>\n<p>Poids net: 39 kg<\/p>\n<p>Disponible \u00e9galement sur demande en volumes de chambre: 58L, 112L, 225L, 343L, 490L, 686L et 980L<\/p>\n","protected":false},"excerpt":{"rendered":"<p><strong>R\u00e9f\u00e9rence: FEXU032<\/strong><\/p>\n<p>Le <strong>XU032<\/strong> est une \u00e9tuve de s\u00e9chage ventil\u00e9e universelle sp\u00e9cialement con\u00e7ue pour contenir 1 \u00e0 4 cadres porte <a href=\"https:\/\/www.bionis.fr\/produit\/chromarods-s5\/\">Chromarods<\/a>.<\/p>\n<p>Le <strong>XU032<\/strong>doit \u00eatre situ\u00e9 au plus pr\u00e8s du <a href=\"https:\/\/www.bionis.fr\/categorie-produit\/echantillonneur-tlc-fid\/iatroscan\/\">IATROSCAN<\/a> et proche des processus de d\u00e9veloppement afin de r\u00e9duire le risque de contamination des <a href=\"https:\/\/www.bionis.fr\/produit\/chromarods-s5\/\">Chromarods<\/a> avec des vapeurs de solvant externes et des particules de poussi\u00e8re.<\/p>\n","protected":false},"featured_media":353,"template":"","meta":[],"product_brand":[],"product_cat":[35],"product_tag":[],"class_list":{"0":"post-350","1":"product","2":"type-product","3":"status-publish","4":"has-post-thumbnail","6":"product_cat-accessoires-pour-iatroscan","8":"first","9":"instock","10":"taxable","11":"shipping-taxable","12":"product-type-simple"},"yoast_head":"<!-- This site is optimized with the Yoast SEO plugin v27.4 - https:\/\/yoast.com\/product\/yoast-seo-wordpress\/ -->\n<title>Etuve de s\u00e9chage - Bionis<\/title>\n<meta name=\"description\" content=\"L&#039;\u00e9tuve de s\u00e9chage ventil\u00e9e universelle XU032 est sp\u00e9cialement con\u00e7ue pour contenir 1 \u00e0 4 cadres porte Chromarods.\" \/>\n<meta name=\"robots\" content=\"index, follow, max-snippet:-1, max-image-preview:large, max-video-preview:-1\" \/>\n<link rel=\"canonical\" href=\"https:\/\/www.bionis.fr\/produit\/etuve-de-sechage-pour-iatroscan\/\" \/>\n<meta property=\"og:locale\" content=\"es_ES\" \/>\n<meta property=\"og:type\" content=\"article\" \/>\n<meta property=\"og:title\" content=\"Etuve de s\u00e9chage - Bionis\" \/>\n<meta property=\"og:description\" content=\"L&#039;\u00e9tuve de s\u00e9chage ventil\u00e9e universelle XU032 est sp\u00e9cialement con\u00e7ue pour contenir 1 \u00e0 4 cadres porte Chromarods.\" \/>\n<meta property=\"og:url\" content=\"https:\/\/www.bionis.fr\/produit\/etuve-de-sechage-pour-iatroscan\/\" \/>\n<meta property=\"og:site_name\" content=\"Bionis\" \/>\n<meta property=\"article:modified_time\" content=\"2021-01-21T07:06:40+00:00\" \/>\n<meta property=\"og:image\" content=\"https:\/\/www.bionis.fr\/wp-content\/uploads\/2020\/08\/700x700_Etuve-XU032.png\" \/>\n\t<meta property=\"og:image:width\" content=\"700\" \/>\n\t<meta property=\"og:image:height\" content=\"700\" \/>\n\t<meta property=\"og:image:type\" content=\"image\/png\" \/>\n<meta name=\"twitter:card\" content=\"summary_large_image\" \/>\n<meta name=\"twitter:label1\" content=\"Tiempo de lectura\" \/>\n\t<meta name=\"twitter:data1\" content=\"1 minuto\" \/>\n<script type=\"application\/ld+json\" class=\"yoast-schema-graph\">{\"@context\":\"https:\\\/\\\/schema.org\",\"@graph\":[{\"@type\":\"WebPage\",\"@id\":\"https:\\\/\\\/www.bionis.fr\\\/produit\\\/etuve-de-sechage-pour-iatroscan\\\/\",\"url\":\"https:\\\/\\\/www.bionis.fr\\\/produit\\\/etuve-de-sechage-pour-iatroscan\\\/\",\"name\":\"Etuve de s\u00e9chage - Bionis\",\"isPartOf\":{\"@id\":\"https:\\\/\\\/www.bionis.fr\\\/#website\"},\"primaryImageOfPage\":{\"@id\":\"https:\\\/\\\/www.bionis.fr\\\/produit\\\/etuve-de-sechage-pour-iatroscan\\\/#primaryimage\"},\"image\":{\"@id\":\"https:\\\/\\\/www.bionis.fr\\\/produit\\\/etuve-de-sechage-pour-iatroscan\\\/#primaryimage\"},\"thumbnailUrl\":\"https:\\\/\\\/www.bionis.fr\\\/wp-content\\\/uploads\\\/2020\\\/08\\\/700x700_Etuve-XU032.png\",\"datePublished\":\"2020-08-04T10:29:17+00:00\",\"dateModified\":\"2021-01-21T07:06:40+00:00\",\"description\":\"L'\u00e9tuve de s\u00e9chage ventil\u00e9e universelle XU032 est sp\u00e9cialement con\u00e7ue pour contenir 1 \u00e0 4 cadres porte Chromarods.\",\"breadcrumb\":{\"@id\":\"https:\\\/\\\/www.bionis.fr\\\/produit\\\/etuve-de-sechage-pour-iatroscan\\\/#breadcrumb\"},\"inLanguage\":\"es\",\"potentialAction\":[{\"@type\":\"ReadAction\",\"target\":[\"https:\\\/\\\/www.bionis.fr\\\/produit\\\/etuve-de-sechage-pour-iatroscan\\\/\"]}]},{\"@type\":\"ImageObject\",\"inLanguage\":\"es\",\"@id\":\"https:\\\/\\\/www.bionis.fr\\\/produit\\\/etuve-de-sechage-pour-iatroscan\\\/#primaryimage\",\"url\":\"https:\\\/\\\/www.bionis.fr\\\/wp-content\\\/uploads\\\/2020\\\/08\\\/700x700_Etuve-XU032.png\",\"contentUrl\":\"https:\\\/\\\/www.bionis.fr\\\/wp-content\\\/uploads\\\/2020\\\/08\\\/700x700_Etuve-XU032.png\",\"width\":700,\"height\":700},{\"@type\":\"BreadcrumbList\",\"@id\":\"https:\\\/\\\/www.bionis.fr\\\/produit\\\/etuve-de-sechage-pour-iatroscan\\\/#breadcrumb\",\"itemListElement\":[{\"@type\":\"ListItem\",\"position\":1,\"name\":\"Accueil\",\"item\":\"https:\\\/\\\/www.bionis.fr\\\/es\\\/\"},{\"@type\":\"ListItem\",\"position\":2,\"name\":\"Productos\",\"item\":\"https:\\\/\\\/www.bionis.fr\\\/es\\\/tienda\\\/\"},{\"@type\":\"ListItem\",\"position\":3,\"name\":\"Etuve de s\u00e9chage\"}]},{\"@type\":\"WebSite\",\"@id\":\"https:\\\/\\\/www.bionis.fr\\\/#website\",\"url\":\"https:\\\/\\\/www.bionis.fr\\\/\",\"name\":\"Bionis\",\"description\":\"La soluci\u00f3n de cromatograf\u00eda en capa fina\",\"publisher\":{\"@id\":\"https:\\\/\\\/www.bionis.fr\\\/#organization\"},\"potentialAction\":[{\"@type\":\"SearchAction\",\"target\":{\"@type\":\"EntryPoint\",\"urlTemplate\":\"https:\\\/\\\/www.bionis.fr\\\/?s={search_term_string}\"},\"query-input\":{\"@type\":\"PropertyValueSpecification\",\"valueRequired\":true,\"valueName\":\"search_term_string\"}}],\"inLanguage\":\"es\"},{\"@type\":\"Organization\",\"@id\":\"https:\\\/\\\/www.bionis.fr\\\/#organization\",\"name\":\"Bionis\",\"url\":\"https:\\\/\\\/www.bionis.fr\\\/\",\"logo\":{\"@type\":\"ImageObject\",\"inLanguage\":\"es\",\"@id\":\"https:\\\/\\\/www.bionis.fr\\\/#\\\/schema\\\/logo\\\/image\\\/\",\"url\":\"https:\\\/\\\/www.bionis.fr\\\/wp-content\\\/uploads\\\/2020\\\/07\\\/bionis-logo.png\",\"contentUrl\":\"https:\\\/\\\/www.bionis.fr\\\/wp-content\\\/uploads\\\/2020\\\/07\\\/bionis-logo.png\",\"width\":500,\"height\":125,\"caption\":\"Bionis\"},\"image\":{\"@id\":\"https:\\\/\\\/www.bionis.fr\\\/#\\\/schema\\\/logo\\\/image\\\/\"},\"sameAs\":[\"https:\\\/\\\/www.linkedin.com\\\/company\\\/bionis-sas?originalSubdomain=fr\"]}]}<\/script>\n<!-- \/ Yoast SEO plugin. -->","yoast_head_json":{"title":"Etuve de s\u00e9chage - Bionis","description":"L'\u00e9tuve de s\u00e9chage ventil\u00e9e universelle XU032 est sp\u00e9cialement con\u00e7ue pour contenir 1 \u00e0 4 cadres porte Chromarods.","robots":{"index":"index","follow":"follow","max-snippet":"max-snippet:-1","max-image-preview":"max-image-preview:large","max-video-preview":"max-video-preview:-1"},"canonical":"https:\/\/www.bionis.fr\/produit\/etuve-de-sechage-pour-iatroscan\/","og_locale":"es_ES","og_type":"article","og_title":"Etuve de s\u00e9chage - Bionis","og_description":"L'\u00e9tuve de s\u00e9chage ventil\u00e9e universelle XU032 est sp\u00e9cialement con\u00e7ue pour contenir 1 \u00e0 4 cadres porte Chromarods.","og_url":"https:\/\/www.bionis.fr\/produit\/etuve-de-sechage-pour-iatroscan\/","og_site_name":"Bionis","article_modified_time":"2021-01-21T07:06:40+00:00","og_image":[{"width":700,"height":700,"url":"https:\/\/www.bionis.fr\/wp-content\/uploads\/2020\/08\/700x700_Etuve-XU032.png","type":"image\/png"}],"twitter_card":"summary_large_image","twitter_misc":{"Tiempo de lectura":"1 minuto"},"schema":{"@context":"https:\/\/schema.org","@graph":[{"@type":"WebPage","@id":"https:\/\/www.bionis.fr\/produit\/etuve-de-sechage-pour-iatroscan\/","url":"https:\/\/www.bionis.fr\/produit\/etuve-de-sechage-pour-iatroscan\/","name":"Etuve de s\u00e9chage - Bionis","isPartOf":{"@id":"https:\/\/www.bionis.fr\/#website"},"primaryImageOfPage":{"@id":"https:\/\/www.bionis.fr\/produit\/etuve-de-sechage-pour-iatroscan\/#primaryimage"},"image":{"@id":"https:\/\/www.bionis.fr\/produit\/etuve-de-sechage-pour-iatroscan\/#primaryimage"},"thumbnailUrl":"https:\/\/www.bionis.fr\/wp-content\/uploads\/2020\/08\/700x700_Etuve-XU032.png","datePublished":"2020-08-04T10:29:17+00:00","dateModified":"2021-01-21T07:06:40+00:00","description":"L'\u00e9tuve de s\u00e9chage ventil\u00e9e universelle XU032 est sp\u00e9cialement con\u00e7ue pour contenir 1 \u00e0 4 cadres porte Chromarods.","breadcrumb":{"@id":"https:\/\/www.bionis.fr\/produit\/etuve-de-sechage-pour-iatroscan\/#breadcrumb"},"inLanguage":"es","potentialAction":[{"@type":"ReadAction","target":["https:\/\/www.bionis.fr\/produit\/etuve-de-sechage-pour-iatroscan\/"]}]},{"@type":"ImageObject","inLanguage":"es","@id":"https:\/\/www.bionis.fr\/produit\/etuve-de-sechage-pour-iatroscan\/#primaryimage","url":"https:\/\/www.bionis.fr\/wp-content\/uploads\/2020\/08\/700x700_Etuve-XU032.png","contentUrl":"https:\/\/www.bionis.fr\/wp-content\/uploads\/2020\/08\/700x700_Etuve-XU032.png","width":700,"height":700},{"@type":"BreadcrumbList","@id":"https:\/\/www.bionis.fr\/produit\/etuve-de-sechage-pour-iatroscan\/#breadcrumb","itemListElement":[{"@type":"ListItem","position":1,"name":"Accueil","item":"https:\/\/www.bionis.fr\/es\/"},{"@type":"ListItem","position":2,"name":"Productos","item":"https:\/\/www.bionis.fr\/es\/tienda\/"},{"@type":"ListItem","position":3,"name":"Etuve de s\u00e9chage"}]},{"@type":"WebSite","@id":"https:\/\/www.bionis.fr\/#website","url":"https:\/\/www.bionis.fr\/","name":"Bionis","description":"La soluci\u00f3n de cromatograf\u00eda en capa fina","publisher":{"@id":"https:\/\/www.bionis.fr\/#organization"},"potentialAction":[{"@type":"SearchAction","target":{"@type":"EntryPoint","urlTemplate":"https:\/\/www.bionis.fr\/?s={search_term_string}"},"query-input":{"@type":"PropertyValueSpecification","valueRequired":true,"valueName":"search_term_string"}}],"inLanguage":"es"},{"@type":"Organization","@id":"https:\/\/www.bionis.fr\/#organization","name":"Bionis","url":"https:\/\/www.bionis.fr\/","logo":{"@type":"ImageObject","inLanguage":"es","@id":"https:\/\/www.bionis.fr\/#\/schema\/logo\/image\/","url":"https:\/\/www.bionis.fr\/wp-content\/uploads\/2020\/07\/bionis-logo.png","contentUrl":"https:\/\/www.bionis.fr\/wp-content\/uploads\/2020\/07\/bionis-logo.png","width":500,"height":125,"caption":"Bionis"},"image":{"@id":"https:\/\/www.bionis.fr\/#\/schema\/logo\/image\/"},"sameAs":["https:\/\/www.linkedin.com\/company\/bionis-sas?originalSubdomain=fr"]}]}},"_links":{"self":[{"href":"https:\/\/www.bionis.fr\/es\/wp-json\/wp\/v2\/product\/350","targetHints":{"allow":["GET"]}}],"collection":[{"href":"https:\/\/www.bionis.fr\/es\/wp-json\/wp\/v2\/product"}],"about":[{"href":"https:\/\/www.bionis.fr\/es\/wp-json\/wp\/v2\/types\/product"}],"wp:featuredmedia":[{"embeddable":true,"href":"https:\/\/www.bionis.fr\/es\/wp-json\/wp\/v2\/media\/353"}],"wp:attachment":[{"href":"https:\/\/www.bionis.fr\/es\/wp-json\/wp\/v2\/media?parent=350"}],"wp:term":[{"taxonomy":"product_brand","embeddable":true,"href":"https:\/\/www.bionis.fr\/es\/wp-json\/wp\/v2\/product_brand?post=350"},{"taxonomy":"product_cat","embeddable":true,"href":"https:\/\/www.bionis.fr\/es\/wp-json\/wp\/v2\/product_cat?post=350"},{"taxonomy":"product_tag","embeddable":true,"href":"https:\/\/www.bionis.fr\/es\/wp-json\/wp\/v2\/product_tag?post=350"}],"curies":[{"name":"wp","href":"https:\/\/api.w.org\/{rel}","templated":true}]}}