{"id":363,"date":"2020-08-04T14:33:19","date_gmt":"2020-08-04T12:33:19","guid":{"rendered":"https:\/\/www.bionis.fr\/?post_type=product&#038;p=363"},"modified":"2023-09-24T10:59:24","modified_gmt":"2023-09-24T08:59:24","slug":"chromarods-s5","status":"publish","type":"product","link":"https:\/\/www.bionis.fr\/es\/produit\/chromarods-s5\/","title":{"rendered":"Chromarods S5"},"content":{"rendered":"","protected":false},"excerpt":{"rendered":"<p><strong>R\u00e9f\u00e9rence:\u00a03252<\/strong><\/p>\n<p>Jeu de 10 Chromarods S5.<\/p>\n<p>Un <strong>Chromarod<\/strong> est une tige de quartz sp\u00e9cialement con\u00e7ue recouverte d&#8217;une fine couche de silice ou d\u2019oxyde d\u2019aluminium sur lequel l\u2019\u00e9chantillon est d\u00e9velopp\u00e9 et s\u00e9par\u00e9.<\/p>\n<p>Les tiges ont une \u00e9paisseur de couche uniforme et sont r\u00e9sistantes \u00e0 acides et bases faibles.<\/p>\n<p>Il est possible de changer la s\u00e9paration en impr\u00e9gnant les <strong>Chromarods <\/strong>de nitrate d\u2019argent, d\u2019acide borique ou sulfate de cuivre.<\/p>\n","protected":false},"featured_media":364,"template":"","meta":[],"product_brand":[],"product_cat":[34],"product_tag":[],"class_list":{"0":"post-363","1":"product","2":"type-product","3":"status-publish","4":"has-post-thumbnail","6":"product_cat-consommables","8":"first","9":"instock","10":"taxable","11":"shipping-taxable","12":"product-type-simple"},"yoast_head":"<!-- This site is optimized with the Yoast SEO plugin v27.4 - https:\/\/yoast.com\/product\/yoast-seo-wordpress\/ -->\n<title>Chromarods S5 - Bionis<\/title>\n<meta name=\"description\" content=\"R\u00e9f\u00e9rence:\u00a03252  Jeu de 10 Chromarods S5.  Un Chromarod est une tige de quartz sp\u00e9cialement con\u00e7ue recouverte d&#039;une fine couche de silice ou d\u2019oxyde d\u2019aluminium sur lequel l\u2019\u00e9chantillon est d\u00e9velopp\u00e9 et s\u00e9par\u00e9.  Les tiges ont une \u00e9paisseur de couche uniforme et sont r\u00e9sistantes \u00e0 acides et bases faibles.  Il est possible de changer la s\u00e9paration en impr\u00e9gnant les Chromarods de nitrate d\u2019argent, d\u2019acide borique ou sulfate de cuivre.\" \/>\n<meta name=\"robots\" content=\"index, follow, max-snippet:-1, max-image-preview:large, max-video-preview:-1\" \/>\n<link rel=\"canonical\" href=\"https:\/\/www.bionis.fr\/produit\/chromarods-s5\/\" \/>\n<meta property=\"og:locale\" content=\"es_ES\" \/>\n<meta property=\"og:type\" content=\"article\" \/>\n<meta property=\"og:title\" content=\"Chromarods S5 - Bionis\" \/>\n<meta property=\"og:description\" content=\"R\u00e9f\u00e9rence:\u00a03252  Jeu de 10 Chromarods S5.  Un Chromarod est une tige de quartz sp\u00e9cialement con\u00e7ue recouverte d&#039;une fine couche de silice ou d\u2019oxyde d\u2019aluminium sur lequel l\u2019\u00e9chantillon est d\u00e9velopp\u00e9 et s\u00e9par\u00e9.  Les tiges ont une \u00e9paisseur de couche uniforme et sont r\u00e9sistantes \u00e0 acides et bases faibles.  Il est possible de changer la s\u00e9paration en impr\u00e9gnant les Chromarods de nitrate d\u2019argent, d\u2019acide borique ou sulfate de cuivre.\" \/>\n<meta property=\"og:url\" content=\"https:\/\/www.bionis.fr\/produit\/chromarods-s5\/\" \/>\n<meta property=\"og:site_name\" content=\"Bionis\" \/>\n<meta property=\"article:modified_time\" content=\"2023-09-24T08:59:24+00:00\" \/>\n<meta property=\"og:image\" content=\"https:\/\/www.bionis.fr\/wp-content\/uploads\/2020\/08\/700x700_Chromarods-S5.png\" \/>\n\t<meta property=\"og:image:width\" content=\"700\" \/>\n\t<meta property=\"og:image:height\" content=\"700\" \/>\n\t<meta property=\"og:image:type\" content=\"image\/png\" \/>\n<meta name=\"twitter:card\" content=\"summary_large_image\" \/>\n<script type=\"application\/ld+json\" class=\"yoast-schema-graph\">{\"@context\":\"https:\\\/\\\/schema.org\",\"@graph\":[{\"@type\":\"WebPage\",\"@id\":\"https:\\\/\\\/www.bionis.fr\\\/produit\\\/chromarods-s5\\\/\",\"url\":\"https:\\\/\\\/www.bionis.fr\\\/produit\\\/chromarods-s5\\\/\",\"name\":\"Chromarods S5 - Bionis\",\"isPartOf\":{\"@id\":\"https:\\\/\\\/www.bionis.fr\\\/#website\"},\"primaryImageOfPage\":{\"@id\":\"https:\\\/\\\/www.bionis.fr\\\/produit\\\/chromarods-s5\\\/#primaryimage\"},\"image\":{\"@id\":\"https:\\\/\\\/www.bionis.fr\\\/produit\\\/chromarods-s5\\\/#primaryimage\"},\"thumbnailUrl\":\"https:\\\/\\\/www.bionis.fr\\\/wp-content\\\/uploads\\\/2020\\\/08\\\/700x700_Chromarods-S5.png\",\"datePublished\":\"2020-08-04T12:33:19+00:00\",\"dateModified\":\"2023-09-24T08:59:24+00:00\",\"description\":\"R\u00e9f\u00e9rence:\u00a03252 Jeu de 10 Chromarods S5. Un Chromarod est une tige de quartz sp\u00e9cialement con\u00e7ue recouverte d'une fine couche de silice ou d\u2019oxyde d\u2019aluminium sur lequel l\u2019\u00e9chantillon est d\u00e9velopp\u00e9 et s\u00e9par\u00e9. Les tiges ont une \u00e9paisseur de couche uniforme et sont r\u00e9sistantes \u00e0 acides et bases faibles. Il est possible de changer la s\u00e9paration en impr\u00e9gnant les Chromarods de nitrate d\u2019argent, d\u2019acide borique ou sulfate de cuivre.\",\"breadcrumb\":{\"@id\":\"https:\\\/\\\/www.bionis.fr\\\/produit\\\/chromarods-s5\\\/#breadcrumb\"},\"inLanguage\":\"es\",\"potentialAction\":[{\"@type\":\"ReadAction\",\"target\":[\"https:\\\/\\\/www.bionis.fr\\\/produit\\\/chromarods-s5\\\/\"]}]},{\"@type\":\"ImageObject\",\"inLanguage\":\"es\",\"@id\":\"https:\\\/\\\/www.bionis.fr\\\/produit\\\/chromarods-s5\\\/#primaryimage\",\"url\":\"https:\\\/\\\/www.bionis.fr\\\/wp-content\\\/uploads\\\/2020\\\/08\\\/700x700_Chromarods-S5.png\",\"contentUrl\":\"https:\\\/\\\/www.bionis.fr\\\/wp-content\\\/uploads\\\/2020\\\/08\\\/700x700_Chromarods-S5.png\",\"width\":700,\"height\":700},{\"@type\":\"BreadcrumbList\",\"@id\":\"https:\\\/\\\/www.bionis.fr\\\/produit\\\/chromarods-s5\\\/#breadcrumb\",\"itemListElement\":[{\"@type\":\"ListItem\",\"position\":1,\"name\":\"Accueil\",\"item\":\"https:\\\/\\\/www.bionis.fr\\\/es\\\/\"},{\"@type\":\"ListItem\",\"position\":2,\"name\":\"Productos\",\"item\":\"https:\\\/\\\/www.bionis.fr\\\/es\\\/tienda\\\/\"},{\"@type\":\"ListItem\",\"position\":3,\"name\":\"Chromarods S5\"}]},{\"@type\":\"WebSite\",\"@id\":\"https:\\\/\\\/www.bionis.fr\\\/#website\",\"url\":\"https:\\\/\\\/www.bionis.fr\\\/\",\"name\":\"Bionis\",\"description\":\"La soluci\u00f3n de cromatograf\u00eda en capa fina\",\"publisher\":{\"@id\":\"https:\\\/\\\/www.bionis.fr\\\/#organization\"},\"potentialAction\":[{\"@type\":\"SearchAction\",\"target\":{\"@type\":\"EntryPoint\",\"urlTemplate\":\"https:\\\/\\\/www.bionis.fr\\\/?s={search_term_string}\"},\"query-input\":{\"@type\":\"PropertyValueSpecification\",\"valueRequired\":true,\"valueName\":\"search_term_string\"}}],\"inLanguage\":\"es\"},{\"@type\":\"Organization\",\"@id\":\"https:\\\/\\\/www.bionis.fr\\\/#organization\",\"name\":\"Bionis\",\"url\":\"https:\\\/\\\/www.bionis.fr\\\/\",\"logo\":{\"@type\":\"ImageObject\",\"inLanguage\":\"es\",\"@id\":\"https:\\\/\\\/www.bionis.fr\\\/#\\\/schema\\\/logo\\\/image\\\/\",\"url\":\"https:\\\/\\\/www.bionis.fr\\\/wp-content\\\/uploads\\\/2020\\\/07\\\/bionis-logo.png\",\"contentUrl\":\"https:\\\/\\\/www.bionis.fr\\\/wp-content\\\/uploads\\\/2020\\\/07\\\/bionis-logo.png\",\"width\":500,\"height\":125,\"caption\":\"Bionis\"},\"image\":{\"@id\":\"https:\\\/\\\/www.bionis.fr\\\/#\\\/schema\\\/logo\\\/image\\\/\"},\"sameAs\":[\"https:\\\/\\\/www.linkedin.com\\\/company\\\/bionis-sas?originalSubdomain=fr\"]}]}<\/script>\n<!-- \/ Yoast SEO plugin. -->","yoast_head_json":{"title":"Chromarods S5 - Bionis","description":"R\u00e9f\u00e9rence:\u00a03252  Jeu de 10 Chromarods S5.  Un Chromarod est une tige de quartz sp\u00e9cialement con\u00e7ue recouverte d'une fine couche de silice ou d\u2019oxyde d\u2019aluminium sur lequel l\u2019\u00e9chantillon est d\u00e9velopp\u00e9 et s\u00e9par\u00e9.  Les tiges ont une \u00e9paisseur de couche uniforme et sont r\u00e9sistantes \u00e0 acides et bases faibles.  Il est possible de changer la s\u00e9paration en impr\u00e9gnant les Chromarods de nitrate d\u2019argent, d\u2019acide borique ou sulfate de cuivre.","robots":{"index":"index","follow":"follow","max-snippet":"max-snippet:-1","max-image-preview":"max-image-preview:large","max-video-preview":"max-video-preview:-1"},"canonical":"https:\/\/www.bionis.fr\/produit\/chromarods-s5\/","og_locale":"es_ES","og_type":"article","og_title":"Chromarods S5 - Bionis","og_description":"R\u00e9f\u00e9rence:\u00a03252  Jeu de 10 Chromarods S5.  Un Chromarod est une tige de quartz sp\u00e9cialement con\u00e7ue recouverte d'une fine couche de silice ou d\u2019oxyde d\u2019aluminium sur lequel l\u2019\u00e9chantillon est d\u00e9velopp\u00e9 et s\u00e9par\u00e9.  Les tiges ont une \u00e9paisseur de couche uniforme et sont r\u00e9sistantes \u00e0 acides et bases faibles.  Il est possible de changer la s\u00e9paration en impr\u00e9gnant les Chromarods de nitrate d\u2019argent, d\u2019acide borique ou sulfate de cuivre.","og_url":"https:\/\/www.bionis.fr\/produit\/chromarods-s5\/","og_site_name":"Bionis","article_modified_time":"2023-09-24T08:59:24+00:00","og_image":[{"width":700,"height":700,"url":"https:\/\/www.bionis.fr\/wp-content\/uploads\/2020\/08\/700x700_Chromarods-S5.png","type":"image\/png"}],"twitter_card":"summary_large_image","schema":{"@context":"https:\/\/schema.org","@graph":[{"@type":"WebPage","@id":"https:\/\/www.bionis.fr\/produit\/chromarods-s5\/","url":"https:\/\/www.bionis.fr\/produit\/chromarods-s5\/","name":"Chromarods S5 - Bionis","isPartOf":{"@id":"https:\/\/www.bionis.fr\/#website"},"primaryImageOfPage":{"@id":"https:\/\/www.bionis.fr\/produit\/chromarods-s5\/#primaryimage"},"image":{"@id":"https:\/\/www.bionis.fr\/produit\/chromarods-s5\/#primaryimage"},"thumbnailUrl":"https:\/\/www.bionis.fr\/wp-content\/uploads\/2020\/08\/700x700_Chromarods-S5.png","datePublished":"2020-08-04T12:33:19+00:00","dateModified":"2023-09-24T08:59:24+00:00","description":"R\u00e9f\u00e9rence:\u00a03252 Jeu de 10 Chromarods S5. Un Chromarod est une tige de quartz sp\u00e9cialement con\u00e7ue recouverte d'une fine couche de silice ou d\u2019oxyde d\u2019aluminium sur lequel l\u2019\u00e9chantillon est d\u00e9velopp\u00e9 et s\u00e9par\u00e9. Les tiges ont une \u00e9paisseur de couche uniforme et sont r\u00e9sistantes \u00e0 acides et bases faibles. Il est possible de changer la s\u00e9paration en impr\u00e9gnant les Chromarods de nitrate d\u2019argent, d\u2019acide borique ou sulfate de cuivre.","breadcrumb":{"@id":"https:\/\/www.bionis.fr\/produit\/chromarods-s5\/#breadcrumb"},"inLanguage":"es","potentialAction":[{"@type":"ReadAction","target":["https:\/\/www.bionis.fr\/produit\/chromarods-s5\/"]}]},{"@type":"ImageObject","inLanguage":"es","@id":"https:\/\/www.bionis.fr\/produit\/chromarods-s5\/#primaryimage","url":"https:\/\/www.bionis.fr\/wp-content\/uploads\/2020\/08\/700x700_Chromarods-S5.png","contentUrl":"https:\/\/www.bionis.fr\/wp-content\/uploads\/2020\/08\/700x700_Chromarods-S5.png","width":700,"height":700},{"@type":"BreadcrumbList","@id":"https:\/\/www.bionis.fr\/produit\/chromarods-s5\/#breadcrumb","itemListElement":[{"@type":"ListItem","position":1,"name":"Accueil","item":"https:\/\/www.bionis.fr\/es\/"},{"@type":"ListItem","position":2,"name":"Productos","item":"https:\/\/www.bionis.fr\/es\/tienda\/"},{"@type":"ListItem","position":3,"name":"Chromarods S5"}]},{"@type":"WebSite","@id":"https:\/\/www.bionis.fr\/#website","url":"https:\/\/www.bionis.fr\/","name":"Bionis","description":"La soluci\u00f3n de cromatograf\u00eda en capa fina","publisher":{"@id":"https:\/\/www.bionis.fr\/#organization"},"potentialAction":[{"@type":"SearchAction","target":{"@type":"EntryPoint","urlTemplate":"https:\/\/www.bionis.fr\/?s={search_term_string}"},"query-input":{"@type":"PropertyValueSpecification","valueRequired":true,"valueName":"search_term_string"}}],"inLanguage":"es"},{"@type":"Organization","@id":"https:\/\/www.bionis.fr\/#organization","name":"Bionis","url":"https:\/\/www.bionis.fr\/","logo":{"@type":"ImageObject","inLanguage":"es","@id":"https:\/\/www.bionis.fr\/#\/schema\/logo\/image\/","url":"https:\/\/www.bionis.fr\/wp-content\/uploads\/2020\/07\/bionis-logo.png","contentUrl":"https:\/\/www.bionis.fr\/wp-content\/uploads\/2020\/07\/bionis-logo.png","width":500,"height":125,"caption":"Bionis"},"image":{"@id":"https:\/\/www.bionis.fr\/#\/schema\/logo\/image\/"},"sameAs":["https:\/\/www.linkedin.com\/company\/bionis-sas?originalSubdomain=fr"]}]}},"_links":{"self":[{"href":"https:\/\/www.bionis.fr\/es\/wp-json\/wp\/v2\/product\/363","targetHints":{"allow":["GET"]}}],"collection":[{"href":"https:\/\/www.bionis.fr\/es\/wp-json\/wp\/v2\/product"}],"about":[{"href":"https:\/\/www.bionis.fr\/es\/wp-json\/wp\/v2\/types\/product"}],"wp:featuredmedia":[{"embeddable":true,"href":"https:\/\/www.bionis.fr\/es\/wp-json\/wp\/v2\/media\/364"}],"wp:attachment":[{"href":"https:\/\/www.bionis.fr\/es\/wp-json\/wp\/v2\/media?parent=363"}],"wp:term":[{"taxonomy":"product_brand","embeddable":true,"href":"https:\/\/www.bionis.fr\/es\/wp-json\/wp\/v2\/product_brand?post=363"},{"taxonomy":"product_cat","embeddable":true,"href":"https:\/\/www.bionis.fr\/es\/wp-json\/wp\/v2\/product_cat?post=363"},{"taxonomy":"product_tag","embeddable":true,"href":"https:\/\/www.bionis.fr\/es\/wp-json\/wp\/v2\/product_tag?post=363"}],"curies":[{"name":"wp","href":"https:\/\/api.w.org\/{rel}","templated":true}]}}