{"id":376,"date":"2020-08-05T09:19:58","date_gmt":"2020-08-05T07:19:58","guid":{"rendered":"https:\/\/www.bionis.fr\/?post_type=product&#038;p=376"},"modified":"2023-09-24T10:59:04","modified_gmt":"2023-09-24T08:59:04","slug":"cadre-sd6","status":"publish","type":"product","link":"https:\/\/www.bionis.fr\/es\/produit\/cadre-sd6\/","title":{"rendered":"Cadre SD6"},"content":{"rendered":"","protected":false},"excerpt":{"rendered":"<p><strong>R\u00e9f\u00e9rence: 6321<\/strong><\/p>\n<p>Le <strong>cadre m\u00e9tallique SD6<\/strong> permet le maintien et le d\u00e9placement entre les diff\u00e9rentes \u00e9tapes du protocole d&#8217;analyse en toute s\u00e9curit\u00e9, du jeu de 10 Chromarods.<\/p>\n<p>Les Chromarods sont positionn\u00e9s d\u00e9licatement \u00e0 l&#8217;aide d&#8217;une pince dans les encoches d\u00e9di\u00e9es, l&#8217;ensemble \u00e9tant fix\u00e9 par une <strong>barrette clipsable<\/strong> et <strong>d\u00e9-clipsable<\/strong> d&#8217;un simple geste.<\/p>\n<p>Le cadre SD6 est l&#8217;<strong>outil indispensable<\/strong> \u00e0 l&#8217;utilisation du Iatroscan.<\/p>\n","protected":false},"featured_media":377,"template":"","meta":[],"product_brand":[],"product_cat":[34],"product_tag":[],"class_list":{"0":"post-376","1":"product","2":"type-product","3":"status-publish","4":"has-post-thumbnail","6":"product_cat-consommables","8":"first","9":"instock","10":"taxable","11":"shipping-taxable","12":"product-type-simple"},"yoast_head":"<!-- This site is optimized with the Yoast SEO plugin v27.4 - https:\/\/yoast.com\/product\/yoast-seo-wordpress\/ -->\n<title>Cadre SD6 - Bionis<\/title>\n<meta name=\"description\" content=\"R\u00e9f\u00e9rence: 6321  Le cadre m\u00e9tallique SD6 permet le maintien et le d\u00e9placement entre les diff\u00e9rentes \u00e9tapes du protocole d&#039;analyse en toute s\u00e9curit\u00e9, du jeu de 10 Chromarods.  Les Chromarods sont positionn\u00e9s d\u00e9licatement \u00e0 l&#039;aide d&#039;une pince dans les encoches d\u00e9di\u00e9es, l&#039;ensemble \u00e9tant fix\u00e9 par une barrette clipsable et d\u00e9-clipsable d&#039;un simple geste.  Le cadre SD6 est l&#039;outil indispensable \u00e0 l&#039;utilisation du Iatroscan.\" \/>\n<meta name=\"robots\" content=\"index, follow, max-snippet:-1, max-image-preview:large, max-video-preview:-1\" \/>\n<link rel=\"canonical\" href=\"https:\/\/www.bionis.fr\/produit\/cadre-sd6\/\" \/>\n<meta property=\"og:locale\" content=\"es_ES\" \/>\n<meta property=\"og:type\" content=\"article\" \/>\n<meta property=\"og:title\" content=\"Cadre SD6 - Bionis\" \/>\n<meta property=\"og:description\" content=\"R\u00e9f\u00e9rence: 6321  Le cadre m\u00e9tallique SD6 permet le maintien et le d\u00e9placement entre les diff\u00e9rentes \u00e9tapes du protocole d&#039;analyse en toute s\u00e9curit\u00e9, du jeu de 10 Chromarods.  Les Chromarods sont positionn\u00e9s d\u00e9licatement \u00e0 l&#039;aide d&#039;une pince dans les encoches d\u00e9di\u00e9es, l&#039;ensemble \u00e9tant fix\u00e9 par une barrette clipsable et d\u00e9-clipsable d&#039;un simple geste.  Le cadre SD6 est l&#039;outil indispensable \u00e0 l&#039;utilisation du Iatroscan.\" \/>\n<meta property=\"og:url\" content=\"https:\/\/www.bionis.fr\/produit\/cadre-sd6\/\" \/>\n<meta property=\"og:site_name\" content=\"Bionis\" \/>\n<meta property=\"article:modified_time\" content=\"2023-09-24T08:59:04+00:00\" \/>\n<meta property=\"og:image\" content=\"https:\/\/www.bionis.fr\/wp-content\/uploads\/2020\/08\/700x700_Cadre-SD6.png\" \/>\n\t<meta property=\"og:image:width\" content=\"700\" \/>\n\t<meta property=\"og:image:height\" content=\"700\" \/>\n\t<meta property=\"og:image:type\" content=\"image\/png\" \/>\n<meta name=\"twitter:card\" content=\"summary_large_image\" \/>\n<script type=\"application\/ld+json\" class=\"yoast-schema-graph\">{\"@context\":\"https:\\\/\\\/schema.org\",\"@graph\":[{\"@type\":\"WebPage\",\"@id\":\"https:\\\/\\\/www.bionis.fr\\\/produit\\\/cadre-sd6\\\/\",\"url\":\"https:\\\/\\\/www.bionis.fr\\\/produit\\\/cadre-sd6\\\/\",\"name\":\"Cadre SD6 - Bionis\",\"isPartOf\":{\"@id\":\"https:\\\/\\\/www.bionis.fr\\\/#website\"},\"primaryImageOfPage\":{\"@id\":\"https:\\\/\\\/www.bionis.fr\\\/produit\\\/cadre-sd6\\\/#primaryimage\"},\"image\":{\"@id\":\"https:\\\/\\\/www.bionis.fr\\\/produit\\\/cadre-sd6\\\/#primaryimage\"},\"thumbnailUrl\":\"https:\\\/\\\/www.bionis.fr\\\/wp-content\\\/uploads\\\/2020\\\/08\\\/700x700_Cadre-SD6.png\",\"datePublished\":\"2020-08-05T07:19:58+00:00\",\"dateModified\":\"2023-09-24T08:59:04+00:00\",\"description\":\"R\u00e9f\u00e9rence: 6321 Le cadre m\u00e9tallique SD6 permet le maintien et le d\u00e9placement entre les diff\u00e9rentes \u00e9tapes du protocole d'analyse en toute s\u00e9curit\u00e9, du jeu de 10 Chromarods. Les Chromarods sont positionn\u00e9s d\u00e9licatement \u00e0 l'aide d'une pince dans les encoches d\u00e9di\u00e9es, l'ensemble \u00e9tant fix\u00e9 par une barrette clipsable et d\u00e9-clipsable d'un simple geste. Le cadre SD6 est l'outil indispensable \u00e0 l'utilisation du Iatroscan.\",\"breadcrumb\":{\"@id\":\"https:\\\/\\\/www.bionis.fr\\\/produit\\\/cadre-sd6\\\/#breadcrumb\"},\"inLanguage\":\"es\",\"potentialAction\":[{\"@type\":\"ReadAction\",\"target\":[\"https:\\\/\\\/www.bionis.fr\\\/produit\\\/cadre-sd6\\\/\"]}]},{\"@type\":\"ImageObject\",\"inLanguage\":\"es\",\"@id\":\"https:\\\/\\\/www.bionis.fr\\\/produit\\\/cadre-sd6\\\/#primaryimage\",\"url\":\"https:\\\/\\\/www.bionis.fr\\\/wp-content\\\/uploads\\\/2020\\\/08\\\/700x700_Cadre-SD6.png\",\"contentUrl\":\"https:\\\/\\\/www.bionis.fr\\\/wp-content\\\/uploads\\\/2020\\\/08\\\/700x700_Cadre-SD6.png\",\"width\":700,\"height\":700},{\"@type\":\"BreadcrumbList\",\"@id\":\"https:\\\/\\\/www.bionis.fr\\\/produit\\\/cadre-sd6\\\/#breadcrumb\",\"itemListElement\":[{\"@type\":\"ListItem\",\"position\":1,\"name\":\"Accueil\",\"item\":\"https:\\\/\\\/www.bionis.fr\\\/es\\\/\"},{\"@type\":\"ListItem\",\"position\":2,\"name\":\"Productos\",\"item\":\"https:\\\/\\\/www.bionis.fr\\\/es\\\/tienda\\\/\"},{\"@type\":\"ListItem\",\"position\":3,\"name\":\"Cadre SD6\"}]},{\"@type\":\"WebSite\",\"@id\":\"https:\\\/\\\/www.bionis.fr\\\/#website\",\"url\":\"https:\\\/\\\/www.bionis.fr\\\/\",\"name\":\"Bionis\",\"description\":\"La soluci\u00f3n de cromatograf\u00eda en capa fina\",\"publisher\":{\"@id\":\"https:\\\/\\\/www.bionis.fr\\\/#organization\"},\"potentialAction\":[{\"@type\":\"SearchAction\",\"target\":{\"@type\":\"EntryPoint\",\"urlTemplate\":\"https:\\\/\\\/www.bionis.fr\\\/?s={search_term_string}\"},\"query-input\":{\"@type\":\"PropertyValueSpecification\",\"valueRequired\":true,\"valueName\":\"search_term_string\"}}],\"inLanguage\":\"es\"},{\"@type\":\"Organization\",\"@id\":\"https:\\\/\\\/www.bionis.fr\\\/#organization\",\"name\":\"Bionis\",\"url\":\"https:\\\/\\\/www.bionis.fr\\\/\",\"logo\":{\"@type\":\"ImageObject\",\"inLanguage\":\"es\",\"@id\":\"https:\\\/\\\/www.bionis.fr\\\/#\\\/schema\\\/logo\\\/image\\\/\",\"url\":\"https:\\\/\\\/www.bionis.fr\\\/wp-content\\\/uploads\\\/2020\\\/07\\\/bionis-logo.png\",\"contentUrl\":\"https:\\\/\\\/www.bionis.fr\\\/wp-content\\\/uploads\\\/2020\\\/07\\\/bionis-logo.png\",\"width\":500,\"height\":125,\"caption\":\"Bionis\"},\"image\":{\"@id\":\"https:\\\/\\\/www.bionis.fr\\\/#\\\/schema\\\/logo\\\/image\\\/\"},\"sameAs\":[\"https:\\\/\\\/www.linkedin.com\\\/company\\\/bionis-sas?originalSubdomain=fr\"]}]}<\/script>\n<!-- \/ Yoast SEO plugin. -->","yoast_head_json":{"title":"Cadre SD6 - Bionis","description":"R\u00e9f\u00e9rence: 6321  Le cadre m\u00e9tallique SD6 permet le maintien et le d\u00e9placement entre les diff\u00e9rentes \u00e9tapes du protocole d'analyse en toute s\u00e9curit\u00e9, du jeu de 10 Chromarods.  Les Chromarods sont positionn\u00e9s d\u00e9licatement \u00e0 l'aide d'une pince dans les encoches d\u00e9di\u00e9es, l'ensemble \u00e9tant fix\u00e9 par une barrette clipsable et d\u00e9-clipsable d'un simple geste.  Le cadre SD6 est l'outil indispensable \u00e0 l'utilisation du Iatroscan.","robots":{"index":"index","follow":"follow","max-snippet":"max-snippet:-1","max-image-preview":"max-image-preview:large","max-video-preview":"max-video-preview:-1"},"canonical":"https:\/\/www.bionis.fr\/produit\/cadre-sd6\/","og_locale":"es_ES","og_type":"article","og_title":"Cadre SD6 - Bionis","og_description":"R\u00e9f\u00e9rence: 6321  Le cadre m\u00e9tallique SD6 permet le maintien et le d\u00e9placement entre les diff\u00e9rentes \u00e9tapes du protocole d'analyse en toute s\u00e9curit\u00e9, du jeu de 10 Chromarods.  Les Chromarods sont positionn\u00e9s d\u00e9licatement \u00e0 l'aide d'une pince dans les encoches d\u00e9di\u00e9es, l'ensemble \u00e9tant fix\u00e9 par une barrette clipsable et d\u00e9-clipsable d'un simple geste.  Le cadre SD6 est l'outil indispensable \u00e0 l'utilisation du Iatroscan.","og_url":"https:\/\/www.bionis.fr\/produit\/cadre-sd6\/","og_site_name":"Bionis","article_modified_time":"2023-09-24T08:59:04+00:00","og_image":[{"width":700,"height":700,"url":"https:\/\/www.bionis.fr\/wp-content\/uploads\/2020\/08\/700x700_Cadre-SD6.png","type":"image\/png"}],"twitter_card":"summary_large_image","schema":{"@context":"https:\/\/schema.org","@graph":[{"@type":"WebPage","@id":"https:\/\/www.bionis.fr\/produit\/cadre-sd6\/","url":"https:\/\/www.bionis.fr\/produit\/cadre-sd6\/","name":"Cadre SD6 - Bionis","isPartOf":{"@id":"https:\/\/www.bionis.fr\/#website"},"primaryImageOfPage":{"@id":"https:\/\/www.bionis.fr\/produit\/cadre-sd6\/#primaryimage"},"image":{"@id":"https:\/\/www.bionis.fr\/produit\/cadre-sd6\/#primaryimage"},"thumbnailUrl":"https:\/\/www.bionis.fr\/wp-content\/uploads\/2020\/08\/700x700_Cadre-SD6.png","datePublished":"2020-08-05T07:19:58+00:00","dateModified":"2023-09-24T08:59:04+00:00","description":"R\u00e9f\u00e9rence: 6321 Le cadre m\u00e9tallique SD6 permet le maintien et le d\u00e9placement entre les diff\u00e9rentes \u00e9tapes du protocole d'analyse en toute s\u00e9curit\u00e9, du jeu de 10 Chromarods. Les Chromarods sont positionn\u00e9s d\u00e9licatement \u00e0 l'aide d'une pince dans les encoches d\u00e9di\u00e9es, l'ensemble \u00e9tant fix\u00e9 par une barrette clipsable et d\u00e9-clipsable d'un simple geste. Le cadre SD6 est l'outil indispensable \u00e0 l'utilisation du Iatroscan.","breadcrumb":{"@id":"https:\/\/www.bionis.fr\/produit\/cadre-sd6\/#breadcrumb"},"inLanguage":"es","potentialAction":[{"@type":"ReadAction","target":["https:\/\/www.bionis.fr\/produit\/cadre-sd6\/"]}]},{"@type":"ImageObject","inLanguage":"es","@id":"https:\/\/www.bionis.fr\/produit\/cadre-sd6\/#primaryimage","url":"https:\/\/www.bionis.fr\/wp-content\/uploads\/2020\/08\/700x700_Cadre-SD6.png","contentUrl":"https:\/\/www.bionis.fr\/wp-content\/uploads\/2020\/08\/700x700_Cadre-SD6.png","width":700,"height":700},{"@type":"BreadcrumbList","@id":"https:\/\/www.bionis.fr\/produit\/cadre-sd6\/#breadcrumb","itemListElement":[{"@type":"ListItem","position":1,"name":"Accueil","item":"https:\/\/www.bionis.fr\/es\/"},{"@type":"ListItem","position":2,"name":"Productos","item":"https:\/\/www.bionis.fr\/es\/tienda\/"},{"@type":"ListItem","position":3,"name":"Cadre SD6"}]},{"@type":"WebSite","@id":"https:\/\/www.bionis.fr\/#website","url":"https:\/\/www.bionis.fr\/","name":"Bionis","description":"La soluci\u00f3n de cromatograf\u00eda en capa fina","publisher":{"@id":"https:\/\/www.bionis.fr\/#organization"},"potentialAction":[{"@type":"SearchAction","target":{"@type":"EntryPoint","urlTemplate":"https:\/\/www.bionis.fr\/?s={search_term_string}"},"query-input":{"@type":"PropertyValueSpecification","valueRequired":true,"valueName":"search_term_string"}}],"inLanguage":"es"},{"@type":"Organization","@id":"https:\/\/www.bionis.fr\/#organization","name":"Bionis","url":"https:\/\/www.bionis.fr\/","logo":{"@type":"ImageObject","inLanguage":"es","@id":"https:\/\/www.bionis.fr\/#\/schema\/logo\/image\/","url":"https:\/\/www.bionis.fr\/wp-content\/uploads\/2020\/07\/bionis-logo.png","contentUrl":"https:\/\/www.bionis.fr\/wp-content\/uploads\/2020\/07\/bionis-logo.png","width":500,"height":125,"caption":"Bionis"},"image":{"@id":"https:\/\/www.bionis.fr\/#\/schema\/logo\/image\/"},"sameAs":["https:\/\/www.linkedin.com\/company\/bionis-sas?originalSubdomain=fr"]}]}},"_links":{"self":[{"href":"https:\/\/www.bionis.fr\/es\/wp-json\/wp\/v2\/product\/376","targetHints":{"allow":["GET"]}}],"collection":[{"href":"https:\/\/www.bionis.fr\/es\/wp-json\/wp\/v2\/product"}],"about":[{"href":"https:\/\/www.bionis.fr\/es\/wp-json\/wp\/v2\/types\/product"}],"wp:featuredmedia":[{"embeddable":true,"href":"https:\/\/www.bionis.fr\/es\/wp-json\/wp\/v2\/media\/377"}],"wp:attachment":[{"href":"https:\/\/www.bionis.fr\/es\/wp-json\/wp\/v2\/media?parent=376"}],"wp:term":[{"taxonomy":"product_brand","embeddable":true,"href":"https:\/\/www.bionis.fr\/es\/wp-json\/wp\/v2\/product_brand?post=376"},{"taxonomy":"product_cat","embeddable":true,"href":"https:\/\/www.bionis.fr\/es\/wp-json\/wp\/v2\/product_cat?post=376"},{"taxonomy":"product_tag","embeddable":true,"href":"https:\/\/www.bionis.fr\/es\/wp-json\/wp\/v2\/product_tag?post=376"}],"curies":[{"name":"wp","href":"https:\/\/api.w.org\/{rel}","templated":true}]}}