{"id":5362,"date":"2023-04-06T16:07:21","date_gmt":"2023-04-06T14:07:21","guid":{"rendered":"https:\/\/www.bionis.fr\/produit\/tanque-tlc-de-doble-compartimento-de-100x100-mm-con-tapa-de-vidrio\/"},"modified":"2023-11-30T16:14:34","modified_gmt":"2023-11-30T15:14:34","slug":"tanque-ccf-de-doble-compartimento-100x100mm-tapa-de-vidrio","status":"publish","type":"product","link":"https:\/\/www.bionis.fr\/es\/produit\/tanque-ccf-de-doble-compartimento-100x100mm-tapa-de-vidrio\/","title":{"rendered":"Tanque CCF de doble compartimento de 100&#215;100 mm con tapa de vidrio"},"content":{"rendered":"<p>El dep\u00f3sito de CCF de doble compartimento de 100&#215;100 mm con tapa plana de vidrio permite separar la placa de CCF del papel de filtro para la saturaci\u00f3n atmosf\u00e9rica, al tiempo que se consigue un ahorro considerable de reactivos, ya que el compartimento de recepci\u00f3n de reactivos se reduce al m\u00ednimo.<\/p>\n","protected":false},"excerpt":{"rendered":"<p>Ref: BS125.001<\/p>\n<p>Tanque CCF de doble compartimento 100x100mm con tapa plana de vidrio.<\/p>\n","protected":false},"featured_media":7336,"template":"","meta":[],"product_brand":[],"product_cat":[224],"product_tag":[],"class_list":{"0":"post-5362","1":"product","2":"type-product","3":"status-publish","4":"has-post-thumbnail","6":"product_cat-tanque-ccf-de-doble-compartimento","8":"first","9":"instock","10":"taxable","11":"shipping-taxable","12":"product-type-simple"},"yoast_head":"<!-- This site is optimized with the Yoast SEO plugin v27.4 - https:\/\/yoast.com\/product\/yoast-seo-wordpress\/ -->\n<title>Tanque CCF de doble compartimento de 100x100 mm con tapa de vidrio - Bionis<\/title>\n<meta name=\"description\" content=\"El dep\u00f3sito de CCF de doble compartimento de 100x100 mm con tapa plana de vidrio separa la placa de CCF del papel de filtro.\" \/>\n<meta name=\"robots\" content=\"index, follow, max-snippet:-1, max-image-preview:large, max-video-preview:-1\" \/>\n<link rel=\"canonical\" href=\"https:\/\/www.bionis.fr\/es\/produit\/tanque-ccf-de-doble-compartimento-100x100mm-tapa-de-vidrio\/\" \/>\n<meta property=\"og:locale\" content=\"es_ES\" \/>\n<meta property=\"og:type\" content=\"article\" \/>\n<meta property=\"og:title\" content=\"Tanque CCF de doble compartimento de 100x100 mm con tapa de vidrio - Bionis\" \/>\n<meta property=\"og:description\" content=\"El dep\u00f3sito de CCF de doble compartimento de 100x100 mm con tapa plana de vidrio separa la placa de CCF del papel de filtro.\" \/>\n<meta property=\"og:url\" content=\"https:\/\/www.bionis.fr\/es\/produit\/tanque-ccf-de-doble-compartimento-100x100mm-tapa-de-vidrio\/\" \/>\n<meta property=\"og:site_name\" content=\"Bionis\" \/>\n<meta property=\"article:modified_time\" content=\"2023-11-30T15:14:34+00:00\" \/>\n<meta property=\"og:image\" content=\"https:\/\/www.bionis.fr\/wp-content\/uploads\/2023\/04\/700x700_cuve_double100x100Verre.png\" \/>\n\t<meta property=\"og:image:width\" content=\"700\" \/>\n\t<meta property=\"og:image:height\" content=\"700\" \/>\n\t<meta property=\"og:image:type\" content=\"image\/png\" \/>\n<meta name=\"twitter:card\" content=\"summary_large_image\" \/>\n<meta name=\"twitter:label1\" content=\"Tiempo de lectura\" \/>\n\t<meta name=\"twitter:data1\" content=\"1 minuto\" \/>\n<script type=\"application\/ld+json\" class=\"yoast-schema-graph\">{\"@context\":\"https:\\\/\\\/schema.org\",\"@graph\":[{\"@type\":\"WebPage\",\"@id\":\"https:\\\/\\\/www.bionis.fr\\\/es\\\/produit\\\/tanque-ccf-de-doble-compartimento-100x100mm-tapa-de-vidrio\\\/\",\"url\":\"https:\\\/\\\/www.bionis.fr\\\/es\\\/produit\\\/tanque-ccf-de-doble-compartimento-100x100mm-tapa-de-vidrio\\\/\",\"name\":\"Tanque CCF de doble compartimento de 100x100 mm con tapa de vidrio - Bionis\",\"isPartOf\":{\"@id\":\"https:\\\/\\\/www.bionis.fr\\\/#website\"},\"primaryImageOfPage\":{\"@id\":\"https:\\\/\\\/www.bionis.fr\\\/es\\\/produit\\\/tanque-ccf-de-doble-compartimento-100x100mm-tapa-de-vidrio\\\/#primaryimage\"},\"image\":{\"@id\":\"https:\\\/\\\/www.bionis.fr\\\/es\\\/produit\\\/tanque-ccf-de-doble-compartimento-100x100mm-tapa-de-vidrio\\\/#primaryimage\"},\"thumbnailUrl\":\"https:\\\/\\\/www.bionis.fr\\\/wp-content\\\/uploads\\\/2023\\\/04\\\/bs125_001.png\",\"datePublished\":\"2023-04-06T14:07:21+00:00\",\"dateModified\":\"2023-11-30T15:14:34+00:00\",\"description\":\"El dep\u00f3sito de CCF de doble compartimento de 100x100 mm con tapa plana de vidrio separa la placa de CCF del papel de filtro.\",\"breadcrumb\":{\"@id\":\"https:\\\/\\\/www.bionis.fr\\\/es\\\/produit\\\/tanque-ccf-de-doble-compartimento-100x100mm-tapa-de-vidrio\\\/#breadcrumb\"},\"inLanguage\":\"es\",\"potentialAction\":[{\"@type\":\"ReadAction\",\"target\":[\"https:\\\/\\\/www.bionis.fr\\\/es\\\/produit\\\/tanque-ccf-de-doble-compartimento-100x100mm-tapa-de-vidrio\\\/\"]}]},{\"@type\":\"ImageObject\",\"inLanguage\":\"es\",\"@id\":\"https:\\\/\\\/www.bionis.fr\\\/es\\\/produit\\\/tanque-ccf-de-doble-compartimento-100x100mm-tapa-de-vidrio\\\/#primaryimage\",\"url\":\"https:\\\/\\\/www.bionis.fr\\\/wp-content\\\/uploads\\\/2023\\\/04\\\/bs125_001.png\",\"contentUrl\":\"https:\\\/\\\/www.bionis.fr\\\/wp-content\\\/uploads\\\/2023\\\/04\\\/bs125_001.png\",\"width\":1000,\"height\":1000},{\"@type\":\"BreadcrumbList\",\"@id\":\"https:\\\/\\\/www.bionis.fr\\\/es\\\/produit\\\/tanque-ccf-de-doble-compartimento-100x100mm-tapa-de-vidrio\\\/#breadcrumb\",\"itemListElement\":[{\"@type\":\"ListItem\",\"position\":1,\"name\":\"Accueil\",\"item\":\"https:\\\/\\\/www.bionis.fr\\\/es\\\/\"},{\"@type\":\"ListItem\",\"position\":2,\"name\":\"Productos\",\"item\":\"https:\\\/\\\/www.bionis.fr\\\/es\\\/tienda\\\/\"},{\"@type\":\"ListItem\",\"position\":3,\"name\":\"Tanque CCF de doble compartimento de 100&#215;100 mm con tapa de vidrio\"}]},{\"@type\":\"WebSite\",\"@id\":\"https:\\\/\\\/www.bionis.fr\\\/#website\",\"url\":\"https:\\\/\\\/www.bionis.fr\\\/\",\"name\":\"Bionis\",\"description\":\"La soluci\u00f3n de cromatograf\u00eda en capa fina\",\"publisher\":{\"@id\":\"https:\\\/\\\/www.bionis.fr\\\/#organization\"},\"potentialAction\":[{\"@type\":\"SearchAction\",\"target\":{\"@type\":\"EntryPoint\",\"urlTemplate\":\"https:\\\/\\\/www.bionis.fr\\\/?s={search_term_string}\"},\"query-input\":{\"@type\":\"PropertyValueSpecification\",\"valueRequired\":true,\"valueName\":\"search_term_string\"}}],\"inLanguage\":\"es\"},{\"@type\":\"Organization\",\"@id\":\"https:\\\/\\\/www.bionis.fr\\\/#organization\",\"name\":\"Bionis\",\"url\":\"https:\\\/\\\/www.bionis.fr\\\/\",\"logo\":{\"@type\":\"ImageObject\",\"inLanguage\":\"es\",\"@id\":\"https:\\\/\\\/www.bionis.fr\\\/#\\\/schema\\\/logo\\\/image\\\/\",\"url\":\"https:\\\/\\\/www.bionis.fr\\\/wp-content\\\/uploads\\\/2020\\\/07\\\/bionis-logo.png\",\"contentUrl\":\"https:\\\/\\\/www.bionis.fr\\\/wp-content\\\/uploads\\\/2020\\\/07\\\/bionis-logo.png\",\"width\":500,\"height\":125,\"caption\":\"Bionis\"},\"image\":{\"@id\":\"https:\\\/\\\/www.bionis.fr\\\/#\\\/schema\\\/logo\\\/image\\\/\"},\"sameAs\":[\"https:\\\/\\\/www.linkedin.com\\\/company\\\/bionis-sas?originalSubdomain=fr\"]}]}<\/script>\n<!-- \/ Yoast SEO plugin. -->","yoast_head_json":{"title":"Tanque CCF de doble compartimento de 100x100 mm con tapa de vidrio - Bionis","description":"El dep\u00f3sito de CCF de doble compartimento de 100x100 mm con tapa plana de vidrio separa la placa de CCF del papel de filtro.","robots":{"index":"index","follow":"follow","max-snippet":"max-snippet:-1","max-image-preview":"max-image-preview:large","max-video-preview":"max-video-preview:-1"},"canonical":"https:\/\/www.bionis.fr\/es\/produit\/tanque-ccf-de-doble-compartimento-100x100mm-tapa-de-vidrio\/","og_locale":"es_ES","og_type":"article","og_title":"Tanque CCF de doble compartimento de 100x100 mm con tapa de vidrio - Bionis","og_description":"El dep\u00f3sito de CCF de doble compartimento de 100x100 mm con tapa plana de vidrio separa la placa de CCF del papel de filtro.","og_url":"https:\/\/www.bionis.fr\/es\/produit\/tanque-ccf-de-doble-compartimento-100x100mm-tapa-de-vidrio\/","og_site_name":"Bionis","article_modified_time":"2023-11-30T15:14:34+00:00","og_image":[{"width":700,"height":700,"url":"https:\/\/www.bionis.fr\/wp-content\/uploads\/2023\/04\/700x700_cuve_double100x100Verre.png","type":"image\/png"}],"twitter_card":"summary_large_image","twitter_misc":{"Tiempo de lectura":"1 minuto"},"schema":{"@context":"https:\/\/schema.org","@graph":[{"@type":"WebPage","@id":"https:\/\/www.bionis.fr\/es\/produit\/tanque-ccf-de-doble-compartimento-100x100mm-tapa-de-vidrio\/","url":"https:\/\/www.bionis.fr\/es\/produit\/tanque-ccf-de-doble-compartimento-100x100mm-tapa-de-vidrio\/","name":"Tanque CCF de doble compartimento de 100x100 mm con tapa de vidrio - Bionis","isPartOf":{"@id":"https:\/\/www.bionis.fr\/#website"},"primaryImageOfPage":{"@id":"https:\/\/www.bionis.fr\/es\/produit\/tanque-ccf-de-doble-compartimento-100x100mm-tapa-de-vidrio\/#primaryimage"},"image":{"@id":"https:\/\/www.bionis.fr\/es\/produit\/tanque-ccf-de-doble-compartimento-100x100mm-tapa-de-vidrio\/#primaryimage"},"thumbnailUrl":"https:\/\/www.bionis.fr\/wp-content\/uploads\/2023\/04\/bs125_001.png","datePublished":"2023-04-06T14:07:21+00:00","dateModified":"2023-11-30T15:14:34+00:00","description":"El dep\u00f3sito de CCF de doble compartimento de 100x100 mm con tapa plana de vidrio separa la placa de CCF del papel de filtro.","breadcrumb":{"@id":"https:\/\/www.bionis.fr\/es\/produit\/tanque-ccf-de-doble-compartimento-100x100mm-tapa-de-vidrio\/#breadcrumb"},"inLanguage":"es","potentialAction":[{"@type":"ReadAction","target":["https:\/\/www.bionis.fr\/es\/produit\/tanque-ccf-de-doble-compartimento-100x100mm-tapa-de-vidrio\/"]}]},{"@type":"ImageObject","inLanguage":"es","@id":"https:\/\/www.bionis.fr\/es\/produit\/tanque-ccf-de-doble-compartimento-100x100mm-tapa-de-vidrio\/#primaryimage","url":"https:\/\/www.bionis.fr\/wp-content\/uploads\/2023\/04\/bs125_001.png","contentUrl":"https:\/\/www.bionis.fr\/wp-content\/uploads\/2023\/04\/bs125_001.png","width":1000,"height":1000},{"@type":"BreadcrumbList","@id":"https:\/\/www.bionis.fr\/es\/produit\/tanque-ccf-de-doble-compartimento-100x100mm-tapa-de-vidrio\/#breadcrumb","itemListElement":[{"@type":"ListItem","position":1,"name":"Accueil","item":"https:\/\/www.bionis.fr\/es\/"},{"@type":"ListItem","position":2,"name":"Productos","item":"https:\/\/www.bionis.fr\/es\/tienda\/"},{"@type":"ListItem","position":3,"name":"Tanque CCF de doble compartimento de 100&#215;100 mm con tapa de vidrio"}]},{"@type":"WebSite","@id":"https:\/\/www.bionis.fr\/#website","url":"https:\/\/www.bionis.fr\/","name":"Bionis","description":"La soluci\u00f3n de cromatograf\u00eda en capa fina","publisher":{"@id":"https:\/\/www.bionis.fr\/#organization"},"potentialAction":[{"@type":"SearchAction","target":{"@type":"EntryPoint","urlTemplate":"https:\/\/www.bionis.fr\/?s={search_term_string}"},"query-input":{"@type":"PropertyValueSpecification","valueRequired":true,"valueName":"search_term_string"}}],"inLanguage":"es"},{"@type":"Organization","@id":"https:\/\/www.bionis.fr\/#organization","name":"Bionis","url":"https:\/\/www.bionis.fr\/","logo":{"@type":"ImageObject","inLanguage":"es","@id":"https:\/\/www.bionis.fr\/#\/schema\/logo\/image\/","url":"https:\/\/www.bionis.fr\/wp-content\/uploads\/2020\/07\/bionis-logo.png","contentUrl":"https:\/\/www.bionis.fr\/wp-content\/uploads\/2020\/07\/bionis-logo.png","width":500,"height":125,"caption":"Bionis"},"image":{"@id":"https:\/\/www.bionis.fr\/#\/schema\/logo\/image\/"},"sameAs":["https:\/\/www.linkedin.com\/company\/bionis-sas?originalSubdomain=fr"]}]}},"_links":{"self":[{"href":"https:\/\/www.bionis.fr\/es\/wp-json\/wp\/v2\/product\/5362","targetHints":{"allow":["GET"]}}],"collection":[{"href":"https:\/\/www.bionis.fr\/es\/wp-json\/wp\/v2\/product"}],"about":[{"href":"https:\/\/www.bionis.fr\/es\/wp-json\/wp\/v2\/types\/product"}],"wp:featuredmedia":[{"embeddable":true,"href":"https:\/\/www.bionis.fr\/es\/wp-json\/wp\/v2\/media\/7336"}],"wp:attachment":[{"href":"https:\/\/www.bionis.fr\/es\/wp-json\/wp\/v2\/media?parent=5362"}],"wp:term":[{"taxonomy":"product_brand","embeddable":true,"href":"https:\/\/www.bionis.fr\/es\/wp-json\/wp\/v2\/product_brand?post=5362"},{"taxonomy":"product_cat","embeddable":true,"href":"https:\/\/www.bionis.fr\/es\/wp-json\/wp\/v2\/product_cat?post=5362"},{"taxonomy":"product_tag","embeddable":true,"href":"https:\/\/www.bionis.fr\/es\/wp-json\/wp\/v2\/product_tag?post=5362"}],"curies":[{"name":"wp","href":"https:\/\/api.w.org\/{rel}","templated":true}]}}