{"id":5366,"date":"2023-09-01T10:22:39","date_gmt":"2023-09-01T08:22:39","guid":{"rendered":"https:\/\/www.bionis.fr\/produit\/sistema-de-captura-de-imagenes-hptlc-providoc-dd80\/"},"modified":"2024-03-28T17:11:51","modified_gmt":"2024-03-28T16:11:51","slug":"sistema-de-documentacion-ccfar-providoc-dd80","status":"publish","type":"product","link":"https:\/\/www.bionis.fr\/es\/produit\/sistema-de-documentacion-ccfar-providoc-dd80\/","title":{"rendered":"Sistema de documentaci\u00f3n CCFAR Providoc\u00a9 DD80"},"content":{"rendered":"<p>Con el <strong>Sistema de documentaci\u00f3n CCFAR Providoc\u00a9 DD80<\/strong>\u00a0basado en c\u00e1maras, no s\u00f3lo se tiene la oportunidad de grabar im\u00e1genes bajo luz blanca, sino tambi\u00e9n bajo luz ultravioleta.<br \/>\nPor lo tanto, se puede documentar el comportamiento fluorescente de las sustancias, lo que ayuda a identificarlas. Resulta ventajoso registrar las im\u00e1genes de una placa TLC\/HPTLC bajo luz blanca, UV 254 nm, UV 310 nm, UV 385 nm y 366 nm sin cambiar la posici\u00f3n de la placa para observar con precisi\u00f3n las propiedades espectrales de un punto determinado. Por esta raz\u00f3n, es importante que la c\u00e1mara oscura est\u00e9 equipada con fuentes de luz para luz blanca, UV 254 nm, UV 310 nm, UV 385 nm y 366 nm que puedan encenderse y apagarse opcionalmente. Otro punto es la necesidad de una c\u00e1mara resoluci\u00f3n con alta fidelidad crom\u00e1tica. Las im\u00e1genes grabadas de este modo pueden cuantificarse mediante un software adecuado similar al proceso con geles electrofor\u00e9ticos.<\/p>\n<p>Las im\u00e1genes se visualizan directamente en la <strong>pantalla de su ordenador mediante el software espec\u00edfico Argus X2<\/strong>.<\/p>\n<p>Las <strong>im\u00e1genes<\/strong> se procesan con el<strong> software de<\/strong><strong>imagen Argus <sup>X2\u00a9<\/sup><\/strong>.<\/p>\n<p>Posibilidad de a\u00f1adir anotaciones, marcas de zona, escala Rf<\/p>\n<p>El <strong>Sistema de documentaci\u00f3n CCFAR <\/strong><strong>Providoc<sup>\u00a9<\/sup> DD80<\/strong> cumple la norma CF21 Parte 11 (opcional)<\/p>\n<p><strong>Opci\u00f3n<\/strong>: certificados IQ\/OQ<\/p>\n<p><strong>Especificaciones t\u00e9cnicas:<\/strong><\/p>\n<p>\u00c1rea de detecci\u00f3n: 200 x 200 mm<\/p>\n<p><strong><em>Iluminaci\u00f3n superior<\/em><\/strong><\/p>\n<ul>\n<li>Luz blanca: 2 x 1 LED de luz blanca<\/li>\n<li>UV254 nm: tubo de baja presi\u00f3n 2 x 1 Hg<\/li>\n<li>UV310 nm: 2 x 2 LED Hg<\/li>\n<li>UV385 nm: 2 x 1 Hg LED<\/li>\n<li>UV366 nm: 2 x 1 Hg LED<\/li>\n<\/ul>\n<p><strong><em>Iluminaci\u00f3n inferior:<\/em><\/strong><\/p>\n<ul>\n<li>Luz blanca: 2 x 1 LED de transmisi\u00f3n de luz blanca<\/li>\n<\/ul>\n<p>Alimentaci\u00f3n: 110 &#8211; 230 V, 50 &#8211; 60 Hz<\/p>\n<p>Dimensiones (prof. x alt. x anch.): 450 x 400 x 680 mm<\/p>\n<p>Peso: 33 kg<\/p>\n<p>&nbsp;<\/p>\n","protected":false},"excerpt":{"rendered":"<p><span style=\"color: #000000;\"><a style=\"color: #000000;\" href=\"https:\/\/www.bionis.fr\/wp-content\/uploads\/2024\/03\/Ficha_tecnica_DD80.pdf\">DESCARGAR DOCUMENTACI\u00d3N<\/a><\/span><\/p>\n<p><strong>Referencia: BS147.003<\/strong><\/p>\n<p>Se trata del \u00faltimo aparato de la gama <strong>Biostep<\/strong>.<\/p>\n<p>Capta la imagen de la placa mediante una <strong>c\u00e1mara digital<\/strong> de alta resoluci\u00f3n<strong>(24 millones de p\u00edxeles<\/strong>) equipada con un objetivo autofoco con zoom autom\u00e1tico de alto rendimiento.<\/p>\n<p>Su <strong>alta sensibilidad<\/strong> le permite detectar fluorescencias d\u00e9biles.<\/p>\n<p>La <strong>cabina de iluminaci\u00f3n<\/strong> est\u00e1 equipada con 2 l\u00e1mparas de luz blanca EPI, 2 tubos UV 254 nm, 2 LED UV 366 nm, as\u00ed como 4 LED UV 310 nm, 2 LED UV 385 nm y una l\u00e1mpara de luz blanca para la lectura de transmisi\u00f3n, todo ello con los <strong>filtros<\/strong> <strong>adecuados<\/strong>.<\/p>\n","protected":false},"featured_media":7228,"template":"","meta":[],"product_brand":[],"product_cat":[175],"product_tag":[],"class_list":{"0":"post-5366","1":"product","2":"type-product","3":"status-publish","4":"has-post-thumbnail","6":"product_cat-captura-de-imagenes-ccfar","8":"first","9":"instock","10":"taxable","11":"shipping-taxable","12":"product-type-simple"},"yoast_head":"<!-- This site is optimized with the Yoast SEO plugin v27.4 - https:\/\/yoast.com\/product\/yoast-seo-wordpress\/ -->\n<title>Sistema de documentaci\u00f3n CCFAR Providoc\u00a9 DD80 - Bionis<\/title>\n<meta name=\"description\" content=\"Sistema de documentaci\u00f3n CCFAR Providoc\u00a9 DD80. la oportunidad de grabar im\u00e1genes bajo luz blanca, sino tambi\u00e9n bajo luz ultravioleta.\" \/>\n<meta name=\"robots\" content=\"index, follow, max-snippet:-1, max-image-preview:large, max-video-preview:-1\" \/>\n<link rel=\"canonical\" href=\"https:\/\/www.bionis.fr\/es\/produit\/sistema-de-documentacion-ccfar-providoc-dd80\/\" \/>\n<meta property=\"og:locale\" content=\"es_ES\" \/>\n<meta property=\"og:type\" content=\"article\" \/>\n<meta property=\"og:title\" content=\"Sistema de documentaci\u00f3n CCFAR Providoc\u00a9 DD80 - Bionis\" \/>\n<meta property=\"og:description\" content=\"Sistema de documentaci\u00f3n CCFAR Providoc\u00a9 DD80. la oportunidad de grabar im\u00e1genes bajo luz blanca, sino tambi\u00e9n bajo luz ultravioleta.\" \/>\n<meta property=\"og:url\" content=\"https:\/\/www.bionis.fr\/es\/produit\/sistema-de-documentacion-ccfar-providoc-dd80\/\" \/>\n<meta property=\"og:site_name\" content=\"Bionis\" \/>\n<meta property=\"article:modified_time\" content=\"2024-03-28T16:11:51+00:00\" \/>\n<meta property=\"og:image\" content=\"https:\/\/www.bionis.fr\/wp-content\/uploads\/2023\/07\/700x700DD80.png\" \/>\n\t<meta property=\"og:image:width\" content=\"700\" \/>\n\t<meta property=\"og:image:height\" content=\"700\" \/>\n\t<meta property=\"og:image:type\" content=\"image\/png\" \/>\n<meta name=\"twitter:card\" content=\"summary_large_image\" \/>\n<meta name=\"twitter:label1\" content=\"Tiempo de lectura\" \/>\n\t<meta name=\"twitter:data1\" content=\"2 minutos\" \/>\n<script type=\"application\/ld+json\" class=\"yoast-schema-graph\">{\"@context\":\"https:\\\/\\\/schema.org\",\"@graph\":[{\"@type\":\"WebPage\",\"@id\":\"https:\\\/\\\/www.bionis.fr\\\/es\\\/produit\\\/sistema-de-documentacion-ccfar-providoc-dd80\\\/\",\"url\":\"https:\\\/\\\/www.bionis.fr\\\/es\\\/produit\\\/sistema-de-documentacion-ccfar-providoc-dd80\\\/\",\"name\":\"Sistema de documentaci\u00f3n CCFAR Providoc\u00a9 DD80 - Bionis\",\"isPartOf\":{\"@id\":\"https:\\\/\\\/www.bionis.fr\\\/#website\"},\"primaryImageOfPage\":{\"@id\":\"https:\\\/\\\/www.bionis.fr\\\/es\\\/produit\\\/sistema-de-documentacion-ccfar-providoc-dd80\\\/#primaryimage\"},\"image\":{\"@id\":\"https:\\\/\\\/www.bionis.fr\\\/es\\\/produit\\\/sistema-de-documentacion-ccfar-providoc-dd80\\\/#primaryimage\"},\"thumbnailUrl\":\"https:\\\/\\\/www.bionis.fr\\\/wp-content\\\/uploads\\\/2024\\\/05\\\/IMG_49553-1.png\",\"datePublished\":\"2023-09-01T08:22:39+00:00\",\"dateModified\":\"2024-03-28T16:11:51+00:00\",\"description\":\"Sistema de documentaci\u00f3n CCFAR Providoc\u00a9 DD80. la oportunidad de grabar im\u00e1genes bajo luz blanca, sino tambi\u00e9n bajo luz ultravioleta.\",\"breadcrumb\":{\"@id\":\"https:\\\/\\\/www.bionis.fr\\\/es\\\/produit\\\/sistema-de-documentacion-ccfar-providoc-dd80\\\/#breadcrumb\"},\"inLanguage\":\"es\",\"potentialAction\":[{\"@type\":\"ReadAction\",\"target\":[\"https:\\\/\\\/www.bionis.fr\\\/es\\\/produit\\\/sistema-de-documentacion-ccfar-providoc-dd80\\\/\"]}]},{\"@type\":\"ImageObject\",\"inLanguage\":\"es\",\"@id\":\"https:\\\/\\\/www.bionis.fr\\\/es\\\/produit\\\/sistema-de-documentacion-ccfar-providoc-dd80\\\/#primaryimage\",\"url\":\"https:\\\/\\\/www.bionis.fr\\\/wp-content\\\/uploads\\\/2024\\\/05\\\/IMG_49553-1.png\",\"contentUrl\":\"https:\\\/\\\/www.bionis.fr\\\/wp-content\\\/uploads\\\/2024\\\/05\\\/IMG_49553-1.png\",\"width\":700,\"height\":700},{\"@type\":\"BreadcrumbList\",\"@id\":\"https:\\\/\\\/www.bionis.fr\\\/es\\\/produit\\\/sistema-de-documentacion-ccfar-providoc-dd80\\\/#breadcrumb\",\"itemListElement\":[{\"@type\":\"ListItem\",\"position\":1,\"name\":\"Accueil\",\"item\":\"https:\\\/\\\/www.bionis.fr\\\/es\\\/\"},{\"@type\":\"ListItem\",\"position\":2,\"name\":\"Productos\",\"item\":\"https:\\\/\\\/www.bionis.fr\\\/es\\\/tienda\\\/\"},{\"@type\":\"ListItem\",\"position\":3,\"name\":\"Sistema de documentaci\u00f3n CCFAR Providoc\u00a9 DD80\"}]},{\"@type\":\"WebSite\",\"@id\":\"https:\\\/\\\/www.bionis.fr\\\/#website\",\"url\":\"https:\\\/\\\/www.bionis.fr\\\/\",\"name\":\"Bionis\",\"description\":\"La soluci\u00f3n de cromatograf\u00eda en capa fina\",\"publisher\":{\"@id\":\"https:\\\/\\\/www.bionis.fr\\\/#organization\"},\"potentialAction\":[{\"@type\":\"SearchAction\",\"target\":{\"@type\":\"EntryPoint\",\"urlTemplate\":\"https:\\\/\\\/www.bionis.fr\\\/?s={search_term_string}\"},\"query-input\":{\"@type\":\"PropertyValueSpecification\",\"valueRequired\":true,\"valueName\":\"search_term_string\"}}],\"inLanguage\":\"es\"},{\"@type\":\"Organization\",\"@id\":\"https:\\\/\\\/www.bionis.fr\\\/#organization\",\"name\":\"Bionis\",\"url\":\"https:\\\/\\\/www.bionis.fr\\\/\",\"logo\":{\"@type\":\"ImageObject\",\"inLanguage\":\"es\",\"@id\":\"https:\\\/\\\/www.bionis.fr\\\/#\\\/schema\\\/logo\\\/image\\\/\",\"url\":\"https:\\\/\\\/www.bionis.fr\\\/wp-content\\\/uploads\\\/2020\\\/07\\\/bionis-logo.png\",\"contentUrl\":\"https:\\\/\\\/www.bionis.fr\\\/wp-content\\\/uploads\\\/2020\\\/07\\\/bionis-logo.png\",\"width\":500,\"height\":125,\"caption\":\"Bionis\"},\"image\":{\"@id\":\"https:\\\/\\\/www.bionis.fr\\\/#\\\/schema\\\/logo\\\/image\\\/\"},\"sameAs\":[\"https:\\\/\\\/www.linkedin.com\\\/company\\\/bionis-sas?originalSubdomain=fr\"]}]}<\/script>\n<!-- \/ Yoast SEO plugin. -->","yoast_head_json":{"title":"Sistema de documentaci\u00f3n CCFAR Providoc\u00a9 DD80 - Bionis","description":"Sistema de documentaci\u00f3n CCFAR Providoc\u00a9 DD80. la oportunidad de grabar im\u00e1genes bajo luz blanca, sino tambi\u00e9n bajo luz ultravioleta.","robots":{"index":"index","follow":"follow","max-snippet":"max-snippet:-1","max-image-preview":"max-image-preview:large","max-video-preview":"max-video-preview:-1"},"canonical":"https:\/\/www.bionis.fr\/es\/produit\/sistema-de-documentacion-ccfar-providoc-dd80\/","og_locale":"es_ES","og_type":"article","og_title":"Sistema de documentaci\u00f3n CCFAR Providoc\u00a9 DD80 - Bionis","og_description":"Sistema de documentaci\u00f3n CCFAR Providoc\u00a9 DD80. la oportunidad de grabar im\u00e1genes bajo luz blanca, sino tambi\u00e9n bajo luz ultravioleta.","og_url":"https:\/\/www.bionis.fr\/es\/produit\/sistema-de-documentacion-ccfar-providoc-dd80\/","og_site_name":"Bionis","article_modified_time":"2024-03-28T16:11:51+00:00","og_image":[{"width":700,"height":700,"url":"https:\/\/www.bionis.fr\/wp-content\/uploads\/2023\/07\/700x700DD80.png","type":"image\/png"}],"twitter_card":"summary_large_image","twitter_misc":{"Tiempo de lectura":"2 minutos"},"schema":{"@context":"https:\/\/schema.org","@graph":[{"@type":"WebPage","@id":"https:\/\/www.bionis.fr\/es\/produit\/sistema-de-documentacion-ccfar-providoc-dd80\/","url":"https:\/\/www.bionis.fr\/es\/produit\/sistema-de-documentacion-ccfar-providoc-dd80\/","name":"Sistema de documentaci\u00f3n CCFAR Providoc\u00a9 DD80 - Bionis","isPartOf":{"@id":"https:\/\/www.bionis.fr\/#website"},"primaryImageOfPage":{"@id":"https:\/\/www.bionis.fr\/es\/produit\/sistema-de-documentacion-ccfar-providoc-dd80\/#primaryimage"},"image":{"@id":"https:\/\/www.bionis.fr\/es\/produit\/sistema-de-documentacion-ccfar-providoc-dd80\/#primaryimage"},"thumbnailUrl":"https:\/\/www.bionis.fr\/wp-content\/uploads\/2024\/05\/IMG_49553-1.png","datePublished":"2023-09-01T08:22:39+00:00","dateModified":"2024-03-28T16:11:51+00:00","description":"Sistema de documentaci\u00f3n CCFAR Providoc\u00a9 DD80. la oportunidad de grabar im\u00e1genes bajo luz blanca, sino tambi\u00e9n bajo luz ultravioleta.","breadcrumb":{"@id":"https:\/\/www.bionis.fr\/es\/produit\/sistema-de-documentacion-ccfar-providoc-dd80\/#breadcrumb"},"inLanguage":"es","potentialAction":[{"@type":"ReadAction","target":["https:\/\/www.bionis.fr\/es\/produit\/sistema-de-documentacion-ccfar-providoc-dd80\/"]}]},{"@type":"ImageObject","inLanguage":"es","@id":"https:\/\/www.bionis.fr\/es\/produit\/sistema-de-documentacion-ccfar-providoc-dd80\/#primaryimage","url":"https:\/\/www.bionis.fr\/wp-content\/uploads\/2024\/05\/IMG_49553-1.png","contentUrl":"https:\/\/www.bionis.fr\/wp-content\/uploads\/2024\/05\/IMG_49553-1.png","width":700,"height":700},{"@type":"BreadcrumbList","@id":"https:\/\/www.bionis.fr\/es\/produit\/sistema-de-documentacion-ccfar-providoc-dd80\/#breadcrumb","itemListElement":[{"@type":"ListItem","position":1,"name":"Accueil","item":"https:\/\/www.bionis.fr\/es\/"},{"@type":"ListItem","position":2,"name":"Productos","item":"https:\/\/www.bionis.fr\/es\/tienda\/"},{"@type":"ListItem","position":3,"name":"Sistema de documentaci\u00f3n CCFAR Providoc\u00a9 DD80"}]},{"@type":"WebSite","@id":"https:\/\/www.bionis.fr\/#website","url":"https:\/\/www.bionis.fr\/","name":"Bionis","description":"La soluci\u00f3n de cromatograf\u00eda en capa fina","publisher":{"@id":"https:\/\/www.bionis.fr\/#organization"},"potentialAction":[{"@type":"SearchAction","target":{"@type":"EntryPoint","urlTemplate":"https:\/\/www.bionis.fr\/?s={search_term_string}"},"query-input":{"@type":"PropertyValueSpecification","valueRequired":true,"valueName":"search_term_string"}}],"inLanguage":"es"},{"@type":"Organization","@id":"https:\/\/www.bionis.fr\/#organization","name":"Bionis","url":"https:\/\/www.bionis.fr\/","logo":{"@type":"ImageObject","inLanguage":"es","@id":"https:\/\/www.bionis.fr\/#\/schema\/logo\/image\/","url":"https:\/\/www.bionis.fr\/wp-content\/uploads\/2020\/07\/bionis-logo.png","contentUrl":"https:\/\/www.bionis.fr\/wp-content\/uploads\/2020\/07\/bionis-logo.png","width":500,"height":125,"caption":"Bionis"},"image":{"@id":"https:\/\/www.bionis.fr\/#\/schema\/logo\/image\/"},"sameAs":["https:\/\/www.linkedin.com\/company\/bionis-sas?originalSubdomain=fr"]}]}},"_links":{"self":[{"href":"https:\/\/www.bionis.fr\/es\/wp-json\/wp\/v2\/product\/5366","targetHints":{"allow":["GET"]}}],"collection":[{"href":"https:\/\/www.bionis.fr\/es\/wp-json\/wp\/v2\/product"}],"about":[{"href":"https:\/\/www.bionis.fr\/es\/wp-json\/wp\/v2\/types\/product"}],"wp:featuredmedia":[{"embeddable":true,"href":"https:\/\/www.bionis.fr\/es\/wp-json\/wp\/v2\/media\/7228"}],"wp:attachment":[{"href":"https:\/\/www.bionis.fr\/es\/wp-json\/wp\/v2\/media?parent=5366"}],"wp:term":[{"taxonomy":"product_brand","embeddable":true,"href":"https:\/\/www.bionis.fr\/es\/wp-json\/wp\/v2\/product_brand?post=5366"},{"taxonomy":"product_cat","embeddable":true,"href":"https:\/\/www.bionis.fr\/es\/wp-json\/wp\/v2\/product_cat?post=5366"},{"taxonomy":"product_tag","embeddable":true,"href":"https:\/\/www.bionis.fr\/es\/wp-json\/wp\/v2\/product_tag?post=5366"}],"curies":[{"name":"wp","href":"https:\/\/api.w.org\/{rel}","templated":true}]}}