{"id":5377,"date":"2022-01-27T16:27:48","date_gmt":"2022-01-27T15:27:48","guid":{"rendered":"https:\/\/www.bionis.fr\/produit\/xu058-estufa-de-secado-universal-58l\/"},"modified":"2023-09-10T09:51:13","modified_gmt":"2023-09-10T07:51:13","slug":"horno-de-secado-universal-xu058","status":"publish","type":"product","link":"https:\/\/www.bionis.fr\/es\/produit\/horno-de-secado-universal-xu058\/","title":{"rendered":"XU058 horno de secado universal (58L)"},"content":{"rendered":"<p>El horno de secado universal XU058 se utiliza especialmente :<\/p>\n<ul>\n<li>secar las placas de CCF antes de aplicar las muestras,<\/li>\n<li>para evaporar la fase m\u00f3vil de las placas de CCF despu\u00e9s del revelado antes del an\u00e1lisis,<\/li>\n<li>para eliminar el exceso de agua de las placas de CCF, despu\u00e9s de lavarlas con \u00e1cido y aclararlas con agua destilada.<\/li>\n<\/ul>\n<p><strong>Especificaciones t\u00e9cnicas:<\/strong><\/p>\n<p>Volumen de la c\u00e1mara: 58 litros<\/p>\n<p>Potencia: 100 \/ 110V, 220 \/ 240V, 50 \/ 60Hz, 1000W<\/p>\n<p>Dimensiones exteriores: 564 (ancho) x 656 (alto) x 712 (fondo) mm<\/p>\n<p>Dimensiones interiores: 400 (ancho) x 360 (alto) x 400 (fondo) mm<\/p>\n<p>Rango de control de temperatura: Ambiente ~ 300\u00b0C<\/p>\n<p>Precisi\u00f3n de temperatura: =\/- &lt;0,2 \u00b0 C<\/p>\n<p>N\u00famero m\u00e1ximo de estantes: 6<\/p>\n<p>N\u00famero de ventiladores: 1<\/p>\n<p>Peso neto: 50 kg<\/p>\n","protected":false},"excerpt":{"rendered":"<p><strong>Referencia: FEXU058<\/strong><\/p>\n<p>El horno de secado universal XU058 es adecuado para todas las aplicaciones de secado, calentamiento, conservaci\u00f3n del calor, esterilizaci\u00f3n, envejecimiento de componentes, curado o cualquier otra prueba t\u00e9rmica&#8230; en laboratorios y en todos los sectores de la industria.<\/p>\n","protected":false},"featured_media":4925,"template":"","meta":[],"product_brand":[],"product_cat":[181],"product_tag":[],"class_list":{"0":"post-5377","1":"product","2":"type-product","3":"status-publish","4":"has-post-thumbnail","6":"product_cat-hornos-de-secado","8":"first","9":"instock","10":"taxable","11":"shipping-taxable","12":"product-type-simple"},"yoast_head":"<!-- This site is optimized with the Yoast SEO plugin v27.4 - https:\/\/yoast.com\/product\/yoast-seo-wordpress\/ -->\n<title>Horno de secado universal XU058 (58L)<\/title>\n<meta name=\"description\" content=\"El horno de secado universal XU032 es adecuado para todas las aplicaciones de secado, calentamiento y conservaci\u00f3n del calor.\" \/>\n<meta name=\"robots\" content=\"index, follow, max-snippet:-1, max-image-preview:large, max-video-preview:-1\" \/>\n<link rel=\"canonical\" href=\"https:\/\/www.bionis.fr\/es\/produit\/horno-de-secado-universal-xu058\/\" \/>\n<meta property=\"og:locale\" content=\"es_ES\" \/>\n<meta property=\"og:type\" content=\"article\" \/>\n<meta property=\"og:title\" content=\"Horno de secado universal XU058 (58L)\" \/>\n<meta property=\"og:description\" content=\"El horno de secado universal XU032 es adecuado para todas las aplicaciones de secado, calentamiento y conservaci\u00f3n del calor.\" \/>\n<meta property=\"og:url\" content=\"https:\/\/www.bionis.fr\/es\/produit\/horno-de-secado-universal-xu058\/\" \/>\n<meta property=\"og:site_name\" content=\"Bionis\" \/>\n<meta property=\"article:modified_time\" content=\"2023-09-10T07:51:13+00:00\" \/>\n<meta property=\"og:image\" content=\"https:\/\/www.bionis.fr\/wp-content\/uploads\/2022\/01\/XB058.png\" \/>\n\t<meta property=\"og:image:width\" content=\"734\" \/>\n\t<meta property=\"og:image:height\" content=\"700\" \/>\n\t<meta property=\"og:image:type\" content=\"image\/png\" \/>\n<meta name=\"twitter:card\" content=\"summary_large_image\" \/>\n<meta name=\"twitter:label1\" content=\"Tiempo de lectura\" \/>\n\t<meta name=\"twitter:data1\" content=\"1 minuto\" \/>\n<script type=\"application\/ld+json\" class=\"yoast-schema-graph\">{\"@context\":\"https:\\\/\\\/schema.org\",\"@graph\":[{\"@type\":\"WebPage\",\"@id\":\"https:\\\/\\\/www.bionis.fr\\\/es\\\/produit\\\/horno-de-secado-universal-xu058\\\/\",\"url\":\"https:\\\/\\\/www.bionis.fr\\\/es\\\/produit\\\/horno-de-secado-universal-xu058\\\/\",\"name\":\"Horno de secado universal XU058 (58L)\",\"isPartOf\":{\"@id\":\"https:\\\/\\\/www.bionis.fr\\\/#website\"},\"primaryImageOfPage\":{\"@id\":\"https:\\\/\\\/www.bionis.fr\\\/es\\\/produit\\\/horno-de-secado-universal-xu058\\\/#primaryimage\"},\"image\":{\"@id\":\"https:\\\/\\\/www.bionis.fr\\\/es\\\/produit\\\/horno-de-secado-universal-xu058\\\/#primaryimage\"},\"thumbnailUrl\":\"https:\\\/\\\/www.bionis.fr\\\/wp-content\\\/uploads\\\/2022\\\/01\\\/XB058.png\",\"datePublished\":\"2022-01-27T15:27:48+00:00\",\"dateModified\":\"2023-09-10T07:51:13+00:00\",\"description\":\"El horno de secado universal XU032 es adecuado para todas las aplicaciones de secado, calentamiento y conservaci\u00f3n del calor.\",\"breadcrumb\":{\"@id\":\"https:\\\/\\\/www.bionis.fr\\\/es\\\/produit\\\/horno-de-secado-universal-xu058\\\/#breadcrumb\"},\"inLanguage\":\"es\",\"potentialAction\":[{\"@type\":\"ReadAction\",\"target\":[\"https:\\\/\\\/www.bionis.fr\\\/es\\\/produit\\\/horno-de-secado-universal-xu058\\\/\"]}]},{\"@type\":\"ImageObject\",\"inLanguage\":\"es\",\"@id\":\"https:\\\/\\\/www.bionis.fr\\\/es\\\/produit\\\/horno-de-secado-universal-xu058\\\/#primaryimage\",\"url\":\"https:\\\/\\\/www.bionis.fr\\\/wp-content\\\/uploads\\\/2022\\\/01\\\/XB058.png\",\"contentUrl\":\"https:\\\/\\\/www.bionis.fr\\\/wp-content\\\/uploads\\\/2022\\\/01\\\/XB058.png\",\"width\":734,\"height\":700},{\"@type\":\"BreadcrumbList\",\"@id\":\"https:\\\/\\\/www.bionis.fr\\\/es\\\/produit\\\/horno-de-secado-universal-xu058\\\/#breadcrumb\",\"itemListElement\":[{\"@type\":\"ListItem\",\"position\":1,\"name\":\"Accueil\",\"item\":\"https:\\\/\\\/www.bionis.fr\\\/es\\\/\"},{\"@type\":\"ListItem\",\"position\":2,\"name\":\"Productos\",\"item\":\"https:\\\/\\\/www.bionis.fr\\\/es\\\/tienda\\\/\"},{\"@type\":\"ListItem\",\"position\":3,\"name\":\"XU058 horno de secado universal (58L)\"}]},{\"@type\":\"WebSite\",\"@id\":\"https:\\\/\\\/www.bionis.fr\\\/#website\",\"url\":\"https:\\\/\\\/www.bionis.fr\\\/\",\"name\":\"Bionis\",\"description\":\"La soluci\u00f3n de cromatograf\u00eda en capa fina\",\"publisher\":{\"@id\":\"https:\\\/\\\/www.bionis.fr\\\/#organization\"},\"potentialAction\":[{\"@type\":\"SearchAction\",\"target\":{\"@type\":\"EntryPoint\",\"urlTemplate\":\"https:\\\/\\\/www.bionis.fr\\\/?s={search_term_string}\"},\"query-input\":{\"@type\":\"PropertyValueSpecification\",\"valueRequired\":true,\"valueName\":\"search_term_string\"}}],\"inLanguage\":\"es\"},{\"@type\":\"Organization\",\"@id\":\"https:\\\/\\\/www.bionis.fr\\\/#organization\",\"name\":\"Bionis\",\"url\":\"https:\\\/\\\/www.bionis.fr\\\/\",\"logo\":{\"@type\":\"ImageObject\",\"inLanguage\":\"es\",\"@id\":\"https:\\\/\\\/www.bionis.fr\\\/#\\\/schema\\\/logo\\\/image\\\/\",\"url\":\"https:\\\/\\\/www.bionis.fr\\\/wp-content\\\/uploads\\\/2020\\\/07\\\/bionis-logo.png\",\"contentUrl\":\"https:\\\/\\\/www.bionis.fr\\\/wp-content\\\/uploads\\\/2020\\\/07\\\/bionis-logo.png\",\"width\":500,\"height\":125,\"caption\":\"Bionis\"},\"image\":{\"@id\":\"https:\\\/\\\/www.bionis.fr\\\/#\\\/schema\\\/logo\\\/image\\\/\"},\"sameAs\":[\"https:\\\/\\\/www.linkedin.com\\\/company\\\/bionis-sas?originalSubdomain=fr\"]}]}<\/script>\n<!-- \/ Yoast SEO plugin. -->","yoast_head_json":{"title":"Horno de secado universal XU058 (58L)","description":"El horno de secado universal XU032 es adecuado para todas las aplicaciones de secado, calentamiento y conservaci\u00f3n del calor.","robots":{"index":"index","follow":"follow","max-snippet":"max-snippet:-1","max-image-preview":"max-image-preview:large","max-video-preview":"max-video-preview:-1"},"canonical":"https:\/\/www.bionis.fr\/es\/produit\/horno-de-secado-universal-xu058\/","og_locale":"es_ES","og_type":"article","og_title":"Horno de secado universal XU058 (58L)","og_description":"El horno de secado universal XU032 es adecuado para todas las aplicaciones de secado, calentamiento y conservaci\u00f3n del calor.","og_url":"https:\/\/www.bionis.fr\/es\/produit\/horno-de-secado-universal-xu058\/","og_site_name":"Bionis","article_modified_time":"2023-09-10T07:51:13+00:00","og_image":[{"width":734,"height":700,"url":"https:\/\/www.bionis.fr\/wp-content\/uploads\/2022\/01\/XB058.png","type":"image\/png"}],"twitter_card":"summary_large_image","twitter_misc":{"Tiempo de lectura":"1 minuto"},"schema":{"@context":"https:\/\/schema.org","@graph":[{"@type":"WebPage","@id":"https:\/\/www.bionis.fr\/es\/produit\/horno-de-secado-universal-xu058\/","url":"https:\/\/www.bionis.fr\/es\/produit\/horno-de-secado-universal-xu058\/","name":"Horno de secado universal XU058 (58L)","isPartOf":{"@id":"https:\/\/www.bionis.fr\/#website"},"primaryImageOfPage":{"@id":"https:\/\/www.bionis.fr\/es\/produit\/horno-de-secado-universal-xu058\/#primaryimage"},"image":{"@id":"https:\/\/www.bionis.fr\/es\/produit\/horno-de-secado-universal-xu058\/#primaryimage"},"thumbnailUrl":"https:\/\/www.bionis.fr\/wp-content\/uploads\/2022\/01\/XB058.png","datePublished":"2022-01-27T15:27:48+00:00","dateModified":"2023-09-10T07:51:13+00:00","description":"El horno de secado universal XU032 es adecuado para todas las aplicaciones de secado, calentamiento y conservaci\u00f3n del calor.","breadcrumb":{"@id":"https:\/\/www.bionis.fr\/es\/produit\/horno-de-secado-universal-xu058\/#breadcrumb"},"inLanguage":"es","potentialAction":[{"@type":"ReadAction","target":["https:\/\/www.bionis.fr\/es\/produit\/horno-de-secado-universal-xu058\/"]}]},{"@type":"ImageObject","inLanguage":"es","@id":"https:\/\/www.bionis.fr\/es\/produit\/horno-de-secado-universal-xu058\/#primaryimage","url":"https:\/\/www.bionis.fr\/wp-content\/uploads\/2022\/01\/XB058.png","contentUrl":"https:\/\/www.bionis.fr\/wp-content\/uploads\/2022\/01\/XB058.png","width":734,"height":700},{"@type":"BreadcrumbList","@id":"https:\/\/www.bionis.fr\/es\/produit\/horno-de-secado-universal-xu058\/#breadcrumb","itemListElement":[{"@type":"ListItem","position":1,"name":"Accueil","item":"https:\/\/www.bionis.fr\/es\/"},{"@type":"ListItem","position":2,"name":"Productos","item":"https:\/\/www.bionis.fr\/es\/tienda\/"},{"@type":"ListItem","position":3,"name":"XU058 horno de secado universal (58L)"}]},{"@type":"WebSite","@id":"https:\/\/www.bionis.fr\/#website","url":"https:\/\/www.bionis.fr\/","name":"Bionis","description":"La soluci\u00f3n de cromatograf\u00eda en capa fina","publisher":{"@id":"https:\/\/www.bionis.fr\/#organization"},"potentialAction":[{"@type":"SearchAction","target":{"@type":"EntryPoint","urlTemplate":"https:\/\/www.bionis.fr\/?s={search_term_string}"},"query-input":{"@type":"PropertyValueSpecification","valueRequired":true,"valueName":"search_term_string"}}],"inLanguage":"es"},{"@type":"Organization","@id":"https:\/\/www.bionis.fr\/#organization","name":"Bionis","url":"https:\/\/www.bionis.fr\/","logo":{"@type":"ImageObject","inLanguage":"es","@id":"https:\/\/www.bionis.fr\/#\/schema\/logo\/image\/","url":"https:\/\/www.bionis.fr\/wp-content\/uploads\/2020\/07\/bionis-logo.png","contentUrl":"https:\/\/www.bionis.fr\/wp-content\/uploads\/2020\/07\/bionis-logo.png","width":500,"height":125,"caption":"Bionis"},"image":{"@id":"https:\/\/www.bionis.fr\/#\/schema\/logo\/image\/"},"sameAs":["https:\/\/www.linkedin.com\/company\/bionis-sas?originalSubdomain=fr"]}]}},"_links":{"self":[{"href":"https:\/\/www.bionis.fr\/es\/wp-json\/wp\/v2\/product\/5377","targetHints":{"allow":["GET"]}}],"collection":[{"href":"https:\/\/www.bionis.fr\/es\/wp-json\/wp\/v2\/product"}],"about":[{"href":"https:\/\/www.bionis.fr\/es\/wp-json\/wp\/v2\/types\/product"}],"wp:featuredmedia":[{"embeddable":true,"href":"https:\/\/www.bionis.fr\/es\/wp-json\/wp\/v2\/media\/4925"}],"wp:attachment":[{"href":"https:\/\/www.bionis.fr\/es\/wp-json\/wp\/v2\/media?parent=5377"}],"wp:term":[{"taxonomy":"product_brand","embeddable":true,"href":"https:\/\/www.bionis.fr\/es\/wp-json\/wp\/v2\/product_brand?post=5377"},{"taxonomy":"product_cat","embeddable":true,"href":"https:\/\/www.bionis.fr\/es\/wp-json\/wp\/v2\/product_cat?post=5377"},{"taxonomy":"product_tag","embeddable":true,"href":"https:\/\/www.bionis.fr\/es\/wp-json\/wp\/v2\/product_tag?post=5377"}],"curies":[{"name":"wp","href":"https:\/\/api.w.org\/{rel}","templated":true}]}}