{"id":5379,"date":"2022-12-13T14:17:42","date_gmt":"2022-12-13T13:17:42","guid":{"rendered":"https:\/\/www.bionis.fr\/produit\/tlc-hptlc-visor-de-3-lamparas-uv254-312-365nm\/"},"modified":"2023-11-07T14:14:16","modified_gmt":"2023-11-07T13:14:16","slug":"ccf-ccfar-visor-blue-box","status":"publish","type":"product","link":"https:\/\/www.bionis.fr\/es\/produit\/ccf-ccfar-visor-blue-box\/","title":{"rendered":"CCF\/CCFAR Visor Blue Box UV254\/365nm"},"content":{"rendered":"<p>Es fiable y lo utilizan muchos clientes. Se utiliza principalmente para la investigaci\u00f3n cient\u00edfica, la producci\u00f3n y otros campos de uso como la bioqu\u00edmica, la medicina, muestras de ADN, an\u00e1lisis de observaci\u00f3n de gel de electroforesis de ARN, prote\u00ednas, detecci\u00f3n de nucle\u00f3tidos, etc.<\/p>\n<p>Equipo ideal para una excelente observaci\u00f3n de las placas de CCF bajo <strong>UV 254 y 366 nm<\/strong> en un cuarto oscuro.<\/p>\n<p>El Visor CCF\/CCFAR Blue Box presenta las siguientes caracter\u00edsticas:<\/p>\n<p>Ventana de observaci\u00f3n con <strong>filtro<\/strong> protector.<\/p>\n<p>En caso necesario, una de las l\u00e1mparas puede sustituirse por una l\u00e1mpara <strong>de luz blanca <\/strong>.<\/p>\n<p>Compuestos no fluorescentes retenidos por un <strong>filtro selectivo<\/strong>.<\/p>\n<p>Portilla de cristal de poliacrilato<\/p>\n<p>Ventana lateral para trabajar en placas CCF y preparatorias, incluso con l\u00e1mparas de aluminio.<\/p>\n<p>Posibilidad de instalar una c\u00e1mara<\/p>\n<p><strong>Especificaciones t\u00e9cnicas<\/strong><strong> del Visor CCF\/CCFAR Blue Box :<\/strong><\/p>\n<p>\u00c1rea de detecci\u00f3n: 200 x 200 mm<\/p>\n<p>Potencia de la l\u00e1mpara: 8 x 6W<\/p>\n<p>Dimensiones de la ventanilla (ancho x alto): 140 x 60 mm<\/p>\n<p>Dimensiones (prof. x alt. x anch.): 350 x 315 x 520 mm<\/p>\n<p>Peso: 13 kg<\/p>\n","protected":false},"excerpt":{"rendered":"<p><strong>N\u00famero de cat\u00e1logo: BS131.100<\/strong><\/p>\n<p>El Visor CCF\/CCFARBlue Box es un analizador UV de c\u00e1mara opaca. Facilita enormemente la iluminaci\u00f3n de placas de CCF y geles de electroforesis bajo luz UV de onda corta y larga con alta intensidad UV, con la garant\u00eda de una buena estabilidad.<\/p>\n","protected":false},"featured_media":5066,"template":"","meta":[],"product_brand":[],"product_cat":[183],"product_tag":[],"class_list":{"0":"post-5379","1":"product","2":"type-product","3":"status-publish","4":"has-post-thumbnail","6":"product_cat-visualizacion-de-las-placas-ccf","8":"first","9":"instock","10":"taxable","11":"shipping-taxable","12":"product-type-simple"},"yoast_head":"<!-- This site is optimized with the Yoast SEO plugin v27.6 - https:\/\/yoast.com\/product\/yoast-seo-wordpress\/ -->\n<title>CCF\/CCFAR Visor Blue Box UV254\/365nm - Bionis<\/title>\n<meta name=\"description\" content=\"CCF\/CCFAR Visor Blue Box ideal para una excelente observaci\u00f3n a UV 254, 312 y 366 nm en una sala oscura.\" \/>\n<meta name=\"robots\" content=\"index, follow, max-snippet:-1, max-image-preview:large, max-video-preview:-1\" \/>\n<link rel=\"canonical\" href=\"https:\/\/www.bionis.fr\/es\/produit\/ccf-ccfar-visor-blue-box\/\" \/>\n<meta property=\"og:locale\" content=\"es_ES\" \/>\n<meta property=\"og:type\" content=\"article\" \/>\n<meta property=\"og:title\" content=\"CCF\/CCFAR Visor Blue Box UV254\/365nm - Bionis\" \/>\n<meta property=\"og:description\" content=\"CCF\/CCFAR Visor Blue Box ideal para una excelente observaci\u00f3n a UV 254, 312 y 366 nm en una sala oscura.\" \/>\n<meta property=\"og:url\" content=\"https:\/\/www.bionis.fr\/es\/produit\/ccf-ccfar-visor-blue-box\/\" \/>\n<meta property=\"og:site_name\" content=\"Bionis\" \/>\n<meta property=\"article:modified_time\" content=\"2023-11-07T13:14:16+00:00\" \/>\n<meta property=\"og:image\" content=\"https:\/\/www.bionis.fr\/wp-content\/uploads\/2022\/12\/700x700BTU-6.png\" \/>\n\t<meta property=\"og:image:width\" content=\"700\" \/>\n\t<meta property=\"og:image:height\" content=\"700\" \/>\n\t<meta property=\"og:image:type\" content=\"image\/png\" \/>\n<meta name=\"twitter:card\" content=\"summary_large_image\" \/>\n<meta name=\"twitter:label1\" content=\"Tiempo de lectura\" \/>\n\t<meta name=\"twitter:data1\" content=\"1 minuto\" \/>\n<script type=\"application\/ld+json\" class=\"yoast-schema-graph\">{\"@context\":\"https:\\\/\\\/schema.org\",\"@graph\":[{\"@type\":\"WebPage\",\"@id\":\"https:\\\/\\\/www.bionis.fr\\\/es\\\/produit\\\/ccf-ccfar-visor-blue-box\\\/\",\"url\":\"https:\\\/\\\/www.bionis.fr\\\/es\\\/produit\\\/ccf-ccfar-visor-blue-box\\\/\",\"name\":\"CCF\\\/CCFAR Visor Blue Box UV254\\\/365nm - Bionis\",\"isPartOf\":{\"@id\":\"https:\\\/\\\/www.bionis.fr\\\/#website\"},\"primaryImageOfPage\":{\"@id\":\"https:\\\/\\\/www.bionis.fr\\\/es\\\/produit\\\/ccf-ccfar-visor-blue-box\\\/#primaryimage\"},\"image\":{\"@id\":\"https:\\\/\\\/www.bionis.fr\\\/es\\\/produit\\\/ccf-ccfar-visor-blue-box\\\/#primaryimage\"},\"thumbnailUrl\":\"https:\\\/\\\/www.bionis.fr\\\/wp-content\\\/uploads\\\/2022\\\/12\\\/700x700BTU-6.png\",\"datePublished\":\"2022-12-13T13:17:42+00:00\",\"dateModified\":\"2023-11-07T13:14:16+00:00\",\"description\":\"CCF\\\/CCFAR Visor Blue Box ideal para una excelente observaci\u00f3n a UV 254, 312 y 366 nm en una sala oscura.\",\"breadcrumb\":{\"@id\":\"https:\\\/\\\/www.bionis.fr\\\/es\\\/produit\\\/ccf-ccfar-visor-blue-box\\\/#breadcrumb\"},\"inLanguage\":\"es\",\"potentialAction\":[{\"@type\":\"ReadAction\",\"target\":[\"https:\\\/\\\/www.bionis.fr\\\/es\\\/produit\\\/ccf-ccfar-visor-blue-box\\\/\"]}]},{\"@type\":\"ImageObject\",\"inLanguage\":\"es\",\"@id\":\"https:\\\/\\\/www.bionis.fr\\\/es\\\/produit\\\/ccf-ccfar-visor-blue-box\\\/#primaryimage\",\"url\":\"https:\\\/\\\/www.bionis.fr\\\/wp-content\\\/uploads\\\/2022\\\/12\\\/700x700BTU-6.png\",\"contentUrl\":\"https:\\\/\\\/www.bionis.fr\\\/wp-content\\\/uploads\\\/2022\\\/12\\\/700x700BTU-6.png\",\"width\":700,\"height\":700,\"caption\":\"Cabina de visualizaci\u00f3n de placas CCF\"},{\"@type\":\"BreadcrumbList\",\"@id\":\"https:\\\/\\\/www.bionis.fr\\\/es\\\/produit\\\/ccf-ccfar-visor-blue-box\\\/#breadcrumb\",\"itemListElement\":[{\"@type\":\"ListItem\",\"position\":1,\"name\":\"Accueil\",\"item\":\"https:\\\/\\\/www.bionis.fr\\\/es\\\/\"},{\"@type\":\"ListItem\",\"position\":2,\"name\":\"Productos\",\"item\":\"https:\\\/\\\/www.bionis.fr\\\/es\\\/tienda\\\/\"},{\"@type\":\"ListItem\",\"position\":3,\"name\":\"CCF\\\/CCFAR Visor Blue Box UV254\\\/365nm\"}]},{\"@type\":\"WebSite\",\"@id\":\"https:\\\/\\\/www.bionis.fr\\\/#website\",\"url\":\"https:\\\/\\\/www.bionis.fr\\\/\",\"name\":\"Bionis\",\"description\":\"La soluci\u00f3n de cromatograf\u00eda en capa fina\",\"publisher\":{\"@id\":\"https:\\\/\\\/www.bionis.fr\\\/#organization\"},\"potentialAction\":[{\"@type\":\"SearchAction\",\"target\":{\"@type\":\"EntryPoint\",\"urlTemplate\":\"https:\\\/\\\/www.bionis.fr\\\/?s={search_term_string}\"},\"query-input\":{\"@type\":\"PropertyValueSpecification\",\"valueRequired\":true,\"valueName\":\"search_term_string\"}}],\"inLanguage\":\"es\"},{\"@type\":\"Organization\",\"@id\":\"https:\\\/\\\/www.bionis.fr\\\/#organization\",\"name\":\"Bionis\",\"url\":\"https:\\\/\\\/www.bionis.fr\\\/\",\"logo\":{\"@type\":\"ImageObject\",\"inLanguage\":\"es\",\"@id\":\"https:\\\/\\\/www.bionis.fr\\\/#\\\/schema\\\/logo\\\/image\\\/\",\"url\":\"https:\\\/\\\/www.bionis.fr\\\/wp-content\\\/uploads\\\/2020\\\/07\\\/bionis-logo.png\",\"contentUrl\":\"https:\\\/\\\/www.bionis.fr\\\/wp-content\\\/uploads\\\/2020\\\/07\\\/bionis-logo.png\",\"width\":500,\"height\":125,\"caption\":\"Bionis\"},\"image\":{\"@id\":\"https:\\\/\\\/www.bionis.fr\\\/#\\\/schema\\\/logo\\\/image\\\/\"},\"sameAs\":[\"https:\\\/\\\/www.linkedin.com\\\/company\\\/bionis-sas?originalSubdomain=fr\"]}]}<\/script>\n<!-- \/ Yoast SEO plugin. -->","yoast_head_json":{"title":"CCF\/CCFAR Visor Blue Box UV254\/365nm - Bionis","description":"CCF\/CCFAR Visor Blue Box ideal para una excelente observaci\u00f3n a UV 254, 312 y 366 nm en una sala oscura.","robots":{"index":"index","follow":"follow","max-snippet":"max-snippet:-1","max-image-preview":"max-image-preview:large","max-video-preview":"max-video-preview:-1"},"canonical":"https:\/\/www.bionis.fr\/es\/produit\/ccf-ccfar-visor-blue-box\/","og_locale":"es_ES","og_type":"article","og_title":"CCF\/CCFAR Visor Blue Box UV254\/365nm - Bionis","og_description":"CCF\/CCFAR Visor Blue Box ideal para una excelente observaci\u00f3n a UV 254, 312 y 366 nm en una sala oscura.","og_url":"https:\/\/www.bionis.fr\/es\/produit\/ccf-ccfar-visor-blue-box\/","og_site_name":"Bionis","article_modified_time":"2023-11-07T13:14:16+00:00","og_image":[{"width":700,"height":700,"url":"https:\/\/www.bionis.fr\/wp-content\/uploads\/2022\/12\/700x700BTU-6.png","type":"image\/png"}],"twitter_card":"summary_large_image","twitter_misc":{"Tiempo de lectura":"1 minuto"},"schema":{"@context":"https:\/\/schema.org","@graph":[{"@type":"WebPage","@id":"https:\/\/www.bionis.fr\/es\/produit\/ccf-ccfar-visor-blue-box\/","url":"https:\/\/www.bionis.fr\/es\/produit\/ccf-ccfar-visor-blue-box\/","name":"CCF\/CCFAR Visor Blue Box UV254\/365nm - Bionis","isPartOf":{"@id":"https:\/\/www.bionis.fr\/#website"},"primaryImageOfPage":{"@id":"https:\/\/www.bionis.fr\/es\/produit\/ccf-ccfar-visor-blue-box\/#primaryimage"},"image":{"@id":"https:\/\/www.bionis.fr\/es\/produit\/ccf-ccfar-visor-blue-box\/#primaryimage"},"thumbnailUrl":"https:\/\/www.bionis.fr\/wp-content\/uploads\/2022\/12\/700x700BTU-6.png","datePublished":"2022-12-13T13:17:42+00:00","dateModified":"2023-11-07T13:14:16+00:00","description":"CCF\/CCFAR Visor Blue Box ideal para una excelente observaci\u00f3n a UV 254, 312 y 366 nm en una sala oscura.","breadcrumb":{"@id":"https:\/\/www.bionis.fr\/es\/produit\/ccf-ccfar-visor-blue-box\/#breadcrumb"},"inLanguage":"es","potentialAction":[{"@type":"ReadAction","target":["https:\/\/www.bionis.fr\/es\/produit\/ccf-ccfar-visor-blue-box\/"]}]},{"@type":"ImageObject","inLanguage":"es","@id":"https:\/\/www.bionis.fr\/es\/produit\/ccf-ccfar-visor-blue-box\/#primaryimage","url":"https:\/\/www.bionis.fr\/wp-content\/uploads\/2022\/12\/700x700BTU-6.png","contentUrl":"https:\/\/www.bionis.fr\/wp-content\/uploads\/2022\/12\/700x700BTU-6.png","width":700,"height":700,"caption":"Cabina de visualizaci\u00f3n de placas CCF"},{"@type":"BreadcrumbList","@id":"https:\/\/www.bionis.fr\/es\/produit\/ccf-ccfar-visor-blue-box\/#breadcrumb","itemListElement":[{"@type":"ListItem","position":1,"name":"Accueil","item":"https:\/\/www.bionis.fr\/es\/"},{"@type":"ListItem","position":2,"name":"Productos","item":"https:\/\/www.bionis.fr\/es\/tienda\/"},{"@type":"ListItem","position":3,"name":"CCF\/CCFAR Visor Blue Box UV254\/365nm"}]},{"@type":"WebSite","@id":"https:\/\/www.bionis.fr\/#website","url":"https:\/\/www.bionis.fr\/","name":"Bionis","description":"La soluci\u00f3n de cromatograf\u00eda en capa fina","publisher":{"@id":"https:\/\/www.bionis.fr\/#organization"},"potentialAction":[{"@type":"SearchAction","target":{"@type":"EntryPoint","urlTemplate":"https:\/\/www.bionis.fr\/?s={search_term_string}"},"query-input":{"@type":"PropertyValueSpecification","valueRequired":true,"valueName":"search_term_string"}}],"inLanguage":"es"},{"@type":"Organization","@id":"https:\/\/www.bionis.fr\/#organization","name":"Bionis","url":"https:\/\/www.bionis.fr\/","logo":{"@type":"ImageObject","inLanguage":"es","@id":"https:\/\/www.bionis.fr\/#\/schema\/logo\/image\/","url":"https:\/\/www.bionis.fr\/wp-content\/uploads\/2020\/07\/bionis-logo.png","contentUrl":"https:\/\/www.bionis.fr\/wp-content\/uploads\/2020\/07\/bionis-logo.png","width":500,"height":125,"caption":"Bionis"},"image":{"@id":"https:\/\/www.bionis.fr\/#\/schema\/logo\/image\/"},"sameAs":["https:\/\/www.linkedin.com\/company\/bionis-sas?originalSubdomain=fr"]}]}},"_links":{"self":[{"href":"https:\/\/www.bionis.fr\/es\/wp-json\/wp\/v2\/product\/5379","targetHints":{"allow":["GET"]}}],"collection":[{"href":"https:\/\/www.bionis.fr\/es\/wp-json\/wp\/v2\/product"}],"about":[{"href":"https:\/\/www.bionis.fr\/es\/wp-json\/wp\/v2\/types\/product"}],"wp:featuredmedia":[{"embeddable":true,"href":"https:\/\/www.bionis.fr\/es\/wp-json\/wp\/v2\/media\/5066"}],"wp:attachment":[{"href":"https:\/\/www.bionis.fr\/es\/wp-json\/wp\/v2\/media?parent=5379"}],"wp:term":[{"taxonomy":"product_brand","embeddable":true,"href":"https:\/\/www.bionis.fr\/es\/wp-json\/wp\/v2\/product_brand?post=5379"},{"taxonomy":"product_cat","embeddable":true,"href":"https:\/\/www.bionis.fr\/es\/wp-json\/wp\/v2\/product_cat?post=5379"},{"taxonomy":"product_tag","embeddable":true,"href":"https:\/\/www.bionis.fr\/es\/wp-json\/wp\/v2\/product_tag?post=5379"}],"curies":[{"name":"wp","href":"https:\/\/api.w.org\/{rel}","templated":true}]}}