{"id":5397,"date":"2020-12-22T10:17:47","date_gmt":"2020-12-22T09:17:47","guid":{"rendered":"https:\/\/www.bionis.fr\/produit\/papel-de-aluminio-tlc-eco-sil-60-100x200mm-uv254nm\/"},"modified":"2023-09-10T08:08:18","modified_gmt":"2023-09-10T06:08:18","slug":"hoja-de-aluminio-ccf-eco-sil-60-100x200mm-uv254nm","status":"publish","type":"product","link":"https:\/\/www.bionis.fr\/es\/produit\/hoja-de-aluminio-ccf-eco-sil-60-100x200mm-uv254nm\/","title":{"rendered":"Hoja de aluminio TLC-Eco, SIL 60 100x200mm &#8211; UV254nm"},"content":{"rendered":"<p><strong>Especificaciones t\u00e9cnicas :<\/strong><\/p>\n<p>Fase normal<\/p>\n<p>Grosor de la capa: 0,15-0,2 mm<\/p>\n<p>Tama\u00f1o de las part\u00edculas: 5 &#8211; 8\u00b5m<\/p>\n<p>Estabilidad del PH: 6,2 &#8211; 6,8<\/p>\n<p>Tama\u00f1o de poro: 60 A<\/p>\n<p>Calidad est\u00e1ndar<\/p>\n<p>Con indicador UV254nm<\/p>\n","protected":false},"excerpt":{"rendered":"<p><strong>Referencia: BS123.300<\/strong><\/p>\n<p>1 paquete de 20 unidades<\/p>\n<p>Hojas de aluminio de 10&#215;20 cm recubiertas con una fase de s\u00edlice de gran pureza para mediciones anal\u00edticas de ccm.<\/p>\n<p>Se utiliza en farmacia, cosm\u00e9tica, qu\u00edmica, bioqu\u00edmica, seguridad medioambiental, plantas, medicina forense e I+D.<\/p>\n","protected":false},"featured_media":4358,"template":"","meta":[],"product_brand":[],"product_cat":[189],"product_tag":[],"class_list":{"0":"post-5397","1":"product","2":"type-product","3":"status-publish","4":"has-post-thumbnail","6":"product_cat-placas-ccf-de-aluminio","8":"first","9":"instock","10":"taxable","11":"shipping-taxable","12":"product-type-simple"},"yoast_head":"<!-- This site is optimized with the Yoast SEO plugin v27.4 - https:\/\/yoast.com\/product\/yoast-seo-wordpress\/ -->\n<title>Hoja de aluminio TLC-Eco, SIL 60 100x200mm - UV254nm - Bionis<\/title>\n<meta name=\"description\" content=\"Referencia: BS123.300 1 paquete de 20 unidades Hojas de aluminio de 10x20 cm recubiertas con una fase de s\u00edlice de gran pureza para mediciones anal\u00edticas de ccm. Se utiliza en farmacia, cosm\u00e9tica, qu\u00edmica, bioqu\u00edmica, seguridad medioambiental, plantas, medicina forense e I+D.\" \/>\n<meta name=\"robots\" content=\"index, follow, max-snippet:-1, max-image-preview:large, max-video-preview:-1\" \/>\n<link rel=\"canonical\" href=\"https:\/\/www.bionis.fr\/es\/produit\/hoja-de-aluminio-ccf-eco-sil-60-100x200mm-uv254nm\/\" \/>\n<meta property=\"og:locale\" content=\"es_ES\" \/>\n<meta property=\"og:type\" content=\"article\" \/>\n<meta property=\"og:title\" content=\"Hoja de aluminio TLC-Eco, SIL 60 100x200mm - UV254nm - Bionis\" \/>\n<meta property=\"og:description\" content=\"Referencia: BS123.300 1 paquete de 20 unidades Hojas de aluminio de 10x20 cm recubiertas con una fase de s\u00edlice de gran pureza para mediciones anal\u00edticas de ccm. Se utiliza en farmacia, cosm\u00e9tica, qu\u00edmica, bioqu\u00edmica, seguridad medioambiental, plantas, medicina forense e I+D.\" \/>\n<meta property=\"og:url\" content=\"https:\/\/www.bionis.fr\/es\/produit\/hoja-de-aluminio-ccf-eco-sil-60-100x200mm-uv254nm\/\" \/>\n<meta property=\"og:site_name\" content=\"Bionis\" \/>\n<meta property=\"article:modified_time\" content=\"2023-09-10T06:08:18+00:00\" \/>\n<meta property=\"og:image\" content=\"https:\/\/www.bionis.fr\/wp-content\/uploads\/2020\/12\/700x700_plaques-TLC-Eco-alu100x200.png\" \/>\n\t<meta property=\"og:image:width\" content=\"700\" \/>\n\t<meta property=\"og:image:height\" content=\"700\" \/>\n\t<meta property=\"og:image:type\" content=\"image\/png\" \/>\n<meta name=\"twitter:card\" content=\"summary_large_image\" \/>\n<script type=\"application\/ld+json\" class=\"yoast-schema-graph\">{\"@context\":\"https:\\\/\\\/schema.org\",\"@graph\":[{\"@type\":\"WebPage\",\"@id\":\"https:\\\/\\\/www.bionis.fr\\\/es\\\/produit\\\/hoja-de-aluminio-ccf-eco-sil-60-100x200mm-uv254nm\\\/\",\"url\":\"https:\\\/\\\/www.bionis.fr\\\/es\\\/produit\\\/hoja-de-aluminio-ccf-eco-sil-60-100x200mm-uv254nm\\\/\",\"name\":\"Hoja de aluminio TLC-Eco, SIL 60 100x200mm - UV254nm - Bionis\",\"isPartOf\":{\"@id\":\"https:\\\/\\\/www.bionis.fr\\\/#website\"},\"primaryImageOfPage\":{\"@id\":\"https:\\\/\\\/www.bionis.fr\\\/es\\\/produit\\\/hoja-de-aluminio-ccf-eco-sil-60-100x200mm-uv254nm\\\/#primaryimage\"},\"image\":{\"@id\":\"https:\\\/\\\/www.bionis.fr\\\/es\\\/produit\\\/hoja-de-aluminio-ccf-eco-sil-60-100x200mm-uv254nm\\\/#primaryimage\"},\"thumbnailUrl\":\"https:\\\/\\\/www.bionis.fr\\\/wp-content\\\/uploads\\\/2020\\\/12\\\/700x700_plaques-TLC-Eco-alu100x200.png\",\"datePublished\":\"2020-12-22T09:17:47+00:00\",\"dateModified\":\"2023-09-10T06:08:18+00:00\",\"description\":\"Referencia: BS123.300 1 paquete de 20 unidades Hojas de aluminio de 10x20 cm recubiertas con una fase de s\u00edlice de gran pureza para mediciones anal\u00edticas de ccm. Se utiliza en farmacia, cosm\u00e9tica, qu\u00edmica, bioqu\u00edmica, seguridad medioambiental, plantas, medicina forense e I+D.\",\"breadcrumb\":{\"@id\":\"https:\\\/\\\/www.bionis.fr\\\/es\\\/produit\\\/hoja-de-aluminio-ccf-eco-sil-60-100x200mm-uv254nm\\\/#breadcrumb\"},\"inLanguage\":\"es\",\"potentialAction\":[{\"@type\":\"ReadAction\",\"target\":[\"https:\\\/\\\/www.bionis.fr\\\/es\\\/produit\\\/hoja-de-aluminio-ccf-eco-sil-60-100x200mm-uv254nm\\\/\"]}]},{\"@type\":\"ImageObject\",\"inLanguage\":\"es\",\"@id\":\"https:\\\/\\\/www.bionis.fr\\\/es\\\/produit\\\/hoja-de-aluminio-ccf-eco-sil-60-100x200mm-uv254nm\\\/#primaryimage\",\"url\":\"https:\\\/\\\/www.bionis.fr\\\/wp-content\\\/uploads\\\/2020\\\/12\\\/700x700_plaques-TLC-Eco-alu100x200.png\",\"contentUrl\":\"https:\\\/\\\/www.bionis.fr\\\/wp-content\\\/uploads\\\/2020\\\/12\\\/700x700_plaques-TLC-Eco-alu100x200.png\",\"width\":700,\"height\":700},{\"@type\":\"BreadcrumbList\",\"@id\":\"https:\\\/\\\/www.bionis.fr\\\/es\\\/produit\\\/hoja-de-aluminio-ccf-eco-sil-60-100x200mm-uv254nm\\\/#breadcrumb\",\"itemListElement\":[{\"@type\":\"ListItem\",\"position\":1,\"name\":\"Accueil\",\"item\":\"https:\\\/\\\/www.bionis.fr\\\/es\\\/\"},{\"@type\":\"ListItem\",\"position\":2,\"name\":\"Productos\",\"item\":\"https:\\\/\\\/www.bionis.fr\\\/es\\\/tienda\\\/\"},{\"@type\":\"ListItem\",\"position\":3,\"name\":\"Hoja de aluminio TLC-Eco, SIL 60 100x200mm &#8211; UV254nm\"}]},{\"@type\":\"WebSite\",\"@id\":\"https:\\\/\\\/www.bionis.fr\\\/#website\",\"url\":\"https:\\\/\\\/www.bionis.fr\\\/\",\"name\":\"Bionis\",\"description\":\"La soluci\u00f3n de cromatograf\u00eda en capa fina\",\"publisher\":{\"@id\":\"https:\\\/\\\/www.bionis.fr\\\/#organization\"},\"potentialAction\":[{\"@type\":\"SearchAction\",\"target\":{\"@type\":\"EntryPoint\",\"urlTemplate\":\"https:\\\/\\\/www.bionis.fr\\\/?s={search_term_string}\"},\"query-input\":{\"@type\":\"PropertyValueSpecification\",\"valueRequired\":true,\"valueName\":\"search_term_string\"}}],\"inLanguage\":\"es\"},{\"@type\":\"Organization\",\"@id\":\"https:\\\/\\\/www.bionis.fr\\\/#organization\",\"name\":\"Bionis\",\"url\":\"https:\\\/\\\/www.bionis.fr\\\/\",\"logo\":{\"@type\":\"ImageObject\",\"inLanguage\":\"es\",\"@id\":\"https:\\\/\\\/www.bionis.fr\\\/#\\\/schema\\\/logo\\\/image\\\/\",\"url\":\"https:\\\/\\\/www.bionis.fr\\\/wp-content\\\/uploads\\\/2020\\\/07\\\/bionis-logo.png\",\"contentUrl\":\"https:\\\/\\\/www.bionis.fr\\\/wp-content\\\/uploads\\\/2020\\\/07\\\/bionis-logo.png\",\"width\":500,\"height\":125,\"caption\":\"Bionis\"},\"image\":{\"@id\":\"https:\\\/\\\/www.bionis.fr\\\/#\\\/schema\\\/logo\\\/image\\\/\"},\"sameAs\":[\"https:\\\/\\\/www.linkedin.com\\\/company\\\/bionis-sas?originalSubdomain=fr\"]}]}<\/script>\n<!-- \/ Yoast SEO plugin. -->","yoast_head_json":{"title":"Hoja de aluminio TLC-Eco, SIL 60 100x200mm - UV254nm - Bionis","description":"Referencia: BS123.300 1 paquete de 20 unidades Hojas de aluminio de 10x20 cm recubiertas con una fase de s\u00edlice de gran pureza para mediciones anal\u00edticas de ccm. Se utiliza en farmacia, cosm\u00e9tica, qu\u00edmica, bioqu\u00edmica, seguridad medioambiental, plantas, medicina forense e I+D.","robots":{"index":"index","follow":"follow","max-snippet":"max-snippet:-1","max-image-preview":"max-image-preview:large","max-video-preview":"max-video-preview:-1"},"canonical":"https:\/\/www.bionis.fr\/es\/produit\/hoja-de-aluminio-ccf-eco-sil-60-100x200mm-uv254nm\/","og_locale":"es_ES","og_type":"article","og_title":"Hoja de aluminio TLC-Eco, SIL 60 100x200mm - UV254nm - Bionis","og_description":"Referencia: BS123.300 1 paquete de 20 unidades Hojas de aluminio de 10x20 cm recubiertas con una fase de s\u00edlice de gran pureza para mediciones anal\u00edticas de ccm. Se utiliza en farmacia, cosm\u00e9tica, qu\u00edmica, bioqu\u00edmica, seguridad medioambiental, plantas, medicina forense e I+D.","og_url":"https:\/\/www.bionis.fr\/es\/produit\/hoja-de-aluminio-ccf-eco-sil-60-100x200mm-uv254nm\/","og_site_name":"Bionis","article_modified_time":"2023-09-10T06:08:18+00:00","og_image":[{"width":700,"height":700,"url":"https:\/\/www.bionis.fr\/wp-content\/uploads\/2020\/12\/700x700_plaques-TLC-Eco-alu100x200.png","type":"image\/png"}],"twitter_card":"summary_large_image","schema":{"@context":"https:\/\/schema.org","@graph":[{"@type":"WebPage","@id":"https:\/\/www.bionis.fr\/es\/produit\/hoja-de-aluminio-ccf-eco-sil-60-100x200mm-uv254nm\/","url":"https:\/\/www.bionis.fr\/es\/produit\/hoja-de-aluminio-ccf-eco-sil-60-100x200mm-uv254nm\/","name":"Hoja de aluminio TLC-Eco, SIL 60 100x200mm - UV254nm - Bionis","isPartOf":{"@id":"https:\/\/www.bionis.fr\/#website"},"primaryImageOfPage":{"@id":"https:\/\/www.bionis.fr\/es\/produit\/hoja-de-aluminio-ccf-eco-sil-60-100x200mm-uv254nm\/#primaryimage"},"image":{"@id":"https:\/\/www.bionis.fr\/es\/produit\/hoja-de-aluminio-ccf-eco-sil-60-100x200mm-uv254nm\/#primaryimage"},"thumbnailUrl":"https:\/\/www.bionis.fr\/wp-content\/uploads\/2020\/12\/700x700_plaques-TLC-Eco-alu100x200.png","datePublished":"2020-12-22T09:17:47+00:00","dateModified":"2023-09-10T06:08:18+00:00","description":"Referencia: BS123.300 1 paquete de 20 unidades Hojas de aluminio de 10x20 cm recubiertas con una fase de s\u00edlice de gran pureza para mediciones anal\u00edticas de ccm. Se utiliza en farmacia, cosm\u00e9tica, qu\u00edmica, bioqu\u00edmica, seguridad medioambiental, plantas, medicina forense e I+D.","breadcrumb":{"@id":"https:\/\/www.bionis.fr\/es\/produit\/hoja-de-aluminio-ccf-eco-sil-60-100x200mm-uv254nm\/#breadcrumb"},"inLanguage":"es","potentialAction":[{"@type":"ReadAction","target":["https:\/\/www.bionis.fr\/es\/produit\/hoja-de-aluminio-ccf-eco-sil-60-100x200mm-uv254nm\/"]}]},{"@type":"ImageObject","inLanguage":"es","@id":"https:\/\/www.bionis.fr\/es\/produit\/hoja-de-aluminio-ccf-eco-sil-60-100x200mm-uv254nm\/#primaryimage","url":"https:\/\/www.bionis.fr\/wp-content\/uploads\/2020\/12\/700x700_plaques-TLC-Eco-alu100x200.png","contentUrl":"https:\/\/www.bionis.fr\/wp-content\/uploads\/2020\/12\/700x700_plaques-TLC-Eco-alu100x200.png","width":700,"height":700},{"@type":"BreadcrumbList","@id":"https:\/\/www.bionis.fr\/es\/produit\/hoja-de-aluminio-ccf-eco-sil-60-100x200mm-uv254nm\/#breadcrumb","itemListElement":[{"@type":"ListItem","position":1,"name":"Accueil","item":"https:\/\/www.bionis.fr\/es\/"},{"@type":"ListItem","position":2,"name":"Productos","item":"https:\/\/www.bionis.fr\/es\/tienda\/"},{"@type":"ListItem","position":3,"name":"Hoja de aluminio TLC-Eco, SIL 60 100x200mm &#8211; UV254nm"}]},{"@type":"WebSite","@id":"https:\/\/www.bionis.fr\/#website","url":"https:\/\/www.bionis.fr\/","name":"Bionis","description":"La soluci\u00f3n de cromatograf\u00eda en capa fina","publisher":{"@id":"https:\/\/www.bionis.fr\/#organization"},"potentialAction":[{"@type":"SearchAction","target":{"@type":"EntryPoint","urlTemplate":"https:\/\/www.bionis.fr\/?s={search_term_string}"},"query-input":{"@type":"PropertyValueSpecification","valueRequired":true,"valueName":"search_term_string"}}],"inLanguage":"es"},{"@type":"Organization","@id":"https:\/\/www.bionis.fr\/#organization","name":"Bionis","url":"https:\/\/www.bionis.fr\/","logo":{"@type":"ImageObject","inLanguage":"es","@id":"https:\/\/www.bionis.fr\/#\/schema\/logo\/image\/","url":"https:\/\/www.bionis.fr\/wp-content\/uploads\/2020\/07\/bionis-logo.png","contentUrl":"https:\/\/www.bionis.fr\/wp-content\/uploads\/2020\/07\/bionis-logo.png","width":500,"height":125,"caption":"Bionis"},"image":{"@id":"https:\/\/www.bionis.fr\/#\/schema\/logo\/image\/"},"sameAs":["https:\/\/www.linkedin.com\/company\/bionis-sas?originalSubdomain=fr"]}]}},"_links":{"self":[{"href":"https:\/\/www.bionis.fr\/es\/wp-json\/wp\/v2\/product\/5397","targetHints":{"allow":["GET"]}}],"collection":[{"href":"https:\/\/www.bionis.fr\/es\/wp-json\/wp\/v2\/product"}],"about":[{"href":"https:\/\/www.bionis.fr\/es\/wp-json\/wp\/v2\/types\/product"}],"wp:featuredmedia":[{"embeddable":true,"href":"https:\/\/www.bionis.fr\/es\/wp-json\/wp\/v2\/media\/4358"}],"wp:attachment":[{"href":"https:\/\/www.bionis.fr\/es\/wp-json\/wp\/v2\/media?parent=5397"}],"wp:term":[{"taxonomy":"product_brand","embeddable":true,"href":"https:\/\/www.bionis.fr\/es\/wp-json\/wp\/v2\/product_brand?post=5397"},{"taxonomy":"product_cat","embeddable":true,"href":"https:\/\/www.bionis.fr\/es\/wp-json\/wp\/v2\/product_cat?post=5397"},{"taxonomy":"product_tag","embeddable":true,"href":"https:\/\/www.bionis.fr\/es\/wp-json\/wp\/v2\/product_tag?post=5397"}],"curies":[{"name":"wp","href":"https:\/\/api.w.org\/{rel}","templated":true}]}}