{"id":5400,"date":"2021-05-12T16:51:52","date_gmt":"2021-05-12T14:51:52","guid":{"rendered":"https:\/\/www.bionis.fr\/produit\/lampara-de-analisis-uv-254-365nm-6w\/"},"modified":"2025-01-17T09:05:55","modified_gmt":"2025-01-17T08:05:55","slug":"lampara-de-analisis-uv","status":"publish","type":"product","link":"https:\/\/www.bionis.fr\/es\/produit\/lampara-de-analisis-uv\/","title":{"rendered":"L\u00e1mpara de an\u00e1lisis UV 254\/365nm ( 6W )"},"content":{"rendered":"","protected":false},"excerpt":{"rendered":"<p><strong>Referencia: BS131.500<\/strong><\/p>\n<p>La l\u00e1mpara de an\u00e1lisis UV <strong>BS131.500<\/strong><strong>\u00a0<\/strong>est\u00e1 dise\u00f1ada para la observaci\u00f3n <strong>UV a 254 y 366 nm<\/strong> de placas CCF. Agradable de usar y vers\u00e1til, puede utilizarse manualmente o sobre un soporte.<\/p>\n<p>Las l\u00e1mparas <strong>UV de 254 nm<\/strong> ( 6 W ) y <strong>365 nm<\/strong> ( 6 W ) pueden encenderse por separado.<\/p>\n<p><strong>Filtro protector<\/strong> para bloquear la luz visible.<\/p>\n<p>Soporte incluido<\/p>\n<p>Dimensiones: 440x75x51mm<\/p>\n<p>Alimentaci\u00f3n 220-240V<\/p>\n<p>Peso neto: 0,7 Kgs<\/p>\n","protected":false},"featured_media":4658,"template":"","meta":[],"product_brand":[],"product_cat":[183],"product_tag":[],"class_list":{"0":"post-5400","1":"product","2":"type-product","3":"status-publish","4":"has-post-thumbnail","6":"product_cat-visualizacion-de-las-placas-ccf","8":"first","9":"instock","10":"taxable","11":"shipping-taxable","12":"product-type-simple"},"yoast_head":"<!-- This site is optimized with the Yoast SEO plugin v27.6 - https:\/\/yoast.com\/product\/yoast-seo-wordpress\/ -->\n<title>L\u00e1mpara de an\u00e1lisis UV 254\/365nm ( 6W ) - Bionis SAS<\/title>\n<meta name=\"description\" content=\"La l\u00e1mpara de an\u00e1lisis UV est\u00e1 dise\u00f1ada para la observaci\u00f3n manual o en soporte de placas ccm, bajo UV 254 y 366 nm.\" \/>\n<meta name=\"robots\" content=\"index, follow, max-snippet:-1, max-image-preview:large, max-video-preview:-1\" \/>\n<link rel=\"canonical\" href=\"https:\/\/www.bionis.fr\/es\/produit\/lampara-de-analisis-uv\/\" \/>\n<meta property=\"og:locale\" content=\"es_ES\" \/>\n<meta property=\"og:type\" content=\"article\" \/>\n<meta property=\"og:title\" content=\"L\u00e1mpara de an\u00e1lisis UV 254\/365nm ( 6W ) - Bionis SAS\" \/>\n<meta property=\"og:description\" content=\"La l\u00e1mpara de an\u00e1lisis UV est\u00e1 dise\u00f1ada para la observaci\u00f3n manual o en soporte de placas ccm, bajo UV 254 y 366 nm.\" \/>\n<meta property=\"og:url\" content=\"https:\/\/www.bionis.fr\/es\/produit\/lampara-de-analisis-uv\/\" \/>\n<meta property=\"og:site_name\" content=\"Bionis\" \/>\n<meta property=\"article:modified_time\" content=\"2025-01-17T08:05:55+00:00\" \/>\n<meta property=\"og:image\" content=\"https:\/\/www.bionis.fr\/wp-content\/uploads\/2021\/05\/Handheld-UV-analyser.png\" \/>\n\t<meta property=\"og:image:width\" content=\"434\" \/>\n\t<meta property=\"og:image:height\" content=\"453\" \/>\n\t<meta property=\"og:image:type\" content=\"image\/png\" \/>\n<meta name=\"twitter:card\" content=\"summary_large_image\" \/>\n<meta name=\"twitter:label1\" content=\"Tiempo de lectura\" \/>\n\t<meta name=\"twitter:data1\" content=\"1 minuto\" \/>\n<script type=\"application\/ld+json\" class=\"yoast-schema-graph\">{\"@context\":\"https:\\\/\\\/schema.org\",\"@graph\":[{\"@type\":\"WebPage\",\"@id\":\"https:\\\/\\\/www.bionis.fr\\\/es\\\/produit\\\/lampara-de-analisis-uv\\\/\",\"url\":\"https:\\\/\\\/www.bionis.fr\\\/es\\\/produit\\\/lampara-de-analisis-uv\\\/\",\"name\":\"L\u00e1mpara de an\u00e1lisis UV 254\\\/365nm ( 6W ) - Bionis SAS\",\"isPartOf\":{\"@id\":\"https:\\\/\\\/www.bionis.fr\\\/#website\"},\"primaryImageOfPage\":{\"@id\":\"https:\\\/\\\/www.bionis.fr\\\/es\\\/produit\\\/lampara-de-analisis-uv\\\/#primaryimage\"},\"image\":{\"@id\":\"https:\\\/\\\/www.bionis.fr\\\/es\\\/produit\\\/lampara-de-analisis-uv\\\/#primaryimage\"},\"thumbnailUrl\":\"https:\\\/\\\/www.bionis.fr\\\/wp-content\\\/uploads\\\/2021\\\/05\\\/Handheld-UV-analyser.png\",\"datePublished\":\"2021-05-12T14:51:52+00:00\",\"dateModified\":\"2025-01-17T08:05:55+00:00\",\"description\":\"La l\u00e1mpara de an\u00e1lisis UV est\u00e1 dise\u00f1ada para la observaci\u00f3n manual o en soporte de placas ccm, bajo UV 254 y 366 nm.\",\"breadcrumb\":{\"@id\":\"https:\\\/\\\/www.bionis.fr\\\/es\\\/produit\\\/lampara-de-analisis-uv\\\/#breadcrumb\"},\"inLanguage\":\"es\",\"potentialAction\":[{\"@type\":\"ReadAction\",\"target\":[\"https:\\\/\\\/www.bionis.fr\\\/es\\\/produit\\\/lampara-de-analisis-uv\\\/\"]}]},{\"@type\":\"ImageObject\",\"inLanguage\":\"es\",\"@id\":\"https:\\\/\\\/www.bionis.fr\\\/es\\\/produit\\\/lampara-de-analisis-uv\\\/#primaryimage\",\"url\":\"https:\\\/\\\/www.bionis.fr\\\/wp-content\\\/uploads\\\/2021\\\/05\\\/Handheld-UV-analyser.png\",\"contentUrl\":\"https:\\\/\\\/www.bionis.fr\\\/wp-content\\\/uploads\\\/2021\\\/05\\\/Handheld-UV-analyser.png\",\"width\":434,\"height\":453},{\"@type\":\"BreadcrumbList\",\"@id\":\"https:\\\/\\\/www.bionis.fr\\\/es\\\/produit\\\/lampara-de-analisis-uv\\\/#breadcrumb\",\"itemListElement\":[{\"@type\":\"ListItem\",\"position\":1,\"name\":\"Accueil\",\"item\":\"https:\\\/\\\/www.bionis.fr\\\/es\\\/\"},{\"@type\":\"ListItem\",\"position\":2,\"name\":\"Productos\",\"item\":\"https:\\\/\\\/www.bionis.fr\\\/es\\\/tienda\\\/\"},{\"@type\":\"ListItem\",\"position\":3,\"name\":\"L\u00e1mpara de an\u00e1lisis UV 254\\\/365nm ( 6W )\"}]},{\"@type\":\"WebSite\",\"@id\":\"https:\\\/\\\/www.bionis.fr\\\/#website\",\"url\":\"https:\\\/\\\/www.bionis.fr\\\/\",\"name\":\"Bionis\",\"description\":\"La soluci\u00f3n de cromatograf\u00eda en capa fina\",\"publisher\":{\"@id\":\"https:\\\/\\\/www.bionis.fr\\\/#organization\"},\"potentialAction\":[{\"@type\":\"SearchAction\",\"target\":{\"@type\":\"EntryPoint\",\"urlTemplate\":\"https:\\\/\\\/www.bionis.fr\\\/?s={search_term_string}\"},\"query-input\":{\"@type\":\"PropertyValueSpecification\",\"valueRequired\":true,\"valueName\":\"search_term_string\"}}],\"inLanguage\":\"es\"},{\"@type\":\"Organization\",\"@id\":\"https:\\\/\\\/www.bionis.fr\\\/#organization\",\"name\":\"Bionis\",\"url\":\"https:\\\/\\\/www.bionis.fr\\\/\",\"logo\":{\"@type\":\"ImageObject\",\"inLanguage\":\"es\",\"@id\":\"https:\\\/\\\/www.bionis.fr\\\/#\\\/schema\\\/logo\\\/image\\\/\",\"url\":\"https:\\\/\\\/www.bionis.fr\\\/wp-content\\\/uploads\\\/2020\\\/07\\\/bionis-logo.png\",\"contentUrl\":\"https:\\\/\\\/www.bionis.fr\\\/wp-content\\\/uploads\\\/2020\\\/07\\\/bionis-logo.png\",\"width\":500,\"height\":125,\"caption\":\"Bionis\"},\"image\":{\"@id\":\"https:\\\/\\\/www.bionis.fr\\\/#\\\/schema\\\/logo\\\/image\\\/\"},\"sameAs\":[\"https:\\\/\\\/www.linkedin.com\\\/company\\\/bionis-sas?originalSubdomain=fr\"]}]}<\/script>\n<!-- \/ Yoast SEO plugin. -->","yoast_head_json":{"title":"L\u00e1mpara de an\u00e1lisis UV 254\/365nm ( 6W ) - Bionis SAS","description":"La l\u00e1mpara de an\u00e1lisis UV est\u00e1 dise\u00f1ada para la observaci\u00f3n manual o en soporte de placas ccm, bajo UV 254 y 366 nm.","robots":{"index":"index","follow":"follow","max-snippet":"max-snippet:-1","max-image-preview":"max-image-preview:large","max-video-preview":"max-video-preview:-1"},"canonical":"https:\/\/www.bionis.fr\/es\/produit\/lampara-de-analisis-uv\/","og_locale":"es_ES","og_type":"article","og_title":"L\u00e1mpara de an\u00e1lisis UV 254\/365nm ( 6W ) - Bionis SAS","og_description":"La l\u00e1mpara de an\u00e1lisis UV est\u00e1 dise\u00f1ada para la observaci\u00f3n manual o en soporte de placas ccm, bajo UV 254 y 366 nm.","og_url":"https:\/\/www.bionis.fr\/es\/produit\/lampara-de-analisis-uv\/","og_site_name":"Bionis","article_modified_time":"2025-01-17T08:05:55+00:00","og_image":[{"width":434,"height":453,"url":"https:\/\/www.bionis.fr\/wp-content\/uploads\/2021\/05\/Handheld-UV-analyser.png","type":"image\/png"}],"twitter_card":"summary_large_image","twitter_misc":{"Tiempo de lectura":"1 minuto"},"schema":{"@context":"https:\/\/schema.org","@graph":[{"@type":"WebPage","@id":"https:\/\/www.bionis.fr\/es\/produit\/lampara-de-analisis-uv\/","url":"https:\/\/www.bionis.fr\/es\/produit\/lampara-de-analisis-uv\/","name":"L\u00e1mpara de an\u00e1lisis UV 254\/365nm ( 6W ) - Bionis SAS","isPartOf":{"@id":"https:\/\/www.bionis.fr\/#website"},"primaryImageOfPage":{"@id":"https:\/\/www.bionis.fr\/es\/produit\/lampara-de-analisis-uv\/#primaryimage"},"image":{"@id":"https:\/\/www.bionis.fr\/es\/produit\/lampara-de-analisis-uv\/#primaryimage"},"thumbnailUrl":"https:\/\/www.bionis.fr\/wp-content\/uploads\/2021\/05\/Handheld-UV-analyser.png","datePublished":"2021-05-12T14:51:52+00:00","dateModified":"2025-01-17T08:05:55+00:00","description":"La l\u00e1mpara de an\u00e1lisis UV est\u00e1 dise\u00f1ada para la observaci\u00f3n manual o en soporte de placas ccm, bajo UV 254 y 366 nm.","breadcrumb":{"@id":"https:\/\/www.bionis.fr\/es\/produit\/lampara-de-analisis-uv\/#breadcrumb"},"inLanguage":"es","potentialAction":[{"@type":"ReadAction","target":["https:\/\/www.bionis.fr\/es\/produit\/lampara-de-analisis-uv\/"]}]},{"@type":"ImageObject","inLanguage":"es","@id":"https:\/\/www.bionis.fr\/es\/produit\/lampara-de-analisis-uv\/#primaryimage","url":"https:\/\/www.bionis.fr\/wp-content\/uploads\/2021\/05\/Handheld-UV-analyser.png","contentUrl":"https:\/\/www.bionis.fr\/wp-content\/uploads\/2021\/05\/Handheld-UV-analyser.png","width":434,"height":453},{"@type":"BreadcrumbList","@id":"https:\/\/www.bionis.fr\/es\/produit\/lampara-de-analisis-uv\/#breadcrumb","itemListElement":[{"@type":"ListItem","position":1,"name":"Accueil","item":"https:\/\/www.bionis.fr\/es\/"},{"@type":"ListItem","position":2,"name":"Productos","item":"https:\/\/www.bionis.fr\/es\/tienda\/"},{"@type":"ListItem","position":3,"name":"L\u00e1mpara de an\u00e1lisis UV 254\/365nm ( 6W )"}]},{"@type":"WebSite","@id":"https:\/\/www.bionis.fr\/#website","url":"https:\/\/www.bionis.fr\/","name":"Bionis","description":"La soluci\u00f3n de cromatograf\u00eda en capa fina","publisher":{"@id":"https:\/\/www.bionis.fr\/#organization"},"potentialAction":[{"@type":"SearchAction","target":{"@type":"EntryPoint","urlTemplate":"https:\/\/www.bionis.fr\/?s={search_term_string}"},"query-input":{"@type":"PropertyValueSpecification","valueRequired":true,"valueName":"search_term_string"}}],"inLanguage":"es"},{"@type":"Organization","@id":"https:\/\/www.bionis.fr\/#organization","name":"Bionis","url":"https:\/\/www.bionis.fr\/","logo":{"@type":"ImageObject","inLanguage":"es","@id":"https:\/\/www.bionis.fr\/#\/schema\/logo\/image\/","url":"https:\/\/www.bionis.fr\/wp-content\/uploads\/2020\/07\/bionis-logo.png","contentUrl":"https:\/\/www.bionis.fr\/wp-content\/uploads\/2020\/07\/bionis-logo.png","width":500,"height":125,"caption":"Bionis"},"image":{"@id":"https:\/\/www.bionis.fr\/#\/schema\/logo\/image\/"},"sameAs":["https:\/\/www.linkedin.com\/company\/bionis-sas?originalSubdomain=fr"]}]}},"_links":{"self":[{"href":"https:\/\/www.bionis.fr\/es\/wp-json\/wp\/v2\/product\/5400","targetHints":{"allow":["GET"]}}],"collection":[{"href":"https:\/\/www.bionis.fr\/es\/wp-json\/wp\/v2\/product"}],"about":[{"href":"https:\/\/www.bionis.fr\/es\/wp-json\/wp\/v2\/types\/product"}],"wp:featuredmedia":[{"embeddable":true,"href":"https:\/\/www.bionis.fr\/es\/wp-json\/wp\/v2\/media\/4658"}],"wp:attachment":[{"href":"https:\/\/www.bionis.fr\/es\/wp-json\/wp\/v2\/media?parent=5400"}],"wp:term":[{"taxonomy":"product_brand","embeddable":true,"href":"https:\/\/www.bionis.fr\/es\/wp-json\/wp\/v2\/product_brand?post=5400"},{"taxonomy":"product_cat","embeddable":true,"href":"https:\/\/www.bionis.fr\/es\/wp-json\/wp\/v2\/product_cat?post=5400"},{"taxonomy":"product_tag","embeddable":true,"href":"https:\/\/www.bionis.fr\/es\/wp-json\/wp\/v2\/product_tag?post=5400"}],"curies":[{"name":"wp","href":"https:\/\/api.w.org\/{rel}","templated":true}]}}