{"id":5410,"date":"2020-08-05T21:36:49","date_gmt":"2020-08-05T19:36:49","guid":{"rendered":"https:\/\/www.bionis.fr\/produit\/solucion-de-prueba-hidrofila\/"},"modified":"2020-08-05T21:36:49","modified_gmt":"2020-08-05T19:36:49","slug":"solucion-de-test-hidrofila","status":"publish","type":"product","link":"https:\/\/www.bionis.fr\/es\/produit\/solucion-de-test-hidrofila\/","title":{"rendered":"Soluci\u00f3n de prueba hidr\u00f3fila"},"content":{"rendered":"<p>La soluci\u00f3n de prueba hidr\u00f3fila contiene <strong>cuatro colorantes<\/strong>.<\/p>\n<p>La <strong>fluoresce\u00edna<\/strong>, que produce una fluorescencia verde intensa cuando se excita con luz ultravioleta larga, el <strong>rojo de me<\/strong> tilo, que cambia de rojo a amarillo en el intervalo de pH alcalino, el <strong>azul de metileno<\/strong> y el <strong>verde esmeralda<\/strong>.<\/p>\n<p>Los colorantes se disuelven en<strong>isopropanol<\/strong>.<\/p>\n<p>Soluciones de prueba 4 colorantes hidr\u00f3filos, <strong>viales de 10 ml<\/strong><\/p>\n","protected":false},"excerpt":{"rendered":"<p><strong>N\u00famero de cat\u00e1logo: BS125.005<\/strong><\/p>\n<p>Como parte del trabajo pr\u00e1ctico o de la ense\u00f1anza, la <strong>soluci\u00f3n de ensayo multicolor<\/strong> permite verificar y demostrar de forma significativa las propiedades de las fases m\u00f3viles y estacionarias.<\/p>\n<p>Para comprobar las condiciones de <strong>desarrollo de un an\u00e1lisis<\/strong>, a veces puede ser \u00fatil a\u00f1adir una mezcla de prueba separada con cada separaci\u00f3n por TLC.<\/p>\n","protected":false},"featured_media":3917,"template":"","meta":[],"product_brand":[],"product_cat":[192],"product_tag":[],"class_list":{"0":"post-5410","1":"product","2":"type-product","3":"status-publish","4":"has-post-thumbnail","6":"product_cat-soluciones-de-color","8":"first","9":"instock","10":"taxable","11":"shipping-taxable","12":"product-type-simple"},"yoast_head":"<!-- This site is optimized with the Yoast SEO plugin v27.4 - https:\/\/yoast.com\/product\/yoast-seo-wordpress\/ -->\n<title>Soluci\u00f3n de prueba hidr\u00f3fila - Bionis<\/title>\n<meta name=\"description\" content=\"N\u00famero de cat\u00e1logo: BS125.005 Como parte del trabajo pr\u00e1ctico o de la ense\u00f1anza, la soluci\u00f3n de ensayo multicolor permite verificar y demostrar de forma significativa las propiedades de las fases m\u00f3viles y estacionarias. Para comprobar las condiciones de desarrollo de un an\u00e1lisis, a veces puede ser \u00fatil a\u00f1adir una mezcla de prueba separada con cada separaci\u00f3n por TLC.\" \/>\n<meta name=\"robots\" content=\"index, follow, max-snippet:-1, max-image-preview:large, max-video-preview:-1\" \/>\n<link rel=\"canonical\" href=\"https:\/\/www.bionis.fr\/produit\/solucion-de-prueba-hidrofila\/\" \/>\n<meta property=\"og:locale\" content=\"es_ES\" \/>\n<meta property=\"og:type\" content=\"article\" \/>\n<meta property=\"og:title\" content=\"Soluci\u00f3n de prueba hidr\u00f3fila - Bionis\" \/>\n<meta property=\"og:description\" content=\"N\u00famero de cat\u00e1logo: BS125.005 Como parte del trabajo pr\u00e1ctico o de la ense\u00f1anza, la soluci\u00f3n de ensayo multicolor permite verificar y demostrar de forma significativa las propiedades de las fases m\u00f3viles y estacionarias. Para comprobar las condiciones de desarrollo de un an\u00e1lisis, a veces puede ser \u00fatil a\u00f1adir una mezcla de prueba separada con cada separaci\u00f3n por TLC.\" \/>\n<meta property=\"og:url\" content=\"https:\/\/www.bionis.fr\/produit\/solucion-de-prueba-hidrofila\/\" \/>\n<meta property=\"og:site_name\" content=\"Bionis\" \/>\n<meta name=\"twitter:card\" content=\"summary_large_image\" \/>\n<script type=\"application\/ld+json\" class=\"yoast-schema-graph\">{\"@context\":\"https:\\\/\\\/schema.org\",\"@graph\":[{\"@type\":\"WebPage\",\"@id\":\"https:\\\/\\\/www.bionis.fr\\\/produit\\\/solucion-de-prueba-hidrofila\\\/\",\"url\":\"https:\\\/\\\/www.bionis.fr\\\/produit\\\/solucion-de-prueba-hidrofila\\\/\",\"name\":\"Soluci\u00f3n de prueba hidr\u00f3fila - Bionis\",\"isPartOf\":{\"@id\":\"https:\\\/\\\/www.bionis.fr\\\/#website\"},\"primaryImageOfPage\":{\"@id\":\"https:\\\/\\\/www.bionis.fr\\\/produit\\\/solucion-de-prueba-hidrofila\\\/#primaryimage\"},\"image\":{\"@id\":\"https:\\\/\\\/www.bionis.fr\\\/produit\\\/solucion-de-prueba-hidrofila\\\/#primaryimage\"},\"thumbnailUrl\":\"https:\\\/\\\/www.bionis.fr\\\/wp-content\\\/uploads\\\/2020\\\/08\\\/700x700_solutions-colorantes.png\",\"datePublished\":\"2020-08-05T19:36:49+00:00\",\"description\":\"N\u00famero de cat\u00e1logo: BS125.005 Como parte del trabajo pr\u00e1ctico o de la ense\u00f1anza, la soluci\u00f3n de ensayo multicolor permite verificar y demostrar de forma significativa las propiedades de las fases m\u00f3viles y estacionarias. Para comprobar las condiciones de desarrollo de un an\u00e1lisis, a veces puede ser \u00fatil a\u00f1adir una mezcla de prueba separada con cada separaci\u00f3n por TLC.\",\"breadcrumb\":{\"@id\":\"https:\\\/\\\/www.bionis.fr\\\/produit\\\/solucion-de-prueba-hidrofila\\\/#breadcrumb\"},\"inLanguage\":\"es\",\"potentialAction\":[{\"@type\":\"ReadAction\",\"target\":[\"https:\\\/\\\/www.bionis.fr\\\/produit\\\/solucion-de-prueba-hidrofila\\\/\"]}]},{\"@type\":\"ImageObject\",\"inLanguage\":\"es\",\"@id\":\"https:\\\/\\\/www.bionis.fr\\\/produit\\\/solucion-de-prueba-hidrofila\\\/#primaryimage\",\"url\":\"https:\\\/\\\/www.bionis.fr\\\/wp-content\\\/uploads\\\/2020\\\/08\\\/700x700_solutions-colorantes.png\",\"contentUrl\":\"https:\\\/\\\/www.bionis.fr\\\/wp-content\\\/uploads\\\/2020\\\/08\\\/700x700_solutions-colorantes.png\",\"width\":700,\"height\":700},{\"@type\":\"BreadcrumbList\",\"@id\":\"https:\\\/\\\/www.bionis.fr\\\/produit\\\/solucion-de-prueba-hidrofila\\\/#breadcrumb\",\"itemListElement\":[{\"@type\":\"ListItem\",\"position\":1,\"name\":\"Accueil\",\"item\":\"https:\\\/\\\/www.bionis.fr\\\/es\\\/\"},{\"@type\":\"ListItem\",\"position\":2,\"name\":\"Productos\",\"item\":\"https:\\\/\\\/www.bionis.fr\\\/es\\\/tienda\\\/\"},{\"@type\":\"ListItem\",\"position\":3,\"name\":\"Soluci\u00f3n de prueba hidr\u00f3fila\"}]},{\"@type\":\"WebSite\",\"@id\":\"https:\\\/\\\/www.bionis.fr\\\/#website\",\"url\":\"https:\\\/\\\/www.bionis.fr\\\/\",\"name\":\"Bionis\",\"description\":\"La soluci\u00f3n de cromatograf\u00eda en capa fina\",\"publisher\":{\"@id\":\"https:\\\/\\\/www.bionis.fr\\\/#organization\"},\"potentialAction\":[{\"@type\":\"SearchAction\",\"target\":{\"@type\":\"EntryPoint\",\"urlTemplate\":\"https:\\\/\\\/www.bionis.fr\\\/?s={search_term_string}\"},\"query-input\":{\"@type\":\"PropertyValueSpecification\",\"valueRequired\":true,\"valueName\":\"search_term_string\"}}],\"inLanguage\":\"es\"},{\"@type\":\"Organization\",\"@id\":\"https:\\\/\\\/www.bionis.fr\\\/#organization\",\"name\":\"Bionis\",\"url\":\"https:\\\/\\\/www.bionis.fr\\\/\",\"logo\":{\"@type\":\"ImageObject\",\"inLanguage\":\"es\",\"@id\":\"https:\\\/\\\/www.bionis.fr\\\/#\\\/schema\\\/logo\\\/image\\\/\",\"url\":\"https:\\\/\\\/www.bionis.fr\\\/wp-content\\\/uploads\\\/2020\\\/07\\\/bionis-logo.png\",\"contentUrl\":\"https:\\\/\\\/www.bionis.fr\\\/wp-content\\\/uploads\\\/2020\\\/07\\\/bionis-logo.png\",\"width\":500,\"height\":125,\"caption\":\"Bionis\"},\"image\":{\"@id\":\"https:\\\/\\\/www.bionis.fr\\\/#\\\/schema\\\/logo\\\/image\\\/\"},\"sameAs\":[\"https:\\\/\\\/www.linkedin.com\\\/company\\\/bionis-sas?originalSubdomain=fr\"]}]}<\/script>\n<!-- \/ Yoast SEO plugin. -->","yoast_head_json":{"title":"Soluci\u00f3n de prueba hidr\u00f3fila - Bionis","description":"N\u00famero de cat\u00e1logo: BS125.005 Como parte del trabajo pr\u00e1ctico o de la ense\u00f1anza, la soluci\u00f3n de ensayo multicolor permite verificar y demostrar de forma significativa las propiedades de las fases m\u00f3viles y estacionarias. Para comprobar las condiciones de desarrollo de un an\u00e1lisis, a veces puede ser \u00fatil a\u00f1adir una mezcla de prueba separada con cada separaci\u00f3n por TLC.","robots":{"index":"index","follow":"follow","max-snippet":"max-snippet:-1","max-image-preview":"max-image-preview:large","max-video-preview":"max-video-preview:-1"},"canonical":"https:\/\/www.bionis.fr\/produit\/solucion-de-prueba-hidrofila\/","og_locale":"es_ES","og_type":"article","og_title":"Soluci\u00f3n de prueba hidr\u00f3fila - Bionis","og_description":"N\u00famero de cat\u00e1logo: BS125.005 Como parte del trabajo pr\u00e1ctico o de la ense\u00f1anza, la soluci\u00f3n de ensayo multicolor permite verificar y demostrar de forma significativa las propiedades de las fases m\u00f3viles y estacionarias. Para comprobar las condiciones de desarrollo de un an\u00e1lisis, a veces puede ser \u00fatil a\u00f1adir una mezcla de prueba separada con cada separaci\u00f3n por TLC.","og_url":"https:\/\/www.bionis.fr\/produit\/solucion-de-prueba-hidrofila\/","og_site_name":"Bionis","twitter_card":"summary_large_image","schema":{"@context":"https:\/\/schema.org","@graph":[{"@type":"WebPage","@id":"https:\/\/www.bionis.fr\/produit\/solucion-de-prueba-hidrofila\/","url":"https:\/\/www.bionis.fr\/produit\/solucion-de-prueba-hidrofila\/","name":"Soluci\u00f3n de prueba hidr\u00f3fila - Bionis","isPartOf":{"@id":"https:\/\/www.bionis.fr\/#website"},"primaryImageOfPage":{"@id":"https:\/\/www.bionis.fr\/produit\/solucion-de-prueba-hidrofila\/#primaryimage"},"image":{"@id":"https:\/\/www.bionis.fr\/produit\/solucion-de-prueba-hidrofila\/#primaryimage"},"thumbnailUrl":"https:\/\/www.bionis.fr\/wp-content\/uploads\/2020\/08\/700x700_solutions-colorantes.png","datePublished":"2020-08-05T19:36:49+00:00","description":"N\u00famero de cat\u00e1logo: BS125.005 Como parte del trabajo pr\u00e1ctico o de la ense\u00f1anza, la soluci\u00f3n de ensayo multicolor permite verificar y demostrar de forma significativa las propiedades de las fases m\u00f3viles y estacionarias. Para comprobar las condiciones de desarrollo de un an\u00e1lisis, a veces puede ser \u00fatil a\u00f1adir una mezcla de prueba separada con cada separaci\u00f3n por TLC.","breadcrumb":{"@id":"https:\/\/www.bionis.fr\/produit\/solucion-de-prueba-hidrofila\/#breadcrumb"},"inLanguage":"es","potentialAction":[{"@type":"ReadAction","target":["https:\/\/www.bionis.fr\/produit\/solucion-de-prueba-hidrofila\/"]}]},{"@type":"ImageObject","inLanguage":"es","@id":"https:\/\/www.bionis.fr\/produit\/solucion-de-prueba-hidrofila\/#primaryimage","url":"https:\/\/www.bionis.fr\/wp-content\/uploads\/2020\/08\/700x700_solutions-colorantes.png","contentUrl":"https:\/\/www.bionis.fr\/wp-content\/uploads\/2020\/08\/700x700_solutions-colorantes.png","width":700,"height":700},{"@type":"BreadcrumbList","@id":"https:\/\/www.bionis.fr\/produit\/solucion-de-prueba-hidrofila\/#breadcrumb","itemListElement":[{"@type":"ListItem","position":1,"name":"Accueil","item":"https:\/\/www.bionis.fr\/es\/"},{"@type":"ListItem","position":2,"name":"Productos","item":"https:\/\/www.bionis.fr\/es\/tienda\/"},{"@type":"ListItem","position":3,"name":"Soluci\u00f3n de prueba hidr\u00f3fila"}]},{"@type":"WebSite","@id":"https:\/\/www.bionis.fr\/#website","url":"https:\/\/www.bionis.fr\/","name":"Bionis","description":"La soluci\u00f3n de cromatograf\u00eda en capa fina","publisher":{"@id":"https:\/\/www.bionis.fr\/#organization"},"potentialAction":[{"@type":"SearchAction","target":{"@type":"EntryPoint","urlTemplate":"https:\/\/www.bionis.fr\/?s={search_term_string}"},"query-input":{"@type":"PropertyValueSpecification","valueRequired":true,"valueName":"search_term_string"}}],"inLanguage":"es"},{"@type":"Organization","@id":"https:\/\/www.bionis.fr\/#organization","name":"Bionis","url":"https:\/\/www.bionis.fr\/","logo":{"@type":"ImageObject","inLanguage":"es","@id":"https:\/\/www.bionis.fr\/#\/schema\/logo\/image\/","url":"https:\/\/www.bionis.fr\/wp-content\/uploads\/2020\/07\/bionis-logo.png","contentUrl":"https:\/\/www.bionis.fr\/wp-content\/uploads\/2020\/07\/bionis-logo.png","width":500,"height":125,"caption":"Bionis"},"image":{"@id":"https:\/\/www.bionis.fr\/#\/schema\/logo\/image\/"},"sameAs":["https:\/\/www.linkedin.com\/company\/bionis-sas?originalSubdomain=fr"]}]}},"_links":{"self":[{"href":"https:\/\/www.bionis.fr\/es\/wp-json\/wp\/v2\/product\/5410","targetHints":{"allow":["GET"]}}],"collection":[{"href":"https:\/\/www.bionis.fr\/es\/wp-json\/wp\/v2\/product"}],"about":[{"href":"https:\/\/www.bionis.fr\/es\/wp-json\/wp\/v2\/types\/product"}],"wp:featuredmedia":[{"embeddable":true,"href":"https:\/\/www.bionis.fr\/es\/wp-json\/wp\/v2\/media\/3917"}],"wp:attachment":[{"href":"https:\/\/www.bionis.fr\/es\/wp-json\/wp\/v2\/media?parent=5410"}],"wp:term":[{"taxonomy":"product_brand","embeddable":true,"href":"https:\/\/www.bionis.fr\/es\/wp-json\/wp\/v2\/product_brand?post=5410"},{"taxonomy":"product_cat","embeddable":true,"href":"https:\/\/www.bionis.fr\/es\/wp-json\/wp\/v2\/product_cat?post=5410"},{"taxonomy":"product_tag","embeddable":true,"href":"https:\/\/www.bionis.fr\/es\/wp-json\/wp\/v2\/product_tag?post=5410"}],"curies":[{"name":"wp","href":"https:\/\/api.w.org\/{rel}","templated":true}]}}