{"id":5619,"date":"2020-08-02T13:55:25","date_gmt":"2020-08-02T11:55:25","guid":{"rendered":"https:\/\/www.bionis.fr\/produit\/software-de-cuantificacion-just-tlc\/"},"modified":"2025-01-04T10:31:02","modified_gmt":"2025-01-04T09:31:02","slug":"software-para-cuantificacion-quanti-x2","status":"publish","type":"product","link":"https:\/\/www.bionis.fr\/es\/produit\/software-para-cuantificacion-quanti-x2\/","title":{"rendered":"Software de cuantificaci\u00f3n Quanti X2"},"content":{"rendered":"<p>Realice an\u00e1lisis cuantitativos en placas de TLC en s\u00f3lo unos minutos.<br \/>\nDetecte autom\u00e1ticamente y analice realmente los cromatogramas.<br \/>\nVisualice gr\u00e1ficos y almacene placas TLC\/HPTLC en proyectos.<br \/>\nExporte datos a Excel, CSV u otro software de terceros para su posterior an\u00e1lisis personalizado.<br \/>\nImprima gr\u00e1ficos, placas y hojas de datos.<br \/>\nGuardar en formatos JPEG, TIFF y Bitmap.<br \/>\nCompatible con el cumplimiento de la CFR21 Parte 11.<\/p>\n","protected":false},"excerpt":{"rendered":"<p>Referencia: BS147.004<\/p>\n<p>El software Quanti X2 permite cuantificar muestras de todo tipo de forma r\u00e1pida y econ\u00f3mica mediante la captura de im\u00e1genes de placas TLC\/HPTLC.<br \/>\nLos an\u00e1lisis pueden realizarse por l\u00ednea &#8211; Est\u00e1ndar\/Negativo<\/p>\n<p><a href=\"https:\/\/www.bionis.fr\/wp-content\/uploads\/2020\/08\/Data-sheet-Quanti_X2.pdf\">Data sheet Quanti_X2<\/a><\/p>\n","protected":false},"featured_media":7441,"template":"","meta":[],"product_brand":[],"product_cat":[175],"product_tag":[],"class_list":{"0":"post-5619","1":"product","2":"type-product","3":"status-publish","4":"has-post-thumbnail","6":"product_cat-captura-de-imagenes-ccfar","8":"first","9":"instock","10":"taxable","11":"shipping-taxable","12":"product-type-simple"},"yoast_head":"<!-- This site is optimized with the Yoast SEO plugin v27.4 - https:\/\/yoast.com\/product\/yoast-seo-wordpress\/ -->\n<title>Software de cuantificaci\u00f3n Quanti X2 - Bionis<\/title>\n<meta name=\"description\" content=\"Referencia: BS147.004  El software Quanti X2 permite cuantificar muestras de todo tipo de forma r\u00e1pida y econ\u00f3mica mediante la captura de im\u00e1genes de placas TLC\/HPTLC. Los an\u00e1lisis pueden realizarse por l\u00ednea - Est\u00e1ndar\/Negativo  Data sheet Quanti_X2\" \/>\n<meta name=\"robots\" content=\"index, follow, max-snippet:-1, max-image-preview:large, max-video-preview:-1\" \/>\n<link rel=\"canonical\" href=\"https:\/\/www.bionis.fr\/es\/produit\/software-para-cuantificacion-quanti-x2\/\" \/>\n<meta property=\"og:locale\" content=\"es_ES\" \/>\n<meta property=\"og:type\" content=\"article\" \/>\n<meta property=\"og:title\" content=\"Software de cuantificaci\u00f3n Quanti X2 - Bionis\" \/>\n<meta property=\"og:description\" content=\"Referencia: BS147.004  El software Quanti X2 permite cuantificar muestras de todo tipo de forma r\u00e1pida y econ\u00f3mica mediante la captura de im\u00e1genes de placas TLC\/HPTLC. Los an\u00e1lisis pueden realizarse por l\u00ednea - Est\u00e1ndar\/Negativo  Data sheet Quanti_X2\" \/>\n<meta property=\"og:url\" content=\"https:\/\/www.bionis.fr\/es\/produit\/software-para-cuantificacion-quanti-x2\/\" \/>\n<meta property=\"og:site_name\" content=\"Bionis\" \/>\n<meta property=\"article:modified_time\" content=\"2025-01-04T09:31:02+00:00\" \/>\n<meta property=\"og:image\" content=\"https:\/\/www.bionis.fr\/wp-content\/uploads\/2020\/08\/700x700_Quanti_X2.png\" \/>\n\t<meta property=\"og:image:width\" content=\"700\" \/>\n\t<meta property=\"og:image:height\" content=\"700\" \/>\n\t<meta property=\"og:image:type\" content=\"image\/png\" \/>\n<meta name=\"twitter:card\" content=\"summary_large_image\" \/>\n<meta name=\"twitter:label1\" content=\"Tiempo de lectura\" \/>\n\t<meta name=\"twitter:data1\" content=\"1 minuto\" \/>\n<script type=\"application\/ld+json\" class=\"yoast-schema-graph\">{\"@context\":\"https:\\\/\\\/schema.org\",\"@graph\":[{\"@type\":\"WebPage\",\"@id\":\"https:\\\/\\\/www.bionis.fr\\\/es\\\/produit\\\/software-para-cuantificacion-quanti-x2\\\/\",\"url\":\"https:\\\/\\\/www.bionis.fr\\\/es\\\/produit\\\/software-para-cuantificacion-quanti-x2\\\/\",\"name\":\"Software de cuantificaci\u00f3n Quanti X2 - Bionis\",\"isPartOf\":{\"@id\":\"https:\\\/\\\/www.bionis.fr\\\/#website\"},\"primaryImageOfPage\":{\"@id\":\"https:\\\/\\\/www.bionis.fr\\\/es\\\/produit\\\/software-para-cuantificacion-quanti-x2\\\/#primaryimage\"},\"image\":{\"@id\":\"https:\\\/\\\/www.bionis.fr\\\/es\\\/produit\\\/software-para-cuantificacion-quanti-x2\\\/#primaryimage\"},\"thumbnailUrl\":\"https:\\\/\\\/www.bionis.fr\\\/wp-content\\\/uploads\\\/2020\\\/08\\\/700x700_Quanti_X2.png\",\"datePublished\":\"2020-08-02T11:55:25+00:00\",\"dateModified\":\"2025-01-04T09:31:02+00:00\",\"description\":\"Referencia: BS147.004 El software Quanti X2 permite cuantificar muestras de todo tipo de forma r\u00e1pida y econ\u00f3mica mediante la captura de im\u00e1genes de placas TLC\\\/HPTLC. Los an\u00e1lisis pueden realizarse por l\u00ednea - Est\u00e1ndar\\\/Negativo Data sheet Quanti_X2\",\"breadcrumb\":{\"@id\":\"https:\\\/\\\/www.bionis.fr\\\/es\\\/produit\\\/software-para-cuantificacion-quanti-x2\\\/#breadcrumb\"},\"inLanguage\":\"es\",\"potentialAction\":[{\"@type\":\"ReadAction\",\"target\":[\"https:\\\/\\\/www.bionis.fr\\\/es\\\/produit\\\/software-para-cuantificacion-quanti-x2\\\/\"]}]},{\"@type\":\"ImageObject\",\"inLanguage\":\"es\",\"@id\":\"https:\\\/\\\/www.bionis.fr\\\/es\\\/produit\\\/software-para-cuantificacion-quanti-x2\\\/#primaryimage\",\"url\":\"https:\\\/\\\/www.bionis.fr\\\/wp-content\\\/uploads\\\/2020\\\/08\\\/700x700_Quanti_X2.png\",\"contentUrl\":\"https:\\\/\\\/www.bionis.fr\\\/wp-content\\\/uploads\\\/2020\\\/08\\\/700x700_Quanti_X2.png\",\"width\":700,\"height\":700},{\"@type\":\"BreadcrumbList\",\"@id\":\"https:\\\/\\\/www.bionis.fr\\\/es\\\/produit\\\/software-para-cuantificacion-quanti-x2\\\/#breadcrumb\",\"itemListElement\":[{\"@type\":\"ListItem\",\"position\":1,\"name\":\"Accueil\",\"item\":\"https:\\\/\\\/www.bionis.fr\\\/es\\\/\"},{\"@type\":\"ListItem\",\"position\":2,\"name\":\"Productos\",\"item\":\"https:\\\/\\\/www.bionis.fr\\\/es\\\/tienda\\\/\"},{\"@type\":\"ListItem\",\"position\":3,\"name\":\"Software de cuantificaci\u00f3n Quanti X2\"}]},{\"@type\":\"WebSite\",\"@id\":\"https:\\\/\\\/www.bionis.fr\\\/#website\",\"url\":\"https:\\\/\\\/www.bionis.fr\\\/\",\"name\":\"Bionis\",\"description\":\"La soluci\u00f3n de cromatograf\u00eda en capa fina\",\"publisher\":{\"@id\":\"https:\\\/\\\/www.bionis.fr\\\/#organization\"},\"potentialAction\":[{\"@type\":\"SearchAction\",\"target\":{\"@type\":\"EntryPoint\",\"urlTemplate\":\"https:\\\/\\\/www.bionis.fr\\\/?s={search_term_string}\"},\"query-input\":{\"@type\":\"PropertyValueSpecification\",\"valueRequired\":true,\"valueName\":\"search_term_string\"}}],\"inLanguage\":\"es\"},{\"@type\":\"Organization\",\"@id\":\"https:\\\/\\\/www.bionis.fr\\\/#organization\",\"name\":\"Bionis\",\"url\":\"https:\\\/\\\/www.bionis.fr\\\/\",\"logo\":{\"@type\":\"ImageObject\",\"inLanguage\":\"es\",\"@id\":\"https:\\\/\\\/www.bionis.fr\\\/#\\\/schema\\\/logo\\\/image\\\/\",\"url\":\"https:\\\/\\\/www.bionis.fr\\\/wp-content\\\/uploads\\\/2020\\\/07\\\/bionis-logo.png\",\"contentUrl\":\"https:\\\/\\\/www.bionis.fr\\\/wp-content\\\/uploads\\\/2020\\\/07\\\/bionis-logo.png\",\"width\":500,\"height\":125,\"caption\":\"Bionis\"},\"image\":{\"@id\":\"https:\\\/\\\/www.bionis.fr\\\/#\\\/schema\\\/logo\\\/image\\\/\"},\"sameAs\":[\"https:\\\/\\\/www.linkedin.com\\\/company\\\/bionis-sas?originalSubdomain=fr\"]}]}<\/script>\n<!-- \/ Yoast SEO plugin. -->","yoast_head_json":{"title":"Software de cuantificaci\u00f3n Quanti X2 - Bionis","description":"Referencia: BS147.004  El software Quanti X2 permite cuantificar muestras de todo tipo de forma r\u00e1pida y econ\u00f3mica mediante la captura de im\u00e1genes de placas TLC\/HPTLC. Los an\u00e1lisis pueden realizarse por l\u00ednea - Est\u00e1ndar\/Negativo  Data sheet Quanti_X2","robots":{"index":"index","follow":"follow","max-snippet":"max-snippet:-1","max-image-preview":"max-image-preview:large","max-video-preview":"max-video-preview:-1"},"canonical":"https:\/\/www.bionis.fr\/es\/produit\/software-para-cuantificacion-quanti-x2\/","og_locale":"es_ES","og_type":"article","og_title":"Software de cuantificaci\u00f3n Quanti X2 - Bionis","og_description":"Referencia: BS147.004  El software Quanti X2 permite cuantificar muestras de todo tipo de forma r\u00e1pida y econ\u00f3mica mediante la captura de im\u00e1genes de placas TLC\/HPTLC. Los an\u00e1lisis pueden realizarse por l\u00ednea - Est\u00e1ndar\/Negativo  Data sheet Quanti_X2","og_url":"https:\/\/www.bionis.fr\/es\/produit\/software-para-cuantificacion-quanti-x2\/","og_site_name":"Bionis","article_modified_time":"2025-01-04T09:31:02+00:00","og_image":[{"width":700,"height":700,"url":"https:\/\/www.bionis.fr\/wp-content\/uploads\/2020\/08\/700x700_Quanti_X2.png","type":"image\/png"}],"twitter_card":"summary_large_image","twitter_misc":{"Tiempo de lectura":"1 minuto"},"schema":{"@context":"https:\/\/schema.org","@graph":[{"@type":"WebPage","@id":"https:\/\/www.bionis.fr\/es\/produit\/software-para-cuantificacion-quanti-x2\/","url":"https:\/\/www.bionis.fr\/es\/produit\/software-para-cuantificacion-quanti-x2\/","name":"Software de cuantificaci\u00f3n Quanti X2 - Bionis","isPartOf":{"@id":"https:\/\/www.bionis.fr\/#website"},"primaryImageOfPage":{"@id":"https:\/\/www.bionis.fr\/es\/produit\/software-para-cuantificacion-quanti-x2\/#primaryimage"},"image":{"@id":"https:\/\/www.bionis.fr\/es\/produit\/software-para-cuantificacion-quanti-x2\/#primaryimage"},"thumbnailUrl":"https:\/\/www.bionis.fr\/wp-content\/uploads\/2020\/08\/700x700_Quanti_X2.png","datePublished":"2020-08-02T11:55:25+00:00","dateModified":"2025-01-04T09:31:02+00:00","description":"Referencia: BS147.004 El software Quanti X2 permite cuantificar muestras de todo tipo de forma r\u00e1pida y econ\u00f3mica mediante la captura de im\u00e1genes de placas TLC\/HPTLC. Los an\u00e1lisis pueden realizarse por l\u00ednea - Est\u00e1ndar\/Negativo Data sheet Quanti_X2","breadcrumb":{"@id":"https:\/\/www.bionis.fr\/es\/produit\/software-para-cuantificacion-quanti-x2\/#breadcrumb"},"inLanguage":"es","potentialAction":[{"@type":"ReadAction","target":["https:\/\/www.bionis.fr\/es\/produit\/software-para-cuantificacion-quanti-x2\/"]}]},{"@type":"ImageObject","inLanguage":"es","@id":"https:\/\/www.bionis.fr\/es\/produit\/software-para-cuantificacion-quanti-x2\/#primaryimage","url":"https:\/\/www.bionis.fr\/wp-content\/uploads\/2020\/08\/700x700_Quanti_X2.png","contentUrl":"https:\/\/www.bionis.fr\/wp-content\/uploads\/2020\/08\/700x700_Quanti_X2.png","width":700,"height":700},{"@type":"BreadcrumbList","@id":"https:\/\/www.bionis.fr\/es\/produit\/software-para-cuantificacion-quanti-x2\/#breadcrumb","itemListElement":[{"@type":"ListItem","position":1,"name":"Accueil","item":"https:\/\/www.bionis.fr\/es\/"},{"@type":"ListItem","position":2,"name":"Productos","item":"https:\/\/www.bionis.fr\/es\/tienda\/"},{"@type":"ListItem","position":3,"name":"Software de cuantificaci\u00f3n Quanti X2"}]},{"@type":"WebSite","@id":"https:\/\/www.bionis.fr\/#website","url":"https:\/\/www.bionis.fr\/","name":"Bionis","description":"La soluci\u00f3n de cromatograf\u00eda en capa fina","publisher":{"@id":"https:\/\/www.bionis.fr\/#organization"},"potentialAction":[{"@type":"SearchAction","target":{"@type":"EntryPoint","urlTemplate":"https:\/\/www.bionis.fr\/?s={search_term_string}"},"query-input":{"@type":"PropertyValueSpecification","valueRequired":true,"valueName":"search_term_string"}}],"inLanguage":"es"},{"@type":"Organization","@id":"https:\/\/www.bionis.fr\/#organization","name":"Bionis","url":"https:\/\/www.bionis.fr\/","logo":{"@type":"ImageObject","inLanguage":"es","@id":"https:\/\/www.bionis.fr\/#\/schema\/logo\/image\/","url":"https:\/\/www.bionis.fr\/wp-content\/uploads\/2020\/07\/bionis-logo.png","contentUrl":"https:\/\/www.bionis.fr\/wp-content\/uploads\/2020\/07\/bionis-logo.png","width":500,"height":125,"caption":"Bionis"},"image":{"@id":"https:\/\/www.bionis.fr\/#\/schema\/logo\/image\/"},"sameAs":["https:\/\/www.linkedin.com\/company\/bionis-sas?originalSubdomain=fr"]}]}},"_links":{"self":[{"href":"https:\/\/www.bionis.fr\/es\/wp-json\/wp\/v2\/product\/5619","targetHints":{"allow":["GET"]}}],"collection":[{"href":"https:\/\/www.bionis.fr\/es\/wp-json\/wp\/v2\/product"}],"about":[{"href":"https:\/\/www.bionis.fr\/es\/wp-json\/wp\/v2\/types\/product"}],"wp:featuredmedia":[{"embeddable":true,"href":"https:\/\/www.bionis.fr\/es\/wp-json\/wp\/v2\/media\/7441"}],"wp:attachment":[{"href":"https:\/\/www.bionis.fr\/es\/wp-json\/wp\/v2\/media?parent=5619"}],"wp:term":[{"taxonomy":"product_brand","embeddable":true,"href":"https:\/\/www.bionis.fr\/es\/wp-json\/wp\/v2\/product_brand?post=5619"},{"taxonomy":"product_cat","embeddable":true,"href":"https:\/\/www.bionis.fr\/es\/wp-json\/wp\/v2\/product_cat?post=5619"},{"taxonomy":"product_tag","embeddable":true,"href":"https:\/\/www.bionis.fr\/es\/wp-json\/wp\/v2\/product_tag?post=5619"}],"curies":[{"name":"wp","href":"https:\/\/api.w.org\/{rel}","templated":true}]}}