{"id":5627,"date":"2020-08-01T18:49:46","date_gmt":"2020-08-01T16:49:46","guid":{"rendered":"https:\/\/www.bionis.fr\/produit\/sistema-automatico-de-derivatizacion-chromajet-ds20\/"},"modified":"2023-09-18T14:17:37","modified_gmt":"2023-09-18T12:17:37","slug":"derivatizador-chromajet-ds20","status":"publish","type":"product","link":"https:\/\/www.bionis.fr\/es\/produit\/derivatizador-chromajet-ds20\/","title":{"rendered":"Derivatizador ChromaJet DS20"},"content":{"rendered":"<p>El <strong>Derivatizador ChromaJet DS20<\/strong>\u00a0es un dispositivo de pulverizaci\u00f3n totalmente automatizado. Los reactivos se pulverizan sobre placas o l\u00e1minas de capa fina con la m\u00e1xima precisi\u00f3n bajo el control de un microprocesador o un ordenador. La diferencia con respecto a la pulverizaci\u00f3n manual radica en la gran reducci\u00f3n de la cantidad de reactivo necesaria, la ausencia casi total de formaci\u00f3n de aerosoles y la uniformidad del patr\u00f3n de pulverizaci\u00f3n.Es posible crear y almacenar hasta 4 m\u00e9todos de pulverizaci\u00f3n adaptados espec\u00edficamente a esquemas cromatogr\u00e1ficos individuales y llamarlos cuando sea necesario. El software integrado funciona con Windows 10.<\/p>\n<p>Los pasos de trabajo individuales del procedimiento de pulverizaci\u00f3n, incluida la fecha y el n\u00famero de ejecuci\u00f3n, se almacenan con el m\u00e9todo de pulverizaci\u00f3n.<\/p>\n<p>Los m\u00e9todos de pulverizaci\u00f3n definen todos los par\u00e1metros importantes, como la tasa de pulverizaci\u00f3n, el volumen a pulverizar y el reactivo seleccionado. La libre selecci\u00f3n de la direcci\u00f3n de coordenadas X-Y permite pulverizar uniformemente pistas individuales o \u00e1reas de cualquier tama\u00f1o hasta 200 x 200 mm. El cambiador de reactivos integrado selecciona entre 4 dep\u00f3sitos posibles el medio de pulverizaci\u00f3n deseado en funci\u00f3n del programa de pulverizaci\u00f3n. Un proceso de aclarado integrado detiene cualquier remanente.<\/p>\n<p>La cubierta protectora transparente permite una inspecci\u00f3n minuciosa durante el proceso de pulverizaci\u00f3n y evita la salida de aerosoles. Las nieblas de pulverizaci\u00f3n sobrantes se evacuan continuamente y se conducen, por ejemplo, a una vitrina de gases, a trav\u00e9s de una manguera de escape opcional. El protocolo de pulverizaci\u00f3n incluye todos los par\u00e1metros individuales del programa de pulverizaci\u00f3n y se emite completo con fecha, hora, nombre de usuario, una designaci\u00f3n de placa asignada al cromatograma y los comentarios que se hayan podido introducir.<\/p>\n<p>En comparaci\u00f3n con las t\u00e9cnicas tradicionales de pulverizaci\u00f3n manual, este dispositivo <strong>reduce<\/strong> considerablemente <strong>el consumo de reactivo <\/strong>y garantiza <strong>una distribuci\u00f3n uniforme<\/strong> del medio, gracias a la dosificaci\u00f3n uniforme facilitada por el cabezal de pulverizaci\u00f3n de tefl\u00f3n.<\/p>\n<p>La <strong>cubierta protectora<\/strong> transparente evita que se escapen los aerosoles y proporciona <strong>una visibilidad \u00f3ptima<\/strong> durante el proceso de pulverizaci\u00f3n.<\/p>\n<p>El <strong>exceso de<\/strong> aire se evacua continuamente a trav\u00e9s de un <strong>tubo de extracci\u00f3n<\/strong> cerrado que conduce, por ejemplo, a un respiradero.<\/p>\n<p>La elaboraci\u00f3n de un <strong>protocolo de pulverizaci\u00f3n<\/strong> garantiza que la documentaci\u00f3n cumpla las Buenas Pr\u00e1cticas de Laboratorio (<strong>normas BPL<\/strong>).<\/p>\n<p>Este protocolo incluye todos los <strong>par\u00e1metros<\/strong> individuales del programa de pulverizaci\u00f3n, as\u00ed como la fecha, la hora, los nombres de archivo, el nombre de usuario, una marca de identificaci\u00f3n integrada en el cromatograma y los comentarios registrados.<\/p>\n<p><strong>Especificaciones t\u00e9cnicas<\/strong><\/p>\n<p>\u00c1rea de deriva: 200x200mm<\/p>\n<p>Potencia el\u00e9ctrica: 100 &#8211; 240 V, 50-60 Hz, 500 W<\/p>\n<p>Dimensiones (prof. x alt. x anch.): 470 x 400 x 225 mm<\/p>\n<p>Peso : 15Kgs<\/p>\n<p><iframe title=\"Derivatization - Introducing Sprayer, Dipping Chamber, ChromaJet DS 20 &amp; Thermoplate\" width=\"840\" height=\"473\" src=\"https:\/\/www.youtube.com\/embed\/lO9Tk_HajVA?feature=oembed\" frameborder=\"0\" allow=\"accelerometer; autoplay; clipboard-write; encrypted-media; gyroscope; picture-in-picture; web-share\" allowfullscreen><\/iframe><\/p>\n","protected":false},"excerpt":{"rendered":"<p><span style=\"color: #000000;\"><a style=\"color: #000000;\" href=\"https:\/\/www.bionis.fr\/wp-content\/uploads\/2020\/08\/Ficha_tecnica_DS20.pdf\">DESCARGAR DOCUMENTACI\u00d3N<\/a><\/span><\/p>\n<p><strong>Referencia: BS130.700<\/strong><\/p>\n<p>Econ\u00f3mico y respetuoso con el medio ambiente, <strong>ChromaJet DS 20<\/strong> es un nuevo concepto de sputtering de <strong>alta precisi\u00f3n<\/strong> controlado por microprocesador para aplicar reactivos a placas o pel\u00edculas de pel\u00edcula fina.<\/p>\n<p>Los <strong>programas de pulverizaci\u00f3n<\/strong> incluyen todos los ajustes necesarios y pueden guardarse con todas las f\u00f3rmulas y observaciones.<\/p>\n","protected":false},"featured_media":3767,"template":"","meta":[],"product_brand":[],"product_cat":[209],"product_tag":[],"class_list":{"0":"post-5627","1":"product","2":"type-product","3":"status-publish","4":"has-post-thumbnail","6":"product_cat-derivacion","8":"first","9":"instock","10":"taxable","11":"shipping-taxable","12":"product-type-simple"},"yoast_head":"<!-- This site is optimized with the Yoast SEO plugin v27.5 - https:\/\/yoast.com\/product\/yoast-seo-wordpress\/ -->\n<title>Derivatizador ChromaJet DS20 - Bionis SAS<\/title>\n<meta name=\"description\" content=\"Derivatizador ChromaJet DS20 es un concepto \u00fanico de pulverizaci\u00f3n de alta precisi\u00f3n para aplicar reactivos a placas de CCF.\" \/>\n<meta name=\"robots\" content=\"index, follow, max-snippet:-1, max-image-preview:large, max-video-preview:-1\" \/>\n<link rel=\"canonical\" href=\"https:\/\/www.bionis.fr\/es\/produit\/derivatizador-chromajet-ds20\/\" \/>\n<meta property=\"og:locale\" content=\"es_ES\" \/>\n<meta property=\"og:type\" content=\"article\" \/>\n<meta property=\"og:title\" content=\"Derivatizador ChromaJet DS20 - Bionis SAS\" \/>\n<meta property=\"og:description\" content=\"Derivatizador ChromaJet DS20 es un concepto \u00fanico de pulverizaci\u00f3n de alta precisi\u00f3n para aplicar reactivos a placas de CCF.\" \/>\n<meta property=\"og:url\" content=\"https:\/\/www.bionis.fr\/es\/produit\/derivatizador-chromajet-ds20\/\" \/>\n<meta property=\"og:site_name\" content=\"Bionis\" \/>\n<meta property=\"article:modified_time\" content=\"2023-09-18T12:17:37+00:00\" \/>\n<meta property=\"og:image\" content=\"https:\/\/www.bionis.fr\/wp-content\/uploads\/2020\/08\/700x700_DS20.png\" \/>\n\t<meta property=\"og:image:width\" content=\"700\" \/>\n\t<meta property=\"og:image:height\" content=\"700\" \/>\n\t<meta property=\"og:image:type\" content=\"image\/png\" \/>\n<meta name=\"twitter:card\" content=\"summary_large_image\" \/>\n<meta name=\"twitter:label1\" content=\"Tiempo de lectura\" \/>\n\t<meta name=\"twitter:data1\" content=\"3 minutos\" \/>\n<script type=\"application\/ld+json\" class=\"yoast-schema-graph\">{\"@context\":\"https:\\\/\\\/schema.org\",\"@graph\":[{\"@type\":\"WebPage\",\"@id\":\"https:\\\/\\\/www.bionis.fr\\\/es\\\/produit\\\/derivatizador-chromajet-ds20\\\/\",\"url\":\"https:\\\/\\\/www.bionis.fr\\\/es\\\/produit\\\/derivatizador-chromajet-ds20\\\/\",\"name\":\"Derivatizador ChromaJet DS20 - Bionis SAS\",\"isPartOf\":{\"@id\":\"https:\\\/\\\/www.bionis.fr\\\/#website\"},\"primaryImageOfPage\":{\"@id\":\"https:\\\/\\\/www.bionis.fr\\\/es\\\/produit\\\/derivatizador-chromajet-ds20\\\/#primaryimage\"},\"image\":{\"@id\":\"https:\\\/\\\/www.bionis.fr\\\/es\\\/produit\\\/derivatizador-chromajet-ds20\\\/#primaryimage\"},\"thumbnailUrl\":\"https:\\\/\\\/www.bionis.fr\\\/wp-content\\\/uploads\\\/2020\\\/08\\\/700x700_DS20.png\",\"datePublished\":\"2020-08-01T16:49:46+00:00\",\"dateModified\":\"2023-09-18T12:17:37+00:00\",\"description\":\"Derivatizador ChromaJet DS20 es un concepto \u00fanico de pulverizaci\u00f3n de alta precisi\u00f3n para aplicar reactivos a placas de CCF.\",\"breadcrumb\":{\"@id\":\"https:\\\/\\\/www.bionis.fr\\\/es\\\/produit\\\/derivatizador-chromajet-ds20\\\/#breadcrumb\"},\"inLanguage\":\"es\",\"potentialAction\":[{\"@type\":\"ReadAction\",\"target\":[\"https:\\\/\\\/www.bionis.fr\\\/es\\\/produit\\\/derivatizador-chromajet-ds20\\\/\"]}]},{\"@type\":\"ImageObject\",\"inLanguage\":\"es\",\"@id\":\"https:\\\/\\\/www.bionis.fr\\\/es\\\/produit\\\/derivatizador-chromajet-ds20\\\/#primaryimage\",\"url\":\"https:\\\/\\\/www.bionis.fr\\\/wp-content\\\/uploads\\\/2020\\\/08\\\/700x700_DS20.png\",\"contentUrl\":\"https:\\\/\\\/www.bionis.fr\\\/wp-content\\\/uploads\\\/2020\\\/08\\\/700x700_DS20.png\",\"width\":700,\"height\":700,\"caption\":\"para pulverizaci\u00f3n de cromatograf\u00eda en capa fina\"},{\"@type\":\"BreadcrumbList\",\"@id\":\"https:\\\/\\\/www.bionis.fr\\\/es\\\/produit\\\/derivatizador-chromajet-ds20\\\/#breadcrumb\",\"itemListElement\":[{\"@type\":\"ListItem\",\"position\":1,\"name\":\"Accueil\",\"item\":\"https:\\\/\\\/www.bionis.fr\\\/es\\\/\"},{\"@type\":\"ListItem\",\"position\":2,\"name\":\"Productos\",\"item\":\"https:\\\/\\\/www.bionis.fr\\\/es\\\/tienda\\\/\"},{\"@type\":\"ListItem\",\"position\":3,\"name\":\"Derivatizador ChromaJet DS20\"}]},{\"@type\":\"WebSite\",\"@id\":\"https:\\\/\\\/www.bionis.fr\\\/#website\",\"url\":\"https:\\\/\\\/www.bionis.fr\\\/\",\"name\":\"Bionis\",\"description\":\"La soluci\u00f3n de cromatograf\u00eda en capa fina\",\"publisher\":{\"@id\":\"https:\\\/\\\/www.bionis.fr\\\/#organization\"},\"potentialAction\":[{\"@type\":\"SearchAction\",\"target\":{\"@type\":\"EntryPoint\",\"urlTemplate\":\"https:\\\/\\\/www.bionis.fr\\\/?s={search_term_string}\"},\"query-input\":{\"@type\":\"PropertyValueSpecification\",\"valueRequired\":true,\"valueName\":\"search_term_string\"}}],\"inLanguage\":\"es\"},{\"@type\":\"Organization\",\"@id\":\"https:\\\/\\\/www.bionis.fr\\\/#organization\",\"name\":\"Bionis\",\"url\":\"https:\\\/\\\/www.bionis.fr\\\/\",\"logo\":{\"@type\":\"ImageObject\",\"inLanguage\":\"es\",\"@id\":\"https:\\\/\\\/www.bionis.fr\\\/#\\\/schema\\\/logo\\\/image\\\/\",\"url\":\"https:\\\/\\\/www.bionis.fr\\\/wp-content\\\/uploads\\\/2020\\\/07\\\/bionis-logo.png\",\"contentUrl\":\"https:\\\/\\\/www.bionis.fr\\\/wp-content\\\/uploads\\\/2020\\\/07\\\/bionis-logo.png\",\"width\":500,\"height\":125,\"caption\":\"Bionis\"},\"image\":{\"@id\":\"https:\\\/\\\/www.bionis.fr\\\/#\\\/schema\\\/logo\\\/image\\\/\"},\"sameAs\":[\"https:\\\/\\\/www.linkedin.com\\\/company\\\/bionis-sas?originalSubdomain=fr\"]}]}<\/script>\n<!-- \/ Yoast SEO plugin. -->","yoast_head_json":{"title":"Derivatizador ChromaJet DS20 - Bionis SAS","description":"Derivatizador ChromaJet DS20 es un concepto \u00fanico de pulverizaci\u00f3n de alta precisi\u00f3n para aplicar reactivos a placas de CCF.","robots":{"index":"index","follow":"follow","max-snippet":"max-snippet:-1","max-image-preview":"max-image-preview:large","max-video-preview":"max-video-preview:-1"},"canonical":"https:\/\/www.bionis.fr\/es\/produit\/derivatizador-chromajet-ds20\/","og_locale":"es_ES","og_type":"article","og_title":"Derivatizador ChromaJet DS20 - Bionis SAS","og_description":"Derivatizador ChromaJet DS20 es un concepto \u00fanico de pulverizaci\u00f3n de alta precisi\u00f3n para aplicar reactivos a placas de CCF.","og_url":"https:\/\/www.bionis.fr\/es\/produit\/derivatizador-chromajet-ds20\/","og_site_name":"Bionis","article_modified_time":"2023-09-18T12:17:37+00:00","og_image":[{"width":700,"height":700,"url":"https:\/\/www.bionis.fr\/wp-content\/uploads\/2020\/08\/700x700_DS20.png","type":"image\/png"}],"twitter_card":"summary_large_image","twitter_misc":{"Tiempo de lectura":"3 minutos"},"schema":{"@context":"https:\/\/schema.org","@graph":[{"@type":"WebPage","@id":"https:\/\/www.bionis.fr\/es\/produit\/derivatizador-chromajet-ds20\/","url":"https:\/\/www.bionis.fr\/es\/produit\/derivatizador-chromajet-ds20\/","name":"Derivatizador ChromaJet DS20 - Bionis SAS","isPartOf":{"@id":"https:\/\/www.bionis.fr\/#website"},"primaryImageOfPage":{"@id":"https:\/\/www.bionis.fr\/es\/produit\/derivatizador-chromajet-ds20\/#primaryimage"},"image":{"@id":"https:\/\/www.bionis.fr\/es\/produit\/derivatizador-chromajet-ds20\/#primaryimage"},"thumbnailUrl":"https:\/\/www.bionis.fr\/wp-content\/uploads\/2020\/08\/700x700_DS20.png","datePublished":"2020-08-01T16:49:46+00:00","dateModified":"2023-09-18T12:17:37+00:00","description":"Derivatizador ChromaJet DS20 es un concepto \u00fanico de pulverizaci\u00f3n de alta precisi\u00f3n para aplicar reactivos a placas de CCF.","breadcrumb":{"@id":"https:\/\/www.bionis.fr\/es\/produit\/derivatizador-chromajet-ds20\/#breadcrumb"},"inLanguage":"es","potentialAction":[{"@type":"ReadAction","target":["https:\/\/www.bionis.fr\/es\/produit\/derivatizador-chromajet-ds20\/"]}]},{"@type":"ImageObject","inLanguage":"es","@id":"https:\/\/www.bionis.fr\/es\/produit\/derivatizador-chromajet-ds20\/#primaryimage","url":"https:\/\/www.bionis.fr\/wp-content\/uploads\/2020\/08\/700x700_DS20.png","contentUrl":"https:\/\/www.bionis.fr\/wp-content\/uploads\/2020\/08\/700x700_DS20.png","width":700,"height":700,"caption":"para pulverizaci\u00f3n de cromatograf\u00eda en capa fina"},{"@type":"BreadcrumbList","@id":"https:\/\/www.bionis.fr\/es\/produit\/derivatizador-chromajet-ds20\/#breadcrumb","itemListElement":[{"@type":"ListItem","position":1,"name":"Accueil","item":"https:\/\/www.bionis.fr\/es\/"},{"@type":"ListItem","position":2,"name":"Productos","item":"https:\/\/www.bionis.fr\/es\/tienda\/"},{"@type":"ListItem","position":3,"name":"Derivatizador ChromaJet DS20"}]},{"@type":"WebSite","@id":"https:\/\/www.bionis.fr\/#website","url":"https:\/\/www.bionis.fr\/","name":"Bionis","description":"La soluci\u00f3n de cromatograf\u00eda en capa fina","publisher":{"@id":"https:\/\/www.bionis.fr\/#organization"},"potentialAction":[{"@type":"SearchAction","target":{"@type":"EntryPoint","urlTemplate":"https:\/\/www.bionis.fr\/?s={search_term_string}"},"query-input":{"@type":"PropertyValueSpecification","valueRequired":true,"valueName":"search_term_string"}}],"inLanguage":"es"},{"@type":"Organization","@id":"https:\/\/www.bionis.fr\/#organization","name":"Bionis","url":"https:\/\/www.bionis.fr\/","logo":{"@type":"ImageObject","inLanguage":"es","@id":"https:\/\/www.bionis.fr\/#\/schema\/logo\/image\/","url":"https:\/\/www.bionis.fr\/wp-content\/uploads\/2020\/07\/bionis-logo.png","contentUrl":"https:\/\/www.bionis.fr\/wp-content\/uploads\/2020\/07\/bionis-logo.png","width":500,"height":125,"caption":"Bionis"},"image":{"@id":"https:\/\/www.bionis.fr\/#\/schema\/logo\/image\/"},"sameAs":["https:\/\/www.linkedin.com\/company\/bionis-sas?originalSubdomain=fr"]}]}},"_links":{"self":[{"href":"https:\/\/www.bionis.fr\/es\/wp-json\/wp\/v2\/product\/5627","targetHints":{"allow":["GET"]}}],"collection":[{"href":"https:\/\/www.bionis.fr\/es\/wp-json\/wp\/v2\/product"}],"about":[{"href":"https:\/\/www.bionis.fr\/es\/wp-json\/wp\/v2\/types\/product"}],"wp:featuredmedia":[{"embeddable":true,"href":"https:\/\/www.bionis.fr\/es\/wp-json\/wp\/v2\/media\/3767"}],"wp:attachment":[{"href":"https:\/\/www.bionis.fr\/es\/wp-json\/wp\/v2\/media?parent=5627"}],"wp:term":[{"taxonomy":"product_brand","embeddable":true,"href":"https:\/\/www.bionis.fr\/es\/wp-json\/wp\/v2\/product_brand?post=5627"},{"taxonomy":"product_cat","embeddable":true,"href":"https:\/\/www.bionis.fr\/es\/wp-json\/wp\/v2\/product_cat?post=5627"},{"taxonomy":"product_tag","embeddable":true,"href":"https:\/\/www.bionis.fr\/es\/wp-json\/wp\/v2\/product_tag?post=5627"}],"curies":[{"name":"wp","href":"https:\/\/api.w.org\/{rel}","templated":true}]}}