{"id":5633,"date":"2020-08-01T08:12:09","date_gmt":"2020-08-01T06:12:09","guid":{"rendered":"https:\/\/www.bionis.fr\/produit\/as30-bs35-cambiador-automatico-de-muestras-hptlc\/"},"modified":"2023-09-18T14:05:43","modified_gmt":"2023-09-18T12:05:43","slug":"aplicador-automatico-de-muestras-ccfar-fas305","status":"publish","type":"product","link":"https:\/\/www.bionis.fr\/es\/produit\/aplicador-automatico-de-muestras-ccfar-fas305\/","title":{"rendered":"Aplicador autom\u00e1tico de muestras CCFAR FAS305"},"content":{"rendered":"<p>El <strong>Aplicador autom\u00e1tico de muestras CCFAR FAS305<\/strong> (AS 30+BS 35) es el instrumento perfecto para la aplicaci\u00f3n precisa, repetible y fiable de muestras en placas de TLC.<\/p>\n<p>El automuestreador BS 35 se ha dise\u00f1ado especialmente para el acoplamiento con el aplicador HPTLC AS 30.<\/p>\n<p>Ambos instrumentos pueden funcionar juntos como una unidad independiente. Sin embargo, tambi\u00e9n es posible crear m\u00e9todos en el PC y transferirlos al<br \/>\nal AS 30. Esto resulta muy c\u00f3modo y los errores de manejo se reducen al m\u00ednimo.<\/p>\n<p>El automuestreador est\u00e1 completamente controlado por la AS 30. En particular, se recomienda el uso de un cargador de muestras cuando el flujo de muestras es elevado.<\/p>\n<p>Permite que el operario tenga tiempo para hacer otras cosas. La aplicaci\u00f3n y el lavado se realizan de forma aut\u00f3noma gracias al portamuestras, con capacidad para 80 muestras, y a una botella de almacenamiento con la soluci\u00f3n de lavado adecuada.<\/p>\n<p>Una gradilla de vidrio acr\u00edlico permite disponer los instrumentos en poco espacio, mientras que el automuestreador est\u00e1 situado debajo de la gradilla y del AS 30.<\/p>\n<p>Un capilar de PTFE alimenta la soluci\u00f3n de muestra al AS 30 por un camino muy corto.<\/p>\n<p>La versi\u00f3n est\u00e1ndar del muestreador HPTLC totalmente automatizado FAS305 incluye:<\/p>\n<p>1 x Aplicador HPTLC AS 30<br \/>\n1 x automuestreador BS 35<br \/>\n1 x cubierta para AS 30<br \/>\n1 x manguera de escape para la cubierta del AS 30<br \/>\n1 x rejilla acr\u00edlica<\/p>\n<p>El aplicador de <a href=\"https:\/\/www.bionis.fr\/produit\/applicateur-d-echantillons-hptlc\/\">muestras AS30 CCFAR<\/a> controla el automuestreador a trav\u00e9s de una caja de interfaz.<\/p>\n<p>El portamuestras del automuestreador puede contener hasta 80 viales de muestra de 1,5 ml cada uno.<\/p>\n<p>Se llena una botella con una soluci\u00f3n de lavado adecuada para enjuagar despu\u00e9s de cada muestra.<\/p>\n<p>El sistema se lava de forma totalmente autom\u00e1tica.<\/p>\n<p>La soluci\u00f3n de muestra se bombea a trav\u00e9s de un capilar hasta la punta dosificadora del <a href=\"https:\/\/www.bionis.fr\/produit\/applicateur-d-echantillons-hptlc\/\">AS30<\/a>.<\/p>\n<p>Este equipo perfecto trabaja solo, sin supervisi\u00f3n, dej\u00e1ndole tiempo para otras cosas.<\/p>\n<p><iframe title=\"Sample application - Introducing the HPTLC-Applicator AS 30 &amp; Autosampler BS 35\" width=\"840\" height=\"473\" src=\"https:\/\/www.youtube.com\/embed\/RzAfUj-qowE?start=2&#038;feature=oembed\" frameborder=\"0\" allow=\"accelerometer; autoplay; clipboard-write; encrypted-media; gyroscope; picture-in-picture; web-share\" allowfullscreen><\/iframe><\/p>\n","protected":false},"excerpt":{"rendered":"<p><span style=\"color: #000000;\"><a style=\"color: #000000;\" href=\"https:\/\/www.bionis.fr\/wp-content\/uploads\/2020\/08\/Ficha_tecnica_FAS305.pdf\">DESCARGAR DOCUMENTACI\u00d3N<\/a><\/span><\/p>\n<p><strong>Referencia: BS130.520<\/strong><\/p>\n<p>Sistema de dep\u00f3sito de muestras CCFAR <strong>totalmente autom\u00e1tico<\/strong><\/p>\n<p>Incluye:<\/p>\n<ul>\n<li><a href=\"https:\/\/www.bionis.fr\/produit\/applicateur-d-echantillons-hptlc\/\">Aplicador AS30<\/a><\/li>\n<li><a href=\"https:\/\/www.bionis.fr\/produit\/auto-sampler-bs35\/\">BS35 Muestreador autom\u00e1tico<\/a><\/li>\n<li>Estanter\u00eda transl\u00facida<\/li>\n<\/ul>\n<p>Huella reducida<\/p>\n<p>Software operativo <strong>ergon\u00f3mico<\/strong> incluido<\/p>\n<p>Puede funcionar como <strong>unidad independiente<\/strong><\/p>\n<p>Puede utilizarse junto con el <a href=\"https:\/\/www.bionis.fr\/produit\/scanner-densitometrique-cd60\/\">densit\u00f3metro CD60<\/a><\/p>\n","protected":false},"featured_media":3755,"template":"","meta":[],"product_brand":[],"product_cat":[206],"product_tag":[],"class_list":{"0":"post-5633","1":"product","2":"type-product","3":"status-publish","4":"has-post-thumbnail","6":"product_cat-deposito-de-muestras-hptlc","8":"first","9":"instock","10":"taxable","11":"shipping-taxable","12":"product-type-simple"},"yoast_head":"<!-- This site is optimized with the Yoast SEO plugin v27.4 - https:\/\/yoast.com\/product\/yoast-seo-wordpress\/ -->\n<title>Aplicador autom\u00e1tico de muestras CCFAR FAS305<\/title>\n<meta name=\"description\" content=\"El Aplicador autom\u00e1tico de muestras CCFAR FAS305 incluye: aplicador AS30, automuestreador BS35, y una gradilla transl\u00facida.\" \/>\n<meta name=\"robots\" content=\"index, follow, max-snippet:-1, max-image-preview:large, max-video-preview:-1\" \/>\n<link rel=\"canonical\" href=\"https:\/\/www.bionis.fr\/es\/produit\/aplicador-automatico-de-muestras-ccfar-fas305\/\" \/>\n<meta property=\"og:locale\" content=\"es_ES\" \/>\n<meta property=\"og:type\" content=\"article\" \/>\n<meta property=\"og:title\" content=\"Aplicador autom\u00e1tico de muestras CCFAR FAS305\" \/>\n<meta property=\"og:description\" content=\"El Aplicador autom\u00e1tico de muestras CCFAR FAS305 incluye: aplicador AS30, automuestreador BS35, y una gradilla transl\u00facida.\" \/>\n<meta property=\"og:url\" content=\"https:\/\/www.bionis.fr\/es\/produit\/aplicador-automatico-de-muestras-ccfar-fas305\/\" \/>\n<meta property=\"og:site_name\" content=\"Bionis\" \/>\n<meta property=\"article:modified_time\" content=\"2023-09-18T12:05:43+00:00\" \/>\n<meta property=\"og:image\" content=\"https:\/\/www.bionis.fr\/wp-content\/uploads\/2020\/08\/700x700_AS30_BS35.png\" \/>\n\t<meta property=\"og:image:width\" content=\"700\" \/>\n\t<meta property=\"og:image:height\" content=\"700\" \/>\n\t<meta property=\"og:image:type\" content=\"image\/png\" \/>\n<meta name=\"twitter:card\" content=\"summary_large_image\" \/>\n<meta name=\"twitter:label1\" content=\"Tiempo de lectura\" \/>\n\t<meta name=\"twitter:data1\" content=\"2 minutos\" \/>\n<script type=\"application\/ld+json\" class=\"yoast-schema-graph\">{\"@context\":\"https:\\\/\\\/schema.org\",\"@graph\":[{\"@type\":\"WebPage\",\"@id\":\"https:\\\/\\\/www.bionis.fr\\\/es\\\/produit\\\/aplicador-automatico-de-muestras-ccfar-fas305\\\/\",\"url\":\"https:\\\/\\\/www.bionis.fr\\\/es\\\/produit\\\/aplicador-automatico-de-muestras-ccfar-fas305\\\/\",\"name\":\"Aplicador autom\u00e1tico de muestras CCFAR FAS305\",\"isPartOf\":{\"@id\":\"https:\\\/\\\/www.bionis.fr\\\/#website\"},\"primaryImageOfPage\":{\"@id\":\"https:\\\/\\\/www.bionis.fr\\\/es\\\/produit\\\/aplicador-automatico-de-muestras-ccfar-fas305\\\/#primaryimage\"},\"image\":{\"@id\":\"https:\\\/\\\/www.bionis.fr\\\/es\\\/produit\\\/aplicador-automatico-de-muestras-ccfar-fas305\\\/#primaryimage\"},\"thumbnailUrl\":\"https:\\\/\\\/www.bionis.fr\\\/wp-content\\\/uploads\\\/2020\\\/08\\\/700x700_AS30_BS35.png\",\"datePublished\":\"2020-08-01T06:12:09+00:00\",\"dateModified\":\"2023-09-18T12:05:43+00:00\",\"description\":\"El Aplicador autom\u00e1tico de muestras CCFAR FAS305 incluye: aplicador AS30, automuestreador BS35, y una gradilla transl\u00facida.\",\"breadcrumb\":{\"@id\":\"https:\\\/\\\/www.bionis.fr\\\/es\\\/produit\\\/aplicador-automatico-de-muestras-ccfar-fas305\\\/#breadcrumb\"},\"inLanguage\":\"es\",\"potentialAction\":[{\"@type\":\"ReadAction\",\"target\":[\"https:\\\/\\\/www.bionis.fr\\\/es\\\/produit\\\/aplicador-automatico-de-muestras-ccfar-fas305\\\/\"]}]},{\"@type\":\"ImageObject\",\"inLanguage\":\"es\",\"@id\":\"https:\\\/\\\/www.bionis.fr\\\/es\\\/produit\\\/aplicador-automatico-de-muestras-ccfar-fas305\\\/#primaryimage\",\"url\":\"https:\\\/\\\/www.bionis.fr\\\/wp-content\\\/uploads\\\/2020\\\/08\\\/700x700_AS30_BS35.png\",\"contentUrl\":\"https:\\\/\\\/www.bionis.fr\\\/wp-content\\\/uploads\\\/2020\\\/08\\\/700x700_AS30_BS35.png\",\"width\":700,\"height\":700,\"caption\":\"Aplicador autom\u00e1tico de muestras CCFAR FAS305\"},{\"@type\":\"BreadcrumbList\",\"@id\":\"https:\\\/\\\/www.bionis.fr\\\/es\\\/produit\\\/aplicador-automatico-de-muestras-ccfar-fas305\\\/#breadcrumb\",\"itemListElement\":[{\"@type\":\"ListItem\",\"position\":1,\"name\":\"Accueil\",\"item\":\"https:\\\/\\\/www.bionis.fr\\\/es\\\/\"},{\"@type\":\"ListItem\",\"position\":2,\"name\":\"Productos\",\"item\":\"https:\\\/\\\/www.bionis.fr\\\/es\\\/tienda\\\/\"},{\"@type\":\"ListItem\",\"position\":3,\"name\":\"Aplicador autom\u00e1tico de muestras CCFAR FAS305\"}]},{\"@type\":\"WebSite\",\"@id\":\"https:\\\/\\\/www.bionis.fr\\\/#website\",\"url\":\"https:\\\/\\\/www.bionis.fr\\\/\",\"name\":\"Bionis\",\"description\":\"La soluci\u00f3n de cromatograf\u00eda en capa fina\",\"publisher\":{\"@id\":\"https:\\\/\\\/www.bionis.fr\\\/#organization\"},\"potentialAction\":[{\"@type\":\"SearchAction\",\"target\":{\"@type\":\"EntryPoint\",\"urlTemplate\":\"https:\\\/\\\/www.bionis.fr\\\/?s={search_term_string}\"},\"query-input\":{\"@type\":\"PropertyValueSpecification\",\"valueRequired\":true,\"valueName\":\"search_term_string\"}}],\"inLanguage\":\"es\"},{\"@type\":\"Organization\",\"@id\":\"https:\\\/\\\/www.bionis.fr\\\/#organization\",\"name\":\"Bionis\",\"url\":\"https:\\\/\\\/www.bionis.fr\\\/\",\"logo\":{\"@type\":\"ImageObject\",\"inLanguage\":\"es\",\"@id\":\"https:\\\/\\\/www.bionis.fr\\\/#\\\/schema\\\/logo\\\/image\\\/\",\"url\":\"https:\\\/\\\/www.bionis.fr\\\/wp-content\\\/uploads\\\/2020\\\/07\\\/bionis-logo.png\",\"contentUrl\":\"https:\\\/\\\/www.bionis.fr\\\/wp-content\\\/uploads\\\/2020\\\/07\\\/bionis-logo.png\",\"width\":500,\"height\":125,\"caption\":\"Bionis\"},\"image\":{\"@id\":\"https:\\\/\\\/www.bionis.fr\\\/#\\\/schema\\\/logo\\\/image\\\/\"},\"sameAs\":[\"https:\\\/\\\/www.linkedin.com\\\/company\\\/bionis-sas?originalSubdomain=fr\"]}]}<\/script>\n<!-- \/ Yoast SEO plugin. -->","yoast_head_json":{"title":"Aplicador autom\u00e1tico de muestras CCFAR FAS305","description":"El Aplicador autom\u00e1tico de muestras CCFAR FAS305 incluye: aplicador AS30, automuestreador BS35, y una gradilla transl\u00facida.","robots":{"index":"index","follow":"follow","max-snippet":"max-snippet:-1","max-image-preview":"max-image-preview:large","max-video-preview":"max-video-preview:-1"},"canonical":"https:\/\/www.bionis.fr\/es\/produit\/aplicador-automatico-de-muestras-ccfar-fas305\/","og_locale":"es_ES","og_type":"article","og_title":"Aplicador autom\u00e1tico de muestras CCFAR FAS305","og_description":"El Aplicador autom\u00e1tico de muestras CCFAR FAS305 incluye: aplicador AS30, automuestreador BS35, y una gradilla transl\u00facida.","og_url":"https:\/\/www.bionis.fr\/es\/produit\/aplicador-automatico-de-muestras-ccfar-fas305\/","og_site_name":"Bionis","article_modified_time":"2023-09-18T12:05:43+00:00","og_image":[{"width":700,"height":700,"url":"https:\/\/www.bionis.fr\/wp-content\/uploads\/2020\/08\/700x700_AS30_BS35.png","type":"image\/png"}],"twitter_card":"summary_large_image","twitter_misc":{"Tiempo de lectura":"2 minutos"},"schema":{"@context":"https:\/\/schema.org","@graph":[{"@type":"WebPage","@id":"https:\/\/www.bionis.fr\/es\/produit\/aplicador-automatico-de-muestras-ccfar-fas305\/","url":"https:\/\/www.bionis.fr\/es\/produit\/aplicador-automatico-de-muestras-ccfar-fas305\/","name":"Aplicador autom\u00e1tico de muestras CCFAR FAS305","isPartOf":{"@id":"https:\/\/www.bionis.fr\/#website"},"primaryImageOfPage":{"@id":"https:\/\/www.bionis.fr\/es\/produit\/aplicador-automatico-de-muestras-ccfar-fas305\/#primaryimage"},"image":{"@id":"https:\/\/www.bionis.fr\/es\/produit\/aplicador-automatico-de-muestras-ccfar-fas305\/#primaryimage"},"thumbnailUrl":"https:\/\/www.bionis.fr\/wp-content\/uploads\/2020\/08\/700x700_AS30_BS35.png","datePublished":"2020-08-01T06:12:09+00:00","dateModified":"2023-09-18T12:05:43+00:00","description":"El Aplicador autom\u00e1tico de muestras CCFAR FAS305 incluye: aplicador AS30, automuestreador BS35, y una gradilla transl\u00facida.","breadcrumb":{"@id":"https:\/\/www.bionis.fr\/es\/produit\/aplicador-automatico-de-muestras-ccfar-fas305\/#breadcrumb"},"inLanguage":"es","potentialAction":[{"@type":"ReadAction","target":["https:\/\/www.bionis.fr\/es\/produit\/aplicador-automatico-de-muestras-ccfar-fas305\/"]}]},{"@type":"ImageObject","inLanguage":"es","@id":"https:\/\/www.bionis.fr\/es\/produit\/aplicador-automatico-de-muestras-ccfar-fas305\/#primaryimage","url":"https:\/\/www.bionis.fr\/wp-content\/uploads\/2020\/08\/700x700_AS30_BS35.png","contentUrl":"https:\/\/www.bionis.fr\/wp-content\/uploads\/2020\/08\/700x700_AS30_BS35.png","width":700,"height":700,"caption":"Aplicador autom\u00e1tico de muestras CCFAR FAS305"},{"@type":"BreadcrumbList","@id":"https:\/\/www.bionis.fr\/es\/produit\/aplicador-automatico-de-muestras-ccfar-fas305\/#breadcrumb","itemListElement":[{"@type":"ListItem","position":1,"name":"Accueil","item":"https:\/\/www.bionis.fr\/es\/"},{"@type":"ListItem","position":2,"name":"Productos","item":"https:\/\/www.bionis.fr\/es\/tienda\/"},{"@type":"ListItem","position":3,"name":"Aplicador autom\u00e1tico de muestras CCFAR FAS305"}]},{"@type":"WebSite","@id":"https:\/\/www.bionis.fr\/#website","url":"https:\/\/www.bionis.fr\/","name":"Bionis","description":"La soluci\u00f3n de cromatograf\u00eda en capa fina","publisher":{"@id":"https:\/\/www.bionis.fr\/#organization"},"potentialAction":[{"@type":"SearchAction","target":{"@type":"EntryPoint","urlTemplate":"https:\/\/www.bionis.fr\/?s={search_term_string}"},"query-input":{"@type":"PropertyValueSpecification","valueRequired":true,"valueName":"search_term_string"}}],"inLanguage":"es"},{"@type":"Organization","@id":"https:\/\/www.bionis.fr\/#organization","name":"Bionis","url":"https:\/\/www.bionis.fr\/","logo":{"@type":"ImageObject","inLanguage":"es","@id":"https:\/\/www.bionis.fr\/#\/schema\/logo\/image\/","url":"https:\/\/www.bionis.fr\/wp-content\/uploads\/2020\/07\/bionis-logo.png","contentUrl":"https:\/\/www.bionis.fr\/wp-content\/uploads\/2020\/07\/bionis-logo.png","width":500,"height":125,"caption":"Bionis"},"image":{"@id":"https:\/\/www.bionis.fr\/#\/schema\/logo\/image\/"},"sameAs":["https:\/\/www.linkedin.com\/company\/bionis-sas?originalSubdomain=fr"]}]}},"_links":{"self":[{"href":"https:\/\/www.bionis.fr\/es\/wp-json\/wp\/v2\/product\/5633","targetHints":{"allow":["GET"]}}],"collection":[{"href":"https:\/\/www.bionis.fr\/es\/wp-json\/wp\/v2\/product"}],"about":[{"href":"https:\/\/www.bionis.fr\/es\/wp-json\/wp\/v2\/types\/product"}],"wp:featuredmedia":[{"embeddable":true,"href":"https:\/\/www.bionis.fr\/es\/wp-json\/wp\/v2\/media\/3755"}],"wp:attachment":[{"href":"https:\/\/www.bionis.fr\/es\/wp-json\/wp\/v2\/media?parent=5633"}],"wp:term":[{"taxonomy":"product_brand","embeddable":true,"href":"https:\/\/www.bionis.fr\/es\/wp-json\/wp\/v2\/product_brand?post=5633"},{"taxonomy":"product_cat","embeddable":true,"href":"https:\/\/www.bionis.fr\/es\/wp-json\/wp\/v2\/product_cat?post=5633"},{"taxonomy":"product_tag","embeddable":true,"href":"https:\/\/www.bionis.fr\/es\/wp-json\/wp\/v2\/product_tag?post=5633"}],"curies":[{"name":"wp","href":"https:\/\/api.w.org\/{rel}","templated":true}]}}